{"id":70031,"date":"2023-05-11T20:00:48","date_gmt":"2023-05-11T18:00:48","guid":{"rendered":"https:\/\/bien-etreiris.ch\/produktpraesentation\/aromatherapie\/raeuchern\/papier-darmenie\/"},"modified":"2023-05-11T21:13:55","modified_gmt":"2023-05-11T19:13:55","slug":"papier-darmenie","status":"publish","type":"page","link":"https:\/\/bien-etreiris.ch\/de\/produktpraesentation\/aromatherapie\/raeuchern\/papier-darmenie\/","title":{"rendered":"PAPIER D&#8217;ARMENIE"},"content":{"rendered":"<h2>Papier d'Arm\u00e9nie<\/h2>\n<div class=\"uagb-column__inner-wrap\">\n<h4 class=\"has-text-align-left wp-block-heading\">DANS L\u2019AIR DU TEMPS DEPUIS 1885<\/h4>\n<p class=\"has-text-align-left\">UNE HISTOIRE D\u2019AUDACE CR\u00c9ATIVE<br \/>\nET DE TRANSMISSION<\/p>\n<p>L\u2019histoire du Papier d\u2019Arm\u00e9nie\u00ae d\u00e9bute au XIXe si\u00e8cle. Lors d\u2019un voyage en Arm\u00e9nie, Auguste Ponsot remarque que les habitants parfument et d\u00e9sinfectent leurs maisons en faisant br\u00fbler du Benjoin. S\u00e9duit par cette pratique traditionnelle et \u00e9cologique, il d\u00e9cide d\u2019importer ce produit en France.<\/p>\n<p>&nbsp;<\/p>\n<h4>TRADITION<\/h4>\n<p><a href=\"https:\/\/bien-etreiris.ch\/de\/produktpraesentation\/aromatherapie\/raeuchern\/papier-darmenie\/papier-darmenie-tradition-2\/\" rel=\"attachment wp-att-70012\"><img loading=\"lazy\" decoding=\"async\" class=\"size-full wp-image-70012 alignleft\" src=\"https:\/\/bien-etreiris.ch\/wp-content\/uploads\/2023\/05\/Papier-darmenie-tradition.jpg\" alt=\"\" width=\"342\" height=\"230\" srcset=\"https:\/\/bien-etreiris.ch\/wp-content\/uploads\/2023\/05\/Papier-darmenie-tradition.jpg 342w, https:\/\/bien-etreiris.ch\/wp-content\/uploads\/2023\/05\/Papier-darmenie-tradition-300x202.jpg 300w\" sizes=\"auto, (max-width: 342px) 100vw, 342px\" \/><\/a><\/p>\n<\/div>\n<h4>Description<\/h4>\n<p>Le Papier d\u2019Arm\u00e9nie\u00ae est le plus ancien parfum d\u2019int\u00e9rieur. Des senteurs aux notes sucr\u00e9es, vanill\u00e9es et balsamiques rappelant les senteurs de l\u2019Orient. &nbsp; L\u2019odeur unique du petit papier provient de la r\u00e9sine de Benjoin dont les vertus d\u00e9sinfectantes ont \u00e9t\u00e9 d\u00e9couvertes par Auguste Ponsot en 1885, lors d\u2019un voyage en Arm\u00e9nie. Il d\u00e9cide d\u2019en importer ses bienfaits en France. Le benjoin servait autrefois, en usage externe, \u00e0 traiter l\u2019asthme, la toux et les rhumes, il est encore utilis\u00e9 actuellement comme cicatrisant. Il parfume votre int\u00e9rieur et enl\u00e8ve toute mauvaise odeur de cuisine, tabac, d\u2019animaux, etc.<\/p>\n<p><strong>12 feuilles = 36 bandes CHF 4.50<\/strong><\/p>\n<p>&nbsp;<\/p>\n<hr>\n<h4>ROSE<\/h4>\n<p>&nbsp;<a href=\"https:\/\/bien-etreiris.ch\/de\/produktpraesentation\/aromatherapie\/raeuchern\/papier-darmenie\/papier-darmenie-rose-2\/\" rel=\"attachment wp-att-70018\"><img loading=\"lazy\" decoding=\"async\" class=\"wp-image-70018 alignleft\" src=\"https:\/\/bien-etreiris.ch\/wp-content\/uploads\/2023\/05\/Papier-darmenie-rose.jpg\" alt=\"\" width=\"338\" height=\"245\"><\/a><\/p>\n<p>&nbsp;<\/p>\n<p>&nbsp;<\/p>\n<h4>Description<\/h4>\n<p>Cette fragrance est imagin\u00e9e en 2009 par Francis Kurkdjian, cr\u00e9ateur parfumeur de renom. Compos\u00e9e de roses d'Orient, elle offre un diptyque olfactif gourmand et fruit\u00e9. Conservant les notes orientales qu\u2019on lui conna\u00eet, ce carnet s\u00e9duit par son parfum aux senteurs exclusives.<\/p>\n<p><strong>12 feuilles = 36 bandes CHF 5.90<\/strong><\/p>\n<p>&nbsp;<\/p>\n<p>&nbsp;<\/p>\n<hr>\n<h4>ARMENIE<\/h4>\n<p>&nbsp;<\/p>\n<h4><a href=\"https:\/\/bien-etreiris.ch\/de\/produktpraesentation\/aromatherapie\/raeuchern\/papier-darmenie\/papier-darmenie-armenie-2\/\" rel=\"attachment wp-att-70021\"><img loading=\"lazy\" decoding=\"async\" class=\"size-full wp-image-70021 alignleft\" src=\"https:\/\/bien-etreiris.ch\/wp-content\/uploads\/2023\/05\/Papier-darmenie-armenie.jpg\" alt=\"\" width=\"321\" height=\"212\" srcset=\"https:\/\/bien-etreiris.ch\/wp-content\/uploads\/2023\/05\/Papier-darmenie-armenie.jpg 321w, https:\/\/bien-etreiris.ch\/wp-content\/uploads\/2023\/05\/Papier-darmenie-armenie-300x198.jpg 300w\" sizes=\"auto, (max-width: 321px) 100vw, 321px\" \/><\/a><\/h4>\n<h4>&nbsp;<\/h4>\n<h4>&nbsp;<\/h4>\n<h4>Description<\/h4>\n<p>Ce parfum na\u00eet en 2006 de la rencontre entre Mireille Schvartz et Francis Kurkdjian, cr\u00e9ateur-parfumeur de renom. Une \u00e9dition authentique con\u00e7ue pour un v\u00e9ritable voyage olfactif. La myrrhe, la sauge, la lavande et le bois de c\u00e8dre composent ces senteurs orientalistes. &nbsp;<\/p>\n<p><strong>12 feuilles = 36 bandes CHF 4.50<\/strong><\/p>\n<p>&nbsp;<\/p>\n<p>&nbsp;<\/p>\n<p>&nbsp;<\/p>\n<h4>Mode d'emploi<\/h4>\n<p>D\u00e9tacher une lamelle, la plier en forme d\u2019accord\u00e9on, la poser sur la tranche sur un support r\u00e9sistant \u00e0 la chaleur, l\u2019allumer puis souffler la flamme pour \u00e9viter de l\u2019enflammer car elle doit se consumer lentement.<\/p>\n<p>Le Papier d\u2019Arm\u00e9nie\u00ae peut \u00eatre utilis\u00e9 tout au long de l\u2019ann\u00e9e pour parfumer votre maison et cr\u00e9er une atmosph\u00e8re de bien-\u00eatre.<\/p>\n<p>&nbsp;<\/p>\n<h4>Conseils d\u2019utilisation<\/h4>\n<ul style=\"list-style-type: disc;\">\n<li>Br\u00fbler une lamelle \u00e0 la fois, 3 \u00e0 4 fois par semaine<\/li>\n<li>A\u00e9rer r\u00e9guli\u00e8rement l\u2019habitation<\/li>\n<li>Ne pas laisser br\u00fbler une lamelle sans surveillance<\/li>\n<li>Ne pas laisser le produit \u00e0 la port\u00e9e des enfants<\/li>\n<li>Eviter d\u2019inhaler directement la fum\u00e9e<\/li>\n<li>Ventiler la pi\u00e8ce apr\u00e8s utilisation<\/li>\n<\/ul>\n<p>&nbsp;<\/p>\n<p>&nbsp;<\/p>\n","protected":false},"excerpt":{"rendered":"<p>Papier d'Arm\u00e9nie DANS L\u2019AIR DU TEMPS DEPUIS 1885 UNE HISTOIRE D\u2019AUDACE CR\u00c9ATIVE ET DE TRANSMISSION L\u2019histoire du Papier d\u2019Arm\u00e9nie\u00ae d\u00e9bute au XIXe si\u00e8cle. Lors d\u2019un voyage en Arm\u00e9nie, Auguste Ponsot remarque que les habitants parfument et d\u00e9sinfectent leurs maisons en faisant br\u00fbler du Benjoin. S\u00e9duit par cette pratique traditionnelle et \u00e9cologique, il d\u00e9cide d\u2019importer ce produit en France. &nbsp; TRADITION&nbsp;<a href=\"https:\/\/bien-etreiris.ch\/de\/produktpraesentation\/aromatherapie\/raeuchern\/papier-darmenie\/\" class=\"read-more\">Weiter lesen<\/a><\/p>\n","protected":false},"author":1,"featured_media":70026,"parent":30686,"menu_order":3581,"comment_status":"closed","ping_status":"closed","template":"","meta":{"_acf_changed":false,"ngg_post_thumbnail":0,"footnotes":""},"class_list":["post-70031","page","type-page","status-publish","has-post-thumbnail","hentry"],"acf":[],"yoast_head":"<!-- This site is optimized with the Yoast SEO plugin v27.6 - https:\/\/yoast.com\/product\/yoast-seo-wordpress\/ -->\n<title>PAPIER D&#039;ARMENIE - WOHLBEFINDEN<\/title>\n<meta name=\"robots\" content=\"index, follow, max-snippet:-1, max-image-preview:large, max-video-preview:-1\" \/>\n<link rel=\"canonical\" href=\"https:\/\/bien-etreiris.ch\/de\/produktpraesentation\/aromatherapie\/raeuchern\/papier-darmenie\/\" \/>\n<meta property=\"og:locale\" content=\"de_DE\" \/>\n<meta property=\"og:type\" content=\"article\" \/>\n<meta property=\"og:title\" content=\"PAPIER D&#039;ARMENIE - WOHLBEFINDEN\" \/>\n<meta property=\"og:description\" content=\"Papier d&#039;Arm\u00e9nie DANS L\u2019AIR DU TEMPS DEPUIS 1885 UNE HISTOIRE D\u2019AUDACE CR\u00c9ATIVE ET DE TRANSMISSION L\u2019histoire du Papier d\u2019Arm\u00e9nie\u00ae d\u00e9bute au XIXe si\u00e8cle. Lors d\u2019un voyage en Arm\u00e9nie, Auguste Ponsot remarque que les habitants parfument et d\u00e9sinfectent leurs maisons en faisant br\u00fbler du Benjoin. S\u00e9duit par cette pratique traditionnelle et \u00e9cologique, il d\u00e9cide d\u2019importer ce produit en France. &nbsp; TRADITION&nbsp;Weiter lesen\" \/>\n<meta property=\"og:url\" content=\"https:\/\/bien-etreiris.ch\/de\/produktpraesentation\/aromatherapie\/raeuchern\/papier-darmenie\/\" \/>\n<meta property=\"og:site_name\" content=\"WOHLBEFINDEN\" \/>\n<meta property=\"article:publisher\" content=\"https:\/\/www.facebook.com\/bienetreiris\/\" \/>\n<meta property=\"article:modified_time\" content=\"2023-05-11T19:13:55+00:00\" \/>\n<meta property=\"og:image\" content=\"https:\/\/bien-etreiris.ch\/wp-content\/uploads\/2023\/05\/Papier-darmenie.jpg\" \/>\n\t<meta property=\"og:image:width\" content=\"500\" \/>\n\t<meta property=\"og:image:height\" content=\"333\" \/>\n\t<meta property=\"og:image:type\" content=\"image\/jpeg\" \/>\n<meta name=\"twitter:label1\" content=\"Gesch\u00e4tzte Lesezeit\" \/>\n\t<meta name=\"twitter:data1\" content=\"2\u00a0Minuten\" \/>\n<script type=\"application\/ld+json\" class=\"yoast-schema-graph\">{\"@context\":\"https:\\\/\\\/schema.org\",\"@graph\":[{\"@type\":\"WebPage\",\"@id\":\"https:\\\/\\\/bien-etreiris.ch\\\/de\\\/produktpraesentation\\\/aromatherapie\\\/raeuchern\\\/papier-darmenie\\\/\",\"url\":\"https:\\\/\\\/bien-etreiris.ch\\\/de\\\/produktpraesentation\\\/aromatherapie\\\/raeuchern\\\/papier-darmenie\\\/\",\"name\":\"PAPIER D'ARMENIE - WOHLBEFINDEN\",\"isPartOf\":{\"@id\":\"https:\\\/\\\/bien-etreiris.ch\\\/de\\\/#website\"},\"primaryImageOfPage\":{\"@id\":\"https:\\\/\\\/bien-etreiris.ch\\\/de\\\/produktpraesentation\\\/aromatherapie\\\/raeuchern\\\/papier-darmenie\\\/#primaryimage\"},\"image\":{\"@id\":\"https:\\\/\\\/bien-etreiris.ch\\\/de\\\/produktpraesentation\\\/aromatherapie\\\/raeuchern\\\/papier-darmenie\\\/#primaryimage\"},\"thumbnailUrl\":\"https:\\\/\\\/bien-etreiris.ch\\\/wp-content\\\/uploads\\\/2023\\\/05\\\/Papier-darmenie.jpg\",\"datePublished\":\"2023-05-11T18:00:48+00:00\",\"dateModified\":\"2023-05-11T19:13:55+00:00\",\"breadcrumb\":{\"@id\":\"https:\\\/\\\/bien-etreiris.ch\\\/de\\\/produktpraesentation\\\/aromatherapie\\\/raeuchern\\\/papier-darmenie\\\/#breadcrumb\"},\"inLanguage\":\"de\",\"potentialAction\":[{\"@type\":\"ReadAction\",\"target\":[\"https:\\\/\\\/bien-etreiris.ch\\\/de\\\/produktpraesentation\\\/aromatherapie\\\/raeuchern\\\/papier-darmenie\\\/\"]}]},{\"@type\":\"ImageObject\",\"inLanguage\":\"de\",\"@id\":\"https:\\\/\\\/bien-etreiris.ch\\\/de\\\/produktpraesentation\\\/aromatherapie\\\/raeuchern\\\/papier-darmenie\\\/#primaryimage\",\"url\":\"https:\\\/\\\/bien-etreiris.ch\\\/wp-content\\\/uploads\\\/2023\\\/05\\\/Papier-darmenie.jpg\",\"contentUrl\":\"https:\\\/\\\/bien-etreiris.ch\\\/wp-content\\\/uploads\\\/2023\\\/05\\\/Papier-darmenie.jpg\",\"width\":500,\"height\":333},{\"@type\":\"BreadcrumbList\",\"@id\":\"https:\\\/\\\/bien-etreiris.ch\\\/de\\\/produktpraesentation\\\/aromatherapie\\\/raeuchern\\\/papier-darmenie\\\/#breadcrumb\",\"itemListElement\":[{\"@type\":\"ListItem\",\"position\":1,\"name\":\"Home\",\"item\":\"https:\\\/\\\/bien-etreiris.ch\\\/de\\\/\"},{\"@type\":\"ListItem\",\"position\":2,\"name\":\"PRODUKTPR\u00c4SENTATION\",\"item\":\"https:\\\/\\\/bien-etreiris.ch\\\/de\\\/produktpraesentation\\\/\"},{\"@type\":\"ListItem\",\"position\":3,\"name\":\"AROMATHERAPIE\",\"item\":\"https:\\\/\\\/bien-etreiris.ch\\\/de\\\/produktpraesentation\\\/aromatherapie\\\/\"},{\"@type\":\"ListItem\",\"position\":4,\"name\":\"R\u00e4UCHERN\",\"item\":\"https:\\\/\\\/bien-etreiris.ch\\\/de\\\/produktpraesentation\\\/aromatherapie\\\/raeuchern\\\/\"},{\"@type\":\"ListItem\",\"position\":5,\"name\":\"PAPIER D&#8217;ARMENIE\"}]},{\"@type\":\"WebSite\",\"@id\":\"https:\\\/\\\/bien-etreiris.ch\\\/de\\\/#website\",\"url\":\"https:\\\/\\\/bien-etreiris.ch\\\/de\\\/\",\"name\":\"Bien-\u00eatre Iris\",\"description\":\"IHRE Gesundheit ist uns wichtig\",\"potentialAction\":[{\"@type\":\"SearchAction\",\"target\":{\"@type\":\"EntryPoint\",\"urlTemplate\":\"https:\\\/\\\/bien-etreiris.ch\\\/de\\\/?s={search_term_string}\"},\"query-input\":{\"@type\":\"PropertyValueSpecification\",\"valueRequired\":true,\"valueName\":\"search_term_string\"}}],\"inLanguage\":\"de\"}]}<\/script>\n<!-- \/ Yoast SEO plugin. -->","yoast_head_json":{"title":"PAPIER D'ARMENIE - WOHLBEFINDEN","robots":{"index":"index","follow":"follow","max-snippet":"max-snippet:-1","max-image-preview":"max-image-preview:large","max-video-preview":"max-video-preview:-1"},"canonical":"https:\/\/bien-etreiris.ch\/de\/produktpraesentation\/aromatherapie\/raeuchern\/papier-darmenie\/","og_locale":"de_DE","og_type":"article","og_title":"PAPIER D'ARMENIE - WOHLBEFINDEN","og_description":"Papier d'Arm\u00e9nie DANS L\u2019AIR DU TEMPS DEPUIS 1885 UNE HISTOIRE D\u2019AUDACE CR\u00c9ATIVE ET DE TRANSMISSION L\u2019histoire du Papier d\u2019Arm\u00e9nie\u00ae d\u00e9bute au XIXe si\u00e8cle. Lors d\u2019un voyage en Arm\u00e9nie, Auguste Ponsot remarque que les habitants parfument et d\u00e9sinfectent leurs maisons en faisant br\u00fbler du Benjoin. S\u00e9duit par cette pratique traditionnelle et \u00e9cologique, il d\u00e9cide d\u2019importer ce produit en France. &nbsp; TRADITION&nbsp;Weiter lesen","og_url":"https:\/\/bien-etreiris.ch\/de\/produktpraesentation\/aromatherapie\/raeuchern\/papier-darmenie\/","og_site_name":"WOHLBEFINDEN","article_publisher":"https:\/\/www.facebook.com\/bienetreiris\/","article_modified_time":"2023-05-11T19:13:55+00:00","og_image":[{"width":500,"height":333,"url":"https:\/\/bien-etreiris.ch\/wp-content\/uploads\/2023\/05\/Papier-darmenie.jpg","type":"image\/jpeg"}],"twitter_misc":{"Gesch\u00e4tzte Lesezeit":"2\u00a0Minuten"},"schema":{"@context":"https:\/\/schema.org","@graph":[{"@type":"WebPage","@id":"https:\/\/bien-etreiris.ch\/de\/produktpraesentation\/aromatherapie\/raeuchern\/papier-darmenie\/","url":"https:\/\/bien-etreiris.ch\/de\/produktpraesentation\/aromatherapie\/raeuchern\/papier-darmenie\/","name":"PAPIER D'ARMENIE - WOHLBEFINDEN","isPartOf":{"@id":"https:\/\/bien-etreiris.ch\/de\/#website"},"primaryImageOfPage":{"@id":"https:\/\/bien-etreiris.ch\/de\/produktpraesentation\/aromatherapie\/raeuchern\/papier-darmenie\/#primaryimage"},"image":{"@id":"https:\/\/bien-etreiris.ch\/de\/produktpraesentation\/aromatherapie\/raeuchern\/papier-darmenie\/#primaryimage"},"thumbnailUrl":"https:\/\/bien-etreiris.ch\/wp-content\/uploads\/2023\/05\/Papier-darmenie.jpg","datePublished":"2023-05-11T18:00:48+00:00","dateModified":"2023-05-11T19:13:55+00:00","breadcrumb":{"@id":"https:\/\/bien-etreiris.ch\/de\/produktpraesentation\/aromatherapie\/raeuchern\/papier-darmenie\/#breadcrumb"},"inLanguage":"de","potentialAction":[{"@type":"ReadAction","target":["https:\/\/bien-etreiris.ch\/de\/produktpraesentation\/aromatherapie\/raeuchern\/papier-darmenie\/"]}]},{"@type":"ImageObject","inLanguage":"de","@id":"https:\/\/bien-etreiris.ch\/de\/produktpraesentation\/aromatherapie\/raeuchern\/papier-darmenie\/#primaryimage","url":"https:\/\/bien-etreiris.ch\/wp-content\/uploads\/2023\/05\/Papier-darmenie.jpg","contentUrl":"https:\/\/bien-etreiris.ch\/wp-content\/uploads\/2023\/05\/Papier-darmenie.jpg","width":500,"height":333},{"@type":"BreadcrumbList","@id":"https:\/\/bien-etreiris.ch\/de\/produktpraesentation\/aromatherapie\/raeuchern\/papier-darmenie\/#breadcrumb","itemListElement":[{"@type":"ListItem","position":1,"name":"Home","item":"https:\/\/bien-etreiris.ch\/de\/"},{"@type":"ListItem","position":2,"name":"PRODUKTPR\u00c4SENTATION","item":"https:\/\/bien-etreiris.ch\/de\/produktpraesentation\/"},{"@type":"ListItem","position":3,"name":"AROMATHERAPIE","item":"https:\/\/bien-etreiris.ch\/de\/produktpraesentation\/aromatherapie\/"},{"@type":"ListItem","position":4,"name":"R\u00e4UCHERN","item":"https:\/\/bien-etreiris.ch\/de\/produktpraesentation\/aromatherapie\/raeuchern\/"},{"@type":"ListItem","position":5,"name":"PAPIER D&#8217;ARMENIE"}]},{"@type":"WebSite","@id":"https:\/\/bien-etreiris.ch\/de\/#website","url":"https:\/\/bien-etreiris.ch\/de\/","name":"Bien-\u00eatre Iris","description":"IHRE Gesundheit ist uns wichtig","potentialAction":[{"@type":"SearchAction","target":{"@type":"EntryPoint","urlTemplate":"https:\/\/bien-etreiris.ch\/de\/?s={search_term_string}"},"query-input":{"@type":"PropertyValueSpecification","valueRequired":true,"valueName":"search_term_string"}}],"inLanguage":"de"}]}},"_links":{"self":[{"href":"https:\/\/bien-etreiris.ch\/de\/wp-json\/wp\/v2\/pages\/70031","targetHints":{"allow":["GET"]}}],"collection":[{"href":"https:\/\/bien-etreiris.ch\/de\/wp-json\/wp\/v2\/pages"}],"about":[{"href":"https:\/\/bien-etreiris.ch\/de\/wp-json\/wp\/v2\/types\/page"}],"author":[{"embeddable":true,"href":"https:\/\/bien-etreiris.ch\/de\/wp-json\/wp\/v2\/users\/1"}],"replies":[{"embeddable":true,"href":"https:\/\/bien-etreiris.ch\/de\/wp-json\/wp\/v2\/comments?post=70031"}],"version-history":[{"count":1,"href":"https:\/\/bien-etreiris.ch\/de\/wp-json\/wp\/v2\/pages\/70031\/revisions"}],"predecessor-version":[{"id":70034,"href":"https:\/\/bien-etreiris.ch\/de\/wp-json\/wp\/v2\/pages\/70031\/revisions\/70034"}],"up":[{"embeddable":true,"href":"https:\/\/bien-etreiris.ch\/de\/wp-json\/wp\/v2\/pages\/30686"}],"wp:featuredmedia":[{"embeddable":true,"href":"https:\/\/bien-etreiris.ch\/de\/wp-json\/wp\/v2\/media\/70026"}],"wp:attachment":[{"href":"https:\/\/bien-etreiris.ch\/de\/wp-json\/wp\/v2\/media?parent=70031"}],"curies":[{"name":"wp","href":"https:\/\/api.w.org\/{rel}","templated":true}]}}