{"id":69926,"date":"2023-05-10T08:30:09","date_gmt":"2023-05-10T06:30:09","guid":{"rendered":"https:\/\/bien-etreiris.ch\/produktpraesentation\/aromatherapie\/aetherische-oele\/sauge-sclaree\/"},"modified":"2023-11-21T07:07:11","modified_gmt":"2023-11-21T05:07:11","slug":"sauge-sclaree","status":"publish","type":"page","link":"https:\/\/bien-etreiris.ch\/de\/produktpraesentation\/aromatherapie\/aetherische-oele\/salbei-arten\/sauge-sclaree\/","title":{"rendered":"SAUGE SCLAREE"},"content":{"rendered":"<h2>Sauge sclar\u00e9e BIO<\/h2>\n<p>Alors que la sauge est puissante, \u00e9pic\u00e9e et purifiante, la sauge sclar\u00e9e est douce et apaisante avec un parfum floral sucr\u00e9.<\/p>\n<p>Alors que leurs noms sugg\u00e8rent que les plantes et les huiles sont \u00e9galement similaires, la sauge et la sauge sclar\u00e9e sont diff\u00e9rentes.<\/p>\n<p>&nbsp;<\/p>\n<h4><a href=\"https:\/\/bien-etreiris.ch\/presentations-des-produits\/lire-et-decouvrir\/aromatherapie\/huiles-essentielles-livre\/sauge-sclaree\/sauge-sclaree\/\" rel=\"attachment wp-att-69916\"><img loading=\"lazy\" decoding=\"async\" class=\"wp-image-69916 alignleft\" src=\"https:\/\/bien-etreiris.ch\/wp-content\/uploads\/2023\/05\/Sauge-sclaree.jpg\" alt=\"\" width=\"240\" height=\"540\" srcset=\"https:\/\/bien-etreiris.ch\/wp-content\/uploads\/2023\/05\/Sauge-sclaree.jpg 307w, https:\/\/bien-etreiris.ch\/wp-content\/uploads\/2023\/05\/Sauge-sclaree-133x300.jpg 133w\" sizes=\"auto, (max-width: 240px) 100vw, 240px\" \/><\/a><\/h4>\n<h4>&nbsp;<\/h4>\n<h4>&nbsp;<\/h4>\n<h4>&nbsp;<\/h4>\n<h4>&nbsp;<\/h4>\n<h4>&nbsp;<\/h4>\n<h4>&nbsp;<\/h4>\n<h4>&nbsp;<\/h4>\n<h4>Damascena<\/h4>\n<p>Huile essentielle 100% naturelle<\/p>\n<p>Lat. Nom : Salvia sclarea<\/p>\n<p>Garantie de qualit\u00e9 biologique sup\u00e9rieure CH-BIO 00<\/p>\n<p>Contenue : 5 ml<strong> CHF 11.00<\/strong><\/p>\n<p>&nbsp;<\/p>\n<p>&nbsp;<\/p>\n<p>&nbsp;<\/p>\n<p>&nbsp;<\/p>\n<p>&nbsp;<\/p>\n<table style=\"width: 56.9045%; height: 656px;\">\n<tbody>\n<tr style=\"height: 23px;\">\n<td style=\"width: 12.4465%; height: 23px;\"><strong>Nom botanique :<\/strong><\/td>\n<td style=\"width: 38.5918%; height: 23px;\">Salvia sclarea<\/td>\n<\/tr>\n<tr style=\"height: 46px;\">\n<td style=\"width: 12.4465%; height: 46px;\"><strong>Famille botanique :<\/strong><\/td>\n<td style=\"width: 38.5918%; height: 46px;\">Lamiac\u00e9es<\/td>\n<\/tr>\n<tr style=\"height: 46px;\">\n<td style=\"width: 12.4465%; height: 46px;\"><strong>M\u00e9thode d'extraction :<\/strong><\/td>\n<td style=\"width: 38.5918%; height: 46px;\">distillation \u00e0 la vapeur d'eau<\/td>\n<\/tr>\n<tr style=\"height: 46px;\">\n<td style=\"width: 12.4465%; height: 46px;\"><strong>Partie de la plante utilis\u00e9e :<\/strong><\/td>\n<td style=\"width: 38.5918%; height: 46px;\">distillation \u00e0 la vapeur d'eau<\/td>\n<\/tr>\n<tr style=\"height: 46px;\">\n<td style=\"width: 12.4465%; height: 46px;\"><strong>Quantit\u00e9 v\u00e9g\u00e9tale :<\/strong><\/td>\n<td style=\"width: 38.5918%; height: 46px;\">pour obtenir 1 kg d'huile, il faut environ 800 kg d'herbes (selon la r\u00e9colte).<\/td>\n<\/tr>\n<tr style=\"height: 46px;\">\n<td style=\"width: 12.4465%; height: 46px;\"><strong>Origine g\u00e9ographique :<\/strong>&nbsp;<\/td>\n<td style=\"width: 38.5918%; height: 46px;\">Italie (peut varier en fonction de la saison et de la r\u00e9colte)<\/td>\n<\/tr>\n<tr style=\"height: 23px;\">\n<td style=\"width: 12.4465%; height: 23px;\"><strong>Culture qualit\u00e9&nbsp;:<\/strong><\/td>\n<td style=\"width: 38.5918%; height: 23px;\">biologique<\/td>\n<\/tr>\n<tr style=\"height: 23px;\">\n<td style=\"width: 12.4465%; height: 23px;\"><strong>Effet parfum\u00e9 :<\/strong><\/td>\n<td style=\"width: 38.5918%; height: 23px;\">relaxant<\/td>\n<\/tr>\n<tr style=\"height: 23px;\">\n<td style=\"width: 12.4465%; height: 23px;\"><strong>Note parfum\u00e9e :<\/strong><\/td>\n<td style=\"width: 38.5918%; height: 23px;\">note de t\u00eate\/c\u0153ur<\/td>\n<\/tr>\n<tr style=\"height: 23px;\">\n<td style=\"width: 12.4465%; height: 23px;\"><strong>Profil de parfum :<\/strong><\/td>\n<td style=\"width: 38.5918%; height: 23px;\">\u00e9pic\u00e9, chaud, doux<\/td>\n<\/tr>\n<tr style=\"height: 46px;\">\n<td style=\"width: 12.4465%; height: 46px;\"><strong>Th\u00e8me du parfum :<\/strong><\/td>\n<td style=\"width: 38.5918%; height: 46px;\">relaxant, \u00e9quilibrant, aphrodisiaque, \u00e9gayant<\/td>\n<\/tr>\n<tr style=\"height: 23px;\">\n<td style=\"width: 12.4465%; height: 23px;\"><strong>\u00c9nerg\u00e9tique :<\/strong><\/td>\n<td style=\"width: 38.5918%; height: 23px;\">bleu \/ 5e chakra<\/td>\n<\/tr>\n<tr style=\"height: 46px;\">\n<td style=\"width: 12.4465%; vertical-align: top; height: 10px;\"><strong>Psycho-\u00e9motionnel :<\/strong>&nbsp;<\/td>\n<td style=\"width: 38.5918%; height: 10px;\">\n<ul style=\"list-style-type: disc;\">\n<li>Sur le plan \u00e9motionnel et psychique, elle d\u00e9noue les tensions et les blocages<\/li>\n<\/ul>\n<\/td>\n<\/tr>\n<tr style=\"height: 526px;\">\n<td style=\"width: 12.4465%; vertical-align: top; height: 10px;\"><strong>Description :<\/strong><\/td>\n<td style=\"width: 38.5918%; height: 10px;\">\n<ul style=\"list-style-type: disc;\">\n<li>La sauge sclar\u00e9e est originaire du bassin m\u00e9diterran\u00e9en et d'Angleterre. Elle \u00e9tait appr\u00e9ci\u00e9e au Moyen-\u00c2ge pour ses vertus m\u00e9dicinales, mais aussi pour son effet antid\u00e9presseur.<\/li>\n<li>La sauge sclar\u00e9e BIO a des effets digestifs, relaxants et anti-inflammatoires.<\/li>\n<li>En raison de son effet similaire \u00e0 celui des \u0153strog\u00e8nes, elle est utilis\u00e9e dans la m\u00e9decine f\u00e9minine.<\/li>\n<li>Il soutient les processus de transformation et ouvre le regard \u00e0 la nouveaut\u00e9.<\/li>\n<\/ul>\n<\/td>\n<\/tr>\n<tr style=\"height: 296px;\">\n<td style=\"width: 12.4465%; vertical-align: top; height: 10px;\"><strong>Application :<\/strong><\/td>\n<td style=\"height: 10px; width: 38.5918%;\">\n<ul style=\"list-style-type: disc;\">\n<li>La sauge sclar\u00e9e se m\u00e9lange bien avec le pamplemousse, le citron, la coriandre, le jasmin, le champaca, le g\u00e9ranium rosat, la camomille et le palmarosa.<\/li>\n<li>Pour une compresse abdominale relaxante, m\u00e9langez-la \u00e0 de l'huile de s\u00e9same, de la marjolaine et de la mandarine.<\/li>\n<\/ul>\n<\/td>\n<\/tr>\n<tr style=\"height: 135px;\">\n<td style=\"width: 12.4465%; vertical-align: top; height: 10px;\"><strong>Principes actifs :<\/strong><\/td>\n<td style=\"height: 10px; width: 38.5918%;\">\n<ul>\n<li>Linalyl ac\u00e9tate (de 56&nbsp;\u00e0 78 %)<\/li>\n<li>Linalol (de 6,5&nbsp;\u00e0 24 %)<\/li>\n<li>Germacr\u00e8ne D (\u2264 14 %)&nbsp;&nbsp;<\/li>\n<\/ul>\n<\/td>\n<\/tr>\n<tr style=\"height: 69px;\">\n<td style=\"width: 12.4465%; vertical-align: top; height: 69px;\"><strong>Pr\u00e9cautions&nbsp;:<\/strong><\/td>\n<td style=\"height: 69px; width: 38.5918%;\">\n<ul style=\"list-style-type: disc;\">\n<li><strong>Prudence si mastose<\/strong><\/li>\n<\/ul>\n<\/td>\n<\/tr>\n<tr style=\"height: 133px;\">\n<td style=\"width: 51.0383%; vertical-align: top; height: 133px;\" colspan=\"2\"><strong>Des sp\u00e9cialistes form\u00e9s se feront un plaisir de vous donner de plus amples informations sur les possibilit\u00e9s d'utilisation m\u00e9dicale et cosm\u00e9tique.<\/strong><\/td>\n<\/tr>\n<\/tbody>\n<\/table>\n<p>&nbsp;<\/p>\n<p>&nbsp;<\/p>\n<h2><a href=\"https:\/\/bien-etreiris.ch\/de\/ratgeber-klarheit-beratung\/natuerliche-heilmittel\/pflanzenheilkunde\/aetherische-oele\/anwendungsleitfaden-fuer-aetherische-oele\/sauge-sclaree\/\" target=\"_blank\" rel=\"noopener\"><span style=\"color: #99cc00;\"><em>Avec ce lien, vous pouvez en savoir plus sur cette huile essentielle<\/em><\/span><\/a><\/h2>\n","protected":false},"excerpt":{"rendered":"<p>Sauge sclar\u00e9e BIO Alors que la sauge est puissante, \u00e9pic\u00e9e et purifiante, la sauge sclar\u00e9e est douce et apaisante avec un parfum floral sucr\u00e9. Alors que leurs noms sugg\u00e8rent que les plantes et les huiles sont \u00e9galement similaires, la sauge et la sauge sclar\u00e9e sont diff\u00e9rentes. &nbsp; &nbsp; &nbsp; &nbsp; &nbsp; &nbsp; &nbsp; &nbsp; Damascena Huile essentielle 100% naturelle Lat.&nbsp;<a href=\"https:\/\/bien-etreiris.ch\/de\/produktpraesentation\/aromatherapie\/aetherische-oele\/salbei-arten\/sauge-sclaree\/\" class=\"read-more\">Weiter lesen<\/a><\/p>\n","protected":false},"author":1,"featured_media":69921,"parent":80354,"menu_order":3585,"comment_status":"closed","ping_status":"closed","template":"page-with-child.php","meta":{"_acf_changed":false,"ngg_post_thumbnail":0,"footnotes":""},"class_list":["post-69926","page","type-page","status-publish","has-post-thumbnail","hentry"],"acf":[],"yoast_head":"<!-- This site is optimized with the Yoast SEO plugin v27.6 - https:\/\/yoast.com\/product\/yoast-seo-wordpress\/ -->\n<title>SAUGE SCLAREE - WOHLBEFINDEN<\/title>\n<meta name=\"robots\" content=\"index, follow, max-snippet:-1, max-image-preview:large, max-video-preview:-1\" \/>\n<link rel=\"canonical\" href=\"https:\/\/bien-etreiris.ch\/de\/produktpraesentation\/aromatherapie\/aetherische-oele\/salbei-arten\/sauge-sclaree\/\" \/>\n<meta property=\"og:locale\" content=\"de_DE\" \/>\n<meta property=\"og:type\" content=\"article\" \/>\n<meta property=\"og:title\" content=\"SAUGE SCLAREE - WOHLBEFINDEN\" \/>\n<meta property=\"og:description\" content=\"Sauge sclar\u00e9e BIO Alors que la sauge est puissante, \u00e9pic\u00e9e et purifiante, la sauge sclar\u00e9e est douce et apaisante avec un parfum floral sucr\u00e9. Alors que leurs noms sugg\u00e8rent que les plantes et les huiles sont \u00e9galement similaires, la sauge et la sauge sclar\u00e9e sont diff\u00e9rentes. &nbsp; &nbsp; &nbsp; &nbsp; &nbsp; &nbsp; &nbsp; &nbsp; Damascena Huile essentielle 100% naturelle Lat.&nbsp;Weiter lesen\" \/>\n<meta property=\"og:url\" content=\"https:\/\/bien-etreiris.ch\/de\/produktpraesentation\/aromatherapie\/aetherische-oele\/salbei-arten\/sauge-sclaree\/\" \/>\n<meta property=\"og:site_name\" content=\"WOHLBEFINDEN\" \/>\n<meta property=\"article:publisher\" content=\"https:\/\/www.facebook.com\/bienetreiris\/\" \/>\n<meta property=\"article:modified_time\" content=\"2023-11-21T05:07:11+00:00\" \/>\n<meta property=\"og:image\" content=\"https:\/\/bien-etreiris.ch\/wp-content\/uploads\/2023\/05\/acceuil-sauge-sclaree.png\" \/>\n\t<meta property=\"og:image:width\" content=\"500\" \/>\n\t<meta property=\"og:image:height\" content=\"303\" \/>\n\t<meta property=\"og:image:type\" content=\"image\/png\" \/>\n<meta name=\"twitter:label1\" content=\"Gesch\u00e4tzte Lesezeit\" \/>\n\t<meta name=\"twitter:data1\" content=\"2\u00a0Minuten\" \/>\n<script type=\"application\/ld+json\" class=\"yoast-schema-graph\">{\"@context\":\"https:\\\/\\\/schema.org\",\"@graph\":[{\"@type\":\"WebPage\",\"@id\":\"https:\\\/\\\/bien-etreiris.ch\\\/de\\\/produktpraesentation\\\/aromatherapie\\\/aetherische-oele\\\/salbei-arten\\\/sauge-sclaree\\\/\",\"url\":\"https:\\\/\\\/bien-etreiris.ch\\\/de\\\/produktpraesentation\\\/aromatherapie\\\/aetherische-oele\\\/salbei-arten\\\/sauge-sclaree\\\/\",\"name\":\"SAUGE SCLAREE - WOHLBEFINDEN\",\"isPartOf\":{\"@id\":\"https:\\\/\\\/bien-etreiris.ch\\\/de\\\/#website\"},\"primaryImageOfPage\":{\"@id\":\"https:\\\/\\\/bien-etreiris.ch\\\/de\\\/produktpraesentation\\\/aromatherapie\\\/aetherische-oele\\\/salbei-arten\\\/sauge-sclaree\\\/#primaryimage\"},\"image\":{\"@id\":\"https:\\\/\\\/bien-etreiris.ch\\\/de\\\/produktpraesentation\\\/aromatherapie\\\/aetherische-oele\\\/salbei-arten\\\/sauge-sclaree\\\/#primaryimage\"},\"thumbnailUrl\":\"https:\\\/\\\/bien-etreiris.ch\\\/wp-content\\\/uploads\\\/2023\\\/05\\\/acceuil-sauge-sclaree.png\",\"datePublished\":\"2023-05-10T06:30:09+00:00\",\"dateModified\":\"2023-11-21T05:07:11+00:00\",\"breadcrumb\":{\"@id\":\"https:\\\/\\\/bien-etreiris.ch\\\/de\\\/produktpraesentation\\\/aromatherapie\\\/aetherische-oele\\\/salbei-arten\\\/sauge-sclaree\\\/#breadcrumb\"},\"inLanguage\":\"de\",\"potentialAction\":[{\"@type\":\"ReadAction\",\"target\":[\"https:\\\/\\\/bien-etreiris.ch\\\/de\\\/produktpraesentation\\\/aromatherapie\\\/aetherische-oele\\\/salbei-arten\\\/sauge-sclaree\\\/\"]}]},{\"@type\":\"ImageObject\",\"inLanguage\":\"de\",\"@id\":\"https:\\\/\\\/bien-etreiris.ch\\\/de\\\/produktpraesentation\\\/aromatherapie\\\/aetherische-oele\\\/salbei-arten\\\/sauge-sclaree\\\/#primaryimage\",\"url\":\"https:\\\/\\\/bien-etreiris.ch\\\/wp-content\\\/uploads\\\/2023\\\/05\\\/acceuil-sauge-sclaree.png\",\"contentUrl\":\"https:\\\/\\\/bien-etreiris.ch\\\/wp-content\\\/uploads\\\/2023\\\/05\\\/acceuil-sauge-sclaree.png\",\"width\":500,\"height\":303},{\"@type\":\"BreadcrumbList\",\"@id\":\"https:\\\/\\\/bien-etreiris.ch\\\/de\\\/produktpraesentation\\\/aromatherapie\\\/aetherische-oele\\\/salbei-arten\\\/sauge-sclaree\\\/#breadcrumb\",\"itemListElement\":[{\"@type\":\"ListItem\",\"position\":1,\"name\":\"Home\",\"item\":\"https:\\\/\\\/bien-etreiris.ch\\\/de\\\/\"},{\"@type\":\"ListItem\",\"position\":2,\"name\":\"PRODUKTPR\u00c4SENTATION\",\"item\":\"https:\\\/\\\/bien-etreiris.ch\\\/de\\\/produktpraesentation\\\/\"},{\"@type\":\"ListItem\",\"position\":3,\"name\":\"AROMATHERAPIE\",\"item\":\"https:\\\/\\\/bien-etreiris.ch\\\/de\\\/produktpraesentation\\\/aromatherapie\\\/\"},{\"@type\":\"ListItem\",\"position\":4,\"name\":\"\u00c4THERISCHE \u00d6LE\",\"item\":\"https:\\\/\\\/bien-etreiris.ch\\\/de\\\/produktpraesentation\\\/aromatherapie\\\/aetherische-oele\\\/\"},{\"@type\":\"ListItem\",\"position\":5,\"name\":\"SALBEI-ARTEN\",\"item\":\"https:\\\/\\\/bien-etreiris.ch\\\/de\\\/produktpraesentation\\\/aromatherapie\\\/aetherische-oele\\\/salbei-arten\\\/\"},{\"@type\":\"ListItem\",\"position\":6,\"name\":\"SAUGE SCLAREE\"}]},{\"@type\":\"WebSite\",\"@id\":\"https:\\\/\\\/bien-etreiris.ch\\\/de\\\/#website\",\"url\":\"https:\\\/\\\/bien-etreiris.ch\\\/de\\\/\",\"name\":\"Bien-\u00eatre Iris\",\"description\":\"IHRE Gesundheit ist uns wichtig\",\"potentialAction\":[{\"@type\":\"SearchAction\",\"target\":{\"@type\":\"EntryPoint\",\"urlTemplate\":\"https:\\\/\\\/bien-etreiris.ch\\\/de\\\/?s={search_term_string}\"},\"query-input\":{\"@type\":\"PropertyValueSpecification\",\"valueRequired\":true,\"valueName\":\"search_term_string\"}}],\"inLanguage\":\"de\"}]}<\/script>\n<!-- \/ Yoast SEO plugin. -->","yoast_head_json":{"title":"SAUGE SCLAREE - WOHLBEFINDEN","robots":{"index":"index","follow":"follow","max-snippet":"max-snippet:-1","max-image-preview":"max-image-preview:large","max-video-preview":"max-video-preview:-1"},"canonical":"https:\/\/bien-etreiris.ch\/de\/produktpraesentation\/aromatherapie\/aetherische-oele\/salbei-arten\/sauge-sclaree\/","og_locale":"de_DE","og_type":"article","og_title":"SAUGE SCLAREE - WOHLBEFINDEN","og_description":"Sauge sclar\u00e9e BIO Alors que la sauge est puissante, \u00e9pic\u00e9e et purifiante, la sauge sclar\u00e9e est douce et apaisante avec un parfum floral sucr\u00e9. Alors que leurs noms sugg\u00e8rent que les plantes et les huiles sont \u00e9galement similaires, la sauge et la sauge sclar\u00e9e sont diff\u00e9rentes. &nbsp; &nbsp; &nbsp; &nbsp; &nbsp; &nbsp; &nbsp; &nbsp; Damascena Huile essentielle 100% naturelle Lat.&nbsp;Weiter lesen","og_url":"https:\/\/bien-etreiris.ch\/de\/produktpraesentation\/aromatherapie\/aetherische-oele\/salbei-arten\/sauge-sclaree\/","og_site_name":"WOHLBEFINDEN","article_publisher":"https:\/\/www.facebook.com\/bienetreiris\/","article_modified_time":"2023-11-21T05:07:11+00:00","og_image":[{"width":500,"height":303,"url":"https:\/\/bien-etreiris.ch\/wp-content\/uploads\/2023\/05\/acceuil-sauge-sclaree.png","type":"image\/png"}],"twitter_misc":{"Gesch\u00e4tzte Lesezeit":"2\u00a0Minuten"},"schema":{"@context":"https:\/\/schema.org","@graph":[{"@type":"WebPage","@id":"https:\/\/bien-etreiris.ch\/de\/produktpraesentation\/aromatherapie\/aetherische-oele\/salbei-arten\/sauge-sclaree\/","url":"https:\/\/bien-etreiris.ch\/de\/produktpraesentation\/aromatherapie\/aetherische-oele\/salbei-arten\/sauge-sclaree\/","name":"SAUGE SCLAREE - WOHLBEFINDEN","isPartOf":{"@id":"https:\/\/bien-etreiris.ch\/de\/#website"},"primaryImageOfPage":{"@id":"https:\/\/bien-etreiris.ch\/de\/produktpraesentation\/aromatherapie\/aetherische-oele\/salbei-arten\/sauge-sclaree\/#primaryimage"},"image":{"@id":"https:\/\/bien-etreiris.ch\/de\/produktpraesentation\/aromatherapie\/aetherische-oele\/salbei-arten\/sauge-sclaree\/#primaryimage"},"thumbnailUrl":"https:\/\/bien-etreiris.ch\/wp-content\/uploads\/2023\/05\/acceuil-sauge-sclaree.png","datePublished":"2023-05-10T06:30:09+00:00","dateModified":"2023-11-21T05:07:11+00:00","breadcrumb":{"@id":"https:\/\/bien-etreiris.ch\/de\/produktpraesentation\/aromatherapie\/aetherische-oele\/salbei-arten\/sauge-sclaree\/#breadcrumb"},"inLanguage":"de","potentialAction":[{"@type":"ReadAction","target":["https:\/\/bien-etreiris.ch\/de\/produktpraesentation\/aromatherapie\/aetherische-oele\/salbei-arten\/sauge-sclaree\/"]}]},{"@type":"ImageObject","inLanguage":"de","@id":"https:\/\/bien-etreiris.ch\/de\/produktpraesentation\/aromatherapie\/aetherische-oele\/salbei-arten\/sauge-sclaree\/#primaryimage","url":"https:\/\/bien-etreiris.ch\/wp-content\/uploads\/2023\/05\/acceuil-sauge-sclaree.png","contentUrl":"https:\/\/bien-etreiris.ch\/wp-content\/uploads\/2023\/05\/acceuil-sauge-sclaree.png","width":500,"height":303},{"@type":"BreadcrumbList","@id":"https:\/\/bien-etreiris.ch\/de\/produktpraesentation\/aromatherapie\/aetherische-oele\/salbei-arten\/sauge-sclaree\/#breadcrumb","itemListElement":[{"@type":"ListItem","position":1,"name":"Home","item":"https:\/\/bien-etreiris.ch\/de\/"},{"@type":"ListItem","position":2,"name":"PRODUKTPR\u00c4SENTATION","item":"https:\/\/bien-etreiris.ch\/de\/produktpraesentation\/"},{"@type":"ListItem","position":3,"name":"AROMATHERAPIE","item":"https:\/\/bien-etreiris.ch\/de\/produktpraesentation\/aromatherapie\/"},{"@type":"ListItem","position":4,"name":"\u00c4THERISCHE \u00d6LE","item":"https:\/\/bien-etreiris.ch\/de\/produktpraesentation\/aromatherapie\/aetherische-oele\/"},{"@type":"ListItem","position":5,"name":"SALBEI-ARTEN","item":"https:\/\/bien-etreiris.ch\/de\/produktpraesentation\/aromatherapie\/aetherische-oele\/salbei-arten\/"},{"@type":"ListItem","position":6,"name":"SAUGE SCLAREE"}]},{"@type":"WebSite","@id":"https:\/\/bien-etreiris.ch\/de\/#website","url":"https:\/\/bien-etreiris.ch\/de\/","name":"Bien-\u00eatre Iris","description":"IHRE Gesundheit ist uns wichtig","potentialAction":[{"@type":"SearchAction","target":{"@type":"EntryPoint","urlTemplate":"https:\/\/bien-etreiris.ch\/de\/?s={search_term_string}"},"query-input":{"@type":"PropertyValueSpecification","valueRequired":true,"valueName":"search_term_string"}}],"inLanguage":"de"}]}},"_links":{"self":[{"href":"https:\/\/bien-etreiris.ch\/de\/wp-json\/wp\/v2\/pages\/69926","targetHints":{"allow":["GET"]}}],"collection":[{"href":"https:\/\/bien-etreiris.ch\/de\/wp-json\/wp\/v2\/pages"}],"about":[{"href":"https:\/\/bien-etreiris.ch\/de\/wp-json\/wp\/v2\/types\/page"}],"author":[{"embeddable":true,"href":"https:\/\/bien-etreiris.ch\/de\/wp-json\/wp\/v2\/users\/1"}],"replies":[{"embeddable":true,"href":"https:\/\/bien-etreiris.ch\/de\/wp-json\/wp\/v2\/comments?post=69926"}],"version-history":[{"count":10,"href":"https:\/\/bien-etreiris.ch\/de\/wp-json\/wp\/v2\/pages\/69926\/revisions"}],"predecessor-version":[{"id":70085,"href":"https:\/\/bien-etreiris.ch\/de\/wp-json\/wp\/v2\/pages\/69926\/revisions\/70085"}],"up":[{"embeddable":true,"href":"https:\/\/bien-etreiris.ch\/de\/wp-json\/wp\/v2\/pages\/80354"}],"wp:featuredmedia":[{"embeddable":true,"href":"https:\/\/bien-etreiris.ch\/de\/wp-json\/wp\/v2\/media\/69921"}],"wp:attachment":[{"href":"https:\/\/bien-etreiris.ch\/de\/wp-json\/wp\/v2\/media?parent=69926"}],"curies":[{"name":"wp","href":"https:\/\/api.w.org\/{rel}","templated":true}]}}