{"id":69792,"date":"2023-05-09T15:34:36","date_gmt":"2023-05-09T13:34:36","guid":{"rendered":"https:\/\/bien-etreiris.ch\/produktpraesentation\/aromatherapie\/aetherische-oele\/aneth\/"},"modified":"2023-05-10T00:05:30","modified_gmt":"2023-05-09T22:05:30","slug":"aneth","status":"publish","type":"page","link":"https:\/\/bien-etreiris.ch\/de\/produktpraesentation\/aromatherapie\/aetherische-oele\/aneth\/","title":{"rendered":"ANETH"},"content":{"rendered":"\n<h2>Aneth BIO<\/h2>\n<p><a href=\"https:\/\/bien-etreiris.ch\/de\/aneth-2-2\/\" rel=\"attachment wp-att-69599\"><img loading=\"lazy\" decoding=\"async\" class=\"wp-image-69599 alignleft\" src=\"https:\/\/bien-etreiris.ch\/wp-content\/uploads\/2023\/05\/Aneth.jpg\" alt=\"\" width=\"156\" height=\"343\" srcset=\"https:\/\/bien-etreiris.ch\/wp-content\/uploads\/2023\/05\/Aneth.jpg 306w, https:\/\/bien-etreiris.ch\/wp-content\/uploads\/2023\/05\/Aneth-136x300.jpg 136w\" sizes=\"auto, (max-width: 156px) 100vw, 156px\" \/><\/a><\/p>\n\n\n<p>&nbsp;<\/p>\n<p>&nbsp;<\/p>\n<p>&nbsp;<\/p>\n<p>Huile essentielle 100% naturelle<\/p>\n<p>Lat. Nom : Pimpinella anisum<\/p>\n<p>Garantie de qualit\u00e9 biologique sup\u00e9rieure CH-BIO 006<\/p>\n<p>5 ml <strong>CHF 9.00<\/strong><\/p>\n<p>&nbsp;<\/p>\n<p>&nbsp;<\/p>\n<p>&nbsp;<\/p>\n<p>&nbsp;<\/p>\n<p>&nbsp;<\/p>\n<p>&nbsp;<\/p>\n<p>&nbsp;<\/p>\n<p>&nbsp;<\/p>\n<table style=\"width: 100%; height: 1431px;\">\n<tbody>\n<tr style=\"height: 23px;\">\n<td style=\"width: 28.5714%; height: 23px;\"><strong>Nom botanique :<\/strong><\/td>\n<td style=\"width: 70.4762%; height: 23px;\">Pimpinella anisum<\/td>\n<\/tr>\n<tr style=\"height: 23px;\">\n<td style=\"width: 28.5714%; height: 23px;\"><strong>Famille botanique :<\/strong><\/td>\n<td style=\"width: 70.4762%; height: 23px;\">Apiac\u00e9es<\/td>\n<\/tr>\n<tr style=\"height: 23px;\">\n<td style=\"width: 28.5714%; height: 23px;\"><strong>M\u00e9thode d'extraction :<\/strong><\/td>\n<td style=\"width: 70.4762%; height: 23px;\">distillation \u00e0 la vapeur d'eau\u200b<\/td>\n<\/tr>\n<tr style=\"height: 23px;\">\n<td style=\"width: 28.5714%; height: 23px;\"><strong>Partie de la plante utilis\u00e9e :<\/strong><\/td>\n<td style=\"width: 70.4762%; height: 23px;\">semences<\/td>\n<\/tr>\n<tr style=\"height: 23px;\">\n<td style=\"width: 28.5714%; height: 23px;\"><strong>Quantit\u00e9 v\u00e9g\u00e9tale :<\/strong><\/td>\n<td style=\"width: 70.4762%; height: 23px;\">Pour obtenir 1 kg d'huile, il faut 50 kg de graines<\/td>\n<\/tr>\n<tr style=\"height: 23px;\">\n<td style=\"width: 28.5714%; height: 23px;\"><strong>Origine g\u00e9ographique :<\/strong>&nbsp;<\/td>\n<td style=\"width: 70.4762%; height: 23px;\">Espagne (peut varier en fonction de la saison et de la r\u00e9colte)<\/td>\n<\/tr>\n<tr style=\"height: 23px;\">\n<td style=\"width: 28.5714%; height: 23px;\"><strong>Culture qualit\u00e9&nbsp;:<\/strong><\/td>\n<td style=\"width: 70.4762%; height: 23px;\">Biologique<\/td>\n<\/tr>\n<tr style=\"height: 23px;\">\n<td style=\"width: 28.5714%; height: 23px;\"><strong>Effet parfum\u00e9 :<\/strong><\/td>\n<td style=\"width: 70.4762%; height: 23px;\">stimulant<\/td>\n<\/tr>\n<tr style=\"height: 23px;\">\n<td style=\"width: 28.5714%; height: 23px;\"><strong>Note parfum\u00e9e :<\/strong><\/td>\n<td style=\"width: 70.4762%; height: 23px;\">Note de base<\/td>\n<\/tr>\n<tr style=\"height: 23px;\">\n<td style=\"width: 28.5714%; height: 23px;\"><strong>Profil de parfum :<\/strong><\/td>\n<td style=\"width: 70.4762%; height: 23px;\">\u00e9pic\u00e9-sucr\u00e9, chaud<\/td>\n<\/tr>\n<tr style=\"height: 23px;\">\n<td style=\"width: 28.5714%; height: 23px;\"><strong>Th\u00e8me du parfum :<\/strong><\/td>\n<td style=\"width: 70.4762%; height: 23px;\">relaxant, cr\u00e9e une atmosph\u00e8re de chaleur et de s\u00e9curit\u00e9<\/td>\n<\/tr>\n<tr style=\"height: 23px;\">\n<td style=\"width: 28.5714%; height: 23px;\"><strong>\u00c9nerg\u00e9tique :<\/strong><\/td>\n<td style=\"width: 70.4762%; height: 23px;\">indigo \/ 6e chakra<\/td>\n<\/tr>\n<tr style=\"height: 23px;\">\n<td style=\"width: 28.5714%; height: 23px;\"><strong>Psycho-\u00e9motionnel :<\/strong>&nbsp;<\/td>\n<td style=\"width: 70.4762%; height: 23px;\">&nbsp;<\/td>\n<\/tr>\n<tr style=\"height: 478px;\">\n<td style=\"width: 28.5714%; vertical-align: top; height: 478px;\">\n<p><strong>Description :<\/strong><\/p>\n<p>&nbsp;<\/p>\n<p>&nbsp;<\/p>\n<p>&nbsp;<\/p>\n<p>&nbsp;<\/p>\n<p>&nbsp;<\/p>\n<\/td>\n<td style=\"width: 70.4762%; height: 478px;\" scope=\"row\">\n<ul style=\"list-style-type: disc;\">\n<li>\n<p>Une huile essentielle d'anis joue depuis toujours un r\u00f4le important en tant qu'\u00e9pice de cuisine populaire.<br>Son effet relaxant et r\u00e9chauffant favorise la digestion et stimule en douceur le m\u00e9tabolisme.<\/p>\n<\/li>\n<li>\n<p>Sur le plan psychique, elle est un baume pour les sens fatigu\u00e9s, permet de retrouver le calme et apporte un vent de fra\u00eecheur dans le quotidien.<\/p>\n<\/li>\n<li>\n<p>L'huile d'anis cr\u00e9e une atmosph\u00e8re de s\u00e9curit\u00e9 et accompagne les doux r\u00eaves. huile essentielle<\/p>\n<\/li>\n<li>\n<p>En cas d'impressions trop fortes, elle aide \u00e0 prendre du recul, \u00e0 prendre conscience de ses ressources et \u00e0 les exprimer de mani\u00e8re cr\u00e9ative.<\/p>\n<\/li>\n<\/ul>\n<\/td>\n<\/tr>\n<tr style=\"height: 349px;\">\n<td style=\"width: 28.5714%; vertical-align: top; height: 349px;\">\n<p><strong>Application :<\/strong><\/p>\n<\/td>\n<td style=\"width: 70.4762%; height: 349px;\">\n<ul style=\"list-style-type: disc;\">\n<li>\n<p>L'anis se m\u00e9lange bien avec le n\u00e9roli, la m\u00e9lisse et l'huile d'orange.<\/p>\n<\/li>\n<li>\n<p>Utilis\u00e9 dans un diffuseur de parfum, ce m\u00e9lange soulage les tensions et les \u00e9tats d'agitation.<\/p>\n<\/li>\n<li>\n<p>M\u00e9lang\u00e9 \u00e0 l'huile de cumin et de fenouil, il donne, \u00e0 base d'huile d'amande, une huile de massage du ventre r\u00e9chauffante et relaxante.<\/p>\n<\/li>\n<li>\n<p>L'anis doit \u00eatre utilis\u00e9 avec beaucoup de parcimonie et seulement pendant une courte p\u00e9riode.<\/p>\n<\/li>\n<\/ul>\n<\/td>\n<\/tr>\n<tr style=\"height: 169px;\">\n<td style=\"width: 28.5714%; vertical-align: top; height: 169px;\">\n<p><strong>Principes actifs :<\/strong><\/p>\n<\/td>\n<td style=\"width: 70.4762%; height: 169px;\">\n<ul style=\"list-style-type: disc;\">\n<li>D-Limon\u00e8ne (de 25&nbsp;\u00e0 55 %)<\/li>\n<li>Carvone (de 20&nbsp;\u00e0 50 %)<\/li>\n<li>Trans dihydrocarvone (\u2264 5 %)<\/li>\n<li>Cis dihydrocarvone (\u2264 3 %)<\/li>\n<\/ul>\n<\/td>\n<\/tr>\n<tr style=\"height: 68px;\">\n<td style=\"width: 28.5714%; height: 68px; vertical-align: top;\">\n<p><strong><br>Allerg\u00e8nes<\/strong><\/p>\n<\/td>\n<td style=\"width: 70.4762%; height: 68px;\"><strong> Linalool, Benzyl Benzoate, Benzyl Alcohol, Isoeugenol<\/strong><\/td>\n<\/tr>\n<tr style=\"height: 68px;\">\n<td style=\"width: 28.5714%; vertical-align: top; height: 68px;\">\n<p><span style=\"color: #ff0000;\"><strong>Pr\u00e9cautions !<\/strong><\/span><\/p>\n<\/td>\n<td style=\"width: 70.4762%; height: 68px;\">\n<ul style=\"list-style-type: disc;\">\n<li>f<strong>emme enceinte et <\/strong><\/li>\n<li><strong>enfant &lt;&nbsp;6 ans<\/strong><\/li>\n<\/ul>\n<p>&nbsp;<\/p>\n<\/td>\n<\/tr>\n<\/tbody>\n<\/table>","protected":false},"excerpt":{"rendered":"<p>Aneth BIO &nbsp; &nbsp; &nbsp; Huile essentielle 100% naturelle Lat. Nom : Pimpinella anisum Garantie de qualit\u00e9 biologique sup\u00e9rieure CH-BIO 006 5 ml CHF 9.00 &nbsp; &nbsp; &nbsp; &nbsp; &nbsp; &nbsp; &nbsp; &nbsp; Nom botanique : Pimpinella anisum Famille botanique : Apiac\u00e9es M\u00e9thode d'extraction : distillation \u00e0 la vapeur d'eau\u200b Partie de la plante utilis\u00e9e : semences Quantit\u00e9 v\u00e9g\u00e9tale :&nbsp;<a href=\"https:\/\/bien-etreiris.ch\/de\/produktpraesentation\/aromatherapie\/aetherische-oele\/aneth\/\" class=\"read-more\">Weiter lesen<\/a><\/p>\n","protected":false},"author":2,"featured_media":69697,"parent":37429,"menu_order":3595,"comment_status":"closed","ping_status":"closed","template":"page-with-child.php","meta":{"_acf_changed":false,"ngg_post_thumbnail":0,"footnotes":""},"class_list":["post-69792","page","type-page","status-publish","has-post-thumbnail","hentry"],"acf":[],"yoast_head":"<!-- This site is optimized with the Yoast SEO plugin v27.6 - https:\/\/yoast.com\/product\/yoast-seo-wordpress\/ -->\n<title>ANETH - WOHLBEFINDEN<\/title>\n<meta name=\"robots\" content=\"index, follow, max-snippet:-1, max-image-preview:large, max-video-preview:-1\" \/>\n<link rel=\"canonical\" href=\"https:\/\/bien-etreiris.ch\/de\/produktpraesentation\/aromatherapie\/aetherische-oele\/aneth\/\" \/>\n<meta property=\"og:locale\" content=\"de_DE\" \/>\n<meta property=\"og:type\" content=\"article\" \/>\n<meta property=\"og:title\" content=\"ANETH - WOHLBEFINDEN\" \/>\n<meta property=\"og:description\" content=\"Aneth BIO &nbsp; &nbsp; &nbsp; Huile essentielle 100% naturelle Lat. Nom : Pimpinella anisum Garantie de qualit\u00e9 biologique sup\u00e9rieure CH-BIO 006 5 ml CHF 9.00 &nbsp; &nbsp; &nbsp; &nbsp; &nbsp; &nbsp; &nbsp; &nbsp; Nom botanique : Pimpinella anisum Famille botanique : Apiac\u00e9es M\u00e9thode d&#039;extraction : distillation \u00e0 la vapeur d&#039;eau\u200b Partie de la plante utilis\u00e9e : semences Quantit\u00e9 v\u00e9g\u00e9tale :&nbsp;Weiter lesen\" \/>\n<meta property=\"og:url\" content=\"https:\/\/bien-etreiris.ch\/de\/produktpraesentation\/aromatherapie\/aetherische-oele\/aneth\/\" \/>\n<meta property=\"og:site_name\" content=\"WOHLBEFINDEN\" \/>\n<meta property=\"article:publisher\" content=\"https:\/\/www.facebook.com\/bienetreiris\/\" \/>\n<meta property=\"article:modified_time\" content=\"2023-05-09T22:05:30+00:00\" \/>\n<meta property=\"og:image\" content=\"https:\/\/bien-etreiris.ch\/wp-content\/uploads\/2023\/05\/acceuil-aneth.png\" \/>\n\t<meta property=\"og:image:width\" content=\"500\" \/>\n\t<meta property=\"og:image:height\" content=\"303\" \/>\n\t<meta property=\"og:image:type\" content=\"image\/png\" \/>\n<meta name=\"twitter:label1\" content=\"Gesch\u00e4tzte Lesezeit\" \/>\n\t<meta name=\"twitter:data1\" content=\"2\u00a0Minuten\" \/>\n<script type=\"application\/ld+json\" class=\"yoast-schema-graph\">{\"@context\":\"https:\\\/\\\/schema.org\",\"@graph\":[{\"@type\":\"WebPage\",\"@id\":\"https:\\\/\\\/bien-etreiris.ch\\\/de\\\/produktpraesentation\\\/aromatherapie\\\/aetherische-oele\\\/aneth\\\/\",\"url\":\"https:\\\/\\\/bien-etreiris.ch\\\/de\\\/produktpraesentation\\\/aromatherapie\\\/aetherische-oele\\\/aneth\\\/\",\"name\":\"ANETH - WOHLBEFINDEN\",\"isPartOf\":{\"@id\":\"https:\\\/\\\/bien-etreiris.ch\\\/de\\\/#website\"},\"primaryImageOfPage\":{\"@id\":\"https:\\\/\\\/bien-etreiris.ch\\\/de\\\/produktpraesentation\\\/aromatherapie\\\/aetherische-oele\\\/aneth\\\/#primaryimage\"},\"image\":{\"@id\":\"https:\\\/\\\/bien-etreiris.ch\\\/de\\\/produktpraesentation\\\/aromatherapie\\\/aetherische-oele\\\/aneth\\\/#primaryimage\"},\"thumbnailUrl\":\"https:\\\/\\\/bien-etreiris.ch\\\/wp-content\\\/uploads\\\/2023\\\/05\\\/acceuil-aneth.png\",\"datePublished\":\"2023-05-09T13:34:36+00:00\",\"dateModified\":\"2023-05-09T22:05:30+00:00\",\"breadcrumb\":{\"@id\":\"https:\\\/\\\/bien-etreiris.ch\\\/de\\\/produktpraesentation\\\/aromatherapie\\\/aetherische-oele\\\/aneth\\\/#breadcrumb\"},\"inLanguage\":\"de\",\"potentialAction\":[{\"@type\":\"ReadAction\",\"target\":[\"https:\\\/\\\/bien-etreiris.ch\\\/de\\\/produktpraesentation\\\/aromatherapie\\\/aetherische-oele\\\/aneth\\\/\"]}]},{\"@type\":\"ImageObject\",\"inLanguage\":\"de\",\"@id\":\"https:\\\/\\\/bien-etreiris.ch\\\/de\\\/produktpraesentation\\\/aromatherapie\\\/aetherische-oele\\\/aneth\\\/#primaryimage\",\"url\":\"https:\\\/\\\/bien-etreiris.ch\\\/wp-content\\\/uploads\\\/2023\\\/05\\\/acceuil-aneth.png\",\"contentUrl\":\"https:\\\/\\\/bien-etreiris.ch\\\/wp-content\\\/uploads\\\/2023\\\/05\\\/acceuil-aneth.png\",\"width\":500,\"height\":303},{\"@type\":\"BreadcrumbList\",\"@id\":\"https:\\\/\\\/bien-etreiris.ch\\\/de\\\/produktpraesentation\\\/aromatherapie\\\/aetherische-oele\\\/aneth\\\/#breadcrumb\",\"itemListElement\":[{\"@type\":\"ListItem\",\"position\":1,\"name\":\"Home\",\"item\":\"https:\\\/\\\/bien-etreiris.ch\\\/de\\\/\"},{\"@type\":\"ListItem\",\"position\":2,\"name\":\"PRODUKTPR\u00c4SENTATION\",\"item\":\"https:\\\/\\\/bien-etreiris.ch\\\/de\\\/produktpraesentation\\\/\"},{\"@type\":\"ListItem\",\"position\":3,\"name\":\"AROMATHERAPIE\",\"item\":\"https:\\\/\\\/bien-etreiris.ch\\\/de\\\/produktpraesentation\\\/aromatherapie\\\/\"},{\"@type\":\"ListItem\",\"position\":4,\"name\":\"\u00c4THERISCHE \u00d6LE\",\"item\":\"https:\\\/\\\/bien-etreiris.ch\\\/de\\\/produktpraesentation\\\/aromatherapie\\\/aetherische-oele\\\/\"},{\"@type\":\"ListItem\",\"position\":5,\"name\":\"ANETH\"}]},{\"@type\":\"WebSite\",\"@id\":\"https:\\\/\\\/bien-etreiris.ch\\\/de\\\/#website\",\"url\":\"https:\\\/\\\/bien-etreiris.ch\\\/de\\\/\",\"name\":\"Bien-\u00eatre Iris\",\"description\":\"IHRE Gesundheit ist uns wichtig\",\"potentialAction\":[{\"@type\":\"SearchAction\",\"target\":{\"@type\":\"EntryPoint\",\"urlTemplate\":\"https:\\\/\\\/bien-etreiris.ch\\\/de\\\/?s={search_term_string}\"},\"query-input\":{\"@type\":\"PropertyValueSpecification\",\"valueRequired\":true,\"valueName\":\"search_term_string\"}}],\"inLanguage\":\"de\"}]}<\/script>\n<!-- \/ Yoast SEO plugin. -->","yoast_head_json":{"title":"ANETH - WOHLBEFINDEN","robots":{"index":"index","follow":"follow","max-snippet":"max-snippet:-1","max-image-preview":"max-image-preview:large","max-video-preview":"max-video-preview:-1"},"canonical":"https:\/\/bien-etreiris.ch\/de\/produktpraesentation\/aromatherapie\/aetherische-oele\/aneth\/","og_locale":"de_DE","og_type":"article","og_title":"ANETH - WOHLBEFINDEN","og_description":"Aneth BIO &nbsp; &nbsp; &nbsp; Huile essentielle 100% naturelle Lat. Nom : Pimpinella anisum Garantie de qualit\u00e9 biologique sup\u00e9rieure CH-BIO 006 5 ml CHF 9.00 &nbsp; &nbsp; &nbsp; &nbsp; &nbsp; &nbsp; &nbsp; &nbsp; Nom botanique : Pimpinella anisum Famille botanique : Apiac\u00e9es M\u00e9thode d'extraction : distillation \u00e0 la vapeur d'eau\u200b Partie de la plante utilis\u00e9e : semences Quantit\u00e9 v\u00e9g\u00e9tale :&nbsp;Weiter lesen","og_url":"https:\/\/bien-etreiris.ch\/de\/produktpraesentation\/aromatherapie\/aetherische-oele\/aneth\/","og_site_name":"WOHLBEFINDEN","article_publisher":"https:\/\/www.facebook.com\/bienetreiris\/","article_modified_time":"2023-05-09T22:05:30+00:00","og_image":[{"width":500,"height":303,"url":"https:\/\/bien-etreiris.ch\/wp-content\/uploads\/2023\/05\/acceuil-aneth.png","type":"image\/png"}],"twitter_misc":{"Gesch\u00e4tzte Lesezeit":"2\u00a0Minuten"},"schema":{"@context":"https:\/\/schema.org","@graph":[{"@type":"WebPage","@id":"https:\/\/bien-etreiris.ch\/de\/produktpraesentation\/aromatherapie\/aetherische-oele\/aneth\/","url":"https:\/\/bien-etreiris.ch\/de\/produktpraesentation\/aromatherapie\/aetherische-oele\/aneth\/","name":"ANETH - WOHLBEFINDEN","isPartOf":{"@id":"https:\/\/bien-etreiris.ch\/de\/#website"},"primaryImageOfPage":{"@id":"https:\/\/bien-etreiris.ch\/de\/produktpraesentation\/aromatherapie\/aetherische-oele\/aneth\/#primaryimage"},"image":{"@id":"https:\/\/bien-etreiris.ch\/de\/produktpraesentation\/aromatherapie\/aetherische-oele\/aneth\/#primaryimage"},"thumbnailUrl":"https:\/\/bien-etreiris.ch\/wp-content\/uploads\/2023\/05\/acceuil-aneth.png","datePublished":"2023-05-09T13:34:36+00:00","dateModified":"2023-05-09T22:05:30+00:00","breadcrumb":{"@id":"https:\/\/bien-etreiris.ch\/de\/produktpraesentation\/aromatherapie\/aetherische-oele\/aneth\/#breadcrumb"},"inLanguage":"de","potentialAction":[{"@type":"ReadAction","target":["https:\/\/bien-etreiris.ch\/de\/produktpraesentation\/aromatherapie\/aetherische-oele\/aneth\/"]}]},{"@type":"ImageObject","inLanguage":"de","@id":"https:\/\/bien-etreiris.ch\/de\/produktpraesentation\/aromatherapie\/aetherische-oele\/aneth\/#primaryimage","url":"https:\/\/bien-etreiris.ch\/wp-content\/uploads\/2023\/05\/acceuil-aneth.png","contentUrl":"https:\/\/bien-etreiris.ch\/wp-content\/uploads\/2023\/05\/acceuil-aneth.png","width":500,"height":303},{"@type":"BreadcrumbList","@id":"https:\/\/bien-etreiris.ch\/de\/produktpraesentation\/aromatherapie\/aetherische-oele\/aneth\/#breadcrumb","itemListElement":[{"@type":"ListItem","position":1,"name":"Home","item":"https:\/\/bien-etreiris.ch\/de\/"},{"@type":"ListItem","position":2,"name":"PRODUKTPR\u00c4SENTATION","item":"https:\/\/bien-etreiris.ch\/de\/produktpraesentation\/"},{"@type":"ListItem","position":3,"name":"AROMATHERAPIE","item":"https:\/\/bien-etreiris.ch\/de\/produktpraesentation\/aromatherapie\/"},{"@type":"ListItem","position":4,"name":"\u00c4THERISCHE \u00d6LE","item":"https:\/\/bien-etreiris.ch\/de\/produktpraesentation\/aromatherapie\/aetherische-oele\/"},{"@type":"ListItem","position":5,"name":"ANETH"}]},{"@type":"WebSite","@id":"https:\/\/bien-etreiris.ch\/de\/#website","url":"https:\/\/bien-etreiris.ch\/de\/","name":"Bien-\u00eatre Iris","description":"IHRE Gesundheit ist uns wichtig","potentialAction":[{"@type":"SearchAction","target":{"@type":"EntryPoint","urlTemplate":"https:\/\/bien-etreiris.ch\/de\/?s={search_term_string}"},"query-input":{"@type":"PropertyValueSpecification","valueRequired":true,"valueName":"search_term_string"}}],"inLanguage":"de"}]}},"_links":{"self":[{"href":"https:\/\/bien-etreiris.ch\/de\/wp-json\/wp\/v2\/pages\/69792","targetHints":{"allow":["GET"]}}],"collection":[{"href":"https:\/\/bien-etreiris.ch\/de\/wp-json\/wp\/v2\/pages"}],"about":[{"href":"https:\/\/bien-etreiris.ch\/de\/wp-json\/wp\/v2\/types\/page"}],"author":[{"embeddable":true,"href":"https:\/\/bien-etreiris.ch\/de\/wp-json\/wp\/v2\/users\/2"}],"replies":[{"embeddable":true,"href":"https:\/\/bien-etreiris.ch\/de\/wp-json\/wp\/v2\/comments?post=69792"}],"version-history":[{"count":2,"href":"https:\/\/bien-etreiris.ch\/de\/wp-json\/wp\/v2\/pages\/69792\/revisions"}],"predecessor-version":[{"id":69798,"href":"https:\/\/bien-etreiris.ch\/de\/wp-json\/wp\/v2\/pages\/69792\/revisions\/69798"}],"up":[{"embeddable":true,"href":"https:\/\/bien-etreiris.ch\/de\/wp-json\/wp\/v2\/pages\/37429"}],"wp:featuredmedia":[{"embeddable":true,"href":"https:\/\/bien-etreiris.ch\/de\/wp-json\/wp\/v2\/media\/69697"}],"wp:attachment":[{"href":"https:\/\/bien-etreiris.ch\/de\/wp-json\/wp\/v2\/media?parent=69792"}],"curies":[{"name":"wp","href":"https:\/\/api.w.org\/{rel}","templated":true}]}}