{"id":69620,"date":"2023-05-09T15:39:24","date_gmt":"2023-05-09T13:39:24","guid":{"rendered":"https:\/\/bien-etreiris.ch\/sauge\/"},"modified":"2023-05-10T07:49:48","modified_gmt":"2023-05-10T05:49:48","slug":"sauge-2","status":"publish","type":"page","link":"https:\/\/bien-etreiris.ch\/de\/produktpraesentation\/aromatherapie\/aetherische-oele\/salbei-arten\/sauge-2\/","title":{"rendered":"SAUGE"},"content":{"rendered":"<h2>Sauge BIO<\/h2>\n<p><a href=\"https:\/\/bien-etreiris.ch\/de\/produktpraesentation\/aromatherapie\/aetherische-oele\/sauge-2\/sauge-5-2\/\" rel=\"attachment wp-att-69611\"><img loading=\"lazy\" decoding=\"async\" class=\"wp-image-69611 alignleft\" src=\"https:\/\/bien-etreiris.ch\/wp-content\/uploads\/2023\/05\/Sauge.jpg\" alt=\"\" width=\"178\" height=\"331\" srcset=\"https:\/\/bien-etreiris.ch\/wp-content\/uploads\/2023\/05\/Sauge.jpg 362w, https:\/\/bien-etreiris.ch\/wp-content\/uploads\/2023\/05\/Sauge-161x300.jpg 161w\" sizes=\"auto, (max-width: 178px) 100vw, 178px\" \/><\/a><\/p>\n<p>&nbsp;<\/p>\n<p>&nbsp;<\/p>\n<p>&nbsp;<\/p>\n<h4>Damascena<\/h4>\n<p>Huile essentielle 100% naturelle<\/p>\n<p>Lat. Nom : Salvia officinalis<\/p>\n<p>Garantie de qualit\u00e9 biologique sup\u00e9rieure CH-BIO 006<\/p>\n<p>&nbsp;Contenue: 5 ml <strong>CHF 9.00<br \/>\n<\/strong><\/p>\n<p>&nbsp;<\/p>\n<p>&nbsp;<\/p>\n<p>&nbsp;<\/p>\n<table style=\"width: 72.6187%; height: 1375px;\">\n<tbody>\n<tr style=\"height: 23px;\">\n<td style=\"width: 16.0403%; height: 23px;\"><strong>Nom botanique :<\/strong><\/td>\n<td style=\"width: 52.9265%; height: 23px;\">Salvia officinalis<\/td>\n<\/tr>\n<tr style=\"height: 46px;\">\n<td style=\"width: 16.0403%; height: 46px;\"><strong>Famille botanique :<\/strong><\/td>\n<td style=\"width: 52.9265%; height: 46px;\"><strong>Lamiac\u00e9es<\/strong><\/td>\n<\/tr>\n<tr style=\"height: 46px;\">\n<td style=\"width: 16.0403%; height: 46px;\"><strong>M\u00e9thode d'extraction :<\/strong><\/td>\n<td style=\"width: 52.9265%; height: 46px;\">distillation \u00e0 la vapeur d'eau<\/td>\n<\/tr>\n<tr style=\"height: 46px;\">\n<td style=\"width: 16.0403%; height: 46px;\"><strong>Partie de la plante utilis\u00e9e :<\/strong><\/td>\n<td style=\"width: 52.9265%; height: 46px;\">parties a\u00e9riennes<\/td>\n<\/tr>\n<tr style=\"height: 46px;\">\n<td style=\"width: 16.0403%; height: 46px;\"><strong>Quantit\u00e9 v\u00e9g\u00e9tale :<\/strong><\/td>\n<td style=\"width: 52.9265%; height: 46px;\">50 kg de plantes sont n\u00e9cessaires pour obtenir 1 kg d'huile.<\/td>\n<\/tr>\n<tr style=\"height: 46px;\">\n<td style=\"width: 16.0403%; height: 46px;\"><strong>Origine g\u00e9ographique :<\/strong>&nbsp;<\/td>\n<td style=\"width: 52.9265%; height: 46px;\">France (peut varier en fonction de la saison et de la r\u00e9colte)<\/td>\n<\/tr>\n<tr style=\"height: 23px;\">\n<td style=\"width: 16.0403%; height: 23px;\"><strong>Culture qualit\u00e9&nbsp;:<\/strong><\/td>\n<td style=\"width: 52.9265%; height: 23px;\">Biologique<\/td>\n<\/tr>\n<tr style=\"height: 23px;\">\n<td style=\"width: 16.0403%; height: 23px;\"><strong>Effet parfum\u00e9 :<\/strong><\/td>\n<td style=\"width: 52.9265%; height: 23px;\">\u00e9claircissant<\/td>\n<\/tr>\n<tr style=\"height: 23px;\">\n<td style=\"width: 16.0403%; height: 23px;\"><strong>Note parfum\u00e9e :<\/strong><\/td>\n<td style=\"width: 52.9265%; height: 23px;\">Note de t\u00eate<\/td>\n<\/tr>\n<tr style=\"height: 46px;\">\n<td style=\"width: 16.0403%; height: 46px;\"><strong>Profil de parfum :<\/strong><\/td>\n<td style=\"width: 52.9265%; height: 46px;\">\u00e9pic\u00e9, clair, herbac\u00e9<\/td>\n<\/tr>\n<tr style=\"height: 46px;\">\n<td style=\"width: 16.0403%; height: 46px;\"><strong>Th\u00e8me du parfum :<\/strong><\/td>\n<td style=\"width: 52.9265%; height: 46px;\">purifiant, clarifiant, activant<\/td>\n<\/tr>\n<tr style=\"height: 23px;\">\n<td style=\"width: 16.0403%; height: 23px;\"><strong>\u00c9nerg\u00e9tique :<\/strong><\/td>\n<td style=\"width: 52.9265%; height: 23px;\">chakra du 3e oeil<\/td>\n<\/tr>\n<tr style=\"height: 46px;\">\n<td style=\"width: 16.0403%; height: 46px;\"><strong>Psycho-\u00e9motionnel :<\/strong>&nbsp;<\/td>\n<td style=\"width: 52.9265%; height: 46px;\">&nbsp;<\/td>\n<\/tr>\n<tr style=\"height: 396px;\">\n<td style=\"width: 16.0403%; height: 396px;\"><strong>Description :<\/strong>&nbsp;&nbsp;&nbsp;&nbsp;&nbsp;&nbsp;&nbsp;&nbsp;&nbsp;&nbsp;&nbsp;&nbsp;&nbsp;<\/p>\n<p>&nbsp;<\/p>\n<p>&nbsp;<\/p>\n<p>&nbsp;<\/p>\n<p>&nbsp;<\/p>\n<p>&nbsp;<\/td>\n<td style=\"width: 52.9265%; height: 396px;\">\n<ul style=\"list-style-type: disc;\">\n<li>La sauge, originaire du bassin m\u00e9diterran\u00e9en, est appr\u00e9ci\u00e9e depuis l'Antiquit\u00e9 comme plante m\u00e9dicinale et rituelle.<\/li>\n<li>Son huile essentielle doit \u00eatre utilis\u00e9e avec pr\u00e9caution, car elle peut rapidement \u00eatre surdos\u00e9e.<\/li>\n<li>Ses propri\u00e9t\u00e9s antibiotiques sont utilis\u00e9es en aromath\u00e9rapie par voie externe en cas d'irritation des muqueuses buccales et de la gorge.<\/li>\n<li>La gyn\u00e9cologie l'utilise en raison de son effet \u0153strog\u00e9nique pour la r\u00e9gulation du cycle et les troubles de la m\u00e9nopause.<\/li>\n<li>La sauge donne le courage d'exprimer ses besoins, clarifie les pens\u00e9es et renforce les nerfs.<\/li>\n<\/ul>\n<\/td>\n<\/tr>\n<tr style=\"height: 315px;\">\n<td style=\"width: 16.0403%; vertical-align: top; height: 315px;\"><strong>Application :<\/strong><\/td>\n<td style=\"width: 52.9265%; height: 315px;\">\n<ul style=\"list-style-type: disc;\">\n<li>La sauge se m\u00e9lange bien avec la bergamote, la mandarine, la marjolaine, le bois de linalo\u00e8s, le pin cembro et le c\u00e8dre.<\/li>\n<li>Pour une ambiance de travail fra\u00eeche et propice \u00e0 la concentration, ajouter du citron et du romarin dans le diffuseur d'ar\u00f4mes.<\/li>\n<li>N'utiliser l'huile de sauge qu'en usage externe et \u00e0 faible dose !<\/li>\n<\/ul>\n<\/td>\n<\/tr>\n<tr style=\"height: 119px;\">\n<td style=\"width: 16.0403%; vertical-align: top; height: 10px;\"><strong>Allerg\u00e8nes<br \/>\n<\/strong><\/td>\n<td style=\"width: 52.9265%; height: 10px;\">\n<ul style=\"list-style-type: disc;\">\n<li><strong>Limon\u00e8ne, linalol, n\u00e9ral, g\u00e9raniol<\/strong><\/li>\n<\/ul>\n<\/td>\n<\/tr>\n<tr style=\"height: 283px;\">\n<td style=\"width: 16.0403%; vertical-align: top; height: 101px;\"><strong><span style=\"color: #ff0000;\">Pr\u00e9cautions !<\/span><br \/>\n<\/strong><\/td>\n<td style=\"width: 52.9265%; height: 101px;\">\n<ul style=\"list-style-type: disc;\">\n<li>Ne pas utiliser en cas d\u2019allergie au produit ou \u00e0 l\u2019un de ses d\u00e9riv\u00e9s<\/li>\n<li>Toujours diluer lors d\u2019application cutan\u00e9e sur une surface sup\u00e9rieure \u00e0 5cm de diam\u00e8tre, ne pas appliquer pr\u00e8s des yeux ou des muqueuses<\/li>\n<li>Ne pas consommer par voie orale<\/li>\n<\/ul>\n<\/td>\n<\/tr>\n<tr style=\"height: 70px;\">\n<td style=\"width: 16.0403%; vertical-align: top; height: 70px;\" colspan=\"2\"><strong>Des sp\u00e9cialistes form\u00e9s se feront un plaisir de vous donner de plus amples informations sur les possibilit\u00e9s d'utilisation m\u00e9dicale et cosm\u00e9tique.<\/strong><\/td>\n<\/tr>\n<\/tbody>\n<\/table>\n","protected":false},"excerpt":{"rendered":"<p>Sauge BIO &nbsp; &nbsp; &nbsp; Damascena Huile essentielle 100% naturelle Lat. Nom : Salvia officinalis Garantie de qualit\u00e9 biologique sup\u00e9rieure CH-BIO 006 &nbsp;Contenue: 5 ml CHF 9.00 &nbsp; &nbsp; &nbsp; Nom botanique : Salvia officinalis Famille botanique : Lamiac\u00e9es M\u00e9thode d'extraction : distillation \u00e0 la vapeur d'eau Partie de la plante utilis\u00e9e : parties a\u00e9riennes Quantit\u00e9 v\u00e9g\u00e9tale : 50 kg&nbsp;<a href=\"https:\/\/bien-etreiris.ch\/de\/produktpraesentation\/aromatherapie\/aetherische-oele\/salbei-arten\/sauge-2\/\" class=\"read-more\">Weiter lesen<\/a><\/p>\n","protected":false},"author":1,"featured_media":69751,"parent":80354,"menu_order":3592,"comment_status":"closed","ping_status":"closed","template":"page-with-child.php","meta":{"_acf_changed":false,"ngg_post_thumbnail":0,"footnotes":""},"class_list":["post-69620","page","type-page","status-publish","has-post-thumbnail","hentry"],"acf":[],"yoast_head":"<!-- This site is optimized with the Yoast SEO plugin v27.6 - https:\/\/yoast.com\/product\/yoast-seo-wordpress\/ -->\n<title>SAUGE - WOHLBEFINDEN<\/title>\n<meta name=\"robots\" content=\"index, follow, max-snippet:-1, max-image-preview:large, max-video-preview:-1\" \/>\n<link rel=\"canonical\" href=\"https:\/\/bien-etreiris.ch\/de\/produktpraesentation\/aromatherapie\/aetherische-oele\/sauge-2\/\" \/>\n<meta property=\"og:locale\" content=\"de_DE\" \/>\n<meta property=\"og:type\" content=\"article\" \/>\n<meta property=\"og:title\" content=\"SAUGE - WOHLBEFINDEN\" \/>\n<meta property=\"og:description\" content=\"Sauge BIO &nbsp; &nbsp; &nbsp; Damascena Huile essentielle 100% naturelle Lat. Nom : Salvia officinalis Garantie de qualit\u00e9 biologique sup\u00e9rieure CH-BIO 006 &nbsp;Contenue: 5 ml CHF 9.00 &nbsp; &nbsp; &nbsp; Nom botanique : Salvia officinalis Famille botanique : Lamiac\u00e9es M\u00e9thode d&#039;extraction : distillation \u00e0 la vapeur d&#039;eau Partie de la plante utilis\u00e9e : parties a\u00e9riennes Quantit\u00e9 v\u00e9g\u00e9tale : 50 kg&nbsp;Weiter lesen\" \/>\n<meta property=\"og:url\" content=\"https:\/\/bien-etreiris.ch\/de\/produktpraesentation\/aromatherapie\/aetherische-oele\/sauge-2\/\" \/>\n<meta property=\"og:site_name\" content=\"WOHLBEFINDEN\" \/>\n<meta property=\"article:publisher\" content=\"https:\/\/www.facebook.com\/bienetreiris\/\" \/>\n<meta property=\"article:modified_time\" content=\"2023-05-10T05:49:48+00:00\" \/>\n<meta property=\"og:image\" content=\"https:\/\/bien-etreiris.ch\/wp-content\/uploads\/2023\/05\/acceuil-sauge-4.png\" \/>\n\t<meta property=\"og:image:width\" content=\"500\" \/>\n\t<meta property=\"og:image:height\" content=\"303\" \/>\n\t<meta property=\"og:image:type\" content=\"image\/png\" \/>\n<meta name=\"twitter:label1\" content=\"Gesch\u00e4tzte Lesezeit\" \/>\n\t<meta name=\"twitter:data1\" content=\"2\u00a0Minuten\" \/>\n<script type=\"application\/ld+json\" class=\"yoast-schema-graph\">{\"@context\":\"https:\\\/\\\/schema.org\",\"@graph\":[{\"@type\":\"WebPage\",\"@id\":\"https:\\\/\\\/bien-etreiris.ch\\\/de\\\/produktpraesentation\\\/aromatherapie\\\/aetherische-oele\\\/sauge-2\\\/\",\"url\":\"https:\\\/\\\/bien-etreiris.ch\\\/de\\\/produktpraesentation\\\/aromatherapie\\\/aetherische-oele\\\/sauge-2\\\/\",\"name\":\"SAUGE - WOHLBEFINDEN\",\"isPartOf\":{\"@id\":\"https:\\\/\\\/bien-etreiris.ch\\\/de\\\/#website\"},\"primaryImageOfPage\":{\"@id\":\"https:\\\/\\\/bien-etreiris.ch\\\/de\\\/produktpraesentation\\\/aromatherapie\\\/aetherische-oele\\\/sauge-2\\\/#primaryimage\"},\"image\":{\"@id\":\"https:\\\/\\\/bien-etreiris.ch\\\/de\\\/produktpraesentation\\\/aromatherapie\\\/aetherische-oele\\\/sauge-2\\\/#primaryimage\"},\"thumbnailUrl\":\"https:\\\/\\\/bien-etreiris.ch\\\/wp-content\\\/uploads\\\/2023\\\/05\\\/acceuil-sauge-4.png\",\"datePublished\":\"2023-05-09T13:39:24+00:00\",\"dateModified\":\"2023-05-10T05:49:48+00:00\",\"breadcrumb\":{\"@id\":\"https:\\\/\\\/bien-etreiris.ch\\\/de\\\/produktpraesentation\\\/aromatherapie\\\/aetherische-oele\\\/sauge-2\\\/#breadcrumb\"},\"inLanguage\":\"de\",\"potentialAction\":[{\"@type\":\"ReadAction\",\"target\":[\"https:\\\/\\\/bien-etreiris.ch\\\/de\\\/produktpraesentation\\\/aromatherapie\\\/aetherische-oele\\\/sauge-2\\\/\"]}]},{\"@type\":\"ImageObject\",\"inLanguage\":\"de\",\"@id\":\"https:\\\/\\\/bien-etreiris.ch\\\/de\\\/produktpraesentation\\\/aromatherapie\\\/aetherische-oele\\\/sauge-2\\\/#primaryimage\",\"url\":\"https:\\\/\\\/bien-etreiris.ch\\\/wp-content\\\/uploads\\\/2023\\\/05\\\/acceuil-sauge-4.png\",\"contentUrl\":\"https:\\\/\\\/bien-etreiris.ch\\\/wp-content\\\/uploads\\\/2023\\\/05\\\/acceuil-sauge-4.png\",\"width\":500,\"height\":303},{\"@type\":\"BreadcrumbList\",\"@id\":\"https:\\\/\\\/bien-etreiris.ch\\\/de\\\/produktpraesentation\\\/aromatherapie\\\/aetherische-oele\\\/sauge-2\\\/#breadcrumb\",\"itemListElement\":[{\"@type\":\"ListItem\",\"position\":1,\"name\":\"Home\",\"item\":\"https:\\\/\\\/bien-etreiris.ch\\\/de\\\/\"},{\"@type\":\"ListItem\",\"position\":2,\"name\":\"PRODUKTPR\u00c4SENTATION\",\"item\":\"https:\\\/\\\/bien-etreiris.ch\\\/de\\\/produktpraesentation\\\/\"},{\"@type\":\"ListItem\",\"position\":3,\"name\":\"AROMATHERAPIE\",\"item\":\"https:\\\/\\\/bien-etreiris.ch\\\/de\\\/produktpraesentation\\\/aromatherapie\\\/\"},{\"@type\":\"ListItem\",\"position\":4,\"name\":\"\u00c4THERISCHE \u00d6LE\",\"item\":\"https:\\\/\\\/bien-etreiris.ch\\\/de\\\/produktpraesentation\\\/aromatherapie\\\/aetherische-oele\\\/\"},{\"@type\":\"ListItem\",\"position\":5,\"name\":\"SAUGE\"}]},{\"@type\":\"WebSite\",\"@id\":\"https:\\\/\\\/bien-etreiris.ch\\\/de\\\/#website\",\"url\":\"https:\\\/\\\/bien-etreiris.ch\\\/de\\\/\",\"name\":\"Bien-\u00eatre Iris\",\"description\":\"IHRE Gesundheit ist uns wichtig\",\"potentialAction\":[{\"@type\":\"SearchAction\",\"target\":{\"@type\":\"EntryPoint\",\"urlTemplate\":\"https:\\\/\\\/bien-etreiris.ch\\\/de\\\/?s={search_term_string}\"},\"query-input\":{\"@type\":\"PropertyValueSpecification\",\"valueRequired\":true,\"valueName\":\"search_term_string\"}}],\"inLanguage\":\"de\"}]}<\/script>\n<!-- \/ Yoast SEO plugin. -->","yoast_head_json":{"title":"SAUGE - WOHLBEFINDEN","robots":{"index":"index","follow":"follow","max-snippet":"max-snippet:-1","max-image-preview":"max-image-preview:large","max-video-preview":"max-video-preview:-1"},"canonical":"https:\/\/bien-etreiris.ch\/de\/produktpraesentation\/aromatherapie\/aetherische-oele\/sauge-2\/","og_locale":"de_DE","og_type":"article","og_title":"SAUGE - WOHLBEFINDEN","og_description":"Sauge BIO &nbsp; &nbsp; &nbsp; Damascena Huile essentielle 100% naturelle Lat. Nom : Salvia officinalis Garantie de qualit\u00e9 biologique sup\u00e9rieure CH-BIO 006 &nbsp;Contenue: 5 ml CHF 9.00 &nbsp; &nbsp; &nbsp; Nom botanique : Salvia officinalis Famille botanique : Lamiac\u00e9es M\u00e9thode d'extraction : distillation \u00e0 la vapeur d'eau Partie de la plante utilis\u00e9e : parties a\u00e9riennes Quantit\u00e9 v\u00e9g\u00e9tale : 50 kg&nbsp;Weiter lesen","og_url":"https:\/\/bien-etreiris.ch\/de\/produktpraesentation\/aromatherapie\/aetherische-oele\/sauge-2\/","og_site_name":"WOHLBEFINDEN","article_publisher":"https:\/\/www.facebook.com\/bienetreiris\/","article_modified_time":"2023-05-10T05:49:48+00:00","og_image":[{"width":500,"height":303,"url":"https:\/\/bien-etreiris.ch\/wp-content\/uploads\/2023\/05\/acceuil-sauge-4.png","type":"image\/png"}],"twitter_misc":{"Gesch\u00e4tzte Lesezeit":"2\u00a0Minuten"},"schema":{"@context":"https:\/\/schema.org","@graph":[{"@type":"WebPage","@id":"https:\/\/bien-etreiris.ch\/de\/produktpraesentation\/aromatherapie\/aetherische-oele\/sauge-2\/","url":"https:\/\/bien-etreiris.ch\/de\/produktpraesentation\/aromatherapie\/aetherische-oele\/sauge-2\/","name":"SAUGE - WOHLBEFINDEN","isPartOf":{"@id":"https:\/\/bien-etreiris.ch\/de\/#website"},"primaryImageOfPage":{"@id":"https:\/\/bien-etreiris.ch\/de\/produktpraesentation\/aromatherapie\/aetherische-oele\/sauge-2\/#primaryimage"},"image":{"@id":"https:\/\/bien-etreiris.ch\/de\/produktpraesentation\/aromatherapie\/aetherische-oele\/sauge-2\/#primaryimage"},"thumbnailUrl":"https:\/\/bien-etreiris.ch\/wp-content\/uploads\/2023\/05\/acceuil-sauge-4.png","datePublished":"2023-05-09T13:39:24+00:00","dateModified":"2023-05-10T05:49:48+00:00","breadcrumb":{"@id":"https:\/\/bien-etreiris.ch\/de\/produktpraesentation\/aromatherapie\/aetherische-oele\/sauge-2\/#breadcrumb"},"inLanguage":"de","potentialAction":[{"@type":"ReadAction","target":["https:\/\/bien-etreiris.ch\/de\/produktpraesentation\/aromatherapie\/aetherische-oele\/sauge-2\/"]}]},{"@type":"ImageObject","inLanguage":"de","@id":"https:\/\/bien-etreiris.ch\/de\/produktpraesentation\/aromatherapie\/aetherische-oele\/sauge-2\/#primaryimage","url":"https:\/\/bien-etreiris.ch\/wp-content\/uploads\/2023\/05\/acceuil-sauge-4.png","contentUrl":"https:\/\/bien-etreiris.ch\/wp-content\/uploads\/2023\/05\/acceuil-sauge-4.png","width":500,"height":303},{"@type":"BreadcrumbList","@id":"https:\/\/bien-etreiris.ch\/de\/produktpraesentation\/aromatherapie\/aetherische-oele\/sauge-2\/#breadcrumb","itemListElement":[{"@type":"ListItem","position":1,"name":"Home","item":"https:\/\/bien-etreiris.ch\/de\/"},{"@type":"ListItem","position":2,"name":"PRODUKTPR\u00c4SENTATION","item":"https:\/\/bien-etreiris.ch\/de\/produktpraesentation\/"},{"@type":"ListItem","position":3,"name":"AROMATHERAPIE","item":"https:\/\/bien-etreiris.ch\/de\/produktpraesentation\/aromatherapie\/"},{"@type":"ListItem","position":4,"name":"\u00c4THERISCHE \u00d6LE","item":"https:\/\/bien-etreiris.ch\/de\/produktpraesentation\/aromatherapie\/aetherische-oele\/"},{"@type":"ListItem","position":5,"name":"SAUGE"}]},{"@type":"WebSite","@id":"https:\/\/bien-etreiris.ch\/de\/#website","url":"https:\/\/bien-etreiris.ch\/de\/","name":"Bien-\u00eatre Iris","description":"IHRE Gesundheit ist uns wichtig","potentialAction":[{"@type":"SearchAction","target":{"@type":"EntryPoint","urlTemplate":"https:\/\/bien-etreiris.ch\/de\/?s={search_term_string}"},"query-input":{"@type":"PropertyValueSpecification","valueRequired":true,"valueName":"search_term_string"}}],"inLanguage":"de"}]}},"_links":{"self":[{"href":"https:\/\/bien-etreiris.ch\/de\/wp-json\/wp\/v2\/pages\/69620","targetHints":{"allow":["GET"]}}],"collection":[{"href":"https:\/\/bien-etreiris.ch\/de\/wp-json\/wp\/v2\/pages"}],"about":[{"href":"https:\/\/bien-etreiris.ch\/de\/wp-json\/wp\/v2\/types\/page"}],"author":[{"embeddable":true,"href":"https:\/\/bien-etreiris.ch\/de\/wp-json\/wp\/v2\/users\/1"}],"replies":[{"embeddable":true,"href":"https:\/\/bien-etreiris.ch\/de\/wp-json\/wp\/v2\/comments?post=69620"}],"version-history":[{"count":16,"href":"https:\/\/bien-etreiris.ch\/de\/wp-json\/wp\/v2\/pages\/69620\/revisions"}],"predecessor-version":[{"id":69903,"href":"https:\/\/bien-etreiris.ch\/de\/wp-json\/wp\/v2\/pages\/69620\/revisions\/69903"}],"up":[{"embeddable":true,"href":"https:\/\/bien-etreiris.ch\/de\/wp-json\/wp\/v2\/pages\/80354"}],"wp:featuredmedia":[{"embeddable":true,"href":"https:\/\/bien-etreiris.ch\/de\/wp-json\/wp\/v2\/media\/69751"}],"wp:attachment":[{"href":"https:\/\/bien-etreiris.ch\/de\/wp-json\/wp\/v2\/media?parent=69620"}],"curies":[{"name":"wp","href":"https:\/\/api.w.org\/{rel}","templated":true}]}}