{"id":69325,"date":"2023-05-02T13:54:58","date_gmt":"2023-05-02T11:54:58","guid":{"rendered":"https:\/\/bien-etreiris.ch\/produktpraesentation\/aromatherapie\/aetherische-oele\/cade\/"},"modified":"2023-05-16T22:35:07","modified_gmt":"2023-05-16T20:35:07","slug":"cade","status":"publish","type":"page","link":"https:\/\/bien-etreiris.ch\/de\/produktpraesentation\/aromatherapie\/aetherische-oele\/cade\/","title":{"rendered":"CADE"},"content":{"rendered":"<h2>Cade<\/h2>\n<p>&nbsp;<\/p>\n<p><a href=\"https:\/\/bien-etreiris.ch\/de\/produktpraesentation\/aromatherapie\/aetherische-oele\/cade\/cade-2\/\" rel=\"attachment wp-att-69328\"><img loading=\"lazy\" decoding=\"async\" class=\"size-full wp-image-69328 alignleft\" src=\"https:\/\/bien-etreiris.ch\/wp-content\/uploads\/2023\/05\/cade.jpg\" alt=\"\" width=\"206\" height=\"446\" srcset=\"https:\/\/bien-etreiris.ch\/wp-content\/uploads\/2023\/05\/cade.jpg 206w, https:\/\/bien-etreiris.ch\/wp-content\/uploads\/2023\/05\/cade-139x300.jpg 139w\" sizes=\"auto, (max-width: 206px) 100vw, 206px\" \/><\/a><\/p>\n<p>&nbsp;<\/p>\n<p>&nbsp;<\/p>\n<p>&nbsp;<\/p>\n<h4>Compagnie des sens<\/h4>\n<p><em>Nom commun<\/em> : Cade, Gen\u00e9vrier Oxyc\u00e8dre,<br \/>\nBois de Cade, Gen\u00e9vrier Cadier, Petit C\u00e8dre<\/p>\n<p>&nbsp;<\/p>\n<p>&nbsp;<\/p>\n<p>10 ml <strong>CHF 7.80<\/strong><\/p>\n<p>&nbsp;<\/p>\n<p>&nbsp;<\/p>\n<p>&nbsp;<\/p>\n<p>&nbsp;<\/p>\n<table style=\"width: 100%; height: 755px;\">\n<tbody>\n<tr style=\"height: 23px;\">\n<td style=\"width: 31.1905%; height: 23px;\"><strong>Nom botanique :<\/strong><\/td>\n<td style=\"width: 67.8571%; height: 23px;\">Juniperus oxycedrus L.<\/td>\n<\/tr>\n<tr style=\"height: 23px;\">\n<td style=\"width: 31.1905%; height: 23px;\"><strong>Famille botanique :<\/strong><\/td>\n<td style=\"width: 67.8571%; height: 23px;\">Cupressaceae<\/td>\n<\/tr>\n<tr style=\"height: 23px;\">\n<td style=\"width: 31.1905%; height: 23px;\"><strong>M\u00e9thode d'extraction :<\/strong><\/td>\n<td style=\"width: 67.8571%; height: 23px;\">&nbsp;<\/td>\n<\/tr>\n<tr style=\"height: 23px;\">\n<td style=\"width: 31.1905%; height: 23px;\"><strong>Partie de la plante utilis\u00e9e :<\/strong><\/td>\n<td style=\"width: 67.8571%; height: 23px;\">Bois<\/td>\n<\/tr>\n<tr style=\"height: 23px;\">\n<td style=\"width: 31.1905%; height: 23px;\"><strong>Quantit\u00e9 v\u00e9g\u00e9tale :<\/strong><\/td>\n<td style=\"width: 67.8571%; height: 23px;\">&nbsp;<\/td>\n<\/tr>\n<tr style=\"height: 23px;\">\n<td style=\"width: 31.1905%; height: 23px;\"><strong>Origine g\u00e9ographique :<\/strong>&nbsp;<\/td>\n<td style=\"width: 67.8571%; height: 23px;\">France<\/td>\n<\/tr>\n<tr style=\"height: 23px;\">\n<td style=\"width: 31.1905%; height: 23px;\"><strong>Culture qualit\u00e9&nbsp;:<\/strong><\/td>\n<td style=\"width: 67.8571%; height: 23px;\">biologique<\/td>\n<\/tr>\n<tr style=\"height: 23px;\">\n<td style=\"width: 31.1905%; height: 23px;\"><strong>Effet parfum\u00e9 :<\/strong><\/td>\n<td style=\"width: 67.8571%; height: 23px;\">&nbsp;<\/td>\n<\/tr>\n<tr style=\"height: 23px;\">\n<td style=\"width: 31.1905%; height: 23px;\"><strong>Note parfum\u00e9e :<\/strong><\/td>\n<td style=\"width: 67.8571%; height: 23px;\">&nbsp;<\/td>\n<\/tr>\n<tr style=\"height: 23px;\">\n<td style=\"width: 31.1905%; height: 23px;\"><strong>Profil de parfum :<\/strong><\/td>\n<td style=\"width: 67.8571%; height: 23px;\">&nbsp;<\/td>\n<\/tr>\n<tr style=\"height: 23px;\">\n<td style=\"width: 31.1905%; height: 23px;\"><strong>Th\u00e8me du parfum :<\/strong><\/td>\n<td style=\"width: 67.8571%; height: 23px;\">&nbsp;<\/td>\n<\/tr>\n<tr style=\"height: 23px;\">\n<td style=\"width: 31.1905%; height: 23px;\"><strong>\u00c9nerg\u00e9tique :<\/strong><\/td>\n<td style=\"width: 67.8571%; height: 23px;\">&nbsp;<\/td>\n<\/tr>\n<tr style=\"height: 23px;\">\n<td style=\"width: 31.1905%; height: 23px; vertical-align: top;\"><strong>Psycho-\u00e9motionnel :<\/strong>&nbsp;<\/td>\n<td style=\"width: 67.8571%; height: 23px;\">\n<ul style=\"list-style-type: disc;\">\n<li>dissout les blocages \u00e9nerg\u00e9tiques, le corps mental peut s\u2019aligner avec le corps physique.<\/li>\n<li>Elle aide \u00e0 diff\u00e9rencier les projections, l\u2019interpr\u00e9tation et la r\u00e9alit\u00e9<\/li>\n<li>Elle guide les personnes qui manquent de certitude et de confiance spirituelle. Elle renforce la prise de conscience et la capacit\u00e9 de se voir avec objectivit\u00e9.<\/li>\n<\/ul>\n<\/td>\n<\/tr>\n<tr style=\"height: 320px;\">\n<td style=\"width: 31.1905%; height: 320px; vertical-align: top;\"><strong>Description :<\/strong>&nbsp;&nbsp;<\/p>\n<p>&nbsp;<\/p>\n<p>&nbsp;<\/p>\n<p>&nbsp;<\/p>\n<p>&nbsp;<\/p>\n<p>&nbsp;<\/td>\n<td style=\"width: 67.8571%; height: 320px;\" scope=\"row\">\n<ul style=\"list-style-type: disc;\">\n<li><span class=\"ILfuVd\" lang=\"fr\"><span class=\"hgKElc\">Historiquement, ce sont les bergers qui en d\u00e9tenaient les secrets de distillation, et l\u2019on retrouve encore aujourd\u2019hui d\u2019anciens fours t\u00e9moins de cette \u00e9poque, utilis\u00e9s pour faire br\u00fbler le bois et en r\u00e9cup\u00e9rer l\u2019huile. Cette pratique accompagnait traditionnellement l\u2019\u00e9levage des moutons et des ch\u00e8vres, les bergers utilisant l\u2019huile de cade pour prot\u00e9ger leurs animaux du soleil et des insectes, avant de constater son efficacit\u00e9 et ses nombreuses vertus protectrices, et de l\u2019adopter pour eux-m\u00eames, notamment afin de prot\u00e9ger leur visage et leurs mains du vent et du soleil.<\/span><\/span><\/li>\n<li><span class=\"ILfuVd\" lang=\"fr\"><span class=\"hgKElc\">Antiseptique, antiparasitaire antifongique et r\u00e9pulsive, elle peut \u00eatre employ\u00e9e pour lutter contre les insectes et les parasites en tout genre, En diffusion, l'huile essentielle de Cade est relaxante et harmonisante; elle favorise la concentration et aide \u00e0 lutter contre les addictions.<\/span><\/span><\/li>\n<\/ul>\n<\/td>\n<\/tr>\n<tr style=\"height: 68px;\">\n<td style=\"width: 31.1905%; height: 68px; vertical-align: top;\"><strong>Application :<\/strong><\/td>\n<td style=\"height: 68px; width: 67.8571%;\">\n<ul style=\"list-style-type: disc;\">\n<li>L'huile de cade est conseill\u00e9e si vous avez la peau s\u00e8che et\/ou si vous souffrez d'affections comme le psoriasis et l'ecz\u00e9ma.<\/li>\n<li>Elle calme \u00e9galement les dermites estivales.<\/li>\n<li>Le plus simple est d'en mettre quelques gouttes dans votre gel douche habituel.<\/li>\n<li>En pharmacie, on trouve aussi des produits lavants \u00e0 l'huile de cade, qu'il suffit d'ajouter \u00e0 l'eau du bain.<\/li>\n<\/ul>\n<\/td>\n<\/tr>\n<tr>\n<td style=\"width: 31.1905%; vertical-align: top;\"><strong>Principes actifs :<\/strong>&nbsp;&nbsp;<\/p>\n<p><strong>&nbsp;<\/strong><\/td>\n<td style=\"width: 67.8571%;\">\n<ul style=\"list-style-type: disc;\">\n<li>Delta cadin\u00e8ne (de 18&nbsp;\u00e0 34 %)<\/li>\n<li>Cadina-1,4-di\u00e8ne (\u2264 14 %)<\/li>\n<li>Epi cub\u00e9nol (de 6&nbsp;\u00e0 12 %)<\/li>\n<li>Zonar\u00e8ne (\u2264 9 %)<\/li>\n<li>B\u00e9ta caryophyll\u00e8ne (de 3&nbsp;\u00e0 9 %)<\/li>\n<li>Trans calamen\u00e8ne (de 3&nbsp;\u00e0 9 %)<\/li>\n<\/ul>\n<\/td>\n<\/tr>\n<tr>\n<td style=\"width: 31.1905%; vertical-align: top;\"><strong>Pr\u00e9cautions&nbsp;:<\/strong><\/td>\n<td style=\"width: 67.8571%;\">\n<ul style=\"list-style-type: disc;\">\n<li><strong>femme enceinte et enfant &lt;&nbsp; 6 ans<\/strong><\/li>\n<\/ul>\n<\/td>\n<\/tr>\n<\/tbody>\n<\/table>\n<h4>&nbsp;<\/h4>\n<p>&nbsp;<\/p>\n<p>&nbsp;<\/p>\n<p>&nbsp;<\/p>\n<p>L'huile de Cade est \u00e9galement appr\u00e9ci\u00e9e en <strong>m\u00e9decine v\u00e9t\u00e9rinaire<\/strong>. Antiseptique, antiparasitaire antifongique et r\u00e9pulsive, elle peut \u00eatre employ\u00e9e pour lutter contre les insectes et les parasites en tout genre.<\/p>\n<p>L'odeur bois\u00e9e caract\u00e9ristique<br \/>\nde l'huile de cade lui conf\u00e8re une action r\u00e9pulsive contre les puces, tiques et parasites.<\/p>\n<p><span class=\"ILfuVd\" lang=\"fr\"><span class=\"hgKElc\">On utilise l'huile de cade pure. <b>Elle doit \u00eatre appliqu\u00e9e directement sur les pattes des poules concern\u00e9es par cette forme de gale dont le responsable est un acarien<\/b>. La posologie recommand\u00e9e est de 1 application par jour et la dur\u00e9e du traitement est de 2 semaines. L'huile s'applique tout simplement au pinceau.<\/span><\/span><\/p>\n<p>&nbsp;<\/p>\n<p><strong>Bon \u00e0 savoir<\/strong>&nbsp;: la poudre issue du bois de Cade peut \u00eatre br\u00fbl\u00e9e afin d\u2019assainir l\u2019air dans toute la maison.<\/p>\n","protected":false},"excerpt":{"rendered":"<p>Cade &nbsp; &nbsp; &nbsp; &nbsp; Compagnie des sens Nom commun : Cade, Gen\u00e9vrier Oxyc\u00e8dre, Bois de Cade, Gen\u00e9vrier Cadier, Petit C\u00e8dre &nbsp; &nbsp; 10 ml CHF 7.80 &nbsp; &nbsp; &nbsp; &nbsp; Nom botanique : Juniperus oxycedrus L. Famille botanique : Cupressaceae M\u00e9thode d'extraction : &nbsp; Partie de la plante utilis\u00e9e : Bois Quantit\u00e9 v\u00e9g\u00e9tale : &nbsp; Origine g\u00e9ographique :&nbsp; France&nbsp;<a href=\"https:\/\/bien-etreiris.ch\/de\/produktpraesentation\/aromatherapie\/aetherische-oele\/cade\/\" class=\"read-more\">Weiter lesen<\/a><\/p>\n","protected":false},"author":1,"featured_media":70340,"parent":37429,"menu_order":3612,"comment_status":"closed","ping_status":"closed","template":"page-with-child.php","meta":{"_acf_changed":false,"ngg_post_thumbnail":0,"footnotes":""},"class_list":["post-69325","page","type-page","status-publish","has-post-thumbnail","hentry"],"acf":[],"yoast_head":"<!-- This site is optimized with the Yoast SEO plugin v27.6 - https:\/\/yoast.com\/product\/yoast-seo-wordpress\/ -->\n<title>CADE - WOHLBEFINDEN<\/title>\n<meta name=\"robots\" content=\"index, follow, max-snippet:-1, max-image-preview:large, max-video-preview:-1\" \/>\n<link rel=\"canonical\" href=\"https:\/\/bien-etreiris.ch\/de\/produktpraesentation\/aromatherapie\/aetherische-oele\/cade\/\" \/>\n<meta property=\"og:locale\" content=\"de_DE\" \/>\n<meta property=\"og:type\" content=\"article\" \/>\n<meta property=\"og:title\" content=\"CADE - WOHLBEFINDEN\" \/>\n<meta property=\"og:description\" content=\"Cade &nbsp; &nbsp; &nbsp; &nbsp; Compagnie des sens Nom commun : Cade, Gen\u00e9vrier Oxyc\u00e8dre, Bois de Cade, Gen\u00e9vrier Cadier, Petit C\u00e8dre &nbsp; &nbsp; 10 ml CHF 7.80 &nbsp; &nbsp; &nbsp; &nbsp; Nom botanique : Juniperus oxycedrus L. Famille botanique : Cupressaceae M\u00e9thode d&#039;extraction : &nbsp; Partie de la plante utilis\u00e9e : Bois Quantit\u00e9 v\u00e9g\u00e9tale : &nbsp; Origine g\u00e9ographique :&nbsp; France&nbsp;Weiter lesen\" \/>\n<meta property=\"og:url\" content=\"https:\/\/bien-etreiris.ch\/de\/produktpraesentation\/aromatherapie\/aetherische-oele\/cade\/\" \/>\n<meta property=\"og:site_name\" content=\"WOHLBEFINDEN\" \/>\n<meta property=\"article:publisher\" content=\"https:\/\/www.facebook.com\/bienetreiris\/\" \/>\n<meta property=\"article:modified_time\" content=\"2023-05-16T20:35:07+00:00\" \/>\n<meta property=\"og:image\" content=\"https:\/\/bien-etreiris.ch\/wp-content\/uploads\/2023\/05\/acceuil-cade-3.png\" \/>\n\t<meta property=\"og:image:width\" content=\"500\" \/>\n\t<meta property=\"og:image:height\" content=\"303\" \/>\n\t<meta property=\"og:image:type\" content=\"image\/png\" \/>\n<meta name=\"twitter:label1\" content=\"Gesch\u00e4tzte Lesezeit\" \/>\n\t<meta name=\"twitter:data1\" content=\"3\u00a0Minuten\" \/>\n<script type=\"application\/ld+json\" class=\"yoast-schema-graph\">{\"@context\":\"https:\\\/\\\/schema.org\",\"@graph\":[{\"@type\":\"WebPage\",\"@id\":\"https:\\\/\\\/bien-etreiris.ch\\\/de\\\/produktpraesentation\\\/aromatherapie\\\/aetherische-oele\\\/cade\\\/\",\"url\":\"https:\\\/\\\/bien-etreiris.ch\\\/de\\\/produktpraesentation\\\/aromatherapie\\\/aetherische-oele\\\/cade\\\/\",\"name\":\"CADE - WOHLBEFINDEN\",\"isPartOf\":{\"@id\":\"https:\\\/\\\/bien-etreiris.ch\\\/de\\\/#website\"},\"primaryImageOfPage\":{\"@id\":\"https:\\\/\\\/bien-etreiris.ch\\\/de\\\/produktpraesentation\\\/aromatherapie\\\/aetherische-oele\\\/cade\\\/#primaryimage\"},\"image\":{\"@id\":\"https:\\\/\\\/bien-etreiris.ch\\\/de\\\/produktpraesentation\\\/aromatherapie\\\/aetherische-oele\\\/cade\\\/#primaryimage\"},\"thumbnailUrl\":\"https:\\\/\\\/bien-etreiris.ch\\\/wp-content\\\/uploads\\\/2023\\\/05\\\/acceuil-cade-3.png\",\"datePublished\":\"2023-05-02T11:54:58+00:00\",\"dateModified\":\"2023-05-16T20:35:07+00:00\",\"breadcrumb\":{\"@id\":\"https:\\\/\\\/bien-etreiris.ch\\\/de\\\/produktpraesentation\\\/aromatherapie\\\/aetherische-oele\\\/cade\\\/#breadcrumb\"},\"inLanguage\":\"de\",\"potentialAction\":[{\"@type\":\"ReadAction\",\"target\":[\"https:\\\/\\\/bien-etreiris.ch\\\/de\\\/produktpraesentation\\\/aromatherapie\\\/aetherische-oele\\\/cade\\\/\"]}]},{\"@type\":\"ImageObject\",\"inLanguage\":\"de\",\"@id\":\"https:\\\/\\\/bien-etreiris.ch\\\/de\\\/produktpraesentation\\\/aromatherapie\\\/aetherische-oele\\\/cade\\\/#primaryimage\",\"url\":\"https:\\\/\\\/bien-etreiris.ch\\\/wp-content\\\/uploads\\\/2023\\\/05\\\/acceuil-cade-3.png\",\"contentUrl\":\"https:\\\/\\\/bien-etreiris.ch\\\/wp-content\\\/uploads\\\/2023\\\/05\\\/acceuil-cade-3.png\",\"width\":500,\"height\":303},{\"@type\":\"BreadcrumbList\",\"@id\":\"https:\\\/\\\/bien-etreiris.ch\\\/de\\\/produktpraesentation\\\/aromatherapie\\\/aetherische-oele\\\/cade\\\/#breadcrumb\",\"itemListElement\":[{\"@type\":\"ListItem\",\"position\":1,\"name\":\"Home\",\"item\":\"https:\\\/\\\/bien-etreiris.ch\\\/de\\\/\"},{\"@type\":\"ListItem\",\"position\":2,\"name\":\"PRODUKTPR\u00c4SENTATION\",\"item\":\"https:\\\/\\\/bien-etreiris.ch\\\/de\\\/produktpraesentation\\\/\"},{\"@type\":\"ListItem\",\"position\":3,\"name\":\"AROMATHERAPIE\",\"item\":\"https:\\\/\\\/bien-etreiris.ch\\\/de\\\/produktpraesentation\\\/aromatherapie\\\/\"},{\"@type\":\"ListItem\",\"position\":4,\"name\":\"\u00c4THERISCHE \u00d6LE\",\"item\":\"https:\\\/\\\/bien-etreiris.ch\\\/de\\\/produktpraesentation\\\/aromatherapie\\\/aetherische-oele\\\/\"},{\"@type\":\"ListItem\",\"position\":5,\"name\":\"CADE\"}]},{\"@type\":\"WebSite\",\"@id\":\"https:\\\/\\\/bien-etreiris.ch\\\/de\\\/#website\",\"url\":\"https:\\\/\\\/bien-etreiris.ch\\\/de\\\/\",\"name\":\"Bien-\u00eatre Iris\",\"description\":\"IHRE Gesundheit ist uns wichtig\",\"potentialAction\":[{\"@type\":\"SearchAction\",\"target\":{\"@type\":\"EntryPoint\",\"urlTemplate\":\"https:\\\/\\\/bien-etreiris.ch\\\/de\\\/?s={search_term_string}\"},\"query-input\":{\"@type\":\"PropertyValueSpecification\",\"valueRequired\":true,\"valueName\":\"search_term_string\"}}],\"inLanguage\":\"de\"}]}<\/script>\n<!-- \/ Yoast SEO plugin. -->","yoast_head_json":{"title":"CADE - WOHLBEFINDEN","robots":{"index":"index","follow":"follow","max-snippet":"max-snippet:-1","max-image-preview":"max-image-preview:large","max-video-preview":"max-video-preview:-1"},"canonical":"https:\/\/bien-etreiris.ch\/de\/produktpraesentation\/aromatherapie\/aetherische-oele\/cade\/","og_locale":"de_DE","og_type":"article","og_title":"CADE - WOHLBEFINDEN","og_description":"Cade &nbsp; &nbsp; &nbsp; &nbsp; Compagnie des sens Nom commun : Cade, Gen\u00e9vrier Oxyc\u00e8dre, Bois de Cade, Gen\u00e9vrier Cadier, Petit C\u00e8dre &nbsp; &nbsp; 10 ml CHF 7.80 &nbsp; &nbsp; &nbsp; &nbsp; Nom botanique : Juniperus oxycedrus L. Famille botanique : Cupressaceae M\u00e9thode d'extraction : &nbsp; Partie de la plante utilis\u00e9e : Bois Quantit\u00e9 v\u00e9g\u00e9tale : &nbsp; Origine g\u00e9ographique :&nbsp; France&nbsp;Weiter lesen","og_url":"https:\/\/bien-etreiris.ch\/de\/produktpraesentation\/aromatherapie\/aetherische-oele\/cade\/","og_site_name":"WOHLBEFINDEN","article_publisher":"https:\/\/www.facebook.com\/bienetreiris\/","article_modified_time":"2023-05-16T20:35:07+00:00","og_image":[{"width":500,"height":303,"url":"https:\/\/bien-etreiris.ch\/wp-content\/uploads\/2023\/05\/acceuil-cade-3.png","type":"image\/png"}],"twitter_misc":{"Gesch\u00e4tzte Lesezeit":"3\u00a0Minuten"},"schema":{"@context":"https:\/\/schema.org","@graph":[{"@type":"WebPage","@id":"https:\/\/bien-etreiris.ch\/de\/produktpraesentation\/aromatherapie\/aetherische-oele\/cade\/","url":"https:\/\/bien-etreiris.ch\/de\/produktpraesentation\/aromatherapie\/aetherische-oele\/cade\/","name":"CADE - WOHLBEFINDEN","isPartOf":{"@id":"https:\/\/bien-etreiris.ch\/de\/#website"},"primaryImageOfPage":{"@id":"https:\/\/bien-etreiris.ch\/de\/produktpraesentation\/aromatherapie\/aetherische-oele\/cade\/#primaryimage"},"image":{"@id":"https:\/\/bien-etreiris.ch\/de\/produktpraesentation\/aromatherapie\/aetherische-oele\/cade\/#primaryimage"},"thumbnailUrl":"https:\/\/bien-etreiris.ch\/wp-content\/uploads\/2023\/05\/acceuil-cade-3.png","datePublished":"2023-05-02T11:54:58+00:00","dateModified":"2023-05-16T20:35:07+00:00","breadcrumb":{"@id":"https:\/\/bien-etreiris.ch\/de\/produktpraesentation\/aromatherapie\/aetherische-oele\/cade\/#breadcrumb"},"inLanguage":"de","potentialAction":[{"@type":"ReadAction","target":["https:\/\/bien-etreiris.ch\/de\/produktpraesentation\/aromatherapie\/aetherische-oele\/cade\/"]}]},{"@type":"ImageObject","inLanguage":"de","@id":"https:\/\/bien-etreiris.ch\/de\/produktpraesentation\/aromatherapie\/aetherische-oele\/cade\/#primaryimage","url":"https:\/\/bien-etreiris.ch\/wp-content\/uploads\/2023\/05\/acceuil-cade-3.png","contentUrl":"https:\/\/bien-etreiris.ch\/wp-content\/uploads\/2023\/05\/acceuil-cade-3.png","width":500,"height":303},{"@type":"BreadcrumbList","@id":"https:\/\/bien-etreiris.ch\/de\/produktpraesentation\/aromatherapie\/aetherische-oele\/cade\/#breadcrumb","itemListElement":[{"@type":"ListItem","position":1,"name":"Home","item":"https:\/\/bien-etreiris.ch\/de\/"},{"@type":"ListItem","position":2,"name":"PRODUKTPR\u00c4SENTATION","item":"https:\/\/bien-etreiris.ch\/de\/produktpraesentation\/"},{"@type":"ListItem","position":3,"name":"AROMATHERAPIE","item":"https:\/\/bien-etreiris.ch\/de\/produktpraesentation\/aromatherapie\/"},{"@type":"ListItem","position":4,"name":"\u00c4THERISCHE \u00d6LE","item":"https:\/\/bien-etreiris.ch\/de\/produktpraesentation\/aromatherapie\/aetherische-oele\/"},{"@type":"ListItem","position":5,"name":"CADE"}]},{"@type":"WebSite","@id":"https:\/\/bien-etreiris.ch\/de\/#website","url":"https:\/\/bien-etreiris.ch\/de\/","name":"Bien-\u00eatre Iris","description":"IHRE Gesundheit ist uns wichtig","potentialAction":[{"@type":"SearchAction","target":{"@type":"EntryPoint","urlTemplate":"https:\/\/bien-etreiris.ch\/de\/?s={search_term_string}"},"query-input":{"@type":"PropertyValueSpecification","valueRequired":true,"valueName":"search_term_string"}}],"inLanguage":"de"}]}},"_links":{"self":[{"href":"https:\/\/bien-etreiris.ch\/de\/wp-json\/wp\/v2\/pages\/69325","targetHints":{"allow":["GET"]}}],"collection":[{"href":"https:\/\/bien-etreiris.ch\/de\/wp-json\/wp\/v2\/pages"}],"about":[{"href":"https:\/\/bien-etreiris.ch\/de\/wp-json\/wp\/v2\/types\/page"}],"author":[{"embeddable":true,"href":"https:\/\/bien-etreiris.ch\/de\/wp-json\/wp\/v2\/users\/1"}],"replies":[{"embeddable":true,"href":"https:\/\/bien-etreiris.ch\/de\/wp-json\/wp\/v2\/comments?post=69325"}],"version-history":[{"count":6,"href":"https:\/\/bien-etreiris.ch\/de\/wp-json\/wp\/v2\/pages\/69325\/revisions"}],"predecessor-version":[{"id":70343,"href":"https:\/\/bien-etreiris.ch\/de\/wp-json\/wp\/v2\/pages\/69325\/revisions\/70343"}],"up":[{"embeddable":true,"href":"https:\/\/bien-etreiris.ch\/de\/wp-json\/wp\/v2\/pages\/37429"}],"wp:featuredmedia":[{"embeddable":true,"href":"https:\/\/bien-etreiris.ch\/de\/wp-json\/wp\/v2\/media\/70340"}],"wp:attachment":[{"href":"https:\/\/bien-etreiris.ch\/de\/wp-json\/wp\/v2\/media?parent=69325"}],"curies":[{"name":"wp","href":"https:\/\/api.w.org\/{rel}","templated":true}]}}