{"id":69223,"date":"2023-05-01T14:35:32","date_gmt":"2023-05-01T12:35:32","guid":{"rendered":"https:\/\/bien-etreiris.ch\/produktpraesentation\/aromatherapie\/aetherische-oele\/cypres\/"},"modified":"2023-05-09T17:56:57","modified_gmt":"2023-05-09T15:56:57","slug":"cypres","status":"publish","type":"page","link":"https:\/\/bien-etreiris.ch\/de\/produktpraesentation\/aromatherapie\/aetherische-oele\/cypres\/","title":{"rendered":"CYPRES"},"content":{"rendered":"<h2>Cypr\u00e8s BIO<\/h2>\n<p><a href=\"https:\/\/bien-etreiris.ch\/de\/produktpraesentation\/aromatherapie\/aetherische-oele\/cypres\/cypres-2\/\" rel=\"attachment wp-att-69199\"><img loading=\"lazy\" decoding=\"async\" class=\"wp-image-69199 alignleft\" src=\"https:\/\/bien-etreiris.ch\/wp-content\/uploads\/2023\/05\/cypres.jpg\" alt=\"\" width=\"199\" height=\"426\" srcset=\"https:\/\/bien-etreiris.ch\/wp-content\/uploads\/2023\/05\/cypres.jpg 369w, https:\/\/bien-etreiris.ch\/wp-content\/uploads\/2023\/05\/cypres-140x300.jpg 140w\" sizes=\"auto, (max-width: 199px) 100vw, 199px\" \/><\/a><\/p>\n<p>&nbsp;<\/p>\n<p>&nbsp;<\/p>\n<h4>&nbsp;<\/h4>\n<p>&nbsp;<\/p>\n<p>&nbsp;<\/p>\n<h4>&nbsp;<\/h4>\n<h4>Damascena<\/h4>\n<p>Huile essentielle 100% naturelle<\/p>\n<p>Garantie de la plus haute qualit\u00e9 bio CH-BIO 006<\/p>\n<p>5 ml <strong>CHF 9.00<\/strong><\/p>\n<p>&nbsp;<\/p>\n<p>&nbsp;<\/p>\n<p>&nbsp;<\/p>\n<div class=\"span12\" data-motopress-wrapper-file=\"page-fullwidth.php\" data-motopress-wrapper-type=\"content\">\n<div id=\"content\" class=\"row\">\n<div class=\"span12\" data-motopress-type=\"loop\" data-motopress-loop-file=\"loop\/loop-page.php\">\n<div id=\"post-63950\" class=\"page post-63950 type-page status-publish has-post-thumbnail hentry\">\n<table style=\"width: 100%; height: 980px;\">\n<tbody>\n<tr style=\"height: 23px;\">\n<td style=\"width: 31.1905%; height: 23px;\"><strong>Nom botanique :<\/strong><\/td>\n<td style=\"width: 67.8571%; height: 23px;\">Cupressus sempervirens<\/td>\n<\/tr>\n<tr style=\"height: 23px;\">\n<td style=\"width: 31.1905%; height: 23px;\"><strong>Famille botanique :<\/strong><\/td>\n<td style=\"width: 67.8571%; height: 23px;\">Cupressac\u00e9es<\/td>\n<\/tr>\n<tr style=\"height: 23px;\">\n<td style=\"width: 31.1905%; height: 23px;\"><strong>M\u00e9thode d'extraction :<\/strong><\/td>\n<td style=\"width: 67.8571%; height: 23px;\">distillation \u00e0 la vapeur d'eau<\/td>\n<\/tr>\n<tr style=\"height: 23px;\">\n<td style=\"width: 31.1905%; height: 23px;\"><strong>Partie de la plante utilis\u00e9e :<\/strong><\/td>\n<td style=\"width: 67.8571%; height: 23px;\">distillation \u00e0 la vapeur d'eau<\/td>\n<\/tr>\n<tr style=\"height: 23px;\">\n<td style=\"width: 31.1905%; height: 23px;\"><strong>Quantit\u00e9 v\u00e9g\u00e9tale :<\/strong><\/td>\n<td style=\"width: 67.8571%; height: 23px;\">Pour obtenir 1 kg d'huile, il faut environ 70 kg de branches.<\/td>\n<\/tr>\n<tr style=\"height: 23px;\">\n<td style=\"width: 31.1905%; height: 23px;\"><strong>Origine g\u00e9ographique :<\/strong>&nbsp;<\/td>\n<td style=\"width: 67.8571%; height: 23px;\">France<\/td>\n<\/tr>\n<tr style=\"height: 46px;\">\n<td style=\"width: 31.1905%; height: 46px;\"><strong>Culture qualit\u00e9&nbsp;:<\/strong><\/td>\n<td style=\"width: 67.8571%; height: 46px;\">Alpha-pin\u00e8ne (de 40 \u00e0 65 %)<br \/>\nDelta-3-car\u00e8ne (de 12 \u00e0 25 %)<\/td>\n<\/tr>\n<tr style=\"height: 23px;\">\n<td style=\"width: 31.1905%; height: 23px;\"><strong>Effet parfum\u00e9 :<\/strong><\/td>\n<td style=\"width: 67.8571%; height: 23px;\">stimulant<\/td>\n<\/tr>\n<tr style=\"height: 23px;\">\n<td style=\"width: 31.1905%; height: 23px;\"><strong>Note parfum\u00e9e :<\/strong><\/td>\n<td style=\"width: 67.8571%; height: 23px;\">note de base\/c\u0153ur<\/td>\n<\/tr>\n<tr style=\"height: 23px;\">\n<td style=\"width: 31.1905%; height: 23px;\"><strong>Profil de parfum :<\/strong><\/td>\n<td style=\"width: 67.8571%; height: 23px;\">chaud, bois\u00e9, piquant<\/td>\n<\/tr>\n<tr style=\"height: 23px;\">\n<td style=\"width: 31.1905%; height: 23px;\"><strong>Th\u00e8me du parfum :<\/strong><\/td>\n<td style=\"width: 67.8571%; height: 23px;\">fortifiant, protecteur, r\u00e9confortant, \u00e9quilibrant, favorise la concentration<\/td>\n<\/tr>\n<tr style=\"height: 23px;\">\n<td style=\"width: 31.1905%; height: 23px;\"><strong>\u00c9nerg\u00e9tique :<\/strong><\/td>\n<td style=\"width: 67.8571%; height: 23px;\">violet \/ 7e chakra<\/td>\n<\/tr>\n<tr style=\"height: 23px;\">\n<td style=\"width: 31.1905%; height: 23px;\"><strong>Psycho-\u00e9motionnel :<\/strong>&nbsp;<\/td>\n<td style=\"width: 67.8571%; height: 23px;\">aide d'aller \u00e0 l'essentiel<\/td>\n<\/tr>\n<tr style=\"height: 425px;\">\n<td style=\"width: 31.1905%; vertical-align: top; height: 425px;\"><strong>Description :<\/strong>&nbsp;&nbsp;&nbsp;&nbsp;&nbsp;<\/p>\n<p>&nbsp;<\/p>\n<p>&nbsp;<\/p>\n<p>&nbsp;<\/p>\n<p>&nbsp;<\/p>\n<p>&nbsp;<\/td>\n<td style=\"width: 67.8571%; height: 425px;\" scope=\"row\">\n<ul style=\"list-style-type: disc;\">\n<li>Le nom latin \"sempervirens\" du cypr\u00e8s signifie \"\u00e9ternel\". Par sa croissance, le cypr\u00e8s \u00e9tablit une ligne directe entre la terre et le ciel. De tout temps, il a \u00e9t\u00e9 consid\u00e9r\u00e9 comme l'arbre de l'espoir qui surmonte la mort. L'aromath\u00e9rapie utilise l'huile essentielle de cypr\u00e8s pour traiter les troubles de l'appareil respiratoire et pour r\u00e9guler l'\u00e9quilibre hormonal.<\/li>\n<li>Le cypr\u00e8s est \u00e9galement utilis\u00e9 en aromath\u00e9rapie en cas de faiblesse du tissu conjonctif.<\/li>\n<li>Son message \u00e9motionnel ram\u00e8ne \u00e0 l'essentiel, apporte de la clart\u00e9 et permet de mettre les choses au point. Il stabilise en cas de distraction et de surcharge de stimuli.<\/li>\n<li>Le cypr\u00e8s est une huile qui permet de mettre de l'ordre et de laisser l'ancien derri\u00e8re soi. Elle oriente le regard vers l'avant.<\/li>\n<\/ul>\n<\/td>\n<\/tr>\n<tr style=\"height: 111px;\">\n<td style=\"width: 31.1905%; height: 111px; vertical-align: top;\"><strong>Application :<\/strong><\/td>\n<td style=\"width: 67.8571%; height: 111px;\">\n<div id=\"extra-1\" class=\"wc-tab tab-pane rg_productextratabs-2 js-product-tab-active active\" aria-expanded=\"true\">\n<div id=\"extra-1\" class=\"wc-tab tab-pane rg_productextratabs-2 js-product-tab-active active\" aria-expanded=\"true\">\n<ul style=\"list-style-type: disc;\">\n<li>Le cypr\u00e8s se m\u00e9lange bien avec la lavande, le romarin, l'encens, la camomille, le g\u00e9ranium rosat, le n\u00e9roli, le bois de linaloa et le c\u00e8dre.<\/li>\n<li>Pour un spray corporel d\u00e9congestionnant, m\u00e9langer avec du gen\u00e9vrier, du citron et de l'hydrolat d'hamam\u00e9lis.<\/li>\n<\/ul>\n<\/div>\n<\/div>\n<\/td>\n<\/tr>\n<tr style=\"height: 102px;\">\n<td style=\"width: 31.1905%; height: 102px;\"><strong>Principes actifs :<\/strong><\/td>\n<td style=\"width: 67.8571%; height: 102px;\">\n<div id=\"extra-1\" class=\"wc-tab tab-pane rg_productextratabs-2 js-product-tab-active active\" aria-expanded=\"true\">\n<div id=\"extra-1\" class=\"wc-tab tab-pane rg_productextratabs-2 js-product-tab-active active\" aria-expanded=\"true\">\n<ul>\n<li>Alpha-pin\u00e8ne (de 40&nbsp;\u00e0 65 %)<\/li>\n<li>Delta-3-car\u00e8ne (de 12&nbsp;\u00e0 25 %)&nbsp;<\/li>\n<\/ul>\n<\/div>\n<\/div>\n<\/td>\n<\/tr>\n<tr style=\"height: 10px;\">\n<td style=\"width: 31.1905%; height: 10px; vertical-align: top;\"><strong>Pr\u00e9cautions&nbsp;:<\/strong><\/td>\n<td style=\"width: 67.8571%; height: 10px;\">\n<div id=\"extra-1\" class=\"wc-tab tab-pane rg_productextratabs-2 js-product-tab-active active\" aria-expanded=\"true\">\n<ul style=\"list-style-type: disc;\">\n<li id=\"extra-1\" class=\"wc-tab tab-pane rg_productextratabs-2 js-product-tab-active active\" aria-expanded=\"true\"><strong>attention en cas de mastose (manol)<\/strong><\/li>\n<li aria-expanded=\"true\">Ne pas utiliser pendant la grossesse, en cas d'hypertension et d'\u00e9pilepsie !<\/li>\n<\/ul>\n<\/div>\n<\/td>\n<\/tr>\n<tr style=\"height: 10px;\">\n<td style=\"width: 99.0476%; height: 10px;\" colspan=\"2\">\n<div id=\"extra-1\" class=\"wc-tab tab-pane rg_productextratabs-2 js-product-tab-active active\" aria-expanded=\"true\">\n<div id=\"extra-1\" class=\"wc-tab tab-pane rg_productextratabs-2 js-product-tab-active active\" aria-expanded=\"true\">\n<p>Des sp\u00e9cialistes qualifi\u00e9s vous donneront volontiers de plus amples informations sur les possibilit\u00e9s d'utilisation m\u00e9dicale et cosm\u00e9tique.<\/p>\n<\/div>\n<\/div>\n<\/td>\n<\/tr>\n<\/tbody>\n<\/table>\n<div class=\"clear\">&nbsp;<\/div>\n<\/div>\n<div class=\"row\">&nbsp;<\/div>\n<\/div>\n<\/div>\n<\/div>\n","protected":false},"excerpt":{"rendered":"<p>Cypr\u00e8s BIO &nbsp; &nbsp; &nbsp; &nbsp; &nbsp; &nbsp; Damascena Huile essentielle 100% naturelle Garantie de la plus haute qualit\u00e9 bio CH-BIO 006 5 ml CHF 9.00 &nbsp; &nbsp; &nbsp; Nom botanique : Cupressus sempervirens Famille botanique : Cupressac\u00e9es M\u00e9thode d'extraction : distillation \u00e0 la vapeur d'eau Partie de la plante utilis\u00e9e : distillation \u00e0 la vapeur d'eau Quantit\u00e9 v\u00e9g\u00e9tale :&nbsp;<a href=\"https:\/\/bien-etreiris.ch\/de\/produktpraesentation\/aromatherapie\/aetherische-oele\/cypres\/\" class=\"read-more\">Weiter lesen<\/a><\/p>\n","protected":false},"author":1,"featured_media":69767,"parent":37429,"menu_order":3625,"comment_status":"closed","ping_status":"closed","template":"page-with-child.php","meta":{"_acf_changed":false,"ngg_post_thumbnail":0,"footnotes":""},"class_list":["post-69223","page","type-page","status-publish","has-post-thumbnail","hentry"],"acf":[],"yoast_head":"<!-- This site is optimized with the Yoast SEO plugin v27.6 - https:\/\/yoast.com\/product\/yoast-seo-wordpress\/ -->\n<title>CYPRES - WOHLBEFINDEN<\/title>\n<meta name=\"robots\" content=\"index, follow, max-snippet:-1, max-image-preview:large, max-video-preview:-1\" \/>\n<link rel=\"canonical\" href=\"https:\/\/bien-etreiris.ch\/de\/produktpraesentation\/aromatherapie\/aetherische-oele\/cypres\/\" \/>\n<meta property=\"og:locale\" content=\"de_DE\" \/>\n<meta property=\"og:type\" content=\"article\" \/>\n<meta property=\"og:title\" content=\"CYPRES - WOHLBEFINDEN\" \/>\n<meta property=\"og:description\" content=\"Cypr\u00e8s BIO &nbsp; &nbsp; &nbsp; &nbsp; &nbsp; &nbsp; Damascena Huile essentielle 100% naturelle Garantie de la plus haute qualit\u00e9 bio CH-BIO 006 5 ml CHF 9.00 &nbsp; &nbsp; &nbsp; Nom botanique : Cupressus sempervirens Famille botanique : Cupressac\u00e9es M\u00e9thode d&#039;extraction : distillation \u00e0 la vapeur d&#039;eau Partie de la plante utilis\u00e9e : distillation \u00e0 la vapeur d&#039;eau Quantit\u00e9 v\u00e9g\u00e9tale :&nbsp;Weiter lesen\" \/>\n<meta property=\"og:url\" content=\"https:\/\/bien-etreiris.ch\/de\/produktpraesentation\/aromatherapie\/aetherische-oele\/cypres\/\" \/>\n<meta property=\"og:site_name\" content=\"WOHLBEFINDEN\" \/>\n<meta property=\"article:publisher\" content=\"https:\/\/www.facebook.com\/bienetreiris\/\" \/>\n<meta property=\"article:modified_time\" content=\"2023-05-09T15:56:57+00:00\" \/>\n<meta property=\"og:image\" content=\"https:\/\/bien-etreiris.ch\/wp-content\/uploads\/2023\/05\/acceuil-cypres-1.png\" \/>\n\t<meta property=\"og:image:width\" content=\"500\" \/>\n\t<meta property=\"og:image:height\" content=\"305\" \/>\n\t<meta property=\"og:image:type\" content=\"image\/png\" \/>\n<meta name=\"twitter:label1\" content=\"Gesch\u00e4tzte Lesezeit\" \/>\n\t<meta name=\"twitter:data1\" content=\"2\u00a0Minuten\" \/>\n<script type=\"application\/ld+json\" class=\"yoast-schema-graph\">{\"@context\":\"https:\\\/\\\/schema.org\",\"@graph\":[{\"@type\":\"WebPage\",\"@id\":\"https:\\\/\\\/bien-etreiris.ch\\\/de\\\/produktpraesentation\\\/aromatherapie\\\/aetherische-oele\\\/cypres\\\/\",\"url\":\"https:\\\/\\\/bien-etreiris.ch\\\/de\\\/produktpraesentation\\\/aromatherapie\\\/aetherische-oele\\\/cypres\\\/\",\"name\":\"CYPRES - WOHLBEFINDEN\",\"isPartOf\":{\"@id\":\"https:\\\/\\\/bien-etreiris.ch\\\/de\\\/#website\"},\"primaryImageOfPage\":{\"@id\":\"https:\\\/\\\/bien-etreiris.ch\\\/de\\\/produktpraesentation\\\/aromatherapie\\\/aetherische-oele\\\/cypres\\\/#primaryimage\"},\"image\":{\"@id\":\"https:\\\/\\\/bien-etreiris.ch\\\/de\\\/produktpraesentation\\\/aromatherapie\\\/aetherische-oele\\\/cypres\\\/#primaryimage\"},\"thumbnailUrl\":\"https:\\\/\\\/bien-etreiris.ch\\\/wp-content\\\/uploads\\\/2023\\\/05\\\/acceuil-cypres-2.png\",\"datePublished\":\"2023-05-01T12:35:32+00:00\",\"dateModified\":\"2023-05-09T15:56:57+00:00\",\"breadcrumb\":{\"@id\":\"https:\\\/\\\/bien-etreiris.ch\\\/de\\\/produktpraesentation\\\/aromatherapie\\\/aetherische-oele\\\/cypres\\\/#breadcrumb\"},\"inLanguage\":\"de\",\"potentialAction\":[{\"@type\":\"ReadAction\",\"target\":[\"https:\\\/\\\/bien-etreiris.ch\\\/de\\\/produktpraesentation\\\/aromatherapie\\\/aetherische-oele\\\/cypres\\\/\"]}]},{\"@type\":\"ImageObject\",\"inLanguage\":\"de\",\"@id\":\"https:\\\/\\\/bien-etreiris.ch\\\/de\\\/produktpraesentation\\\/aromatherapie\\\/aetherische-oele\\\/cypres\\\/#primaryimage\",\"url\":\"https:\\\/\\\/bien-etreiris.ch\\\/wp-content\\\/uploads\\\/2023\\\/05\\\/acceuil-cypres-2.png\",\"contentUrl\":\"https:\\\/\\\/bien-etreiris.ch\\\/wp-content\\\/uploads\\\/2023\\\/05\\\/acceuil-cypres-2.png\",\"width\":500,\"height\":303},{\"@type\":\"BreadcrumbList\",\"@id\":\"https:\\\/\\\/bien-etreiris.ch\\\/de\\\/produktpraesentation\\\/aromatherapie\\\/aetherische-oele\\\/cypres\\\/#breadcrumb\",\"itemListElement\":[{\"@type\":\"ListItem\",\"position\":1,\"name\":\"Home\",\"item\":\"https:\\\/\\\/bien-etreiris.ch\\\/de\\\/\"},{\"@type\":\"ListItem\",\"position\":2,\"name\":\"PRODUKTPR\u00c4SENTATION\",\"item\":\"https:\\\/\\\/bien-etreiris.ch\\\/de\\\/produktpraesentation\\\/\"},{\"@type\":\"ListItem\",\"position\":3,\"name\":\"AROMATHERAPIE\",\"item\":\"https:\\\/\\\/bien-etreiris.ch\\\/de\\\/produktpraesentation\\\/aromatherapie\\\/\"},{\"@type\":\"ListItem\",\"position\":4,\"name\":\"\u00c4THERISCHE \u00d6LE\",\"item\":\"https:\\\/\\\/bien-etreiris.ch\\\/de\\\/produktpraesentation\\\/aromatherapie\\\/aetherische-oele\\\/\"},{\"@type\":\"ListItem\",\"position\":5,\"name\":\"CYPRES\"}]},{\"@type\":\"WebSite\",\"@id\":\"https:\\\/\\\/bien-etreiris.ch\\\/de\\\/#website\",\"url\":\"https:\\\/\\\/bien-etreiris.ch\\\/de\\\/\",\"name\":\"Bien-\u00eatre Iris\",\"description\":\"IHRE Gesundheit ist uns wichtig\",\"potentialAction\":[{\"@type\":\"SearchAction\",\"target\":{\"@type\":\"EntryPoint\",\"urlTemplate\":\"https:\\\/\\\/bien-etreiris.ch\\\/de\\\/?s={search_term_string}\"},\"query-input\":{\"@type\":\"PropertyValueSpecification\",\"valueRequired\":true,\"valueName\":\"search_term_string\"}}],\"inLanguage\":\"de\"}]}<\/script>\n<!-- \/ Yoast SEO plugin. -->","yoast_head_json":{"title":"CYPRES - WOHLBEFINDEN","robots":{"index":"index","follow":"follow","max-snippet":"max-snippet:-1","max-image-preview":"max-image-preview:large","max-video-preview":"max-video-preview:-1"},"canonical":"https:\/\/bien-etreiris.ch\/de\/produktpraesentation\/aromatherapie\/aetherische-oele\/cypres\/","og_locale":"de_DE","og_type":"article","og_title":"CYPRES - WOHLBEFINDEN","og_description":"Cypr\u00e8s BIO &nbsp; &nbsp; &nbsp; &nbsp; &nbsp; &nbsp; Damascena Huile essentielle 100% naturelle Garantie de la plus haute qualit\u00e9 bio CH-BIO 006 5 ml CHF 9.00 &nbsp; &nbsp; &nbsp; Nom botanique : Cupressus sempervirens Famille botanique : Cupressac\u00e9es M\u00e9thode d'extraction : distillation \u00e0 la vapeur d'eau Partie de la plante utilis\u00e9e : distillation \u00e0 la vapeur d'eau Quantit\u00e9 v\u00e9g\u00e9tale :&nbsp;Weiter lesen","og_url":"https:\/\/bien-etreiris.ch\/de\/produktpraesentation\/aromatherapie\/aetherische-oele\/cypres\/","og_site_name":"WOHLBEFINDEN","article_publisher":"https:\/\/www.facebook.com\/bienetreiris\/","article_modified_time":"2023-05-09T15:56:57+00:00","og_image":[{"width":500,"height":305,"url":"https:\/\/bien-etreiris.ch\/wp-content\/uploads\/2023\/05\/acceuil-cypres-1.png","type":"image\/png"}],"twitter_misc":{"Gesch\u00e4tzte Lesezeit":"2\u00a0Minuten"},"schema":{"@context":"https:\/\/schema.org","@graph":[{"@type":"WebPage","@id":"https:\/\/bien-etreiris.ch\/de\/produktpraesentation\/aromatherapie\/aetherische-oele\/cypres\/","url":"https:\/\/bien-etreiris.ch\/de\/produktpraesentation\/aromatherapie\/aetherische-oele\/cypres\/","name":"CYPRES - WOHLBEFINDEN","isPartOf":{"@id":"https:\/\/bien-etreiris.ch\/de\/#website"},"primaryImageOfPage":{"@id":"https:\/\/bien-etreiris.ch\/de\/produktpraesentation\/aromatherapie\/aetherische-oele\/cypres\/#primaryimage"},"image":{"@id":"https:\/\/bien-etreiris.ch\/de\/produktpraesentation\/aromatherapie\/aetherische-oele\/cypres\/#primaryimage"},"thumbnailUrl":"https:\/\/bien-etreiris.ch\/wp-content\/uploads\/2023\/05\/acceuil-cypres-2.png","datePublished":"2023-05-01T12:35:32+00:00","dateModified":"2023-05-09T15:56:57+00:00","breadcrumb":{"@id":"https:\/\/bien-etreiris.ch\/de\/produktpraesentation\/aromatherapie\/aetherische-oele\/cypres\/#breadcrumb"},"inLanguage":"de","potentialAction":[{"@type":"ReadAction","target":["https:\/\/bien-etreiris.ch\/de\/produktpraesentation\/aromatherapie\/aetherische-oele\/cypres\/"]}]},{"@type":"ImageObject","inLanguage":"de","@id":"https:\/\/bien-etreiris.ch\/de\/produktpraesentation\/aromatherapie\/aetherische-oele\/cypres\/#primaryimage","url":"https:\/\/bien-etreiris.ch\/wp-content\/uploads\/2023\/05\/acceuil-cypres-2.png","contentUrl":"https:\/\/bien-etreiris.ch\/wp-content\/uploads\/2023\/05\/acceuil-cypres-2.png","width":500,"height":303},{"@type":"BreadcrumbList","@id":"https:\/\/bien-etreiris.ch\/de\/produktpraesentation\/aromatherapie\/aetherische-oele\/cypres\/#breadcrumb","itemListElement":[{"@type":"ListItem","position":1,"name":"Home","item":"https:\/\/bien-etreiris.ch\/de\/"},{"@type":"ListItem","position":2,"name":"PRODUKTPR\u00c4SENTATION","item":"https:\/\/bien-etreiris.ch\/de\/produktpraesentation\/"},{"@type":"ListItem","position":3,"name":"AROMATHERAPIE","item":"https:\/\/bien-etreiris.ch\/de\/produktpraesentation\/aromatherapie\/"},{"@type":"ListItem","position":4,"name":"\u00c4THERISCHE \u00d6LE","item":"https:\/\/bien-etreiris.ch\/de\/produktpraesentation\/aromatherapie\/aetherische-oele\/"},{"@type":"ListItem","position":5,"name":"CYPRES"}]},{"@type":"WebSite","@id":"https:\/\/bien-etreiris.ch\/de\/#website","url":"https:\/\/bien-etreiris.ch\/de\/","name":"Bien-\u00eatre Iris","description":"IHRE Gesundheit ist uns wichtig","potentialAction":[{"@type":"SearchAction","target":{"@type":"EntryPoint","urlTemplate":"https:\/\/bien-etreiris.ch\/de\/?s={search_term_string}"},"query-input":{"@type":"PropertyValueSpecification","valueRequired":true,"valueName":"search_term_string"}}],"inLanguage":"de"}]}},"_links":{"self":[{"href":"https:\/\/bien-etreiris.ch\/de\/wp-json\/wp\/v2\/pages\/69223","targetHints":{"allow":["GET"]}}],"collection":[{"href":"https:\/\/bien-etreiris.ch\/de\/wp-json\/wp\/v2\/pages"}],"about":[{"href":"https:\/\/bien-etreiris.ch\/de\/wp-json\/wp\/v2\/types\/page"}],"author":[{"embeddable":true,"href":"https:\/\/bien-etreiris.ch\/de\/wp-json\/wp\/v2\/users\/1"}],"replies":[{"embeddable":true,"href":"https:\/\/bien-etreiris.ch\/de\/wp-json\/wp\/v2\/comments?post=69223"}],"version-history":[{"count":7,"href":"https:\/\/bien-etreiris.ch\/de\/wp-json\/wp\/v2\/pages\/69223\/revisions"}],"predecessor-version":[{"id":69770,"href":"https:\/\/bien-etreiris.ch\/de\/wp-json\/wp\/v2\/pages\/69223\/revisions\/69770"}],"up":[{"embeddable":true,"href":"https:\/\/bien-etreiris.ch\/de\/wp-json\/wp\/v2\/pages\/37429"}],"wp:featuredmedia":[{"embeddable":true,"href":"https:\/\/bien-etreiris.ch\/de\/wp-json\/wp\/v2\/media\/69767"}],"wp:attachment":[{"href":"https:\/\/bien-etreiris.ch\/de\/wp-json\/wp\/v2\/media?parent=69223"}],"curies":[{"name":"wp","href":"https:\/\/api.w.org\/{rel}","templated":true}]}}