{"id":69211,"date":"2022-12-12T04:15:48","date_gmt":"2022-12-12T02:15:48","guid":{"rendered":"https:\/\/bien-etreiris.ch\/produktpraesentation\/aromatherapie\/aetherische-oele\/origan\/"},"modified":"2024-09-27T16:38:03","modified_gmt":"2024-09-27T14:38:03","slug":"origan","status":"publish","type":"page","link":"https:\/\/bien-etreiris.ch\/de\/produktpraesentation\/aromatherapie\/aetherische-oele\/origan\/","title":{"rendered":"ORIGAN"},"content":{"rendered":"\n<p><a href=\"https:\/\/bien-etreiris.ch\/wp-content\/uploads\/2022\/12\/origan.jpg\"><img loading=\"lazy\" decoding=\"async\" class=\"wp-image-62679 alignleft\" src=\"https:\/\/bien-etreiris.ch\/wp-content\/uploads\/2022\/12\/origan.jpg\" alt=\"\" width=\"161\" height=\"360\" srcset=\"https:\/\/bien-etreiris.ch\/wp-content\/uploads\/2022\/12\/origan.jpg 309w, https:\/\/bien-etreiris.ch\/wp-content\/uploads\/2022\/12\/origan-134x300.jpg 134w\" sizes=\"auto, (max-width: 161px) 100vw, 161px\" \/><\/a><\/p>\n\n\n\n<p>&nbsp;<\/p>\n<p>&nbsp;<\/p>\n<p>&nbsp;<\/p>\n<p>&nbsp;<\/p>\n<p>&nbsp;<\/p>\n<h4><strong>Damascena<br><\/strong><\/h4>\n<p><span class=\"tlid-translation translation\"><span class=\"\" title=\"\">Lat<\/span><span title=\"\">.<\/span> <span class=\"\" title=\"\">nom<\/span><span class=\"\" title=\"\">:<\/span><\/span> Origanum vulgare<\/p>\n<p><strong>100 % naturelle et pur <\/strong><strong>CH - BIO 006<\/strong><\/p>\n<p>5 ml<strong> CHF 11.50<\/strong><\/p>\n<p>&nbsp;<\/p>\n<p>&nbsp;<\/p>\n<table style=\"width: 102.141%; height: 455px;\">\n<tbody>\n<tr style=\"height: 23px;\">\n<td style=\"height: 23px; width: 28.928%;\"><strong>Nom botanique :<\/strong><\/td>\n<td style=\"height: 23px; width: 28.928%;\"><em>Origanum vulgare<\/em> L. var. <em>hirtum<\/em><\/td>\n<\/tr>\n<tr style=\"height: 23px;\">\n<td style=\"height: 23px; width: 28.928%;\"><strong>Famille botanique :<\/strong><\/td>\n<td style=\"height: 23px; width: 28.928%;\">Lamiac\u00e9es<\/td>\n<\/tr>\n<tr style=\"height: 46px;\">\n<td style=\"height: 23px; width: 28.928%;\"><strong>M\u00e9thode d'extraction :<\/strong><\/td>\n<td style=\"height: 23px; width: 28.928%;\">Distillation \u00e0 la vapeur d'eau\u200b\u200b\u200b\u200b\u200b\u200b<\/td>\n<\/tr>\n<tr style=\"height: 46px;\">\n<td style=\"height: 23px; width: 28.928%;\"><strong>Partie de la plante utilis\u00e9e :<\/strong><\/td>\n<td style=\"height: 23px; width: 28.928%;\">sommit\u00e9s fleuries<\/td>\n<\/tr>\n<tr style=\"height: 23px;\">\n<td style=\"height: 23px; width: 28.928%;\"><strong>Quantit\u00e9 v\u00e9g\u00e9tale :<\/strong><\/td>\n<td style=\"height: 23px; width: 28.928%;\">-<\/td>\n<\/tr>\n<tr style=\"height: 46px;\">\n<td style=\"height: 23px; width: 28.928%;\"><strong>Origine g\u00e9ographique :<\/strong>&nbsp;<\/td>\n<td style=\"height: 23px; width: 28.928%;\">Espagne (selon saison et recolte)<\/td>\n<\/tr>\n<tr style=\"height: 23px;\">\n<td style=\"height: 23px; width: 28.928%;\"><strong>Culture qualit\u00e9&nbsp;:<\/strong><\/td>\n<td style=\"height: 23px; width: 28.928%;\">biologique (n.b.a.), sans test sur les animaux, v\u00e9g\u00e9talien<\/td>\n<\/tr>\n<tr style=\"height: 23px;\">\n<td style=\"height: 23px; width: 28.928%;\"><strong>Effet parfum\u00e9 :<\/strong><\/td>\n<td style=\"height: 23px; width: 28.928%;\">stimulant<\/td>\n<\/tr>\n<tr style=\"height: 23px;\">\n<td style=\"height: 23px; width: 28.928%;\"><strong>Note parfum\u00e9e :<\/strong><\/td>\n<td style=\"height: 23px; width: 28.928%;\">Note de t\u00eate\/c\u0153ur<\/td>\n<\/tr>\n<tr style=\"height: 23px;\">\n<td style=\"height: 23px; width: 28.928%;\"><strong>Profil de parfum :<\/strong><\/td>\n<td style=\"height: 23px; width: 28.928%;\">Herbac\u00e9, \u00e9pic\u00e9<\/td>\n<\/tr>\n<tr style=\"height: 23px;\">\n<td style=\"height: 23px; width: 28.928%;\"><strong>Th\u00e8me du parfum :<\/strong><\/td>\n<td style=\"height: 23px; width: 28.928%;\" width=\"759\">Stimuler, \u00e9quilibrer, d\u00e9placer les pouvoirs mentaux<\/td>\n<\/tr>\n<tr style=\"height: 23px;\">\n<td style=\"height: 23px; width: 28.928%;\"><strong>\u00c9nerg\u00e9tique :<\/strong><\/td>\n<td style=\"height: 23px; width: 28.928%;\">-<\/td>\n<\/tr>\n<tr style=\"height: 23px;\">\n<td style=\"height: 23px; width: 28.928%;\"><strong>Psycho-\u00e9motionnel :<\/strong>&nbsp;<\/td>\n<td style=\"height: 23px; width: 28.928%;\">-<\/td>\n<\/tr>\n<tr style=\"height: 23px;\">\n<td style=\"height: 23px; width: 28.928%;\">\n<p><strong>Description :<\/strong><\/p>\n<\/td>\n<td style=\"height: 23px; width: 28.928%;\">\n<ul style=\"list-style-type: disc;\">\n<li>L'origan, \u00e9galement appel\u00e9 \"marjolaine sauvage\" ou origan, est une \u00e9pice principale de la cuisine m\u00e9diterran\u00e9enne.<\/li>\n<li>Son ar\u00f4me \u00e9pic\u00e9 et \u00e2pre favorise la digestion et a un effet stimulant.<\/li>\n<li>De plus, elle a un effet anti-inflammatoire et antiviral sur le plan physique.<\/li>\n<li>Elle renforce le syst\u00e8me immunitaire et stimule l'app\u00e9tit.<\/li>\n<li>En cas d'\u00e9tat d'\u00e9puisement, il renforce la capacit\u00e9 \u00e0 s'imposer et la force d'endurance.<\/li>\n<li>L'origan apporte de la clart\u00e9 et mobilise les forces de l'organisme.<\/li>\n<\/ul>\n<\/td>\n<\/tr>\n<tr style=\"height: 23px;\">\n<td style=\"height: 23px; width: 28.928%;\">\n<p><strong>Application :<\/strong><\/p>\n<\/td>\n<td style=\"height: 23px; width: 28.928%;\">\n<ul style=\"list-style-type: disc;\">\n<li>L'origan se m\u00e9lange bien avec le g\u00e9ranium rosat, la sauge, le gen\u00e9vrier, le basilic et le pamplemousse.<\/li>\n<li>Pour une huile de massage activante, m\u00e9langez-la avec du romarin et de la bergamote.<\/li>\n<\/ul>\n<\/td>\n<\/tr>\n<tr style=\"height: 23px;\">\n<td style=\"height: 77px; width: 28.928%;\">\n<p><strong>Principes actifs :<\/strong><\/p>\n<\/td>\n<td style=\"height: 77px; width: 28.928%;\">\n<ul style=\"list-style-type: disc;\">\n<li>Carvacrol (de 50&nbsp;\u00e0 64&nbsp;%)<\/li>\n<li>Gamma-terpin\u00e8ne (de 3&nbsp;\u00e0 20&nbsp;%)<\/li>\n<li>Paracym\u00e8ne (de 8&nbsp;\u00e0 18&nbsp;%)&nbsp;<\/li>\n<\/ul>\n<\/td>\n<\/tr>\n<tr style=\"height: 23px;\">\n<td style=\"height: 10px; width: 28.928%;\">\n<p><strong><span style=\"color: #ff0000;\">Pr\u00e9cautions !<\/span> <\/strong><\/p>\n<\/td>\n<td style=\"height: 10px; width: 28.928%;\">\n<ul style=\"list-style-type: disc;\">\n<li><strong>Dermocaustique<\/strong><\/li>\n<li><strong>D\u00e9conseill\u00e9 pendant la grossesse<\/strong><\/li>\n<\/ul>\n<\/td>\n<\/tr>\n<tr style=\"height: 23px;\">\n<td style=\"height: 23px; width: 28.928%;\" colspan=\"2\">\n<p>&nbsp;<\/p>\n<p><span class=\"tlid-translation translation\" lang=\"fr\"><span class=\"\" title=\"\">Des sp\u00e9cialistes form\u00e9s se feront un plaisir de vous fournir de plus amples informations sur les applications m\u00e9dicales et cosm\u00e9tiques.<\/span><\/span><\/p>\n<\/td>\n<\/tr>\n<\/tbody>\n<\/table>\n\n\n","protected":false},"excerpt":{"rendered":"<p>&nbsp; &nbsp; &nbsp; &nbsp; &nbsp; Damascena Lat. nom: Origanum vulgare 100 % naturelle et pur CH - BIO 006 5 ml CHF 11.50 &nbsp; &nbsp; Nom botanique : Origanum vulgare L. var. hirtum Famille botanique : Lamiac\u00e9es M\u00e9thode d'extraction : Distillation \u00e0 la vapeur d'eau\u200b\u200b\u200b\u200b\u200b\u200b Partie de la plante utilis\u00e9e : sommit\u00e9s fleuries Quantit\u00e9 v\u00e9g\u00e9tale : - Origine g\u00e9ographique :&nbsp;&nbsp;<a href=\"https:\/\/bien-etreiris.ch\/de\/produktpraesentation\/aromatherapie\/aetherische-oele\/origan\/\" class=\"read-more\">Weiter lesen<\/a><\/p>\n","protected":false},"author":1,"featured_media":89757,"parent":37429,"menu_order":4276,"comment_status":"closed","ping_status":"closed","template":"","meta":{"_acf_changed":false,"ngg_post_thumbnail":0,"footnotes":""},"class_list":["post-69211","page","type-page","status-publish","has-post-thumbnail","hentry"],"acf":[],"yoast_head":"<!-- This site is optimized with the Yoast SEO plugin v27.6 - https:\/\/yoast.com\/product\/yoast-seo-wordpress\/ -->\n<title>ORIGAN - WOHLBEFINDEN<\/title>\n<meta name=\"robots\" content=\"index, follow, max-snippet:-1, max-image-preview:large, max-video-preview:-1\" \/>\n<link rel=\"canonical\" href=\"https:\/\/bien-etreiris.ch\/de\/produktpraesentation\/aromatherapie\/aetherische-oele\/origan\/\" \/>\n<meta property=\"og:locale\" content=\"de_DE\" \/>\n<meta property=\"og:type\" content=\"article\" \/>\n<meta property=\"og:title\" content=\"ORIGAN - WOHLBEFINDEN\" \/>\n<meta property=\"og:description\" content=\"&nbsp; &nbsp; &nbsp; &nbsp; &nbsp; Damascena Lat. nom: Origanum vulgare 100 % naturelle et pur CH - BIO 006 5 ml CHF 11.50 &nbsp; &nbsp; Nom botanique : Origanum vulgare L. var. hirtum Famille botanique : Lamiac\u00e9es M\u00e9thode d&#039;extraction : Distillation \u00e0 la vapeur d&#039;eau\u200b\u200b\u200b\u200b\u200b\u200b Partie de la plante utilis\u00e9e : sommit\u00e9s fleuries Quantit\u00e9 v\u00e9g\u00e9tale : - Origine g\u00e9ographique :&nbsp;&nbsp;Weiter lesen\" \/>\n<meta property=\"og:url\" content=\"https:\/\/bien-etreiris.ch\/de\/produktpraesentation\/aromatherapie\/aetherische-oele\/origan\/\" \/>\n<meta property=\"og:site_name\" content=\"WOHLBEFINDEN\" \/>\n<meta property=\"article:publisher\" content=\"https:\/\/www.facebook.com\/bienetreiris\/\" \/>\n<meta property=\"article:modified_time\" content=\"2024-09-27T14:38:03+00:00\" \/>\n<meta property=\"og:image\" content=\"https:\/\/bien-etreiris.ch\/wp-content\/uploads\/2023\/05\/acceuil-origan-1.png\" \/>\n\t<meta property=\"og:image:width\" content=\"500\" \/>\n\t<meta property=\"og:image:height\" content=\"303\" \/>\n\t<meta property=\"og:image:type\" content=\"image\/png\" \/>\n<meta name=\"twitter:label1\" content=\"Gesch\u00e4tzte Lesezeit\" \/>\n\t<meta name=\"twitter:data1\" content=\"2\u00a0Minuten\" \/>\n<script type=\"application\/ld+json\" class=\"yoast-schema-graph\">{\"@context\":\"https:\\\/\\\/schema.org\",\"@graph\":[{\"@type\":\"WebPage\",\"@id\":\"https:\\\/\\\/bien-etreiris.ch\\\/de\\\/produktpraesentation\\\/aromatherapie\\\/aetherische-oele\\\/origan\\\/\",\"url\":\"https:\\\/\\\/bien-etreiris.ch\\\/de\\\/produktpraesentation\\\/aromatherapie\\\/aetherische-oele\\\/origan\\\/\",\"name\":\"ORIGAN - WOHLBEFINDEN\",\"isPartOf\":{\"@id\":\"https:\\\/\\\/bien-etreiris.ch\\\/de\\\/#website\"},\"primaryImageOfPage\":{\"@id\":\"https:\\\/\\\/bien-etreiris.ch\\\/de\\\/produktpraesentation\\\/aromatherapie\\\/aetherische-oele\\\/origan\\\/#primaryimage\"},\"image\":{\"@id\":\"https:\\\/\\\/bien-etreiris.ch\\\/de\\\/produktpraesentation\\\/aromatherapie\\\/aetherische-oele\\\/origan\\\/#primaryimage\"},\"thumbnailUrl\":\"https:\\\/\\\/bien-etreiris.ch\\\/wp-content\\\/uploads\\\/2024\\\/09\\\/acceuil-origan.png\",\"datePublished\":\"2022-12-12T02:15:48+00:00\",\"dateModified\":\"2024-09-27T14:38:03+00:00\",\"breadcrumb\":{\"@id\":\"https:\\\/\\\/bien-etreiris.ch\\\/de\\\/produktpraesentation\\\/aromatherapie\\\/aetherische-oele\\\/origan\\\/#breadcrumb\"},\"inLanguage\":\"de\",\"potentialAction\":[{\"@type\":\"ReadAction\",\"target\":[\"https:\\\/\\\/bien-etreiris.ch\\\/de\\\/produktpraesentation\\\/aromatherapie\\\/aetherische-oele\\\/origan\\\/\"]}]},{\"@type\":\"ImageObject\",\"inLanguage\":\"de\",\"@id\":\"https:\\\/\\\/bien-etreiris.ch\\\/de\\\/produktpraesentation\\\/aromatherapie\\\/aetherische-oele\\\/origan\\\/#primaryimage\",\"url\":\"https:\\\/\\\/bien-etreiris.ch\\\/wp-content\\\/uploads\\\/2024\\\/09\\\/acceuil-origan.png\",\"contentUrl\":\"https:\\\/\\\/bien-etreiris.ch\\\/wp-content\\\/uploads\\\/2024\\\/09\\\/acceuil-origan.png\",\"width\":500,\"height\":305},{\"@type\":\"BreadcrumbList\",\"@id\":\"https:\\\/\\\/bien-etreiris.ch\\\/de\\\/produktpraesentation\\\/aromatherapie\\\/aetherische-oele\\\/origan\\\/#breadcrumb\",\"itemListElement\":[{\"@type\":\"ListItem\",\"position\":1,\"name\":\"Home\",\"item\":\"https:\\\/\\\/bien-etreiris.ch\\\/de\\\/\"},{\"@type\":\"ListItem\",\"position\":2,\"name\":\"PRODUKTPR\u00c4SENTATION\",\"item\":\"https:\\\/\\\/bien-etreiris.ch\\\/de\\\/produktpraesentation\\\/\"},{\"@type\":\"ListItem\",\"position\":3,\"name\":\"AROMATHERAPIE\",\"item\":\"https:\\\/\\\/bien-etreiris.ch\\\/de\\\/produktpraesentation\\\/aromatherapie\\\/\"},{\"@type\":\"ListItem\",\"position\":4,\"name\":\"\u00c4THERISCHE \u00d6LE\",\"item\":\"https:\\\/\\\/bien-etreiris.ch\\\/de\\\/produktpraesentation\\\/aromatherapie\\\/aetherische-oele\\\/\"},{\"@type\":\"ListItem\",\"position\":5,\"name\":\"ORIGAN\"}]},{\"@type\":\"WebSite\",\"@id\":\"https:\\\/\\\/bien-etreiris.ch\\\/de\\\/#website\",\"url\":\"https:\\\/\\\/bien-etreiris.ch\\\/de\\\/\",\"name\":\"Bien-\u00eatre Iris\",\"description\":\"IHRE Gesundheit ist uns wichtig\",\"potentialAction\":[{\"@type\":\"SearchAction\",\"target\":{\"@type\":\"EntryPoint\",\"urlTemplate\":\"https:\\\/\\\/bien-etreiris.ch\\\/de\\\/?s={search_term_string}\"},\"query-input\":{\"@type\":\"PropertyValueSpecification\",\"valueRequired\":true,\"valueName\":\"search_term_string\"}}],\"inLanguage\":\"de\"}]}<\/script>\n<!-- \/ Yoast SEO plugin. -->","yoast_head_json":{"title":"ORIGAN - WOHLBEFINDEN","robots":{"index":"index","follow":"follow","max-snippet":"max-snippet:-1","max-image-preview":"max-image-preview:large","max-video-preview":"max-video-preview:-1"},"canonical":"https:\/\/bien-etreiris.ch\/de\/produktpraesentation\/aromatherapie\/aetherische-oele\/origan\/","og_locale":"de_DE","og_type":"article","og_title":"ORIGAN - WOHLBEFINDEN","og_description":"&nbsp; &nbsp; &nbsp; &nbsp; &nbsp; Damascena Lat. nom: Origanum vulgare 100 % naturelle et pur CH - BIO 006 5 ml CHF 11.50 &nbsp; &nbsp; Nom botanique : Origanum vulgare L. var. hirtum Famille botanique : Lamiac\u00e9es M\u00e9thode d'extraction : Distillation \u00e0 la vapeur d'eau\u200b\u200b\u200b\u200b\u200b\u200b Partie de la plante utilis\u00e9e : sommit\u00e9s fleuries Quantit\u00e9 v\u00e9g\u00e9tale : - Origine g\u00e9ographique :&nbsp;&nbsp;Weiter lesen","og_url":"https:\/\/bien-etreiris.ch\/de\/produktpraesentation\/aromatherapie\/aetherische-oele\/origan\/","og_site_name":"WOHLBEFINDEN","article_publisher":"https:\/\/www.facebook.com\/bienetreiris\/","article_modified_time":"2024-09-27T14:38:03+00:00","og_image":[{"width":500,"height":303,"url":"https:\/\/bien-etreiris.ch\/wp-content\/uploads\/2023\/05\/acceuil-origan-1.png","type":"image\/png"}],"twitter_misc":{"Gesch\u00e4tzte Lesezeit":"2\u00a0Minuten"},"schema":{"@context":"https:\/\/schema.org","@graph":[{"@type":"WebPage","@id":"https:\/\/bien-etreiris.ch\/de\/produktpraesentation\/aromatherapie\/aetherische-oele\/origan\/","url":"https:\/\/bien-etreiris.ch\/de\/produktpraesentation\/aromatherapie\/aetherische-oele\/origan\/","name":"ORIGAN - WOHLBEFINDEN","isPartOf":{"@id":"https:\/\/bien-etreiris.ch\/de\/#website"},"primaryImageOfPage":{"@id":"https:\/\/bien-etreiris.ch\/de\/produktpraesentation\/aromatherapie\/aetherische-oele\/origan\/#primaryimage"},"image":{"@id":"https:\/\/bien-etreiris.ch\/de\/produktpraesentation\/aromatherapie\/aetherische-oele\/origan\/#primaryimage"},"thumbnailUrl":"https:\/\/bien-etreiris.ch\/wp-content\/uploads\/2024\/09\/acceuil-origan.png","datePublished":"2022-12-12T02:15:48+00:00","dateModified":"2024-09-27T14:38:03+00:00","breadcrumb":{"@id":"https:\/\/bien-etreiris.ch\/de\/produktpraesentation\/aromatherapie\/aetherische-oele\/origan\/#breadcrumb"},"inLanguage":"de","potentialAction":[{"@type":"ReadAction","target":["https:\/\/bien-etreiris.ch\/de\/produktpraesentation\/aromatherapie\/aetherische-oele\/origan\/"]}]},{"@type":"ImageObject","inLanguage":"de","@id":"https:\/\/bien-etreiris.ch\/de\/produktpraesentation\/aromatherapie\/aetherische-oele\/origan\/#primaryimage","url":"https:\/\/bien-etreiris.ch\/wp-content\/uploads\/2024\/09\/acceuil-origan.png","contentUrl":"https:\/\/bien-etreiris.ch\/wp-content\/uploads\/2024\/09\/acceuil-origan.png","width":500,"height":305},{"@type":"BreadcrumbList","@id":"https:\/\/bien-etreiris.ch\/de\/produktpraesentation\/aromatherapie\/aetherische-oele\/origan\/#breadcrumb","itemListElement":[{"@type":"ListItem","position":1,"name":"Home","item":"https:\/\/bien-etreiris.ch\/de\/"},{"@type":"ListItem","position":2,"name":"PRODUKTPR\u00c4SENTATION","item":"https:\/\/bien-etreiris.ch\/de\/produktpraesentation\/"},{"@type":"ListItem","position":3,"name":"AROMATHERAPIE","item":"https:\/\/bien-etreiris.ch\/de\/produktpraesentation\/aromatherapie\/"},{"@type":"ListItem","position":4,"name":"\u00c4THERISCHE \u00d6LE","item":"https:\/\/bien-etreiris.ch\/de\/produktpraesentation\/aromatherapie\/aetherische-oele\/"},{"@type":"ListItem","position":5,"name":"ORIGAN"}]},{"@type":"WebSite","@id":"https:\/\/bien-etreiris.ch\/de\/#website","url":"https:\/\/bien-etreiris.ch\/de\/","name":"Bien-\u00eatre Iris","description":"IHRE Gesundheit ist uns wichtig","potentialAction":[{"@type":"SearchAction","target":{"@type":"EntryPoint","urlTemplate":"https:\/\/bien-etreiris.ch\/de\/?s={search_term_string}"},"query-input":{"@type":"PropertyValueSpecification","valueRequired":true,"valueName":"search_term_string"}}],"inLanguage":"de"}]}},"_links":{"self":[{"href":"https:\/\/bien-etreiris.ch\/de\/wp-json\/wp\/v2\/pages\/69211","targetHints":{"allow":["GET"]}}],"collection":[{"href":"https:\/\/bien-etreiris.ch\/de\/wp-json\/wp\/v2\/pages"}],"about":[{"href":"https:\/\/bien-etreiris.ch\/de\/wp-json\/wp\/v2\/types\/page"}],"author":[{"embeddable":true,"href":"https:\/\/bien-etreiris.ch\/de\/wp-json\/wp\/v2\/users\/1"}],"replies":[{"embeddable":true,"href":"https:\/\/bien-etreiris.ch\/de\/wp-json\/wp\/v2\/comments?post=69211"}],"version-history":[{"count":8,"href":"https:\/\/bien-etreiris.ch\/de\/wp-json\/wp\/v2\/pages\/69211\/revisions"}],"predecessor-version":[{"id":79500,"href":"https:\/\/bien-etreiris.ch\/de\/wp-json\/wp\/v2\/pages\/69211\/revisions\/79500"}],"up":[{"embeddable":true,"href":"https:\/\/bien-etreiris.ch\/de\/wp-json\/wp\/v2\/pages\/37429"}],"wp:featuredmedia":[{"embeddable":true,"href":"https:\/\/bien-etreiris.ch\/de\/wp-json\/wp\/v2\/media\/89757"}],"wp:attachment":[{"href":"https:\/\/bien-etreiris.ch\/de\/wp-json\/wp\/v2\/media?parent=69211"}],"curies":[{"name":"wp","href":"https:\/\/api.w.org\/{rel}","templated":true}]}}