{"id":69078,"date":"2023-05-01T04:28:25","date_gmt":"2023-05-01T02:28:25","guid":{"rendered":"https:\/\/bien-etreiris.ch\/produktpraesentation\/aromatherapie\/aetherische-oele\/romarin-cineol\/"},"modified":"2023-11-11T12:18:46","modified_gmt":"2023-11-11T10:18:46","slug":"rosmarin-cineol","status":"publish","type":"page","link":"https:\/\/bien-etreiris.ch\/de\/produktpraesentation\/aromatherapie\/aetherische-oele\/les-romarins\/rosmarin-cineol\/","title":{"rendered":"ROSMARIN CINEOL"},"content":{"rendered":"<h2>Rosmarin cineol<\/h2>\n<p><a href=\"https:\/\/bien-etreiris.ch\/presentations-des-produits\/aromatherapie\/huiles-essentielles\/romarin-cineol\/romarin-cineol-3\/\" rel=\"attachment wp-att-69085\"><img loading=\"lazy\" decoding=\"async\" class=\"wp-image-69085 alignleft\" src=\"https:\/\/bien-etreiris.ch\/wp-content\/uploads\/2023\/05\/romarin-cineol.jpg\" alt=\"\" width=\"205\" height=\"447\" srcset=\"https:\/\/bien-etreiris.ch\/wp-content\/uploads\/2023\/05\/romarin-cineol.jpg 321w, https:\/\/bien-etreiris.ch\/wp-content\/uploads\/2023\/05\/romarin-cineol-138x300.jpg 138w\" sizes=\"auto, (max-width: 205px) 100vw, 205px\" \/><\/a><\/p>\n<p>&nbsp;<\/p>\n<p>&nbsp;<\/p>\n<p>&nbsp;<\/p>\n<p>&nbsp;<\/p>\n<p>&nbsp;<\/p>\n<p>&nbsp;<\/p>\n<h4>Damascena<\/h4>\n<p>\u00c4therisches \u00d6l 100% nat\u00fcrlich<\/p>\n<p>10 ml<strong> CHF 9.30<\/strong><\/p>\n<p>Garantiert h\u00f6chste Bio-Qualit\u00e4t CH-BIO 006<\/p>\n<p>&nbsp;<\/p>\n<p>&nbsp;<\/p>\n<p>&nbsp;<\/p>\n<p>&nbsp;<\/p>\n<table style=\"height: 375px; width: 81.0695%;\">\n<tbody>\n<tr>\n<td style=\"width: 28.928%;\"><strong>Profil de Botanischer Name:<\/strong><\/td>\n<td style=\"width: 69.8972%;\">Rosmarinus officinalis klar<\/td>\n<\/tr>\n<tr style=\"height: 23px;\">\n<td style=\"width: 28.928%; height: 23px;\"><strong>Botanische Familie:<\/strong><\/td>\n<td style=\"width: 69.8972%; height: 23px;\">Lamiaceae\u200b<\/td>\n<\/tr>\n<tr style=\"height: 23px;\">\n<td style=\"width: 28.928%; height: 23px;\"><strong>Extraktionsmethode:<\/strong><\/td>\n<td style=\"width: 69.8972%; height: 23px;\">Dampfdestillation<\/td>\n<\/tr>\n<tr style=\"height: 23px;\">\n<td style=\"width: 28.928%; height: 23px;\"><strong>Verwendeter Pflanzenteil:<\/strong><\/td>\n<td style=\"width: 69.8972%; height: 23px;\">Der Bl\u00fctenst\u00e4nde<\/td>\n<\/tr>\n<tr style=\"height: 23px;\">\n<td style=\"width: 28.928%; height: 23px;\"><strong>Pflanzenmenge:<\/strong><\/td>\n<td style=\"width: 69.8972%; height: 23px;\">80 kg Zweige werden ben\u00f6tigt, um 1 kg \u00d6l zu gewinnen.<\/td>\n<\/tr>\n<tr style=\"height: 23px;\">\n<td style=\"width: 28.928%; height: 23px;\"><strong>Geographische Herkunft: <\/strong><\/td>\n<td style=\"width: 69.8972%; height: 23px;\">Italien (kann je nach Jahreszeit und Ernte variieren)<\/td>\n<\/tr>\n<tr style=\"height: 23px;\">\n<td style=\"width: 28.928%; height: 23px;\"><strong>Qualit\u00e4tsanbau:<\/strong><\/td>\n<td style=\"width: 69.8972%; height: 23px;\">Bio (cp), nicht an Tieren getestet,vegan<\/td>\n<\/tr>\n<tr style=\"height: 23px;\">\n<td style=\"width: 28.928%; height: 23px;\"><strong>Dufteffekt:<\/strong><\/td>\n<td style=\"width: 69.8972%; height: 23px;\">Stimulierend<\/td>\n<\/tr>\n<tr style=\"height: 23px;\">\n<td style=\"width: 28.928%; height: 23px;\"><strong>Duftnote:<\/strong><\/td>\n<td style=\"width: 69.8972%; height: 23px;\">Kopfnote<\/td>\n<\/tr>\n<tr style=\"height: 23px;\">\n<td style=\"width: 28.928%; height: 23px;\"><strong>Duftprofil:<br \/>\n<\/strong><\/td>\n<td style=\"width: 69.8972%; height: 23px;\">Kr\u00e4ftig, w\u00fcrzig, frisch,<\/td>\n<\/tr>\n<tr style=\"height: 23px;\">\n<td style=\"width: 28.928%; height: 23px;\"><strong>Duftthema:<\/strong><\/td>\n<td style=\"width: 69.8972%; height: 23px;\">Stimulierend, ged\u00e4chtnisf\u00f6rdernd, ermutigend, erfrischend<\/td>\n<\/tr>\n<tr style=\"height: 23px;\">\n<td style=\"width: 28.928%; height: 23px;\"><strong>Energetisch:<\/strong><\/td>\n<td style=\"width: 69.8972%; height: 23px;\">Blau und Indigo \/ 5. und 6. Chakra<\/td>\n<\/tr>\n<tr style=\"height: 23px;\">\n<td style=\"width: 28.928%; height: 23px;\"><strong>Psychoemotional<\/strong><\/td>\n<td style=\"width: 69.8972%; height: 23px;\">f\u00f6rdert die Konzentration, gut f\u00fcr die geistigen F\u00e4higkeiten<\/td>\n<\/tr>\n<tr style=\"height: 23px;\">\n<td style=\"width: 28.928%; height: 23px;\"><strong>Beschreibung :<\/strong> &nbsp;&nbsp;&nbsp;&nbsp;&nbsp;&nbsp;&nbsp;&nbsp;&nbsp;&nbsp;&nbsp;&nbsp;&nbsp;&nbsp;<br \/>\n&nbsp;&nbsp;&nbsp;&nbsp;&nbsp;&nbsp;&nbsp;&nbsp;&nbsp;&nbsp;&nbsp;&nbsp;&nbsp;<\/p>\n<p>&nbsp;<\/p>\n<p>&nbsp;<\/td>\n<td style=\"width: 28.928%; height: 23px;\">\n<ul style=\"list-style-type: disc;\">\n<li>Der \"Tau des Meeres\", \"Rosmaris\", ist eines der \u00e4ltesten Heil- und K\u00fcchenkr\u00e4uter Europas.<br \/>\nIn der Antike war er der G\u00f6ttin Aphrodite geweiht.<\/li>\n<li>Rosmarin war Bestandteil verschiedener R\u00e4uchermischungen, die Haus und Stall sch\u00fctzen sollten.<\/li>\n<li>Das aus den immergr\u00fcnen Bl\u00e4ttern gewonnene \u00e4therische \u00d6l f\u00f6rdert die Durchblutung, wirkt krampfl\u00f6send und schmerzlindernd.<\/li>\n<li>Rosmarin aktiviert und verleiht Schwung.<\/li>\n<li>Er st\u00e4rkt das Selbstvertrauen und die Willenskraft. Er hilft, konzentriert und zielgerichtet durchs Leben zu gehen.<\/li>\n<\/ul>\n<\/td>\n<\/tr>\n<tr style=\"height: 10px;\">\n<td style=\"width: 28.928%; height: 10px;\"><strong>Anwendung :<br \/>\n<\/strong>&nbsp;<\/td>\n<td style=\"width: 69.8972%; height: 10px;\">\n<ul style=\"list-style-type: disc;\">\n<li>Rosmarin l\u00e4sst sich gut mit Grapefruit, Manuka, Zeder, Zypresse, Linaloholz, Ylang-Ylang und Palmarosa mischen.<\/li>\n<li>Vermischt mit Sesam\u00f6l, Ingwer und Zitrone ergibt es ein belebendes und durchblutungsf\u00f6rderndes Massage\u00f6l.<\/li>\n<li>F\u00fcr ein erfrischendes Duscherlebnis am Morgen mischen Sie es mit Bergamotte und Base Parfum Neutral Duschgel.<\/li>\n<\/ul>\n<\/td>\n<\/tr>\n<tr style=\"height: 23px;\">\n<td style=\"width: 28.928%; height: 10px;\"><strong>Wirkstoffe :<\/strong><\/td>\n<td style=\"width: 69.8972%; height: 10px;\">\n<ul style=\"list-style-type: disc;\">\n<li>1,8-Cineol (Eukalyptol) (von 41 bis 52 %)<\/li>\n<li>Alpha-Pinen (von 9 bis 17 %)<\/li>\n<li>Kampfer (von 5 bis 15 %)<\/li>\n<li>Beta-Pinen (von 2 bis 10 %)<\/li>\n<\/ul>\n<\/td>\n<\/tr>\n<tr style=\"height: 23px;\">\n<td style=\"width: 28.928%; height: 10px;\"><span style=\"color: #ff0000;\"><strong>Vorsichtsma\u00dfnahmen!<br \/>\n<\/strong><\/span>&nbsp;<\/td>\n<td style=\"width: 69.8972%; height: 10px;\">Nicht w\u00e4hrend der Schwangerschaft verwenden! Nicht f\u00fcr Kinder unter sechs Jahren und bei Epilepsie verwenden!<\/td>\n<\/tr>\n<tr style=\"height: 23px;\">\n<td style=\"width: 98.8253%; height: 23px;\" colspan=\"2\">&nbsp;&nbsp;&nbsp;&nbsp;&nbsp;&nbsp;&nbsp;&nbsp;&nbsp;&nbsp;&nbsp;&nbsp;&nbsp;&nbsp;&nbsp;&nbsp;&nbsp;&nbsp;&nbsp;&nbsp;&nbsp;&nbsp;&nbsp;&nbsp;&nbsp;&nbsp;&nbsp;&nbsp;&nbsp;&nbsp;&nbsp;&nbsp;<\/p>\n<p><strong>Ausgebildete Spezialisten geben Ihnen gerne weitere Informationen \u00fcber die medizinischen und kosmetischen Anwendungsm\u00f6glichkeiten.<\/strong><\/td>\n<\/tr>\n<\/tbody>\n<\/table>\n<p>&nbsp;<\/p>\n<p>&nbsp;<\/p>\n<h4>WARNHINWEISE UND VORSICHTSMASSNAHMEN<\/h4>\n<p><em><strong>Gefahrenhinweis(e) - H-S\u00e4tze :<\/strong><\/em><\/p>\n<p>H226, H304, H315, H317, H319, H371, H411<\/p>\n<p><em><strong>Sicherheitshinweis(e) - P-S\u00e4tze :<\/strong><\/em><\/p>\n<p>P210, P233, P240, P301-310, P403-235, P501.<\/p>\n<p><strong>Piktogramme :<\/strong><\/p>\n<p>&nbsp;<\/p>\n<p><a href=\"https:\/\/bien-etreiris.ch\/de\/produktpraesentation\/aromatherapie\/aetherische-oele\/romarin-cineole\/feuer-2\/\" rel=\"attachment wp-att-79188\"><img loading=\"lazy\" decoding=\"async\" class=\"alignnone wp-image-79234 \" src=\"https:\/\/bien-etreiris.ch\/wp-content\/uploads\/2023\/11\/Feuer-1.png\" alt=\"\" width=\"98\" height=\"99\"><\/a> <a href=\"https:\/\/bien-etreiris.ch\/de\/produktpraesentation\/aromatherapie\/aetherische-oele\/romarin-cineole\/attention-2-2\/\" rel=\"attachment wp-att-79191\"><img loading=\"lazy\" decoding=\"async\" class=\"alignnone  wp-image-79191\" src=\"https:\/\/bien-etreiris.ch\/wp-content\/uploads\/2023\/11\/Attention.png\" alt=\"\" width=\"99\" height=\"99\" srcset=\"https:\/\/bien-etreiris.ch\/wp-content\/uploads\/2023\/11\/Attention.png 280w, https:\/\/bien-etreiris.ch\/wp-content\/uploads\/2023\/11\/Attention-150x150.png 150w\" sizes=\"auto, (max-width: 99px) 100vw, 99px\" \/><\/a> <a href=\"https:\/\/bien-etreiris.ch\/de\/produktpraesentation\/aromatherapie\/aetherische-oele\/romarin-cineole\/atem-2\/\" rel=\"attachment wp-att-79194\"><img loading=\"lazy\" decoding=\"async\" class=\"alignnone wp-image-79238 \" src=\"https:\/\/bien-etreiris.ch\/wp-content\/uploads\/2023\/11\/Atem-1.png\" alt=\"\" width=\"98\" height=\"99\"><\/a> <a href=\"https:\/\/bien-etreiris.ch\/de\/produktpraesentation\/aromatherapie\/aetherische-oele\/romarin-cineole\/gewasserschutz-2\/\" rel=\"attachment wp-att-79197\"><img loading=\"lazy\" decoding=\"async\" class=\"alignnone  wp-image-79197\" src=\"https:\/\/bien-etreiris.ch\/wp-content\/uploads\/2023\/11\/gewasserschutz.png\" alt=\"\" width=\"99\" height=\"99\" srcset=\"https:\/\/bien-etreiris.ch\/wp-content\/uploads\/2023\/11\/gewasserschutz.png 280w, https:\/\/bien-etreiris.ch\/wp-content\/uploads\/2023\/11\/gewasserschutz-150x150.png 150w\" sizes=\"auto, (max-width: 99px) 100vw, 99px\" \/><\/a><\/p>\n<p>&nbsp;<\/p>\n<p><a href=\"https:\/\/bien-etreiris.ch\/wp-content\/uploads\/2023\/11\/Gefahrenhinweis.pdf\" target=\"_blank\" rel=\"https:\/\/bien-etreiris.ch\/wp-content\/uploads\/2023\/11\/Gefahrenhinweis.pdf noopener\"><img loading=\"lazy\" decoding=\"async\" class=\"alignleft wp-image-79245\" title=\"Mentions de danger\" src=\"https:\/\/bien-etreiris.ch\/wp-content\/uploads\/2023\/11\/Gefahrenhinweis.jpg\" alt=\"\" width=\"237\" height=\"323\" srcset=\"https:\/\/bien-etreiris.ch\/wp-content\/uploads\/2023\/11\/Gefahrenhinweis.jpg 275w, https:\/\/bien-etreiris.ch\/wp-content\/uploads\/2023\/11\/Gefahrenhinweis-220x300.jpg 220w\" sizes=\"auto, (max-width: 237px) 100vw, 237px\" \/><\/a><\/p>\n<p>&nbsp;<\/p>\n<p>&nbsp;<\/p>\n<p>&nbsp;<\/p>\n<p>&nbsp;<\/p>\n<p><span style=\"color: #ff0000;\"><a style=\"color: #ff0000;\" href=\"https:\/\/bien-etreiris.ch\/wp-content\/uploads\/2023\/11\/Gefahrenhinweis.pdf\" target=\"_blank\" rel=\"noopener\">Laden Sie die aktuelle Liste der Gefahrenhinweise herunter.<\/a><\/span><\/p>\n<p><a href=\"_wp_link_placeholder\">G\u00fcltig ab dem 17. Oktober 2020.<\/a><\/p>\n<p>&nbsp;<\/p>\n","protected":false},"excerpt":{"rendered":"<p>Rosmarin cineol &nbsp; &nbsp; &nbsp; &nbsp; &nbsp; &nbsp; Damascena \u00c4therisches \u00d6l 100% nat\u00fcrlich 10 ml CHF 9.30 Garantiert h\u00f6chste Bio-Qualit\u00e4t CH-BIO 006 &nbsp; &nbsp; &nbsp; &nbsp; Profil de Botanischer Name: Rosmarinus officinalis klar Botanische Familie: Lamiaceae\u200b Extraktionsmethode: Dampfdestillation Verwendeter Pflanzenteil: Der Bl\u00fctenst\u00e4nde Pflanzenmenge: 80 kg Zweige werden ben\u00f6tigt, um 1 kg \u00d6l zu gewinnen. Geographische Herkunft: Italien (kann je nach&nbsp;<a href=\"https:\/\/bien-etreiris.ch\/de\/produktpraesentation\/aromatherapie\/aetherische-oele\/les-romarins\/rosmarin-cineol\/\" class=\"read-more\">Weiter lesen<\/a><\/p>\n","protected":false},"author":1,"featured_media":69745,"parent":79573,"menu_order":3630,"comment_status":"closed","ping_status":"closed","template":"page-with-child.php","meta":{"_acf_changed":false,"ngg_post_thumbnail":0,"footnotes":""},"class_list":["post-69078","page","type-page","status-publish","has-post-thumbnail","hentry"],"acf":[],"yoast_head":"<!-- This site is optimized with the Yoast SEO plugin v27.6 - https:\/\/yoast.com\/product\/yoast-seo-wordpress\/ -->\n<title>ROSMARIN CINEOL - WOHLBEFINDEN<\/title>\n<meta name=\"robots\" content=\"index, follow, max-snippet:-1, max-image-preview:large, max-video-preview:-1\" \/>\n<link rel=\"canonical\" href=\"https:\/\/bien-etreiris.ch\/de\/produktpraesentation\/aromatherapie\/aetherische-oele\/rosmarin-cineol\/\" \/>\n<meta property=\"og:locale\" content=\"de_DE\" \/>\n<meta property=\"og:type\" content=\"article\" \/>\n<meta property=\"og:title\" content=\"ROSMARIN CINEOL - WOHLBEFINDEN\" \/>\n<meta property=\"og:description\" content=\"Rosmarin cineol &nbsp; &nbsp; &nbsp; &nbsp; &nbsp; &nbsp; Damascena \u00c4therisches \u00d6l 100% nat\u00fcrlich 10 ml CHF 9.30 Garantiert h\u00f6chste Bio-Qualit\u00e4t CH-BIO 006 &nbsp; &nbsp; &nbsp; &nbsp; Profil de Botanischer Name: Rosmarinus officinalis klar Botanische Familie: Lamiaceae\u200b Extraktionsmethode: Dampfdestillation Verwendeter Pflanzenteil: Der Bl\u00fctenst\u00e4nde Pflanzenmenge: 80 kg Zweige werden ben\u00f6tigt, um 1 kg \u00d6l zu gewinnen. Geographische Herkunft: Italien (kann je nach&nbsp;Weiter lesen\" \/>\n<meta property=\"og:url\" content=\"https:\/\/bien-etreiris.ch\/de\/produktpraesentation\/aromatherapie\/aetherische-oele\/rosmarin-cineol\/\" \/>\n<meta property=\"og:site_name\" content=\"WOHLBEFINDEN\" \/>\n<meta property=\"article:publisher\" content=\"https:\/\/www.facebook.com\/bienetreiris\/\" \/>\n<meta property=\"article:modified_time\" content=\"2023-11-11T10:18:46+00:00\" \/>\n<meta property=\"og:image\" content=\"https:\/\/bien-etreiris.ch\/wp-content\/uploads\/2023\/05\/acceuil-romarin-cineol-2.png\" \/>\n\t<meta property=\"og:image:width\" content=\"500\" \/>\n\t<meta property=\"og:image:height\" content=\"303\" \/>\n\t<meta property=\"og:image:type\" content=\"image\/png\" \/>\n<meta name=\"twitter:label1\" content=\"Gesch\u00e4tzte Lesezeit\" \/>\n\t<meta name=\"twitter:data1\" content=\"3\u00a0Minuten\" \/>\n<script type=\"application\/ld+json\" class=\"yoast-schema-graph\">{\"@context\":\"https:\\\/\\\/schema.org\",\"@graph\":[{\"@type\":\"WebPage\",\"@id\":\"https:\\\/\\\/bien-etreiris.ch\\\/de\\\/produktpraesentation\\\/aromatherapie\\\/aetherische-oele\\\/rosmarin-cineol\\\/\",\"url\":\"https:\\\/\\\/bien-etreiris.ch\\\/de\\\/produktpraesentation\\\/aromatherapie\\\/aetherische-oele\\\/rosmarin-cineol\\\/\",\"name\":\"ROSMARIN CINEOL - WOHLBEFINDEN\",\"isPartOf\":{\"@id\":\"https:\\\/\\\/bien-etreiris.ch\\\/de\\\/#website\"},\"primaryImageOfPage\":{\"@id\":\"https:\\\/\\\/bien-etreiris.ch\\\/de\\\/produktpraesentation\\\/aromatherapie\\\/aetherische-oele\\\/rosmarin-cineol\\\/#primaryimage\"},\"image\":{\"@id\":\"https:\\\/\\\/bien-etreiris.ch\\\/de\\\/produktpraesentation\\\/aromatherapie\\\/aetherische-oele\\\/rosmarin-cineol\\\/#primaryimage\"},\"thumbnailUrl\":\"https:\\\/\\\/bien-etreiris.ch\\\/wp-content\\\/uploads\\\/2023\\\/05\\\/acceuil-romarin-cineol-2.png\",\"datePublished\":\"2023-05-01T02:28:25+00:00\",\"dateModified\":\"2023-11-11T10:18:46+00:00\",\"breadcrumb\":{\"@id\":\"https:\\\/\\\/bien-etreiris.ch\\\/de\\\/produktpraesentation\\\/aromatherapie\\\/aetherische-oele\\\/rosmarin-cineol\\\/#breadcrumb\"},\"inLanguage\":\"de\",\"potentialAction\":[{\"@type\":\"ReadAction\",\"target\":[\"https:\\\/\\\/bien-etreiris.ch\\\/de\\\/produktpraesentation\\\/aromatherapie\\\/aetherische-oele\\\/rosmarin-cineol\\\/\"]}]},{\"@type\":\"ImageObject\",\"inLanguage\":\"de\",\"@id\":\"https:\\\/\\\/bien-etreiris.ch\\\/de\\\/produktpraesentation\\\/aromatherapie\\\/aetherische-oele\\\/rosmarin-cineol\\\/#primaryimage\",\"url\":\"https:\\\/\\\/bien-etreiris.ch\\\/wp-content\\\/uploads\\\/2023\\\/05\\\/acceuil-romarin-cineol-2.png\",\"contentUrl\":\"https:\\\/\\\/bien-etreiris.ch\\\/wp-content\\\/uploads\\\/2023\\\/05\\\/acceuil-romarin-cineol-2.png\",\"width\":500,\"height\":303},{\"@type\":\"BreadcrumbList\",\"@id\":\"https:\\\/\\\/bien-etreiris.ch\\\/de\\\/produktpraesentation\\\/aromatherapie\\\/aetherische-oele\\\/rosmarin-cineol\\\/#breadcrumb\",\"itemListElement\":[{\"@type\":\"ListItem\",\"position\":1,\"name\":\"Home\",\"item\":\"https:\\\/\\\/bien-etreiris.ch\\\/de\\\/\"},{\"@type\":\"ListItem\",\"position\":2,\"name\":\"PRODUKTPR\u00c4SENTATION\",\"item\":\"https:\\\/\\\/bien-etreiris.ch\\\/de\\\/produktpraesentation\\\/\"},{\"@type\":\"ListItem\",\"position\":3,\"name\":\"AROMATHERAPIE\",\"item\":\"https:\\\/\\\/bien-etreiris.ch\\\/de\\\/produktpraesentation\\\/aromatherapie\\\/\"},{\"@type\":\"ListItem\",\"position\":4,\"name\":\"\u00c4THERISCHE \u00d6LE\",\"item\":\"https:\\\/\\\/bien-etreiris.ch\\\/de\\\/produktpraesentation\\\/aromatherapie\\\/aetherische-oele\\\/\"},{\"@type\":\"ListItem\",\"position\":5,\"name\":\"ROSMARIN CINEOL\"}]},{\"@type\":\"WebSite\",\"@id\":\"https:\\\/\\\/bien-etreiris.ch\\\/de\\\/#website\",\"url\":\"https:\\\/\\\/bien-etreiris.ch\\\/de\\\/\",\"name\":\"Bien-\u00eatre Iris\",\"description\":\"IHRE Gesundheit ist uns wichtig\",\"potentialAction\":[{\"@type\":\"SearchAction\",\"target\":{\"@type\":\"EntryPoint\",\"urlTemplate\":\"https:\\\/\\\/bien-etreiris.ch\\\/de\\\/?s={search_term_string}\"},\"query-input\":{\"@type\":\"PropertyValueSpecification\",\"valueRequired\":true,\"valueName\":\"search_term_string\"}}],\"inLanguage\":\"de\"}]}<\/script>\n<!-- \/ Yoast SEO plugin. -->","yoast_head_json":{"title":"ROSMARIN CINEOL - WOHLBEFINDEN","robots":{"index":"index","follow":"follow","max-snippet":"max-snippet:-1","max-image-preview":"max-image-preview:large","max-video-preview":"max-video-preview:-1"},"canonical":"https:\/\/bien-etreiris.ch\/de\/produktpraesentation\/aromatherapie\/aetherische-oele\/rosmarin-cineol\/","og_locale":"de_DE","og_type":"article","og_title":"ROSMARIN CINEOL - WOHLBEFINDEN","og_description":"Rosmarin cineol &nbsp; &nbsp; &nbsp; &nbsp; &nbsp; &nbsp; Damascena \u00c4therisches \u00d6l 100% nat\u00fcrlich 10 ml CHF 9.30 Garantiert h\u00f6chste Bio-Qualit\u00e4t CH-BIO 006 &nbsp; &nbsp; &nbsp; &nbsp; Profil de Botanischer Name: Rosmarinus officinalis klar Botanische Familie: Lamiaceae\u200b Extraktionsmethode: Dampfdestillation Verwendeter Pflanzenteil: Der Bl\u00fctenst\u00e4nde Pflanzenmenge: 80 kg Zweige werden ben\u00f6tigt, um 1 kg \u00d6l zu gewinnen. Geographische Herkunft: Italien (kann je nach&nbsp;Weiter lesen","og_url":"https:\/\/bien-etreiris.ch\/de\/produktpraesentation\/aromatherapie\/aetherische-oele\/rosmarin-cineol\/","og_site_name":"WOHLBEFINDEN","article_publisher":"https:\/\/www.facebook.com\/bienetreiris\/","article_modified_time":"2023-11-11T10:18:46+00:00","og_image":[{"width":500,"height":303,"url":"https:\/\/bien-etreiris.ch\/wp-content\/uploads\/2023\/05\/acceuil-romarin-cineol-2.png","type":"image\/png"}],"twitter_misc":{"Gesch\u00e4tzte Lesezeit":"3\u00a0Minuten"},"schema":{"@context":"https:\/\/schema.org","@graph":[{"@type":"WebPage","@id":"https:\/\/bien-etreiris.ch\/de\/produktpraesentation\/aromatherapie\/aetherische-oele\/rosmarin-cineol\/","url":"https:\/\/bien-etreiris.ch\/de\/produktpraesentation\/aromatherapie\/aetherische-oele\/rosmarin-cineol\/","name":"ROSMARIN CINEOL - WOHLBEFINDEN","isPartOf":{"@id":"https:\/\/bien-etreiris.ch\/de\/#website"},"primaryImageOfPage":{"@id":"https:\/\/bien-etreiris.ch\/de\/produktpraesentation\/aromatherapie\/aetherische-oele\/rosmarin-cineol\/#primaryimage"},"image":{"@id":"https:\/\/bien-etreiris.ch\/de\/produktpraesentation\/aromatherapie\/aetherische-oele\/rosmarin-cineol\/#primaryimage"},"thumbnailUrl":"https:\/\/bien-etreiris.ch\/wp-content\/uploads\/2023\/05\/acceuil-romarin-cineol-2.png","datePublished":"2023-05-01T02:28:25+00:00","dateModified":"2023-11-11T10:18:46+00:00","breadcrumb":{"@id":"https:\/\/bien-etreiris.ch\/de\/produktpraesentation\/aromatherapie\/aetherische-oele\/rosmarin-cineol\/#breadcrumb"},"inLanguage":"de","potentialAction":[{"@type":"ReadAction","target":["https:\/\/bien-etreiris.ch\/de\/produktpraesentation\/aromatherapie\/aetherische-oele\/rosmarin-cineol\/"]}]},{"@type":"ImageObject","inLanguage":"de","@id":"https:\/\/bien-etreiris.ch\/de\/produktpraesentation\/aromatherapie\/aetherische-oele\/rosmarin-cineol\/#primaryimage","url":"https:\/\/bien-etreiris.ch\/wp-content\/uploads\/2023\/05\/acceuil-romarin-cineol-2.png","contentUrl":"https:\/\/bien-etreiris.ch\/wp-content\/uploads\/2023\/05\/acceuil-romarin-cineol-2.png","width":500,"height":303},{"@type":"BreadcrumbList","@id":"https:\/\/bien-etreiris.ch\/de\/produktpraesentation\/aromatherapie\/aetherische-oele\/rosmarin-cineol\/#breadcrumb","itemListElement":[{"@type":"ListItem","position":1,"name":"Home","item":"https:\/\/bien-etreiris.ch\/de\/"},{"@type":"ListItem","position":2,"name":"PRODUKTPR\u00c4SENTATION","item":"https:\/\/bien-etreiris.ch\/de\/produktpraesentation\/"},{"@type":"ListItem","position":3,"name":"AROMATHERAPIE","item":"https:\/\/bien-etreiris.ch\/de\/produktpraesentation\/aromatherapie\/"},{"@type":"ListItem","position":4,"name":"\u00c4THERISCHE \u00d6LE","item":"https:\/\/bien-etreiris.ch\/de\/produktpraesentation\/aromatherapie\/aetherische-oele\/"},{"@type":"ListItem","position":5,"name":"ROSMARIN CINEOL"}]},{"@type":"WebSite","@id":"https:\/\/bien-etreiris.ch\/de\/#website","url":"https:\/\/bien-etreiris.ch\/de\/","name":"Bien-\u00eatre Iris","description":"IHRE Gesundheit ist uns wichtig","potentialAction":[{"@type":"SearchAction","target":{"@type":"EntryPoint","urlTemplate":"https:\/\/bien-etreiris.ch\/de\/?s={search_term_string}"},"query-input":{"@type":"PropertyValueSpecification","valueRequired":true,"valueName":"search_term_string"}}],"inLanguage":"de"}]}},"_links":{"self":[{"href":"https:\/\/bien-etreiris.ch\/de\/wp-json\/wp\/v2\/pages\/69078","targetHints":{"allow":["GET"]}}],"collection":[{"href":"https:\/\/bien-etreiris.ch\/de\/wp-json\/wp\/v2\/pages"}],"about":[{"href":"https:\/\/bien-etreiris.ch\/de\/wp-json\/wp\/v2\/types\/page"}],"author":[{"embeddable":true,"href":"https:\/\/bien-etreiris.ch\/de\/wp-json\/wp\/v2\/users\/1"}],"replies":[{"embeddable":true,"href":"https:\/\/bien-etreiris.ch\/de\/wp-json\/wp\/v2\/comments?post=69078"}],"version-history":[{"count":51,"href":"https:\/\/bien-etreiris.ch\/de\/wp-json\/wp\/v2\/pages\/69078\/revisions"}],"predecessor-version":[{"id":79301,"href":"https:\/\/bien-etreiris.ch\/de\/wp-json\/wp\/v2\/pages\/69078\/revisions\/79301"}],"up":[{"embeddable":true,"href":"https:\/\/bien-etreiris.ch\/de\/wp-json\/wp\/v2\/pages\/79573"}],"wp:featuredmedia":[{"embeddable":true,"href":"https:\/\/bien-etreiris.ch\/de\/wp-json\/wp\/v2\/media\/69745"}],"wp:attachment":[{"href":"https:\/\/bien-etreiris.ch\/de\/wp-json\/wp\/v2\/media?parent=69078"}],"curies":[{"name":"wp","href":"https:\/\/api.w.org\/{rel}","templated":true}]}}