{"id":69063,"date":"2023-04-30T22:34:59","date_gmt":"2023-04-30T20:34:59","guid":{"rendered":"https:\/\/bien-etreiris.ch\/varices\/huiles-essentielles-ciblee-varices\/cedre-de-virginie\/"},"modified":"2023-11-19T20:39:39","modified_gmt":"2023-11-19T18:39:39","slug":"zedernholz-virginiazeder","status":"publish","type":"page","link":"https:\/\/bien-etreiris.ch\/de\/produktpraesentation\/aromatherapie\/aetherische-oele\/zedernholz-virginiazeder\/","title":{"rendered":"ZEDERNHOLZ"},"content":{"rendered":"<h2>Zedernholz (Virginiazeder) rot<\/h2>\n<p><a href=\"https:\/\/bien-etreiris.ch\/de\/produktpraesentation\/aromatherapie\/aetherische-oele\/cedre-de-virginie\/flacon-cedre-de-virginie\/\" rel=\"attachment wp-att-80034\"><img loading=\"lazy\" decoding=\"async\" class=\" wp-image-80034 alignleft\" src=\"https:\/\/bien-etreiris.ch\/wp-content\/uploads\/2023\/11\/flacon-cedre-de-virginie.jpg\" alt=\"\" width=\"190\" height=\"376\" srcset=\"https:\/\/bien-etreiris.ch\/wp-content\/uploads\/2023\/11\/flacon-cedre-de-virginie.jpg 347w, https:\/\/bien-etreiris.ch\/wp-content\/uploads\/2023\/11\/flacon-cedre-de-virginie-152x300.jpg 152w\" sizes=\"auto, (max-width: 190px) 100vw, 190px\" \/><\/a><\/p>\n<p>&nbsp;<\/p>\n<p>&nbsp;<\/p>\n<p>&nbsp;<\/p>\n<p>&nbsp;<\/p>\n<p>&nbsp;<\/p>\n<p>Nat\u00fcrliches pures \u00e4therisches \u00d6l 100%<\/p>\n<p>Garantie f\u00fcr h\u00f6chste Qualit\u00e4t<\/p>\n<p>10 ml <strong>CHF 8.20<\/strong><\/p>\n<p>&nbsp;<\/p>\n<p>&nbsp;<\/p>\n<p>&nbsp;<\/p>\n<p>&nbsp;<\/p>\n\n\n<table style=\"height: 23px; width: 100%;\">\n<tbody>\n<tr style=\"height: 10px;\">\n<td style=\"width: 28.928%; height: 23px;\"><strong>Botanischer Name:<\/strong><\/td>\n<td style=\"width: 28.928%; height: 23px;\">\n<p>Juniperus virginiana L.<\/p>\n<\/td>\n<td style=\"width: 2.14286%; height: 23px;\">&nbsp;<\/td>\n<\/tr>\n<tr style=\"height: 23px;\">\n<td style=\"width: 28.928%; height: 23px;\"><strong>Botanische Familie:<\/strong><\/td>\n<td style=\"width: 28.928%; height: 23px;\">Sesquiterpenole, Sesquiterpene<\/td>\n<td style=\"width: 2.14286%; height: 23px;\">&nbsp;<\/td>\n<\/tr>\n<tr style=\"height: 23px;\">\n<td style=\"width: 28.928%; height: 23px;\"><strong>Extraktionsmethode:<\/strong><\/td>\n<td style=\"width: 28.928%; height: 23px;\">Distillation \u00e0 la vapeur d'eau<\/td>\n<td style=\"width: 2.14286%; height: 23px;\">&nbsp;<\/td>\n<\/tr>\n<tr style=\"height: 46px;\">\n<td style=\"width: 28.928%; height: 23px;\"><strong>Verwendeter Pflanzenteil:<\/strong><\/td>\n<td style=\"width: 28.928%; height: 23px;\">bois<\/td>\n<td style=\"width: 2.14286%; height: 23px;\">&nbsp;<\/td>\n<\/tr>\n<tr style=\"height: 23px;\">\n<td style=\"width: 28.928%; height: 23px;\"><strong>Pflanzenmenge:<\/strong><\/td>\n<td style=\"width: 28.928%; height: 23px;\">Il faut environ 30 kg de bois pour obtenir 1 kg d'huile.<\/td>\n<td style=\"width: 2.14286%; height: 23px;\">&nbsp;<\/td>\n<\/tr>\n<tr style=\"height: 23px;\">\n<td style=\"width: 28.928%; height: 23px;\"><strong>Geographische Herkunft:<\/strong><\/td>\n<td style=\"width: 28.928%; height: 23px;\">Etats-Unis (peut varier en fonction de la saison et de la r\u00e9colte)<\/td>\n<td style=\"width: 2.14286%; height: 23px;\">&nbsp;<\/td>\n<\/tr>\n<tr style=\"height: 23px;\">\n<td style=\"width: 28.928%; height: 23px;\"><strong>Qualit\u00e4tsanbau:<\/strong><\/td>\n<td style=\"width: 28.928%; height: 23px;\">Cueillette sauvage<\/td>\n<td style=\"width: 2.14286%; height: 23px;\">&nbsp;<\/td>\n<\/tr>\n<tr style=\"height: 23px;\">\n<td style=\"width: 28.928%; height: 23px;\"><strong>Dufteffekt:<\/strong><\/td>\n<td style=\"width: 28.928%; height: 23px;\">relaxant<\/td>\n<td style=\"width: 2.14286%; height: 23px;\">&nbsp;<\/td>\n<\/tr>\n<tr style=\"height: 23px;\">\n<td style=\"width: 28.928%; height: 23px;\"><strong>Duftnote:<\/strong><\/td>\n<td style=\"width: 28.928%; height: 23px;\">base\/c\u0153ur<\/td>\n<td style=\"width: 2.14286%; height: 23px;\">&nbsp;<\/td>\n<\/tr>\n<tr style=\"height: 23px;\">\n<td style=\"width: 28.928%; height: 23px;\"><strong>Duftprofil:<\/strong><\/td>\n<td style=\"width: 28.928%; height: 23px;\">chaud, balsamique, bois\u00e9<\/td>\n<td style=\"width: 2.14286%; height: 23px;\">&nbsp;<\/td>\n<\/tr>\n<tr style=\"height: 23px;\">\n<td style=\"width: 28.928%; height: 23px;\"><strong>Duftthema:<\/strong><\/td>\n<td style=\"width: 28.928%; height: 23px;\">\u00e9quilibrant, stabilisant, terreur<\/td>\n<td style=\"width: 2.14286%; height: 23px;\">&nbsp;<\/td>\n<\/tr>\n<tr style=\"height: 23px;\">\n<td style=\"width: 28.928%; height: 23px;\"><strong>Energetisch:<\/strong><\/td>\n<td style=\"width: 28.928%; height: 23px;\">1 &amp; 7<\/td>\n<td style=\"width: 2.14286%; height: 23px;\">&nbsp;<\/td>\n<\/tr>\n<tr style=\"height: 23px;\">\n<td style=\"width: 28.928%; height: 23px;\"><strong>Psychoemotional: <\/strong><\/td>\n<td style=\"width: 28.928%; height: 23px;\">&nbsp;<\/td>\n<td style=\"width: 2.14286%; height: 23px;\">&nbsp;<\/td>\n<\/tr>\n<tr style=\"height: 23px;\">\n<td style=\"width: 28.928%; height: 23px;\">\n<p><strong>Beschreibung:<\/strong><\/p>\n<\/td>\n<td style=\"width: 28.928%; height: 23px;\">\n<ul style=\"list-style-type: disc;\">\n<li>Um Ihren Organismus zu st\u00e4rken und zu stimulieren, gibt es nichts Besseres als das \u00e4therische \u00d6l der Virginischen Zeder!<\/li>\n<li>Die Virginische Zeder ist ein Baum aus der Familie der Cupressaceae, der traditionell zur Anregung der Blut- und Lymphzirkulation und zur Linderung von Entz\u00fcndungen verwendet wird.<\/li>\n<li>Diese Essenz ist ideal zur Bek\u00e4mpfung von Cellulite, Wassereinlagerungen, schweren Beinen und Krampfadern.<\/li>\n<\/ul>\n<\/td>\n<td style=\"width: 2.14286%; height: 23px;\">&nbsp;<\/td>\n<\/tr>\n<tr style=\"height: 23px;\">\n<td style=\"width: 28.928%; height: 23px;\">\n<p><strong>Anwendung:<\/strong><\/p>\n<\/td>\n<td style=\"width: 28.928%; height: 23px;\">\n<ul>\n<li style=\"list-style-type: none;\">\n<ul style=\"list-style-type: disc;\">Mit Zitrone, Wacholder und Zypresse in Hamamelis-Hydrolat entsteht ein abschwellendes und erfrischendes K\u00f6rperspray.<\/ul>\n<\/li>\n<li>Rote Zeder l\u00e4sst sich gut mit Lavendel, Grapefruit, Orange, roter Mandarine, Rosengeranie und Zirbelkiefer mischen.<\/li>\n<\/ul>\n<\/td>\n<td style=\"width: 2.14286%; height: 23px;\">&nbsp;<\/td>\n<\/tr>\n<tr style=\"height: 23px;\">\n<td style=\"width: 28.928%; height: 23px;\"><strong>Vorsichtsmassnahmen :<\/strong><\/td>\n<td style=\"width: 28.928%; height: 23px;\">\n<ul style=\"list-style-type: disc;\">\n<li>Ne pas utiliser pour les enfants de moins de six ans !<\/li>\n<li>Ne pas utiliser pendant la grossesse et en cas d'\u00e9pilepsie !<\/li>\n<\/ul>\n<\/td>\n<td style=\"width: 2.14286%; height: 23px;\">&nbsp;<\/td>\n<\/tr>\n<\/tbody>\n<\/table>\n\n\n<h4>&nbsp;<\/h4>\n<h4>&nbsp;<\/h4>\n<h4>&nbsp;<\/h4>\n<h4>Nach Angaben des Anbieters Oshadhi<\/h4>\n<h4>Indikationen:<\/h4>\n<p>Virginiazeder n\u00e4hrt und erweitert das erste Chakra (Muladhara) und verbindet es mit dem siebten (Sahasrara). Er bek\u00e4mpft ausserdem Depressionen, Traurigkeit, Sehnsucht, Opfergef\u00fchle, Schlafst\u00f6rungen, Angstzust\u00e4nde, M\u00fcdigkeit, Lethargie, Wut und Bindungsangst. Der Virginiazeder harmonisiert auch das Nervensystem, gleicht die Emotionen aus, erleichtert die spirituelle Entwicklung, dr\u00e4ngt zur \u00dcbernahme von Verantwortung, verleiht eine globale Sichtweise und hilft, Muster (in Familie, Kultur, Gesellschaft, Umwelt usw.) zu durchbrechen. Dar\u00fcber hinaus verleiht er Freude, Leichtigkeit, Leidenschaft, Reife, Klarheit, Vertrauen, Widerstandskraft und W\u00fcrde. In der Kosmetik wird er verwendet, um die Auswirkungen des Alters auf die Haut zu bek\u00e4mpfen, den Haarausfall zu verlangsamen und Schuppen zu reduzieren.<\/p>\n<h4>Einige praktische Anwendungen :<\/h4>\n<p>F\u00fcr mehr Koh\u00e4renz in den Gedanken und ein besseres emotionales Gleichgewicht: Mischen Sie 30 ml Macadamia + 0,5 ml Virginia-Zeder. Tragen Sie die Mischung auf Kn\u00f6chel, Handgelenke und Stirn auf und riechen Sie zwei Minuten lang bei geschlossenen Augen an dem Fl\u00e4schchen mit Virginiazeder.<\/p>\n<p>Bei Haarausfall oder Schuppen: Geben Sie einige Tropfen Virginiazeder in Ihr Shampoo.<\/p>\n<p>Entdecken Sie auch das Wacholderhydrolat!<\/p>\n<p>&nbsp;<\/p>","protected":false},"excerpt":{"rendered":"<p>Zedernholz (Virginiazeder) rot &nbsp; &nbsp; &nbsp; &nbsp; &nbsp; Nat\u00fcrliches pures \u00e4therisches \u00d6l 100% Garantie f\u00fcr h\u00f6chste Qualit\u00e4t 10 ml CHF 8.20 &nbsp; &nbsp; &nbsp; &nbsp; Botanischer Name: Juniperus virginiana L. &nbsp; Botanische Familie: Sesquiterpenole, Sesquiterpene &nbsp; Extraktionsmethode: Distillation \u00e0 la vapeur d'eau &nbsp; Verwendeter Pflanzenteil: bois &nbsp; Pflanzenmenge: Il faut environ 30 kg de bois pour obtenir 1 kg d'huile.&nbsp;<a href=\"https:\/\/bien-etreiris.ch\/de\/produktpraesentation\/aromatherapie\/aetherische-oele\/zedernholz-virginiazeder\/\" class=\"read-more\">Weiter lesen<\/a><\/p>\n","protected":false},"author":1,"featured_media":69703,"parent":37429,"menu_order":3633,"comment_status":"closed","ping_status":"closed","template":"page-with-child.php","meta":{"_acf_changed":false,"ngg_post_thumbnail":0,"footnotes":""},"class_list":["post-69063","page","type-page","status-publish","has-post-thumbnail","hentry"],"acf":[],"yoast_head":"<!-- This site is optimized with the Yoast SEO plugin v27.6 - https:\/\/yoast.com\/product\/yoast-seo-wordpress\/ -->\n<title>ZEDERNHOLZ - WOHLBEFINDEN<\/title>\n<meta name=\"robots\" content=\"index, follow, max-snippet:-1, max-image-preview:large, max-video-preview:-1\" \/>\n<link rel=\"canonical\" href=\"https:\/\/bien-etreiris.ch\/de\/produktpraesentation\/aromatherapie\/aetherische-oele\/zedernholz-virginiazeder\/\" \/>\n<meta property=\"og:locale\" content=\"de_DE\" \/>\n<meta property=\"og:type\" content=\"article\" \/>\n<meta property=\"og:title\" content=\"ZEDERNHOLZ - WOHLBEFINDEN\" \/>\n<meta property=\"og:description\" content=\"Zedernholz (Virginiazeder) rot &nbsp; &nbsp; &nbsp; &nbsp; &nbsp; Nat\u00fcrliches pures \u00e4therisches \u00d6l 100% Garantie f\u00fcr h\u00f6chste Qualit\u00e4t 10 ml CHF 8.20 &nbsp; &nbsp; &nbsp; &nbsp; Botanischer Name: Juniperus virginiana L. &nbsp; Botanische Familie: Sesquiterpenole, Sesquiterpene &nbsp; Extraktionsmethode: Distillation \u00e0 la vapeur d&#039;eau &nbsp; Verwendeter Pflanzenteil: bois &nbsp; Pflanzenmenge: Il faut environ 30 kg de bois pour obtenir 1 kg d&#039;huile.&nbsp;Weiter lesen\" \/>\n<meta property=\"og:url\" content=\"https:\/\/bien-etreiris.ch\/de\/produktpraesentation\/aromatherapie\/aetherische-oele\/zedernholz-virginiazeder\/\" \/>\n<meta property=\"og:site_name\" content=\"WOHLBEFINDEN\" \/>\n<meta property=\"article:publisher\" content=\"https:\/\/www.facebook.com\/bienetreiris\/\" \/>\n<meta property=\"article:modified_time\" content=\"2023-11-19T18:39:39+00:00\" \/>\n<meta property=\"og:image\" content=\"https:\/\/bien-etreiris.ch\/wp-content\/uploads\/2023\/05\/acceuil-cedre-de-virginie-1.png\" \/>\n\t<meta property=\"og:image:width\" content=\"500\" \/>\n\t<meta property=\"og:image:height\" content=\"303\" \/>\n\t<meta property=\"og:image:type\" content=\"image\/png\" \/>\n<meta name=\"twitter:label1\" content=\"Gesch\u00e4tzte Lesezeit\" \/>\n\t<meta name=\"twitter:data1\" content=\"3\u00a0Minuten\" \/>\n<script type=\"application\/ld+json\" class=\"yoast-schema-graph\">{\"@context\":\"https:\\\/\\\/schema.org\",\"@graph\":[{\"@type\":\"WebPage\",\"@id\":\"https:\\\/\\\/bien-etreiris.ch\\\/de\\\/produktpraesentation\\\/aromatherapie\\\/aetherische-oele\\\/zedernholz-virginiazeder\\\/\",\"url\":\"https:\\\/\\\/bien-etreiris.ch\\\/de\\\/produktpraesentation\\\/aromatherapie\\\/aetherische-oele\\\/zedernholz-virginiazeder\\\/\",\"name\":\"ZEDERNHOLZ - WOHLBEFINDEN\",\"isPartOf\":{\"@id\":\"https:\\\/\\\/bien-etreiris.ch\\\/de\\\/#website\"},\"primaryImageOfPage\":{\"@id\":\"https:\\\/\\\/bien-etreiris.ch\\\/de\\\/produktpraesentation\\\/aromatherapie\\\/aetherische-oele\\\/zedernholz-virginiazeder\\\/#primaryimage\"},\"image\":{\"@id\":\"https:\\\/\\\/bien-etreiris.ch\\\/de\\\/produktpraesentation\\\/aromatherapie\\\/aetherische-oele\\\/zedernholz-virginiazeder\\\/#primaryimage\"},\"thumbnailUrl\":\"https:\\\/\\\/bien-etreiris.ch\\\/wp-content\\\/uploads\\\/2023\\\/05\\\/acceuil-cedre-de-virginie-1.png\",\"datePublished\":\"2023-04-30T20:34:59+00:00\",\"dateModified\":\"2023-11-19T18:39:39+00:00\",\"breadcrumb\":{\"@id\":\"https:\\\/\\\/bien-etreiris.ch\\\/de\\\/produktpraesentation\\\/aromatherapie\\\/aetherische-oele\\\/zedernholz-virginiazeder\\\/#breadcrumb\"},\"inLanguage\":\"de\",\"potentialAction\":[{\"@type\":\"ReadAction\",\"target\":[\"https:\\\/\\\/bien-etreiris.ch\\\/de\\\/produktpraesentation\\\/aromatherapie\\\/aetherische-oele\\\/zedernholz-virginiazeder\\\/\"]}]},{\"@type\":\"ImageObject\",\"inLanguage\":\"de\",\"@id\":\"https:\\\/\\\/bien-etreiris.ch\\\/de\\\/produktpraesentation\\\/aromatherapie\\\/aetherische-oele\\\/zedernholz-virginiazeder\\\/#primaryimage\",\"url\":\"https:\\\/\\\/bien-etreiris.ch\\\/wp-content\\\/uploads\\\/2023\\\/05\\\/acceuil-cedre-de-virginie-1.png\",\"contentUrl\":\"https:\\\/\\\/bien-etreiris.ch\\\/wp-content\\\/uploads\\\/2023\\\/05\\\/acceuil-cedre-de-virginie-1.png\",\"width\":500,\"height\":303},{\"@type\":\"BreadcrumbList\",\"@id\":\"https:\\\/\\\/bien-etreiris.ch\\\/de\\\/produktpraesentation\\\/aromatherapie\\\/aetherische-oele\\\/zedernholz-virginiazeder\\\/#breadcrumb\",\"itemListElement\":[{\"@type\":\"ListItem\",\"position\":1,\"name\":\"Home\",\"item\":\"https:\\\/\\\/bien-etreiris.ch\\\/de\\\/\"},{\"@type\":\"ListItem\",\"position\":2,\"name\":\"PRODUKTPR\u00c4SENTATION\",\"item\":\"https:\\\/\\\/bien-etreiris.ch\\\/de\\\/produktpraesentation\\\/\"},{\"@type\":\"ListItem\",\"position\":3,\"name\":\"AROMATHERAPIE\",\"item\":\"https:\\\/\\\/bien-etreiris.ch\\\/de\\\/produktpraesentation\\\/aromatherapie\\\/\"},{\"@type\":\"ListItem\",\"position\":4,\"name\":\"\u00c4THERISCHE \u00d6LE\",\"item\":\"https:\\\/\\\/bien-etreiris.ch\\\/de\\\/produktpraesentation\\\/aromatherapie\\\/aetherische-oele\\\/\"},{\"@type\":\"ListItem\",\"position\":5,\"name\":\"ZEDERNHOLZ\"}]},{\"@type\":\"WebSite\",\"@id\":\"https:\\\/\\\/bien-etreiris.ch\\\/de\\\/#website\",\"url\":\"https:\\\/\\\/bien-etreiris.ch\\\/de\\\/\",\"name\":\"Bien-\u00eatre Iris\",\"description\":\"IHRE Gesundheit ist uns wichtig\",\"potentialAction\":[{\"@type\":\"SearchAction\",\"target\":{\"@type\":\"EntryPoint\",\"urlTemplate\":\"https:\\\/\\\/bien-etreiris.ch\\\/de\\\/?s={search_term_string}\"},\"query-input\":{\"@type\":\"PropertyValueSpecification\",\"valueRequired\":true,\"valueName\":\"search_term_string\"}}],\"inLanguage\":\"de\"}]}<\/script>\n<!-- \/ Yoast SEO plugin. -->","yoast_head_json":{"title":"ZEDERNHOLZ - WOHLBEFINDEN","robots":{"index":"index","follow":"follow","max-snippet":"max-snippet:-1","max-image-preview":"max-image-preview:large","max-video-preview":"max-video-preview:-1"},"canonical":"https:\/\/bien-etreiris.ch\/de\/produktpraesentation\/aromatherapie\/aetherische-oele\/zedernholz-virginiazeder\/","og_locale":"de_DE","og_type":"article","og_title":"ZEDERNHOLZ - WOHLBEFINDEN","og_description":"Zedernholz (Virginiazeder) rot &nbsp; &nbsp; &nbsp; &nbsp; &nbsp; Nat\u00fcrliches pures \u00e4therisches \u00d6l 100% Garantie f\u00fcr h\u00f6chste Qualit\u00e4t 10 ml CHF 8.20 &nbsp; &nbsp; &nbsp; &nbsp; Botanischer Name: Juniperus virginiana L. &nbsp; Botanische Familie: Sesquiterpenole, Sesquiterpene &nbsp; Extraktionsmethode: Distillation \u00e0 la vapeur d'eau &nbsp; Verwendeter Pflanzenteil: bois &nbsp; Pflanzenmenge: Il faut environ 30 kg de bois pour obtenir 1 kg d'huile.&nbsp;Weiter lesen","og_url":"https:\/\/bien-etreiris.ch\/de\/produktpraesentation\/aromatherapie\/aetherische-oele\/zedernholz-virginiazeder\/","og_site_name":"WOHLBEFINDEN","article_publisher":"https:\/\/www.facebook.com\/bienetreiris\/","article_modified_time":"2023-11-19T18:39:39+00:00","og_image":[{"width":500,"height":303,"url":"https:\/\/bien-etreiris.ch\/wp-content\/uploads\/2023\/05\/acceuil-cedre-de-virginie-1.png","type":"image\/png"}],"twitter_misc":{"Gesch\u00e4tzte Lesezeit":"3\u00a0Minuten"},"schema":{"@context":"https:\/\/schema.org","@graph":[{"@type":"WebPage","@id":"https:\/\/bien-etreiris.ch\/de\/produktpraesentation\/aromatherapie\/aetherische-oele\/zedernholz-virginiazeder\/","url":"https:\/\/bien-etreiris.ch\/de\/produktpraesentation\/aromatherapie\/aetherische-oele\/zedernholz-virginiazeder\/","name":"ZEDERNHOLZ - WOHLBEFINDEN","isPartOf":{"@id":"https:\/\/bien-etreiris.ch\/de\/#website"},"primaryImageOfPage":{"@id":"https:\/\/bien-etreiris.ch\/de\/produktpraesentation\/aromatherapie\/aetherische-oele\/zedernholz-virginiazeder\/#primaryimage"},"image":{"@id":"https:\/\/bien-etreiris.ch\/de\/produktpraesentation\/aromatherapie\/aetherische-oele\/zedernholz-virginiazeder\/#primaryimage"},"thumbnailUrl":"https:\/\/bien-etreiris.ch\/wp-content\/uploads\/2023\/05\/acceuil-cedre-de-virginie-1.png","datePublished":"2023-04-30T20:34:59+00:00","dateModified":"2023-11-19T18:39:39+00:00","breadcrumb":{"@id":"https:\/\/bien-etreiris.ch\/de\/produktpraesentation\/aromatherapie\/aetherische-oele\/zedernholz-virginiazeder\/#breadcrumb"},"inLanguage":"de","potentialAction":[{"@type":"ReadAction","target":["https:\/\/bien-etreiris.ch\/de\/produktpraesentation\/aromatherapie\/aetherische-oele\/zedernholz-virginiazeder\/"]}]},{"@type":"ImageObject","inLanguage":"de","@id":"https:\/\/bien-etreiris.ch\/de\/produktpraesentation\/aromatherapie\/aetherische-oele\/zedernholz-virginiazeder\/#primaryimage","url":"https:\/\/bien-etreiris.ch\/wp-content\/uploads\/2023\/05\/acceuil-cedre-de-virginie-1.png","contentUrl":"https:\/\/bien-etreiris.ch\/wp-content\/uploads\/2023\/05\/acceuil-cedre-de-virginie-1.png","width":500,"height":303},{"@type":"BreadcrumbList","@id":"https:\/\/bien-etreiris.ch\/de\/produktpraesentation\/aromatherapie\/aetherische-oele\/zedernholz-virginiazeder\/#breadcrumb","itemListElement":[{"@type":"ListItem","position":1,"name":"Home","item":"https:\/\/bien-etreiris.ch\/de\/"},{"@type":"ListItem","position":2,"name":"PRODUKTPR\u00c4SENTATION","item":"https:\/\/bien-etreiris.ch\/de\/produktpraesentation\/"},{"@type":"ListItem","position":3,"name":"AROMATHERAPIE","item":"https:\/\/bien-etreiris.ch\/de\/produktpraesentation\/aromatherapie\/"},{"@type":"ListItem","position":4,"name":"\u00c4THERISCHE \u00d6LE","item":"https:\/\/bien-etreiris.ch\/de\/produktpraesentation\/aromatherapie\/aetherische-oele\/"},{"@type":"ListItem","position":5,"name":"ZEDERNHOLZ"}]},{"@type":"WebSite","@id":"https:\/\/bien-etreiris.ch\/de\/#website","url":"https:\/\/bien-etreiris.ch\/de\/","name":"Bien-\u00eatre Iris","description":"IHRE Gesundheit ist uns wichtig","potentialAction":[{"@type":"SearchAction","target":{"@type":"EntryPoint","urlTemplate":"https:\/\/bien-etreiris.ch\/de\/?s={search_term_string}"},"query-input":{"@type":"PropertyValueSpecification","valueRequired":true,"valueName":"search_term_string"}}],"inLanguage":"de"}]}},"_links":{"self":[{"href":"https:\/\/bien-etreiris.ch\/de\/wp-json\/wp\/v2\/pages\/69063","targetHints":{"allow":["GET"]}}],"collection":[{"href":"https:\/\/bien-etreiris.ch\/de\/wp-json\/wp\/v2\/pages"}],"about":[{"href":"https:\/\/bien-etreiris.ch\/de\/wp-json\/wp\/v2\/types\/page"}],"author":[{"embeddable":true,"href":"https:\/\/bien-etreiris.ch\/de\/wp-json\/wp\/v2\/users\/1"}],"replies":[{"embeddable":true,"href":"https:\/\/bien-etreiris.ch\/de\/wp-json\/wp\/v2\/comments?post=69063"}],"version-history":[{"count":13,"href":"https:\/\/bien-etreiris.ch\/de\/wp-json\/wp\/v2\/pages\/69063\/revisions"}],"predecessor-version":[{"id":80044,"href":"https:\/\/bien-etreiris.ch\/de\/wp-json\/wp\/v2\/pages\/69063\/revisions\/80044"}],"up":[{"embeddable":true,"href":"https:\/\/bien-etreiris.ch\/de\/wp-json\/wp\/v2\/pages\/37429"}],"wp:featuredmedia":[{"embeddable":true,"href":"https:\/\/bien-etreiris.ch\/de\/wp-json\/wp\/v2\/media\/69703"}],"wp:attachment":[{"href":"https:\/\/bien-etreiris.ch\/de\/wp-json\/wp\/v2\/media?parent=69063"}],"curies":[{"name":"wp","href":"https:\/\/api.w.org\/{rel}","templated":true}]}}