{"id":68666,"date":"2023-04-26T11:35:34","date_gmt":"2023-04-26T09:35:34","guid":{"rendered":"https:\/\/bien-etreiris.ch\/produktpraesentation\/hygiene\/koerperpflege\/frauen\/protections-natacare\/incontinence\/"},"modified":"2023-04-26T11:47:14","modified_gmt":"2023-04-26T09:47:14","slug":"incontinence","status":"publish","type":"page","link":"https:\/\/bien-etreiris.ch\/de\/produktpraesentation\/hygiene\/koerperpflege\/frauen\/protections-natacare\/incontinence\/","title":{"rendered":"INCONTINENCE"},"content":{"rendered":"<section id=\"incontinence-hero\">\n<div class=\"container\">\n<header>\n<h2 class=\"script white half\">Serviettes pour incontinence, sans parfums pour peau sensible<\/h2>\n<\/header>\n<h4 class=\"white thin half\">Serviettes absorbantes sans mati\u00e8res plastiques, pour fuite urinaire<\/h4>\n<\/div>\n<\/section>\n<section id=\"incontinence-intro\" class=\"bg-grey\">\n<div class=\"container\">\n<p class=\"thin\">D\u00e9couvrez les serviettes pour incontinence Natracare Dry &amp; Light, con\u00e7ues \u00e0 base de mati\u00e8res naturelles, adapt\u00e9es \u00e0 la peau sensible. Pour incontinence l\u00e9g\u00e8re et faiblesse urinaire.<\/p>\n<p class=\"thin\">Les serviettes pour incontinence sont utilis\u00e9es au quotidien, si vous avez une vessie hyper-active ou une petite faiblesse urinaire \u2013 c\u2019est l\u2019occasion d\u2019opter pour des produits sans mati\u00e8res plastiques. Les serviettes \u00ab classiques \u00bb pour incontinence contiennent g\u00e9n\u00e9ralement des gels superabsorbants, des colorants, des parfums \u2013 et toutes ces substances peuvent aussi \u00eatre irritantes pour la peau.<\/p>\n<\/div>\n<\/section>\n<p>&nbsp;<\/p>\n<header>\n<h2 class=\"small extra-bold black\">Serviettes incontinence Slim Dry &amp; Light<\/h2>\n<\/header>\n<p><a href=\"https:\/\/bien-etreiris.ch\/de\/produktpraesentation\/hygiene\/koerperpflege\/frauen\/protections-natacare\/incontinence\/dry-light-2\/\" rel=\"attachment wp-att-68651\"><img loading=\"lazy\" decoding=\"async\" class=\"size-full wp-image-68651 alignleft\" src=\"https:\/\/bien-etreiris.ch\/wp-content\/uploads\/2023\/04\/dry-light.jpg\" alt=\"\" width=\"244\" height=\"400\" srcset=\"https:\/\/bien-etreiris.ch\/wp-content\/uploads\/2023\/04\/dry-light.jpg 244w, https:\/\/bien-etreiris.ch\/wp-content\/uploads\/2023\/04\/dry-light-183x300.jpg 183w\" sizes=\"auto, (max-width: 244px) 100vw, 244px\" \/><\/a><\/p>\n<div class=\"left half\">\n<h3>&nbsp;<\/h3>\n<h3>&nbsp;<\/h3>\n<h4 class=\"extra-bold all-caps\">D\u00e9tail des produits<\/h4>\n<p>Composition : coton biologique certifi\u00e9, pulpe de cellulose \u00e9cologique certifi\u00e9e, bioplastique \u00e0 base d\u2019amidon v\u00e9g\u00e9tal<\/p>\n<p>Colle : sans BPA, polym\u00e8re de qualit\u00e9 m\u00e9dicale<sup><a href=\"https:\/\/www.natracare.com\/media\/Natracare UWE Composition Analysis Summary.pdf\" target=\"_blank\" rel=\"noopener\">1<\/a><\/sup><\/p>\n<p>Emballage : bande de papier silicon\u00e9, papier, carton recycl\u00e9<\/p>\n<p class=\"pink\">&nbsp;<\/p>\n<\/div>\n<p>Absorption : 109 ml<\/p>\n<p>&nbsp;<\/p>\n<p><img decoding=\"async\" class=\"droplet empty\" src=\"https:\/\/www.natracare.com\/images\/droplet-super-plus.svg\" alt=\"\"><img decoding=\"async\" class=\"droplet empty\" src=\"https:\/\/www.natracare.com\/images\/droplet-super-plus.svg\" alt=\"\"><\/p>\n<p>20 serviettes par paquet <strong>CHF 6.30<\/strong><\/p>\n<p>&nbsp;<\/p>\n<p>&nbsp;<\/p>\n<p>&nbsp;<\/p>\n<div class=\"left half text-center\">&nbsp;<\/div>\n<div class=\"right half\">\n<h4>Des serviettes naturelles et absorbantes pour incontinence urinaire l\u00e9g\u00e8re<\/h4>\n<ul class=\"checkmark\" style=\"list-style-type: disc;\">\n<li>Couche sup\u00e9rieure douce en coton bio<\/li>\n<li>Adapt\u00e9 \u00e0 la peau sensible<\/li>\n<li>Sans plastique<\/li>\n<li>Sans gels super-absorbants<\/li>\n<li>Pas de parfums, ni de colorants<\/li>\n<li>Totalement exemptes de chlore<\/li>\n<li>Biod\u00e9gradable et compostable<\/li>\n<\/ul>\n<\/div>\n<p>&nbsp;<\/p>\n<hr>\n<header>\n<header>\n<h2 class=\"small extra-bold black\">Serviettes incontinence Plus Dry &amp; Light<\/h2>\n<\/header>\n<\/header>\n<h4><a href=\"https:\/\/bien-etreiris.ch\/de\/produktpraesentation\/hygiene\/koerperpflege\/frauen\/protections-natacare\/incontinence\/dry-light-16-2\/\" rel=\"attachment wp-att-68660\"><img loading=\"lazy\" decoding=\"async\" class=\"size-full wp-image-68660 alignleft\" src=\"https:\/\/bien-etreiris.ch\/wp-content\/uploads\/2023\/04\/dry-light-16.jpg\" alt=\"\" width=\"168\" height=\"400\" srcset=\"https:\/\/bien-etreiris.ch\/wp-content\/uploads\/2023\/04\/dry-light-16.jpg 168w, https:\/\/bien-etreiris.ch\/wp-content\/uploads\/2023\/04\/dry-light-16-126x300.jpg 126w\" sizes=\"auto, (max-width: 168px) 100vw, 168px\" \/><\/a><\/h4>\n<h4>&nbsp;<\/h4>\n<h4>&nbsp;<\/h4>\n<h4>&nbsp;<\/h4>\n<h4>&nbsp;<\/h4>\n<h4>D\u00e9tail des produits<\/h4>\n<p>Composition : coton biologique certifi\u00e9, pulpe de cellulose \u00e9cologique certifi\u00e9e, bioplastique \u00e0 base d\u2019amidon v\u00e9g\u00e9tal<\/p>\n<p>Colle : sans BPA, polym\u00e8re de qualit\u00e9 m\u00e9dicale<sup><a href=\"https:\/\/www.natracare.com\/media\/Natracare UWE Composition Analysis Summary.pdf\" target=\"_blank\" rel=\"noopener\">1<\/a><\/sup><\/p>\n<p>Emballage : pochette fabriqu\u00e9e \u00e0 partir d\u2019amidon v\u00e9g\u00e9tal (compostable \u00e0 l\u2019\u00e9chelle industrielle), carton recycl\u00e9<\/p>\n<p>Absorption : 176 ml<\/p>\n<p><img decoding=\"async\" class=\"droplet\" src=\"https:\/\/www.natracare.com\/images\/droplet-super-plus.svg\" alt=\"\"><img decoding=\"async\" class=\"droplet\" src=\"https:\/\/www.natracare.com\/images\/droplet-super-plus.svg\" alt=\"\"><img decoding=\"async\" class=\"droplet\" src=\"https:\/\/www.natracare.com\/images\/droplet-super-plus.svg\" alt=\"\"><\/p>\n<p>16 serviettes par paquet <strong>CHF 7.60<\/strong><\/p>\n<p>&nbsp;<\/p>\n<p>&nbsp;<\/p>\n<p>&nbsp;<\/p>\n<p>&nbsp;<\/p>\n<p>&nbsp;<\/p>\n<h4>Des serviettes naturelles et absorbantes pour incontinence urinaire l\u00e9g\u00e8re<\/h4>\n<ul class=\"checkmark\" style=\"list-style-type: disc;\">\n<li>Couche sup\u00e9rieure douce en coton bio<\/li>\n<li>Adapt\u00e9 \u00e0 la peau sensible<\/li>\n<li>Sans plastique<\/li>\n<li>Sans gels super-absorbants<\/li>\n<li>Pas de parfums, ni de colorants<\/li>\n<li>Totalement exemptes de chlore<\/li>\n<li>Biod\u00e9gradable et compostable<\/li>\n<\/ul>\n","protected":false},"excerpt":{"rendered":"<p>Serviettes pour incontinence, sans parfums pour peau sensible Serviettes absorbantes sans mati\u00e8res plastiques, pour fuite urinaire D\u00e9couvrez les serviettes pour incontinence Natracare Dry &amp; Light, con\u00e7ues \u00e0 base de mati\u00e8res naturelles, adapt\u00e9es \u00e0 la peau sensible. Pour incontinence l\u00e9g\u00e8re et faiblesse urinaire. Les serviettes pour incontinence sont utilis\u00e9es au quotidien, si vous avez une vessie hyper-active ou une petite faiblesse&nbsp;<a href=\"https:\/\/bien-etreiris.ch\/de\/produktpraesentation\/hygiene\/koerperpflege\/frauen\/protections-natacare\/incontinence\/\" class=\"read-more\">Weiter lesen<\/a><\/p>\n","protected":false},"author":1,"featured_media":68650,"parent":68532,"menu_order":3703,"comment_status":"closed","ping_status":"closed","template":"page-with-child.php","meta":{"_acf_changed":false,"ngg_post_thumbnail":0,"footnotes":""},"class_list":["post-68666","page","type-page","status-publish","has-post-thumbnail","hentry"],"acf":[],"yoast_head":"<!-- This site is optimized with the Yoast SEO plugin v27.5 - https:\/\/yoast.com\/product\/yoast-seo-wordpress\/ -->\n<title>INCONTINENCE - WOHLBEFINDEN<\/title>\n<meta name=\"robots\" content=\"index, follow, max-snippet:-1, max-image-preview:large, max-video-preview:-1\" \/>\n<link rel=\"canonical\" href=\"https:\/\/bien-etreiris.ch\/de\/produktpraesentation\/hygiene\/koerperpflege\/frauen\/protections-natacare\/incontinence\/\" \/>\n<meta property=\"og:locale\" content=\"de_DE\" \/>\n<meta property=\"og:type\" content=\"article\" \/>\n<meta property=\"og:title\" content=\"INCONTINENCE - WOHLBEFINDEN\" \/>\n<meta property=\"og:description\" content=\"Serviettes pour incontinence, sans parfums pour peau sensible Serviettes absorbantes sans mati\u00e8res plastiques, pour fuite urinaire D\u00e9couvrez les serviettes pour incontinence Natracare Dry &amp; Light, con\u00e7ues \u00e0 base de mati\u00e8res naturelles, adapt\u00e9es \u00e0 la peau sensible. Pour incontinence l\u00e9g\u00e8re et faiblesse urinaire. Les serviettes pour incontinence sont utilis\u00e9es au quotidien, si vous avez une vessie hyper-active ou une petite faiblesse&nbsp;Weiter lesen\" \/>\n<meta property=\"og:url\" content=\"https:\/\/bien-etreiris.ch\/de\/produktpraesentation\/hygiene\/koerperpflege\/frauen\/protections-natacare\/incontinence\/\" \/>\n<meta property=\"og:site_name\" content=\"WOHLBEFINDEN\" \/>\n<meta property=\"article:publisher\" content=\"https:\/\/www.facebook.com\/bienetreiris\/\" \/>\n<meta property=\"article:modified_time\" content=\"2023-04-26T09:47:14+00:00\" \/>\n<meta property=\"og:image\" content=\"https:\/\/bien-etreiris.ch\/wp-content\/uploads\/2023\/04\/Incontinence.jpg\" \/>\n\t<meta property=\"og:image:width\" content=\"500\" \/>\n\t<meta property=\"og:image:height\" content=\"344\" \/>\n\t<meta property=\"og:image:type\" content=\"image\/jpeg\" \/>\n<meta name=\"twitter:label1\" content=\"Gesch\u00e4tzte Lesezeit\" \/>\n\t<meta name=\"twitter:data1\" content=\"3\u00a0Minuten\" \/>\n<script type=\"application\/ld+json\" class=\"yoast-schema-graph\">{\"@context\":\"https:\\\/\\\/schema.org\",\"@graph\":[{\"@type\":\"WebPage\",\"@id\":\"https:\\\/\\\/bien-etreiris.ch\\\/de\\\/produktpraesentation\\\/hygiene\\\/koerperpflege\\\/frauen\\\/protections-natacare\\\/incontinence\\\/\",\"url\":\"https:\\\/\\\/bien-etreiris.ch\\\/de\\\/produktpraesentation\\\/hygiene\\\/koerperpflege\\\/frauen\\\/protections-natacare\\\/incontinence\\\/\",\"name\":\"INCONTINENCE - WOHLBEFINDEN\",\"isPartOf\":{\"@id\":\"https:\\\/\\\/bien-etreiris.ch\\\/de\\\/#website\"},\"primaryImageOfPage\":{\"@id\":\"https:\\\/\\\/bien-etreiris.ch\\\/de\\\/produktpraesentation\\\/hygiene\\\/koerperpflege\\\/frauen\\\/protections-natacare\\\/incontinence\\\/#primaryimage\"},\"image\":{\"@id\":\"https:\\\/\\\/bien-etreiris.ch\\\/de\\\/produktpraesentation\\\/hygiene\\\/koerperpflege\\\/frauen\\\/protections-natacare\\\/incontinence\\\/#primaryimage\"},\"thumbnailUrl\":\"https:\\\/\\\/bien-etreiris.ch\\\/wp-content\\\/uploads\\\/2023\\\/04\\\/Incontinence.jpg\",\"datePublished\":\"2023-04-26T09:35:34+00:00\",\"dateModified\":\"2023-04-26T09:47:14+00:00\",\"breadcrumb\":{\"@id\":\"https:\\\/\\\/bien-etreiris.ch\\\/de\\\/produktpraesentation\\\/hygiene\\\/koerperpflege\\\/frauen\\\/protections-natacare\\\/incontinence\\\/#breadcrumb\"},\"inLanguage\":\"de\",\"potentialAction\":[{\"@type\":\"ReadAction\",\"target\":[\"https:\\\/\\\/bien-etreiris.ch\\\/de\\\/produktpraesentation\\\/hygiene\\\/koerperpflege\\\/frauen\\\/protections-natacare\\\/incontinence\\\/\"]}]},{\"@type\":\"ImageObject\",\"inLanguage\":\"de\",\"@id\":\"https:\\\/\\\/bien-etreiris.ch\\\/de\\\/produktpraesentation\\\/hygiene\\\/koerperpflege\\\/frauen\\\/protections-natacare\\\/incontinence\\\/#primaryimage\",\"url\":\"https:\\\/\\\/bien-etreiris.ch\\\/wp-content\\\/uploads\\\/2023\\\/04\\\/Incontinence.jpg\",\"contentUrl\":\"https:\\\/\\\/bien-etreiris.ch\\\/wp-content\\\/uploads\\\/2023\\\/04\\\/Incontinence.jpg\",\"width\":500,\"height\":344},{\"@type\":\"BreadcrumbList\",\"@id\":\"https:\\\/\\\/bien-etreiris.ch\\\/de\\\/produktpraesentation\\\/hygiene\\\/koerperpflege\\\/frauen\\\/protections-natacare\\\/incontinence\\\/#breadcrumb\",\"itemListElement\":[{\"@type\":\"ListItem\",\"position\":1,\"name\":\"Home\",\"item\":\"https:\\\/\\\/bien-etreiris.ch\\\/de\\\/\"},{\"@type\":\"ListItem\",\"position\":2,\"name\":\"PRODUKTPR\u00c4SENTATION\",\"item\":\"https:\\\/\\\/bien-etreiris.ch\\\/de\\\/produktpraesentation\\\/\"},{\"@type\":\"ListItem\",\"position\":3,\"name\":\"HYGIENE\",\"item\":\"https:\\\/\\\/bien-etreiris.ch\\\/de\\\/produktpraesentation\\\/hygiene\\\/\"},{\"@type\":\"ListItem\",\"position\":4,\"name\":\"K\u00d6RPERPFLEGE\",\"item\":\"https:\\\/\\\/bien-etreiris.ch\\\/de\\\/produktpraesentation\\\/hygiene\\\/koerperpflege\\\/\"},{\"@type\":\"ListItem\",\"position\":5,\"name\":\"FRAUEN\",\"item\":\"https:\\\/\\\/bien-etreiris.ch\\\/de\\\/produktpraesentation\\\/hygiene\\\/koerperpflege\\\/frauen\\\/\"},{\"@type\":\"ListItem\",\"position\":6,\"name\":\"PROTECTIONS NATACARE\",\"item\":\"https:\\\/\\\/bien-etreiris.ch\\\/de\\\/produktpraesentation\\\/hygiene\\\/koerperpflege\\\/frauen\\\/protections-natacare\\\/\"},{\"@type\":\"ListItem\",\"position\":7,\"name\":\"INCONTINENCE\"}]},{\"@type\":\"WebSite\",\"@id\":\"https:\\\/\\\/bien-etreiris.ch\\\/de\\\/#website\",\"url\":\"https:\\\/\\\/bien-etreiris.ch\\\/de\\\/\",\"name\":\"Bien-\u00eatre Iris\",\"description\":\"IHRE Gesundheit ist uns wichtig\",\"potentialAction\":[{\"@type\":\"SearchAction\",\"target\":{\"@type\":\"EntryPoint\",\"urlTemplate\":\"https:\\\/\\\/bien-etreiris.ch\\\/de\\\/?s={search_term_string}\"},\"query-input\":{\"@type\":\"PropertyValueSpecification\",\"valueRequired\":true,\"valueName\":\"search_term_string\"}}],\"inLanguage\":\"de\"}]}<\/script>\n<!-- \/ Yoast SEO plugin. -->","yoast_head_json":{"title":"INCONTINENCE - WOHLBEFINDEN","robots":{"index":"index","follow":"follow","max-snippet":"max-snippet:-1","max-image-preview":"max-image-preview:large","max-video-preview":"max-video-preview:-1"},"canonical":"https:\/\/bien-etreiris.ch\/de\/produktpraesentation\/hygiene\/koerperpflege\/frauen\/protections-natacare\/incontinence\/","og_locale":"de_DE","og_type":"article","og_title":"INCONTINENCE - WOHLBEFINDEN","og_description":"Serviettes pour incontinence, sans parfums pour peau sensible Serviettes absorbantes sans mati\u00e8res plastiques, pour fuite urinaire D\u00e9couvrez les serviettes pour incontinence Natracare Dry &amp; Light, con\u00e7ues \u00e0 base de mati\u00e8res naturelles, adapt\u00e9es \u00e0 la peau sensible. Pour incontinence l\u00e9g\u00e8re et faiblesse urinaire. Les serviettes pour incontinence sont utilis\u00e9es au quotidien, si vous avez une vessie hyper-active ou une petite faiblesse&nbsp;Weiter lesen","og_url":"https:\/\/bien-etreiris.ch\/de\/produktpraesentation\/hygiene\/koerperpflege\/frauen\/protections-natacare\/incontinence\/","og_site_name":"WOHLBEFINDEN","article_publisher":"https:\/\/www.facebook.com\/bienetreiris\/","article_modified_time":"2023-04-26T09:47:14+00:00","og_image":[{"width":500,"height":344,"url":"https:\/\/bien-etreiris.ch\/wp-content\/uploads\/2023\/04\/Incontinence.jpg","type":"image\/jpeg"}],"twitter_misc":{"Gesch\u00e4tzte Lesezeit":"3\u00a0Minuten"},"schema":{"@context":"https:\/\/schema.org","@graph":[{"@type":"WebPage","@id":"https:\/\/bien-etreiris.ch\/de\/produktpraesentation\/hygiene\/koerperpflege\/frauen\/protections-natacare\/incontinence\/","url":"https:\/\/bien-etreiris.ch\/de\/produktpraesentation\/hygiene\/koerperpflege\/frauen\/protections-natacare\/incontinence\/","name":"INCONTINENCE - WOHLBEFINDEN","isPartOf":{"@id":"https:\/\/bien-etreiris.ch\/de\/#website"},"primaryImageOfPage":{"@id":"https:\/\/bien-etreiris.ch\/de\/produktpraesentation\/hygiene\/koerperpflege\/frauen\/protections-natacare\/incontinence\/#primaryimage"},"image":{"@id":"https:\/\/bien-etreiris.ch\/de\/produktpraesentation\/hygiene\/koerperpflege\/frauen\/protections-natacare\/incontinence\/#primaryimage"},"thumbnailUrl":"https:\/\/bien-etreiris.ch\/wp-content\/uploads\/2023\/04\/Incontinence.jpg","datePublished":"2023-04-26T09:35:34+00:00","dateModified":"2023-04-26T09:47:14+00:00","breadcrumb":{"@id":"https:\/\/bien-etreiris.ch\/de\/produktpraesentation\/hygiene\/koerperpflege\/frauen\/protections-natacare\/incontinence\/#breadcrumb"},"inLanguage":"de","potentialAction":[{"@type":"ReadAction","target":["https:\/\/bien-etreiris.ch\/de\/produktpraesentation\/hygiene\/koerperpflege\/frauen\/protections-natacare\/incontinence\/"]}]},{"@type":"ImageObject","inLanguage":"de","@id":"https:\/\/bien-etreiris.ch\/de\/produktpraesentation\/hygiene\/koerperpflege\/frauen\/protections-natacare\/incontinence\/#primaryimage","url":"https:\/\/bien-etreiris.ch\/wp-content\/uploads\/2023\/04\/Incontinence.jpg","contentUrl":"https:\/\/bien-etreiris.ch\/wp-content\/uploads\/2023\/04\/Incontinence.jpg","width":500,"height":344},{"@type":"BreadcrumbList","@id":"https:\/\/bien-etreiris.ch\/de\/produktpraesentation\/hygiene\/koerperpflege\/frauen\/protections-natacare\/incontinence\/#breadcrumb","itemListElement":[{"@type":"ListItem","position":1,"name":"Home","item":"https:\/\/bien-etreiris.ch\/de\/"},{"@type":"ListItem","position":2,"name":"PRODUKTPR\u00c4SENTATION","item":"https:\/\/bien-etreiris.ch\/de\/produktpraesentation\/"},{"@type":"ListItem","position":3,"name":"HYGIENE","item":"https:\/\/bien-etreiris.ch\/de\/produktpraesentation\/hygiene\/"},{"@type":"ListItem","position":4,"name":"K\u00d6RPERPFLEGE","item":"https:\/\/bien-etreiris.ch\/de\/produktpraesentation\/hygiene\/koerperpflege\/"},{"@type":"ListItem","position":5,"name":"FRAUEN","item":"https:\/\/bien-etreiris.ch\/de\/produktpraesentation\/hygiene\/koerperpflege\/frauen\/"},{"@type":"ListItem","position":6,"name":"PROTECTIONS NATACARE","item":"https:\/\/bien-etreiris.ch\/de\/produktpraesentation\/hygiene\/koerperpflege\/frauen\/protections-natacare\/"},{"@type":"ListItem","position":7,"name":"INCONTINENCE"}]},{"@type":"WebSite","@id":"https:\/\/bien-etreiris.ch\/de\/#website","url":"https:\/\/bien-etreiris.ch\/de\/","name":"Bien-\u00eatre Iris","description":"IHRE Gesundheit ist uns wichtig","potentialAction":[{"@type":"SearchAction","target":{"@type":"EntryPoint","urlTemplate":"https:\/\/bien-etreiris.ch\/de\/?s={search_term_string}"},"query-input":{"@type":"PropertyValueSpecification","valueRequired":true,"valueName":"search_term_string"}}],"inLanguage":"de"}]}},"_links":{"self":[{"href":"https:\/\/bien-etreiris.ch\/de\/wp-json\/wp\/v2\/pages\/68666","targetHints":{"allow":["GET"]}}],"collection":[{"href":"https:\/\/bien-etreiris.ch\/de\/wp-json\/wp\/v2\/pages"}],"about":[{"href":"https:\/\/bien-etreiris.ch\/de\/wp-json\/wp\/v2\/types\/page"}],"author":[{"embeddable":true,"href":"https:\/\/bien-etreiris.ch\/de\/wp-json\/wp\/v2\/users\/1"}],"replies":[{"embeddable":true,"href":"https:\/\/bien-etreiris.ch\/de\/wp-json\/wp\/v2\/comments?post=68666"}],"version-history":[{"count":3,"href":"https:\/\/bien-etreiris.ch\/de\/wp-json\/wp\/v2\/pages\/68666\/revisions"}],"predecessor-version":[{"id":68675,"href":"https:\/\/bien-etreiris.ch\/de\/wp-json\/wp\/v2\/pages\/68666\/revisions\/68675"}],"up":[{"embeddable":true,"href":"https:\/\/bien-etreiris.ch\/de\/wp-json\/wp\/v2\/pages\/68532"}],"wp:featuredmedia":[{"embeddable":true,"href":"https:\/\/bien-etreiris.ch\/de\/wp-json\/wp\/v2\/media\/68650"}],"wp:attachment":[{"href":"https:\/\/bien-etreiris.ch\/de\/wp-json\/wp\/v2\/media?parent=68666"}],"curies":[{"name":"wp","href":"https:\/\/api.w.org\/{rel}","templated":true}]}}