{"id":68642,"date":"2023-04-26T10:37:23","date_gmt":"2023-04-26T08:37:23","guid":{"rendered":"https:\/\/bien-etreiris.ch\/maternite\/"},"modified":"2023-04-26T10:40:07","modified_gmt":"2023-04-26T08:40:07","slug":"maternite","status":"publish","type":"page","link":"https:\/\/bien-etreiris.ch\/de\/produktpraesentation\/hygiene\/koerperpflege\/frauen\/protections-natacare\/maternite\/","title":{"rendered":"MATERNITE"},"content":{"rendered":"<section id=\"maternity-hero\">\n<div class=\"container\">\n<header>\n<h2 class=\"script white\">Maternit\u00e9 Naturelle<\/h2>\n<\/header>\n<h4 class=\"white thin half\">Soins post-partum et b\u00e9b\u00e9 pour peaux sensibles<\/h4>\n<\/div>\n<\/section>\n<section id=\"maternity-intro\" class=\"bg-grey\">\n<div class=\"container\">\n<h4 class=\"extra-bold black large\">Le choix de la douceur, pour les mamans et les b\u00e9b\u00e9s<\/h4>\n<p class=\"thin\">Choisissez des serviettes de maternit\u00e9 naturelles fabriqu\u00e9es \u00e0 partir de mat\u00e9riaux d\u2019origine v\u00e9g\u00e9tale et permettant \u00e0 la peau de respirer. La plupart des serviettes contiennent du plastique, des colorants et des super absorbants irritants \u2013 des composants inutiles pour votre peau, surtout apr\u00e8s un accouchement. Les serviettes de maternit\u00e9 Natracare ont \u00e9t\u00e9 con\u00e7ues pour rester douces au contact de la peau d\u00e9licate et assurent la fonction d\u2019absorption de mani\u00e8re efficace.<\/p>\n<p class=\"thin\">D\u00e9couvrez les lingettes pour b\u00e9b\u00e9s biologiques sans plastique, con\u00e7ues sp\u00e9cialement pour les peaux sensibles. Pas de plastique ni d\u2019ingr\u00e9dients nocifs pour votre nouveau-n\u00e9.<\/p>\n<\/div>\n<\/section>\n<p>&nbsp;<\/p>\n<p><a href=\"https:\/\/bien-etreiris.ch\/de\/produktpraesentation\/hygiene\/koerperpflege\/frauen\/protections-natacare\/maternite\/maternite-2\/\" rel=\"attachment wp-att-68633\"><img loading=\"lazy\" decoding=\"async\" class=\"size-full wp-image-68633 alignleft\" src=\"https:\/\/bien-etreiris.ch\/wp-content\/uploads\/2023\/04\/Maternite.jpg\" alt=\"\" width=\"166\" height=\"400\" srcset=\"https:\/\/bien-etreiris.ch\/wp-content\/uploads\/2023\/04\/Maternite.jpg 166w, https:\/\/bien-etreiris.ch\/wp-content\/uploads\/2023\/04\/Maternite-125x300.jpg 125w\" sizes=\"auto, (max-width: 166px) 100vw, 166px\" \/><\/a><\/p>\n<div class=\"left half\">\n<h4>&nbsp;<\/h4>\n<h4>&nbsp;<\/h4>\n<h4 class=\"extra-bold all-caps\">D\u00e9tail des produits<\/h4>\n<p>Composition : coton biologique certifi\u00e9, pulpe de cellulose \u00e9cologique certifi\u00e9e, bioplastique \u00e0 base d\u2019amidon v\u00e9g\u00e9tal<\/p>\n<p>Colle : sans BPA, polym\u00e8re de qualit\u00e9 m\u00e9dicale <sup><a href=\"https:\/\/www.natracare.com\/media\/Natracare UWE Composition Analysis Summary.pdf\" target=\"_blank\" rel=\"noopener\">1<\/a><\/sup><\/p>\n<p>Emballage : bande de papier silicon\u00e9, carton recycl\u00e9<\/p>\n<p class=\"pink\">&nbsp;<\/p>\n<\/div>\n<p>10 serviettes par paquet <strong>CHF 5.30<\/strong><\/p>\n<p>&nbsp;<\/p>\n<p>&nbsp;<\/p>\n<p>&nbsp;<\/p>\n<h4>Con\u00e7us pour \u00eatre ultra-doux sur la peau et extr\u00eamement absorbants<\/h4>\n<ul class=\"checkmark\" style=\"list-style-type: disc;\">\n<li>Couche sup\u00e9rieure douce en coton bio<\/li>\n<li>Adapt\u00e9 \u00e0 la peau sensible<\/li>\n<li>Sans plastique<\/li>\n<li>Sans OGM<\/li>\n<li>Pas de parfums, ni de colorants<\/li>\n<li>Totalement exemptes de chlore<\/li>\n<li>Biod\u00e9gradable et compostable<\/li>\n<\/ul>\n<p>&nbsp;<\/p>\n<hr>\n<p>&nbsp;<\/p>\n","protected":false},"excerpt":{"rendered":"<p>Maternit\u00e9 Naturelle Soins post-partum et b\u00e9b\u00e9 pour peaux sensibles Le choix de la douceur, pour les mamans et les b\u00e9b\u00e9s Choisissez des serviettes de maternit\u00e9 naturelles fabriqu\u00e9es \u00e0 partir de mat\u00e9riaux d\u2019origine v\u00e9g\u00e9tale et permettant \u00e0 la peau de respirer. La plupart des serviettes contiennent du plastique, des colorants et des super absorbants irritants \u2013 des composants inutiles pour votre&nbsp;<a href=\"https:\/\/bien-etreiris.ch\/de\/produktpraesentation\/hygiene\/koerperpflege\/frauen\/protections-natacare\/maternite\/\" class=\"read-more\">Weiter lesen<\/a><\/p>\n","protected":false},"author":1,"featured_media":68638,"parent":68532,"menu_order":3706,"comment_status":"closed","ping_status":"closed","template":"page-with-child.php","meta":{"_acf_changed":false,"ngg_post_thumbnail":0,"footnotes":""},"class_list":["post-68642","page","type-page","status-publish","has-post-thumbnail","hentry"],"acf":[],"yoast_head":"<!-- This site is optimized with the Yoast SEO plugin v27.5 - https:\/\/yoast.com\/product\/yoast-seo-wordpress\/ -->\n<title>MATERNITE - WOHLBEFINDEN<\/title>\n<meta name=\"robots\" content=\"index, follow, max-snippet:-1, max-image-preview:large, max-video-preview:-1\" \/>\n<link rel=\"canonical\" href=\"https:\/\/bien-etreiris.ch\/de\/produktpraesentation\/hygiene\/koerperpflege\/frauen\/protections-natacare\/maternite\/\" \/>\n<meta property=\"og:locale\" content=\"de_DE\" \/>\n<meta property=\"og:type\" content=\"article\" \/>\n<meta property=\"og:title\" content=\"MATERNITE - WOHLBEFINDEN\" \/>\n<meta property=\"og:description\" content=\"Maternit\u00e9 Naturelle Soins post-partum et b\u00e9b\u00e9 pour peaux sensibles Le choix de la douceur, pour les mamans et les b\u00e9b\u00e9s Choisissez des serviettes de maternit\u00e9 naturelles fabriqu\u00e9es \u00e0 partir de mat\u00e9riaux d\u2019origine v\u00e9g\u00e9tale et permettant \u00e0 la peau de respirer. La plupart des serviettes contiennent du plastique, des colorants et des super absorbants irritants \u2013 des composants inutiles pour votre&nbsp;Weiter lesen\" \/>\n<meta property=\"og:url\" content=\"https:\/\/bien-etreiris.ch\/de\/produktpraesentation\/hygiene\/koerperpflege\/frauen\/protections-natacare\/maternite\/\" \/>\n<meta property=\"og:site_name\" content=\"WOHLBEFINDEN\" \/>\n<meta property=\"article:publisher\" content=\"https:\/\/www.facebook.com\/bienetreiris\/\" \/>\n<meta property=\"article:modified_time\" content=\"2023-04-26T08:40:07+00:00\" \/>\n<meta property=\"og:image\" content=\"https:\/\/bien-etreiris.ch\/wp-content\/uploads\/2023\/04\/acceuil-Maternite.jpg\" \/>\n\t<meta property=\"og:image:width\" content=\"500\" \/>\n\t<meta property=\"og:image:height\" content=\"334\" \/>\n\t<meta property=\"og:image:type\" content=\"image\/jpeg\" \/>\n<meta name=\"twitter:label1\" content=\"Gesch\u00e4tzte Lesezeit\" \/>\n\t<meta name=\"twitter:data1\" content=\"2\u00a0Minuten\" \/>\n<script type=\"application\/ld+json\" class=\"yoast-schema-graph\">{\"@context\":\"https:\\\/\\\/schema.org\",\"@graph\":[{\"@type\":\"WebPage\",\"@id\":\"https:\\\/\\\/bien-etreiris.ch\\\/de\\\/produktpraesentation\\\/hygiene\\\/koerperpflege\\\/frauen\\\/protections-natacare\\\/maternite\\\/\",\"url\":\"https:\\\/\\\/bien-etreiris.ch\\\/de\\\/produktpraesentation\\\/hygiene\\\/koerperpflege\\\/frauen\\\/protections-natacare\\\/maternite\\\/\",\"name\":\"MATERNITE - WOHLBEFINDEN\",\"isPartOf\":{\"@id\":\"https:\\\/\\\/bien-etreiris.ch\\\/de\\\/#website\"},\"primaryImageOfPage\":{\"@id\":\"https:\\\/\\\/bien-etreiris.ch\\\/de\\\/produktpraesentation\\\/hygiene\\\/koerperpflege\\\/frauen\\\/protections-natacare\\\/maternite\\\/#primaryimage\"},\"image\":{\"@id\":\"https:\\\/\\\/bien-etreiris.ch\\\/de\\\/produktpraesentation\\\/hygiene\\\/koerperpflege\\\/frauen\\\/protections-natacare\\\/maternite\\\/#primaryimage\"},\"thumbnailUrl\":\"https:\\\/\\\/bien-etreiris.ch\\\/wp-content\\\/uploads\\\/2023\\\/04\\\/acceuil-Maternite.jpg\",\"datePublished\":\"2023-04-26T08:37:23+00:00\",\"dateModified\":\"2023-04-26T08:40:07+00:00\",\"breadcrumb\":{\"@id\":\"https:\\\/\\\/bien-etreiris.ch\\\/de\\\/produktpraesentation\\\/hygiene\\\/koerperpflege\\\/frauen\\\/protections-natacare\\\/maternite\\\/#breadcrumb\"},\"inLanguage\":\"de\",\"potentialAction\":[{\"@type\":\"ReadAction\",\"target\":[\"https:\\\/\\\/bien-etreiris.ch\\\/de\\\/produktpraesentation\\\/hygiene\\\/koerperpflege\\\/frauen\\\/protections-natacare\\\/maternite\\\/\"]}]},{\"@type\":\"ImageObject\",\"inLanguage\":\"de\",\"@id\":\"https:\\\/\\\/bien-etreiris.ch\\\/de\\\/produktpraesentation\\\/hygiene\\\/koerperpflege\\\/frauen\\\/protections-natacare\\\/maternite\\\/#primaryimage\",\"url\":\"https:\\\/\\\/bien-etreiris.ch\\\/wp-content\\\/uploads\\\/2023\\\/04\\\/acceuil-Maternite.jpg\",\"contentUrl\":\"https:\\\/\\\/bien-etreiris.ch\\\/wp-content\\\/uploads\\\/2023\\\/04\\\/acceuil-Maternite.jpg\",\"width\":500,\"height\":334},{\"@type\":\"BreadcrumbList\",\"@id\":\"https:\\\/\\\/bien-etreiris.ch\\\/de\\\/produktpraesentation\\\/hygiene\\\/koerperpflege\\\/frauen\\\/protections-natacare\\\/maternite\\\/#breadcrumb\",\"itemListElement\":[{\"@type\":\"ListItem\",\"position\":1,\"name\":\"Home\",\"item\":\"https:\\\/\\\/bien-etreiris.ch\\\/de\\\/\"},{\"@type\":\"ListItem\",\"position\":2,\"name\":\"PRODUKTPR\u00c4SENTATION\",\"item\":\"https:\\\/\\\/bien-etreiris.ch\\\/de\\\/produktpraesentation\\\/\"},{\"@type\":\"ListItem\",\"position\":3,\"name\":\"HYGIENE\",\"item\":\"https:\\\/\\\/bien-etreiris.ch\\\/de\\\/produktpraesentation\\\/hygiene\\\/\"},{\"@type\":\"ListItem\",\"position\":4,\"name\":\"K\u00d6RPERPFLEGE\",\"item\":\"https:\\\/\\\/bien-etreiris.ch\\\/de\\\/produktpraesentation\\\/hygiene\\\/koerperpflege\\\/\"},{\"@type\":\"ListItem\",\"position\":5,\"name\":\"FRAUEN\",\"item\":\"https:\\\/\\\/bien-etreiris.ch\\\/de\\\/produktpraesentation\\\/hygiene\\\/koerperpflege\\\/frauen\\\/\"},{\"@type\":\"ListItem\",\"position\":6,\"name\":\"PROTECTIONS NATACARE\",\"item\":\"https:\\\/\\\/bien-etreiris.ch\\\/de\\\/produktpraesentation\\\/hygiene\\\/koerperpflege\\\/frauen\\\/protections-natacare\\\/\"},{\"@type\":\"ListItem\",\"position\":7,\"name\":\"MATERNITE\"}]},{\"@type\":\"WebSite\",\"@id\":\"https:\\\/\\\/bien-etreiris.ch\\\/de\\\/#website\",\"url\":\"https:\\\/\\\/bien-etreiris.ch\\\/de\\\/\",\"name\":\"Bien-\u00eatre Iris\",\"description\":\"IHRE Gesundheit ist uns wichtig\",\"potentialAction\":[{\"@type\":\"SearchAction\",\"target\":{\"@type\":\"EntryPoint\",\"urlTemplate\":\"https:\\\/\\\/bien-etreiris.ch\\\/de\\\/?s={search_term_string}\"},\"query-input\":{\"@type\":\"PropertyValueSpecification\",\"valueRequired\":true,\"valueName\":\"search_term_string\"}}],\"inLanguage\":\"de\"}]}<\/script>\n<!-- \/ Yoast SEO plugin. -->","yoast_head_json":{"title":"MATERNITE - WOHLBEFINDEN","robots":{"index":"index","follow":"follow","max-snippet":"max-snippet:-1","max-image-preview":"max-image-preview:large","max-video-preview":"max-video-preview:-1"},"canonical":"https:\/\/bien-etreiris.ch\/de\/produktpraesentation\/hygiene\/koerperpflege\/frauen\/protections-natacare\/maternite\/","og_locale":"de_DE","og_type":"article","og_title":"MATERNITE - WOHLBEFINDEN","og_description":"Maternit\u00e9 Naturelle Soins post-partum et b\u00e9b\u00e9 pour peaux sensibles Le choix de la douceur, pour les mamans et les b\u00e9b\u00e9s Choisissez des serviettes de maternit\u00e9 naturelles fabriqu\u00e9es \u00e0 partir de mat\u00e9riaux d\u2019origine v\u00e9g\u00e9tale et permettant \u00e0 la peau de respirer. La plupart des serviettes contiennent du plastique, des colorants et des super absorbants irritants \u2013 des composants inutiles pour votre&nbsp;Weiter lesen","og_url":"https:\/\/bien-etreiris.ch\/de\/produktpraesentation\/hygiene\/koerperpflege\/frauen\/protections-natacare\/maternite\/","og_site_name":"WOHLBEFINDEN","article_publisher":"https:\/\/www.facebook.com\/bienetreiris\/","article_modified_time":"2023-04-26T08:40:07+00:00","og_image":[{"width":500,"height":334,"url":"https:\/\/bien-etreiris.ch\/wp-content\/uploads\/2023\/04\/acceuil-Maternite.jpg","type":"image\/jpeg"}],"twitter_misc":{"Gesch\u00e4tzte Lesezeit":"2\u00a0Minuten"},"schema":{"@context":"https:\/\/schema.org","@graph":[{"@type":"WebPage","@id":"https:\/\/bien-etreiris.ch\/de\/produktpraesentation\/hygiene\/koerperpflege\/frauen\/protections-natacare\/maternite\/","url":"https:\/\/bien-etreiris.ch\/de\/produktpraesentation\/hygiene\/koerperpflege\/frauen\/protections-natacare\/maternite\/","name":"MATERNITE - WOHLBEFINDEN","isPartOf":{"@id":"https:\/\/bien-etreiris.ch\/de\/#website"},"primaryImageOfPage":{"@id":"https:\/\/bien-etreiris.ch\/de\/produktpraesentation\/hygiene\/koerperpflege\/frauen\/protections-natacare\/maternite\/#primaryimage"},"image":{"@id":"https:\/\/bien-etreiris.ch\/de\/produktpraesentation\/hygiene\/koerperpflege\/frauen\/protections-natacare\/maternite\/#primaryimage"},"thumbnailUrl":"https:\/\/bien-etreiris.ch\/wp-content\/uploads\/2023\/04\/acceuil-Maternite.jpg","datePublished":"2023-04-26T08:37:23+00:00","dateModified":"2023-04-26T08:40:07+00:00","breadcrumb":{"@id":"https:\/\/bien-etreiris.ch\/de\/produktpraesentation\/hygiene\/koerperpflege\/frauen\/protections-natacare\/maternite\/#breadcrumb"},"inLanguage":"de","potentialAction":[{"@type":"ReadAction","target":["https:\/\/bien-etreiris.ch\/de\/produktpraesentation\/hygiene\/koerperpflege\/frauen\/protections-natacare\/maternite\/"]}]},{"@type":"ImageObject","inLanguage":"de","@id":"https:\/\/bien-etreiris.ch\/de\/produktpraesentation\/hygiene\/koerperpflege\/frauen\/protections-natacare\/maternite\/#primaryimage","url":"https:\/\/bien-etreiris.ch\/wp-content\/uploads\/2023\/04\/acceuil-Maternite.jpg","contentUrl":"https:\/\/bien-etreiris.ch\/wp-content\/uploads\/2023\/04\/acceuil-Maternite.jpg","width":500,"height":334},{"@type":"BreadcrumbList","@id":"https:\/\/bien-etreiris.ch\/de\/produktpraesentation\/hygiene\/koerperpflege\/frauen\/protections-natacare\/maternite\/#breadcrumb","itemListElement":[{"@type":"ListItem","position":1,"name":"Home","item":"https:\/\/bien-etreiris.ch\/de\/"},{"@type":"ListItem","position":2,"name":"PRODUKTPR\u00c4SENTATION","item":"https:\/\/bien-etreiris.ch\/de\/produktpraesentation\/"},{"@type":"ListItem","position":3,"name":"HYGIENE","item":"https:\/\/bien-etreiris.ch\/de\/produktpraesentation\/hygiene\/"},{"@type":"ListItem","position":4,"name":"K\u00d6RPERPFLEGE","item":"https:\/\/bien-etreiris.ch\/de\/produktpraesentation\/hygiene\/koerperpflege\/"},{"@type":"ListItem","position":5,"name":"FRAUEN","item":"https:\/\/bien-etreiris.ch\/de\/produktpraesentation\/hygiene\/koerperpflege\/frauen\/"},{"@type":"ListItem","position":6,"name":"PROTECTIONS NATACARE","item":"https:\/\/bien-etreiris.ch\/de\/produktpraesentation\/hygiene\/koerperpflege\/frauen\/protections-natacare\/"},{"@type":"ListItem","position":7,"name":"MATERNITE"}]},{"@type":"WebSite","@id":"https:\/\/bien-etreiris.ch\/de\/#website","url":"https:\/\/bien-etreiris.ch\/de\/","name":"Bien-\u00eatre Iris","description":"IHRE Gesundheit ist uns wichtig","potentialAction":[{"@type":"SearchAction","target":{"@type":"EntryPoint","urlTemplate":"https:\/\/bien-etreiris.ch\/de\/?s={search_term_string}"},"query-input":{"@type":"PropertyValueSpecification","valueRequired":true,"valueName":"search_term_string"}}],"inLanguage":"de"}]}},"_links":{"self":[{"href":"https:\/\/bien-etreiris.ch\/de\/wp-json\/wp\/v2\/pages\/68642","targetHints":{"allow":["GET"]}}],"collection":[{"href":"https:\/\/bien-etreiris.ch\/de\/wp-json\/wp\/v2\/pages"}],"about":[{"href":"https:\/\/bien-etreiris.ch\/de\/wp-json\/wp\/v2\/types\/page"}],"author":[{"embeddable":true,"href":"https:\/\/bien-etreiris.ch\/de\/wp-json\/wp\/v2\/users\/1"}],"replies":[{"embeddable":true,"href":"https:\/\/bien-etreiris.ch\/de\/wp-json\/wp\/v2\/comments?post=68642"}],"version-history":[{"count":1,"href":"https:\/\/bien-etreiris.ch\/de\/wp-json\/wp\/v2\/pages\/68642\/revisions"}],"predecessor-version":[{"id":68646,"href":"https:\/\/bien-etreiris.ch\/de\/wp-json\/wp\/v2\/pages\/68642\/revisions\/68646"}],"up":[{"embeddable":true,"href":"https:\/\/bien-etreiris.ch\/de\/wp-json\/wp\/v2\/pages\/68532"}],"wp:featuredmedia":[{"embeddable":true,"href":"https:\/\/bien-etreiris.ch\/de\/wp-json\/wp\/v2\/media\/68638"}],"wp:attachment":[{"href":"https:\/\/bien-etreiris.ch\/de\/wp-json\/wp\/v2\/media?parent=68642"}],"curies":[{"name":"wp","href":"https:\/\/api.w.org\/{rel}","templated":true}]}}