{"id":68610,"date":"2023-04-26T09:57:05","date_gmt":"2023-04-26T07:57:05","guid":{"rendered":"https:\/\/bien-etreiris.ch\/protege-slips\/"},"modified":"2023-04-26T10:02:36","modified_gmt":"2023-04-26T08:02:36","slug":"protege-slips","status":"publish","type":"page","link":"https:\/\/bien-etreiris.ch\/de\/produktpraesentation\/hygiene\/koerperpflege\/frauen\/protections-natacare\/protege-slips\/","title":{"rendered":"PROTEGE &#8211; SLIPS"},"content":{"rendered":"\n<h2>Prot\u00e8ge -slips naturels<\/h2>\n<p class=\"white thin half\">Protection en douceur et respirante, pour l\u2019usage quotidien<\/p>\n<section id=\"liners-intro\" class=\"bg-grey\">\n<div class=\"container\">\n<p class=\"extra-bold black large\">Exclusivement \u00e0 base de coton biologique, pour prot\u00e9ger votre intimit\u00e9<\/p>\n<p class=\"thin\">Les prot\u00e8ge-slips en coton Natracare sont exclusivement fabriqu\u00e9s \u00e0 base de mat\u00e9riaux naturels et biologiques, con\u00e7us pour \u00eatre respirants, doux pour la peau et compostables. Choisissez le prot\u00e8ge-slip adapt\u00e9 \u00e0 vos besoins et \u00e0 vos sous-v\u00eatements.<\/p>\n<p class=\"thin\">Les prot\u00e8ge-slips conventionnels sont \u00e9labor\u00e9s \u00e0 base de plastique, de colorants, et m\u00eame de parfums \u2013 ce dont votre zone intime n\u2019a absolument pas besoin&nbsp;!<\/p>\n<\/div>\n<\/section>\n<p>&nbsp;<\/p>\n<p>&nbsp;<\/p>\n<h2 class=\"small extra-bold black\">Prot\u00e8ge-slips Curved<\/h2>\n<h4><a href=\"https:\/\/bien-etreiris.ch\/de\/produktpraesentation\/hygiene\/koerperpflege\/frauen\/protections-natacare\/protege-slips\/panty-liners-curved-2\/\" rel=\"attachment wp-att-68595\"><img loading=\"lazy\" decoding=\"async\" class=\"size-full wp-image-68595 alignleft\" src=\"https:\/\/bien-etreiris.ch\/wp-content\/uploads\/2023\/04\/panty-liners-curved.jpg\" alt=\"\" width=\"238\" height=\"400\" srcset=\"https:\/\/bien-etreiris.ch\/wp-content\/uploads\/2023\/04\/panty-liners-curved.jpg 238w, https:\/\/bien-etreiris.ch\/wp-content\/uploads\/2023\/04\/panty-liners-curved-179x300.jpg 179w\" sizes=\"auto, (max-width: 238px) 100vw, 238px\" \/><\/a><\/h4>\n<header>\n<h1 class=\"small extra-bold black\">&nbsp;<\/h1>\n<\/header>\n<h4 class=\"left half text-center\">&nbsp;<\/h4>\n<div class=\"right half\">\n<h4 class=\"extra-bold all-caps\">D\u00e9tail des produits<\/h4>\n<p>Composition : coton biologique certifi\u00e9, pulpe de cellulose \u00e9cologique certifi\u00e9e, bioplastique \u00e0 base d\u2019amidon v\u00e9g\u00e9tal<\/p>\n<p>Colle : sans BPA, polym\u00e8re de qualit\u00e9 m\u00e9dicale <sup><a href=\"https:\/\/www.natracare.com\/media\/Natracare UWE Composition Analysis Summary.pdf\" target=\"_blank\" rel=\"noopener\">1<\/a><\/sup><\/p>\n<p>Emballage : bande de papier silicon\u00e9, carton recycl\u00e9<\/p>\n<p>Longueur : 16 cm<\/p>\n<p>30 prot\u00e8ge-slips par paquet&nbsp; <strong>CHF 3.30<\/strong><\/p>\n<h4>&nbsp;<\/h4>\n<h4>&nbsp;<\/h4>\n<h4>Prot\u00e8ge-slips forme anatomique<\/h4>\n<p>Fabriqu\u00e9s \u00e0 base de mat\u00e9riaux naturels et biologiques.<\/p>\n<ul class=\"checkmark\" style=\"list-style-type: disc;\">\n<li>Couche sup\u00e9rieure douce en coton bio<\/li>\n<li>Adapt\u00e9 \u00e0 la peau sensible<\/li>\n<li>Sans plastique<\/li>\n<li>Sans OGM<\/li>\n<li>Pas de parfums, ni de colorants<\/li>\n<li>Totalement exemptes de chlore<\/li>\n<li>Biod\u00e9gradable et compostable<\/li>\n<\/ul>\n<\/div>\n<p>&nbsp;<\/p>\n<p>&nbsp;<\/p>\n<hr>\n<h2 class=\"small extra-bold black\">Prot\u00e8ge-slips Mini<\/h2>\n<p><a href=\"https:\/\/bien-etreiris.ch\/de\/produktpraesentation\/hygiene\/koerperpflege\/frauen\/protections-natacare\/protege-slips\/panty-liners-mini-2\/\" rel=\"attachment wp-att-68598\"><img loading=\"lazy\" decoding=\"async\" class=\"size-full wp-image-68598 alignleft\" src=\"https:\/\/bien-etreiris.ch\/wp-content\/uploads\/2023\/04\/panty-liners-mini.jpg\" alt=\"\" width=\"234\" height=\"400\" srcset=\"https:\/\/bien-etreiris.ch\/wp-content\/uploads\/2023\/04\/panty-liners-mini.jpg 234w, https:\/\/bien-etreiris.ch\/wp-content\/uploads\/2023\/04\/panty-liners-mini-176x300.jpg 176w\" sizes=\"auto, (max-width: 234px) 100vw, 234px\" \/><\/a><\/p>\n<p>&nbsp;<\/p>\n<p>&nbsp;<\/p>\n<p>&nbsp;<\/p>\n<p>&nbsp;<\/p>\n<div class=\"left half\">\n<h4 class=\"extra-bold all-caps\">D\u00e9tail des produits<\/h4>\n<p>Composition : coton biologique certifi\u00e9, pulpe de cellulose \u00e9cologique certifi\u00e9e, bioplastique \u00e0 base d\u2019amidon v\u00e9g\u00e9tal<\/p>\n<p>Colle : sans BPA, polym\u00e8re de qualit\u00e9 m\u00e9dicale <sup><a href=\"https:\/\/www.natracare.com\/media\/Natracare UWE Composition Analysis Summary.pdf\" target=\"_blank\" rel=\"noopener\">1<\/a><\/sup><\/p>\n<p>Emballage : bande de papier silicon\u00e9, carton recycl\u00e9<\/p>\n<p>Longueur : 16 cm<\/p>\n<p>30 prot\u00e8ge-slips par paquet <strong>CHF 3.30<\/strong><\/p>\n<p>&nbsp;<\/p>\n<\/div>\n<p>&nbsp;<\/p>\n<p>&nbsp;<\/p>\n<div class=\"right half\">\n<h4>Prot\u00e8ge-slip rectangulaire, parfaitement ajust\u00e9<\/h4>\n<p>Fabriqu\u00e9s \u00e0 base de mat\u00e9riaux naturels et biologiques.<\/p>\n<ul class=\"checkmark\" style=\"list-style-type: disc;\">\n<li>Couche sup\u00e9rieure douce en coton bio<\/li>\n<li>Adapt\u00e9 \u00e0 la peau sensible<\/li>\n<li>Sans plastique<\/li>\n<li>Sans OGM<\/li>\n<li>Pas de parfums, ni de colorants<\/li>\n<li>Totalement exemptes de chlore<\/li>\n<li>Biod\u00e9gradable et compostable<\/li>\n<\/ul>\n<\/div>\n<p>&nbsp;<\/p>\n<p>&nbsp;<\/p>\n<hr>\n<p>&nbsp;<\/p>\n","protected":false},"excerpt":{"rendered":"<p>Prot\u00e8ge -slips naturels Protection en douceur et respirante, pour l\u2019usage quotidien Exclusivement \u00e0 base de coton biologique, pour prot\u00e9ger votre intimit\u00e9 Les prot\u00e8ge-slips en coton Natracare sont exclusivement fabriqu\u00e9s \u00e0 base de mat\u00e9riaux naturels et biologiques, con\u00e7us pour \u00eatre respirants, doux pour la peau et compostables. Choisissez le prot\u00e8ge-slip adapt\u00e9 \u00e0 vos besoins et \u00e0 vos sous-v\u00eatements. Les prot\u00e8ge-slips conventionnels&nbsp;<a href=\"https:\/\/bien-etreiris.ch\/de\/produktpraesentation\/hygiene\/koerperpflege\/frauen\/protections-natacare\/protege-slips\/\" class=\"read-more\">Weiter lesen<\/a><\/p>\n","protected":false},"author":1,"featured_media":68607,"parent":68532,"menu_order":3711,"comment_status":"closed","ping_status":"closed","template":"page-with-child.php","meta":{"_acf_changed":false,"ngg_post_thumbnail":0,"footnotes":""},"class_list":["post-68610","page","type-page","status-publish","has-post-thumbnail","hentry"],"acf":[],"yoast_head":"<!-- This site is optimized with the Yoast SEO plugin v27.5 - https:\/\/yoast.com\/product\/yoast-seo-wordpress\/ -->\n<title>PROTEGE - SLIPS - WOHLBEFINDEN<\/title>\n<meta name=\"robots\" content=\"index, follow, max-snippet:-1, max-image-preview:large, max-video-preview:-1\" \/>\n<link rel=\"canonical\" href=\"https:\/\/bien-etreiris.ch\/de\/produktpraesentation\/hygiene\/koerperpflege\/frauen\/protections-natacare\/protege-slips\/\" \/>\n<meta property=\"og:locale\" content=\"de_DE\" \/>\n<meta property=\"og:type\" content=\"article\" \/>\n<meta property=\"og:title\" content=\"PROTEGE - SLIPS - WOHLBEFINDEN\" \/>\n<meta property=\"og:description\" content=\"Prot\u00e8ge -slips naturels Protection en douceur et respirante, pour l\u2019usage quotidien Exclusivement \u00e0 base de coton biologique, pour prot\u00e9ger votre intimit\u00e9 Les prot\u00e8ge-slips en coton Natracare sont exclusivement fabriqu\u00e9s \u00e0 base de mat\u00e9riaux naturels et biologiques, con\u00e7us pour \u00eatre respirants, doux pour la peau et compostables. Choisissez le prot\u00e8ge-slip adapt\u00e9 \u00e0 vos besoins et \u00e0 vos sous-v\u00eatements. Les prot\u00e8ge-slips conventionnels&nbsp;Weiter lesen\" \/>\n<meta property=\"og:url\" content=\"https:\/\/bien-etreiris.ch\/de\/produktpraesentation\/hygiene\/koerperpflege\/frauen\/protections-natacare\/protege-slips\/\" \/>\n<meta property=\"og:site_name\" content=\"WOHLBEFINDEN\" \/>\n<meta property=\"article:publisher\" content=\"https:\/\/www.facebook.com\/bienetreiris\/\" \/>\n<meta property=\"article:modified_time\" content=\"2023-04-26T08:02:36+00:00\" \/>\n<meta property=\"og:image\" content=\"https:\/\/bien-etreiris.ch\/wp-content\/uploads\/2023\/04\/panty-liners-curved.jpg\" \/>\n<meta name=\"twitter:label1\" content=\"Gesch\u00e4tzte Lesezeit\" \/>\n\t<meta name=\"twitter:data1\" content=\"2\u00a0Minuten\" \/>\n<script type=\"application\/ld+json\" class=\"yoast-schema-graph\">{\"@context\":\"https:\\\/\\\/schema.org\",\"@graph\":[{\"@type\":\"WebPage\",\"@id\":\"https:\\\/\\\/bien-etreiris.ch\\\/de\\\/produktpraesentation\\\/hygiene\\\/koerperpflege\\\/frauen\\\/protections-natacare\\\/protege-slips\\\/\",\"url\":\"https:\\\/\\\/bien-etreiris.ch\\\/de\\\/produktpraesentation\\\/hygiene\\\/koerperpflege\\\/frauen\\\/protections-natacare\\\/protege-slips\\\/\",\"name\":\"PROTEGE - SLIPS - WOHLBEFINDEN\",\"isPartOf\":{\"@id\":\"https:\\\/\\\/bien-etreiris.ch\\\/de\\\/#website\"},\"primaryImageOfPage\":{\"@id\":\"https:\\\/\\\/bien-etreiris.ch\\\/de\\\/produktpraesentation\\\/hygiene\\\/koerperpflege\\\/frauen\\\/protections-natacare\\\/protege-slips\\\/#primaryimage\"},\"image\":{\"@id\":\"https:\\\/\\\/bien-etreiris.ch\\\/de\\\/produktpraesentation\\\/hygiene\\\/koerperpflege\\\/frauen\\\/protections-natacare\\\/protege-slips\\\/#primaryimage\"},\"thumbnailUrl\":\"https:\\\/\\\/bien-etreiris.ch\\\/wp-content\\\/uploads\\\/2023\\\/04\\\/acceuil-panty-liners.jpg\",\"datePublished\":\"2023-04-26T07:57:05+00:00\",\"dateModified\":\"2023-04-26T08:02:36+00:00\",\"breadcrumb\":{\"@id\":\"https:\\\/\\\/bien-etreiris.ch\\\/de\\\/produktpraesentation\\\/hygiene\\\/koerperpflege\\\/frauen\\\/protections-natacare\\\/protege-slips\\\/#breadcrumb\"},\"inLanguage\":\"de\",\"potentialAction\":[{\"@type\":\"ReadAction\",\"target\":[\"https:\\\/\\\/bien-etreiris.ch\\\/de\\\/produktpraesentation\\\/hygiene\\\/koerperpflege\\\/frauen\\\/protections-natacare\\\/protege-slips\\\/\"]}]},{\"@type\":\"ImageObject\",\"inLanguage\":\"de\",\"@id\":\"https:\\\/\\\/bien-etreiris.ch\\\/de\\\/produktpraesentation\\\/hygiene\\\/koerperpflege\\\/frauen\\\/protections-natacare\\\/protege-slips\\\/#primaryimage\",\"url\":\"https:\\\/\\\/bien-etreiris.ch\\\/wp-content\\\/uploads\\\/2023\\\/04\\\/acceuil-panty-liners.jpg\",\"contentUrl\":\"https:\\\/\\\/bien-etreiris.ch\\\/wp-content\\\/uploads\\\/2023\\\/04\\\/acceuil-panty-liners.jpg\",\"width\":500,\"height\":345},{\"@type\":\"BreadcrumbList\",\"@id\":\"https:\\\/\\\/bien-etreiris.ch\\\/de\\\/produktpraesentation\\\/hygiene\\\/koerperpflege\\\/frauen\\\/protections-natacare\\\/protege-slips\\\/#breadcrumb\",\"itemListElement\":[{\"@type\":\"ListItem\",\"position\":1,\"name\":\"Home\",\"item\":\"https:\\\/\\\/bien-etreiris.ch\\\/de\\\/\"},{\"@type\":\"ListItem\",\"position\":2,\"name\":\"PRODUKTPR\u00c4SENTATION\",\"item\":\"https:\\\/\\\/bien-etreiris.ch\\\/de\\\/produktpraesentation\\\/\"},{\"@type\":\"ListItem\",\"position\":3,\"name\":\"HYGIENE\",\"item\":\"https:\\\/\\\/bien-etreiris.ch\\\/de\\\/produktpraesentation\\\/hygiene\\\/\"},{\"@type\":\"ListItem\",\"position\":4,\"name\":\"K\u00d6RPERPFLEGE\",\"item\":\"https:\\\/\\\/bien-etreiris.ch\\\/de\\\/produktpraesentation\\\/hygiene\\\/koerperpflege\\\/\"},{\"@type\":\"ListItem\",\"position\":5,\"name\":\"FRAUEN\",\"item\":\"https:\\\/\\\/bien-etreiris.ch\\\/de\\\/produktpraesentation\\\/hygiene\\\/koerperpflege\\\/frauen\\\/\"},{\"@type\":\"ListItem\",\"position\":6,\"name\":\"PROTECTIONS NATACARE\",\"item\":\"https:\\\/\\\/bien-etreiris.ch\\\/de\\\/produktpraesentation\\\/hygiene\\\/koerperpflege\\\/frauen\\\/protections-natacare\\\/\"},{\"@type\":\"ListItem\",\"position\":7,\"name\":\"PROTEGE &#8211; SLIPS\"}]},{\"@type\":\"WebSite\",\"@id\":\"https:\\\/\\\/bien-etreiris.ch\\\/de\\\/#website\",\"url\":\"https:\\\/\\\/bien-etreiris.ch\\\/de\\\/\",\"name\":\"Bien-\u00eatre Iris\",\"description\":\"IHRE Gesundheit ist uns wichtig\",\"potentialAction\":[{\"@type\":\"SearchAction\",\"target\":{\"@type\":\"EntryPoint\",\"urlTemplate\":\"https:\\\/\\\/bien-etreiris.ch\\\/de\\\/?s={search_term_string}\"},\"query-input\":{\"@type\":\"PropertyValueSpecification\",\"valueRequired\":true,\"valueName\":\"search_term_string\"}}],\"inLanguage\":\"de\"}]}<\/script>\n<!-- \/ Yoast SEO plugin. -->","yoast_head_json":{"title":"PROTEGE - SLIPS - WOHLBEFINDEN","robots":{"index":"index","follow":"follow","max-snippet":"max-snippet:-1","max-image-preview":"max-image-preview:large","max-video-preview":"max-video-preview:-1"},"canonical":"https:\/\/bien-etreiris.ch\/de\/produktpraesentation\/hygiene\/koerperpflege\/frauen\/protections-natacare\/protege-slips\/","og_locale":"de_DE","og_type":"article","og_title":"PROTEGE - SLIPS - WOHLBEFINDEN","og_description":"Prot\u00e8ge -slips naturels Protection en douceur et respirante, pour l\u2019usage quotidien Exclusivement \u00e0 base de coton biologique, pour prot\u00e9ger votre intimit\u00e9 Les prot\u00e8ge-slips en coton Natracare sont exclusivement fabriqu\u00e9s \u00e0 base de mat\u00e9riaux naturels et biologiques, con\u00e7us pour \u00eatre respirants, doux pour la peau et compostables. Choisissez le prot\u00e8ge-slip adapt\u00e9 \u00e0 vos besoins et \u00e0 vos sous-v\u00eatements. Les prot\u00e8ge-slips conventionnels&nbsp;Weiter lesen","og_url":"https:\/\/bien-etreiris.ch\/de\/produktpraesentation\/hygiene\/koerperpflege\/frauen\/protections-natacare\/protege-slips\/","og_site_name":"WOHLBEFINDEN","article_publisher":"https:\/\/www.facebook.com\/bienetreiris\/","article_modified_time":"2023-04-26T08:02:36+00:00","og_image":[{"url":"https:\/\/bien-etreiris.ch\/wp-content\/uploads\/2023\/04\/panty-liners-curved.jpg","type":"","width":"","height":""}],"twitter_misc":{"Gesch\u00e4tzte Lesezeit":"2\u00a0Minuten"},"schema":{"@context":"https:\/\/schema.org","@graph":[{"@type":"WebPage","@id":"https:\/\/bien-etreiris.ch\/de\/produktpraesentation\/hygiene\/koerperpflege\/frauen\/protections-natacare\/protege-slips\/","url":"https:\/\/bien-etreiris.ch\/de\/produktpraesentation\/hygiene\/koerperpflege\/frauen\/protections-natacare\/protege-slips\/","name":"PROTEGE - SLIPS - WOHLBEFINDEN","isPartOf":{"@id":"https:\/\/bien-etreiris.ch\/de\/#website"},"primaryImageOfPage":{"@id":"https:\/\/bien-etreiris.ch\/de\/produktpraesentation\/hygiene\/koerperpflege\/frauen\/protections-natacare\/protege-slips\/#primaryimage"},"image":{"@id":"https:\/\/bien-etreiris.ch\/de\/produktpraesentation\/hygiene\/koerperpflege\/frauen\/protections-natacare\/protege-slips\/#primaryimage"},"thumbnailUrl":"https:\/\/bien-etreiris.ch\/wp-content\/uploads\/2023\/04\/acceuil-panty-liners.jpg","datePublished":"2023-04-26T07:57:05+00:00","dateModified":"2023-04-26T08:02:36+00:00","breadcrumb":{"@id":"https:\/\/bien-etreiris.ch\/de\/produktpraesentation\/hygiene\/koerperpflege\/frauen\/protections-natacare\/protege-slips\/#breadcrumb"},"inLanguage":"de","potentialAction":[{"@type":"ReadAction","target":["https:\/\/bien-etreiris.ch\/de\/produktpraesentation\/hygiene\/koerperpflege\/frauen\/protections-natacare\/protege-slips\/"]}]},{"@type":"ImageObject","inLanguage":"de","@id":"https:\/\/bien-etreiris.ch\/de\/produktpraesentation\/hygiene\/koerperpflege\/frauen\/protections-natacare\/protege-slips\/#primaryimage","url":"https:\/\/bien-etreiris.ch\/wp-content\/uploads\/2023\/04\/acceuil-panty-liners.jpg","contentUrl":"https:\/\/bien-etreiris.ch\/wp-content\/uploads\/2023\/04\/acceuil-panty-liners.jpg","width":500,"height":345},{"@type":"BreadcrumbList","@id":"https:\/\/bien-etreiris.ch\/de\/produktpraesentation\/hygiene\/koerperpflege\/frauen\/protections-natacare\/protege-slips\/#breadcrumb","itemListElement":[{"@type":"ListItem","position":1,"name":"Home","item":"https:\/\/bien-etreiris.ch\/de\/"},{"@type":"ListItem","position":2,"name":"PRODUKTPR\u00c4SENTATION","item":"https:\/\/bien-etreiris.ch\/de\/produktpraesentation\/"},{"@type":"ListItem","position":3,"name":"HYGIENE","item":"https:\/\/bien-etreiris.ch\/de\/produktpraesentation\/hygiene\/"},{"@type":"ListItem","position":4,"name":"K\u00d6RPERPFLEGE","item":"https:\/\/bien-etreiris.ch\/de\/produktpraesentation\/hygiene\/koerperpflege\/"},{"@type":"ListItem","position":5,"name":"FRAUEN","item":"https:\/\/bien-etreiris.ch\/de\/produktpraesentation\/hygiene\/koerperpflege\/frauen\/"},{"@type":"ListItem","position":6,"name":"PROTECTIONS NATACARE","item":"https:\/\/bien-etreiris.ch\/de\/produktpraesentation\/hygiene\/koerperpflege\/frauen\/protections-natacare\/"},{"@type":"ListItem","position":7,"name":"PROTEGE &#8211; SLIPS"}]},{"@type":"WebSite","@id":"https:\/\/bien-etreiris.ch\/de\/#website","url":"https:\/\/bien-etreiris.ch\/de\/","name":"Bien-\u00eatre Iris","description":"IHRE Gesundheit ist uns wichtig","potentialAction":[{"@type":"SearchAction","target":{"@type":"EntryPoint","urlTemplate":"https:\/\/bien-etreiris.ch\/de\/?s={search_term_string}"},"query-input":{"@type":"PropertyValueSpecification","valueRequired":true,"valueName":"search_term_string"}}],"inLanguage":"de"}]}},"_links":{"self":[{"href":"https:\/\/bien-etreiris.ch\/de\/wp-json\/wp\/v2\/pages\/68610","targetHints":{"allow":["GET"]}}],"collection":[{"href":"https:\/\/bien-etreiris.ch\/de\/wp-json\/wp\/v2\/pages"}],"about":[{"href":"https:\/\/bien-etreiris.ch\/de\/wp-json\/wp\/v2\/types\/page"}],"author":[{"embeddable":true,"href":"https:\/\/bien-etreiris.ch\/de\/wp-json\/wp\/v2\/users\/1"}],"replies":[{"embeddable":true,"href":"https:\/\/bien-etreiris.ch\/de\/wp-json\/wp\/v2\/comments?post=68610"}],"version-history":[{"count":1,"href":"https:\/\/bien-etreiris.ch\/de\/wp-json\/wp\/v2\/pages\/68610\/revisions"}],"predecessor-version":[{"id":68612,"href":"https:\/\/bien-etreiris.ch\/de\/wp-json\/wp\/v2\/pages\/68610\/revisions\/68612"}],"up":[{"embeddable":true,"href":"https:\/\/bien-etreiris.ch\/de\/wp-json\/wp\/v2\/pages\/68532"}],"wp:featuredmedia":[{"embeddable":true,"href":"https:\/\/bien-etreiris.ch\/de\/wp-json\/wp\/v2\/media\/68607"}],"wp:attachment":[{"href":"https:\/\/bien-etreiris.ch\/de\/wp-json\/wp\/v2\/media?parent=68610"}],"curies":[{"name":"wp","href":"https:\/\/api.w.org\/{rel}","templated":true}]}}