{"id":68548,"date":"2023-04-26T07:22:08","date_gmt":"2023-04-26T05:22:08","guid":{"rendered":"https:\/\/bien-etreiris.ch\/unsere-marken\/natracare\/"},"modified":"2023-04-26T08:29:58","modified_gmt":"2023-04-26T06:29:58","slug":"natracare","status":"publish","type":"page","link":"https:\/\/bien-etreiris.ch\/de\/unsere-marken\/natracare\/","title":{"rendered":"NATRACARE"},"content":{"rendered":"\n\n<section id=\"our-story-hero\">\n<div class=\"container\"><header>\n<h2 class=\"script white mw-m\">F\u00fcr eine ges\u00fcndere Periode<\/h2>\n<\/header>\n<p class=\"white half thin\"><strong>Natracare entstand aus einer Kampagne heraus, die die Industrie f\u00fcr Menstruationsprodukte aufr\u00fctteln sollte und eine echte umweltfreundliche Alternative bieten sollte.<\/strong><\/p>\n<\/div>\n<\/section>\n<p>&nbsp;<\/p>\n<div class=\"left half\"><header class=\"half\">\n<h4 class=\"large\">Der erste Bio-Baumwoll-Tampon der Welt<\/h4>\n<\/header>\n<div class=\"right half\">&nbsp;<\/div>\n<div class=\"left half\">\n<p><strong>Das ist Susie, Gr\u00fcnderin und Eigent\u00fcmerin des Unternehmens. Sie ist Umweltaktivistin und Pionierin, denn sie gr\u00fcndet 1989 die erste Marke f\u00fcr nat\u00fcrliche und biologische Menstruationsprodukte.<\/strong><\/p>\n<p>\u201eIch habe 1980 das erste mal von den Gefahren der Dioxinverseuchung und der sch\u00e4dlichen Wirkung von Kunststoffen erfahren. Als ich dann herausfand, dass diese Stoffe in meinen Menstruationsprodukten stecken und es keine nat\u00fcrliche Einweg-Alternative gibt, war ich entsetzt. Als unmittelbare Reaktion fing ich an mich schlau zu machen und Produkte zu entwicklen, die in erster Linie die Gesundheit von Frauen und die unseres Planeten respektieren.\u201c<\/p>\n<p>Doch das Ziel haben wir noch nicht erreicht. Wir h\u00f6ren nicht auf, die Leistung unserer Produkte zu verbessern und unseren \u00f6kologischen Fussabdruck zu verkleinern.<\/p>\n<\/div>\n<\/div>\n<p>&nbsp;<\/p>\n<p><iframe loading=\"lazy\" title=\"What I&#039;m Made Of - Natracare&#039;s Organic Certification\" width=\"604\" height=\"340\" src=\"https:\/\/www.youtube.com\/embed\/g4616xsbfNY?feature=oembed\" frameborder=\"0\" allow=\"accelerometer; autoplay; clipboard-write; encrypted-media; gyroscope; picture-in-picture; web-share\" referrerpolicy=\"strict-origin-when-cross-origin\" allowfullscreen><\/iframe><\/p>\n<header>\n<h2>&nbsp;<\/h2>\n<h2>&nbsp;<\/h2>\n<header>\n<h2 class=\"script\">Ethisch und nachhaltig<\/h2>\n<\/header>\n<p><strong>Als ethisches Unternehmen m\u00fcssen wir uns bewusst bei allem verhalten, was wir tun. Zu unseren Kernprinzipien geh\u00f6ren:<\/strong><\/p>\n<\/header>\n<p>&nbsp;<\/p>\n<p><img loading=\"lazy\" decoding=\"async\" class=\"alignleft\" src=\"https:\/\/www.natracare.com\/images\/caring-for-health-women.svg\" alt=\"Prendre soin de vous\" width=\"180\" height=\"180\"><\/p>\n<p>&nbsp;<\/p>\n<div class=\"left third\">\n<h3>&nbsp;<\/h3>\n<h3>&nbsp;<\/h3>\n<\/div>\n<h3>&nbsp;<\/h3>\n<p>&nbsp;<\/p>\n<div class=\"left third\">\n<h4 class=\"all-caps\">F\u00fcrsorge f\u00fcr deine Gesundheit<\/h4>\n<h3 class=\"all-caps\">&nbsp;&nbsp;<\/h3>\n<h3><img loading=\"lazy\" decoding=\"async\" class=\"alignleft\" src=\"https:\/\/www.natracare.com\/images\/caring-for-planet.svg\" alt=\"Prendre soin de la plan\u00e8te\" width=\"180\" height=\"180\"><\/h3>\n<h3>&nbsp;<\/h3>\n<h3>&nbsp;<\/h3>\n<h3>&nbsp;<\/h3>\n<h3>&nbsp;<\/h3>\n<h4>&nbsp;<\/h4>\n<h4 class=\"all-caps\">F\u00fcrsorge f\u00fcr den Planeten<\/h4>\n<p>&nbsp;<\/p>\n<p><img loading=\"lazy\" decoding=\"async\" src=\"https:\/\/www.natracare.com\/images\/caring-for-others.svg\" alt=\"Prendre soin de tous\" width=\"180\" height=\"180\"><\/p>\n<\/div>\n<div class=\"left third\">\n<h3>&nbsp;<\/h3>\n<\/div>\n<div id=\"our-story-ethical-sustainable-logos\">\n<div class=\"left third\">\n<h4 class=\"all-caps\">F\u00fcrsorge f\u00fcr unsere Mitmenschen<\/h4>\n<\/div>\n<\/div>\n<p>&nbsp;<\/p>\n<div id=\"our-story-ethical-sustainable-logos\">\n<div class=\"clear\">&nbsp;<\/div>\n<\/div>\n<p>Unsere Menstruations-, Inkontinenz- und Babypflegeprodukte bestehen aus nat\u00fcrlichen und biologischen Materialien. Alles was wir verwenden, tun und herstellen ist den h\u00f6chsten ethischen Standards verpflichtet, egal ob biologische Standards oder Kriterien zur biologischen Abbaubarkeit. Unsere gesamte Lieferkette, von den Rohmaterialien und deren Verarbeitung, hat sich dem respektvollen und ethischen Umgang mit Ressourcen verschrieben.<\/p>\n<p>Die britische \u201eEthical Company Organisation\u201c hat uns wiederholt an der Spitze ihrer Unternehmen f\u00fcr Menstruationsprodukte aufgef\u00fchrt.<\/p>\n<p>&nbsp;<\/p>","protected":false},"excerpt":{"rendered":"<p>F\u00fcr eine ges\u00fcndere Periode Natracare entstand aus einer Kampagne heraus, die die Industrie f\u00fcr Menstruationsprodukte aufr\u00fctteln sollte und eine echte umweltfreundliche Alternative bieten sollte. &nbsp; Der erste Bio-Baumwoll-Tampon der Welt &nbsp; Das ist Susie, Gr\u00fcnderin und Eigent\u00fcmerin des Unternehmens. Sie ist Umweltaktivistin und Pionierin, denn sie gr\u00fcndet 1989 die erste Marke f\u00fcr nat\u00fcrliche und biologische Menstruationsprodukte. \u201eIch habe 1980 das&nbsp;<a href=\"https:\/\/bien-etreiris.ch\/de\/unsere-marken\/natracare\/\" class=\"read-more\">Weiter lesen<\/a><\/p>\n","protected":false},"author":1,"featured_media":68543,"parent":44406,"menu_order":3708,"comment_status":"closed","ping_status":"closed","template":"page-with-child.php","meta":{"_acf_changed":false,"ngg_post_thumbnail":0,"footnotes":""},"class_list":["post-68548","page","type-page","status-publish","has-post-thumbnail","hentry"],"acf":[],"yoast_head":"<!-- This site is optimized with the Yoast SEO plugin v27.4 - https:\/\/yoast.com\/product\/yoast-seo-wordpress\/ -->\n<title>NATRACARE - WOHLBEFINDEN<\/title>\n<meta name=\"robots\" content=\"index, follow, max-snippet:-1, max-image-preview:large, max-video-preview:-1\" \/>\n<link rel=\"canonical\" href=\"https:\/\/bien-etreiris.ch\/de\/unsere-marken\/natracare\/\" \/>\n<meta property=\"og:locale\" content=\"de_DE\" \/>\n<meta property=\"og:type\" content=\"article\" \/>\n<meta property=\"og:title\" content=\"NATRACARE - WOHLBEFINDEN\" \/>\n<meta property=\"og:description\" content=\"F\u00fcr eine ges\u00fcndere Periode Natracare entstand aus einer Kampagne heraus, die die Industrie f\u00fcr Menstruationsprodukte aufr\u00fctteln sollte und eine echte umweltfreundliche Alternative bieten sollte. &nbsp; Der erste Bio-Baumwoll-Tampon der Welt &nbsp; Das ist Susie, Gr\u00fcnderin und Eigent\u00fcmerin des Unternehmens. Sie ist Umweltaktivistin und Pionierin, denn sie gr\u00fcndet 1989 die erste Marke f\u00fcr nat\u00fcrliche und biologische Menstruationsprodukte. \u201eIch habe 1980 das&nbsp;Weiter lesen\" \/>\n<meta property=\"og:url\" content=\"https:\/\/bien-etreiris.ch\/de\/unsere-marken\/natracare\/\" \/>\n<meta property=\"og:site_name\" content=\"WOHLBEFINDEN\" \/>\n<meta property=\"article:publisher\" content=\"https:\/\/www.facebook.com\/bienetreiris\/\" \/>\n<meta property=\"article:modified_time\" content=\"2023-04-26T06:29:58+00:00\" \/>\n<meta property=\"og:image\" content=\"https:\/\/bien-etreiris.ch\/wp-content\/uploads\/2023\/04\/Natacare.jpg\" \/>\n\t<meta property=\"og:image:width\" content=\"550\" \/>\n\t<meta property=\"og:image:height\" content=\"333\" \/>\n\t<meta property=\"og:image:type\" content=\"image\/jpeg\" \/>\n<meta name=\"twitter:label1\" content=\"Gesch\u00e4tzte Lesezeit\" \/>\n\t<meta name=\"twitter:data1\" content=\"2\u00a0Minuten\" \/>\n<script type=\"application\/ld+json\" class=\"yoast-schema-graph\">{\"@context\":\"https:\\\/\\\/schema.org\",\"@graph\":[{\"@type\":\"WebPage\",\"@id\":\"https:\\\/\\\/bien-etreiris.ch\\\/de\\\/unsere-marken\\\/natracare\\\/\",\"url\":\"https:\\\/\\\/bien-etreiris.ch\\\/de\\\/unsere-marken\\\/natracare\\\/\",\"name\":\"NATRACARE - WOHLBEFINDEN\",\"isPartOf\":{\"@id\":\"https:\\\/\\\/bien-etreiris.ch\\\/de\\\/#website\"},\"primaryImageOfPage\":{\"@id\":\"https:\\\/\\\/bien-etreiris.ch\\\/de\\\/unsere-marken\\\/natracare\\\/#primaryimage\"},\"image\":{\"@id\":\"https:\\\/\\\/bien-etreiris.ch\\\/de\\\/unsere-marken\\\/natracare\\\/#primaryimage\"},\"thumbnailUrl\":\"https:\\\/\\\/bien-etreiris.ch\\\/wp-content\\\/uploads\\\/2023\\\/04\\\/Natacare.jpg\",\"datePublished\":\"2023-04-26T05:22:08+00:00\",\"dateModified\":\"2023-04-26T06:29:58+00:00\",\"breadcrumb\":{\"@id\":\"https:\\\/\\\/bien-etreiris.ch\\\/de\\\/unsere-marken\\\/natracare\\\/#breadcrumb\"},\"inLanguage\":\"de\",\"potentialAction\":[{\"@type\":\"ReadAction\",\"target\":[\"https:\\\/\\\/bien-etreiris.ch\\\/de\\\/unsere-marken\\\/natracare\\\/\"]}]},{\"@type\":\"ImageObject\",\"inLanguage\":\"de\",\"@id\":\"https:\\\/\\\/bien-etreiris.ch\\\/de\\\/unsere-marken\\\/natracare\\\/#primaryimage\",\"url\":\"https:\\\/\\\/bien-etreiris.ch\\\/wp-content\\\/uploads\\\/2023\\\/04\\\/Natacare.jpg\",\"contentUrl\":\"https:\\\/\\\/bien-etreiris.ch\\\/wp-content\\\/uploads\\\/2023\\\/04\\\/Natacare.jpg\",\"width\":550,\"height\":333},{\"@type\":\"BreadcrumbList\",\"@id\":\"https:\\\/\\\/bien-etreiris.ch\\\/de\\\/unsere-marken\\\/natracare\\\/#breadcrumb\",\"itemListElement\":[{\"@type\":\"ListItem\",\"position\":1,\"name\":\"Home\",\"item\":\"https:\\\/\\\/bien-etreiris.ch\\\/de\\\/\"},{\"@type\":\"ListItem\",\"position\":2,\"name\":\"UNSERE MARKEN\",\"item\":\"https:\\\/\\\/bien-etreiris.ch\\\/de\\\/unsere-marken\\\/\"},{\"@type\":\"ListItem\",\"position\":3,\"name\":\"NATRACARE\"}]},{\"@type\":\"WebSite\",\"@id\":\"https:\\\/\\\/bien-etreiris.ch\\\/de\\\/#website\",\"url\":\"https:\\\/\\\/bien-etreiris.ch\\\/de\\\/\",\"name\":\"Bien-\u00eatre Iris\",\"description\":\"IHRE Gesundheit ist uns wichtig\",\"potentialAction\":[{\"@type\":\"SearchAction\",\"target\":{\"@type\":\"EntryPoint\",\"urlTemplate\":\"https:\\\/\\\/bien-etreiris.ch\\\/de\\\/?s={search_term_string}\"},\"query-input\":{\"@type\":\"PropertyValueSpecification\",\"valueRequired\":true,\"valueName\":\"search_term_string\"}}],\"inLanguage\":\"de\"}]}<\/script>\n<!-- \/ Yoast SEO plugin. -->","yoast_head_json":{"title":"NATRACARE - WOHLBEFINDEN","robots":{"index":"index","follow":"follow","max-snippet":"max-snippet:-1","max-image-preview":"max-image-preview:large","max-video-preview":"max-video-preview:-1"},"canonical":"https:\/\/bien-etreiris.ch\/de\/unsere-marken\/natracare\/","og_locale":"de_DE","og_type":"article","og_title":"NATRACARE - WOHLBEFINDEN","og_description":"F\u00fcr eine ges\u00fcndere Periode Natracare entstand aus einer Kampagne heraus, die die Industrie f\u00fcr Menstruationsprodukte aufr\u00fctteln sollte und eine echte umweltfreundliche Alternative bieten sollte. &nbsp; Der erste Bio-Baumwoll-Tampon der Welt &nbsp; Das ist Susie, Gr\u00fcnderin und Eigent\u00fcmerin des Unternehmens. Sie ist Umweltaktivistin und Pionierin, denn sie gr\u00fcndet 1989 die erste Marke f\u00fcr nat\u00fcrliche und biologische Menstruationsprodukte. \u201eIch habe 1980 das&nbsp;Weiter lesen","og_url":"https:\/\/bien-etreiris.ch\/de\/unsere-marken\/natracare\/","og_site_name":"WOHLBEFINDEN","article_publisher":"https:\/\/www.facebook.com\/bienetreiris\/","article_modified_time":"2023-04-26T06:29:58+00:00","og_image":[{"width":550,"height":333,"url":"https:\/\/bien-etreiris.ch\/wp-content\/uploads\/2023\/04\/Natacare.jpg","type":"image\/jpeg"}],"twitter_misc":{"Gesch\u00e4tzte Lesezeit":"2\u00a0Minuten"},"schema":{"@context":"https:\/\/schema.org","@graph":[{"@type":"WebPage","@id":"https:\/\/bien-etreiris.ch\/de\/unsere-marken\/natracare\/","url":"https:\/\/bien-etreiris.ch\/de\/unsere-marken\/natracare\/","name":"NATRACARE - WOHLBEFINDEN","isPartOf":{"@id":"https:\/\/bien-etreiris.ch\/de\/#website"},"primaryImageOfPage":{"@id":"https:\/\/bien-etreiris.ch\/de\/unsere-marken\/natracare\/#primaryimage"},"image":{"@id":"https:\/\/bien-etreiris.ch\/de\/unsere-marken\/natracare\/#primaryimage"},"thumbnailUrl":"https:\/\/bien-etreiris.ch\/wp-content\/uploads\/2023\/04\/Natacare.jpg","datePublished":"2023-04-26T05:22:08+00:00","dateModified":"2023-04-26T06:29:58+00:00","breadcrumb":{"@id":"https:\/\/bien-etreiris.ch\/de\/unsere-marken\/natracare\/#breadcrumb"},"inLanguage":"de","potentialAction":[{"@type":"ReadAction","target":["https:\/\/bien-etreiris.ch\/de\/unsere-marken\/natracare\/"]}]},{"@type":"ImageObject","inLanguage":"de","@id":"https:\/\/bien-etreiris.ch\/de\/unsere-marken\/natracare\/#primaryimage","url":"https:\/\/bien-etreiris.ch\/wp-content\/uploads\/2023\/04\/Natacare.jpg","contentUrl":"https:\/\/bien-etreiris.ch\/wp-content\/uploads\/2023\/04\/Natacare.jpg","width":550,"height":333},{"@type":"BreadcrumbList","@id":"https:\/\/bien-etreiris.ch\/de\/unsere-marken\/natracare\/#breadcrumb","itemListElement":[{"@type":"ListItem","position":1,"name":"Home","item":"https:\/\/bien-etreiris.ch\/de\/"},{"@type":"ListItem","position":2,"name":"UNSERE MARKEN","item":"https:\/\/bien-etreiris.ch\/de\/unsere-marken\/"},{"@type":"ListItem","position":3,"name":"NATRACARE"}]},{"@type":"WebSite","@id":"https:\/\/bien-etreiris.ch\/de\/#website","url":"https:\/\/bien-etreiris.ch\/de\/","name":"Bien-\u00eatre Iris","description":"IHRE Gesundheit ist uns wichtig","potentialAction":[{"@type":"SearchAction","target":{"@type":"EntryPoint","urlTemplate":"https:\/\/bien-etreiris.ch\/de\/?s={search_term_string}"},"query-input":{"@type":"PropertyValueSpecification","valueRequired":true,"valueName":"search_term_string"}}],"inLanguage":"de"}]}},"_links":{"self":[{"href":"https:\/\/bien-etreiris.ch\/de\/wp-json\/wp\/v2\/pages\/68548","targetHints":{"allow":["GET"]}}],"collection":[{"href":"https:\/\/bien-etreiris.ch\/de\/wp-json\/wp\/v2\/pages"}],"about":[{"href":"https:\/\/bien-etreiris.ch\/de\/wp-json\/wp\/v2\/types\/page"}],"author":[{"embeddable":true,"href":"https:\/\/bien-etreiris.ch\/de\/wp-json\/wp\/v2\/users\/1"}],"replies":[{"embeddable":true,"href":"https:\/\/bien-etreiris.ch\/de\/wp-json\/wp\/v2\/comments?post=68548"}],"version-history":[{"count":5,"href":"https:\/\/bien-etreiris.ch\/de\/wp-json\/wp\/v2\/pages\/68548\/revisions"}],"predecessor-version":[{"id":68561,"href":"https:\/\/bien-etreiris.ch\/de\/wp-json\/wp\/v2\/pages\/68548\/revisions\/68561"}],"up":[{"embeddable":true,"href":"https:\/\/bien-etreiris.ch\/de\/wp-json\/wp\/v2\/pages\/44406"}],"wp:featuredmedia":[{"embeddable":true,"href":"https:\/\/bien-etreiris.ch\/de\/wp-json\/wp\/v2\/media\/68543"}],"wp:attachment":[{"href":"https:\/\/bien-etreiris.ch\/de\/wp-json\/wp\/v2\/media?parent=68548"}],"curies":[{"name":"wp","href":"https:\/\/api.w.org\/{rel}","templated":true}]}}