{"id":68519,"date":"2023-04-25T22:02:36","date_gmt":"2023-04-25T20:02:36","guid":{"rendered":"https:\/\/bien-etreiris.ch\/produktpraesentation\/hygiene\/koerperpflege\/rasieren-oder-bart\/bol-de-rasage\/"},"modified":"2023-04-25T22:03:45","modified_gmt":"2023-04-25T20:03:45","slug":"bol-de-rasage","status":"publish","type":"page","link":"https:\/\/bien-etreiris.ch\/de\/produktpraesentation\/hygiene\/koerperpflege\/rasieren-oder-bart\/bol-de-rasage\/","title":{"rendered":"BOL DE RASAGE"},"content":{"rendered":"<h2 class=\"elementor-heading-title elementor-size-default\">Bol de rasage en fer \u00e9maill\u00e9<\/h2>\n<p><img loading=\"lazy\" decoding=\"async\" class=\" wp-image-68511 alignleft\" src=\"https:\/\/bien-etreiris.ch\/wp-content\/uploads\/2023\/04\/Bol-de-rasage-en-fer-emaille.jpg\" alt=\"\" width=\"428\" height=\"217\" srcset=\"https:\/\/bien-etreiris.ch\/wp-content\/uploads\/2023\/04\/Bol-de-rasage-en-fer-emaille.jpg 617w, https:\/\/bien-etreiris.ch\/wp-content\/uploads\/2023\/04\/Bol-de-rasage-en-fer-emaille-300x152.jpg 300w, https:\/\/bien-etreiris.ch\/wp-content\/uploads\/2023\/04\/Bol-de-rasage-en-fer-emaille-100x50.jpg 100w\" sizes=\"auto, (max-width: 428px) 100vw, 428px\" \/><\/p>\n<div class=\"elementor-column elementor-col-50 elementor-top-column elementor-element elementor-element-785f00d\" data-id=\"785f00d\" data-element_type=\"column\">\n<div class=\"elementor-column-wrap elementor-element-populated\">\n<div class=\"elementor-widget-wrap\">\n<div class=\"elementor-element elementor-element-0aaacb5 elementor-widget elementor-widget-image\" data-id=\"0aaacb5\" data-element_type=\"widget\" data-widget_type=\"image.default\">\n<div class=\"elementor-widget-container\">\n<div class=\"elementor-image\">&nbsp;<\/div>\n<\/div>\n<\/div>\n<\/div>\n<\/div>\n<\/div>\n<div class=\"elementor-column elementor-col-50 elementor-top-column elementor-element elementor-element-df38bb2\" data-id=\"df38bb2\" data-element_type=\"column\">\n<div class=\"elementor-column-wrap elementor-element-populated\">\n<div class=\"elementor-widget-wrap\">\n<div class=\"elementor-element elementor-element-23271b7 elementor-widget elementor-widget-heading\" data-id=\"23271b7\" data-element_type=\"widget\" data-widget_type=\"heading.default\">\n<div class=\"elementor-widget-container\">\n<h3>&nbsp;<\/h3>\n<h3>&nbsp;<\/h3>\n<h3>&nbsp;<\/h3>\n<h3>&nbsp;<\/h3>\n<h3>&nbsp;<\/h3>\n<p>1 pi\u00e8ce CHF10.20<\/p>\n<h3>&nbsp;<\/h3>\n<h4 class=\"elementor-heading-title elementor-size-default\">Descriptif :<\/h4>\n<\/div>\n<\/div>\n<div class=\"elementor-element elementor-element-336ce89 elementor-widget elementor-widget-text-editor\" data-id=\"336ce89\" data-element_type=\"widget\" data-widget_type=\"text-editor.default\">\n<div class=\"elementor-widget-container\">\n<div class=\"elementor-text-editor elementor-clearfix\">\n<p>Ce bol au style \u00ab&nbsp;vintage&nbsp;\u00bb en fer \u00e9maill\u00e9 fait id\u00e9alement mousser votre savon de rasage. Sa forme \u00e9pouse id\u00e9alement notre savon et est adapt\u00e9e \u00e0 la plupart des recharges.<\/p>\n<\/div>\n<\/div>\n<\/div>\n<div class=\"elementor-element elementor-element-2a7364e elementor-widget elementor-widget-heading\" data-id=\"2a7364e\" data-element_type=\"widget\" data-widget_type=\"heading.default\">\n<div class=\"elementor-widget-container\">\n<h4 class=\"elementor-heading-title elementor-size-default\">Int\u00e9r\u00eats \u00e9cologiques :<\/h4>\n<\/div>\n<\/div>\n<div class=\"elementor-element elementor-element-407a2b2 elementor-widget elementor-widget-text-editor\" data-id=\"407a2b2\" data-element_type=\"widget\" data-widget_type=\"text-editor.default\">\n<div class=\"elementor-widget-container\">\n<div class=\"elementor-text-editor elementor-clearfix\">\n<p>Inalt\u00e9rable et recyclable.<\/p>\n<\/div>\n<\/div>\n<\/div>\n<\/div>\n<\/div>\n<\/div>\n","protected":false},"excerpt":{"rendered":"<p>Bol de rasage en fer \u00e9maill\u00e9 &nbsp; &nbsp; &nbsp; &nbsp; &nbsp; &nbsp; 1 pi\u00e8ce CHF10.20 &nbsp; Descriptif : Ce bol au style \u00ab&nbsp;vintage&nbsp;\u00bb en fer \u00e9maill\u00e9 fait id\u00e9alement mousser votre savon de rasage. Sa forme \u00e9pouse id\u00e9alement notre savon et est adapt\u00e9e \u00e0 la plupart des recharges. Int\u00e9r\u00eats \u00e9cologiques : Inalt\u00e9rable et recyclable.<\/p>\n","protected":false},"author":1,"featured_media":68516,"parent":42517,"menu_order":3723,"comment_status":"closed","ping_status":"closed","template":"page-with-child.php","meta":{"_acf_changed":false,"ngg_post_thumbnail":0,"footnotes":""},"class_list":["post-68519","page","type-page","status-publish","has-post-thumbnail","hentry"],"acf":[],"yoast_head":"<!-- This site is optimized with the Yoast SEO plugin v27.5 - https:\/\/yoast.com\/product\/yoast-seo-wordpress\/ -->\n<title>BOL DE RASAGE - WOHLBEFINDEN<\/title>\n<meta name=\"robots\" content=\"index, follow, max-snippet:-1, max-image-preview:large, max-video-preview:-1\" \/>\n<link rel=\"canonical\" href=\"https:\/\/bien-etreiris.ch\/de\/produktpraesentation\/hygiene\/koerperpflege\/rasieren-oder-bart\/bol-de-rasage\/\" \/>\n<meta property=\"og:locale\" content=\"de_DE\" \/>\n<meta property=\"og:type\" content=\"article\" \/>\n<meta property=\"og:title\" content=\"BOL DE RASAGE - WOHLBEFINDEN\" \/>\n<meta property=\"og:description\" content=\"Bol de rasage en fer \u00e9maill\u00e9 &nbsp; &nbsp; &nbsp; &nbsp; &nbsp; &nbsp; 1 pi\u00e8ce CHF10.20 &nbsp; Descriptif : Ce bol au style \u00ab&nbsp;vintage&nbsp;\u00bb en fer \u00e9maill\u00e9 fait id\u00e9alement mousser votre savon de rasage. Sa forme \u00e9pouse id\u00e9alement notre savon et est adapt\u00e9e \u00e0 la plupart des recharges. Int\u00e9r\u00eats \u00e9cologiques : Inalt\u00e9rable et recyclable.\" \/>\n<meta property=\"og:url\" content=\"https:\/\/bien-etreiris.ch\/de\/produktpraesentation\/hygiene\/koerperpflege\/rasieren-oder-bart\/bol-de-rasage\/\" \/>\n<meta property=\"og:site_name\" content=\"WOHLBEFINDEN\" \/>\n<meta property=\"article:publisher\" content=\"https:\/\/www.facebook.com\/bienetreiris\/\" \/>\n<meta property=\"article:modified_time\" content=\"2023-04-25T20:03:45+00:00\" \/>\n<meta property=\"og:image\" content=\"https:\/\/bien-etreiris.ch\/wp-content\/uploads\/2023\/04\/Bol-de-rasage.jpg\" \/>\n\t<meta property=\"og:image:width\" content=\"500\" \/>\n\t<meta property=\"og:image:height\" content=\"333\" \/>\n\t<meta property=\"og:image:type\" content=\"image\/jpeg\" \/>\n<meta name=\"twitter:label1\" content=\"Gesch\u00e4tzte Lesezeit\" \/>\n\t<meta name=\"twitter:data1\" content=\"1\u00a0Minute\" \/>\n<script type=\"application\/ld+json\" class=\"yoast-schema-graph\">{\"@context\":\"https:\\\/\\\/schema.org\",\"@graph\":[{\"@type\":\"WebPage\",\"@id\":\"https:\\\/\\\/bien-etreiris.ch\\\/de\\\/produktpraesentation\\\/hygiene\\\/koerperpflege\\\/rasieren-oder-bart\\\/bol-de-rasage\\\/\",\"url\":\"https:\\\/\\\/bien-etreiris.ch\\\/de\\\/produktpraesentation\\\/hygiene\\\/koerperpflege\\\/rasieren-oder-bart\\\/bol-de-rasage\\\/\",\"name\":\"BOL DE RASAGE - WOHLBEFINDEN\",\"isPartOf\":{\"@id\":\"https:\\\/\\\/bien-etreiris.ch\\\/de\\\/#website\"},\"primaryImageOfPage\":{\"@id\":\"https:\\\/\\\/bien-etreiris.ch\\\/de\\\/produktpraesentation\\\/hygiene\\\/koerperpflege\\\/rasieren-oder-bart\\\/bol-de-rasage\\\/#primaryimage\"},\"image\":{\"@id\":\"https:\\\/\\\/bien-etreiris.ch\\\/de\\\/produktpraesentation\\\/hygiene\\\/koerperpflege\\\/rasieren-oder-bart\\\/bol-de-rasage\\\/#primaryimage\"},\"thumbnailUrl\":\"https:\\\/\\\/bien-etreiris.ch\\\/wp-content\\\/uploads\\\/2023\\\/04\\\/Bol-de-rasage.jpg\",\"datePublished\":\"2023-04-25T20:02:36+00:00\",\"dateModified\":\"2023-04-25T20:03:45+00:00\",\"breadcrumb\":{\"@id\":\"https:\\\/\\\/bien-etreiris.ch\\\/de\\\/produktpraesentation\\\/hygiene\\\/koerperpflege\\\/rasieren-oder-bart\\\/bol-de-rasage\\\/#breadcrumb\"},\"inLanguage\":\"de\",\"potentialAction\":[{\"@type\":\"ReadAction\",\"target\":[\"https:\\\/\\\/bien-etreiris.ch\\\/de\\\/produktpraesentation\\\/hygiene\\\/koerperpflege\\\/rasieren-oder-bart\\\/bol-de-rasage\\\/\"]}]},{\"@type\":\"ImageObject\",\"inLanguage\":\"de\",\"@id\":\"https:\\\/\\\/bien-etreiris.ch\\\/de\\\/produktpraesentation\\\/hygiene\\\/koerperpflege\\\/rasieren-oder-bart\\\/bol-de-rasage\\\/#primaryimage\",\"url\":\"https:\\\/\\\/bien-etreiris.ch\\\/wp-content\\\/uploads\\\/2023\\\/04\\\/Bol-de-rasage.jpg\",\"contentUrl\":\"https:\\\/\\\/bien-etreiris.ch\\\/wp-content\\\/uploads\\\/2023\\\/04\\\/Bol-de-rasage.jpg\",\"width\":500,\"height\":333},{\"@type\":\"BreadcrumbList\",\"@id\":\"https:\\\/\\\/bien-etreiris.ch\\\/de\\\/produktpraesentation\\\/hygiene\\\/koerperpflege\\\/rasieren-oder-bart\\\/bol-de-rasage\\\/#breadcrumb\",\"itemListElement\":[{\"@type\":\"ListItem\",\"position\":1,\"name\":\"Home\",\"item\":\"https:\\\/\\\/bien-etreiris.ch\\\/de\\\/\"},{\"@type\":\"ListItem\",\"position\":2,\"name\":\"PRODUKTPR\u00c4SENTATION\",\"item\":\"https:\\\/\\\/bien-etreiris.ch\\\/de\\\/produktpraesentation\\\/\"},{\"@type\":\"ListItem\",\"position\":3,\"name\":\"HYGIENE\",\"item\":\"https:\\\/\\\/bien-etreiris.ch\\\/de\\\/produktpraesentation\\\/hygiene\\\/\"},{\"@type\":\"ListItem\",\"position\":4,\"name\":\"K\u00d6RPERPFLEGE\",\"item\":\"https:\\\/\\\/bien-etreiris.ch\\\/de\\\/produktpraesentation\\\/hygiene\\\/koerperpflege\\\/\"},{\"@type\":\"ListItem\",\"position\":5,\"name\":\"RASIEREN ODER BART\",\"item\":\"https:\\\/\\\/bien-etreiris.ch\\\/de\\\/produktpraesentation\\\/hygiene\\\/koerperpflege\\\/rasieren-oder-bart\\\/\"},{\"@type\":\"ListItem\",\"position\":6,\"name\":\"BOL DE RASAGE\"}]},{\"@type\":\"WebSite\",\"@id\":\"https:\\\/\\\/bien-etreiris.ch\\\/de\\\/#website\",\"url\":\"https:\\\/\\\/bien-etreiris.ch\\\/de\\\/\",\"name\":\"Bien-\u00eatre Iris\",\"description\":\"IHRE Gesundheit ist uns wichtig\",\"potentialAction\":[{\"@type\":\"SearchAction\",\"target\":{\"@type\":\"EntryPoint\",\"urlTemplate\":\"https:\\\/\\\/bien-etreiris.ch\\\/de\\\/?s={search_term_string}\"},\"query-input\":{\"@type\":\"PropertyValueSpecification\",\"valueRequired\":true,\"valueName\":\"search_term_string\"}}],\"inLanguage\":\"de\"}]}<\/script>\n<!-- \/ Yoast SEO plugin. -->","yoast_head_json":{"title":"BOL DE RASAGE - WOHLBEFINDEN","robots":{"index":"index","follow":"follow","max-snippet":"max-snippet:-1","max-image-preview":"max-image-preview:large","max-video-preview":"max-video-preview:-1"},"canonical":"https:\/\/bien-etreiris.ch\/de\/produktpraesentation\/hygiene\/koerperpflege\/rasieren-oder-bart\/bol-de-rasage\/","og_locale":"de_DE","og_type":"article","og_title":"BOL DE RASAGE - WOHLBEFINDEN","og_description":"Bol de rasage en fer \u00e9maill\u00e9 &nbsp; &nbsp; &nbsp; &nbsp; &nbsp; &nbsp; 1 pi\u00e8ce CHF10.20 &nbsp; Descriptif : Ce bol au style \u00ab&nbsp;vintage&nbsp;\u00bb en fer \u00e9maill\u00e9 fait id\u00e9alement mousser votre savon de rasage. Sa forme \u00e9pouse id\u00e9alement notre savon et est adapt\u00e9e \u00e0 la plupart des recharges. Int\u00e9r\u00eats \u00e9cologiques : Inalt\u00e9rable et recyclable.","og_url":"https:\/\/bien-etreiris.ch\/de\/produktpraesentation\/hygiene\/koerperpflege\/rasieren-oder-bart\/bol-de-rasage\/","og_site_name":"WOHLBEFINDEN","article_publisher":"https:\/\/www.facebook.com\/bienetreiris\/","article_modified_time":"2023-04-25T20:03:45+00:00","og_image":[{"width":500,"height":333,"url":"https:\/\/bien-etreiris.ch\/wp-content\/uploads\/2023\/04\/Bol-de-rasage.jpg","type":"image\/jpeg"}],"twitter_misc":{"Gesch\u00e4tzte Lesezeit":"1\u00a0Minute"},"schema":{"@context":"https:\/\/schema.org","@graph":[{"@type":"WebPage","@id":"https:\/\/bien-etreiris.ch\/de\/produktpraesentation\/hygiene\/koerperpflege\/rasieren-oder-bart\/bol-de-rasage\/","url":"https:\/\/bien-etreiris.ch\/de\/produktpraesentation\/hygiene\/koerperpflege\/rasieren-oder-bart\/bol-de-rasage\/","name":"BOL DE RASAGE - WOHLBEFINDEN","isPartOf":{"@id":"https:\/\/bien-etreiris.ch\/de\/#website"},"primaryImageOfPage":{"@id":"https:\/\/bien-etreiris.ch\/de\/produktpraesentation\/hygiene\/koerperpflege\/rasieren-oder-bart\/bol-de-rasage\/#primaryimage"},"image":{"@id":"https:\/\/bien-etreiris.ch\/de\/produktpraesentation\/hygiene\/koerperpflege\/rasieren-oder-bart\/bol-de-rasage\/#primaryimage"},"thumbnailUrl":"https:\/\/bien-etreiris.ch\/wp-content\/uploads\/2023\/04\/Bol-de-rasage.jpg","datePublished":"2023-04-25T20:02:36+00:00","dateModified":"2023-04-25T20:03:45+00:00","breadcrumb":{"@id":"https:\/\/bien-etreiris.ch\/de\/produktpraesentation\/hygiene\/koerperpflege\/rasieren-oder-bart\/bol-de-rasage\/#breadcrumb"},"inLanguage":"de","potentialAction":[{"@type":"ReadAction","target":["https:\/\/bien-etreiris.ch\/de\/produktpraesentation\/hygiene\/koerperpflege\/rasieren-oder-bart\/bol-de-rasage\/"]}]},{"@type":"ImageObject","inLanguage":"de","@id":"https:\/\/bien-etreiris.ch\/de\/produktpraesentation\/hygiene\/koerperpflege\/rasieren-oder-bart\/bol-de-rasage\/#primaryimage","url":"https:\/\/bien-etreiris.ch\/wp-content\/uploads\/2023\/04\/Bol-de-rasage.jpg","contentUrl":"https:\/\/bien-etreiris.ch\/wp-content\/uploads\/2023\/04\/Bol-de-rasage.jpg","width":500,"height":333},{"@type":"BreadcrumbList","@id":"https:\/\/bien-etreiris.ch\/de\/produktpraesentation\/hygiene\/koerperpflege\/rasieren-oder-bart\/bol-de-rasage\/#breadcrumb","itemListElement":[{"@type":"ListItem","position":1,"name":"Home","item":"https:\/\/bien-etreiris.ch\/de\/"},{"@type":"ListItem","position":2,"name":"PRODUKTPR\u00c4SENTATION","item":"https:\/\/bien-etreiris.ch\/de\/produktpraesentation\/"},{"@type":"ListItem","position":3,"name":"HYGIENE","item":"https:\/\/bien-etreiris.ch\/de\/produktpraesentation\/hygiene\/"},{"@type":"ListItem","position":4,"name":"K\u00d6RPERPFLEGE","item":"https:\/\/bien-etreiris.ch\/de\/produktpraesentation\/hygiene\/koerperpflege\/"},{"@type":"ListItem","position":5,"name":"RASIEREN ODER BART","item":"https:\/\/bien-etreiris.ch\/de\/produktpraesentation\/hygiene\/koerperpflege\/rasieren-oder-bart\/"},{"@type":"ListItem","position":6,"name":"BOL DE RASAGE"}]},{"@type":"WebSite","@id":"https:\/\/bien-etreiris.ch\/de\/#website","url":"https:\/\/bien-etreiris.ch\/de\/","name":"Bien-\u00eatre Iris","description":"IHRE Gesundheit ist uns wichtig","potentialAction":[{"@type":"SearchAction","target":{"@type":"EntryPoint","urlTemplate":"https:\/\/bien-etreiris.ch\/de\/?s={search_term_string}"},"query-input":{"@type":"PropertyValueSpecification","valueRequired":true,"valueName":"search_term_string"}}],"inLanguage":"de"}]}},"_links":{"self":[{"href":"https:\/\/bien-etreiris.ch\/de\/wp-json\/wp\/v2\/pages\/68519","targetHints":{"allow":["GET"]}}],"collection":[{"href":"https:\/\/bien-etreiris.ch\/de\/wp-json\/wp\/v2\/pages"}],"about":[{"href":"https:\/\/bien-etreiris.ch\/de\/wp-json\/wp\/v2\/types\/page"}],"author":[{"embeddable":true,"href":"https:\/\/bien-etreiris.ch\/de\/wp-json\/wp\/v2\/users\/1"}],"replies":[{"embeddable":true,"href":"https:\/\/bien-etreiris.ch\/de\/wp-json\/wp\/v2\/comments?post=68519"}],"version-history":[{"count":1,"href":"https:\/\/bien-etreiris.ch\/de\/wp-json\/wp\/v2\/pages\/68519\/revisions"}],"predecessor-version":[{"id":68522,"href":"https:\/\/bien-etreiris.ch\/de\/wp-json\/wp\/v2\/pages\/68519\/revisions\/68522"}],"up":[{"embeddable":true,"href":"https:\/\/bien-etreiris.ch\/de\/wp-json\/wp\/v2\/pages\/42517"}],"wp:featuredmedia":[{"embeddable":true,"href":"https:\/\/bien-etreiris.ch\/de\/wp-json\/wp\/v2\/media\/68516"}],"wp:attachment":[{"href":"https:\/\/bien-etreiris.ch\/de\/wp-json\/wp\/v2\/media?parent=68519"}],"curies":[{"name":"wp","href":"https:\/\/api.w.org\/{rel}","templated":true}]}}