{"id":68507,"date":"2023-04-23T09:32:44","date_gmt":"2023-04-23T07:32:44","guid":{"rendered":"https:\/\/bien-etreiris.ch\/produktpraesentation\/hygiene\/koerperpflege\/rasieren-oder-bart\/blaireau\/"},"modified":"2023-04-25T21:50:11","modified_gmt":"2023-04-25T19:50:11","slug":"blaireau","status":"publish","type":"page","link":"https:\/\/bien-etreiris.ch\/de\/produktpraesentation\/hygiene\/koerperpflege\/rasieren-oder-bart\/blaireau\/","title":{"rendered":"BLAIREAU"},"content":{"rendered":"\n\n\n<h2 class=\"h1\">Blaireau de rasage Best badger<\/h2>\n<p><img loading=\"lazy\" decoding=\"async\" class=\"size-full wp-image-68501 alignleft\" src=\"https:\/\/bien-etreiris.ch\/wp-content\/uploads\/2023\/04\/Alep-Blaireau.jpg\" alt=\"\" width=\"500\" height=\"347\" srcset=\"https:\/\/bien-etreiris.ch\/wp-content\/uploads\/2023\/04\/Alep-Blaireau.jpg 500w, https:\/\/bien-etreiris.ch\/wp-content\/uploads\/2023\/04\/Alep-Blaireau-300x208.jpg 300w\" sizes=\"auto, (max-width: 500px) 100vw, 500px\" \/><\/p>\n<section class=\"elementor-element elementor-element-4622d916 elementor-section-boxed elementor-section-height-default elementor-section-height-default elementor-section elementor-top-section\" data-id=\"4622d916\" data-element_type=\"section\">\n<div class=\"elementor-container elementor-column-gap-default\">\n<div class=\"elementor-row\">\n<div class=\"elementor-element elementor-element-12d04f07 elementor-column elementor-col-100 elementor-top-column\" data-id=\"12d04f07\" data-element_type=\"column\">\n<div class=\"elementor-column-wrap elementor-element-populated\">\n<div class=\"elementor-widget-wrap\">\n<div class=\"elementor-element elementor-element-157d109a elementor-widget elementor-widget-text-editor\" data-id=\"157d109a\" data-element_type=\"widget\" data-widget_type=\"text-editor.default\">\n<div class=\"elementor-widget-container\">\n<div class=\"elementor-text-editor elementor-clearfix\">\n<p>&nbsp;<\/p>\n<p>&nbsp;<\/p>\n<p>&nbsp;<\/p>\n<p>&nbsp;<\/p>\n<p>&nbsp;<\/p>\n<p>&nbsp;<\/p>\n<p>Il est recommand\u00e9 pour tout type de peau.<\/p>\n<p>Dimensions : 10cm (hauteur), 4,6cm (manche), 3,5cm (poign\u00e9e).<\/p>\n<p>Poids : 55g. 1 pi\u00e8ce<strong> CHF 85.00<\/strong><\/p>\n<p>&nbsp;<\/p>\n<p>&nbsp;<\/p>\n<p>&nbsp;<\/p>\n<p>Ce blaireau de haute qualit\u00e9, fait main, est s\u00e9lectionn\u00e9 pour vous par Alepia.<\/p>\n<p>Il permet de monter une tr\u00e8s belle mousse avec le savon d'Alep, ou un autre produit de rasage. L'\u00e9mulsion produite redresse le poil et le pr\u00e9pare au passage du rasoir.<\/p>\n<p>Rare et de haute qualit\u00e9, il est fabriqu\u00e9 \u00e0 la main \u00e0 partir de poils gris de blaireau, assurant un contact doux. L'appellation Best badger est un grade de poils souples et r\u00e9sistants qui absorbent bien l\u2019eau. Sa densit\u00e9 de poils permet de cr\u00e9er une \u00e9paisse mousse.<\/p>\n<h4 id=\"elementor-tab-title-1562\" class=\"elementor-tab-title elementor-active\" role=\"tab\" data-tab=\"2\" aria-controls=\"elementor-tab-content-1562\">Utilisation<\/h4>\n<div id=\"elementor-tab-content-1562\" class=\"elementor-tab-content elementor-clearfix elementor-active\" role=\"tabpanel\" data-tab=\"2\" aria-labelledby=\"elementor-tab-title-1562\">\n<p>Appliquez de l\u2019huile de Nigelle sur la peau du visage encore humide, puis masser la surface \u00e0 raser. Ne pas rincer.<\/p>\n<p>Mouillez le poil du blaireau \u00e0 l\u2019eau chaude, faites monter la mousse avec le savon d\u2019Alep de rasage et \u00e9talez-le sur la barbe en effectuant des mouvements circulaires.<\/p>\n<p>Variante : plut\u00f4t que d\u2019appliquer l\u2019huile avec les mains, vous pouvez d\u00e9poser la goutte sur le savon avant de faire monter la mousse.<\/p>\n<\/div>\n<\/div>\n<\/div>\n<\/div>\n<\/div>\n<\/div>\n<\/div>\n<\/div>\n<\/div>\n<\/section>\n<p>&nbsp;<\/p>\n<p>&nbsp;<\/p>\n<hr>\n<h2 class=\"elementor-heading-title elementor-size-default\">Blaireau en h\u00eatre et soie naturelle<\/h2>\n<p><img loading=\"lazy\" decoding=\"async\" class=\"wp-image-68494  alignleft\" src=\"https:\/\/bien-etreiris.ch\/wp-content\/uploads\/2023\/04\/Blaireau-Anae-1.jpg\" alt=\"\" width=\"336\" height=\"339\" srcset=\"https:\/\/bien-etreiris.ch\/wp-content\/uploads\/2023\/04\/Blaireau-Anae-1.jpg 535w, https:\/\/bien-etreiris.ch\/wp-content\/uploads\/2023\/04\/Blaireau-Anae-1-297x300.jpg 297w, https:\/\/bien-etreiris.ch\/wp-content\/uploads\/2023\/04\/Blaireau-Anae-1-150x150.jpg 150w\" sizes=\"auto, (max-width: 336px) 100vw, 336px\" \/><\/p>\n<p>&nbsp;<\/p>\n<p>&nbsp;<\/p>\n<p>&nbsp;<\/p>\n<p>&nbsp;<\/p>\n<div class=\"elementor-element elementor-element-ab2b1a0 elementor-widget elementor-widget-heading\" data-id=\"ab2b1a0\" data-element_type=\"widget\" data-widget_type=\"heading.default\">\n<div class=\"elementor-widget-container\">\n<h4 class=\"elementor-heading-title elementor-size-default\">Descriptif<\/h4>\n<\/div>\n<\/div>\n<div class=\"elementor-element elementor-element-e806e13 elementor-widget elementor-widget-text-editor\" data-id=\"e806e13\" data-element_type=\"widget\" data-widget_type=\"text-editor.default\">\n<div class=\"elementor-widget-container\">\n<div class=\"elementor-text-editor elementor-clearfix\">\n<p>Le blaireau Ana\u00e9\u00ae est en bois de h\u00eatre et soies naturelles. Il offre une bonne tenue en main pour une application en souplesse de votre mousse \u00e0 raser bio.<\/p>\n<p>Dimensions : 10 cm<\/p>\n<p>&nbsp;1 pi\u00e8ce <strong>CHF 13.90<\/strong><\/p>\n<\/div>\n<\/div>\n<\/div>\n<div class=\"elementor-element elementor-element-000d936 elementor-widget elementor-widget-heading\" data-id=\"000d936\" data-element_type=\"widget\" data-widget_type=\"heading.default\">\n<div class=\"elementor-widget-container\">\n<h4 class=\"elementor-heading-title elementor-size-default\">Int\u00e9r\u00eats \u00e9cologiques<\/h4>\n<\/div>\n<\/div>\n<div class=\"elementor-element elementor-element-45362bd elementor-widget elementor-widget-text-editor\" data-id=\"45362bd\" data-element_type=\"widget\" data-widget_type=\"text-editor.default\">\n<div class=\"elementor-widget-container\">\n<div class=\"elementor-text-editor elementor-clearfix\">\n<p>En bois de h\u00eatre.<br>En direct d\u2019une des derni\u00e8res fabriques d\u2019Allemagne une s\u00e9lection de blaireaux confectionn\u00e9s par une petite entreprise tr\u00e8s sp\u00e9cialis\u00e9e avec des mati\u00e8res naturelles<\/p>\n<\/div>\n<\/div>\n<\/div>\n<p>&nbsp;<\/p>\n<p>&nbsp;<\/p>\n<p>&nbsp;<\/p>\n<hr>\n<p>&nbsp;<\/p>\n\n\n<div id=\"more_info_sheets\" class=\"sheets align_justify\">\n<div id=\"idTab1\" class=\"rte\">\n<h2>Porte Blaireau en H\u00eatre huil\u00e9<\/h2>\n<p><img loading=\"lazy\" decoding=\"async\" class=\"wp-image-68488 alignleft\" src=\"https:\/\/bien-etreiris.ch\/wp-content\/uploads\/2023\/04\/Porte-Blaireau-en-Hetre-huile.jpg\" alt=\"\" width=\"247\" height=\"247\"><\/p>\n<p>&nbsp;<\/p>\n<p>&nbsp;<\/p>\n<p>&nbsp;<\/p>\n<p>Un support pour blaireau afin de pr\u00e9server l'aspect soyeux des poils du blaireau.<\/p>\n<p>Fabriqu\u00e9 en Allemagne.<\/p>\n<p>1 pi\u00e8ce <strong>CHF 14.90<\/strong><\/p>\n<p>Dimensions: 11x9.5cm<\/p>\n<\/div>\n<\/div>","protected":false},"excerpt":{"rendered":"<p>Blaireau de rasage Best badger &nbsp; &nbsp; &nbsp; &nbsp; &nbsp; &nbsp; Il est recommand\u00e9 pour tout type de peau. Dimensions : 10cm (hauteur), 4,6cm (manche), 3,5cm (poign\u00e9e). Poids : 55g. 1 pi\u00e8ce CHF 85.00 &nbsp; &nbsp; &nbsp; Ce blaireau de haute qualit\u00e9, fait main, est s\u00e9lectionn\u00e9 pour vous par Alepia. Il permet de monter une tr\u00e8s belle mousse avec le&nbsp;<a href=\"https:\/\/bien-etreiris.ch\/de\/produktpraesentation\/hygiene\/koerperpflege\/rasieren-oder-bart\/blaireau\/\" class=\"read-more\">Weiter lesen<\/a><\/p>\n","protected":false},"author":1,"featured_media":68336,"parent":42517,"menu_order":3731,"comment_status":"closed","ping_status":"closed","template":"page-with-child.php","meta":{"_acf_changed":false,"ngg_post_thumbnail":0,"footnotes":""},"class_list":["post-68507","page","type-page","status-publish","has-post-thumbnail","hentry"],"acf":[],"yoast_head":"<!-- This site is optimized with the Yoast SEO plugin v27.4 - https:\/\/yoast.com\/product\/yoast-seo-wordpress\/ -->\n<title>BLAIREAU - WOHLBEFINDEN<\/title>\n<meta name=\"robots\" content=\"index, follow, max-snippet:-1, max-image-preview:large, max-video-preview:-1\" \/>\n<link rel=\"canonical\" href=\"https:\/\/bien-etreiris.ch\/de\/produktpraesentation\/hygiene\/koerperpflege\/rasieren-oder-bart\/blaireau\/\" \/>\n<meta property=\"og:locale\" content=\"de_DE\" \/>\n<meta property=\"og:type\" content=\"article\" \/>\n<meta property=\"og:title\" content=\"BLAIREAU - WOHLBEFINDEN\" \/>\n<meta property=\"og:description\" content=\"Blaireau de rasage Best badger &nbsp; &nbsp; &nbsp; &nbsp; &nbsp; &nbsp; Il est recommand\u00e9 pour tout type de peau. Dimensions : 10cm (hauteur), 4,6cm (manche), 3,5cm (poign\u00e9e). Poids : 55g. 1 pi\u00e8ce CHF 85.00 &nbsp; &nbsp; &nbsp; Ce blaireau de haute qualit\u00e9, fait main, est s\u00e9lectionn\u00e9 pour vous par Alepia. Il permet de monter une tr\u00e8s belle mousse avec le&nbsp;Weiter lesen\" \/>\n<meta property=\"og:url\" content=\"https:\/\/bien-etreiris.ch\/de\/produktpraesentation\/hygiene\/koerperpflege\/rasieren-oder-bart\/blaireau\/\" \/>\n<meta property=\"og:site_name\" content=\"WOHLBEFINDEN\" \/>\n<meta property=\"article:publisher\" content=\"https:\/\/www.facebook.com\/bienetreiris\/\" \/>\n<meta property=\"article:modified_time\" content=\"2023-04-25T19:50:11+00:00\" \/>\n<meta property=\"og:image\" content=\"https:\/\/bien-etreiris.ch\/wp-content\/uploads\/2023\/04\/Blaireau.jpg\" \/>\n\t<meta property=\"og:image:width\" content=\"500\" \/>\n\t<meta property=\"og:image:height\" content=\"347\" \/>\n\t<meta property=\"og:image:type\" content=\"image\/jpeg\" \/>\n<meta name=\"twitter:label1\" content=\"Gesch\u00e4tzte Lesezeit\" \/>\n\t<meta name=\"twitter:data1\" content=\"3\u00a0Minuten\" \/>\n<script type=\"application\/ld+json\" class=\"yoast-schema-graph\">{\"@context\":\"https:\\\/\\\/schema.org\",\"@graph\":[{\"@type\":\"WebPage\",\"@id\":\"https:\\\/\\\/bien-etreiris.ch\\\/de\\\/produktpraesentation\\\/hygiene\\\/koerperpflege\\\/rasieren-oder-bart\\\/blaireau\\\/\",\"url\":\"https:\\\/\\\/bien-etreiris.ch\\\/de\\\/produktpraesentation\\\/hygiene\\\/koerperpflege\\\/rasieren-oder-bart\\\/blaireau\\\/\",\"name\":\"BLAIREAU - WOHLBEFINDEN\",\"isPartOf\":{\"@id\":\"https:\\\/\\\/bien-etreiris.ch\\\/de\\\/#website\"},\"primaryImageOfPage\":{\"@id\":\"https:\\\/\\\/bien-etreiris.ch\\\/de\\\/produktpraesentation\\\/hygiene\\\/koerperpflege\\\/rasieren-oder-bart\\\/blaireau\\\/#primaryimage\"},\"image\":{\"@id\":\"https:\\\/\\\/bien-etreiris.ch\\\/de\\\/produktpraesentation\\\/hygiene\\\/koerperpflege\\\/rasieren-oder-bart\\\/blaireau\\\/#primaryimage\"},\"thumbnailUrl\":\"https:\\\/\\\/bien-etreiris.ch\\\/wp-content\\\/uploads\\\/2023\\\/04\\\/Blaireau.jpg\",\"datePublished\":\"2023-04-23T07:32:44+00:00\",\"dateModified\":\"2023-04-25T19:50:11+00:00\",\"breadcrumb\":{\"@id\":\"https:\\\/\\\/bien-etreiris.ch\\\/de\\\/produktpraesentation\\\/hygiene\\\/koerperpflege\\\/rasieren-oder-bart\\\/blaireau\\\/#breadcrumb\"},\"inLanguage\":\"de\",\"potentialAction\":[{\"@type\":\"ReadAction\",\"target\":[\"https:\\\/\\\/bien-etreiris.ch\\\/de\\\/produktpraesentation\\\/hygiene\\\/koerperpflege\\\/rasieren-oder-bart\\\/blaireau\\\/\"]}]},{\"@type\":\"ImageObject\",\"inLanguage\":\"de\",\"@id\":\"https:\\\/\\\/bien-etreiris.ch\\\/de\\\/produktpraesentation\\\/hygiene\\\/koerperpflege\\\/rasieren-oder-bart\\\/blaireau\\\/#primaryimage\",\"url\":\"https:\\\/\\\/bien-etreiris.ch\\\/wp-content\\\/uploads\\\/2023\\\/04\\\/Blaireau.jpg\",\"contentUrl\":\"https:\\\/\\\/bien-etreiris.ch\\\/wp-content\\\/uploads\\\/2023\\\/04\\\/Blaireau.jpg\",\"width\":500,\"height\":347},{\"@type\":\"BreadcrumbList\",\"@id\":\"https:\\\/\\\/bien-etreiris.ch\\\/de\\\/produktpraesentation\\\/hygiene\\\/koerperpflege\\\/rasieren-oder-bart\\\/blaireau\\\/#breadcrumb\",\"itemListElement\":[{\"@type\":\"ListItem\",\"position\":1,\"name\":\"Home\",\"item\":\"https:\\\/\\\/bien-etreiris.ch\\\/de\\\/\"},{\"@type\":\"ListItem\",\"position\":2,\"name\":\"PRODUKTPR\u00c4SENTATION\",\"item\":\"https:\\\/\\\/bien-etreiris.ch\\\/de\\\/produktpraesentation\\\/\"},{\"@type\":\"ListItem\",\"position\":3,\"name\":\"HYGIENE\",\"item\":\"https:\\\/\\\/bien-etreiris.ch\\\/de\\\/produktpraesentation\\\/hygiene\\\/\"},{\"@type\":\"ListItem\",\"position\":4,\"name\":\"K\u00d6RPERPFLEGE\",\"item\":\"https:\\\/\\\/bien-etreiris.ch\\\/de\\\/produktpraesentation\\\/hygiene\\\/koerperpflege\\\/\"},{\"@type\":\"ListItem\",\"position\":5,\"name\":\"RASIEREN ODER BART\",\"item\":\"https:\\\/\\\/bien-etreiris.ch\\\/de\\\/produktpraesentation\\\/hygiene\\\/koerperpflege\\\/rasieren-oder-bart\\\/\"},{\"@type\":\"ListItem\",\"position\":6,\"name\":\"BLAIREAU\"}]},{\"@type\":\"WebSite\",\"@id\":\"https:\\\/\\\/bien-etreiris.ch\\\/de\\\/#website\",\"url\":\"https:\\\/\\\/bien-etreiris.ch\\\/de\\\/\",\"name\":\"Bien-\u00eatre Iris\",\"description\":\"IHRE Gesundheit ist uns wichtig\",\"potentialAction\":[{\"@type\":\"SearchAction\",\"target\":{\"@type\":\"EntryPoint\",\"urlTemplate\":\"https:\\\/\\\/bien-etreiris.ch\\\/de\\\/?s={search_term_string}\"},\"query-input\":{\"@type\":\"PropertyValueSpecification\",\"valueRequired\":true,\"valueName\":\"search_term_string\"}}],\"inLanguage\":\"de\"}]}<\/script>\n<!-- \/ Yoast SEO plugin. -->","yoast_head_json":{"title":"BLAIREAU - WOHLBEFINDEN","robots":{"index":"index","follow":"follow","max-snippet":"max-snippet:-1","max-image-preview":"max-image-preview:large","max-video-preview":"max-video-preview:-1"},"canonical":"https:\/\/bien-etreiris.ch\/de\/produktpraesentation\/hygiene\/koerperpflege\/rasieren-oder-bart\/blaireau\/","og_locale":"de_DE","og_type":"article","og_title":"BLAIREAU - WOHLBEFINDEN","og_description":"Blaireau de rasage Best badger &nbsp; &nbsp; &nbsp; &nbsp; &nbsp; &nbsp; Il est recommand\u00e9 pour tout type de peau. Dimensions : 10cm (hauteur), 4,6cm (manche), 3,5cm (poign\u00e9e). Poids : 55g. 1 pi\u00e8ce CHF 85.00 &nbsp; &nbsp; &nbsp; Ce blaireau de haute qualit\u00e9, fait main, est s\u00e9lectionn\u00e9 pour vous par Alepia. Il permet de monter une tr\u00e8s belle mousse avec le&nbsp;Weiter lesen","og_url":"https:\/\/bien-etreiris.ch\/de\/produktpraesentation\/hygiene\/koerperpflege\/rasieren-oder-bart\/blaireau\/","og_site_name":"WOHLBEFINDEN","article_publisher":"https:\/\/www.facebook.com\/bienetreiris\/","article_modified_time":"2023-04-25T19:50:11+00:00","og_image":[{"width":500,"height":347,"url":"https:\/\/bien-etreiris.ch\/wp-content\/uploads\/2023\/04\/Blaireau.jpg","type":"image\/jpeg"}],"twitter_misc":{"Gesch\u00e4tzte Lesezeit":"3\u00a0Minuten"},"schema":{"@context":"https:\/\/schema.org","@graph":[{"@type":"WebPage","@id":"https:\/\/bien-etreiris.ch\/de\/produktpraesentation\/hygiene\/koerperpflege\/rasieren-oder-bart\/blaireau\/","url":"https:\/\/bien-etreiris.ch\/de\/produktpraesentation\/hygiene\/koerperpflege\/rasieren-oder-bart\/blaireau\/","name":"BLAIREAU - WOHLBEFINDEN","isPartOf":{"@id":"https:\/\/bien-etreiris.ch\/de\/#website"},"primaryImageOfPage":{"@id":"https:\/\/bien-etreiris.ch\/de\/produktpraesentation\/hygiene\/koerperpflege\/rasieren-oder-bart\/blaireau\/#primaryimage"},"image":{"@id":"https:\/\/bien-etreiris.ch\/de\/produktpraesentation\/hygiene\/koerperpflege\/rasieren-oder-bart\/blaireau\/#primaryimage"},"thumbnailUrl":"https:\/\/bien-etreiris.ch\/wp-content\/uploads\/2023\/04\/Blaireau.jpg","datePublished":"2023-04-23T07:32:44+00:00","dateModified":"2023-04-25T19:50:11+00:00","breadcrumb":{"@id":"https:\/\/bien-etreiris.ch\/de\/produktpraesentation\/hygiene\/koerperpflege\/rasieren-oder-bart\/blaireau\/#breadcrumb"},"inLanguage":"de","potentialAction":[{"@type":"ReadAction","target":["https:\/\/bien-etreiris.ch\/de\/produktpraesentation\/hygiene\/koerperpflege\/rasieren-oder-bart\/blaireau\/"]}]},{"@type":"ImageObject","inLanguage":"de","@id":"https:\/\/bien-etreiris.ch\/de\/produktpraesentation\/hygiene\/koerperpflege\/rasieren-oder-bart\/blaireau\/#primaryimage","url":"https:\/\/bien-etreiris.ch\/wp-content\/uploads\/2023\/04\/Blaireau.jpg","contentUrl":"https:\/\/bien-etreiris.ch\/wp-content\/uploads\/2023\/04\/Blaireau.jpg","width":500,"height":347},{"@type":"BreadcrumbList","@id":"https:\/\/bien-etreiris.ch\/de\/produktpraesentation\/hygiene\/koerperpflege\/rasieren-oder-bart\/blaireau\/#breadcrumb","itemListElement":[{"@type":"ListItem","position":1,"name":"Home","item":"https:\/\/bien-etreiris.ch\/de\/"},{"@type":"ListItem","position":2,"name":"PRODUKTPR\u00c4SENTATION","item":"https:\/\/bien-etreiris.ch\/de\/produktpraesentation\/"},{"@type":"ListItem","position":3,"name":"HYGIENE","item":"https:\/\/bien-etreiris.ch\/de\/produktpraesentation\/hygiene\/"},{"@type":"ListItem","position":4,"name":"K\u00d6RPERPFLEGE","item":"https:\/\/bien-etreiris.ch\/de\/produktpraesentation\/hygiene\/koerperpflege\/"},{"@type":"ListItem","position":5,"name":"RASIEREN ODER BART","item":"https:\/\/bien-etreiris.ch\/de\/produktpraesentation\/hygiene\/koerperpflege\/rasieren-oder-bart\/"},{"@type":"ListItem","position":6,"name":"BLAIREAU"}]},{"@type":"WebSite","@id":"https:\/\/bien-etreiris.ch\/de\/#website","url":"https:\/\/bien-etreiris.ch\/de\/","name":"Bien-\u00eatre Iris","description":"IHRE Gesundheit ist uns wichtig","potentialAction":[{"@type":"SearchAction","target":{"@type":"EntryPoint","urlTemplate":"https:\/\/bien-etreiris.ch\/de\/?s={search_term_string}"},"query-input":{"@type":"PropertyValueSpecification","valueRequired":true,"valueName":"search_term_string"}}],"inLanguage":"de"}]}},"_links":{"self":[{"href":"https:\/\/bien-etreiris.ch\/de\/wp-json\/wp\/v2\/pages\/68507","targetHints":{"allow":["GET"]}}],"collection":[{"href":"https:\/\/bien-etreiris.ch\/de\/wp-json\/wp\/v2\/pages"}],"about":[{"href":"https:\/\/bien-etreiris.ch\/de\/wp-json\/wp\/v2\/types\/page"}],"author":[{"embeddable":true,"href":"https:\/\/bien-etreiris.ch\/de\/wp-json\/wp\/v2\/users\/1"}],"replies":[{"embeddable":true,"href":"https:\/\/bien-etreiris.ch\/de\/wp-json\/wp\/v2\/comments?post=68507"}],"version-history":[{"count":1,"href":"https:\/\/bien-etreiris.ch\/de\/wp-json\/wp\/v2\/pages\/68507\/revisions"}],"predecessor-version":[{"id":68509,"href":"https:\/\/bien-etreiris.ch\/de\/wp-json\/wp\/v2\/pages\/68507\/revisions\/68509"}],"up":[{"embeddable":true,"href":"https:\/\/bien-etreiris.ch\/de\/wp-json\/wp\/v2\/pages\/42517"}],"wp:featuredmedia":[{"embeddable":true,"href":"https:\/\/bien-etreiris.ch\/de\/wp-json\/wp\/v2\/media\/68336"}],"wp:attachment":[{"href":"https:\/\/bien-etreiris.ch\/de\/wp-json\/wp\/v2\/media?parent=68507"}],"curies":[{"name":"wp","href":"https:\/\/api.w.org\/{rel}","templated":true}]}}