{"id":68439,"date":"2023-04-24T09:08:57","date_gmt":"2023-04-24T07:08:57","guid":{"rendered":"https:\/\/bien-etreiris.ch\/produktpraesentation\/hygiene\/koerperpflege\/frauen\/serviettes-lavables\/"},"modified":"2023-04-24T15:45:32","modified_gmt":"2023-04-24T13:45:32","slug":"serviettes-hygieniques-lavables","status":"publish","type":"page","link":"https:\/\/bien-etreiris.ch\/de\/produktpraesentation\/hygiene\/koerperpflege\/frauen\/serviettes-hygieniques-lavables\/","title":{"rendered":"SERVIETTES LAVABLES"},"content":{"rendered":"<h2>Serviettes hygi\u00e9niques lavable<\/h2>\n<p>Sp\u00e9cialement \u00e9tudi\u00e9es pour une protection efficace gr\u00e2ce \u00e0 leur film \u00e9tanche et \u00e0 leurs \u00e9paisseurs de coton molleton absorbant, les serviettes Ana\u00e9\u00ae \u00e9pousent parfaitement le corps et assurent un maintien parfait gr\u00e2ce \u00e0 leur d\u00e9coupe anatomique et \u00e0 leurs ailettes. Elles laissent la peau respirer et sont id\u00e9ales pour remplacer les protections menstruelles jetables.<\/p>\n<p>&nbsp;<\/p>\n<div class=\"elementor-element elementor-element-aa9c6ac elementor-widget elementor-widget-heading\" data-id=\"aa9c6ac\" data-element_type=\"widget\" data-widget_type=\"heading.default\">\n<div class=\"elementor-widget-container\">\n<h4 class=\"elementor-heading-title elementor-size-default\">Int\u00e9r\u00eat \u00e9cologique<\/h4>\n<\/div>\n<\/div>\n<div class=\"elementor-element elementor-element-c84edda elementor-widget elementor-widget-text-editor\" data-id=\"c84edda\" data-element_type=\"widget\" data-widget_type=\"text-editor.default\">\n<div class=\"elementor-widget-container\">\n<div class=\"elementor-text-editor elementor-clearfix\">\n<p>En coton issu de l\u2019agriculture biologique.<\/p>\n<\/div>\n<\/div>\n<\/div>\n<h2>&nbsp;<\/h2>\n<h4><strong><em>Nos trois models<\/em><\/strong><\/h4>\n<h2>&nbsp;<\/h2>\n<h2 class=\"elementor-heading-title elementor-size-default\">Serviettes hygi\u00e9niques lavables \"mini-cercles\"<\/h2>\n<p><img loading=\"lazy\" decoding=\"async\" class=\"wp-image-68442 alignleft\" src=\"https:\/\/bien-etreiris.ch\/wp-content\/uploads\/2023\/04\/serviettes-lavables-anae.jpg\" alt=\"\" width=\"543\" height=\"441\" srcset=\"https:\/\/bien-etreiris.ch\/wp-content\/uploads\/2023\/04\/serviettes-lavables-anae.jpg 800w, https:\/\/bien-etreiris.ch\/wp-content\/uploads\/2023\/04\/serviettes-lavables-anae-300x244.jpg 300w, https:\/\/bien-etreiris.ch\/wp-content\/uploads\/2023\/04\/serviettes-lavables-anae-768x624.jpg 768w\" sizes=\"auto, (max-width: 543px) 100vw, 543px\" \/><\/p>\n<p>&nbsp;<\/p>\n<p>&nbsp;<\/p>\n<p>&nbsp;<\/p>\n<p>&nbsp;<\/p>\n<p>&nbsp;<\/p>\n<p>&nbsp;<\/p>\n<p>&nbsp;<\/p>\n<p><strong>3 tailles disponibles&nbsp;:<\/strong><\/p>\n<ul style=\"list-style-type: disc;\">\n<li>Mini pour les flux l\u00e9gers en d\u00e9but ou fin de r\u00e8gles. <strong>CHF 19.90<\/strong><\/li>\n<li>Normal pour les flux normaux pendant les r\u00e8gles. <strong>CHF 19.60<\/strong><\/li>\n<li>Maxi pour les flux abondants (ou de nuit) pendant les r\u00e8gles. <strong>CHF 20.50<\/strong><\/li>\n<\/ul>\n<p>&nbsp;<\/p>\n<p>&nbsp;<\/p>\n<p>&nbsp;<\/p>\n<p>&nbsp;<\/p>\n<h2 class=\"elementor-heading-title elementor-size-default\">Serviettes hygi\u00e9niques lavables \"millefleur \"<\/h2>\n<p><img loading=\"lazy\" decoding=\"async\" class=\"wp-image-68454 alignleft\" src=\"https:\/\/bien-etreiris.ch\/wp-content\/uploads\/2023\/04\/millefleur.jpg\" alt=\"\" width=\"544\" height=\"442\" srcset=\"https:\/\/bien-etreiris.ch\/wp-content\/uploads\/2023\/04\/millefleur.jpg 800w, https:\/\/bien-etreiris.ch\/wp-content\/uploads\/2023\/04\/millefleur-300x244.jpg 300w, https:\/\/bien-etreiris.ch\/wp-content\/uploads\/2023\/04\/millefleur-768x624.jpg 768w\" sizes=\"auto, (max-width: 544px) 100vw, 544px\" \/><\/p>\n<p>&nbsp;<\/p>\n<p>&nbsp;<\/p>\n<p>&nbsp;<\/p>\n<p>&nbsp;<\/p>\n<p>&nbsp;<\/p>\n<p>&nbsp;<\/p>\n<p>&nbsp;<\/p>\n<p><strong>3 tailles disponibles&nbsp;:<\/strong><\/p>\n<ul>\n<li>Mini pour les flux l\u00e9gers en d\u00e9but ou fin de r\u00e8gles. <strong>CHF 19.90<\/strong><\/li>\n<li>Normal pour les flux normaux pendant les r\u00e8gles. <strong>CHF 19.60<\/strong><\/li>\n<li>Maxi pour les flux abondants (ou de nuit) pendant les r\u00e8gles. <strong>CHF 20.50<\/strong><\/li>\n<\/ul>\n<p>&nbsp;<\/p>\n<p>&nbsp;<\/p>\n<h2 class=\"elementor-heading-title elementor-size-default\">Serviettes hygi\u00e9niques lavables \"hibiscus\"<\/h2>\n<p><img loading=\"lazy\" decoding=\"async\" class=\"wp-image-68464 alignleft\" src=\"https:\/\/bien-etreiris.ch\/wp-content\/uploads\/2023\/04\/Serviettes-hygieniques-lavables-hibiscus.jpg\" alt=\"\" width=\"543\" height=\"442\" srcset=\"https:\/\/bien-etreiris.ch\/wp-content\/uploads\/2023\/04\/Serviettes-hygieniques-lavables-hibiscus.jpg 800w, https:\/\/bien-etreiris.ch\/wp-content\/uploads\/2023\/04\/Serviettes-hygieniques-lavables-hibiscus-300x244.jpg 300w, https:\/\/bien-etreiris.ch\/wp-content\/uploads\/2023\/04\/Serviettes-hygieniques-lavables-hibiscus-768x624.jpg 768w\" sizes=\"auto, (max-width: 543px) 100vw, 543px\" \/><\/p>\n<p>&nbsp;<\/p>\n<div class=\"elementor-element elementor-element-0acca17 elementor-widget elementor-widget-text-editor\" data-id=\"0acca17\" data-element_type=\"widget\" data-widget_type=\"text-editor.default\">\n<div class=\"elementor-widget-container\">\n<div class=\"elementor-text-editor elementor-clearfix\">\n<div class=\"elementor-element elementor-element-c84edda elementor-widget elementor-widget-text-editor\" data-id=\"c84edda\" data-element_type=\"widget\" data-widget_type=\"text-editor.default\">\n<div class=\"elementor-widget-container\">\n<div class=\"elementor-text-editor elementor-clearfix\">\n<p>&nbsp;<\/p>\n<\/div>\n<\/div>\n<\/div>\n<\/div>\n<\/div>\n<\/div>\n<p>&nbsp;<\/p>\n<p>&nbsp;<\/p>\n<p>&nbsp;<\/p>\n<p>&nbsp;<\/p>\n<p>&nbsp;<\/p>\n<p><strong>3 tailles disponibles&nbsp;:<\/strong><\/p>\n<ul>\n<li>Mini pour les flux l\u00e9gers en d\u00e9but ou fin de r\u00e8gles. <strong>CHF 19.90<\/strong><\/li>\n<li>Normal pour les flux normaux pendant les r\u00e8gles. <strong>CHF 19.60<\/strong><\/li>\n<li>Maxi pour les flux abondants (ou de nuit) pendant les r\u00e8gles. <strong>CHF 20.50<\/strong><\/li>\n<\/ul>\n","protected":false},"excerpt":{"rendered":"<p>Serviettes hygi\u00e9niques lavable Sp\u00e9cialement \u00e9tudi\u00e9es pour une protection efficace gr\u00e2ce \u00e0 leur film \u00e9tanche et \u00e0 leurs \u00e9paisseurs de coton molleton absorbant, les serviettes Ana\u00e9\u00ae \u00e9pousent parfaitement le corps et assurent un maintien parfait gr\u00e2ce \u00e0 leur d\u00e9coupe anatomique et \u00e0 leurs ailettes. Elles laissent la peau respirer et sont id\u00e9ales pour remplacer les protections menstruelles jetables. &nbsp; Int\u00e9r\u00eat \u00e9cologique&nbsp;<a href=\"https:\/\/bien-etreiris.ch\/de\/produktpraesentation\/hygiene\/koerperpflege\/frauen\/serviettes-hygieniques-lavables\/\" class=\"read-more\">Weiter lesen<\/a><\/p>\n","protected":false},"author":1,"featured_media":68436,"parent":42513,"menu_order":3726,"comment_status":"closed","ping_status":"closed","template":"page-with-child.php","meta":{"_acf_changed":false,"ngg_post_thumbnail":0,"footnotes":""},"class_list":["post-68439","page","type-page","status-publish","has-post-thumbnail","hentry"],"acf":[],"yoast_head":"<!-- This site is optimized with the Yoast SEO plugin v27.5 - https:\/\/yoast.com\/product\/yoast-seo-wordpress\/ -->\n<title>SERVIETTES LAVABLES - WOHLBEFINDEN<\/title>\n<meta name=\"robots\" content=\"index, follow, max-snippet:-1, max-image-preview:large, max-video-preview:-1\" \/>\n<link rel=\"canonical\" href=\"https:\/\/bien-etreiris.ch\/de\/produktpraesentation\/hygiene\/koerperpflege\/frauen\/serviettes-hygieniques-lavables\/\" \/>\n<meta property=\"og:locale\" content=\"de_DE\" \/>\n<meta property=\"og:type\" content=\"article\" \/>\n<meta property=\"og:title\" content=\"SERVIETTES LAVABLES - WOHLBEFINDEN\" \/>\n<meta property=\"og:description\" content=\"Serviettes hygi\u00e9niques lavable Sp\u00e9cialement \u00e9tudi\u00e9es pour une protection efficace gr\u00e2ce \u00e0 leur film \u00e9tanche et \u00e0 leurs \u00e9paisseurs de coton molleton absorbant, les serviettes Ana\u00e9\u00ae \u00e9pousent parfaitement le corps et assurent un maintien parfait gr\u00e2ce \u00e0 leur d\u00e9coupe anatomique et \u00e0 leurs ailettes. Elles laissent la peau respirer et sont id\u00e9ales pour remplacer les protections menstruelles jetables. &nbsp; Int\u00e9r\u00eat \u00e9cologique&nbsp;Weiter lesen\" \/>\n<meta property=\"og:url\" content=\"https:\/\/bien-etreiris.ch\/de\/produktpraesentation\/hygiene\/koerperpflege\/frauen\/serviettes-hygieniques-lavables\/\" \/>\n<meta property=\"og:site_name\" content=\"WOHLBEFINDEN\" \/>\n<meta property=\"article:publisher\" content=\"https:\/\/www.facebook.com\/bienetreiris\/\" \/>\n<meta property=\"article:modified_time\" content=\"2023-04-24T13:45:32+00:00\" \/>\n<meta property=\"og:image\" content=\"https:\/\/bien-etreiris.ch\/wp-content\/uploads\/2023\/04\/acceuil-serviettes-lavables.jpg\" \/>\n\t<meta property=\"og:image:width\" content=\"500\" \/>\n\t<meta property=\"og:image:height\" content=\"333\" \/>\n\t<meta property=\"og:image:type\" content=\"image\/jpeg\" \/>\n<meta name=\"twitter:label1\" content=\"Gesch\u00e4tzte Lesezeit\" \/>\n\t<meta name=\"twitter:data1\" content=\"2\u00a0Minuten\" \/>\n<script type=\"application\/ld+json\" class=\"yoast-schema-graph\">{\"@context\":\"https:\\\/\\\/schema.org\",\"@graph\":[{\"@type\":\"WebPage\",\"@id\":\"https:\\\/\\\/bien-etreiris.ch\\\/de\\\/produktpraesentation\\\/hygiene\\\/koerperpflege\\\/frauen\\\/serviettes-hygieniques-lavables\\\/\",\"url\":\"https:\\\/\\\/bien-etreiris.ch\\\/de\\\/produktpraesentation\\\/hygiene\\\/koerperpflege\\\/frauen\\\/serviettes-hygieniques-lavables\\\/\",\"name\":\"SERVIETTES LAVABLES - WOHLBEFINDEN\",\"isPartOf\":{\"@id\":\"https:\\\/\\\/bien-etreiris.ch\\\/de\\\/#website\"},\"primaryImageOfPage\":{\"@id\":\"https:\\\/\\\/bien-etreiris.ch\\\/de\\\/produktpraesentation\\\/hygiene\\\/koerperpflege\\\/frauen\\\/serviettes-hygieniques-lavables\\\/#primaryimage\"},\"image\":{\"@id\":\"https:\\\/\\\/bien-etreiris.ch\\\/de\\\/produktpraesentation\\\/hygiene\\\/koerperpflege\\\/frauen\\\/serviettes-hygieniques-lavables\\\/#primaryimage\"},\"thumbnailUrl\":\"https:\\\/\\\/bien-etreiris.ch\\\/wp-content\\\/uploads\\\/2023\\\/04\\\/acceuil-serviettes-lavables.jpg\",\"datePublished\":\"2023-04-24T07:08:57+00:00\",\"dateModified\":\"2023-04-24T13:45:32+00:00\",\"breadcrumb\":{\"@id\":\"https:\\\/\\\/bien-etreiris.ch\\\/de\\\/produktpraesentation\\\/hygiene\\\/koerperpflege\\\/frauen\\\/serviettes-hygieniques-lavables\\\/#breadcrumb\"},\"inLanguage\":\"de\",\"potentialAction\":[{\"@type\":\"ReadAction\",\"target\":[\"https:\\\/\\\/bien-etreiris.ch\\\/de\\\/produktpraesentation\\\/hygiene\\\/koerperpflege\\\/frauen\\\/serviettes-hygieniques-lavables\\\/\"]}]},{\"@type\":\"ImageObject\",\"inLanguage\":\"de\",\"@id\":\"https:\\\/\\\/bien-etreiris.ch\\\/de\\\/produktpraesentation\\\/hygiene\\\/koerperpflege\\\/frauen\\\/serviettes-hygieniques-lavables\\\/#primaryimage\",\"url\":\"https:\\\/\\\/bien-etreiris.ch\\\/wp-content\\\/uploads\\\/2023\\\/04\\\/acceuil-serviettes-lavables.jpg\",\"contentUrl\":\"https:\\\/\\\/bien-etreiris.ch\\\/wp-content\\\/uploads\\\/2023\\\/04\\\/acceuil-serviettes-lavables.jpg\",\"width\":500,\"height\":333},{\"@type\":\"BreadcrumbList\",\"@id\":\"https:\\\/\\\/bien-etreiris.ch\\\/de\\\/produktpraesentation\\\/hygiene\\\/koerperpflege\\\/frauen\\\/serviettes-hygieniques-lavables\\\/#breadcrumb\",\"itemListElement\":[{\"@type\":\"ListItem\",\"position\":1,\"name\":\"Home\",\"item\":\"https:\\\/\\\/bien-etreiris.ch\\\/de\\\/\"},{\"@type\":\"ListItem\",\"position\":2,\"name\":\"PRODUKTPR\u00c4SENTATION\",\"item\":\"https:\\\/\\\/bien-etreiris.ch\\\/de\\\/produktpraesentation\\\/\"},{\"@type\":\"ListItem\",\"position\":3,\"name\":\"HYGIENE\",\"item\":\"https:\\\/\\\/bien-etreiris.ch\\\/de\\\/produktpraesentation\\\/hygiene\\\/\"},{\"@type\":\"ListItem\",\"position\":4,\"name\":\"K\u00d6RPERPFLEGE\",\"item\":\"https:\\\/\\\/bien-etreiris.ch\\\/de\\\/produktpraesentation\\\/hygiene\\\/koerperpflege\\\/\"},{\"@type\":\"ListItem\",\"position\":5,\"name\":\"FRAUEN\",\"item\":\"https:\\\/\\\/bien-etreiris.ch\\\/de\\\/produktpraesentation\\\/hygiene\\\/koerperpflege\\\/frauen\\\/\"},{\"@type\":\"ListItem\",\"position\":6,\"name\":\"SERVIETTES LAVABLES\"}]},{\"@type\":\"WebSite\",\"@id\":\"https:\\\/\\\/bien-etreiris.ch\\\/de\\\/#website\",\"url\":\"https:\\\/\\\/bien-etreiris.ch\\\/de\\\/\",\"name\":\"Bien-\u00eatre Iris\",\"description\":\"IHRE Gesundheit ist uns wichtig\",\"potentialAction\":[{\"@type\":\"SearchAction\",\"target\":{\"@type\":\"EntryPoint\",\"urlTemplate\":\"https:\\\/\\\/bien-etreiris.ch\\\/de\\\/?s={search_term_string}\"},\"query-input\":{\"@type\":\"PropertyValueSpecification\",\"valueRequired\":true,\"valueName\":\"search_term_string\"}}],\"inLanguage\":\"de\"}]}<\/script>\n<!-- \/ Yoast SEO plugin. -->","yoast_head_json":{"title":"SERVIETTES LAVABLES - WOHLBEFINDEN","robots":{"index":"index","follow":"follow","max-snippet":"max-snippet:-1","max-image-preview":"max-image-preview:large","max-video-preview":"max-video-preview:-1"},"canonical":"https:\/\/bien-etreiris.ch\/de\/produktpraesentation\/hygiene\/koerperpflege\/frauen\/serviettes-hygieniques-lavables\/","og_locale":"de_DE","og_type":"article","og_title":"SERVIETTES LAVABLES - WOHLBEFINDEN","og_description":"Serviettes hygi\u00e9niques lavable Sp\u00e9cialement \u00e9tudi\u00e9es pour une protection efficace gr\u00e2ce \u00e0 leur film \u00e9tanche et \u00e0 leurs \u00e9paisseurs de coton molleton absorbant, les serviettes Ana\u00e9\u00ae \u00e9pousent parfaitement le corps et assurent un maintien parfait gr\u00e2ce \u00e0 leur d\u00e9coupe anatomique et \u00e0 leurs ailettes. Elles laissent la peau respirer et sont id\u00e9ales pour remplacer les protections menstruelles jetables. &nbsp; Int\u00e9r\u00eat \u00e9cologique&nbsp;Weiter lesen","og_url":"https:\/\/bien-etreiris.ch\/de\/produktpraesentation\/hygiene\/koerperpflege\/frauen\/serviettes-hygieniques-lavables\/","og_site_name":"WOHLBEFINDEN","article_publisher":"https:\/\/www.facebook.com\/bienetreiris\/","article_modified_time":"2023-04-24T13:45:32+00:00","og_image":[{"width":500,"height":333,"url":"https:\/\/bien-etreiris.ch\/wp-content\/uploads\/2023\/04\/acceuil-serviettes-lavables.jpg","type":"image\/jpeg"}],"twitter_misc":{"Gesch\u00e4tzte Lesezeit":"2\u00a0Minuten"},"schema":{"@context":"https:\/\/schema.org","@graph":[{"@type":"WebPage","@id":"https:\/\/bien-etreiris.ch\/de\/produktpraesentation\/hygiene\/koerperpflege\/frauen\/serviettes-hygieniques-lavables\/","url":"https:\/\/bien-etreiris.ch\/de\/produktpraesentation\/hygiene\/koerperpflege\/frauen\/serviettes-hygieniques-lavables\/","name":"SERVIETTES LAVABLES - WOHLBEFINDEN","isPartOf":{"@id":"https:\/\/bien-etreiris.ch\/de\/#website"},"primaryImageOfPage":{"@id":"https:\/\/bien-etreiris.ch\/de\/produktpraesentation\/hygiene\/koerperpflege\/frauen\/serviettes-hygieniques-lavables\/#primaryimage"},"image":{"@id":"https:\/\/bien-etreiris.ch\/de\/produktpraesentation\/hygiene\/koerperpflege\/frauen\/serviettes-hygieniques-lavables\/#primaryimage"},"thumbnailUrl":"https:\/\/bien-etreiris.ch\/wp-content\/uploads\/2023\/04\/acceuil-serviettes-lavables.jpg","datePublished":"2023-04-24T07:08:57+00:00","dateModified":"2023-04-24T13:45:32+00:00","breadcrumb":{"@id":"https:\/\/bien-etreiris.ch\/de\/produktpraesentation\/hygiene\/koerperpflege\/frauen\/serviettes-hygieniques-lavables\/#breadcrumb"},"inLanguage":"de","potentialAction":[{"@type":"ReadAction","target":["https:\/\/bien-etreiris.ch\/de\/produktpraesentation\/hygiene\/koerperpflege\/frauen\/serviettes-hygieniques-lavables\/"]}]},{"@type":"ImageObject","inLanguage":"de","@id":"https:\/\/bien-etreiris.ch\/de\/produktpraesentation\/hygiene\/koerperpflege\/frauen\/serviettes-hygieniques-lavables\/#primaryimage","url":"https:\/\/bien-etreiris.ch\/wp-content\/uploads\/2023\/04\/acceuil-serviettes-lavables.jpg","contentUrl":"https:\/\/bien-etreiris.ch\/wp-content\/uploads\/2023\/04\/acceuil-serviettes-lavables.jpg","width":500,"height":333},{"@type":"BreadcrumbList","@id":"https:\/\/bien-etreiris.ch\/de\/produktpraesentation\/hygiene\/koerperpflege\/frauen\/serviettes-hygieniques-lavables\/#breadcrumb","itemListElement":[{"@type":"ListItem","position":1,"name":"Home","item":"https:\/\/bien-etreiris.ch\/de\/"},{"@type":"ListItem","position":2,"name":"PRODUKTPR\u00c4SENTATION","item":"https:\/\/bien-etreiris.ch\/de\/produktpraesentation\/"},{"@type":"ListItem","position":3,"name":"HYGIENE","item":"https:\/\/bien-etreiris.ch\/de\/produktpraesentation\/hygiene\/"},{"@type":"ListItem","position":4,"name":"K\u00d6RPERPFLEGE","item":"https:\/\/bien-etreiris.ch\/de\/produktpraesentation\/hygiene\/koerperpflege\/"},{"@type":"ListItem","position":5,"name":"FRAUEN","item":"https:\/\/bien-etreiris.ch\/de\/produktpraesentation\/hygiene\/koerperpflege\/frauen\/"},{"@type":"ListItem","position":6,"name":"SERVIETTES LAVABLES"}]},{"@type":"WebSite","@id":"https:\/\/bien-etreiris.ch\/de\/#website","url":"https:\/\/bien-etreiris.ch\/de\/","name":"Bien-\u00eatre Iris","description":"IHRE Gesundheit ist uns wichtig","potentialAction":[{"@type":"SearchAction","target":{"@type":"EntryPoint","urlTemplate":"https:\/\/bien-etreiris.ch\/de\/?s={search_term_string}"},"query-input":{"@type":"PropertyValueSpecification","valueRequired":true,"valueName":"search_term_string"}}],"inLanguage":"de"}]}},"_links":{"self":[{"href":"https:\/\/bien-etreiris.ch\/de\/wp-json\/wp\/v2\/pages\/68439","targetHints":{"allow":["GET"]}}],"collection":[{"href":"https:\/\/bien-etreiris.ch\/de\/wp-json\/wp\/v2\/pages"}],"about":[{"href":"https:\/\/bien-etreiris.ch\/de\/wp-json\/wp\/v2\/types\/page"}],"author":[{"embeddable":true,"href":"https:\/\/bien-etreiris.ch\/de\/wp-json\/wp\/v2\/users\/1"}],"replies":[{"embeddable":true,"href":"https:\/\/bien-etreiris.ch\/de\/wp-json\/wp\/v2\/comments?post=68439"}],"version-history":[{"count":8,"href":"https:\/\/bien-etreiris.ch\/de\/wp-json\/wp\/v2\/pages\/68439\/revisions"}],"predecessor-version":[{"id":68477,"href":"https:\/\/bien-etreiris.ch\/de\/wp-json\/wp\/v2\/pages\/68439\/revisions\/68477"}],"up":[{"embeddable":true,"href":"https:\/\/bien-etreiris.ch\/de\/wp-json\/wp\/v2\/pages\/42513"}],"wp:featuredmedia":[{"embeddable":true,"href":"https:\/\/bien-etreiris.ch\/de\/wp-json\/wp\/v2\/media\/68436"}],"wp:attachment":[{"href":"https:\/\/bien-etreiris.ch\/de\/wp-json\/wp\/v2\/media?parent=68439"}],"curies":[{"name":"wp","href":"https:\/\/api.w.org\/{rel}","templated":true}]}}