{"id":68404,"date":"2023-04-23T23:24:25","date_gmt":"2023-04-23T21:24:25","guid":{"rendered":"https:\/\/bien-etreiris.ch\/produktpraesentation\/hygiene\/koerperpflege\/rasieren-oder-bart\/shampoing-a-barbe\/"},"modified":"2023-04-23T23:25:20","modified_gmt":"2023-04-23T21:25:20","slug":"shampoing-a-barbe","status":"publish","type":"page","link":"https:\/\/bien-etreiris.ch\/de\/produktpraesentation\/hygiene\/koerperpflege\/rasieren-oder-bart\/shampoing-a-barbe\/","title":{"rendered":"SHAMPOING A BARBE"},"content":{"rendered":"\n<h2 class=\"h1\">Shampoing \u00e0 barbe \u00e0 l'huile d'Argan<\/h2>\n<h4>Captain Mac Leod est la marque pour l\u2019Homme d\u2019Alepia.<\/h4>\n\n\n<p><img loading=\"lazy\" decoding=\"async\" class=\"wp-image-68395 alignleft\" src=\"https:\/\/bien-etreiris.ch\/wp-content\/uploads\/2023\/04\/Shampoing-a-barbe-a-lhuile-dArgan.jpg\" alt=\"\" width=\"427\" height=\"432\" srcset=\"https:\/\/bien-etreiris.ch\/wp-content\/uploads\/2023\/04\/Shampoing-a-barbe-a-lhuile-dArgan.jpg 727w, https:\/\/bien-etreiris.ch\/wp-content\/uploads\/2023\/04\/Shampoing-a-barbe-a-lhuile-dArgan-297x300.jpg 297w\" sizes=\"auto, (max-width: 427px) 100vw, 427px\" \/><\/p>\n<section class=\"elementor-element elementor-element-29429ac0 elementor-section-boxed elementor-section-height-default elementor-section-height-default elementor-section elementor-top-section\" data-id=\"29429ac0\" data-element_type=\"section\">\n<div class=\"elementor-container elementor-column-gap-default\">\n<div class=\"elementor-row\">\n<div class=\"elementor-element elementor-element-58317959 elementor-column elementor-col-100 elementor-top-column\" data-id=\"58317959\" data-element_type=\"column\">\n<div class=\"elementor-column-wrap elementor-element-populated\">\n<div class=\"elementor-widget-wrap\">\n<div class=\"elementor-element elementor-element-1f12ce46 elementor-widget elementor-widget-text-editor\" data-id=\"1f12ce46\" data-element_type=\"widget\" data-widget_type=\"text-editor.default\">\n<div class=\"elementor-widget-container\">\n<div class=\"elementor-text-editor elementor-clearfix\">\n<p>&nbsp;<\/p>\n<\/div>\n<\/div>\n<\/div>\n<\/div>\n<\/div>\n<\/div>\n<\/div>\n<\/div>\n<\/section>\n<p>&nbsp;<\/p>\n<p>&nbsp;<\/p>\n<p>&nbsp;<\/p>\n<p>&nbsp;<\/p>\n<section class=\"elementor-element elementor-element-29429ac0 elementor-section-boxed elementor-section-height-default elementor-section-height-default elementor-section elementor-top-section\" data-id=\"29429ac0\" data-element_type=\"section\">\n<div class=\"elementor-container elementor-column-gap-default\">\n<div class=\"elementor-row\">\n<div class=\"elementor-element elementor-element-58317959 elementor-column elementor-col-100 elementor-top-column\" data-id=\"58317959\" data-element_type=\"column\">\n<div class=\"elementor-column-wrap elementor-element-populated\">\n<div class=\"elementor-widget-wrap\">\n<div class=\"elementor-element elementor-element-1f12ce46 elementor-widget elementor-widget-text-editor\" data-id=\"1f12ce46\" data-element_type=\"widget\" data-widget_type=\"text-editor.default\">\n<div class=\"elementor-widget-container\">\n<div class=\"elementor-text-editor elementor-clearfix\">\n<p>Recommand\u00e9 pour toutes les barbes, m\u00eame les plus denses.<\/p>\n<p>Fabriqu\u00e9 en France et certifi\u00e9 Bio.<\/p>\n<p>Contenance : 200 ml <strong>CHF 17.00<\/strong><\/p>\n<\/div>\n<\/div>\n<\/div>\n<\/div>\n<\/div>\n<\/div>\n<\/div>\n<\/div>\n<\/section>\n<p>&nbsp;<\/p>\n<p>&nbsp;<\/p>\n<p>&nbsp;<\/p>\n<section class=\"elementor-element elementor-element-29429ac0 elementor-section-boxed elementor-section-height-default elementor-section-height-default elementor-section elementor-top-section\" data-id=\"29429ac0\" data-element_type=\"section\">\n<div class=\"elementor-container elementor-column-gap-default\">\n<div class=\"elementor-row\">\n<div class=\"elementor-element elementor-element-58317959 elementor-column elementor-col-100 elementor-top-column\" data-id=\"58317959\" data-element_type=\"column\">\n<div class=\"elementor-column-wrap elementor-element-populated\">\n<div class=\"elementor-widget-wrap\">\n<div class=\"elementor-element elementor-element-1f12ce46 elementor-widget elementor-widget-text-editor\" data-id=\"1f12ce46\" data-element_type=\"widget\" data-widget_type=\"text-editor.default\">\n<div class=\"elementor-widget-container\">\n<p>Cette gamme Homme comprend notamment le shampoing \u00e0 barbe, parfait pour nourrir et assouplir la barbe.<\/p>\n<p>Formul\u00e9 \u00e0 partir d'huiles d\u2019Olive et d'Argan biologiques aux propri\u00e9t\u00e9s apaisantes et nourrissantes, retrouvez une barbe propre, brillante et nourrie gr\u00e2ce \u00e0 ce shampoing sp\u00e9cialement con\u00e7u.<\/p>\n<p>A utiliser en compl\u00e9ment de l\u2019huile \u00e0 barbe pour un soin en profondeur.<\/p>\n<p>&nbsp;<\/p>\n<\/div>\n<\/div>\n<\/div>\n<\/div>\n<\/div>\n<\/div>\n<\/div>\n<\/section>\n<h4>Ingr\u00e9diens<\/h4>\n<p>Aqua, Potassium Olivate*, Glycerin*, Argania Spinosa Kernel Oil*, Potassium Hydroxide<\/p>\n<p><em>*fabriqu\u00e9 \u00e0 partir d\u2019ingr\u00e9dients biologiques<\/em><\/p>\n<p>&nbsp;<\/p>\n<h4>Utilisation<\/h4>\n<div class=\"rte\">\n<p>Pr\u00e9lever une noisette de shampoing dans la main, appliquer sur barbe et moustache puis rincer.<\/p>\n<p>Proc\u00e9der \u00e0 un nettoyage tous les 2 ou 3 jours, Sa formule extra douce permet une utilisation quotidienne.<\/p>\n<\/div>\n<section class=\"elementor-element elementor-element-29429ac0 elementor-section-boxed elementor-section-height-default elementor-section-height-default elementor-section elementor-top-section\" data-id=\"29429ac0\" data-element_type=\"section\">\n<p>&nbsp;<\/p>\n<\/section>","protected":false},"excerpt":{"rendered":"<p>Shampoing \u00e0 barbe \u00e0 l'huile d'Argan Captain Mac Leod est la marque pour l\u2019Homme d\u2019Alepia. &nbsp; &nbsp; &nbsp; &nbsp; &nbsp; Recommand\u00e9 pour toutes les barbes, m\u00eame les plus denses. Fabriqu\u00e9 en France et certifi\u00e9 Bio. Contenance : 200 ml CHF 17.00 &nbsp; &nbsp; &nbsp; Cette gamme Homme comprend notamment le shampoing \u00e0 barbe, parfait pour nourrir et assouplir la barbe.&nbsp;<a href=\"https:\/\/bien-etreiris.ch\/de\/produktpraesentation\/hygiene\/koerperpflege\/rasieren-oder-bart\/shampoing-a-barbe\/\" class=\"read-more\">Weiter lesen<\/a><\/p>\n","protected":false},"author":1,"featured_media":68400,"parent":42517,"menu_order":3731,"comment_status":"closed","ping_status":"closed","template":"page-with-child.php","meta":{"_acf_changed":false,"ngg_post_thumbnail":0,"footnotes":""},"class_list":["post-68404","page","type-page","status-publish","has-post-thumbnail","hentry"],"acf":[],"yoast_head":"<!-- This site is optimized with the Yoast SEO plugin v27.5 - https:\/\/yoast.com\/product\/yoast-seo-wordpress\/ -->\n<title>SHAMPOING A BARBE - WOHLBEFINDEN<\/title>\n<meta name=\"robots\" content=\"index, follow, max-snippet:-1, max-image-preview:large, max-video-preview:-1\" \/>\n<link rel=\"canonical\" href=\"https:\/\/bien-etreiris.ch\/de\/produktpraesentation\/hygiene\/koerperpflege\/rasieren-oder-bart\/shampoing-a-barbe\/\" \/>\n<meta property=\"og:locale\" content=\"de_DE\" \/>\n<meta property=\"og:type\" content=\"article\" \/>\n<meta property=\"og:title\" content=\"SHAMPOING A BARBE - WOHLBEFINDEN\" \/>\n<meta property=\"og:description\" content=\"Shampoing \u00e0 barbe \u00e0 l&#039;huile d&#039;Argan Captain Mac Leod est la marque pour l\u2019Homme d\u2019Alepia. &nbsp; &nbsp; &nbsp; &nbsp; &nbsp; Recommand\u00e9 pour toutes les barbes, m\u00eame les plus denses. Fabriqu\u00e9 en France et certifi\u00e9 Bio. Contenance : 200 ml CHF 17.00 &nbsp; &nbsp; &nbsp; Cette gamme Homme comprend notamment le shampoing \u00e0 barbe, parfait pour nourrir et assouplir la barbe.&nbsp;Weiter lesen\" \/>\n<meta property=\"og:url\" content=\"https:\/\/bien-etreiris.ch\/de\/produktpraesentation\/hygiene\/koerperpflege\/rasieren-oder-bart\/shampoing-a-barbe\/\" \/>\n<meta property=\"og:site_name\" content=\"WOHLBEFINDEN\" \/>\n<meta property=\"article:publisher\" content=\"https:\/\/www.facebook.com\/bienetreiris\/\" \/>\n<meta property=\"article:modified_time\" content=\"2023-04-23T21:25:20+00:00\" \/>\n<meta property=\"og:image\" content=\"https:\/\/bien-etreiris.ch\/wp-content\/uploads\/2023\/04\/Shampoing-a-barbe.jpg\" \/>\n\t<meta property=\"og:image:width\" content=\"500\" \/>\n\t<meta property=\"og:image:height\" content=\"333\" \/>\n\t<meta property=\"og:image:type\" content=\"image\/jpeg\" \/>\n<meta name=\"twitter:label1\" content=\"Gesch\u00e4tzte Lesezeit\" \/>\n\t<meta name=\"twitter:data1\" content=\"1\u00a0Minute\" \/>\n<script type=\"application\/ld+json\" class=\"yoast-schema-graph\">{\"@context\":\"https:\\\/\\\/schema.org\",\"@graph\":[{\"@type\":\"WebPage\",\"@id\":\"https:\\\/\\\/bien-etreiris.ch\\\/de\\\/produktpraesentation\\\/hygiene\\\/koerperpflege\\\/rasieren-oder-bart\\\/shampoing-a-barbe\\\/\",\"url\":\"https:\\\/\\\/bien-etreiris.ch\\\/de\\\/produktpraesentation\\\/hygiene\\\/koerperpflege\\\/rasieren-oder-bart\\\/shampoing-a-barbe\\\/\",\"name\":\"SHAMPOING A BARBE - WOHLBEFINDEN\",\"isPartOf\":{\"@id\":\"https:\\\/\\\/bien-etreiris.ch\\\/de\\\/#website\"},\"primaryImageOfPage\":{\"@id\":\"https:\\\/\\\/bien-etreiris.ch\\\/de\\\/produktpraesentation\\\/hygiene\\\/koerperpflege\\\/rasieren-oder-bart\\\/shampoing-a-barbe\\\/#primaryimage\"},\"image\":{\"@id\":\"https:\\\/\\\/bien-etreiris.ch\\\/de\\\/produktpraesentation\\\/hygiene\\\/koerperpflege\\\/rasieren-oder-bart\\\/shampoing-a-barbe\\\/#primaryimage\"},\"thumbnailUrl\":\"https:\\\/\\\/bien-etreiris.ch\\\/wp-content\\\/uploads\\\/2023\\\/04\\\/Shampoing-a-barbe.jpg\",\"datePublished\":\"2023-04-23T21:24:25+00:00\",\"dateModified\":\"2023-04-23T21:25:20+00:00\",\"breadcrumb\":{\"@id\":\"https:\\\/\\\/bien-etreiris.ch\\\/de\\\/produktpraesentation\\\/hygiene\\\/koerperpflege\\\/rasieren-oder-bart\\\/shampoing-a-barbe\\\/#breadcrumb\"},\"inLanguage\":\"de\",\"potentialAction\":[{\"@type\":\"ReadAction\",\"target\":[\"https:\\\/\\\/bien-etreiris.ch\\\/de\\\/produktpraesentation\\\/hygiene\\\/koerperpflege\\\/rasieren-oder-bart\\\/shampoing-a-barbe\\\/\"]}]},{\"@type\":\"ImageObject\",\"inLanguage\":\"de\",\"@id\":\"https:\\\/\\\/bien-etreiris.ch\\\/de\\\/produktpraesentation\\\/hygiene\\\/koerperpflege\\\/rasieren-oder-bart\\\/shampoing-a-barbe\\\/#primaryimage\",\"url\":\"https:\\\/\\\/bien-etreiris.ch\\\/wp-content\\\/uploads\\\/2023\\\/04\\\/Shampoing-a-barbe.jpg\",\"contentUrl\":\"https:\\\/\\\/bien-etreiris.ch\\\/wp-content\\\/uploads\\\/2023\\\/04\\\/Shampoing-a-barbe.jpg\",\"width\":500,\"height\":333},{\"@type\":\"BreadcrumbList\",\"@id\":\"https:\\\/\\\/bien-etreiris.ch\\\/de\\\/produktpraesentation\\\/hygiene\\\/koerperpflege\\\/rasieren-oder-bart\\\/shampoing-a-barbe\\\/#breadcrumb\",\"itemListElement\":[{\"@type\":\"ListItem\",\"position\":1,\"name\":\"Home\",\"item\":\"https:\\\/\\\/bien-etreiris.ch\\\/de\\\/\"},{\"@type\":\"ListItem\",\"position\":2,\"name\":\"PRODUKTPR\u00c4SENTATION\",\"item\":\"https:\\\/\\\/bien-etreiris.ch\\\/de\\\/produktpraesentation\\\/\"},{\"@type\":\"ListItem\",\"position\":3,\"name\":\"HYGIENE\",\"item\":\"https:\\\/\\\/bien-etreiris.ch\\\/de\\\/produktpraesentation\\\/hygiene\\\/\"},{\"@type\":\"ListItem\",\"position\":4,\"name\":\"K\u00d6RPERPFLEGE\",\"item\":\"https:\\\/\\\/bien-etreiris.ch\\\/de\\\/produktpraesentation\\\/hygiene\\\/koerperpflege\\\/\"},{\"@type\":\"ListItem\",\"position\":5,\"name\":\"RASIEREN ODER BART\",\"item\":\"https:\\\/\\\/bien-etreiris.ch\\\/de\\\/produktpraesentation\\\/hygiene\\\/koerperpflege\\\/rasieren-oder-bart\\\/\"},{\"@type\":\"ListItem\",\"position\":6,\"name\":\"SHAMPOING A BARBE\"}]},{\"@type\":\"WebSite\",\"@id\":\"https:\\\/\\\/bien-etreiris.ch\\\/de\\\/#website\",\"url\":\"https:\\\/\\\/bien-etreiris.ch\\\/de\\\/\",\"name\":\"Bien-\u00eatre Iris\",\"description\":\"IHRE Gesundheit ist uns wichtig\",\"potentialAction\":[{\"@type\":\"SearchAction\",\"target\":{\"@type\":\"EntryPoint\",\"urlTemplate\":\"https:\\\/\\\/bien-etreiris.ch\\\/de\\\/?s={search_term_string}\"},\"query-input\":{\"@type\":\"PropertyValueSpecification\",\"valueRequired\":true,\"valueName\":\"search_term_string\"}}],\"inLanguage\":\"de\"}]}<\/script>\n<!-- \/ Yoast SEO plugin. -->","yoast_head_json":{"title":"SHAMPOING A BARBE - WOHLBEFINDEN","robots":{"index":"index","follow":"follow","max-snippet":"max-snippet:-1","max-image-preview":"max-image-preview:large","max-video-preview":"max-video-preview:-1"},"canonical":"https:\/\/bien-etreiris.ch\/de\/produktpraesentation\/hygiene\/koerperpflege\/rasieren-oder-bart\/shampoing-a-barbe\/","og_locale":"de_DE","og_type":"article","og_title":"SHAMPOING A BARBE - WOHLBEFINDEN","og_description":"Shampoing \u00e0 barbe \u00e0 l'huile d'Argan Captain Mac Leod est la marque pour l\u2019Homme d\u2019Alepia. &nbsp; &nbsp; &nbsp; &nbsp; &nbsp; Recommand\u00e9 pour toutes les barbes, m\u00eame les plus denses. Fabriqu\u00e9 en France et certifi\u00e9 Bio. Contenance : 200 ml CHF 17.00 &nbsp; &nbsp; &nbsp; Cette gamme Homme comprend notamment le shampoing \u00e0 barbe, parfait pour nourrir et assouplir la barbe.&nbsp;Weiter lesen","og_url":"https:\/\/bien-etreiris.ch\/de\/produktpraesentation\/hygiene\/koerperpflege\/rasieren-oder-bart\/shampoing-a-barbe\/","og_site_name":"WOHLBEFINDEN","article_publisher":"https:\/\/www.facebook.com\/bienetreiris\/","article_modified_time":"2023-04-23T21:25:20+00:00","og_image":[{"width":500,"height":333,"url":"https:\/\/bien-etreiris.ch\/wp-content\/uploads\/2023\/04\/Shampoing-a-barbe.jpg","type":"image\/jpeg"}],"twitter_misc":{"Gesch\u00e4tzte Lesezeit":"1\u00a0Minute"},"schema":{"@context":"https:\/\/schema.org","@graph":[{"@type":"WebPage","@id":"https:\/\/bien-etreiris.ch\/de\/produktpraesentation\/hygiene\/koerperpflege\/rasieren-oder-bart\/shampoing-a-barbe\/","url":"https:\/\/bien-etreiris.ch\/de\/produktpraesentation\/hygiene\/koerperpflege\/rasieren-oder-bart\/shampoing-a-barbe\/","name":"SHAMPOING A BARBE - WOHLBEFINDEN","isPartOf":{"@id":"https:\/\/bien-etreiris.ch\/de\/#website"},"primaryImageOfPage":{"@id":"https:\/\/bien-etreiris.ch\/de\/produktpraesentation\/hygiene\/koerperpflege\/rasieren-oder-bart\/shampoing-a-barbe\/#primaryimage"},"image":{"@id":"https:\/\/bien-etreiris.ch\/de\/produktpraesentation\/hygiene\/koerperpflege\/rasieren-oder-bart\/shampoing-a-barbe\/#primaryimage"},"thumbnailUrl":"https:\/\/bien-etreiris.ch\/wp-content\/uploads\/2023\/04\/Shampoing-a-barbe.jpg","datePublished":"2023-04-23T21:24:25+00:00","dateModified":"2023-04-23T21:25:20+00:00","breadcrumb":{"@id":"https:\/\/bien-etreiris.ch\/de\/produktpraesentation\/hygiene\/koerperpflege\/rasieren-oder-bart\/shampoing-a-barbe\/#breadcrumb"},"inLanguage":"de","potentialAction":[{"@type":"ReadAction","target":["https:\/\/bien-etreiris.ch\/de\/produktpraesentation\/hygiene\/koerperpflege\/rasieren-oder-bart\/shampoing-a-barbe\/"]}]},{"@type":"ImageObject","inLanguage":"de","@id":"https:\/\/bien-etreiris.ch\/de\/produktpraesentation\/hygiene\/koerperpflege\/rasieren-oder-bart\/shampoing-a-barbe\/#primaryimage","url":"https:\/\/bien-etreiris.ch\/wp-content\/uploads\/2023\/04\/Shampoing-a-barbe.jpg","contentUrl":"https:\/\/bien-etreiris.ch\/wp-content\/uploads\/2023\/04\/Shampoing-a-barbe.jpg","width":500,"height":333},{"@type":"BreadcrumbList","@id":"https:\/\/bien-etreiris.ch\/de\/produktpraesentation\/hygiene\/koerperpflege\/rasieren-oder-bart\/shampoing-a-barbe\/#breadcrumb","itemListElement":[{"@type":"ListItem","position":1,"name":"Home","item":"https:\/\/bien-etreiris.ch\/de\/"},{"@type":"ListItem","position":2,"name":"PRODUKTPR\u00c4SENTATION","item":"https:\/\/bien-etreiris.ch\/de\/produktpraesentation\/"},{"@type":"ListItem","position":3,"name":"HYGIENE","item":"https:\/\/bien-etreiris.ch\/de\/produktpraesentation\/hygiene\/"},{"@type":"ListItem","position":4,"name":"K\u00d6RPERPFLEGE","item":"https:\/\/bien-etreiris.ch\/de\/produktpraesentation\/hygiene\/koerperpflege\/"},{"@type":"ListItem","position":5,"name":"RASIEREN ODER BART","item":"https:\/\/bien-etreiris.ch\/de\/produktpraesentation\/hygiene\/koerperpflege\/rasieren-oder-bart\/"},{"@type":"ListItem","position":6,"name":"SHAMPOING A BARBE"}]},{"@type":"WebSite","@id":"https:\/\/bien-etreiris.ch\/de\/#website","url":"https:\/\/bien-etreiris.ch\/de\/","name":"Bien-\u00eatre Iris","description":"IHRE Gesundheit ist uns wichtig","potentialAction":[{"@type":"SearchAction","target":{"@type":"EntryPoint","urlTemplate":"https:\/\/bien-etreiris.ch\/de\/?s={search_term_string}"},"query-input":{"@type":"PropertyValueSpecification","valueRequired":true,"valueName":"search_term_string"}}],"inLanguage":"de"}]}},"_links":{"self":[{"href":"https:\/\/bien-etreiris.ch\/de\/wp-json\/wp\/v2\/pages\/68404","targetHints":{"allow":["GET"]}}],"collection":[{"href":"https:\/\/bien-etreiris.ch\/de\/wp-json\/wp\/v2\/pages"}],"about":[{"href":"https:\/\/bien-etreiris.ch\/de\/wp-json\/wp\/v2\/types\/page"}],"author":[{"embeddable":true,"href":"https:\/\/bien-etreiris.ch\/de\/wp-json\/wp\/v2\/users\/1"}],"replies":[{"embeddable":true,"href":"https:\/\/bien-etreiris.ch\/de\/wp-json\/wp\/v2\/comments?post=68404"}],"version-history":[{"count":1,"href":"https:\/\/bien-etreiris.ch\/de\/wp-json\/wp\/v2\/pages\/68404\/revisions"}],"predecessor-version":[{"id":68406,"href":"https:\/\/bien-etreiris.ch\/de\/wp-json\/wp\/v2\/pages\/68404\/revisions\/68406"}],"up":[{"embeddable":true,"href":"https:\/\/bien-etreiris.ch\/de\/wp-json\/wp\/v2\/pages\/42517"}],"wp:featuredmedia":[{"embeddable":true,"href":"https:\/\/bien-etreiris.ch\/de\/wp-json\/wp\/v2\/media\/68400"}],"wp:attachment":[{"href":"https:\/\/bien-etreiris.ch\/de\/wp-json\/wp\/v2\/media?parent=68404"}],"curies":[{"name":"wp","href":"https:\/\/api.w.org\/{rel}","templated":true}]}}