{"id":68361,"date":"2023-04-23T09:53:18","date_gmt":"2023-04-23T07:53:18","guid":{"rendered":"https:\/\/bien-etreiris.ch\/produktpraesentation\/hygiene\/koerperpflege\/herren\/savon-de-rasage\/"},"modified":"2023-04-23T16:24:53","modified_gmt":"2023-04-23T14:24:53","slug":"savon-de-rasage","status":"publish","type":"page","link":"https:\/\/bien-etreiris.ch\/de\/produktpraesentation\/hygiene\/koerperpflege\/rasieren-oder-bart\/savon-de-rasage\/","title":{"rendered":"SAVON DE RASAGE"},"content":{"rendered":"\n\n\n<h2 class=\"h1\">Savon de rasage<\/h2>\n<p>&nbsp;<\/p>\n<p>&nbsp;<\/p>\n<h4 class=\"h1\">Savon d'Alep de rasage<\/h4>\n<p><img loading=\"lazy\" decoding=\"async\" class=\"wp-image-68355 size-full alignleft\" src=\"https:\/\/bien-etreiris.ch\/wp-content\/uploads\/2023\/04\/Savon-dAlep-de-rasage-1.jpg\" alt=\"\" width=\"291\" height=\"260\"><\/p>\n\n\n<h4>&nbsp;<\/h4>\n<h4>&nbsp;<\/h4>\n<h4>Alepia<\/h4>\n<p>Recommand\u00e9 pour les peaux normales et sensibles.<\/p>\n<p>Fabriqu\u00e9 \u00e0 Alep.<\/p>\n<p>Poids net : 60g.<\/p>\n<p>1 pi\u00e8ce <strong>CHF 3.60<\/strong><\/p>\n<p>&nbsp;<\/p>\n<p>&nbsp;<\/p>\n<p>&nbsp;<\/p>\n<div class=\"elementor-element elementor-element-f158e3e elementor-widget elementor-widget-pkproductdescription\" data-id=\"f158e3e\" data-element_type=\"widget\" data-widget_type=\"pkproductdescription.default\">\n<div class=\"elementor-widget-container\">\n<div class=\"short-desc\">\n<p>C'est le c\u0153ur du savon d'Alep traditionnel qui est utilis\u00e9 pour ce savon sp\u00e9cial \u00e0 la mousse g\u00e9n\u00e9reuse. Hypoallerg\u00e9nique et hydratant, il pr\u00e9pare la peau en douceur au rasage m\u00e9canique et \u00e9vite les irritations.<\/p>\n<p><strong>Ingr\u00e9dients<\/strong><\/p>\n<p>Sodium Olivate, Aqua, Sodium Laurus Nobilate, Sodium Hydroxide<\/p>\n<p><strong>Utilisation<\/strong><\/p>\n<p>Appliquer le savon directement sur la peau avant le rasage, puis faire monter la mousse \u00e0 l\u2019aide du blaireau Best Badger.<\/p>\n<p>Par mouvements circulaires, \u00e9taler la mousse sur la barbe puis raser d\u00e9licatement.<\/p>\n<\/div>\n<\/div>\n<\/div>\n<p>&nbsp;<\/p>\n<hr>\n<h4>The Personal Barber Savon de rasage Samurai<\/h4>\n<p>&nbsp;<\/p>\n<p><img loading=\"lazy\" decoding=\"async\" class=\"wp-image-68368 alignleft\" src=\"https:\/\/bien-etreiris.ch\/wp-content\/uploads\/2023\/04\/Samurai.jpg\" alt=\"\" width=\"404\" height=\"320\" srcset=\"https:\/\/bien-etreiris.ch\/wp-content\/uploads\/2023\/04\/Samurai.jpg 924w, https:\/\/bien-etreiris.ch\/wp-content\/uploads\/2023\/04\/Samurai-300x237.jpg 300w, https:\/\/bien-etreiris.ch\/wp-content\/uploads\/2023\/04\/Samurai-768x608.jpg 768w\" sizes=\"auto, (max-width: 404px) 100vw, 404px\" \/><\/p>\n<p>&nbsp;<\/p>\n<p>&nbsp;<\/p>\n<p>&nbsp;<\/p>\n<p>&nbsp;<\/p>\n<p>&nbsp;<\/p>\n<p>1 pi\u00e8ce de 100 g&nbsp;<strong> CHF 16.80<\/strong><\/p>\n<p>&nbsp;<\/p>\n<p>&nbsp;<\/p>\n<p>.<\/p>\n<p>&nbsp;<\/p>\n<p>Il s'agit de notre premier savon fabriqu\u00e9 \u00e0 partir de notre propre formule. Apr\u00e8s avoir test\u00e9 pendant des ann\u00e9es les savons et cr\u00e8mes \u00e0 raser du monde entier, nous avons l'impression de conna\u00eetre une ou deux choses sur ce qui les rend sp\u00e9ciaux, et nous les avons appliqu\u00e9es \u00e0 notre propre recette.<\/p>\n<p>Le plus important \u00e9tait d'obtenir une bonne qualit\u00e9 de mousse et un parfum fort et stable qui reste pendant toute la dur\u00e9e du rasage, mais nous voulions aussi qu'il convienne aux v\u00e9g\u00e9taliens pour que tout le monde puisse l'utiliser.<\/p>\n<p>Il nous a fallu beaucoup d'essais et d'erreurs, mais nous sommes finalement parvenus \u00e0 une formule qui se transforme facilement en une mousse dense et onctueuse, qui offre une bonne protection contre la lame pour un rasage confortable et qui laisse la peau douce et souple.<\/p>\n<p>Fabriqu\u00e9 \u00e0 partir des meilleurs beurres de cacao et de karit\u00e9, connus pour leurs qualit\u00e9s hydratantes de premier ordre.<\/p>\n<p>Notre parfum \"Samoura\u00ef\" est un m\u00e9lange enivrant qui vous frappera d\u00e8s l'ouverture de la bo\u00eete. Les notes de t\u00eate de bergamote, d'orange, d'eucalyptus et de romarin sont compl\u00e9t\u00e9es par des notes de gingembre, de clou de girofle, de cannelle, de cardamome et de noix de muscade sur une base de bois de santal, de bois de c\u00e8dre, d'ambre et de musc.<\/p>\n<p>&nbsp;<\/p>\n<h4>Ingredients:<\/h4>\n<p>Aqua (eau), Stearic Acid, Theobroma Cacao (Cocoa) Seed Butter, Potassium Hydroxide, Butyrospermum Parkii (Shea) Butter, Ricinus Communis (Castor) Seed Oil, Caprylic\/Capric Triglyceride (Coconut), Hydroxyde de sodium, Acide palmitique, Lactate de sodium, Parfum (Fragrance), Phenoxyethanol, Ethylhexylglycerin, Disodium EDTA, Limonene, Hexyl Cinnamal, Eugenol, Benzyl Salicylate, Cinnamal, Citral, Linalool<\/p>","protected":false},"excerpt":{"rendered":"<p>Savon de rasage &nbsp; &nbsp; Savon d'Alep de rasage &nbsp; &nbsp; Alepia Recommand\u00e9 pour les peaux normales et sensibles. Fabriqu\u00e9 \u00e0 Alep. Poids net : 60g. 1 pi\u00e8ce CHF 3.60 &nbsp; &nbsp; &nbsp; C'est le c\u0153ur du savon d'Alep traditionnel qui est utilis\u00e9 pour ce savon sp\u00e9cial \u00e0 la mousse g\u00e9n\u00e9reuse. Hypoallerg\u00e9nique et hydratant, il pr\u00e9pare la peau en douceur&nbsp;<a href=\"https:\/\/bien-etreiris.ch\/de\/produktpraesentation\/hygiene\/koerperpflege\/rasieren-oder-bart\/savon-de-rasage\/\" class=\"read-more\">Weiter lesen<\/a><\/p>\n","protected":false},"author":1,"featured_media":68350,"parent":42517,"menu_order":3735,"comment_status":"closed","ping_status":"closed","template":"page-with-child.php","meta":{"_acf_changed":false,"ngg_post_thumbnail":0,"footnotes":""},"class_list":["post-68361","page","type-page","status-publish","has-post-thumbnail","hentry"],"acf":[],"yoast_head":"<!-- This site is optimized with the Yoast SEO plugin v27.5 - https:\/\/yoast.com\/product\/yoast-seo-wordpress\/ -->\n<title>SAVON DE RASAGE - WOHLBEFINDEN<\/title>\n<meta name=\"robots\" content=\"index, follow, max-snippet:-1, max-image-preview:large, max-video-preview:-1\" \/>\n<link rel=\"canonical\" href=\"https:\/\/bien-etreiris.ch\/de\/produktpraesentation\/hygiene\/koerperpflege\/rasieren-oder-bart\/savon-de-rasage\/\" \/>\n<meta property=\"og:locale\" content=\"de_DE\" \/>\n<meta property=\"og:type\" content=\"article\" \/>\n<meta property=\"og:title\" content=\"SAVON DE RASAGE - WOHLBEFINDEN\" \/>\n<meta property=\"og:description\" content=\"Savon de rasage &nbsp; &nbsp; Savon d&#039;Alep de rasage &nbsp; &nbsp; Alepia Recommand\u00e9 pour les peaux normales et sensibles. Fabriqu\u00e9 \u00e0 Alep. Poids net : 60g. 1 pi\u00e8ce CHF 3.60 &nbsp; &nbsp; &nbsp; C&#039;est le c\u0153ur du savon d&#039;Alep traditionnel qui est utilis\u00e9 pour ce savon sp\u00e9cial \u00e0 la mousse g\u00e9n\u00e9reuse. Hypoallerg\u00e9nique et hydratant, il pr\u00e9pare la peau en douceur&nbsp;Weiter lesen\" \/>\n<meta property=\"og:url\" content=\"https:\/\/bien-etreiris.ch\/de\/produktpraesentation\/hygiene\/koerperpflege\/rasieren-oder-bart\/savon-de-rasage\/\" \/>\n<meta property=\"og:site_name\" content=\"WOHLBEFINDEN\" \/>\n<meta property=\"article:publisher\" content=\"https:\/\/www.facebook.com\/bienetreiris\/\" \/>\n<meta property=\"article:modified_time\" content=\"2023-04-23T14:24:53+00:00\" \/>\n<meta property=\"og:image\" content=\"https:\/\/bien-etreiris.ch\/wp-content\/uploads\/2023\/04\/savon-de-rasage.jpg\" \/>\n\t<meta property=\"og:image:width\" content=\"500\" \/>\n\t<meta property=\"og:image:height\" content=\"341\" \/>\n\t<meta property=\"og:image:type\" content=\"image\/jpeg\" \/>\n<meta name=\"twitter:label1\" content=\"Gesch\u00e4tzte Lesezeit\" \/>\n\t<meta name=\"twitter:data1\" content=\"3\u00a0Minuten\" \/>\n<script type=\"application\/ld+json\" class=\"yoast-schema-graph\">{\"@context\":\"https:\\\/\\\/schema.org\",\"@graph\":[{\"@type\":\"WebPage\",\"@id\":\"https:\\\/\\\/bien-etreiris.ch\\\/de\\\/produktpraesentation\\\/hygiene\\\/koerperpflege\\\/rasieren-oder-bart\\\/savon-de-rasage\\\/\",\"url\":\"https:\\\/\\\/bien-etreiris.ch\\\/de\\\/produktpraesentation\\\/hygiene\\\/koerperpflege\\\/rasieren-oder-bart\\\/savon-de-rasage\\\/\",\"name\":\"SAVON DE RASAGE - WOHLBEFINDEN\",\"isPartOf\":{\"@id\":\"https:\\\/\\\/bien-etreiris.ch\\\/de\\\/#website\"},\"primaryImageOfPage\":{\"@id\":\"https:\\\/\\\/bien-etreiris.ch\\\/de\\\/produktpraesentation\\\/hygiene\\\/koerperpflege\\\/rasieren-oder-bart\\\/savon-de-rasage\\\/#primaryimage\"},\"image\":{\"@id\":\"https:\\\/\\\/bien-etreiris.ch\\\/de\\\/produktpraesentation\\\/hygiene\\\/koerperpflege\\\/rasieren-oder-bart\\\/savon-de-rasage\\\/#primaryimage\"},\"thumbnailUrl\":\"https:\\\/\\\/bien-etreiris.ch\\\/wp-content\\\/uploads\\\/2023\\\/04\\\/savon-de-rasage.jpg\",\"datePublished\":\"2023-04-23T07:53:18+00:00\",\"dateModified\":\"2023-04-23T14:24:53+00:00\",\"breadcrumb\":{\"@id\":\"https:\\\/\\\/bien-etreiris.ch\\\/de\\\/produktpraesentation\\\/hygiene\\\/koerperpflege\\\/rasieren-oder-bart\\\/savon-de-rasage\\\/#breadcrumb\"},\"inLanguage\":\"de\",\"potentialAction\":[{\"@type\":\"ReadAction\",\"target\":[\"https:\\\/\\\/bien-etreiris.ch\\\/de\\\/produktpraesentation\\\/hygiene\\\/koerperpflege\\\/rasieren-oder-bart\\\/savon-de-rasage\\\/\"]}]},{\"@type\":\"ImageObject\",\"inLanguage\":\"de\",\"@id\":\"https:\\\/\\\/bien-etreiris.ch\\\/de\\\/produktpraesentation\\\/hygiene\\\/koerperpflege\\\/rasieren-oder-bart\\\/savon-de-rasage\\\/#primaryimage\",\"url\":\"https:\\\/\\\/bien-etreiris.ch\\\/wp-content\\\/uploads\\\/2023\\\/04\\\/savon-de-rasage.jpg\",\"contentUrl\":\"https:\\\/\\\/bien-etreiris.ch\\\/wp-content\\\/uploads\\\/2023\\\/04\\\/savon-de-rasage.jpg\",\"width\":500,\"height\":341},{\"@type\":\"BreadcrumbList\",\"@id\":\"https:\\\/\\\/bien-etreiris.ch\\\/de\\\/produktpraesentation\\\/hygiene\\\/koerperpflege\\\/rasieren-oder-bart\\\/savon-de-rasage\\\/#breadcrumb\",\"itemListElement\":[{\"@type\":\"ListItem\",\"position\":1,\"name\":\"Home\",\"item\":\"https:\\\/\\\/bien-etreiris.ch\\\/de\\\/\"},{\"@type\":\"ListItem\",\"position\":2,\"name\":\"PRODUKTPR\u00c4SENTATION\",\"item\":\"https:\\\/\\\/bien-etreiris.ch\\\/de\\\/produktpraesentation\\\/\"},{\"@type\":\"ListItem\",\"position\":3,\"name\":\"HYGIENE\",\"item\":\"https:\\\/\\\/bien-etreiris.ch\\\/de\\\/produktpraesentation\\\/hygiene\\\/\"},{\"@type\":\"ListItem\",\"position\":4,\"name\":\"K\u00d6RPERPFLEGE\",\"item\":\"https:\\\/\\\/bien-etreiris.ch\\\/de\\\/produktpraesentation\\\/hygiene\\\/koerperpflege\\\/\"},{\"@type\":\"ListItem\",\"position\":5,\"name\":\"RASIEREN ODER BART\",\"item\":\"https:\\\/\\\/bien-etreiris.ch\\\/de\\\/produktpraesentation\\\/hygiene\\\/koerperpflege\\\/rasieren-oder-bart\\\/\"},{\"@type\":\"ListItem\",\"position\":6,\"name\":\"SAVON DE RASAGE\"}]},{\"@type\":\"WebSite\",\"@id\":\"https:\\\/\\\/bien-etreiris.ch\\\/de\\\/#website\",\"url\":\"https:\\\/\\\/bien-etreiris.ch\\\/de\\\/\",\"name\":\"Bien-\u00eatre Iris\",\"description\":\"IHRE Gesundheit ist uns wichtig\",\"potentialAction\":[{\"@type\":\"SearchAction\",\"target\":{\"@type\":\"EntryPoint\",\"urlTemplate\":\"https:\\\/\\\/bien-etreiris.ch\\\/de\\\/?s={search_term_string}\"},\"query-input\":{\"@type\":\"PropertyValueSpecification\",\"valueRequired\":true,\"valueName\":\"search_term_string\"}}],\"inLanguage\":\"de\"}]}<\/script>\n<!-- \/ Yoast SEO plugin. -->","yoast_head_json":{"title":"SAVON DE RASAGE - WOHLBEFINDEN","robots":{"index":"index","follow":"follow","max-snippet":"max-snippet:-1","max-image-preview":"max-image-preview:large","max-video-preview":"max-video-preview:-1"},"canonical":"https:\/\/bien-etreiris.ch\/de\/produktpraesentation\/hygiene\/koerperpflege\/rasieren-oder-bart\/savon-de-rasage\/","og_locale":"de_DE","og_type":"article","og_title":"SAVON DE RASAGE - WOHLBEFINDEN","og_description":"Savon de rasage &nbsp; &nbsp; Savon d'Alep de rasage &nbsp; &nbsp; Alepia Recommand\u00e9 pour les peaux normales et sensibles. Fabriqu\u00e9 \u00e0 Alep. Poids net : 60g. 1 pi\u00e8ce CHF 3.60 &nbsp; &nbsp; &nbsp; C'est le c\u0153ur du savon d'Alep traditionnel qui est utilis\u00e9 pour ce savon sp\u00e9cial \u00e0 la mousse g\u00e9n\u00e9reuse. Hypoallerg\u00e9nique et hydratant, il pr\u00e9pare la peau en douceur&nbsp;Weiter lesen","og_url":"https:\/\/bien-etreiris.ch\/de\/produktpraesentation\/hygiene\/koerperpflege\/rasieren-oder-bart\/savon-de-rasage\/","og_site_name":"WOHLBEFINDEN","article_publisher":"https:\/\/www.facebook.com\/bienetreiris\/","article_modified_time":"2023-04-23T14:24:53+00:00","og_image":[{"width":500,"height":341,"url":"https:\/\/bien-etreiris.ch\/wp-content\/uploads\/2023\/04\/savon-de-rasage.jpg","type":"image\/jpeg"}],"twitter_misc":{"Gesch\u00e4tzte Lesezeit":"3\u00a0Minuten"},"schema":{"@context":"https:\/\/schema.org","@graph":[{"@type":"WebPage","@id":"https:\/\/bien-etreiris.ch\/de\/produktpraesentation\/hygiene\/koerperpflege\/rasieren-oder-bart\/savon-de-rasage\/","url":"https:\/\/bien-etreiris.ch\/de\/produktpraesentation\/hygiene\/koerperpflege\/rasieren-oder-bart\/savon-de-rasage\/","name":"SAVON DE RASAGE - WOHLBEFINDEN","isPartOf":{"@id":"https:\/\/bien-etreiris.ch\/de\/#website"},"primaryImageOfPage":{"@id":"https:\/\/bien-etreiris.ch\/de\/produktpraesentation\/hygiene\/koerperpflege\/rasieren-oder-bart\/savon-de-rasage\/#primaryimage"},"image":{"@id":"https:\/\/bien-etreiris.ch\/de\/produktpraesentation\/hygiene\/koerperpflege\/rasieren-oder-bart\/savon-de-rasage\/#primaryimage"},"thumbnailUrl":"https:\/\/bien-etreiris.ch\/wp-content\/uploads\/2023\/04\/savon-de-rasage.jpg","datePublished":"2023-04-23T07:53:18+00:00","dateModified":"2023-04-23T14:24:53+00:00","breadcrumb":{"@id":"https:\/\/bien-etreiris.ch\/de\/produktpraesentation\/hygiene\/koerperpflege\/rasieren-oder-bart\/savon-de-rasage\/#breadcrumb"},"inLanguage":"de","potentialAction":[{"@type":"ReadAction","target":["https:\/\/bien-etreiris.ch\/de\/produktpraesentation\/hygiene\/koerperpflege\/rasieren-oder-bart\/savon-de-rasage\/"]}]},{"@type":"ImageObject","inLanguage":"de","@id":"https:\/\/bien-etreiris.ch\/de\/produktpraesentation\/hygiene\/koerperpflege\/rasieren-oder-bart\/savon-de-rasage\/#primaryimage","url":"https:\/\/bien-etreiris.ch\/wp-content\/uploads\/2023\/04\/savon-de-rasage.jpg","contentUrl":"https:\/\/bien-etreiris.ch\/wp-content\/uploads\/2023\/04\/savon-de-rasage.jpg","width":500,"height":341},{"@type":"BreadcrumbList","@id":"https:\/\/bien-etreiris.ch\/de\/produktpraesentation\/hygiene\/koerperpflege\/rasieren-oder-bart\/savon-de-rasage\/#breadcrumb","itemListElement":[{"@type":"ListItem","position":1,"name":"Home","item":"https:\/\/bien-etreiris.ch\/de\/"},{"@type":"ListItem","position":2,"name":"PRODUKTPR\u00c4SENTATION","item":"https:\/\/bien-etreiris.ch\/de\/produktpraesentation\/"},{"@type":"ListItem","position":3,"name":"HYGIENE","item":"https:\/\/bien-etreiris.ch\/de\/produktpraesentation\/hygiene\/"},{"@type":"ListItem","position":4,"name":"K\u00d6RPERPFLEGE","item":"https:\/\/bien-etreiris.ch\/de\/produktpraesentation\/hygiene\/koerperpflege\/"},{"@type":"ListItem","position":5,"name":"RASIEREN ODER BART","item":"https:\/\/bien-etreiris.ch\/de\/produktpraesentation\/hygiene\/koerperpflege\/rasieren-oder-bart\/"},{"@type":"ListItem","position":6,"name":"SAVON DE RASAGE"}]},{"@type":"WebSite","@id":"https:\/\/bien-etreiris.ch\/de\/#website","url":"https:\/\/bien-etreiris.ch\/de\/","name":"Bien-\u00eatre Iris","description":"IHRE Gesundheit ist uns wichtig","potentialAction":[{"@type":"SearchAction","target":{"@type":"EntryPoint","urlTemplate":"https:\/\/bien-etreiris.ch\/de\/?s={search_term_string}"},"query-input":{"@type":"PropertyValueSpecification","valueRequired":true,"valueName":"search_term_string"}}],"inLanguage":"de"}]}},"_links":{"self":[{"href":"https:\/\/bien-etreiris.ch\/de\/wp-json\/wp\/v2\/pages\/68361","targetHints":{"allow":["GET"]}}],"collection":[{"href":"https:\/\/bien-etreiris.ch\/de\/wp-json\/wp\/v2\/pages"}],"about":[{"href":"https:\/\/bien-etreiris.ch\/de\/wp-json\/wp\/v2\/types\/page"}],"author":[{"embeddable":true,"href":"https:\/\/bien-etreiris.ch\/de\/wp-json\/wp\/v2\/users\/1"}],"replies":[{"embeddable":true,"href":"https:\/\/bien-etreiris.ch\/de\/wp-json\/wp\/v2\/comments?post=68361"}],"version-history":[{"count":3,"href":"https:\/\/bien-etreiris.ch\/de\/wp-json\/wp\/v2\/pages\/68361\/revisions"}],"predecessor-version":[{"id":68377,"href":"https:\/\/bien-etreiris.ch\/de\/wp-json\/wp\/v2\/pages\/68361\/revisions\/68377"}],"up":[{"embeddable":true,"href":"https:\/\/bien-etreiris.ch\/de\/wp-json\/wp\/v2\/pages\/42517"}],"wp:featuredmedia":[{"embeddable":true,"href":"https:\/\/bien-etreiris.ch\/de\/wp-json\/wp\/v2\/media\/68350"}],"wp:attachment":[{"href":"https:\/\/bien-etreiris.ch\/de\/wp-json\/wp\/v2\/media?parent=68361"}],"curies":[{"name":"wp","href":"https:\/\/api.w.org\/{rel}","templated":true}]}}