{"id":68295,"date":"2023-04-20T17:13:51","date_gmt":"2023-04-20T15:13:51","guid":{"rendered":"https:\/\/bien-etreiris.ch\/oreilles\/biosun\/"},"modified":"2023-04-20T17:53:49","modified_gmt":"2023-04-20T15:53:49","slug":"biosun","status":"publish","type":"page","link":"https:\/\/bien-etreiris.ch\/de\/produktpraesentation\/natuerliche-heilmittel\/sinnesorgane\/ohren\/biosun\/","title":{"rendered":"BIOSUN"},"content":{"rendered":"\n<h2>Biosun indische Weisheit f\u00fcr Ihre Entspannung<\/h2>\n<p>Hopi - Original BIOSUN Ohrkerzen f\u00fcr mehr als 30 Jahre Erfahrung. Made in Germany, nach alten Rezepten<\/p>\n<p>Das BIOSUN-Sortiment umfasst die traditionellen Hopi-Ohrkerzen und 3 verschiedene Essence-Kerzen mit einem zusammengesetzten Aroma, das auf Yin und Yang basiert<\/p>\n<p>&nbsp;<\/p>\n<p>&nbsp;<\/p>\n<p>&nbsp;<\/p>\n<p><a href=\"https:\/\/decoiris.ch\/wp-content\/uploads\/2019\/05\/Traditionnelles.jpg\"><img loading=\"lazy\" decoding=\"async\" class=\"size-medium wp-image-18445 alignleft\" src=\"https:\/\/decoiris.ch\/wp-content\/uploads\/2019\/05\/Traditionnelles-75x300.jpg\" sizes=\"auto, (max-width: 75px) 100vw, 75px\" srcset=\"https:\/\/bien-etreiris.ch\/wp-content\/uploads\/2019\/05\/Traditionnelles-75x300.jpg 75w, https:\/\/bien-etreiris.ch\/wp-content\/uploads\/2019\/05\/Traditionnelles-257x1024.jpg 257w, https:\/\/bien-etreiris.ch\/wp-content\/uploads\/2019\/05\/Traditionnelles.jpg 731w\" alt=\"\" width=\"75\" height=\"300\"><\/a><\/p>\n<p>&nbsp;<\/p>\n<p>&nbsp;<\/p>\n<p>&nbsp;<\/p>\n<p>Traditionell<\/p>\n<p>Honig, Salbei und Kamille<\/p>\n<p>1 Paar in Originalverpackung CHF 12.00<\/p>\n<p><strong>Offenverkauf 1 Paar CHF 3.50<\/strong><\/p>\n<p>&nbsp;<\/p>\n<p>&nbsp;<\/p>\n<p>&nbsp;<\/p>\n<p>&nbsp;<\/p>\n<p><a href=\"https:\/\/decoiris.ch\/wp-content\/uploads\/2019\/05\/Wellmotion.jpg\"><img loading=\"lazy\" decoding=\"async\" class=\"size-medium wp-image-18453 alignleft\" src=\"https:\/\/decoiris.ch\/wp-content\/uploads\/2019\/05\/Wellmotion-124x300.jpg\" sizes=\"auto, (max-width: 124px) 100vw, 124px\" srcset=\"https:\/\/bien-etreiris.ch\/wp-content\/uploads\/2019\/05\/Wellmotion-124x300.jpg 124w, https:\/\/bien-etreiris.ch\/wp-content\/uploads\/2019\/05\/Wellmotion-424x1024.jpg 424w, https:\/\/bien-etreiris.ch\/wp-content\/uploads\/2019\/05\/Wellmotion.jpg 556w\" alt=\"\" width=\"124\" height=\"300\"><\/a><\/p>\n<p>&nbsp;<\/p>\n<p>&nbsp;<\/p>\n<p>&nbsp;<\/p>\n<p>wellmotion<\/p>\n<p>Zitronengras, Eukalyptus und Limette<\/p>\n<p>1 Paar in Originalverpackung CHF 12.00<\/p>\n<p><strong>Offenverkauf 1 Paar CHF 3.50<\/strong><\/p>\n<p>&nbsp;<\/p>\n<p>&nbsp;<\/p>\n<p>&nbsp;<\/p>\n<p>&nbsp;<\/p>\n<p><a href=\"https:\/\/decoiris.ch\/wp-content\/uploads\/2019\/05\/Wellharmony-1.jpg\"><img loading=\"lazy\" decoding=\"async\" class=\"size-medium wp-image-18462 alignleft\" src=\"https:\/\/decoiris.ch\/wp-content\/uploads\/2019\/05\/Wellharmony-1-130x300.jpg\" sizes=\"auto, (max-width: 130px) 100vw, 130px\" srcset=\"https:\/\/bien-etreiris.ch\/wp-content\/uploads\/2019\/05\/Wellharmony-1-130x300.jpg 130w, https:\/\/bien-etreiris.ch\/wp-content\/uploads\/2019\/05\/Wellharmony-1-444x1024.jpg 444w, https:\/\/bien-etreiris.ch\/wp-content\/uploads\/2019\/05\/Wellharmony-1.jpg 578w\" alt=\"\" width=\"130\" height=\"300\"><\/a><\/p>\n<p>&nbsp;<\/p>\n<p>&nbsp;<\/p>\n<p>&nbsp;<\/p>\n<p>wellharmony<\/p>\n<p>Orange, Grapefruit und Mandarine<\/p>\n<p>1 Paar in Originalverpackung CHF 12.00<\/p>\n<p><strong>Offenverkauf 1 Paar CHF 3.50<\/strong><\/p>\n<p>&nbsp;<\/p>\n<p>&nbsp;<\/p>\n<p>&nbsp;<\/p>\n<p>&nbsp;<\/p>\n<p><a href=\"https:\/\/decoiris.ch\/wp-content\/uploads\/2019\/05\/wellbalance-bleu.jpg\"><img loading=\"lazy\" decoding=\"async\" class=\"size-medium wp-image-18466 alignleft\" src=\"https:\/\/decoiris.ch\/wp-content\/uploads\/2019\/05\/wellbalance-bleu-126x300.jpg\" sizes=\"auto, (max-width: 126px) 100vw, 126px\" srcset=\"https:\/\/bien-etreiris.ch\/wp-content\/uploads\/2019\/05\/wellbalance-bleu-126x300.jpg 126w, https:\/\/bien-etreiris.ch\/wp-content\/uploads\/2019\/05\/wellbalance-bleu-429x1024.jpg 429w, https:\/\/bien-etreiris.ch\/wp-content\/uploads\/2019\/05\/wellbalance-bleu.jpg 558w\" alt=\"\" width=\"126\" height=\"300\"><\/a><\/p>\n<p>&nbsp;<\/p>\n<p>&nbsp;<\/p>\n<p>&nbsp;<\/p>\n<p>wellbalance<\/p>\n<p>Lavendel, Rosmarin und Gurjun-Balsam<\/p>\n<p>1 Paar in Originalverpackung CHF 12.00<\/p>\n<p><strong>Offenverkauf 1 Paar CHF 3.50<\/strong><\/p>\n<p>&nbsp;<\/p>\n<p>&nbsp;<\/p>\n<p>&nbsp;<\/p>\n<p>&nbsp;<\/p>\n<p><strong>Indianische Weisheit f\u00fcr Ihre Entspannung<\/strong><\/p>\n<p><strong>Hopi - Ohrkerzen von BIOSUN<\/strong><\/p>\n<p>Die Ohrkerzen von BIOSUN werden basierend auf der Tradition der Hopi-Indianer, einem der \u00e4ltesten Pueblost\u00e4mme Nordamerikas, hergestellt. Die Hopi waren und sind f\u00fcr ihre Heilkenntnisse und ihr spirituelles Wissen bekannt. Bei ihnen findet die Ohrkerze bei Einweihungs-Ritualen und Medizin Zeremonien Verwendung.<\/p>\n<p>Bereits 1985 hat BIOSUN als erstes Unternehmen professionell damit begonnen, die naturheilkundliche Anwendung der Ohrkerze entlang der Tradition weiterzuentwickeln. Jede Ohrkerze wird in liebevoller und sorgf\u00e4ltiger Handarbeit<\/p>\n<p>nach alten Rezepturen hergestellt. Sie besteht aus 100% Natur reinen Rohstoffen, dazu geh\u00f6ren Bienenwachs, Honigextrakte, Kr\u00e4uter und Essenzen.<\/p>\n<p>Das Wirkprinzip der Hopi-Ohrkerzen ist rein physikalisch. Die Flamme erzeugt Vibrationswellen in der Luft, welche auf das Trommelfell \u00fcbertragen werden. Von dort setzen sich die Impulse ins Mittelohr und die Eustachische R\u00f6hre fort. Sie wirken<\/p>\n<p>so auf das gesamte Kammersystem ein. Die Hopi-Ohrkerzen verbinden traditionelles Heilwissen und moderne Bed\u00fcrfnisse. Dank des neu entwickelten, patentierten Sicherheitsfilters (Safety Filter) wird tropfendes Wachs durch die \u00fcberlappenden Lamellen zu 100% ausgeschlossen. Der offene Kanal des Filters steigert die Wirksamkeit der Anwendung. Durch die Abrundung des Filters schlie\u00dft die Ohrkerze sanft mit dem Ohr ab.<\/p>\n<p>Das BIOSUN-Sortiment umfasst die Original-Hopi-Traditional\u00ad Ohrkerzen sowie 3 verschiedenen Essenz-Ohrkerzen mit einer<\/p>\n<p>Aromen Komposition auf der Grundlage von Yin und Yang. Als exklusiver Vertriebspartner f\u00fcr die Schweiz freuen wir uns, Ihnen dieses ganz besondere Produkt f\u00fcr Ihre Entspannung und Ihr Wohlbefinden anbieten zu k\u00f6nnen.<\/p>\n<p>Das Anwendungsspektrum der BIOSUN-Ohrkerzen ist breit. Sie sind empfehlenswert:<\/p>\n<ul>\n<li>Bei akuten und chronischen Kopfschmerzen<\/li>\n<li>Bei Sinusitis, Rhinitis (Schnupfen, Nasennebenh\u00f6hlenentz\u00fcndungen) und allen Erk\u00e4ltungsfolgen<\/li>\n<li>Bei Tinnitus (Ohrensausen, H\u00f6rger\u00e4uschen)<\/li>\n<li>Bei durch Kompression verursachtem Ohrendruck (Tauchen, Fliegen, Schall)<\/li>\n<li>Bei nicht krankheitsbedingten H\u00f6rschw\u00e4chen<\/li>\n<li>Bei Schlafst\u00f6rungen<\/li>\n<li>Als therapeutisches Entspannungsmittel zum Abbau von Stress-Symptomen, \u00dcbererregung, Nervosit\u00e4t<\/li>\n<li>Als begleitende Massnahme zu energetischen, psychischen oder psychosomatischen Therapien<\/li>\n<\/ul>\n<p>&nbsp;<\/p>\n<p>&nbsp;<\/p>\n<p><a href=\"https:\/\/decoiris.ch\/wp-content\/uploads\/2019\/05\/Filter-2.png\"><img loading=\"lazy\" decoding=\"async\" class=\"wp-image-18441 alignleft\" src=\"https:\/\/decoiris.ch\/wp-content\/uploads\/2019\/05\/Filter-2-300x300.png\" sizes=\"auto, (max-width: 190px) 100vw, 190px\" srcset=\"https:\/\/bien-etreiris.ch\/wp-content\/uploads\/2019\/05\/Filter-2-300x300.png 300w, https:\/\/bien-etreiris.ch\/wp-content\/uploads\/2019\/05\/Filter-2-150x150.png 150w, https:\/\/bien-etreiris.ch\/wp-content\/uploads\/2019\/05\/Filter-2.png 537w\" alt=\"\" width=\"190\" height=\"190\"><\/a><\/p>\n<p>&nbsp;<\/p>\n<p>mit einem neuen patentierten Sicherheitsfilter<\/p>\n<p>&nbsp;<\/p>\n<p>&nbsp;<\/p>\n<p>&nbsp;<\/p>\n<p>&nbsp;<\/p>\n<h4 class=\"h1\"><strong>Hopi Ohren-Massage\u00f6l<\/strong><\/h4>\n<p>&nbsp;<\/p>\n<p><a href=\"https:\/\/decoiris.ch\/wp-content\/uploads\/2019\/05\/Huile-de-massage-doreille.png\"><img loading=\"lazy\" decoding=\"async\" class=\"size-medium wp-image-18471 alignleft\" src=\"https:\/\/decoiris.ch\/wp-content\/uploads\/2019\/05\/Huile-de-massage-doreille-300x300.png\" sizes=\"auto, (max-width: 300px) 100vw, 300px\" srcset=\"https:\/\/bien-etreiris.ch\/wp-content\/uploads\/2019\/05\/Huile-de-massage-doreille-300x300.png 300w, https:\/\/bien-etreiris.ch\/wp-content\/uploads\/2019\/05\/Huile-de-massage-doreille-150x150.png 150w, https:\/\/bien-etreiris.ch\/wp-content\/uploads\/2019\/05\/Huile-de-massage-doreille-768x768.png 768w, https:\/\/bien-etreiris.ch\/wp-content\/uploads\/2019\/05\/Huile-de-massage-doreille.png 800w\" alt=\"\" width=\"300\" height=\"300\"><\/a><\/p>\n<p>&nbsp;<\/p>\n<p>&nbsp;<\/p>\n<p><strong>30 ml CHF 15.00<\/strong><\/p>\n<p><span class=\"tlid-translation translation\" lang=\"fr\"><span class=\"\" title=\"\">Eine Ohrmassage wirkt entspannend auf den ganzen K\u00f6rper, l\u00f6st Blockaden und regt den Lymphfluss an.<\/span><\/span><\/p>\n<p>&nbsp;<\/p>\n","protected":false},"excerpt":{"rendered":"<p>Biosun indische Weisheit f\u00fcr Ihre Entspannung Hopi - Original BIOSUN Ohrkerzen f\u00fcr mehr als 30 Jahre Erfahrung. Made in Germany, nach alten Rezepten Das BIOSUN-Sortiment umfasst die traditionellen Hopi-Ohrkerzen und 3 verschiedene Essence-Kerzen mit einem zusammengesetzten Aroma, das auf Yin und Yang basiert &nbsp; &nbsp; &nbsp; &nbsp; &nbsp; &nbsp; Traditionell Honig, Salbei und Kamille 1 Paar in Originalverpackung CHF 12.00&nbsp;<a href=\"https:\/\/bien-etreiris.ch\/de\/produktpraesentation\/natuerliche-heilmittel\/sinnesorgane\/ohren\/biosun\/\" class=\"read-more\">Weiter lesen<\/a><\/p>\n","protected":false},"author":1,"featured_media":45972,"parent":62728,"menu_order":3741,"comment_status":"closed","ping_status":"closed","template":"page-with-child.php","meta":{"_acf_changed":false,"ngg_post_thumbnail":0,"footnotes":""},"class_list":["post-68295","page","type-page","status-publish","has-post-thumbnail","hentry"],"acf":[],"yoast_head":"<!-- This site is optimized with the Yoast SEO plugin v27.5 - https:\/\/yoast.com\/product\/yoast-seo-wordpress\/ -->\n<title>BIOSUN - WOHLBEFINDEN<\/title>\n<meta name=\"robots\" content=\"index, follow, max-snippet:-1, max-image-preview:large, max-video-preview:-1\" \/>\n<link rel=\"canonical\" href=\"https:\/\/bien-etreiris.ch\/de\/produktpraesentation\/natuerliche-heilmittel\/sinnesorgane\/ohren\/biosun\/\" \/>\n<meta property=\"og:locale\" content=\"de_DE\" \/>\n<meta property=\"og:type\" content=\"article\" \/>\n<meta property=\"og:title\" content=\"BIOSUN - WOHLBEFINDEN\" \/>\n<meta property=\"og:description\" content=\"Biosun indische Weisheit f\u00fcr Ihre Entspannung Hopi - Original BIOSUN Ohrkerzen f\u00fcr mehr als 30 Jahre Erfahrung. Made in Germany, nach alten Rezepten Das BIOSUN-Sortiment umfasst die traditionellen Hopi-Ohrkerzen und 3 verschiedene Essence-Kerzen mit einem zusammengesetzten Aroma, das auf Yin und Yang basiert &nbsp; &nbsp; &nbsp; &nbsp; &nbsp; &nbsp; Traditionell Honig, Salbei und Kamille 1 Paar in Originalverpackung CHF 12.00&nbsp;Weiter lesen\" \/>\n<meta property=\"og:url\" content=\"https:\/\/bien-etreiris.ch\/de\/produktpraesentation\/natuerliche-heilmittel\/sinnesorgane\/ohren\/biosun\/\" \/>\n<meta property=\"og:site_name\" content=\"WOHLBEFINDEN\" \/>\n<meta property=\"article:publisher\" content=\"https:\/\/www.facebook.com\/bienetreiris\/\" \/>\n<meta property=\"article:modified_time\" content=\"2023-04-20T15:53:49+00:00\" \/>\n<meta property=\"og:image\" content=\"https:\/\/bien-etreiris.ch\/wp-content\/uploads\/2021\/05\/acceuil-Biosun.png\" \/>\n\t<meta property=\"og:image:width\" content=\"460\" \/>\n\t<meta property=\"og:image:height\" content=\"290\" \/>\n\t<meta property=\"og:image:type\" content=\"image\/png\" \/>\n<meta name=\"twitter:label1\" content=\"Gesch\u00e4tzte Lesezeit\" \/>\n\t<meta name=\"twitter:data1\" content=\"4\u00a0Minuten\" \/>\n<script type=\"application\/ld+json\" class=\"yoast-schema-graph\">{\"@context\":\"https:\\\/\\\/schema.org\",\"@graph\":[{\"@type\":\"WebPage\",\"@id\":\"https:\\\/\\\/bien-etreiris.ch\\\/de\\\/produktpraesentation\\\/natuerliche-heilmittel\\\/sinnesorgane\\\/ohren\\\/biosun\\\/\",\"url\":\"https:\\\/\\\/bien-etreiris.ch\\\/de\\\/produktpraesentation\\\/natuerliche-heilmittel\\\/sinnesorgane\\\/ohren\\\/biosun\\\/\",\"name\":\"BIOSUN - WOHLBEFINDEN\",\"isPartOf\":{\"@id\":\"https:\\\/\\\/bien-etreiris.ch\\\/de\\\/#website\"},\"primaryImageOfPage\":{\"@id\":\"https:\\\/\\\/bien-etreiris.ch\\\/de\\\/produktpraesentation\\\/natuerliche-heilmittel\\\/sinnesorgane\\\/ohren\\\/biosun\\\/#primaryimage\"},\"image\":{\"@id\":\"https:\\\/\\\/bien-etreiris.ch\\\/de\\\/produktpraesentation\\\/natuerliche-heilmittel\\\/sinnesorgane\\\/ohren\\\/biosun\\\/#primaryimage\"},\"thumbnailUrl\":\"https:\\\/\\\/bien-etreiris.ch\\\/wp-content\\\/uploads\\\/2021\\\/05\\\/acceuil-Biosun.png\",\"datePublished\":\"2023-04-20T15:13:51+00:00\",\"dateModified\":\"2023-04-20T15:53:49+00:00\",\"breadcrumb\":{\"@id\":\"https:\\\/\\\/bien-etreiris.ch\\\/de\\\/produktpraesentation\\\/natuerliche-heilmittel\\\/sinnesorgane\\\/ohren\\\/biosun\\\/#breadcrumb\"},\"inLanguage\":\"de\",\"potentialAction\":[{\"@type\":\"ReadAction\",\"target\":[\"https:\\\/\\\/bien-etreiris.ch\\\/de\\\/produktpraesentation\\\/natuerliche-heilmittel\\\/sinnesorgane\\\/ohren\\\/biosun\\\/\"]}]},{\"@type\":\"ImageObject\",\"inLanguage\":\"de\",\"@id\":\"https:\\\/\\\/bien-etreiris.ch\\\/de\\\/produktpraesentation\\\/natuerliche-heilmittel\\\/sinnesorgane\\\/ohren\\\/biosun\\\/#primaryimage\",\"url\":\"https:\\\/\\\/bien-etreiris.ch\\\/wp-content\\\/uploads\\\/2021\\\/05\\\/acceuil-Biosun.png\",\"contentUrl\":\"https:\\\/\\\/bien-etreiris.ch\\\/wp-content\\\/uploads\\\/2021\\\/05\\\/acceuil-Biosun.png\",\"width\":460,\"height\":290},{\"@type\":\"BreadcrumbList\",\"@id\":\"https:\\\/\\\/bien-etreiris.ch\\\/de\\\/produktpraesentation\\\/natuerliche-heilmittel\\\/sinnesorgane\\\/ohren\\\/biosun\\\/#breadcrumb\",\"itemListElement\":[{\"@type\":\"ListItem\",\"position\":1,\"name\":\"Home\",\"item\":\"https:\\\/\\\/bien-etreiris.ch\\\/de\\\/\"},{\"@type\":\"ListItem\",\"position\":2,\"name\":\"PRODUKTPR\u00c4SENTATION\",\"item\":\"https:\\\/\\\/bien-etreiris.ch\\\/de\\\/produktpraesentation\\\/\"},{\"@type\":\"ListItem\",\"position\":3,\"name\":\"NAT\u00dcRLICHE HEILMITTEL\",\"item\":\"https:\\\/\\\/bien-etreiris.ch\\\/de\\\/produktpraesentation\\\/natuerliche-heilmittel\\\/\"},{\"@type\":\"ListItem\",\"position\":4,\"name\":\"SINNESORGANE\",\"item\":\"https:\\\/\\\/bien-etreiris.ch\\\/de\\\/produktpraesentation\\\/natuerliche-heilmittel\\\/sinnesorgane\\\/\"},{\"@type\":\"ListItem\",\"position\":5,\"name\":\"OHREN\",\"item\":\"https:\\\/\\\/bien-etreiris.ch\\\/de\\\/produktpraesentation\\\/natuerliche-heilmittel\\\/sinnesorgane\\\/ohren\\\/\"},{\"@type\":\"ListItem\",\"position\":6,\"name\":\"BIOSUN\"}]},{\"@type\":\"WebSite\",\"@id\":\"https:\\\/\\\/bien-etreiris.ch\\\/de\\\/#website\",\"url\":\"https:\\\/\\\/bien-etreiris.ch\\\/de\\\/\",\"name\":\"Bien-\u00eatre Iris\",\"description\":\"IHRE Gesundheit ist uns wichtig\",\"potentialAction\":[{\"@type\":\"SearchAction\",\"target\":{\"@type\":\"EntryPoint\",\"urlTemplate\":\"https:\\\/\\\/bien-etreiris.ch\\\/de\\\/?s={search_term_string}\"},\"query-input\":{\"@type\":\"PropertyValueSpecification\",\"valueRequired\":true,\"valueName\":\"search_term_string\"}}],\"inLanguage\":\"de\"}]}<\/script>\n<!-- \/ Yoast SEO plugin. -->","yoast_head_json":{"title":"BIOSUN - WOHLBEFINDEN","robots":{"index":"index","follow":"follow","max-snippet":"max-snippet:-1","max-image-preview":"max-image-preview:large","max-video-preview":"max-video-preview:-1"},"canonical":"https:\/\/bien-etreiris.ch\/de\/produktpraesentation\/natuerliche-heilmittel\/sinnesorgane\/ohren\/biosun\/","og_locale":"de_DE","og_type":"article","og_title":"BIOSUN - WOHLBEFINDEN","og_description":"Biosun indische Weisheit f\u00fcr Ihre Entspannung Hopi - Original BIOSUN Ohrkerzen f\u00fcr mehr als 30 Jahre Erfahrung. Made in Germany, nach alten Rezepten Das BIOSUN-Sortiment umfasst die traditionellen Hopi-Ohrkerzen und 3 verschiedene Essence-Kerzen mit einem zusammengesetzten Aroma, das auf Yin und Yang basiert &nbsp; &nbsp; &nbsp; &nbsp; &nbsp; &nbsp; Traditionell Honig, Salbei und Kamille 1 Paar in Originalverpackung CHF 12.00&nbsp;Weiter lesen","og_url":"https:\/\/bien-etreiris.ch\/de\/produktpraesentation\/natuerliche-heilmittel\/sinnesorgane\/ohren\/biosun\/","og_site_name":"WOHLBEFINDEN","article_publisher":"https:\/\/www.facebook.com\/bienetreiris\/","article_modified_time":"2023-04-20T15:53:49+00:00","og_image":[{"width":460,"height":290,"url":"https:\/\/bien-etreiris.ch\/wp-content\/uploads\/2021\/05\/acceuil-Biosun.png","type":"image\/png"}],"twitter_misc":{"Gesch\u00e4tzte Lesezeit":"4\u00a0Minuten"},"schema":{"@context":"https:\/\/schema.org","@graph":[{"@type":"WebPage","@id":"https:\/\/bien-etreiris.ch\/de\/produktpraesentation\/natuerliche-heilmittel\/sinnesorgane\/ohren\/biosun\/","url":"https:\/\/bien-etreiris.ch\/de\/produktpraesentation\/natuerliche-heilmittel\/sinnesorgane\/ohren\/biosun\/","name":"BIOSUN - WOHLBEFINDEN","isPartOf":{"@id":"https:\/\/bien-etreiris.ch\/de\/#website"},"primaryImageOfPage":{"@id":"https:\/\/bien-etreiris.ch\/de\/produktpraesentation\/natuerliche-heilmittel\/sinnesorgane\/ohren\/biosun\/#primaryimage"},"image":{"@id":"https:\/\/bien-etreiris.ch\/de\/produktpraesentation\/natuerliche-heilmittel\/sinnesorgane\/ohren\/biosun\/#primaryimage"},"thumbnailUrl":"https:\/\/bien-etreiris.ch\/wp-content\/uploads\/2021\/05\/acceuil-Biosun.png","datePublished":"2023-04-20T15:13:51+00:00","dateModified":"2023-04-20T15:53:49+00:00","breadcrumb":{"@id":"https:\/\/bien-etreiris.ch\/de\/produktpraesentation\/natuerliche-heilmittel\/sinnesorgane\/ohren\/biosun\/#breadcrumb"},"inLanguage":"de","potentialAction":[{"@type":"ReadAction","target":["https:\/\/bien-etreiris.ch\/de\/produktpraesentation\/natuerliche-heilmittel\/sinnesorgane\/ohren\/biosun\/"]}]},{"@type":"ImageObject","inLanguage":"de","@id":"https:\/\/bien-etreiris.ch\/de\/produktpraesentation\/natuerliche-heilmittel\/sinnesorgane\/ohren\/biosun\/#primaryimage","url":"https:\/\/bien-etreiris.ch\/wp-content\/uploads\/2021\/05\/acceuil-Biosun.png","contentUrl":"https:\/\/bien-etreiris.ch\/wp-content\/uploads\/2021\/05\/acceuil-Biosun.png","width":460,"height":290},{"@type":"BreadcrumbList","@id":"https:\/\/bien-etreiris.ch\/de\/produktpraesentation\/natuerliche-heilmittel\/sinnesorgane\/ohren\/biosun\/#breadcrumb","itemListElement":[{"@type":"ListItem","position":1,"name":"Home","item":"https:\/\/bien-etreiris.ch\/de\/"},{"@type":"ListItem","position":2,"name":"PRODUKTPR\u00c4SENTATION","item":"https:\/\/bien-etreiris.ch\/de\/produktpraesentation\/"},{"@type":"ListItem","position":3,"name":"NAT\u00dcRLICHE HEILMITTEL","item":"https:\/\/bien-etreiris.ch\/de\/produktpraesentation\/natuerliche-heilmittel\/"},{"@type":"ListItem","position":4,"name":"SINNESORGANE","item":"https:\/\/bien-etreiris.ch\/de\/produktpraesentation\/natuerliche-heilmittel\/sinnesorgane\/"},{"@type":"ListItem","position":5,"name":"OHREN","item":"https:\/\/bien-etreiris.ch\/de\/produktpraesentation\/natuerliche-heilmittel\/sinnesorgane\/ohren\/"},{"@type":"ListItem","position":6,"name":"BIOSUN"}]},{"@type":"WebSite","@id":"https:\/\/bien-etreiris.ch\/de\/#website","url":"https:\/\/bien-etreiris.ch\/de\/","name":"Bien-\u00eatre Iris","description":"IHRE Gesundheit ist uns wichtig","potentialAction":[{"@type":"SearchAction","target":{"@type":"EntryPoint","urlTemplate":"https:\/\/bien-etreiris.ch\/de\/?s={search_term_string}"},"query-input":{"@type":"PropertyValueSpecification","valueRequired":true,"valueName":"search_term_string"}}],"inLanguage":"de"}]}},"_links":{"self":[{"href":"https:\/\/bien-etreiris.ch\/de\/wp-json\/wp\/v2\/pages\/68295","targetHints":{"allow":["GET"]}}],"collection":[{"href":"https:\/\/bien-etreiris.ch\/de\/wp-json\/wp\/v2\/pages"}],"about":[{"href":"https:\/\/bien-etreiris.ch\/de\/wp-json\/wp\/v2\/types\/page"}],"author":[{"embeddable":true,"href":"https:\/\/bien-etreiris.ch\/de\/wp-json\/wp\/v2\/users\/1"}],"replies":[{"embeddable":true,"href":"https:\/\/bien-etreiris.ch\/de\/wp-json\/wp\/v2\/comments?post=68295"}],"version-history":[{"count":3,"href":"https:\/\/bien-etreiris.ch\/de\/wp-json\/wp\/v2\/pages\/68295\/revisions"}],"predecessor-version":[{"id":68312,"href":"https:\/\/bien-etreiris.ch\/de\/wp-json\/wp\/v2\/pages\/68295\/revisions\/68312"}],"up":[{"embeddable":true,"href":"https:\/\/bien-etreiris.ch\/de\/wp-json\/wp\/v2\/pages\/62728"}],"wp:featuredmedia":[{"embeddable":true,"href":"https:\/\/bien-etreiris.ch\/de\/wp-json\/wp\/v2\/media\/45972"}],"wp:attachment":[{"href":"https:\/\/bien-etreiris.ch\/de\/wp-json\/wp\/v2\/media?parent=68295"}],"curies":[{"name":"wp","href":"https:\/\/api.w.org\/{rel}","templated":true}]}}