{"id":68284,"date":"2023-04-20T17:08:50","date_gmt":"2023-04-20T15:08:50","guid":{"rendered":"https:\/\/bien-etreiris.ch\/produktpraesentation\/hygiene\/koerperpflege\/zubehoer-fuer-die-koerperpflege\/zubehoer-fuer-die-ohrenpflege\/hopi-sana\/"},"modified":"2023-04-20T17:47:55","modified_gmt":"2023-04-20T15:47:55","slug":"hopi-sana","status":"publish","type":"page","link":"https:\/\/bien-etreiris.ch\/de\/produktpraesentation\/natuerliche-heilmittel\/sinnesorgane\/ohren\/hopi-sana\/","title":{"rendered":"HOPI SANA"},"content":{"rendered":"\n<p>&nbsp;<\/p>\n<div id=\"comp-j9u88ttf\" class=\"_2bafp\" data-testid=\"richTextElement\">\n<p>Wir sind ein kleiner Schweizer Handwerksbetrieb, der sich auf die Herstellung von Bienenwachsprodukten spezialisiert hat. Seit 1992 stellen wir HOPIsana Ohr- und K\u00f6rperkerzen sowie Bienenwachskompressen her. Unser Ziel ist es, erstklassige, 100% nat\u00fcrliche Pr\u00e4parate aus zertifizierten Grundstoffen zu liefern, deren Wirksamkeit auf empirischen phytotherapeutischen Erfahrungen beruht. Alle unsere Produkte werden in der Schweiz von Hand hergestellt.<\/p>\n<p>In den folgenden Kapiteln erfahren Sie mehr \u00fcber die Anwendungsm\u00f6glichkeiten unserer Pr\u00e4parate.<\/p>\n<p>Die gr\u00fcnen HOPIsana-Kerzen, HARMONIE werden f\u00fcr die allgemeine Ohrenhygiene (zum Erweichen des Ohrenschmalzes) und von Personen verwendet, die sich bei \u00dcberanstrengung eine entspannende und ausgleichende Wirkung w\u00fcnschen. Die Ohrkerzen HOPIsana HARMONIE werden auch vorbeugend von Personen verwendet, die zu Ohrenproblemen oder Erk\u00e4ltungen neigen. Sie werden auch abwechselnd mit den Kerzen HOPIsana rot TRADITION, HOPIsana rosa WELLNESS oder HOPIsana blau SENIOR verwendet.<\/p>\n<\/div>\n<p>&nbsp;<\/p>\n<h2 class=\"font_4\">HARMONIE-Ohrkerzen gr\u00fcn<\/h2>\n<div id=\"comp-j9u88ttf\" class=\"_2bafp\" data-testid=\"richTextElement\">\n<p><a href=\"https:\/\/bien-etreiris.ch\/wp-content\/uploads\/2021\/05\/vert.jpg\"><img loading=\"lazy\" decoding=\"async\" class=\"alignleft wp-image-45989\" src=\"https:\/\/bien-etreiris.ch\/wp-content\/uploads\/2021\/05\/vert.jpg\" alt=\"\" width=\"600\" height=\"415\" srcset=\"https:\/\/bien-etreiris.ch\/wp-content\/uploads\/2021\/05\/vert.jpg 903w, https:\/\/bien-etreiris.ch\/wp-content\/uploads\/2021\/05\/vert-300x207.jpg 300w, https:\/\/bien-etreiris.ch\/wp-content\/uploads\/2021\/05\/vert-768x531.jpg 768w\" sizes=\"auto, (max-width: 600px) 100vw, 600px\" \/><\/a><\/p>\n<\/div>\n<div id=\"comp-j9vix0l1\" class=\"_1Cfot\">\n<div class=\"\" data-mesh-id=\"comp-j9vix0l1inlineContent\" data-testid=\"inline-content\">\n<div data-mesh-id=\"comp-j9vix0l1inlineContent-gridContainer\" data-testid=\"mesh-container-content\">\n<div id=\"comp-j9vix0nu\" class=\"_1P1ro\" aria-disabled=\"false\">&nbsp;<\/div>\n<div id=\"comp-j9vix0o4\" class=\"_2bafp\" data-testid=\"richTextElement\">&nbsp;<\/div>\n<div id=\"comp-j9vix0pc\" class=\"_1P1ro\" aria-disabled=\"false\">&nbsp;<\/div>\n<div class=\"_1yvOl\">&nbsp;<\/div>\n<div id=\"comp-j9vix0s0\" class=\"_2bafp\" data-testid=\"richTextElement\">\n<p>&nbsp;<\/p>\n<\/div>\n<\/div>\n<\/div>\n<\/div>\n<div id=\"comp-j8luquap\" class=\"_2bafp\" data-testid=\"richTextElement\">\n<h4 class=\"font_4\">&nbsp;&nbsp;&nbsp;&nbsp;&nbsp;&nbsp;<\/h4>\n<h4 class=\"font_4\">&nbsp;<\/h4>\n<h4 class=\"font_4\">&nbsp;&nbsp;&nbsp;&nbsp;&nbsp;&nbsp;&nbsp;&nbsp;<\/h4>\n<\/div>\n<div id=\"comp-j8lup0g9\" class=\"Ued3M\" title=\"\">\n<div class=\"_2edl5\" data-testid=\"linkElement\">1 St\u00fcck CHF 5.40<\/div>\n<\/div>\n<div id=\"comp-j75079cn\" class=\"Ued3M\" title=\"\">\n<div class=\"_2edl5\" data-testid=\"linkElement\">&nbsp;<\/div>\n<\/div>\n<div id=\"comp-j8lup0gb\" class=\"Ued3M\" title=\"\">\n<div class=\"_2edl5\" data-testid=\"linkElement\">&nbsp;<\/div>\n<\/div>\n<p class=\"font_8\">&nbsp;<\/p>\n<p>&nbsp;<\/p>\n<p>&nbsp;<\/p>\n<p>&nbsp;<\/p>\n<div id=\"comp-j75079d8\" class=\"_2bafp\" data-testid=\"richTextElement\">\n<p>Was ist in den gr\u00fcnen HARMONIE HOPIsana-Ohrkerzen enthalten?<\/p>\n<p>Die verwendeten nat\u00fcrlichen Grundstoffe sind: ungebleichte BIO-Baumwolle (aus Schweizer Produktion), Bienenwachs, ungebleichtes Papier; Sicherheitsfilter aus ungebleichter Schweizer BIO-Wolle; Essenzen aus BIO-Lavendel und BIO-Zitronenmelisse, BIO-Schafgarbenkraut, BIO-Wegerichbl\u00e4tter. Diese nat\u00fcrlichen Pflanzen und Essenzen wurden aufgrund ihrer wohltuenden Wirkung ausgew\u00e4hlt, die seit Hunderten von Jahren bekannt ist.<\/p>\n<\/div>\n<hr>\n<h2 class=\"font_4\">Ohrkerzen TRADITION rot<\/h2>\n<h4 class=\"font_4\"><a href=\"https:\/\/bien-etreiris.ch\/wp-content\/uploads\/2021\/05\/rouge.jpg\"><img loading=\"lazy\" decoding=\"async\" class=\"alignleft wp-image-45994\" src=\"https:\/\/bien-etreiris.ch\/wp-content\/uploads\/2021\/05\/rouge.jpg\" alt=\"\" width=\"600\" height=\"395\" srcset=\"https:\/\/bien-etreiris.ch\/wp-content\/uploads\/2021\/05\/rouge.jpg 500w, https:\/\/bien-etreiris.ch\/wp-content\/uploads\/2021\/05\/rouge-300x197.jpg 300w\" sizes=\"auto, (max-width: 600px) 100vw, 600px\" \/><\/a><\/h4>\n<h4 class=\"font_4\">&nbsp;&nbsp;&nbsp;&nbsp;&nbsp;&nbsp;<\/h4>\n<p>&nbsp;<\/p>\n<p>&nbsp;<\/p>\n<p>&nbsp;<\/p>\n<p>&nbsp;<\/p>\n<p>1 St\u00fcck<strong> CHF 5.40<br><\/strong><\/p>\n<p>&nbsp;<\/p>\n<p>&nbsp;<\/p>\n<p>&nbsp;<\/p>\n<p>&nbsp;<\/p>\n<p>&nbsp;<\/p>\n<p>Was ist in den roten HOPIsana-Ohrkerzen TRADITION enthalten?<\/p>\n<p>Die verwendeten nat\u00fcrlichen Grundstoffe sind: ungebleichte BIO-Baumwolle (aus Schweizer Produktion), Bienenwachs, ungebleichtes Papier; Sicherheitsfilter aus ungebleichter Schweizer BIO-Schurwolle; Thymian\u00f6l BIO, Eukalyptus\u00f6l BIO und Lorbeer\u00f6l BIO; Geranium Robert's Kraut BIO. Diese nat\u00fcrlichen Pflanzen und Essenzen wurden aufgrund ihrer wohltuenden Wirkung ausgew\u00e4hlt, die seit Hunderten von Jahren bekannt ist.<\/p>\n<p>&nbsp;<\/p>\n<hr>\n<h2 class=\"font_4\">WELLNESS-Ohrkerzen rosa<\/h2>\n<h4 class=\"font_4\">&nbsp;&nbsp;&nbsp; <a href=\"https:\/\/bien-etreiris.ch\/wp-content\/uploads\/2021\/05\/rose.jpg\"><img loading=\"lazy\" decoding=\"async\" class=\"alignleft wp-image-45998\" src=\"https:\/\/bien-etreiris.ch\/wp-content\/uploads\/2021\/05\/rose-300x193.jpg\" alt=\"\" width=\"600\" height=\"386\" srcset=\"https:\/\/bien-etreiris.ch\/wp-content\/uploads\/2021\/05\/rose-300x193.jpg 300w, https:\/\/bien-etreiris.ch\/wp-content\/uploads\/2021\/05\/rose.jpg 761w\" sizes=\"auto, (max-width: 600px) 100vw, 600px\" \/><\/a>&nbsp;&nbsp;&nbsp;&nbsp;&nbsp;&nbsp;<\/h4>\n<p>&nbsp;<\/p>\n<p>&nbsp;<\/p>\n<p>&nbsp;<\/p>\n<p>&nbsp;<\/p>\n<p>&nbsp;<\/p>\n<p>1 St\u00fcck <strong>CHF 5.40<br><\/strong><\/p>\n<p>&nbsp;<\/p>\n<p>&nbsp;<\/p>\n<p>&nbsp;<\/p>\n<p>&nbsp;<\/p>\n<p>Was ist in den HOPIsana Ohrkerzen WELLNESS rosa enthalten?<\/p>\n<p>Die verwendeten nat\u00fcrlichen Grundstoffe sind: ungebleichte BIO-Baumwolle (aus Schweizer Produktion), Bienenwachs, ungebleichtes Papier; Sicherheitsfilter aus ungebleichter Schweizer BIO-Schurwolle, Muskatellersalbei\u00f6l BIO, Sandelholz, Haferstroh und Rosenbl\u00fcten, alle BIO. Diese Pflanzen wurden aufgrund ihrer seit Hunderten von Jahren bekannten Wirkung ausgew\u00e4hlt.<\/p>\n<p>&nbsp;<\/p>\n<hr>\n<h2 class=\"font_4\">Blaue SENIOR-Ohrkerzen<\/h2>\n<p><a href=\"https:\/\/bien-etreiris.ch\/wp-content\/uploads\/2021\/05\/bleu.jpg\"><img loading=\"lazy\" decoding=\"async\" class=\"alignleft wp-image-46001\" src=\"https:\/\/bien-etreiris.ch\/wp-content\/uploads\/2021\/05\/bleu-300x196.jpg\" alt=\"\" width=\"600\" height=\"393\" srcset=\"https:\/\/bien-etreiris.ch\/wp-content\/uploads\/2021\/05\/bleu-300x196.jpg 300w, https:\/\/bien-etreiris.ch\/wp-content\/uploads\/2021\/05\/bleu.jpg 758w\" sizes=\"auto, (max-width: 600px) 100vw, 600px\" \/><\/a><\/p>\n<p>&nbsp;<\/p>\n<p>&nbsp;<\/p>\n<p>&nbsp;<\/p>\n<p>&nbsp;<\/p>\n<p>&nbsp;<\/p>\n<p>1 St\u00fcck <strong>CHF 5.40<br><\/strong><\/p>\n<p>&nbsp;<\/p>\n<p>&nbsp;<\/p>\n<p>&nbsp;<\/p>\n<p>&nbsp;<\/p>\n<p>&nbsp;<\/p>\n<p>Was ist in den blauen HOPIsana Ohrkerzen SENIOR enthalten?<\/p>\n<p>Die verwendeten nat\u00fcrlichen Grundstoffe sind: ungebleichte BIO-Baumwolle (aus Schweizer Produktion), Bienenwachs, ungebleichtes Papier; Sicherheitsfilter aus ungebleichter BIO-Schweizer Wolle; Ginkgo biloba D1, Sabal serrulata D1, Magnesiumphosphat D12, Causticum D30 und Belladonna D12. Diese nat\u00fcrlichen Pflanzen und Mineralien wurden aufgrund ihrer wohltuenden Wirkung ausgew\u00e4hlt, die seit Hunderten von Jahren bekannt ist.<\/p>\n<p>&nbsp;<\/p>\n<hr>\n<h2 class=\"font_4\">Ohrkerzen JUNIOR Kinder<\/h2>\n<p><a href=\"https:\/\/bien-etreiris.ch\/wp-content\/uploads\/2021\/05\/enfant.jpg\"><img loading=\"lazy\" decoding=\"async\" class=\"alignleft wp-image-46004\" src=\"https:\/\/bien-etreiris.ch\/wp-content\/uploads\/2021\/05\/enfant-300x195.jpg\" alt=\"\" width=\"600\" height=\"390\" srcset=\"https:\/\/bien-etreiris.ch\/wp-content\/uploads\/2021\/05\/enfant-300x195.jpg 300w, https:\/\/bien-etreiris.ch\/wp-content\/uploads\/2021\/05\/enfant.jpg 758w\" sizes=\"auto, (max-width: 600px) 100vw, 600px\" \/><\/a><\/p>\n<p>&nbsp;<\/p>\n<p>&nbsp;<\/p>\n<p>&nbsp;<\/p>\n<p>&nbsp;<\/p>\n<p>&nbsp;<\/p>\n<p>1 St\u00fcck <strong>CHF 5.40<br><\/strong><\/p>\n<p>&nbsp;<\/p>\n<p>&nbsp;<\/p>\n<p>&nbsp;<\/p>\n<p>&nbsp;<\/p>\n<p>&nbsp;<\/p>\n<p>Was ist in den roten HOPIsana JUNIOR Ohrkerzen enthalten?<\/p>\n<p>Die verwendeten nat\u00fcrlichen Grundstoffe sind: ungebleichte BIO-Baumwolle (aus Schweizer Produktion), Bienenwachs, ungebleichtes Papier; Sicherheitsfilter aus ungebleichter Schweizer BIO-Schurwolle; Thymian\u00f6l BIO, Eukalyptus\u00f6l BIO und Lorbeer\u00f6l BIO; Geranium Robert's Gras BIO. Diese nat\u00fcrlichen Pflanzen und Essenzen wurden aufgrund ihrer wohltuenden Wirkung ausgew\u00e4hlt, die seit Hunderten von Jahren bekannt ist.<\/p>\n<p>&nbsp;<\/p>\n","protected":false},"excerpt":{"rendered":"<p>&nbsp; Wir sind ein kleiner Schweizer Handwerksbetrieb, der sich auf die Herstellung von Bienenwachsprodukten spezialisiert hat. Seit 1992 stellen wir HOPIsana Ohr- und K\u00f6rperkerzen sowie Bienenwachskompressen her. Unser Ziel ist es, erstklassige, 100% nat\u00fcrliche Pr\u00e4parate aus zertifizierten Grundstoffen zu liefern, deren Wirksamkeit auf empirischen phytotherapeutischen Erfahrungen beruht. Alle unsere Produkte werden in der Schweiz von Hand hergestellt. In den folgenden&nbsp;<a href=\"https:\/\/bien-etreiris.ch\/de\/produktpraesentation\/natuerliche-heilmittel\/sinnesorgane\/ohren\/hopi-sana\/\" class=\"read-more\">Weiter lesen<\/a><\/p>\n","protected":false},"author":1,"featured_media":45983,"parent":62728,"menu_order":3738,"comment_status":"closed","ping_status":"closed","template":"page-with-child.php","meta":{"_acf_changed":false,"ngg_post_thumbnail":0,"footnotes":""},"class_list":["post-68284","page","type-page","status-publish","has-post-thumbnail","hentry"],"acf":[],"yoast_head":"<!-- This site is optimized with the Yoast SEO plugin v27.4 - https:\/\/yoast.com\/product\/yoast-seo-wordpress\/ -->\n<title>HOPI SANA - WOHLBEFINDEN<\/title>\n<meta name=\"robots\" content=\"index, follow, max-snippet:-1, max-image-preview:large, max-video-preview:-1\" \/>\n<link rel=\"canonical\" href=\"https:\/\/bien-etreiris.ch\/de\/produktpraesentation\/natuerliche-heilmittel\/sinnesorgane\/ohren\/hopi-sana\/\" \/>\n<meta property=\"og:locale\" content=\"de_DE\" \/>\n<meta property=\"og:type\" content=\"article\" \/>\n<meta property=\"og:title\" content=\"HOPI SANA - WOHLBEFINDEN\" \/>\n<meta property=\"og:description\" content=\"&nbsp; Wir sind ein kleiner Schweizer Handwerksbetrieb, der sich auf die Herstellung von Bienenwachsprodukten spezialisiert hat. Seit 1992 stellen wir HOPIsana Ohr- und K\u00f6rperkerzen sowie Bienenwachskompressen her. Unser Ziel ist es, erstklassige, 100% nat\u00fcrliche Pr\u00e4parate aus zertifizierten Grundstoffen zu liefern, deren Wirksamkeit auf empirischen phytotherapeutischen Erfahrungen beruht. Alle unsere Produkte werden in der Schweiz von Hand hergestellt. In den folgenden&nbsp;Weiter lesen\" \/>\n<meta property=\"og:url\" content=\"https:\/\/bien-etreiris.ch\/de\/produktpraesentation\/natuerliche-heilmittel\/sinnesorgane\/ohren\/hopi-sana\/\" \/>\n<meta property=\"og:site_name\" content=\"WOHLBEFINDEN\" \/>\n<meta property=\"article:publisher\" content=\"https:\/\/www.facebook.com\/bienetreiris\/\" \/>\n<meta property=\"article:modified_time\" content=\"2023-04-20T15:47:55+00:00\" \/>\n<meta property=\"og:image\" content=\"https:\/\/bien-etreiris.ch\/wp-content\/uploads\/2021\/05\/Hopisana.png\" \/>\n\t<meta property=\"og:image:width\" content=\"500\" \/>\n\t<meta property=\"og:image:height\" content=\"335\" \/>\n\t<meta property=\"og:image:type\" content=\"image\/png\" \/>\n<meta name=\"twitter:label1\" content=\"Gesch\u00e4tzte Lesezeit\" \/>\n\t<meta name=\"twitter:data1\" content=\"4\u00a0Minuten\" \/>\n<script type=\"application\/ld+json\" class=\"yoast-schema-graph\">{\"@context\":\"https:\\\/\\\/schema.org\",\"@graph\":[{\"@type\":\"WebPage\",\"@id\":\"https:\\\/\\\/bien-etreiris.ch\\\/de\\\/produktpraesentation\\\/natuerliche-heilmittel\\\/sinnesorgane\\\/ohren\\\/hopi-sana\\\/\",\"url\":\"https:\\\/\\\/bien-etreiris.ch\\\/de\\\/produktpraesentation\\\/natuerliche-heilmittel\\\/sinnesorgane\\\/ohren\\\/hopi-sana\\\/\",\"name\":\"HOPI SANA - WOHLBEFINDEN\",\"isPartOf\":{\"@id\":\"https:\\\/\\\/bien-etreiris.ch\\\/de\\\/#website\"},\"primaryImageOfPage\":{\"@id\":\"https:\\\/\\\/bien-etreiris.ch\\\/de\\\/produktpraesentation\\\/natuerliche-heilmittel\\\/sinnesorgane\\\/ohren\\\/hopi-sana\\\/#primaryimage\"},\"image\":{\"@id\":\"https:\\\/\\\/bien-etreiris.ch\\\/de\\\/produktpraesentation\\\/natuerliche-heilmittel\\\/sinnesorgane\\\/ohren\\\/hopi-sana\\\/#primaryimage\"},\"thumbnailUrl\":\"https:\\\/\\\/bien-etreiris.ch\\\/wp-content\\\/uploads\\\/2021\\\/05\\\/Hopisana.png\",\"datePublished\":\"2023-04-20T15:08:50+00:00\",\"dateModified\":\"2023-04-20T15:47:55+00:00\",\"breadcrumb\":{\"@id\":\"https:\\\/\\\/bien-etreiris.ch\\\/de\\\/produktpraesentation\\\/natuerliche-heilmittel\\\/sinnesorgane\\\/ohren\\\/hopi-sana\\\/#breadcrumb\"},\"inLanguage\":\"de\",\"potentialAction\":[{\"@type\":\"ReadAction\",\"target\":[\"https:\\\/\\\/bien-etreiris.ch\\\/de\\\/produktpraesentation\\\/natuerliche-heilmittel\\\/sinnesorgane\\\/ohren\\\/hopi-sana\\\/\"]}]},{\"@type\":\"ImageObject\",\"inLanguage\":\"de\",\"@id\":\"https:\\\/\\\/bien-etreiris.ch\\\/de\\\/produktpraesentation\\\/natuerliche-heilmittel\\\/sinnesorgane\\\/ohren\\\/hopi-sana\\\/#primaryimage\",\"url\":\"https:\\\/\\\/bien-etreiris.ch\\\/wp-content\\\/uploads\\\/2021\\\/05\\\/Hopisana.png\",\"contentUrl\":\"https:\\\/\\\/bien-etreiris.ch\\\/wp-content\\\/uploads\\\/2021\\\/05\\\/Hopisana.png\",\"width\":500,\"height\":335},{\"@type\":\"BreadcrumbList\",\"@id\":\"https:\\\/\\\/bien-etreiris.ch\\\/de\\\/produktpraesentation\\\/natuerliche-heilmittel\\\/sinnesorgane\\\/ohren\\\/hopi-sana\\\/#breadcrumb\",\"itemListElement\":[{\"@type\":\"ListItem\",\"position\":1,\"name\":\"Home\",\"item\":\"https:\\\/\\\/bien-etreiris.ch\\\/de\\\/\"},{\"@type\":\"ListItem\",\"position\":2,\"name\":\"PRODUKTPR\u00c4SENTATION\",\"item\":\"https:\\\/\\\/bien-etreiris.ch\\\/de\\\/produktpraesentation\\\/\"},{\"@type\":\"ListItem\",\"position\":3,\"name\":\"NAT\u00dcRLICHE HEILMITTEL\",\"item\":\"https:\\\/\\\/bien-etreiris.ch\\\/de\\\/produktpraesentation\\\/natuerliche-heilmittel\\\/\"},{\"@type\":\"ListItem\",\"position\":4,\"name\":\"SINNESORGANE\",\"item\":\"https:\\\/\\\/bien-etreiris.ch\\\/de\\\/produktpraesentation\\\/natuerliche-heilmittel\\\/sinnesorgane\\\/\"},{\"@type\":\"ListItem\",\"position\":5,\"name\":\"OHREN\",\"item\":\"https:\\\/\\\/bien-etreiris.ch\\\/de\\\/produktpraesentation\\\/natuerliche-heilmittel\\\/sinnesorgane\\\/ohren\\\/\"},{\"@type\":\"ListItem\",\"position\":6,\"name\":\"HOPI SANA\"}]},{\"@type\":\"WebSite\",\"@id\":\"https:\\\/\\\/bien-etreiris.ch\\\/de\\\/#website\",\"url\":\"https:\\\/\\\/bien-etreiris.ch\\\/de\\\/\",\"name\":\"Bien-\u00eatre Iris\",\"description\":\"IHRE Gesundheit ist uns wichtig\",\"potentialAction\":[{\"@type\":\"SearchAction\",\"target\":{\"@type\":\"EntryPoint\",\"urlTemplate\":\"https:\\\/\\\/bien-etreiris.ch\\\/de\\\/?s={search_term_string}\"},\"query-input\":{\"@type\":\"PropertyValueSpecification\",\"valueRequired\":true,\"valueName\":\"search_term_string\"}}],\"inLanguage\":\"de\"}]}<\/script>\n<!-- \/ Yoast SEO plugin. -->","yoast_head_json":{"title":"HOPI SANA - WOHLBEFINDEN","robots":{"index":"index","follow":"follow","max-snippet":"max-snippet:-1","max-image-preview":"max-image-preview:large","max-video-preview":"max-video-preview:-1"},"canonical":"https:\/\/bien-etreiris.ch\/de\/produktpraesentation\/natuerliche-heilmittel\/sinnesorgane\/ohren\/hopi-sana\/","og_locale":"de_DE","og_type":"article","og_title":"HOPI SANA - WOHLBEFINDEN","og_description":"&nbsp; Wir sind ein kleiner Schweizer Handwerksbetrieb, der sich auf die Herstellung von Bienenwachsprodukten spezialisiert hat. Seit 1992 stellen wir HOPIsana Ohr- und K\u00f6rperkerzen sowie Bienenwachskompressen her. Unser Ziel ist es, erstklassige, 100% nat\u00fcrliche Pr\u00e4parate aus zertifizierten Grundstoffen zu liefern, deren Wirksamkeit auf empirischen phytotherapeutischen Erfahrungen beruht. Alle unsere Produkte werden in der Schweiz von Hand hergestellt. In den folgenden&nbsp;Weiter lesen","og_url":"https:\/\/bien-etreiris.ch\/de\/produktpraesentation\/natuerliche-heilmittel\/sinnesorgane\/ohren\/hopi-sana\/","og_site_name":"WOHLBEFINDEN","article_publisher":"https:\/\/www.facebook.com\/bienetreiris\/","article_modified_time":"2023-04-20T15:47:55+00:00","og_image":[{"width":500,"height":335,"url":"https:\/\/bien-etreiris.ch\/wp-content\/uploads\/2021\/05\/Hopisana.png","type":"image\/png"}],"twitter_misc":{"Gesch\u00e4tzte Lesezeit":"4\u00a0Minuten"},"schema":{"@context":"https:\/\/schema.org","@graph":[{"@type":"WebPage","@id":"https:\/\/bien-etreiris.ch\/de\/produktpraesentation\/natuerliche-heilmittel\/sinnesorgane\/ohren\/hopi-sana\/","url":"https:\/\/bien-etreiris.ch\/de\/produktpraesentation\/natuerliche-heilmittel\/sinnesorgane\/ohren\/hopi-sana\/","name":"HOPI SANA - WOHLBEFINDEN","isPartOf":{"@id":"https:\/\/bien-etreiris.ch\/de\/#website"},"primaryImageOfPage":{"@id":"https:\/\/bien-etreiris.ch\/de\/produktpraesentation\/natuerliche-heilmittel\/sinnesorgane\/ohren\/hopi-sana\/#primaryimage"},"image":{"@id":"https:\/\/bien-etreiris.ch\/de\/produktpraesentation\/natuerliche-heilmittel\/sinnesorgane\/ohren\/hopi-sana\/#primaryimage"},"thumbnailUrl":"https:\/\/bien-etreiris.ch\/wp-content\/uploads\/2021\/05\/Hopisana.png","datePublished":"2023-04-20T15:08:50+00:00","dateModified":"2023-04-20T15:47:55+00:00","breadcrumb":{"@id":"https:\/\/bien-etreiris.ch\/de\/produktpraesentation\/natuerliche-heilmittel\/sinnesorgane\/ohren\/hopi-sana\/#breadcrumb"},"inLanguage":"de","potentialAction":[{"@type":"ReadAction","target":["https:\/\/bien-etreiris.ch\/de\/produktpraesentation\/natuerliche-heilmittel\/sinnesorgane\/ohren\/hopi-sana\/"]}]},{"@type":"ImageObject","inLanguage":"de","@id":"https:\/\/bien-etreiris.ch\/de\/produktpraesentation\/natuerliche-heilmittel\/sinnesorgane\/ohren\/hopi-sana\/#primaryimage","url":"https:\/\/bien-etreiris.ch\/wp-content\/uploads\/2021\/05\/Hopisana.png","contentUrl":"https:\/\/bien-etreiris.ch\/wp-content\/uploads\/2021\/05\/Hopisana.png","width":500,"height":335},{"@type":"BreadcrumbList","@id":"https:\/\/bien-etreiris.ch\/de\/produktpraesentation\/natuerliche-heilmittel\/sinnesorgane\/ohren\/hopi-sana\/#breadcrumb","itemListElement":[{"@type":"ListItem","position":1,"name":"Home","item":"https:\/\/bien-etreiris.ch\/de\/"},{"@type":"ListItem","position":2,"name":"PRODUKTPR\u00c4SENTATION","item":"https:\/\/bien-etreiris.ch\/de\/produktpraesentation\/"},{"@type":"ListItem","position":3,"name":"NAT\u00dcRLICHE HEILMITTEL","item":"https:\/\/bien-etreiris.ch\/de\/produktpraesentation\/natuerliche-heilmittel\/"},{"@type":"ListItem","position":4,"name":"SINNESORGANE","item":"https:\/\/bien-etreiris.ch\/de\/produktpraesentation\/natuerliche-heilmittel\/sinnesorgane\/"},{"@type":"ListItem","position":5,"name":"OHREN","item":"https:\/\/bien-etreiris.ch\/de\/produktpraesentation\/natuerliche-heilmittel\/sinnesorgane\/ohren\/"},{"@type":"ListItem","position":6,"name":"HOPI SANA"}]},{"@type":"WebSite","@id":"https:\/\/bien-etreiris.ch\/de\/#website","url":"https:\/\/bien-etreiris.ch\/de\/","name":"Bien-\u00eatre Iris","description":"IHRE Gesundheit ist uns wichtig","potentialAction":[{"@type":"SearchAction","target":{"@type":"EntryPoint","urlTemplate":"https:\/\/bien-etreiris.ch\/de\/?s={search_term_string}"},"query-input":{"@type":"PropertyValueSpecification","valueRequired":true,"valueName":"search_term_string"}}],"inLanguage":"de"}]}},"_links":{"self":[{"href":"https:\/\/bien-etreiris.ch\/de\/wp-json\/wp\/v2\/pages\/68284","targetHints":{"allow":["GET"]}}],"collection":[{"href":"https:\/\/bien-etreiris.ch\/de\/wp-json\/wp\/v2\/pages"}],"about":[{"href":"https:\/\/bien-etreiris.ch\/de\/wp-json\/wp\/v2\/types\/page"}],"author":[{"embeddable":true,"href":"https:\/\/bien-etreiris.ch\/de\/wp-json\/wp\/v2\/users\/1"}],"replies":[{"embeddable":true,"href":"https:\/\/bien-etreiris.ch\/de\/wp-json\/wp\/v2\/comments?post=68284"}],"version-history":[{"count":2,"href":"https:\/\/bien-etreiris.ch\/de\/wp-json\/wp\/v2\/pages\/68284\/revisions"}],"predecessor-version":[{"id":68308,"href":"https:\/\/bien-etreiris.ch\/de\/wp-json\/wp\/v2\/pages\/68284\/revisions\/68308"}],"up":[{"embeddable":true,"href":"https:\/\/bien-etreiris.ch\/de\/wp-json\/wp\/v2\/pages\/62728"}],"wp:featuredmedia":[{"embeddable":true,"href":"https:\/\/bien-etreiris.ch\/de\/wp-json\/wp\/v2\/media\/45983"}],"wp:attachment":[{"href":"https:\/\/bien-etreiris.ch\/de\/wp-json\/wp\/v2\/media?parent=68284"}],"curies":[{"name":"wp","href":"https:\/\/api.w.org\/{rel}","templated":true}]}}