{"id":68130,"date":"2023-04-08T11:41:56","date_gmt":"2023-04-08T09:41:56","guid":{"rendered":"https:\/\/bien-etreiris.ch\/produktpraesentation\/gesundes-leben\/gesunde-lebensmittel\/cuisine-rapide\/risotto-aux-bolets-et-a-la-tomate\/"},"modified":"2023-04-08T11:44:32","modified_gmt":"2023-04-08T09:44:32","slug":"risotto-aux-bolets-et-a-la-tomate","status":"publish","type":"page","link":"https:\/\/bien-etreiris.ch\/de\/produktpraesentation\/gesundes-leben\/gesunde-lebensmittel\/cuisine-rapide\/risotto-aux-bolets-et-a-la-tomate\/","title":{"rendered":"RISOTTO AUX BOLETS"},"content":{"rendered":"\n\n\n<h2>Risotto aux Bolets et \u00e0 la tomate<\/h2>\n<p><img loading=\"lazy\" decoding=\"async\" class=\"wp-image-68124 alignleft\" src=\"https:\/\/bien-etreiris.ch\/wp-content\/uploads\/2023\/04\/Risotto-avec-Bolet-Tomate.jpg\" alt=\"\" width=\"359\" height=\"373\" srcset=\"https:\/\/bien-etreiris.ch\/wp-content\/uploads\/2023\/04\/Risotto-avec-Bolet-Tomate.jpg 1848w, https:\/\/bien-etreiris.ch\/wp-content\/uploads\/2023\/04\/Risotto-avec-Bolet-Tomate-289x300.jpg 289w, https:\/\/bien-etreiris.ch\/wp-content\/uploads\/2023\/04\/Risotto-avec-Bolet-Tomate-986x1024.jpg 986w, https:\/\/bien-etreiris.ch\/wp-content\/uploads\/2023\/04\/Risotto-avec-Bolet-Tomate-768x798.jpg 768w, https:\/\/bien-etreiris.ch\/wp-content\/uploads\/2023\/04\/Risotto-avec-Bolet-Tomate-1478x1536.jpg 1478w\" sizes=\"auto, (max-width: 359px) 100vw, 359px\" \/><\/p>\n<p><img loading=\"lazy\" decoding=\"async\" class=\"alignnone  wp-image-68121\" src=\"https:\/\/bien-etreiris.ch\/wp-content\/uploads\/2023\/04\/acceuil-risotto-aux-bolets-et-tomates.png\" alt=\"\" width=\"447\" height=\"298\" srcset=\"https:\/\/bien-etreiris.ch\/wp-content\/uploads\/2023\/04\/acceuil-risotto-aux-bolets-et-tomates.png 500w, https:\/\/bien-etreiris.ch\/wp-content\/uploads\/2023\/04\/acceuil-risotto-aux-bolets-et-tomates-300x200.png 300w\" sizes=\"auto, (max-width: 447px) 100vw, 447px\" \/><br>&nbsp;<\/p>\n<p>&nbsp;<\/p>\n<h4>1 sachet \u00e0 150 g \u00e0 CHF 4.10<\/h4>\n<p>&nbsp;<\/p>\n<h4>Pr\u00e9paration pour 2-3 portions<\/h4>\n<p>Pr\u00e9parer d'abord 450-500 ml de bouillon chaud. Faire revenir le m\u00e9lange de risotto dans une casserole avec un peu de beurre ou d'huile jusqu'\u00e0 ce qu'il devienne translucide. Mouiller le riz avec un peu de vin blanc ou de bouillon. R\u00e9duire le feu et laisser mijoter le risotto pendant environ 15-20 minutes en remuant constamment. D\u00e8s que le liquide s'est \u00e9vapor\u00e9, rajouter du bouillon petit \u00e0 petit. Le risotto est pr\u00eat lorsque le riz est encore l\u00e9g\u00e8rement croquant.<\/p>\n<p>&nbsp;<\/p>\n<p>CONSEIL : Avec des herbes hach\u00e9es et du parmesan r\u00e2p\u00e9, le risotto devient \u00e9pic\u00e9 et cr\u00e9meux.<\/p>\n<h4>Valeurs nutritives<\/h4>\n<ul style=\"list-style-type: disc;\">\n<li>Energie \/ valeur \u00e9nerg\u00e9tique en kJ 1402<\/li>\n<li>Energie \/ valeur \u00e9nerg\u00e9tique en kcal 331<\/li>\n<li>Mati\u00e8res grasses en g 1,4<\/li>\n<li>Dont acides gras satur\u00e9s en g 0,5<\/li>\n<li>Glucides en g 69,0<\/li>\n<li>Dont sucre en g 2,0<\/li>\n<li>Fibres alimentaires en g 5,4<\/li>\n<li>Prot\u00e9ines en g 7,9<\/li>\n<li>Sel en g 0,02<\/li>\n<\/ul>\n<h4><br>Ingr\u00e9dients<\/h4>\n<p>riz pour risotto pr\u00e9cuit \u00e0 la vapeur*, l\u00e9gumes s\u00e9ch\u00e9s* 8% (oignons*, tomates*), c\u00e8pes s\u00e9ch\u00e9s* 4%, persil*.<br>*de culture biologique contr\u00f4l\u00e9e<\/p>\n<p>&nbsp;<\/p>\n<p>&nbsp;<\/p>\n<p>&nbsp;<\/p>\n<h2>Risotto aux bolets et \u00e0 la tomate avec une alternative \u00e0 la viande<\/h2>\n<p><img loading=\"lazy\" decoding=\"async\" class=\"wp-image-68118 alignleft\" src=\"https:\/\/bien-etreiris.ch\/wp-content\/uploads\/2023\/04\/Risotto-avec-Bolet-Tomate-et-alternative-a-la-viande-1.jpg\" alt=\"\" width=\"353\" height=\"367\" srcset=\"https:\/\/bien-etreiris.ch\/wp-content\/uploads\/2023\/04\/Risotto-avec-Bolet-Tomate-et-alternative-a-la-viande-1.jpg 1847w, https:\/\/bien-etreiris.ch\/wp-content\/uploads\/2023\/04\/Risotto-avec-Bolet-Tomate-et-alternative-a-la-viande-1-289x300.jpg 289w, https:\/\/bien-etreiris.ch\/wp-content\/uploads\/2023\/04\/Risotto-avec-Bolet-Tomate-et-alternative-a-la-viande-1-985x1024.jpg 985w, https:\/\/bien-etreiris.ch\/wp-content\/uploads\/2023\/04\/Risotto-avec-Bolet-Tomate-et-alternative-a-la-viande-1-768x798.jpg 768w, https:\/\/bien-etreiris.ch\/wp-content\/uploads\/2023\/04\/Risotto-avec-Bolet-Tomate-et-alternative-a-la-viande-1-1478x1536.jpg 1478w\" sizes=\"auto, (max-width: 353px) 100vw, 353px\" \/><\/p>\n\n\n\n<p>&nbsp;<\/p>\n<p>&nbsp;<\/p>\n<p>&nbsp;<\/p>\n<p>&nbsp;<\/p>\n<p>&nbsp;<\/p>\n<p>&nbsp;<\/p>\n<p>&nbsp;<\/p>\n<h4>1 sachet \u00e0 180 g CHF &lt;4.60<\/h4>\n<p>&nbsp;<\/p>\n<p>&nbsp;<\/p>\n<p>&nbsp;<\/p>\n<p>Le meilleur riz Arborio affin\u00e9 avec des bolets, des herbes aromatiques et une alternative de viande bio \u00e0 base de pois et de f\u00e8ves donne au risotto un go\u00fbt incomparable. Riche en prot\u00e9ines &amp; v\u00e9g\u00e9talien<\/p>\n<h4>Pr\u00e9paration pour 3-4 portions<\/h4>\n<p>Pr\u00e9parer d'abord 500-550 ml d'eau chaude l\u00e9g\u00e8rement sal\u00e9e. Faire revenir le m\u00e9lange de risotto dans une casserole avec un peu de beurre ou d'huile jusqu'\u00e0 ce qu'il devienne translucide. Mouiller le riz avec un peu de vin blanc ou d'eau. R\u00e9duire le feu et laisser mijoter le risotto pendant environ 15-20 minutes en remuant constamment. D\u00e8s que le liquide s'est \u00e9vapor\u00e9, ajouter de l'eau sal\u00e9e petit \u00e0 petit. Le risotto est pr\u00eat lorsque le riz est encore l\u00e9g\u00e8rement croquant.<\/p>\n<p>&nbsp;<\/p>\n<p>CONSEIL : Avec des herbes hach\u00e9es et du parmesan r\u00e2p\u00e9, le risotto devient \u00e9pic\u00e9 et cr\u00e9meux.<\/p>\n<p>&nbsp;<\/p>\n<h4><br>Valeurs nutritives<\/h4>\n<ul style=\"list-style-type: disc;\">\n<li>Energie \/ valeur \u00e9nerg\u00e9tique en kJ 1404<\/li>\n<li>Energie \/ valeur \u00e9nerg\u00e9tique en kcal 332<\/li>\n<li>Mati\u00e8res grasses en g 1,4<\/li>\n<li>Dont acides gras satur\u00e9s en g 0,3<\/li>\n<li>Glucides en g 59,0<\/li>\n<li>Dont sucre en g 2,3<\/li>\n<li>Fibres alimentaires en g 7,5<\/li>\n<li>Prot\u00e9ines en g 17,0<\/li>\n<li>Sel en g 0,26<\/li>\n<\/ul>\n<p>&nbsp;<\/p>\n<h4>Ingr\u00e9dients<\/h4>\n<p>Riz blanc pour risotto* 69,5%, viande textur\u00e9e alternative* 20% (prot\u00e9ines de pois* 79,8%, prot\u00e9ines de f\u00e8ves de Faba* 19%, sel), l\u00e9gumes* d\u00e9shydrat\u00e9s 6,7% (oignons*, tomates*), c\u00e8pes* d\u00e9shydrat\u00e9s 3,3%, persil*.<br>*Contr\u00f4l\u00e9 de l'agriculture biologique<\/p>\n","protected":false},"excerpt":{"rendered":"<p>Risotto aux Bolets et \u00e0 la tomate &nbsp; &nbsp; 1 sachet \u00e0 150 g \u00e0 CHF 4.10 &nbsp; Pr\u00e9paration pour 2-3 portions Pr\u00e9parer d'abord 450-500 ml de bouillon chaud. Faire revenir le m\u00e9lange de risotto dans une casserole avec un peu de beurre ou d'huile jusqu'\u00e0 ce qu'il devienne translucide. Mouiller le riz avec un peu de vin blanc ou&nbsp;<a href=\"https:\/\/bien-etreiris.ch\/de\/produktpraesentation\/gesundes-leben\/gesunde-lebensmittel\/cuisine-rapide\/risotto-aux-bolets-et-a-la-tomate\/\" class=\"read-more\">Weiter lesen<\/a><\/p>\n","protected":false},"author":1,"featured_media":68123,"parent":67971,"menu_order":3753,"comment_status":"closed","ping_status":"closed","template":"page-with-child.php","meta":{"_acf_changed":false,"ngg_post_thumbnail":0,"footnotes":""},"class_list":["post-68130","page","type-page","status-publish","has-post-thumbnail","hentry"],"acf":[],"yoast_head":"<!-- This site is optimized with the Yoast SEO plugin v27.5 - https:\/\/yoast.com\/product\/yoast-seo-wordpress\/ -->\n<title>RISOTTO AUX BOLETS - WOHLBEFINDEN<\/title>\n<meta name=\"robots\" content=\"index, follow, max-snippet:-1, max-image-preview:large, max-video-preview:-1\" \/>\n<link rel=\"canonical\" href=\"https:\/\/bien-etreiris.ch\/de\/produktpraesentation\/gesundes-leben\/gesunde-lebensmittel\/cuisine-rapide\/risotto-aux-bolets-et-a-la-tomate\/\" \/>\n<meta property=\"og:locale\" content=\"de_DE\" \/>\n<meta property=\"og:type\" content=\"article\" \/>\n<meta property=\"og:title\" content=\"RISOTTO AUX BOLETS - WOHLBEFINDEN\" \/>\n<meta property=\"og:description\" content=\"Risotto aux Bolets et \u00e0 la tomate &nbsp; &nbsp; 1 sachet \u00e0 150 g \u00e0 CHF 4.10 &nbsp; Pr\u00e9paration pour 2-3 portions Pr\u00e9parer d&#039;abord 450-500 ml de bouillon chaud. Faire revenir le m\u00e9lange de risotto dans une casserole avec un peu de beurre ou d&#039;huile jusqu&#039;\u00e0 ce qu&#039;il devienne translucide. Mouiller le riz avec un peu de vin blanc ou&nbsp;Weiter lesen\" \/>\n<meta property=\"og:url\" content=\"https:\/\/bien-etreiris.ch\/de\/produktpraesentation\/gesundes-leben\/gesunde-lebensmittel\/cuisine-rapide\/risotto-aux-bolets-et-a-la-tomate\/\" \/>\n<meta property=\"og:site_name\" content=\"WOHLBEFINDEN\" \/>\n<meta property=\"article:publisher\" content=\"https:\/\/www.facebook.com\/bienetreiris\/\" \/>\n<meta property=\"article:modified_time\" content=\"2023-04-08T09:44:32+00:00\" \/>\n<meta property=\"og:image\" content=\"https:\/\/bien-etreiris.ch\/wp-content\/uploads\/2023\/04\/acceuil-risotto-aux-bolets-et-tomates.png\" \/>\n\t<meta property=\"og:image:width\" content=\"500\" \/>\n\t<meta property=\"og:image:height\" content=\"333\" \/>\n\t<meta property=\"og:image:type\" content=\"image\/png\" \/>\n<meta name=\"twitter:label1\" content=\"Gesch\u00e4tzte Lesezeit\" \/>\n\t<meta name=\"twitter:data1\" content=\"3\u00a0Minuten\" \/>\n<script type=\"application\/ld+json\" class=\"yoast-schema-graph\">{\"@context\":\"https:\\\/\\\/schema.org\",\"@graph\":[{\"@type\":\"WebPage\",\"@id\":\"https:\\\/\\\/bien-etreiris.ch\\\/de\\\/produktpraesentation\\\/gesundes-leben\\\/gesunde-lebensmittel\\\/cuisine-rapide\\\/risotto-aux-bolets-et-a-la-tomate\\\/\",\"url\":\"https:\\\/\\\/bien-etreiris.ch\\\/de\\\/produktpraesentation\\\/gesundes-leben\\\/gesunde-lebensmittel\\\/cuisine-rapide\\\/risotto-aux-bolets-et-a-la-tomate\\\/\",\"name\":\"RISOTTO AUX BOLETS - WOHLBEFINDEN\",\"isPartOf\":{\"@id\":\"https:\\\/\\\/bien-etreiris.ch\\\/de\\\/#website\"},\"primaryImageOfPage\":{\"@id\":\"https:\\\/\\\/bien-etreiris.ch\\\/de\\\/produktpraesentation\\\/gesundes-leben\\\/gesunde-lebensmittel\\\/cuisine-rapide\\\/risotto-aux-bolets-et-a-la-tomate\\\/#primaryimage\"},\"image\":{\"@id\":\"https:\\\/\\\/bien-etreiris.ch\\\/de\\\/produktpraesentation\\\/gesundes-leben\\\/gesunde-lebensmittel\\\/cuisine-rapide\\\/risotto-aux-bolets-et-a-la-tomate\\\/#primaryimage\"},\"thumbnailUrl\":\"https:\\\/\\\/bien-etreiris.ch\\\/wp-content\\\/uploads\\\/2023\\\/04\\\/acceuil-risotto-aux-bolets-et-tomates.png\",\"datePublished\":\"2023-04-08T09:41:56+00:00\",\"dateModified\":\"2023-04-08T09:44:32+00:00\",\"breadcrumb\":{\"@id\":\"https:\\\/\\\/bien-etreiris.ch\\\/de\\\/produktpraesentation\\\/gesundes-leben\\\/gesunde-lebensmittel\\\/cuisine-rapide\\\/risotto-aux-bolets-et-a-la-tomate\\\/#breadcrumb\"},\"inLanguage\":\"de\",\"potentialAction\":[{\"@type\":\"ReadAction\",\"target\":[\"https:\\\/\\\/bien-etreiris.ch\\\/de\\\/produktpraesentation\\\/gesundes-leben\\\/gesunde-lebensmittel\\\/cuisine-rapide\\\/risotto-aux-bolets-et-a-la-tomate\\\/\"]}]},{\"@type\":\"ImageObject\",\"inLanguage\":\"de\",\"@id\":\"https:\\\/\\\/bien-etreiris.ch\\\/de\\\/produktpraesentation\\\/gesundes-leben\\\/gesunde-lebensmittel\\\/cuisine-rapide\\\/risotto-aux-bolets-et-a-la-tomate\\\/#primaryimage\",\"url\":\"https:\\\/\\\/bien-etreiris.ch\\\/wp-content\\\/uploads\\\/2023\\\/04\\\/acceuil-risotto-aux-bolets-et-tomates.png\",\"contentUrl\":\"https:\\\/\\\/bien-etreiris.ch\\\/wp-content\\\/uploads\\\/2023\\\/04\\\/acceuil-risotto-aux-bolets-et-tomates.png\",\"width\":500,\"height\":333},{\"@type\":\"BreadcrumbList\",\"@id\":\"https:\\\/\\\/bien-etreiris.ch\\\/de\\\/produktpraesentation\\\/gesundes-leben\\\/gesunde-lebensmittel\\\/cuisine-rapide\\\/risotto-aux-bolets-et-a-la-tomate\\\/#breadcrumb\",\"itemListElement\":[{\"@type\":\"ListItem\",\"position\":1,\"name\":\"Home\",\"item\":\"https:\\\/\\\/bien-etreiris.ch\\\/de\\\/\"},{\"@type\":\"ListItem\",\"position\":2,\"name\":\"PRODUKTPR\u00c4SENTATION\",\"item\":\"https:\\\/\\\/bien-etreiris.ch\\\/de\\\/produktpraesentation\\\/\"},{\"@type\":\"ListItem\",\"position\":3,\"name\":\"GESUNDES LEBEN\",\"item\":\"https:\\\/\\\/bien-etreiris.ch\\\/de\\\/produktpraesentation\\\/gesundes-leben\\\/\"},{\"@type\":\"ListItem\",\"position\":4,\"name\":\"GESUNDE LEBENSMITTEL\",\"item\":\"https:\\\/\\\/bien-etreiris.ch\\\/de\\\/produktpraesentation\\\/gesundes-leben\\\/gesunde-lebensmittel\\\/\"},{\"@type\":\"ListItem\",\"position\":5,\"name\":\"CUISINE RAPIDE\",\"item\":\"https:\\\/\\\/bien-etreiris.ch\\\/de\\\/produktpraesentation\\\/gesundes-leben\\\/gesunde-lebensmittel\\\/cuisine-rapide\\\/\"},{\"@type\":\"ListItem\",\"position\":6,\"name\":\"RISOTTO AUX BOLETS\"}]},{\"@type\":\"WebSite\",\"@id\":\"https:\\\/\\\/bien-etreiris.ch\\\/de\\\/#website\",\"url\":\"https:\\\/\\\/bien-etreiris.ch\\\/de\\\/\",\"name\":\"Bien-\u00eatre Iris\",\"description\":\"IHRE Gesundheit ist uns wichtig\",\"potentialAction\":[{\"@type\":\"SearchAction\",\"target\":{\"@type\":\"EntryPoint\",\"urlTemplate\":\"https:\\\/\\\/bien-etreiris.ch\\\/de\\\/?s={search_term_string}\"},\"query-input\":{\"@type\":\"PropertyValueSpecification\",\"valueRequired\":true,\"valueName\":\"search_term_string\"}}],\"inLanguage\":\"de\"}]}<\/script>\n<!-- \/ Yoast SEO plugin. -->","yoast_head_json":{"title":"RISOTTO AUX BOLETS - WOHLBEFINDEN","robots":{"index":"index","follow":"follow","max-snippet":"max-snippet:-1","max-image-preview":"max-image-preview:large","max-video-preview":"max-video-preview:-1"},"canonical":"https:\/\/bien-etreiris.ch\/de\/produktpraesentation\/gesundes-leben\/gesunde-lebensmittel\/cuisine-rapide\/risotto-aux-bolets-et-a-la-tomate\/","og_locale":"de_DE","og_type":"article","og_title":"RISOTTO AUX BOLETS - WOHLBEFINDEN","og_description":"Risotto aux Bolets et \u00e0 la tomate &nbsp; &nbsp; 1 sachet \u00e0 150 g \u00e0 CHF 4.10 &nbsp; Pr\u00e9paration pour 2-3 portions Pr\u00e9parer d'abord 450-500 ml de bouillon chaud. Faire revenir le m\u00e9lange de risotto dans une casserole avec un peu de beurre ou d'huile jusqu'\u00e0 ce qu'il devienne translucide. Mouiller le riz avec un peu de vin blanc ou&nbsp;Weiter lesen","og_url":"https:\/\/bien-etreiris.ch\/de\/produktpraesentation\/gesundes-leben\/gesunde-lebensmittel\/cuisine-rapide\/risotto-aux-bolets-et-a-la-tomate\/","og_site_name":"WOHLBEFINDEN","article_publisher":"https:\/\/www.facebook.com\/bienetreiris\/","article_modified_time":"2023-04-08T09:44:32+00:00","og_image":[{"width":500,"height":333,"url":"https:\/\/bien-etreiris.ch\/wp-content\/uploads\/2023\/04\/acceuil-risotto-aux-bolets-et-tomates.png","type":"image\/png"}],"twitter_misc":{"Gesch\u00e4tzte Lesezeit":"3\u00a0Minuten"},"schema":{"@context":"https:\/\/schema.org","@graph":[{"@type":"WebPage","@id":"https:\/\/bien-etreiris.ch\/de\/produktpraesentation\/gesundes-leben\/gesunde-lebensmittel\/cuisine-rapide\/risotto-aux-bolets-et-a-la-tomate\/","url":"https:\/\/bien-etreiris.ch\/de\/produktpraesentation\/gesundes-leben\/gesunde-lebensmittel\/cuisine-rapide\/risotto-aux-bolets-et-a-la-tomate\/","name":"RISOTTO AUX BOLETS - WOHLBEFINDEN","isPartOf":{"@id":"https:\/\/bien-etreiris.ch\/de\/#website"},"primaryImageOfPage":{"@id":"https:\/\/bien-etreiris.ch\/de\/produktpraesentation\/gesundes-leben\/gesunde-lebensmittel\/cuisine-rapide\/risotto-aux-bolets-et-a-la-tomate\/#primaryimage"},"image":{"@id":"https:\/\/bien-etreiris.ch\/de\/produktpraesentation\/gesundes-leben\/gesunde-lebensmittel\/cuisine-rapide\/risotto-aux-bolets-et-a-la-tomate\/#primaryimage"},"thumbnailUrl":"https:\/\/bien-etreiris.ch\/wp-content\/uploads\/2023\/04\/acceuil-risotto-aux-bolets-et-tomates.png","datePublished":"2023-04-08T09:41:56+00:00","dateModified":"2023-04-08T09:44:32+00:00","breadcrumb":{"@id":"https:\/\/bien-etreiris.ch\/de\/produktpraesentation\/gesundes-leben\/gesunde-lebensmittel\/cuisine-rapide\/risotto-aux-bolets-et-a-la-tomate\/#breadcrumb"},"inLanguage":"de","potentialAction":[{"@type":"ReadAction","target":["https:\/\/bien-etreiris.ch\/de\/produktpraesentation\/gesundes-leben\/gesunde-lebensmittel\/cuisine-rapide\/risotto-aux-bolets-et-a-la-tomate\/"]}]},{"@type":"ImageObject","inLanguage":"de","@id":"https:\/\/bien-etreiris.ch\/de\/produktpraesentation\/gesundes-leben\/gesunde-lebensmittel\/cuisine-rapide\/risotto-aux-bolets-et-a-la-tomate\/#primaryimage","url":"https:\/\/bien-etreiris.ch\/wp-content\/uploads\/2023\/04\/acceuil-risotto-aux-bolets-et-tomates.png","contentUrl":"https:\/\/bien-etreiris.ch\/wp-content\/uploads\/2023\/04\/acceuil-risotto-aux-bolets-et-tomates.png","width":500,"height":333},{"@type":"BreadcrumbList","@id":"https:\/\/bien-etreiris.ch\/de\/produktpraesentation\/gesundes-leben\/gesunde-lebensmittel\/cuisine-rapide\/risotto-aux-bolets-et-a-la-tomate\/#breadcrumb","itemListElement":[{"@type":"ListItem","position":1,"name":"Home","item":"https:\/\/bien-etreiris.ch\/de\/"},{"@type":"ListItem","position":2,"name":"PRODUKTPR\u00c4SENTATION","item":"https:\/\/bien-etreiris.ch\/de\/produktpraesentation\/"},{"@type":"ListItem","position":3,"name":"GESUNDES LEBEN","item":"https:\/\/bien-etreiris.ch\/de\/produktpraesentation\/gesundes-leben\/"},{"@type":"ListItem","position":4,"name":"GESUNDE LEBENSMITTEL","item":"https:\/\/bien-etreiris.ch\/de\/produktpraesentation\/gesundes-leben\/gesunde-lebensmittel\/"},{"@type":"ListItem","position":5,"name":"CUISINE RAPIDE","item":"https:\/\/bien-etreiris.ch\/de\/produktpraesentation\/gesundes-leben\/gesunde-lebensmittel\/cuisine-rapide\/"},{"@type":"ListItem","position":6,"name":"RISOTTO AUX BOLETS"}]},{"@type":"WebSite","@id":"https:\/\/bien-etreiris.ch\/de\/#website","url":"https:\/\/bien-etreiris.ch\/de\/","name":"Bien-\u00eatre Iris","description":"IHRE Gesundheit ist uns wichtig","potentialAction":[{"@type":"SearchAction","target":{"@type":"EntryPoint","urlTemplate":"https:\/\/bien-etreiris.ch\/de\/?s={search_term_string}"},"query-input":{"@type":"PropertyValueSpecification","valueRequired":true,"valueName":"search_term_string"}}],"inLanguage":"de"}]}},"_links":{"self":[{"href":"https:\/\/bien-etreiris.ch\/de\/wp-json\/wp\/v2\/pages\/68130","targetHints":{"allow":["GET"]}}],"collection":[{"href":"https:\/\/bien-etreiris.ch\/de\/wp-json\/wp\/v2\/pages"}],"about":[{"href":"https:\/\/bien-etreiris.ch\/de\/wp-json\/wp\/v2\/types\/page"}],"author":[{"embeddable":true,"href":"https:\/\/bien-etreiris.ch\/de\/wp-json\/wp\/v2\/users\/1"}],"replies":[{"embeddable":true,"href":"https:\/\/bien-etreiris.ch\/de\/wp-json\/wp\/v2\/comments?post=68130"}],"version-history":[{"count":1,"href":"https:\/\/bien-etreiris.ch\/de\/wp-json\/wp\/v2\/pages\/68130\/revisions"}],"predecessor-version":[{"id":68133,"href":"https:\/\/bien-etreiris.ch\/de\/wp-json\/wp\/v2\/pages\/68130\/revisions\/68133"}],"up":[{"embeddable":true,"href":"https:\/\/bien-etreiris.ch\/de\/wp-json\/wp\/v2\/pages\/67971"}],"wp:featuredmedia":[{"embeddable":true,"href":"https:\/\/bien-etreiris.ch\/de\/wp-json\/wp\/v2\/media\/68123"}],"wp:attachment":[{"href":"https:\/\/bien-etreiris.ch\/de\/wp-json\/wp\/v2\/media?parent=68130"}],"curies":[{"name":"wp","href":"https:\/\/api.w.org\/{rel}","templated":true}]}}