{"id":67931,"date":"2023-04-07T12:47:41","date_gmt":"2023-04-07T10:47:41","guid":{"rendered":"https:\/\/bien-etreiris.ch\/unsere-marken\/antersdorfer\/"},"modified":"2023-04-07T13:03:27","modified_gmt":"2023-04-07T11:03:27","slug":"antersdorfer","status":"publish","type":"page","link":"https:\/\/bien-etreiris.ch\/de\/unsere-marken\/antersdorfer\/","title":{"rendered":"ANTERSDORFER"},"content":{"rendered":"\n<h2>&nbsp;Antersdorfer Familien-Unternehmen<\/h2>\n<p>FIn der 5. Generation setzen wir den Weg unseres Ururgro\u00dfvaters fort. Damals wie heute mit Bauern aus der Region. So wissen wir genau, wo unser Getreide herkommt, und schaffen Zukunft f\u00fcr die Landwirtschaft. Mit Leidenschaft f\u00fcr traditionelles M\u00fcllerhandwerk lassen wir daraus M\u00fchlenprodukte wie Mehle, Flocken und Grie\u00df entstehen.<\/p>\n<p>Aus gutem Grund steht unser Name weit vorne im Alphabet. A wie Antersdorfer. A wie Anders machen. A wie Alle zusammen \u2013 das ist unser Antrieb. Entdecken Sie die ganze Vielfalt von A bis Z!<\/p>\n<p>Ihre Familie Priemeier<\/p>\n<p>&nbsp;<\/p>\n<p>&nbsp;<\/p>\n<p><img loading=\"lazy\" decoding=\"async\" class=\"alignnone size-full wp-image-67920\" src=\"https:\/\/bien-etreiris.ch\/wp-content\/uploads\/2023\/04\/Antersdorfer-familie.jpg\" alt=\"\" width=\"500\" height=\"333\" srcset=\"https:\/\/bien-etreiris.ch\/wp-content\/uploads\/2023\/04\/Antersdorfer-familie.jpg 500w, https:\/\/bien-etreiris.ch\/wp-content\/uploads\/2023\/04\/Antersdorfer-familie-300x200.jpg 300w\" sizes=\"auto, (max-width: 500px) 100vw, 500px\" \/><\/p>\n<p>&nbsp;<\/p>\n\n\n\n<h3>1<\/h3>\n<h4><span class=\"text5\"><strong>100%<\/strong>&nbsp;<strong>B<\/strong>io-<strong>P<\/strong>ionier-<strong>Q<\/strong>ualit\u00e4t<\/span><\/h4>\n<p>Wir verarbeiten nur das beste Bio-Getreide zu erstklassigen M\u00fchlenprodukten. Sie erkennen das auf einen Blick am Biokreis Zeichen. F\u00fcr Sie bedeutet dies Liefer-Sicherheit und Qualit\u00e4t ohne Reklamationen.<\/p>\n<p>&nbsp;<\/p>\n<h3>2<\/h3>\n<h4><span class=\"text5\"><strong>R<\/strong>egional <strong>u<\/strong>nd <strong>F<\/strong>air<\/span><\/h4>\n<p>Das \u201eregional &amp; fair\u201c Zeichen zeigt dar\u00fcber hinaus: Alle einheimischen Rohstoffe stammen von Partnern aus der Region. Das lag schon unserem Ururgro\u00dfvater am Herzen.<\/p>\n<p>&nbsp;<\/p>\n<h3>3<\/h3>\n<h4><span class=\"text5\"><strong>H<\/strong>andwerkliche <strong>H<\/strong>erstellung<\/span><\/h4>\n<p>Herkunft ist wichtig. Aber nur durch traditionelles M\u00fcllerhandwerk entstehen besondere Produkte. Unsere Familie versteht etwas davon \u2013 seit f\u00fcnf Generationen.<\/p>\n<p>&nbsp;<\/p>\n<h3>4<\/h3>\n<h4><span class=\"text5\"><strong>S<\/strong>tarke <strong>M<\/strong>arke<\/span><\/h4>\n<p>Antersdorfer M\u00fchlenprodukte stammen zu 100 % aus kontrolliert biologischem Anbau. Seit 40 Jahren sind wir echte Bio-Pioniere und unseren Weggef\u00e4hrten treu.<\/p>\n<p>&nbsp;<\/p>\n<h3>5<\/h3>\n<h4><span class=\"text5\"><strong>A<\/strong>lte <strong>W<\/strong>erte \u2013&nbsp;<strong>N<\/strong>eues <strong>D<\/strong>esign<\/span><\/h4>\n<p>Antersdorfer M\u00fchlenprodukte zeigen von A bis Z: Hier gehen Tradition und Innovation Hand in Hand.<\/p>\n<p>&nbsp;<\/p>\n<p>&nbsp;<\/p>\n<div class=\"msbox001left\">\n<div id=\"c16\" class=\"frame frame-default frame-type-textmedia frame-layout-0 frame-space-before-extra-small\"><header>\n<h3 class=\"\"><b>T<\/b>raditions-<b>M<\/b>\u00fchle<\/h3>\n<\/header>\n<div class=\"ce-textpic ce-center ce-above\">&nbsp;<\/div>\n<\/div>\n<div id=\"c14\" class=\"frame frame-default frame-type-textmedia frame-layout-0\">\n<div class=\"ce-textpic ce-center ce-above\">\n<div class=\"ce-bodytext\">\n<h3 class=\"paragraph8\"><img loading=\"lazy\" decoding=\"async\" class=\"size-full wp-image-67938 alignleft\" src=\"https:\/\/bien-etreiris.ch\/wp-content\/uploads\/2023\/04\/Antersdorfer-Muehle.jpg\" alt=\"\" width=\"500\" height=\"328\" srcset=\"https:\/\/bien-etreiris.ch\/wp-content\/uploads\/2023\/04\/Antersdorfer-Muehle.jpg 500w, https:\/\/bien-etreiris.ch\/wp-content\/uploads\/2023\/04\/Antersdorfer-Muehle-300x197.jpg 300w\" sizes=\"auto, (max-width: 500px) 100vw, 500px\" \/><\/h3>\n<h3>&nbsp;<\/h3>\n<h3>&nbsp;<\/h3>\n<h3 class=\"paragraph8\">&nbsp;&nbsp;&nbsp;&nbsp;&nbsp; T<\/h3>\n<p>&nbsp;<\/p>\n<p class=\"paragraph8\">Hier hat unser Bio seinen Ursprung und seinen Begr\u00fcnder: Johann Priemeier. Der Bio-Pionier hat in den 70er Jahren die Antersdorfer M\u00fchle auf 100 % bio umgestellt. Zu einer Zeit, als noch kaum einer von \u00f6kologischem Landbau sprach und reihenweise M\u00fchlen geschlossen wurden.<br><br>Unser Ururgro\u00dfvater w\u00e4re stolz auf ihn gewesen. Denn auch er wollte Neues wagen, als er 1884 den Grundstein f\u00fcr die M\u00fchlentradition unserer Familie legte.<\/p>\n<\/div>\n<\/div>\n<\/div>\n<\/div>\n<p>&nbsp;<\/p>\n<p>&nbsp;<\/p>\n<p>&nbsp;<\/p>\n<p>&nbsp;<\/p>\n<p>&nbsp;<\/p>\n<p>Lernen Sie die Antersdorfer M\u00fchle kennen<\/p>\n<p>Schauen Sie sich unser Image-Video an.<\/p>\n<p>&nbsp;<\/p>\n<div style=\"width: 604px;\" class=\"wp-video\"><video class=\"wp-video-shortcode\" id=\"video-67931-1\" width=\"604\" height=\"340\" preload=\"metadata\" controls=\"controls\"><source type=\"video\/mp4\" src=\"https:\/\/www.antersdorfer.bio\/fileadmin\/user_upload\/videos\/Antersdorfer_Muehle.mp4?_=1\" \/><a href=\"https:\/\/www.antersdorfer.bio\/fileadmin\/user_upload\/videos\/Antersdorfer_Muehle.mp4\">https:\/\/www.antersdorfer.bio\/fileadmin\/user_upload\/videos\/Antersdorfer_Muehle.mp4<\/a><\/video><\/div>\n","protected":false},"excerpt":{"rendered":"<p>&nbsp;Antersdorfer Familien-Unternehmen FIn der 5. Generation setzen wir den Weg unseres Ururgro\u00dfvaters fort. Damals wie heute mit Bauern aus der Region. So wissen wir genau, wo unser Getreide herkommt, und schaffen Zukunft f\u00fcr die Landwirtschaft. Mit Leidenschaft f\u00fcr traditionelles M\u00fcllerhandwerk lassen wir daraus M\u00fchlenprodukte wie Mehle, Flocken und Grie\u00df entstehen. Aus gutem Grund steht unser Name weit vorne im Alphabet.&nbsp;<a href=\"https:\/\/bien-etreiris.ch\/de\/unsere-marken\/antersdorfer\/\" class=\"read-more\">Weiter lesen<\/a><\/p>\n","protected":false},"author":1,"featured_media":67928,"parent":44406,"menu_order":3767,"comment_status":"closed","ping_status":"closed","template":"page-with-child.php","meta":{"_acf_changed":false,"ngg_post_thumbnail":0,"footnotes":""},"class_list":["post-67931","page","type-page","status-publish","has-post-thumbnail","hentry"],"acf":[],"yoast_head":"<!-- This site is optimized with the Yoast SEO plugin v27.5 - https:\/\/yoast.com\/product\/yoast-seo-wordpress\/ -->\n<title>ANTERSDORFER - WOHLBEFINDEN<\/title>\n<meta name=\"robots\" content=\"index, follow, max-snippet:-1, max-image-preview:large, max-video-preview:-1\" \/>\n<link rel=\"canonical\" href=\"https:\/\/bien-etreiris.ch\/de\/unsere-marken\/antersdorfer\/\" \/>\n<meta property=\"og:locale\" content=\"de_DE\" \/>\n<meta property=\"og:type\" content=\"article\" \/>\n<meta property=\"og:title\" content=\"ANTERSDORFER - WOHLBEFINDEN\" \/>\n<meta property=\"og:description\" content=\"&nbsp;Antersdorfer Familien-Unternehmen FIn der 5. Generation setzen wir den Weg unseres Ururgro\u00dfvaters fort. Damals wie heute mit Bauern aus der Region. So wissen wir genau, wo unser Getreide herkommt, und schaffen Zukunft f\u00fcr die Landwirtschaft. Mit Leidenschaft f\u00fcr traditionelles M\u00fcllerhandwerk lassen wir daraus M\u00fchlenprodukte wie Mehle, Flocken und Grie\u00df entstehen. Aus gutem Grund steht unser Name weit vorne im Alphabet.&nbsp;Weiter lesen\" \/>\n<meta property=\"og:url\" content=\"https:\/\/bien-etreiris.ch\/de\/unsere-marken\/antersdorfer\/\" \/>\n<meta property=\"og:site_name\" content=\"WOHLBEFINDEN\" \/>\n<meta property=\"article:publisher\" content=\"https:\/\/www.facebook.com\/bienetreiris\/\" \/>\n<meta property=\"article:modified_time\" content=\"2023-04-07T11:03:27+00:00\" \/>\n<meta property=\"og:image\" content=\"https:\/\/bien-etreiris.ch\/wp-content\/uploads\/2023\/04\/Anders-Dorfer-1.jpg\" \/>\n\t<meta property=\"og:image:width\" content=\"500\" \/>\n\t<meta property=\"og:image:height\" content=\"305\" \/>\n\t<meta property=\"og:image:type\" content=\"image\/jpeg\" \/>\n<meta name=\"twitter:label1\" content=\"Gesch\u00e4tzte Lesezeit\" \/>\n\t<meta name=\"twitter:data1\" content=\"3\u00a0Minuten\" \/>\n<script type=\"application\/ld+json\" class=\"yoast-schema-graph\">{\"@context\":\"https:\\\/\\\/schema.org\",\"@graph\":[{\"@type\":\"WebPage\",\"@id\":\"https:\\\/\\\/bien-etreiris.ch\\\/de\\\/unsere-marken\\\/antersdorfer\\\/\",\"url\":\"https:\\\/\\\/bien-etreiris.ch\\\/de\\\/unsere-marken\\\/antersdorfer\\\/\",\"name\":\"ANTERSDORFER - WOHLBEFINDEN\",\"isPartOf\":{\"@id\":\"https:\\\/\\\/bien-etreiris.ch\\\/de\\\/#website\"},\"primaryImageOfPage\":{\"@id\":\"https:\\\/\\\/bien-etreiris.ch\\\/de\\\/unsere-marken\\\/antersdorfer\\\/#primaryimage\"},\"image\":{\"@id\":\"https:\\\/\\\/bien-etreiris.ch\\\/de\\\/unsere-marken\\\/antersdorfer\\\/#primaryimage\"},\"thumbnailUrl\":\"https:\\\/\\\/bien-etreiris.ch\\\/wp-content\\\/uploads\\\/2023\\\/04\\\/Anders-Dorfer-1.jpg\",\"datePublished\":\"2023-04-07T10:47:41+00:00\",\"dateModified\":\"2023-04-07T11:03:27+00:00\",\"breadcrumb\":{\"@id\":\"https:\\\/\\\/bien-etreiris.ch\\\/de\\\/unsere-marken\\\/antersdorfer\\\/#breadcrumb\"},\"inLanguage\":\"de\",\"potentialAction\":[{\"@type\":\"ReadAction\",\"target\":[\"https:\\\/\\\/bien-etreiris.ch\\\/de\\\/unsere-marken\\\/antersdorfer\\\/\"]}]},{\"@type\":\"ImageObject\",\"inLanguage\":\"de\",\"@id\":\"https:\\\/\\\/bien-etreiris.ch\\\/de\\\/unsere-marken\\\/antersdorfer\\\/#primaryimage\",\"url\":\"https:\\\/\\\/bien-etreiris.ch\\\/wp-content\\\/uploads\\\/2023\\\/04\\\/Anders-Dorfer-1.jpg\",\"contentUrl\":\"https:\\\/\\\/bien-etreiris.ch\\\/wp-content\\\/uploads\\\/2023\\\/04\\\/Anders-Dorfer-1.jpg\",\"width\":500,\"height\":305},{\"@type\":\"BreadcrumbList\",\"@id\":\"https:\\\/\\\/bien-etreiris.ch\\\/de\\\/unsere-marken\\\/antersdorfer\\\/#breadcrumb\",\"itemListElement\":[{\"@type\":\"ListItem\",\"position\":1,\"name\":\"Home\",\"item\":\"https:\\\/\\\/bien-etreiris.ch\\\/de\\\/\"},{\"@type\":\"ListItem\",\"position\":2,\"name\":\"UNSERE MARKEN\",\"item\":\"https:\\\/\\\/bien-etreiris.ch\\\/de\\\/unsere-marken\\\/\"},{\"@type\":\"ListItem\",\"position\":3,\"name\":\"ANTERSDORFER\"}]},{\"@type\":\"WebSite\",\"@id\":\"https:\\\/\\\/bien-etreiris.ch\\\/de\\\/#website\",\"url\":\"https:\\\/\\\/bien-etreiris.ch\\\/de\\\/\",\"name\":\"Bien-\u00eatre Iris\",\"description\":\"IHRE Gesundheit ist uns wichtig\",\"potentialAction\":[{\"@type\":\"SearchAction\",\"target\":{\"@type\":\"EntryPoint\",\"urlTemplate\":\"https:\\\/\\\/bien-etreiris.ch\\\/de\\\/?s={search_term_string}\"},\"query-input\":{\"@type\":\"PropertyValueSpecification\",\"valueRequired\":true,\"valueName\":\"search_term_string\"}}],\"inLanguage\":\"de\"}]}<\/script>\n<!-- \/ Yoast SEO plugin. -->","yoast_head_json":{"title":"ANTERSDORFER - WOHLBEFINDEN","robots":{"index":"index","follow":"follow","max-snippet":"max-snippet:-1","max-image-preview":"max-image-preview:large","max-video-preview":"max-video-preview:-1"},"canonical":"https:\/\/bien-etreiris.ch\/de\/unsere-marken\/antersdorfer\/","og_locale":"de_DE","og_type":"article","og_title":"ANTERSDORFER - WOHLBEFINDEN","og_description":"&nbsp;Antersdorfer Familien-Unternehmen FIn der 5. Generation setzen wir den Weg unseres Ururgro\u00dfvaters fort. Damals wie heute mit Bauern aus der Region. So wissen wir genau, wo unser Getreide herkommt, und schaffen Zukunft f\u00fcr die Landwirtschaft. Mit Leidenschaft f\u00fcr traditionelles M\u00fcllerhandwerk lassen wir daraus M\u00fchlenprodukte wie Mehle, Flocken und Grie\u00df entstehen. Aus gutem Grund steht unser Name weit vorne im Alphabet.&nbsp;Weiter lesen","og_url":"https:\/\/bien-etreiris.ch\/de\/unsere-marken\/antersdorfer\/","og_site_name":"WOHLBEFINDEN","article_publisher":"https:\/\/www.facebook.com\/bienetreiris\/","article_modified_time":"2023-04-07T11:03:27+00:00","og_image":[{"width":500,"height":305,"url":"https:\/\/bien-etreiris.ch\/wp-content\/uploads\/2023\/04\/Anders-Dorfer-1.jpg","type":"image\/jpeg"}],"twitter_misc":{"Gesch\u00e4tzte Lesezeit":"3\u00a0Minuten"},"schema":{"@context":"https:\/\/schema.org","@graph":[{"@type":"WebPage","@id":"https:\/\/bien-etreiris.ch\/de\/unsere-marken\/antersdorfer\/","url":"https:\/\/bien-etreiris.ch\/de\/unsere-marken\/antersdorfer\/","name":"ANTERSDORFER - WOHLBEFINDEN","isPartOf":{"@id":"https:\/\/bien-etreiris.ch\/de\/#website"},"primaryImageOfPage":{"@id":"https:\/\/bien-etreiris.ch\/de\/unsere-marken\/antersdorfer\/#primaryimage"},"image":{"@id":"https:\/\/bien-etreiris.ch\/de\/unsere-marken\/antersdorfer\/#primaryimage"},"thumbnailUrl":"https:\/\/bien-etreiris.ch\/wp-content\/uploads\/2023\/04\/Anders-Dorfer-1.jpg","datePublished":"2023-04-07T10:47:41+00:00","dateModified":"2023-04-07T11:03:27+00:00","breadcrumb":{"@id":"https:\/\/bien-etreiris.ch\/de\/unsere-marken\/antersdorfer\/#breadcrumb"},"inLanguage":"de","potentialAction":[{"@type":"ReadAction","target":["https:\/\/bien-etreiris.ch\/de\/unsere-marken\/antersdorfer\/"]}]},{"@type":"ImageObject","inLanguage":"de","@id":"https:\/\/bien-etreiris.ch\/de\/unsere-marken\/antersdorfer\/#primaryimage","url":"https:\/\/bien-etreiris.ch\/wp-content\/uploads\/2023\/04\/Anders-Dorfer-1.jpg","contentUrl":"https:\/\/bien-etreiris.ch\/wp-content\/uploads\/2023\/04\/Anders-Dorfer-1.jpg","width":500,"height":305},{"@type":"BreadcrumbList","@id":"https:\/\/bien-etreiris.ch\/de\/unsere-marken\/antersdorfer\/#breadcrumb","itemListElement":[{"@type":"ListItem","position":1,"name":"Home","item":"https:\/\/bien-etreiris.ch\/de\/"},{"@type":"ListItem","position":2,"name":"UNSERE MARKEN","item":"https:\/\/bien-etreiris.ch\/de\/unsere-marken\/"},{"@type":"ListItem","position":3,"name":"ANTERSDORFER"}]},{"@type":"WebSite","@id":"https:\/\/bien-etreiris.ch\/de\/#website","url":"https:\/\/bien-etreiris.ch\/de\/","name":"Bien-\u00eatre Iris","description":"IHRE Gesundheit ist uns wichtig","potentialAction":[{"@type":"SearchAction","target":{"@type":"EntryPoint","urlTemplate":"https:\/\/bien-etreiris.ch\/de\/?s={search_term_string}"},"query-input":{"@type":"PropertyValueSpecification","valueRequired":true,"valueName":"search_term_string"}}],"inLanguage":"de"}]}},"_links":{"self":[{"href":"https:\/\/bien-etreiris.ch\/de\/wp-json\/wp\/v2\/pages\/67931","targetHints":{"allow":["GET"]}}],"collection":[{"href":"https:\/\/bien-etreiris.ch\/de\/wp-json\/wp\/v2\/pages"}],"about":[{"href":"https:\/\/bien-etreiris.ch\/de\/wp-json\/wp\/v2\/types\/page"}],"author":[{"embeddable":true,"href":"https:\/\/bien-etreiris.ch\/de\/wp-json\/wp\/v2\/users\/1"}],"replies":[{"embeddable":true,"href":"https:\/\/bien-etreiris.ch\/de\/wp-json\/wp\/v2\/comments?post=67931"}],"version-history":[{"count":7,"href":"https:\/\/bien-etreiris.ch\/de\/wp-json\/wp\/v2\/pages\/67931\/revisions"}],"predecessor-version":[{"id":67944,"href":"https:\/\/bien-etreiris.ch\/de\/wp-json\/wp\/v2\/pages\/67931\/revisions\/67944"}],"up":[{"embeddable":true,"href":"https:\/\/bien-etreiris.ch\/de\/wp-json\/wp\/v2\/pages\/44406"}],"wp:featuredmedia":[{"embeddable":true,"href":"https:\/\/bien-etreiris.ch\/de\/wp-json\/wp\/v2\/media\/67928"}],"wp:attachment":[{"href":"https:\/\/bien-etreiris.ch\/de\/wp-json\/wp\/v2\/media?parent=67931"}],"curies":[{"name":"wp","href":"https:\/\/api.w.org\/{rel}","templated":true}]}}