{"id":67835,"date":"2023-03-27T13:53:25","date_gmt":"2023-03-27T11:53:25","guid":{"rendered":"https:\/\/bien-etreiris.ch\/produktpraesentation\/entspannen\/schluessel-zur-selbstheilung\/renforcent-energie\/"},"modified":"2023-03-27T14:10:46","modified_gmt":"2023-03-27T12:10:46","slug":"lebensenergien-staerken","status":"publish","type":"page","link":"https:\/\/bien-etreiris.ch\/de\/produktpraesentation\/entspannen\/schluessel-zur-selbsthilfe\/lebensenergien-staerken\/","title":{"rendered":"LEBENSENERGIEN"},"content":{"rendered":"\n<h2>Lebensenergien st\u00e4rken<\/h2>\n<p>Lebensfreude, Lebenskraft und Lebensmut: gespeist aus reichen energetischen Quellen <br><br><\/p>\n<p>wir leben in einer Zeit, in der t\u00e4glich Ereignisse und Entwicklungen an unserer guten Laune nagen. Auch wenn Nachrichten und Kommentare Schatten auf unser Gem\u00fct werfen, gibt es doch viele positive Dinge - jeden Tag ein leckeres Essen mit Freunden, ein ausgiebiger Regen, der die Natur zum Leben erweckt, erfreuliche Botschaften aus dem pers\u00f6nlichen Umfeld, die Herz, Mut und Laune bef\u00f6rdern. <br>Diese und andere Dinge st\u00e4rken unsere Lebensenergien und unser Vertrauen darauf, dass wir unsere Zukunft erfolgreich meistern werden. <br>Gemeinsam mit meinem langj\u00e4hrigen Freund und Co-Autor Josef Lohkamper habe ich mich \u00fcber Jahre hinweg mit lebensspendenden Energien besch\u00e4ftigt, die uns die Natur mit bestimmten Edelsteinen, aber auch mit Pflanzen, zur Verf\u00fcgung stellt. <br>Besonders Energie wirksam sind der Bergkristall und der Onyx. <br>Der Bergkristall geh\u00f6rt zu den wichtigsten Heilsteinen \u00fcberhaupt und wird \u00fcberall auf der Erde gefunden. Der Onyx ist ein besonders starker Stein. Er schenkt seinem Tr\u00e4ger mehr Lebensfreude und energetische Stabilit\u00e4t. Er gilt als positiver lnterferenzsender, der nach naturkundlichem Ansatz links-polarisierte negative Wellen l\u00f6scht. <br>Nicht nur der Onyx sondern auch Pflanzen wie Johanniskraut, Labkraut, Wacholderbeeren, S\u00fcf5e Mandeln, die Kamille und in ganz besonderer Intensit\u00e4t der Weif5kohl, senden starke positive Frequenzen. <br>Ganz allgemein verbessern diese Energien die gesamte energetische Struktur und die vielen energetisch gesteuerten Ablaufe unseres Stoffwechsels und des Organismus. Sie wirken damit nicht nur auf der rein stofflichen, sondern auch auf der energetischen, der seelischen, kurz: auf der Steuerungsebene.<\/p>\n<p><br>Was liegt also naher, als die aufgez\u00e4hlten Kr\u00e4uter und Steine in einem Energiekompendium zu vereinen? ln einem Energie Kissen habe ich alle Zutaten zusammengefasst. Es kann - je nach Belieben - auf dem Solarplexus oder auch auf dem Kehlkopf, also im Wirkbereich Schilddr\u00fcse, getragen werden. Erste Fallstudien zeigen, dass Verwenderinnen und Verwender gute Erfahrungen damit gemacht haben, das EnergieKissen im Wechsel von Tag und Nacht an jeder vorgeschlagenen K\u00f6rperstelle aufzulegen, um das bestm\u00f6lglichste Gef\u00fchl f\u00fcr die eigene Energetik zu erzielen.<\/p>\n<p>H\u00f6ren Sie auf sich und lhren K\u00f6rperl Starten Sie den Tag und die Nacht mit Freude <br>\u00dcbrigens: Vielleicht besch\u00e4ftigen Sie sich selber mit der Messung von Lebensenergie. Daf\u00fcr gibt es ein von dem franz\u00f6sischen Physiker Andr\u00e9 Bovis etabliertes Parameter, das nach ihm benannt wurde. BoviGetix erreicht auf der Skala dieses Messinstrumentariums einen beeindruckend hohen Wert.<\/p>\n<p>&nbsp;<\/p>\n<p><a href=\"https:\/\/bien-etreiris.ch\/wp-content\/uploads\/2023\/03\/BoviGetix.jpg\"><img loading=\"lazy\" decoding=\"async\" class=\"wp-image-67821 alignleft\" src=\"https:\/\/bien-etreiris.ch\/wp-content\/uploads\/2023\/03\/BoviGetix.jpg\" alt=\"\" width=\"530\" height=\"522\" srcset=\"https:\/\/bien-etreiris.ch\/wp-content\/uploads\/2023\/03\/BoviGetix.jpg 640w, https:\/\/bien-etreiris.ch\/wp-content\/uploads\/2023\/03\/BoviGetix-300x295.jpg 300w\" sizes=\"auto, (max-width: 530px) 100vw, 530px\" \/><\/a><\/p>\n<p>&nbsp;<\/p>\n<p>&nbsp;<\/p>\n<p>&nbsp;<\/p>\n<p>&nbsp;<\/p>\n<p>&nbsp;<\/p>\n<p>&nbsp;<\/p>\n<p>&nbsp;<\/p>\n<p>&nbsp;<\/p>\n<p>1 pi\u00e8ce <strong>CHF40.00<\/strong><\/p>\n<p>&nbsp;<\/p>\n<p>&nbsp;<\/p>\n<p>&nbsp;<\/p>\n<p>&nbsp;<\/p>\n<p>&nbsp;<\/p>\n<h4><strong>Zusammensetzung EnergieKissen:<\/strong><\/h4>\n<p><br>Die vier Kammern des EnergieKissens stecken voll von wertvollen Pflanzen, Mineralien und Kristallen und deren heilsamen Energien!<\/p>\n<p>&nbsp;<\/p>\n<p><a href=\"https:\/\/bien-etreiris.ch\/wp-content\/uploads\/2023\/03\/Drei-Krautermischungen.jpg\"><img loading=\"lazy\" decoding=\"async\" class=\"alignnone  wp-image-67827\" src=\"https:\/\/bien-etreiris.ch\/wp-content\/uploads\/2023\/03\/Drei-Krautermischungen.jpg\" alt=\"\" width=\"295\" height=\"250\"><\/a><\/p>\n<p>&nbsp;<\/p>\n<h4>Inhalt<\/h4>\n<p>1 EnergieKissen bef\u00fcllt mit:<\/p>\n<ul style=\"list-style-type: disc;\">\n<li>Wachholderbeeren ganz*<\/li>\n<li>Johanniskraut geschnitten *<\/li>\n<li>Labkraut geschnitten*<\/li>\n<li>1 x Onyx<\/li>\n<li>1 x Bergkristall<\/li>\n<li>4 x Pflanzenmineralpad (Weisskohlbl\u00e4tter gemahlen*<\/li>\n<li>Natron<\/li>\n<li>Nat\u00fcrliche Mineralien<\/li>\n<li>Gr\u00fcnkern gemahlen*<\/li>\n<li>S\u00fcsse Mandel gemahlen*<\/li>\n<li>Kamillenbl\u00fcten gemahlen*<\/li>\n<li>Schafgarbenkraut gemahlen*<\/li>\n<li>Ringelblumenbl\u00fcten gemahlen*<\/li>\n<li>Mariendistelsamen gemahlen*<\/li>\n<\/ul>\n<p>* Inhaltsstoffe aus kontrolliert biologischem Anbau<\/p>\n<p>&nbsp;<\/p>\n<h4>2 Tragbeutel<\/h4>\n<p>Material EnergieKissen aus 100% Baumwolle<br>Tragbeutel aus 100% Baumwolle<br>Masse 13x12,5x 1,5 cm<\/p>\n<h4><br>Hinweis:<\/h4>\n<p><br>Der Tragebeutel sollte, wenn er direkt auf der Haut getragenwird,vor dem ersten Gebrauch gewaschen werden und anschliessend in Form gezogen werden.<br>Vor dem Waschen das EnergieKissen aus dem Tragbeutel nehmen und nur den Tragbeutel waschen.<br>Das EnergieKissen darf erst in den Tragbeutel gelegt werden, wenn dieser vollst\u00e4ndig getrocknet ist.<br>Das EnergieKissen darf nicht gewaschen und nicht feucht werden!<\/p>\n<p>&nbsp;<\/p>\n<p>&nbsp;<\/p>\n<h4>BoviGetix Trageempfelungen<\/h4>\n<p><br>sowohl f\u00fcr das Tragen \u00fcber der Kleidung als auch f\u00fcr das Tragen direkt auf der Haut geeignet!<\/p>\n<p>&nbsp;<\/p>\n<p><a href=\"https:\/\/bien-etreiris.ch\/wp-content\/uploads\/2023\/03\/Tragen-von-BoviGetix.jpg\"><img loading=\"lazy\" decoding=\"async\" class=\"alignnone size-full wp-image-67824\" src=\"https:\/\/bien-etreiris.ch\/wp-content\/uploads\/2023\/03\/Tragen-von-BoviGetix.jpg\" alt=\"\" width=\"250\" height=\"169\"><\/a><\/p>\n\n\n\n<p>Anwendung auf dem Kehlkopf&nbsp;&nbsp;&nbsp;&nbsp; Anwendung auf dem Solarplexus<\/p>\n<p>&nbsp;<\/p>\n<p>Hergestellt in Deutschland f\u00fcr P-Jentschura<\/p>\n","protected":false},"excerpt":{"rendered":"<p>Lebensenergien st\u00e4rken Lebensfreude, Lebenskraft und Lebensmut: gespeist aus reichen energetischen Quellen wir leben in einer Zeit, in der t\u00e4glich Ereignisse und Entwicklungen an unserer guten Laune nagen. Auch wenn Nachrichten und Kommentare Schatten auf unser Gem\u00fct werfen, gibt es doch viele positive Dinge - jeden Tag ein leckeres Essen mit Freunden, ein ausgiebiger Regen, der die Natur zum Leben erweckt,&nbsp;<a href=\"https:\/\/bien-etreiris.ch\/de\/produktpraesentation\/entspannen\/schluessel-zur-selbsthilfe\/lebensenergien-staerken\/\" class=\"read-more\">Weiter lesen<\/a><\/p>\n","protected":false},"author":1,"featured_media":67832,"parent":44524,"menu_order":3774,"comment_status":"closed","ping_status":"closed","template":"page-with-child.php","meta":{"_acf_changed":false,"ngg_post_thumbnail":0,"footnotes":""},"class_list":["post-67835","page","type-page","status-publish","has-post-thumbnail","hentry"],"acf":[],"yoast_head":"<!-- This site is optimized with the Yoast SEO plugin v27.5 - https:\/\/yoast.com\/product\/yoast-seo-wordpress\/ -->\n<title>LEBENSENERGIEN - WOHLBEFINDEN<\/title>\n<meta name=\"robots\" content=\"index, follow, max-snippet:-1, max-image-preview:large, max-video-preview:-1\" \/>\n<link rel=\"canonical\" href=\"https:\/\/bien-etreiris.ch\/de\/produktpraesentation\/entspannen\/schluessel-zur-selbsthilfe\/lebensenergien-staerken\/\" \/>\n<meta property=\"og:locale\" content=\"de_DE\" \/>\n<meta property=\"og:type\" content=\"article\" \/>\n<meta property=\"og:title\" content=\"LEBENSENERGIEN - WOHLBEFINDEN\" \/>\n<meta property=\"og:description\" content=\"Lebensenergien st\u00e4rken Lebensfreude, Lebenskraft und Lebensmut: gespeist aus reichen energetischen Quellen wir leben in einer Zeit, in der t\u00e4glich Ereignisse und Entwicklungen an unserer guten Laune nagen. Auch wenn Nachrichten und Kommentare Schatten auf unser Gem\u00fct werfen, gibt es doch viele positive Dinge - jeden Tag ein leckeres Essen mit Freunden, ein ausgiebiger Regen, der die Natur zum Leben erweckt,&nbsp;Weiter lesen\" \/>\n<meta property=\"og:url\" content=\"https:\/\/bien-etreiris.ch\/de\/produktpraesentation\/entspannen\/schluessel-zur-selbsthilfe\/lebensenergien-staerken\/\" \/>\n<meta property=\"og:site_name\" content=\"WOHLBEFINDEN\" \/>\n<meta property=\"article:publisher\" content=\"https:\/\/www.facebook.com\/bienetreiris\/\" \/>\n<meta property=\"article:modified_time\" content=\"2023-03-27T12:10:46+00:00\" \/>\n<meta property=\"og:image\" content=\"https:\/\/bien-etreiris.ch\/wp-content\/uploads\/2023\/03\/acceuil-BoviGetix.jpg\" \/>\n\t<meta property=\"og:image:width\" content=\"500\" \/>\n\t<meta property=\"og:image:height\" content=\"302\" \/>\n\t<meta property=\"og:image:type\" content=\"image\/jpeg\" \/>\n<meta name=\"twitter:label1\" content=\"Gesch\u00e4tzte Lesezeit\" \/>\n\t<meta name=\"twitter:data1\" content=\"4\u00a0Minuten\" \/>\n<script type=\"application\/ld+json\" class=\"yoast-schema-graph\">{\"@context\":\"https:\\\/\\\/schema.org\",\"@graph\":[{\"@type\":\"WebPage\",\"@id\":\"https:\\\/\\\/bien-etreiris.ch\\\/de\\\/produktpraesentation\\\/entspannen\\\/schluessel-zur-selbsthilfe\\\/lebensenergien-staerken\\\/\",\"url\":\"https:\\\/\\\/bien-etreiris.ch\\\/de\\\/produktpraesentation\\\/entspannen\\\/schluessel-zur-selbsthilfe\\\/lebensenergien-staerken\\\/\",\"name\":\"LEBENSENERGIEN - WOHLBEFINDEN\",\"isPartOf\":{\"@id\":\"https:\\\/\\\/bien-etreiris.ch\\\/de\\\/#website\"},\"primaryImageOfPage\":{\"@id\":\"https:\\\/\\\/bien-etreiris.ch\\\/de\\\/produktpraesentation\\\/entspannen\\\/schluessel-zur-selbsthilfe\\\/lebensenergien-staerken\\\/#primaryimage\"},\"image\":{\"@id\":\"https:\\\/\\\/bien-etreiris.ch\\\/de\\\/produktpraesentation\\\/entspannen\\\/schluessel-zur-selbsthilfe\\\/lebensenergien-staerken\\\/#primaryimage\"},\"thumbnailUrl\":\"https:\\\/\\\/bien-etreiris.ch\\\/wp-content\\\/uploads\\\/2023\\\/03\\\/acceuil-BoviGetix.jpg\",\"datePublished\":\"2023-03-27T11:53:25+00:00\",\"dateModified\":\"2023-03-27T12:10:46+00:00\",\"breadcrumb\":{\"@id\":\"https:\\\/\\\/bien-etreiris.ch\\\/de\\\/produktpraesentation\\\/entspannen\\\/schluessel-zur-selbsthilfe\\\/lebensenergien-staerken\\\/#breadcrumb\"},\"inLanguage\":\"de\",\"potentialAction\":[{\"@type\":\"ReadAction\",\"target\":[\"https:\\\/\\\/bien-etreiris.ch\\\/de\\\/produktpraesentation\\\/entspannen\\\/schluessel-zur-selbsthilfe\\\/lebensenergien-staerken\\\/\"]}]},{\"@type\":\"ImageObject\",\"inLanguage\":\"de\",\"@id\":\"https:\\\/\\\/bien-etreiris.ch\\\/de\\\/produktpraesentation\\\/entspannen\\\/schluessel-zur-selbsthilfe\\\/lebensenergien-staerken\\\/#primaryimage\",\"url\":\"https:\\\/\\\/bien-etreiris.ch\\\/wp-content\\\/uploads\\\/2023\\\/03\\\/acceuil-BoviGetix.jpg\",\"contentUrl\":\"https:\\\/\\\/bien-etreiris.ch\\\/wp-content\\\/uploads\\\/2023\\\/03\\\/acceuil-BoviGetix.jpg\",\"width\":500,\"height\":302},{\"@type\":\"BreadcrumbList\",\"@id\":\"https:\\\/\\\/bien-etreiris.ch\\\/de\\\/produktpraesentation\\\/entspannen\\\/schluessel-zur-selbsthilfe\\\/lebensenergien-staerken\\\/#breadcrumb\",\"itemListElement\":[{\"@type\":\"ListItem\",\"position\":1,\"name\":\"Home\",\"item\":\"https:\\\/\\\/bien-etreiris.ch\\\/de\\\/\"},{\"@type\":\"ListItem\",\"position\":2,\"name\":\"PRODUKTPR\u00c4SENTATION\",\"item\":\"https:\\\/\\\/bien-etreiris.ch\\\/de\\\/produktpraesentation\\\/\"},{\"@type\":\"ListItem\",\"position\":3,\"name\":\"ENTSPANNEND\",\"item\":\"https:\\\/\\\/bien-etreiris.ch\\\/de\\\/produktpraesentation\\\/entspannen\\\/\"},{\"@type\":\"ListItem\",\"position\":4,\"name\":\"SELBSTHILFE\",\"item\":\"https:\\\/\\\/bien-etreiris.ch\\\/de\\\/produktpraesentation\\\/entspannen\\\/schluessel-zur-selbsthilfe\\\/\"},{\"@type\":\"ListItem\",\"position\":5,\"name\":\"LEBENSENERGIEN\"}]},{\"@type\":\"WebSite\",\"@id\":\"https:\\\/\\\/bien-etreiris.ch\\\/de\\\/#website\",\"url\":\"https:\\\/\\\/bien-etreiris.ch\\\/de\\\/\",\"name\":\"Bien-\u00eatre Iris\",\"description\":\"IHRE Gesundheit ist uns wichtig\",\"potentialAction\":[{\"@type\":\"SearchAction\",\"target\":{\"@type\":\"EntryPoint\",\"urlTemplate\":\"https:\\\/\\\/bien-etreiris.ch\\\/de\\\/?s={search_term_string}\"},\"query-input\":{\"@type\":\"PropertyValueSpecification\",\"valueRequired\":true,\"valueName\":\"search_term_string\"}}],\"inLanguage\":\"de\"}]}<\/script>\n<!-- \/ Yoast SEO plugin. -->","yoast_head_json":{"title":"LEBENSENERGIEN - WOHLBEFINDEN","robots":{"index":"index","follow":"follow","max-snippet":"max-snippet:-1","max-image-preview":"max-image-preview:large","max-video-preview":"max-video-preview:-1"},"canonical":"https:\/\/bien-etreiris.ch\/de\/produktpraesentation\/entspannen\/schluessel-zur-selbsthilfe\/lebensenergien-staerken\/","og_locale":"de_DE","og_type":"article","og_title":"LEBENSENERGIEN - WOHLBEFINDEN","og_description":"Lebensenergien st\u00e4rken Lebensfreude, Lebenskraft und Lebensmut: gespeist aus reichen energetischen Quellen wir leben in einer Zeit, in der t\u00e4glich Ereignisse und Entwicklungen an unserer guten Laune nagen. Auch wenn Nachrichten und Kommentare Schatten auf unser Gem\u00fct werfen, gibt es doch viele positive Dinge - jeden Tag ein leckeres Essen mit Freunden, ein ausgiebiger Regen, der die Natur zum Leben erweckt,&nbsp;Weiter lesen","og_url":"https:\/\/bien-etreiris.ch\/de\/produktpraesentation\/entspannen\/schluessel-zur-selbsthilfe\/lebensenergien-staerken\/","og_site_name":"WOHLBEFINDEN","article_publisher":"https:\/\/www.facebook.com\/bienetreiris\/","article_modified_time":"2023-03-27T12:10:46+00:00","og_image":[{"width":500,"height":302,"url":"https:\/\/bien-etreiris.ch\/wp-content\/uploads\/2023\/03\/acceuil-BoviGetix.jpg","type":"image\/jpeg"}],"twitter_misc":{"Gesch\u00e4tzte Lesezeit":"4\u00a0Minuten"},"schema":{"@context":"https:\/\/schema.org","@graph":[{"@type":"WebPage","@id":"https:\/\/bien-etreiris.ch\/de\/produktpraesentation\/entspannen\/schluessel-zur-selbsthilfe\/lebensenergien-staerken\/","url":"https:\/\/bien-etreiris.ch\/de\/produktpraesentation\/entspannen\/schluessel-zur-selbsthilfe\/lebensenergien-staerken\/","name":"LEBENSENERGIEN - WOHLBEFINDEN","isPartOf":{"@id":"https:\/\/bien-etreiris.ch\/de\/#website"},"primaryImageOfPage":{"@id":"https:\/\/bien-etreiris.ch\/de\/produktpraesentation\/entspannen\/schluessel-zur-selbsthilfe\/lebensenergien-staerken\/#primaryimage"},"image":{"@id":"https:\/\/bien-etreiris.ch\/de\/produktpraesentation\/entspannen\/schluessel-zur-selbsthilfe\/lebensenergien-staerken\/#primaryimage"},"thumbnailUrl":"https:\/\/bien-etreiris.ch\/wp-content\/uploads\/2023\/03\/acceuil-BoviGetix.jpg","datePublished":"2023-03-27T11:53:25+00:00","dateModified":"2023-03-27T12:10:46+00:00","breadcrumb":{"@id":"https:\/\/bien-etreiris.ch\/de\/produktpraesentation\/entspannen\/schluessel-zur-selbsthilfe\/lebensenergien-staerken\/#breadcrumb"},"inLanguage":"de","potentialAction":[{"@type":"ReadAction","target":["https:\/\/bien-etreiris.ch\/de\/produktpraesentation\/entspannen\/schluessel-zur-selbsthilfe\/lebensenergien-staerken\/"]}]},{"@type":"ImageObject","inLanguage":"de","@id":"https:\/\/bien-etreiris.ch\/de\/produktpraesentation\/entspannen\/schluessel-zur-selbsthilfe\/lebensenergien-staerken\/#primaryimage","url":"https:\/\/bien-etreiris.ch\/wp-content\/uploads\/2023\/03\/acceuil-BoviGetix.jpg","contentUrl":"https:\/\/bien-etreiris.ch\/wp-content\/uploads\/2023\/03\/acceuil-BoviGetix.jpg","width":500,"height":302},{"@type":"BreadcrumbList","@id":"https:\/\/bien-etreiris.ch\/de\/produktpraesentation\/entspannen\/schluessel-zur-selbsthilfe\/lebensenergien-staerken\/#breadcrumb","itemListElement":[{"@type":"ListItem","position":1,"name":"Home","item":"https:\/\/bien-etreiris.ch\/de\/"},{"@type":"ListItem","position":2,"name":"PRODUKTPR\u00c4SENTATION","item":"https:\/\/bien-etreiris.ch\/de\/produktpraesentation\/"},{"@type":"ListItem","position":3,"name":"ENTSPANNEND","item":"https:\/\/bien-etreiris.ch\/de\/produktpraesentation\/entspannen\/"},{"@type":"ListItem","position":4,"name":"SELBSTHILFE","item":"https:\/\/bien-etreiris.ch\/de\/produktpraesentation\/entspannen\/schluessel-zur-selbsthilfe\/"},{"@type":"ListItem","position":5,"name":"LEBENSENERGIEN"}]},{"@type":"WebSite","@id":"https:\/\/bien-etreiris.ch\/de\/#website","url":"https:\/\/bien-etreiris.ch\/de\/","name":"Bien-\u00eatre Iris","description":"IHRE Gesundheit ist uns wichtig","potentialAction":[{"@type":"SearchAction","target":{"@type":"EntryPoint","urlTemplate":"https:\/\/bien-etreiris.ch\/de\/?s={search_term_string}"},"query-input":{"@type":"PropertyValueSpecification","valueRequired":true,"valueName":"search_term_string"}}],"inLanguage":"de"}]}},"_links":{"self":[{"href":"https:\/\/bien-etreiris.ch\/de\/wp-json\/wp\/v2\/pages\/67835","targetHints":{"allow":["GET"]}}],"collection":[{"href":"https:\/\/bien-etreiris.ch\/de\/wp-json\/wp\/v2\/pages"}],"about":[{"href":"https:\/\/bien-etreiris.ch\/de\/wp-json\/wp\/v2\/types\/page"}],"author":[{"embeddable":true,"href":"https:\/\/bien-etreiris.ch\/de\/wp-json\/wp\/v2\/users\/1"}],"replies":[{"embeddable":true,"href":"https:\/\/bien-etreiris.ch\/de\/wp-json\/wp\/v2\/comments?post=67835"}],"version-history":[{"count":4,"href":"https:\/\/bien-etreiris.ch\/de\/wp-json\/wp\/v2\/pages\/67835\/revisions"}],"predecessor-version":[{"id":67845,"href":"https:\/\/bien-etreiris.ch\/de\/wp-json\/wp\/v2\/pages\/67835\/revisions\/67845"}],"up":[{"embeddable":true,"href":"https:\/\/bien-etreiris.ch\/de\/wp-json\/wp\/v2\/pages\/44524"}],"wp:featuredmedia":[{"embeddable":true,"href":"https:\/\/bien-etreiris.ch\/de\/wp-json\/wp\/v2\/media\/67832"}],"wp:attachment":[{"href":"https:\/\/bien-etreiris.ch\/de\/wp-json\/wp\/v2\/media?parent=67835"}],"curies":[{"name":"wp","href":"https:\/\/api.w.org\/{rel}","templated":true}]}}