{"id":67612,"date":"2023-03-11T11:31:41","date_gmt":"2023-03-11T09:31:41","guid":{"rendered":"https:\/\/bien-etreiris.ch\/produktpraesentation\/aromatherapie\/macerat\/arnika\/"},"modified":"2023-04-30T16:50:28","modified_gmt":"2023-04-30T14:50:28","slug":"arnica","status":"publish","type":"page","link":"https:\/\/bien-etreiris.ch\/de\/produktpraesentation\/aromatherapie\/macerat\/arnica\/","title":{"rendered":"ARNICA"},"content":{"rendered":"\n\n\n<h2>Mac\u00e9r\u00e2t d'arnica 100 % Pur BIO<\/h2>\n<p>&nbsp;<\/p>\n<p>1 Flacon en verre<\/p>\n<p>&nbsp; 75 ml <strong>CHF 13.00<\/strong><\/p>\n<p>100 ml <strong>CHF 16.00<\/strong><\/p>\n<p>250 ml <strong>CHF 34.00<\/strong><\/p>\n<p>remplissage 5 ml<strong> CHF 0.60<\/strong><\/p>\n<p>&nbsp;<\/p>\n<p>&nbsp;<\/p>\n<p><a href=\"https:\/\/bien-etreiris.ch\/wp-content\/uploads\/2023\/03\/arnica-2.jpg\"><img loading=\"lazy\" decoding=\"async\" class=\"alignnone wp-image-67622 \" src=\"https:\/\/bien-etreiris.ch\/wp-content\/uploads\/2023\/03\/arnica-2.jpg\" alt=\"\" width=\"662\" height=\"419\" srcset=\"https:\/\/bien-etreiris.ch\/wp-content\/uploads\/2023\/03\/arnica-2.jpg 600w, https:\/\/bien-etreiris.ch\/wp-content\/uploads\/2023\/03\/arnica-2-300x190.jpg 300w\" sizes=\"auto, (max-width: 662px) 100vw, 662px\" \/><\/a><\/p>\n<p>&nbsp;<\/p>\n<h3>Mac\u00e9r\u00e2t&nbsp;d'Arnica&nbsp;BIO<\/h3>\n<p>100 % pur&nbsp;et naturel<\/p>\n<p>Mac\u00e9r\u00e2t&nbsp;\u00e0 base d'huile d'olive&nbsp;obtenu par mac\u00e9ration des sommit\u00e9s fleuries d'<em>Arnica Montana L.<\/em>, conserv\u00e9 avec de la vitamine E d'origine v\u00e9g\u00e9tale.<\/p>\n<p>Certifi\u00e9&nbsp;BIO<\/p>\n<p><strong>Propri\u00e9t\u00e9s : <\/strong>anti-ecchymose, anti-inflammatoire.<\/p>\n<p>\u00c0 conserver \u00e0 l'abri de la chaleur et de la lumi\u00e8re<\/p>\n<p><strong>Origine g\u00e9ographique :<\/strong> France<\/p>\n<p>&nbsp;<\/p>\n","protected":false},"excerpt":{"rendered":"<p>Mac\u00e9r\u00e2t d'arnica 100 % Pur BIO &nbsp; 1 Flacon en verre &nbsp; 75 ml CHF 13.00 100 ml CHF 16.00 250 ml CHF 34.00 remplissage 5 ml CHF 0.60 &nbsp; &nbsp; &nbsp; Mac\u00e9r\u00e2t&nbsp;d'Arnica&nbsp;BIO 100 % pur&nbsp;et naturel Mac\u00e9r\u00e2t&nbsp;\u00e0 base d'huile d'olive&nbsp;obtenu par mac\u00e9ration des sommit\u00e9s fleuries d'Arnica Montana L., conserv\u00e9 avec de la vitamine E d'origine v\u00e9g\u00e9tale. Certifi\u00e9&nbsp;BIO Propri\u00e9t\u00e9s :&nbsp;<a href=\"https:\/\/bien-etreiris.ch\/de\/produktpraesentation\/aromatherapie\/macerat\/arnica\/\" class=\"read-more\">Weiter lesen<\/a><\/p>\n","protected":false},"author":1,"featured_media":67594,"parent":67603,"menu_order":3794,"comment_status":"closed","ping_status":"closed","template":"","meta":{"_acf_changed":false,"ngg_post_thumbnail":0,"footnotes":""},"class_list":["post-67612","page","type-page","status-publish","has-post-thumbnail","hentry"],"acf":[],"yoast_head":"<!-- This site is optimized with the Yoast SEO plugin v27.5 - https:\/\/yoast.com\/product\/yoast-seo-wordpress\/ -->\n<title>ARNICA - WOHLBEFINDEN<\/title>\n<meta name=\"robots\" content=\"index, follow, max-snippet:-1, max-image-preview:large, max-video-preview:-1\" \/>\n<link rel=\"canonical\" href=\"https:\/\/bien-etreiris.ch\/de\/produktpraesentation\/aromatherapie\/macerat\/arnica\/\" \/>\n<meta property=\"og:locale\" content=\"de_DE\" \/>\n<meta property=\"og:type\" content=\"article\" \/>\n<meta property=\"og:title\" content=\"ARNICA - WOHLBEFINDEN\" \/>\n<meta property=\"og:description\" content=\"Mac\u00e9r\u00e2t d&#039;arnica 100 % Pur BIO &nbsp; 1 Flacon en verre &nbsp; 75 ml CHF 13.00 100 ml CHF 16.00 250 ml CHF 34.00 remplissage 5 ml CHF 0.60 &nbsp; &nbsp; &nbsp; Mac\u00e9r\u00e2t&nbsp;d&#039;Arnica&nbsp;BIO 100 % pur&nbsp;et naturel Mac\u00e9r\u00e2t&nbsp;\u00e0 base d&#039;huile d&#039;olive&nbsp;obtenu par mac\u00e9ration des sommit\u00e9s fleuries d&#039;Arnica Montana L., conserv\u00e9 avec de la vitamine E d&#039;origine v\u00e9g\u00e9tale. Certifi\u00e9&nbsp;BIO Propri\u00e9t\u00e9s :&nbsp;Weiter lesen\" \/>\n<meta property=\"og:url\" content=\"https:\/\/bien-etreiris.ch\/de\/produktpraesentation\/aromatherapie\/macerat\/arnica\/\" \/>\n<meta property=\"og:site_name\" content=\"WOHLBEFINDEN\" \/>\n<meta property=\"article:publisher\" content=\"https:\/\/www.facebook.com\/bienetreiris\/\" \/>\n<meta property=\"article:modified_time\" content=\"2023-04-30T14:50:28+00:00\" \/>\n<meta property=\"og:image\" content=\"https:\/\/bien-etreiris.ch\/wp-content\/uploads\/2023\/03\/acceuil-arnika.jpg\" \/>\n\t<meta property=\"og:image:width\" content=\"500\" \/>\n\t<meta property=\"og:image:height\" content=\"333\" \/>\n\t<meta property=\"og:image:type\" content=\"image\/jpeg\" \/>\n<meta name=\"twitter:label1\" content=\"Gesch\u00e4tzte Lesezeit\" \/>\n\t<meta name=\"twitter:data1\" content=\"1\u00a0Minute\" \/>\n<script type=\"application\/ld+json\" class=\"yoast-schema-graph\">{\"@context\":\"https:\\\/\\\/schema.org\",\"@graph\":[{\"@type\":\"WebPage\",\"@id\":\"https:\\\/\\\/bien-etreiris.ch\\\/de\\\/produktpraesentation\\\/aromatherapie\\\/macerat\\\/arnica\\\/\",\"url\":\"https:\\\/\\\/bien-etreiris.ch\\\/de\\\/produktpraesentation\\\/aromatherapie\\\/macerat\\\/arnica\\\/\",\"name\":\"ARNICA - WOHLBEFINDEN\",\"isPartOf\":{\"@id\":\"https:\\\/\\\/bien-etreiris.ch\\\/de\\\/#website\"},\"primaryImageOfPage\":{\"@id\":\"https:\\\/\\\/bien-etreiris.ch\\\/de\\\/produktpraesentation\\\/aromatherapie\\\/macerat\\\/arnica\\\/#primaryimage\"},\"image\":{\"@id\":\"https:\\\/\\\/bien-etreiris.ch\\\/de\\\/produktpraesentation\\\/aromatherapie\\\/macerat\\\/arnica\\\/#primaryimage\"},\"thumbnailUrl\":\"https:\\\/\\\/bien-etreiris.ch\\\/wp-content\\\/uploads\\\/2023\\\/03\\\/acceuil-arnika.jpg\",\"datePublished\":\"2023-03-11T09:31:41+00:00\",\"dateModified\":\"2023-04-30T14:50:28+00:00\",\"breadcrumb\":{\"@id\":\"https:\\\/\\\/bien-etreiris.ch\\\/de\\\/produktpraesentation\\\/aromatherapie\\\/macerat\\\/arnica\\\/#breadcrumb\"},\"inLanguage\":\"de\",\"potentialAction\":[{\"@type\":\"ReadAction\",\"target\":[\"https:\\\/\\\/bien-etreiris.ch\\\/de\\\/produktpraesentation\\\/aromatherapie\\\/macerat\\\/arnica\\\/\"]}]},{\"@type\":\"ImageObject\",\"inLanguage\":\"de\",\"@id\":\"https:\\\/\\\/bien-etreiris.ch\\\/de\\\/produktpraesentation\\\/aromatherapie\\\/macerat\\\/arnica\\\/#primaryimage\",\"url\":\"https:\\\/\\\/bien-etreiris.ch\\\/wp-content\\\/uploads\\\/2023\\\/03\\\/acceuil-arnika.jpg\",\"contentUrl\":\"https:\\\/\\\/bien-etreiris.ch\\\/wp-content\\\/uploads\\\/2023\\\/03\\\/acceuil-arnika.jpg\",\"width\":500,\"height\":333},{\"@type\":\"BreadcrumbList\",\"@id\":\"https:\\\/\\\/bien-etreiris.ch\\\/de\\\/produktpraesentation\\\/aromatherapie\\\/macerat\\\/arnica\\\/#breadcrumb\",\"itemListElement\":[{\"@type\":\"ListItem\",\"position\":1,\"name\":\"Home\",\"item\":\"https:\\\/\\\/bien-etreiris.ch\\\/de\\\/\"},{\"@type\":\"ListItem\",\"position\":2,\"name\":\"PRODUKTPR\u00c4SENTATION\",\"item\":\"https:\\\/\\\/bien-etreiris.ch\\\/de\\\/produktpraesentation\\\/\"},{\"@type\":\"ListItem\",\"position\":3,\"name\":\"AROMATHERAPIE\",\"item\":\"https:\\\/\\\/bien-etreiris.ch\\\/de\\\/produktpraesentation\\\/aromatherapie\\\/\"},{\"@type\":\"ListItem\",\"position\":4,\"name\":\"MACERAT\",\"item\":\"https:\\\/\\\/bien-etreiris.ch\\\/de\\\/produktpraesentation\\\/aromatherapie\\\/macerat\\\/\"},{\"@type\":\"ListItem\",\"position\":5,\"name\":\"ARNICA\"}]},{\"@type\":\"WebSite\",\"@id\":\"https:\\\/\\\/bien-etreiris.ch\\\/de\\\/#website\",\"url\":\"https:\\\/\\\/bien-etreiris.ch\\\/de\\\/\",\"name\":\"Bien-\u00eatre Iris\",\"description\":\"IHRE Gesundheit ist uns wichtig\",\"potentialAction\":[{\"@type\":\"SearchAction\",\"target\":{\"@type\":\"EntryPoint\",\"urlTemplate\":\"https:\\\/\\\/bien-etreiris.ch\\\/de\\\/?s={search_term_string}\"},\"query-input\":{\"@type\":\"PropertyValueSpecification\",\"valueRequired\":true,\"valueName\":\"search_term_string\"}}],\"inLanguage\":\"de\"}]}<\/script>\n<!-- \/ Yoast SEO plugin. -->","yoast_head_json":{"title":"ARNICA - WOHLBEFINDEN","robots":{"index":"index","follow":"follow","max-snippet":"max-snippet:-1","max-image-preview":"max-image-preview:large","max-video-preview":"max-video-preview:-1"},"canonical":"https:\/\/bien-etreiris.ch\/de\/produktpraesentation\/aromatherapie\/macerat\/arnica\/","og_locale":"de_DE","og_type":"article","og_title":"ARNICA - WOHLBEFINDEN","og_description":"Mac\u00e9r\u00e2t d'arnica 100 % Pur BIO &nbsp; 1 Flacon en verre &nbsp; 75 ml CHF 13.00 100 ml CHF 16.00 250 ml CHF 34.00 remplissage 5 ml CHF 0.60 &nbsp; &nbsp; &nbsp; Mac\u00e9r\u00e2t&nbsp;d'Arnica&nbsp;BIO 100 % pur&nbsp;et naturel Mac\u00e9r\u00e2t&nbsp;\u00e0 base d'huile d'olive&nbsp;obtenu par mac\u00e9ration des sommit\u00e9s fleuries d'Arnica Montana L., conserv\u00e9 avec de la vitamine E d'origine v\u00e9g\u00e9tale. Certifi\u00e9&nbsp;BIO Propri\u00e9t\u00e9s :&nbsp;Weiter lesen","og_url":"https:\/\/bien-etreiris.ch\/de\/produktpraesentation\/aromatherapie\/macerat\/arnica\/","og_site_name":"WOHLBEFINDEN","article_publisher":"https:\/\/www.facebook.com\/bienetreiris\/","article_modified_time":"2023-04-30T14:50:28+00:00","og_image":[{"width":500,"height":333,"url":"https:\/\/bien-etreiris.ch\/wp-content\/uploads\/2023\/03\/acceuil-arnika.jpg","type":"image\/jpeg"}],"twitter_misc":{"Gesch\u00e4tzte Lesezeit":"1\u00a0Minute"},"schema":{"@context":"https:\/\/schema.org","@graph":[{"@type":"WebPage","@id":"https:\/\/bien-etreiris.ch\/de\/produktpraesentation\/aromatherapie\/macerat\/arnica\/","url":"https:\/\/bien-etreiris.ch\/de\/produktpraesentation\/aromatherapie\/macerat\/arnica\/","name":"ARNICA - WOHLBEFINDEN","isPartOf":{"@id":"https:\/\/bien-etreiris.ch\/de\/#website"},"primaryImageOfPage":{"@id":"https:\/\/bien-etreiris.ch\/de\/produktpraesentation\/aromatherapie\/macerat\/arnica\/#primaryimage"},"image":{"@id":"https:\/\/bien-etreiris.ch\/de\/produktpraesentation\/aromatherapie\/macerat\/arnica\/#primaryimage"},"thumbnailUrl":"https:\/\/bien-etreiris.ch\/wp-content\/uploads\/2023\/03\/acceuil-arnika.jpg","datePublished":"2023-03-11T09:31:41+00:00","dateModified":"2023-04-30T14:50:28+00:00","breadcrumb":{"@id":"https:\/\/bien-etreiris.ch\/de\/produktpraesentation\/aromatherapie\/macerat\/arnica\/#breadcrumb"},"inLanguage":"de","potentialAction":[{"@type":"ReadAction","target":["https:\/\/bien-etreiris.ch\/de\/produktpraesentation\/aromatherapie\/macerat\/arnica\/"]}]},{"@type":"ImageObject","inLanguage":"de","@id":"https:\/\/bien-etreiris.ch\/de\/produktpraesentation\/aromatherapie\/macerat\/arnica\/#primaryimage","url":"https:\/\/bien-etreiris.ch\/wp-content\/uploads\/2023\/03\/acceuil-arnika.jpg","contentUrl":"https:\/\/bien-etreiris.ch\/wp-content\/uploads\/2023\/03\/acceuil-arnika.jpg","width":500,"height":333},{"@type":"BreadcrumbList","@id":"https:\/\/bien-etreiris.ch\/de\/produktpraesentation\/aromatherapie\/macerat\/arnica\/#breadcrumb","itemListElement":[{"@type":"ListItem","position":1,"name":"Home","item":"https:\/\/bien-etreiris.ch\/de\/"},{"@type":"ListItem","position":2,"name":"PRODUKTPR\u00c4SENTATION","item":"https:\/\/bien-etreiris.ch\/de\/produktpraesentation\/"},{"@type":"ListItem","position":3,"name":"AROMATHERAPIE","item":"https:\/\/bien-etreiris.ch\/de\/produktpraesentation\/aromatherapie\/"},{"@type":"ListItem","position":4,"name":"MACERAT","item":"https:\/\/bien-etreiris.ch\/de\/produktpraesentation\/aromatherapie\/macerat\/"},{"@type":"ListItem","position":5,"name":"ARNICA"}]},{"@type":"WebSite","@id":"https:\/\/bien-etreiris.ch\/de\/#website","url":"https:\/\/bien-etreiris.ch\/de\/","name":"Bien-\u00eatre Iris","description":"IHRE Gesundheit ist uns wichtig","potentialAction":[{"@type":"SearchAction","target":{"@type":"EntryPoint","urlTemplate":"https:\/\/bien-etreiris.ch\/de\/?s={search_term_string}"},"query-input":{"@type":"PropertyValueSpecification","valueRequired":true,"valueName":"search_term_string"}}],"inLanguage":"de"}]}},"_links":{"self":[{"href":"https:\/\/bien-etreiris.ch\/de\/wp-json\/wp\/v2\/pages\/67612","targetHints":{"allow":["GET"]}}],"collection":[{"href":"https:\/\/bien-etreiris.ch\/de\/wp-json\/wp\/v2\/pages"}],"about":[{"href":"https:\/\/bien-etreiris.ch\/de\/wp-json\/wp\/v2\/types\/page"}],"author":[{"embeddable":true,"href":"https:\/\/bien-etreiris.ch\/de\/wp-json\/wp\/v2\/users\/1"}],"replies":[{"embeddable":true,"href":"https:\/\/bien-etreiris.ch\/de\/wp-json\/wp\/v2\/comments?post=67612"}],"version-history":[{"count":4,"href":"https:\/\/bien-etreiris.ch\/de\/wp-json\/wp\/v2\/pages\/67612\/revisions"}],"predecessor-version":[{"id":69028,"href":"https:\/\/bien-etreiris.ch\/de\/wp-json\/wp\/v2\/pages\/67612\/revisions\/69028"}],"up":[{"embeddable":true,"href":"https:\/\/bien-etreiris.ch\/de\/wp-json\/wp\/v2\/pages\/67603"}],"wp:featuredmedia":[{"embeddable":true,"href":"https:\/\/bien-etreiris.ch\/de\/wp-json\/wp\/v2\/media\/67594"}],"wp:attachment":[{"href":"https:\/\/bien-etreiris.ch\/de\/wp-json\/wp\/v2\/media?parent=67612"}],"curies":[{"name":"wp","href":"https:\/\/api.w.org\/{rel}","templated":true}]}}