{"id":67157,"date":"2023-02-21T11:18:37","date_gmt":"2023-02-21T09:18:37","guid":{"rendered":"https:\/\/bien-etreiris.ch\/produktpraesentation\/aromatherapie\/selbst-herstellen\/material-zur-herstellung\/utensilien\/mesurettes\/"},"modified":"2023-02-22T15:00:11","modified_gmt":"2023-02-22T13:00:11","slug":"mesurettes","status":"publish","type":"page","link":"https:\/\/bien-etreiris.ch\/de\/produktpraesentation\/aromatherapie\/selbst-herstellen\/material-zur-herstellung\/utensilien\/mesurettes\/","title":{"rendered":"MESURETTES"},"content":{"rendered":"\n<h2>Mesurettes<\/h2>\n<p>&nbsp;<\/p>\n<h2>Set de 2 verres mesureurs 1 L et 500 ml<\/h2>\n<p><a href=\"https:\/\/bien-etreiris.ch\/wp-content\/uploads\/2023\/02\/Set-de-2-verres-mesureurs-1-L-et-500-ml-Ecodis.jpg\"><img loading=\"lazy\" decoding=\"async\" class=\"size-full wp-image-67234 alignleft\" src=\"https:\/\/bien-etreiris.ch\/wp-content\/uploads\/2023\/02\/Set-de-2-verres-mesureurs-1-L-et-500-ml-Ecodis.jpg\" alt=\"\" width=\"582\" height=\"582\" srcset=\"https:\/\/bien-etreiris.ch\/wp-content\/uploads\/2023\/02\/Set-de-2-verres-mesureurs-1-L-et-500-ml-Ecodis.jpg 582w, https:\/\/bien-etreiris.ch\/wp-content\/uploads\/2023\/02\/Set-de-2-verres-mesureurs-1-L-et-500-ml-Ecodis-300x300.jpg 300w, https:\/\/bien-etreiris.ch\/wp-content\/uploads\/2023\/02\/Set-de-2-verres-mesureurs-1-L-et-500-ml-Ecodis-150x150.jpg 150w\" sizes=\"auto, (max-width: 582px) 100vw, 582px\" \/><\/a><\/p>\n<p>&nbsp;<\/p>\n<p>&nbsp;<\/p>\n<p>&nbsp;<\/p>\n<p>&nbsp;<\/p>\n<p>&nbsp;<\/p>\n<p>&nbsp;<\/p>\n<p>&nbsp;<\/p>\n<p>set de 2 verres <strong>CHF 15.50<\/strong><\/p>\n<p>&nbsp;<\/p>\n<p>&nbsp;<\/p>\n<p>&nbsp;<\/p>\n<p>&nbsp;<\/p>\n<p>&nbsp;<\/p>\n<p>&nbsp;<\/p>\n<div id=\"description_text\" class=\"desc_txt\">\n<p>Ces verres mesureurs sont&nbsp;con\u00e7us en ferre fin robuste (borosilicate).&nbsp;<\/p>\n<p>R\u00e9sistant \u00e0 la chaleur.<\/p>\n<p>Facile d'entretien.<\/p>\n<p>Poign\u00e9e sur verre 1L<br><br>Fabrication : R\u00e9publique Tch\u00e8que<\/p>\n<\/div>\n<p>&nbsp;<\/p>\n<p>&nbsp;<\/p>\n<hr>\n<h2>Pot mesureur en verre 500 ml - Lacor<\/h2>\n<p><a href=\"https:\/\/bien-etreiris.ch\/wp-content\/uploads\/2023\/02\/Pot-mesureur-en-verre-500-ml-Lacor.jpg\"><img loading=\"lazy\" decoding=\"async\" class=\"wp-image-67242 alignleft\" src=\"https:\/\/bien-etreiris.ch\/wp-content\/uploads\/2023\/02\/Pot-mesureur-en-verre-500-ml-Lacor.jpg\" alt=\"\" width=\"369\" height=\"314\"><\/a><\/p>\n<p>&nbsp;<\/p>\n<p>&nbsp;<\/p>\n<p>&nbsp;<\/p>\n<p>&nbsp;<\/p>\n<p>&nbsp;<\/p>\n<p>1 pi\u00e8ce <strong>CHF 11.10<\/strong><\/p>\n<p>&nbsp;<\/p>\n<p>&nbsp;<\/p>\n<p>&nbsp;<\/p>\n<p>Sa capacit\u00e9 maximale est de 500 ml et son \u00e9chelle de mesures est tr\u00e8s facile \u00e0 lire et conversion (2 \u00e9chelles: ml, oz,)<\/p>\n<p>&nbsp;<\/p>\n<p>En verre Borosilicate<\/p>\n<p>100 % Hyg\u00e9nique<\/p>\n<p>&nbsp;<\/p>\n<p>&nbsp;<\/p>\n<hr>\n<h2>Pelles de mesure PP<\/h2>\n\n\n<h2><strong><a href=\"https:\/\/bien-etreiris.ch\/wp-content\/uploads\/2023\/02\/Pelles-de-mesure.jpg\"><img loading=\"lazy\" decoding=\"async\" class=\"wp-image-67153 alignleft\" src=\"https:\/\/bien-etreiris.ch\/wp-content\/uploads\/2023\/02\/Pelles-de-mesure.jpg\" alt=\"\" width=\"323\" height=\"194\"><\/a><\/strong><\/h2>\n<p>&nbsp;<\/p>\n<p>1 pi\u00e8ce&nbsp; 2 ml <strong>CHF 1.30<\/strong><\/p>\n<p>1 pi\u00e8ce&nbsp; 5 ml <strong>CHF 1.50<\/strong><\/p>\n<p>1 pi\u00e8ce 10 ml <strong>CHF 2.60<\/strong><\/p>\n<p>1 pi\u00e8ce 25 ml <strong>CHF 2.60<\/strong><\/p>\n<p>1 pi\u00e8ce 50 ml <strong>CHF 3.70<\/strong><\/p>\n<p>&nbsp;<\/p>\n<p>&nbsp;<\/p>\n<p>Base aplatie, angles biseaut\u00e9s et poign\u00e9e renforc\u00e9e<\/p>\n<ul>\n<li>Tr\u00e8s bonne r\u00e9sistance chimique, incassables<\/li>\n<li>Volume de la pelle indiqu\u00e9 sur la poign\u00e9e<\/li>\n<li>Pour doser toute vos poudres<\/li>\n<\/ul>\n<hr>\n<h2><strong>Seringue de transfert 5 ml et 50 ml<\/strong><\/h2>\n<p>Id\u00e9al pour le transfert de produit.<\/p>\n<p>&nbsp;<\/p>\n<p><a href=\"https:\/\/bien-etreiris.ch\/wp-content\/uploads\/2023\/02\/Seringue-de-transfert.jpg\"><img loading=\"lazy\" decoding=\"async\" class=\"size-full wp-image-67164 alignleft\" src=\"https:\/\/bien-etreiris.ch\/wp-content\/uploads\/2023\/02\/Seringue-de-transfert.jpg\" alt=\"\" width=\"300\" height=\"300\" srcset=\"https:\/\/bien-etreiris.ch\/wp-content\/uploads\/2023\/02\/Seringue-de-transfert.jpg 300w, https:\/\/bien-etreiris.ch\/wp-content\/uploads\/2023\/02\/Seringue-de-transfert-150x150.jpg 150w\" sizes=\"auto, (max-width: 300px) 100vw, 300px\" \/><\/a><\/p>\n<p>&nbsp;<\/p>\n<p>&nbsp;<\/p>\n<p>&nbsp;<\/p>\n<p>&nbsp;<\/p>\n<p>&nbsp; 5 ml <strong>CHF 0.45<\/strong><\/p>\n<p>50 ml <strong>CHF 2.20<\/strong><\/p>\n<p>&nbsp;<\/p>\n<p>&nbsp;<\/p>\n<p>&nbsp;<\/p>\n<h4><strong>Seringue de transfert<\/strong><\/h4>\n<p>Id\u00e9al pour le transfert de produit.<\/p>\n<p>Pour le transfert des huiles essentielles, des huiles v\u00e9g\u00e9tales, des hydrolats.<\/p>\n<p>Mais \u00e9galement pour le transfert de vos pr\u00e9parations cosm\u00e9tique. Cr\u00e8me, baumes, etc.<\/p>\n<p>&nbsp;<\/p>\n<p>&nbsp;<\/p>\n<hr>\n<p>&nbsp;<\/p>","protected":false},"excerpt":{"rendered":"<p>Mesurettes &nbsp; Set de 2 verres mesureurs 1 L et 500 ml &nbsp; &nbsp; &nbsp; &nbsp; &nbsp; &nbsp; &nbsp; set de 2 verres CHF 15.50 &nbsp; &nbsp; &nbsp; &nbsp; &nbsp; &nbsp; Ces verres mesureurs sont&nbsp;con\u00e7us en ferre fin robuste (borosilicate).&nbsp; R\u00e9sistant \u00e0 la chaleur. Facile d'entretien. Poign\u00e9e sur verre 1L Fabrication : R\u00e9publique Tch\u00e8que &nbsp; &nbsp; Pot mesureur en verre&nbsp;<a href=\"https:\/\/bien-etreiris.ch\/de\/produktpraesentation\/aromatherapie\/selbst-herstellen\/material-zur-herstellung\/utensilien\/mesurettes\/\" class=\"read-more\">Weiter lesen<\/a><\/p>\n","protected":false},"author":1,"featured_media":67147,"parent":31251,"menu_order":3842,"comment_status":"closed","ping_status":"closed","template":"page-with-child.php","meta":{"_acf_changed":false,"ngg_post_thumbnail":0,"footnotes":""},"class_list":["post-67157","page","type-page","status-publish","has-post-thumbnail","hentry"],"acf":[],"yoast_head":"<!-- This site is optimized with the Yoast SEO plugin v27.5 - https:\/\/yoast.com\/product\/yoast-seo-wordpress\/ -->\n<title>MESURETTES - WOHLBEFINDEN<\/title>\n<meta name=\"robots\" content=\"index, follow, max-snippet:-1, max-image-preview:large, max-video-preview:-1\" \/>\n<link rel=\"canonical\" href=\"https:\/\/bien-etreiris.ch\/de\/produktpraesentation\/aromatherapie\/selbst-herstellen\/material-zur-herstellung\/utensilien\/mesurettes\/\" \/>\n<meta property=\"og:locale\" content=\"de_DE\" \/>\n<meta property=\"og:type\" content=\"article\" \/>\n<meta property=\"og:title\" content=\"MESURETTES - WOHLBEFINDEN\" \/>\n<meta property=\"og:description\" content=\"Mesurettes &nbsp; Set de 2 verres mesureurs 1 L et 500 ml &nbsp; &nbsp; &nbsp; &nbsp; &nbsp; &nbsp; &nbsp; set de 2 verres CHF 15.50 &nbsp; &nbsp; &nbsp; &nbsp; &nbsp; &nbsp; Ces verres mesureurs sont&nbsp;con\u00e7us en ferre fin robuste (borosilicate).&nbsp; R\u00e9sistant \u00e0 la chaleur. Facile d&#039;entretien. Poign\u00e9e sur verre 1L Fabrication : R\u00e9publique Tch\u00e8que &nbsp; &nbsp; Pot mesureur en verre&nbsp;Weiter lesen\" \/>\n<meta property=\"og:url\" content=\"https:\/\/bien-etreiris.ch\/de\/produktpraesentation\/aromatherapie\/selbst-herstellen\/material-zur-herstellung\/utensilien\/mesurettes\/\" \/>\n<meta property=\"og:site_name\" content=\"WOHLBEFINDEN\" \/>\n<meta property=\"article:publisher\" content=\"https:\/\/www.facebook.com\/bienetreiris\/\" \/>\n<meta property=\"article:modified_time\" content=\"2023-02-22T13:00:11+00:00\" \/>\n<meta property=\"og:image\" content=\"https:\/\/bien-etreiris.ch\/wp-content\/uploads\/2023\/02\/acceuil-mesurette.jpg\" \/>\n\t<meta property=\"og:image:width\" content=\"500\" \/>\n\t<meta property=\"og:image:height\" content=\"350\" \/>\n\t<meta property=\"og:image:type\" content=\"image\/jpeg\" \/>\n<meta name=\"twitter:label1\" content=\"Gesch\u00e4tzte Lesezeit\" \/>\n\t<meta name=\"twitter:data1\" content=\"1\u00a0Minute\" \/>\n<script type=\"application\/ld+json\" class=\"yoast-schema-graph\">{\"@context\":\"https:\\\/\\\/schema.org\",\"@graph\":[{\"@type\":\"WebPage\",\"@id\":\"https:\\\/\\\/bien-etreiris.ch\\\/de\\\/produktpraesentation\\\/aromatherapie\\\/selbst-herstellen\\\/material-zur-herstellung\\\/utensilien\\\/mesurettes\\\/\",\"url\":\"https:\\\/\\\/bien-etreiris.ch\\\/de\\\/produktpraesentation\\\/aromatherapie\\\/selbst-herstellen\\\/material-zur-herstellung\\\/utensilien\\\/mesurettes\\\/\",\"name\":\"MESURETTES - WOHLBEFINDEN\",\"isPartOf\":{\"@id\":\"https:\\\/\\\/bien-etreiris.ch\\\/de\\\/#website\"},\"primaryImageOfPage\":{\"@id\":\"https:\\\/\\\/bien-etreiris.ch\\\/de\\\/produktpraesentation\\\/aromatherapie\\\/selbst-herstellen\\\/material-zur-herstellung\\\/utensilien\\\/mesurettes\\\/#primaryimage\"},\"image\":{\"@id\":\"https:\\\/\\\/bien-etreiris.ch\\\/de\\\/produktpraesentation\\\/aromatherapie\\\/selbst-herstellen\\\/material-zur-herstellung\\\/utensilien\\\/mesurettes\\\/#primaryimage\"},\"thumbnailUrl\":\"https:\\\/\\\/bien-etreiris.ch\\\/wp-content\\\/uploads\\\/2023\\\/02\\\/acceuil-mesurette.jpg\",\"datePublished\":\"2023-02-21T09:18:37+00:00\",\"dateModified\":\"2023-02-22T13:00:11+00:00\",\"breadcrumb\":{\"@id\":\"https:\\\/\\\/bien-etreiris.ch\\\/de\\\/produktpraesentation\\\/aromatherapie\\\/selbst-herstellen\\\/material-zur-herstellung\\\/utensilien\\\/mesurettes\\\/#breadcrumb\"},\"inLanguage\":\"de\",\"potentialAction\":[{\"@type\":\"ReadAction\",\"target\":[\"https:\\\/\\\/bien-etreiris.ch\\\/de\\\/produktpraesentation\\\/aromatherapie\\\/selbst-herstellen\\\/material-zur-herstellung\\\/utensilien\\\/mesurettes\\\/\"]}]},{\"@type\":\"ImageObject\",\"inLanguage\":\"de\",\"@id\":\"https:\\\/\\\/bien-etreiris.ch\\\/de\\\/produktpraesentation\\\/aromatherapie\\\/selbst-herstellen\\\/material-zur-herstellung\\\/utensilien\\\/mesurettes\\\/#primaryimage\",\"url\":\"https:\\\/\\\/bien-etreiris.ch\\\/wp-content\\\/uploads\\\/2023\\\/02\\\/acceuil-mesurette.jpg\",\"contentUrl\":\"https:\\\/\\\/bien-etreiris.ch\\\/wp-content\\\/uploads\\\/2023\\\/02\\\/acceuil-mesurette.jpg\",\"width\":500,\"height\":350},{\"@type\":\"BreadcrumbList\",\"@id\":\"https:\\\/\\\/bien-etreiris.ch\\\/de\\\/produktpraesentation\\\/aromatherapie\\\/selbst-herstellen\\\/material-zur-herstellung\\\/utensilien\\\/mesurettes\\\/#breadcrumb\",\"itemListElement\":[{\"@type\":\"ListItem\",\"position\":1,\"name\":\"Home\",\"item\":\"https:\\\/\\\/bien-etreiris.ch\\\/de\\\/\"},{\"@type\":\"ListItem\",\"position\":2,\"name\":\"PRODUKTPR\u00c4SENTATION\",\"item\":\"https:\\\/\\\/bien-etreiris.ch\\\/de\\\/produktpraesentation\\\/\"},{\"@type\":\"ListItem\",\"position\":3,\"name\":\"AROMATHERAPIE\",\"item\":\"https:\\\/\\\/bien-etreiris.ch\\\/de\\\/produktpraesentation\\\/aromatherapie\\\/\"},{\"@type\":\"ListItem\",\"position\":4,\"name\":\"SELBST HERSTELLEN&#8230;\",\"item\":\"https:\\\/\\\/bien-etreiris.ch\\\/de\\\/produktpraesentation\\\/aromatherapie\\\/selbst-herstellen\\\/\"},{\"@type\":\"ListItem\",\"position\":5,\"name\":\"MATERIAL ZUR HERSTELLUNG\",\"item\":\"https:\\\/\\\/bien-etreiris.ch\\\/de\\\/produktpraesentation\\\/aromatherapie\\\/selbst-herstellen\\\/material-zur-herstellung\\\/\"},{\"@type\":\"ListItem\",\"position\":6,\"name\":\"UTENSILIEN\",\"item\":\"https:\\\/\\\/bien-etreiris.ch\\\/de\\\/produktpraesentation\\\/aromatherapie\\\/selbst-herstellen\\\/material-zur-herstellung\\\/utensilien\\\/\"},{\"@type\":\"ListItem\",\"position\":7,\"name\":\"MESURETTES\"}]},{\"@type\":\"WebSite\",\"@id\":\"https:\\\/\\\/bien-etreiris.ch\\\/de\\\/#website\",\"url\":\"https:\\\/\\\/bien-etreiris.ch\\\/de\\\/\",\"name\":\"Bien-\u00eatre Iris\",\"description\":\"IHRE Gesundheit ist uns wichtig\",\"potentialAction\":[{\"@type\":\"SearchAction\",\"target\":{\"@type\":\"EntryPoint\",\"urlTemplate\":\"https:\\\/\\\/bien-etreiris.ch\\\/de\\\/?s={search_term_string}\"},\"query-input\":{\"@type\":\"PropertyValueSpecification\",\"valueRequired\":true,\"valueName\":\"search_term_string\"}}],\"inLanguage\":\"de\"}]}<\/script>\n<!-- \/ Yoast SEO plugin. -->","yoast_head_json":{"title":"MESURETTES - WOHLBEFINDEN","robots":{"index":"index","follow":"follow","max-snippet":"max-snippet:-1","max-image-preview":"max-image-preview:large","max-video-preview":"max-video-preview:-1"},"canonical":"https:\/\/bien-etreiris.ch\/de\/produktpraesentation\/aromatherapie\/selbst-herstellen\/material-zur-herstellung\/utensilien\/mesurettes\/","og_locale":"de_DE","og_type":"article","og_title":"MESURETTES - WOHLBEFINDEN","og_description":"Mesurettes &nbsp; Set de 2 verres mesureurs 1 L et 500 ml &nbsp; &nbsp; &nbsp; &nbsp; &nbsp; &nbsp; &nbsp; set de 2 verres CHF 15.50 &nbsp; &nbsp; &nbsp; &nbsp; &nbsp; &nbsp; Ces verres mesureurs sont&nbsp;con\u00e7us en ferre fin robuste (borosilicate).&nbsp; R\u00e9sistant \u00e0 la chaleur. Facile d'entretien. Poign\u00e9e sur verre 1L Fabrication : R\u00e9publique Tch\u00e8que &nbsp; &nbsp; Pot mesureur en verre&nbsp;Weiter lesen","og_url":"https:\/\/bien-etreiris.ch\/de\/produktpraesentation\/aromatherapie\/selbst-herstellen\/material-zur-herstellung\/utensilien\/mesurettes\/","og_site_name":"WOHLBEFINDEN","article_publisher":"https:\/\/www.facebook.com\/bienetreiris\/","article_modified_time":"2023-02-22T13:00:11+00:00","og_image":[{"width":500,"height":350,"url":"https:\/\/bien-etreiris.ch\/wp-content\/uploads\/2023\/02\/acceuil-mesurette.jpg","type":"image\/jpeg"}],"twitter_misc":{"Gesch\u00e4tzte Lesezeit":"1\u00a0Minute"},"schema":{"@context":"https:\/\/schema.org","@graph":[{"@type":"WebPage","@id":"https:\/\/bien-etreiris.ch\/de\/produktpraesentation\/aromatherapie\/selbst-herstellen\/material-zur-herstellung\/utensilien\/mesurettes\/","url":"https:\/\/bien-etreiris.ch\/de\/produktpraesentation\/aromatherapie\/selbst-herstellen\/material-zur-herstellung\/utensilien\/mesurettes\/","name":"MESURETTES - WOHLBEFINDEN","isPartOf":{"@id":"https:\/\/bien-etreiris.ch\/de\/#website"},"primaryImageOfPage":{"@id":"https:\/\/bien-etreiris.ch\/de\/produktpraesentation\/aromatherapie\/selbst-herstellen\/material-zur-herstellung\/utensilien\/mesurettes\/#primaryimage"},"image":{"@id":"https:\/\/bien-etreiris.ch\/de\/produktpraesentation\/aromatherapie\/selbst-herstellen\/material-zur-herstellung\/utensilien\/mesurettes\/#primaryimage"},"thumbnailUrl":"https:\/\/bien-etreiris.ch\/wp-content\/uploads\/2023\/02\/acceuil-mesurette.jpg","datePublished":"2023-02-21T09:18:37+00:00","dateModified":"2023-02-22T13:00:11+00:00","breadcrumb":{"@id":"https:\/\/bien-etreiris.ch\/de\/produktpraesentation\/aromatherapie\/selbst-herstellen\/material-zur-herstellung\/utensilien\/mesurettes\/#breadcrumb"},"inLanguage":"de","potentialAction":[{"@type":"ReadAction","target":["https:\/\/bien-etreiris.ch\/de\/produktpraesentation\/aromatherapie\/selbst-herstellen\/material-zur-herstellung\/utensilien\/mesurettes\/"]}]},{"@type":"ImageObject","inLanguage":"de","@id":"https:\/\/bien-etreiris.ch\/de\/produktpraesentation\/aromatherapie\/selbst-herstellen\/material-zur-herstellung\/utensilien\/mesurettes\/#primaryimage","url":"https:\/\/bien-etreiris.ch\/wp-content\/uploads\/2023\/02\/acceuil-mesurette.jpg","contentUrl":"https:\/\/bien-etreiris.ch\/wp-content\/uploads\/2023\/02\/acceuil-mesurette.jpg","width":500,"height":350},{"@type":"BreadcrumbList","@id":"https:\/\/bien-etreiris.ch\/de\/produktpraesentation\/aromatherapie\/selbst-herstellen\/material-zur-herstellung\/utensilien\/mesurettes\/#breadcrumb","itemListElement":[{"@type":"ListItem","position":1,"name":"Home","item":"https:\/\/bien-etreiris.ch\/de\/"},{"@type":"ListItem","position":2,"name":"PRODUKTPR\u00c4SENTATION","item":"https:\/\/bien-etreiris.ch\/de\/produktpraesentation\/"},{"@type":"ListItem","position":3,"name":"AROMATHERAPIE","item":"https:\/\/bien-etreiris.ch\/de\/produktpraesentation\/aromatherapie\/"},{"@type":"ListItem","position":4,"name":"SELBST HERSTELLEN&#8230;","item":"https:\/\/bien-etreiris.ch\/de\/produktpraesentation\/aromatherapie\/selbst-herstellen\/"},{"@type":"ListItem","position":5,"name":"MATERIAL ZUR HERSTELLUNG","item":"https:\/\/bien-etreiris.ch\/de\/produktpraesentation\/aromatherapie\/selbst-herstellen\/material-zur-herstellung\/"},{"@type":"ListItem","position":6,"name":"UTENSILIEN","item":"https:\/\/bien-etreiris.ch\/de\/produktpraesentation\/aromatherapie\/selbst-herstellen\/material-zur-herstellung\/utensilien\/"},{"@type":"ListItem","position":7,"name":"MESURETTES"}]},{"@type":"WebSite","@id":"https:\/\/bien-etreiris.ch\/de\/#website","url":"https:\/\/bien-etreiris.ch\/de\/","name":"Bien-\u00eatre Iris","description":"IHRE Gesundheit ist uns wichtig","potentialAction":[{"@type":"SearchAction","target":{"@type":"EntryPoint","urlTemplate":"https:\/\/bien-etreiris.ch\/de\/?s={search_term_string}"},"query-input":{"@type":"PropertyValueSpecification","valueRequired":true,"valueName":"search_term_string"}}],"inLanguage":"de"}]}},"_links":{"self":[{"href":"https:\/\/bien-etreiris.ch\/de\/wp-json\/wp\/v2\/pages\/67157","targetHints":{"allow":["GET"]}}],"collection":[{"href":"https:\/\/bien-etreiris.ch\/de\/wp-json\/wp\/v2\/pages"}],"about":[{"href":"https:\/\/bien-etreiris.ch\/de\/wp-json\/wp\/v2\/types\/page"}],"author":[{"embeddable":true,"href":"https:\/\/bien-etreiris.ch\/de\/wp-json\/wp\/v2\/users\/1"}],"replies":[{"embeddable":true,"href":"https:\/\/bien-etreiris.ch\/de\/wp-json\/wp\/v2\/comments?post=67157"}],"version-history":[{"count":5,"href":"https:\/\/bien-etreiris.ch\/de\/wp-json\/wp\/v2\/pages\/67157\/revisions"}],"predecessor-version":[{"id":67247,"href":"https:\/\/bien-etreiris.ch\/de\/wp-json\/wp\/v2\/pages\/67157\/revisions\/67247"}],"up":[{"embeddable":true,"href":"https:\/\/bien-etreiris.ch\/de\/wp-json\/wp\/v2\/pages\/31251"}],"wp:featuredmedia":[{"embeddable":true,"href":"https:\/\/bien-etreiris.ch\/de\/wp-json\/wp\/v2\/media\/67147"}],"wp:attachment":[{"href":"https:\/\/bien-etreiris.ch\/de\/wp-json\/wp\/v2\/media?parent=67157"}],"curies":[{"name":"wp","href":"https:\/\/api.w.org\/{rel}","templated":true}]}}