{"id":67057,"date":"2023-02-18T10:06:31","date_gmt":"2023-02-18T08:06:31","guid":{"rendered":"https:\/\/bien-etreiris.ch\/produktpraesentation\/aromatherapie\/selbst-herstellen\/material-zur-herstellung\/behaelter\/tetes-de-pulverisation\/"},"modified":"2024-01-04T10:17:43","modified_gmt":"2024-01-04T08:17:43","slug":"sprays","status":"publish","type":"page","link":"https:\/\/bien-etreiris.ch\/de\/produktpraesentation\/aromatherapie\/selbst-herstellen\/material-zur-herstellung\/behaelter\/sprays\/","title":{"rendered":"SPRAYS"},"content":{"rendered":"\n<h2>Sprays<\/h2>\n<p>Retrouvez tous nos sprays vaporisateurs, atomiseurs, seuls ou accompagn\u00e9s de leurs diff\u00e9rents flacons pour le conditionnement de vos parfums, cosm\u00e9tiques, sprays d\u2019ambiance, produits d\u2019entretien etc. Retrouvez les sous plusieurs formes et dans diff\u00e9rentes tailles ( du 2ml au 1 Litre) : flacons en verre (ambr\u00e9 ou transparent), en plastique, spray nasal, spray buccal flacon \u00e0 parfum vaporisateur de poche, ...<\/p>\n<h2>&nbsp;<\/h2>\n<p>&nbsp;<\/p>\n<h2><strong>POUR FLACON \u00d8 18<\/strong><\/h2>\n<h2>T\u00eates de pulv\u00e9risation<\/h2>\n<h2>&nbsp;<\/h2>\n\n\n\n<ul>\n<li>\n<h4>T\u00eate de pulv\u00e9risation nervur\u00e9e<\/h4>\n<\/li>\n<\/ul>\n<h4><a href=\"https:\/\/bien-etreiris.ch\/wp-content\/uploads\/2023\/02\/Tete-de-pulverisation-nervuree.jpg\"><img loading=\"lazy\" decoding=\"async\" class=\"wp-image-67046 alignleft\" src=\"https:\/\/bien-etreiris.ch\/wp-content\/uploads\/2023\/02\/Tete-de-pulverisation-nervuree.jpg\" sizes=\"auto, (max-width: 431px) 100vw, 431px\" srcset=\"https:\/\/bien-etreiris.ch\/wp-content\/uploads\/2023\/02\/Tete-de-pulverisation-nervuree.jpg 696w, https:\/\/bien-etreiris.ch\/wp-content\/uploads\/2023\/02\/Tete-de-pulverisation-nervuree-300x171.jpg 300w\" alt=\"\" width=\"431\" height=\"246\"><\/a><\/h4>\n<h4>&nbsp;<\/h4>\n<h4>&nbsp;<\/h4>\n<h4>&nbsp;<\/h4>\n<h4>&nbsp;<\/h4>\n<p>1 pi\u00e8ce couleur noir <strong>CHF 1.75<\/strong><\/p>\n<p>&nbsp;<\/p>\n<p>Compatible avec tous les flacons au format DIN 18<\/p>\n<p>Pompe atomiseur noir OV DIN 18, avec<br>bague d'accouplement, volume 0,14 ml \/ course,<br>capuchon de protection mont\u00e9 en<br>tube montant PE 89 mm,<br>buse \u00e0 jet plat noir avec angle de pulv\u00e9risation d'environ 35 \u00b0 bille + ressort acier V2A<\/p>\n<p>1 pi\u00e8ce couleur blanc <strong>CHF 1.60<\/strong><\/p>\n<p>&nbsp;<\/p>\n<hr>\n<h2><strong>POUR FLACON \u00d8 28<\/strong><\/h2>\n<p>&nbsp;<\/p>\n<ul>\n<li data-test-id=\"product-heading-id\">\n<h4>T\u00eate pour Spray vaporisateur blanc DIN 28<\/h4>\n<\/li>\n<\/ul>\n<h2 data-test-id=\"product-heading-id\">&nbsp;<\/h2>\n<p><a href=\"https:\/\/bien-etreiris.ch\/presentations-des-produits\/aromatherapie\/faire-soi-meme\/materiel-de-fabrication\/recipients\/tetes-de-pulverisation\/spray-vaporisateur-blanc-din-28\/\" rel=\"attachment wp-att-82704\"><img loading=\"lazy\" decoding=\"async\" class=\"alignnone size-full wp-image-82704\" src=\"https:\/\/bien-etreiris.ch\/wp-content\/uploads\/2024\/01\/Spray-vaporisateur-blanc-DIN-28.jpg\" alt=\"\" width=\"126\" height=\"171\"><\/a> 1 pi\u00e8ce<strong> CHF 1.20<\/strong><\/p>\n<p>&nbsp;<\/p>\n<p>&nbsp;<\/p>\n<p>&nbsp;<\/p>\n<p>&nbsp;<\/p>\n<p>&nbsp;<\/p>\n<hr>\n<h2 class=\"h1 mb-1\">Bouchon pistolet transparent DIN 28<\/h2>\n<ul style=\"list-style-type: disc;\">\n<li>Pour distribuer des huiles v\u00e9g\u00e9tales, des huiles de massage, des l'hydrolats, etc... sous forme de spray.<\/li>\n<li>La pompe se ferme automatiquement en la tournant d'un quart de tour.<\/li>\n<\/ul>\n<div class=\"d-none d-sm-block _3INNe5Cek-Lf6hcSJWMM9A ngRilm70Br2hum5B2YWAm\">\n<div class=\"zb4AuV-iEvfZ3WpZ7_WI1\">\n<div class=\"_2otrIdI8J-i-RxLXb-sFhW\">\n<div class=\"styled-list-container _RnGXA0Yp1Q8lJCQIF4A3\" data-test-id=\"product-benefit-id\">\n<ul>\n<li>Accessoires compatibles avec tous les Flacon DIN 28<\/li>\n<\/ul>\n<\/div>\n<\/div>\n<\/div>\n<\/div>\n","protected":false},"excerpt":{"rendered":"<p>Sprays Retrouvez tous nos sprays vaporisateurs, atomiseurs, seuls ou accompagn\u00e9s de leurs diff\u00e9rents flacons pour le conditionnement de vos parfums, cosm\u00e9tiques, sprays d\u2019ambiance, produits d\u2019entretien etc. Retrouvez les sous plusieurs formes et dans diff\u00e9rentes tailles ( du 2ml au 1 Litre) : flacons en verre (ambr\u00e9 ou transparent), en plastique, spray nasal, spray buccal flacon \u00e0 parfum vaporisateur de poche,&nbsp;<a href=\"https:\/\/bien-etreiris.ch\/de\/produktpraesentation\/aromatherapie\/selbst-herstellen\/material-zur-herstellung\/behaelter\/sprays\/\" class=\"read-more\">Weiter lesen<\/a><\/p>\n","protected":false},"author":1,"featured_media":67016,"parent":50682,"menu_order":3855,"comment_status":"closed","ping_status":"closed","template":"page-with-child.php","meta":{"_acf_changed":false,"ngg_post_thumbnail":0,"footnotes":""},"class_list":["post-67057","page","type-page","status-publish","has-post-thumbnail","hentry"],"acf":[],"yoast_head":"<!-- This site is optimized with the Yoast SEO plugin v27.6 - https:\/\/yoast.com\/product\/yoast-seo-wordpress\/ -->\n<title>SPRAYS - WOHLBEFINDEN<\/title>\n<meta name=\"robots\" content=\"index, follow, max-snippet:-1, max-image-preview:large, max-video-preview:-1\" \/>\n<link rel=\"canonical\" href=\"https:\/\/bien-etreiris.ch\/de\/produktpraesentation\/aromatherapie\/selbst-herstellen\/material-zur-herstellung\/behaelter\/sprays\/\" \/>\n<meta property=\"og:locale\" content=\"de_DE\" \/>\n<meta property=\"og:type\" content=\"article\" \/>\n<meta property=\"og:title\" content=\"SPRAYS - WOHLBEFINDEN\" \/>\n<meta property=\"og:description\" content=\"Sprays Retrouvez tous nos sprays vaporisateurs, atomiseurs, seuls ou accompagn\u00e9s de leurs diff\u00e9rents flacons pour le conditionnement de vos parfums, cosm\u00e9tiques, sprays d\u2019ambiance, produits d\u2019entretien etc. Retrouvez les sous plusieurs formes et dans diff\u00e9rentes tailles ( du 2ml au 1 Litre) : flacons en verre (ambr\u00e9 ou transparent), en plastique, spray nasal, spray buccal flacon \u00e0 parfum vaporisateur de poche,&nbsp;Weiter lesen\" \/>\n<meta property=\"og:url\" content=\"https:\/\/bien-etreiris.ch\/de\/produktpraesentation\/aromatherapie\/selbst-herstellen\/material-zur-herstellung\/behaelter\/sprays\/\" \/>\n<meta property=\"og:site_name\" content=\"WOHLBEFINDEN\" \/>\n<meta property=\"article:publisher\" content=\"https:\/\/www.facebook.com\/bienetreiris\/\" \/>\n<meta property=\"article:modified_time\" content=\"2024-01-04T08:17:43+00:00\" \/>\n<meta name=\"twitter:label1\" content=\"Gesch\u00e4tzte Lesezeit\" \/>\n\t<meta name=\"twitter:data1\" content=\"1\u00a0Minute\" \/>\n<script type=\"application\/ld+json\" class=\"yoast-schema-graph\">{\"@context\":\"https:\\\/\\\/schema.org\",\"@graph\":[{\"@type\":\"WebPage\",\"@id\":\"https:\\\/\\\/bien-etreiris.ch\\\/de\\\/produktpraesentation\\\/aromatherapie\\\/selbst-herstellen\\\/material-zur-herstellung\\\/behaelter\\\/sprays\\\/\",\"url\":\"https:\\\/\\\/bien-etreiris.ch\\\/de\\\/produktpraesentation\\\/aromatherapie\\\/selbst-herstellen\\\/material-zur-herstellung\\\/behaelter\\\/sprays\\\/\",\"name\":\"SPRAYS - WOHLBEFINDEN\",\"isPartOf\":{\"@id\":\"https:\\\/\\\/bien-etreiris.ch\\\/de\\\/#website\"},\"primaryImageOfPage\":{\"@id\":\"https:\\\/\\\/bien-etreiris.ch\\\/de\\\/produktpraesentation\\\/aromatherapie\\\/selbst-herstellen\\\/material-zur-herstellung\\\/behaelter\\\/sprays\\\/#primaryimage\"},\"image\":{\"@id\":\"https:\\\/\\\/bien-etreiris.ch\\\/de\\\/produktpraesentation\\\/aromatherapie\\\/selbst-herstellen\\\/material-zur-herstellung\\\/behaelter\\\/sprays\\\/#primaryimage\"},\"thumbnailUrl\":\"https:\\\/\\\/bien-etreiris.ch\\\/wp-content\\\/uploads\\\/2023\\\/02\\\/acceuil-Tetes-de-spray.bmp\",\"datePublished\":\"2023-02-18T08:06:31+00:00\",\"dateModified\":\"2024-01-04T08:17:43+00:00\",\"breadcrumb\":{\"@id\":\"https:\\\/\\\/bien-etreiris.ch\\\/de\\\/produktpraesentation\\\/aromatherapie\\\/selbst-herstellen\\\/material-zur-herstellung\\\/behaelter\\\/sprays\\\/#breadcrumb\"},\"inLanguage\":\"de\",\"potentialAction\":[{\"@type\":\"ReadAction\",\"target\":[\"https:\\\/\\\/bien-etreiris.ch\\\/de\\\/produktpraesentation\\\/aromatherapie\\\/selbst-herstellen\\\/material-zur-herstellung\\\/behaelter\\\/sprays\\\/\"]}]},{\"@type\":\"ImageObject\",\"inLanguage\":\"de\",\"@id\":\"https:\\\/\\\/bien-etreiris.ch\\\/de\\\/produktpraesentation\\\/aromatherapie\\\/selbst-herstellen\\\/material-zur-herstellung\\\/behaelter\\\/sprays\\\/#primaryimage\",\"url\":\"https:\\\/\\\/bien-etreiris.ch\\\/wp-content\\\/uploads\\\/2023\\\/02\\\/acceuil-Tetes-de-spray.bmp\",\"contentUrl\":\"https:\\\/\\\/bien-etreiris.ch\\\/wp-content\\\/uploads\\\/2023\\\/02\\\/acceuil-Tetes-de-spray.bmp\",\"width\":500,\"height\":367},{\"@type\":\"BreadcrumbList\",\"@id\":\"https:\\\/\\\/bien-etreiris.ch\\\/de\\\/produktpraesentation\\\/aromatherapie\\\/selbst-herstellen\\\/material-zur-herstellung\\\/behaelter\\\/sprays\\\/#breadcrumb\",\"itemListElement\":[{\"@type\":\"ListItem\",\"position\":1,\"name\":\"Home\",\"item\":\"https:\\\/\\\/bien-etreiris.ch\\\/de\\\/\"},{\"@type\":\"ListItem\",\"position\":2,\"name\":\"PRODUKTPR\u00c4SENTATION\",\"item\":\"https:\\\/\\\/bien-etreiris.ch\\\/de\\\/produktpraesentation\\\/\"},{\"@type\":\"ListItem\",\"position\":3,\"name\":\"AROMATHERAPIE\",\"item\":\"https:\\\/\\\/bien-etreiris.ch\\\/de\\\/produktpraesentation\\\/aromatherapie\\\/\"},{\"@type\":\"ListItem\",\"position\":4,\"name\":\"SELBST HERSTELLEN&#8230;\",\"item\":\"https:\\\/\\\/bien-etreiris.ch\\\/de\\\/produktpraesentation\\\/aromatherapie\\\/selbst-herstellen\\\/\"},{\"@type\":\"ListItem\",\"position\":5,\"name\":\"MATERIAL ZUR HERSTELLUNG\",\"item\":\"https:\\\/\\\/bien-etreiris.ch\\\/de\\\/produktpraesentation\\\/aromatherapie\\\/selbst-herstellen\\\/material-zur-herstellung\\\/\"},{\"@type\":\"ListItem\",\"position\":6,\"name\":\"BEH\u00c4LTER\",\"item\":\"https:\\\/\\\/bien-etreiris.ch\\\/de\\\/produktpraesentation\\\/aromatherapie\\\/selbst-herstellen\\\/material-zur-herstellung\\\/behaelter\\\/\"},{\"@type\":\"ListItem\",\"position\":7,\"name\":\"SPRAYS\"}]},{\"@type\":\"WebSite\",\"@id\":\"https:\\\/\\\/bien-etreiris.ch\\\/de\\\/#website\",\"url\":\"https:\\\/\\\/bien-etreiris.ch\\\/de\\\/\",\"name\":\"Bien-\u00eatre Iris\",\"description\":\"IHRE Gesundheit ist uns wichtig\",\"potentialAction\":[{\"@type\":\"SearchAction\",\"target\":{\"@type\":\"EntryPoint\",\"urlTemplate\":\"https:\\\/\\\/bien-etreiris.ch\\\/de\\\/?s={search_term_string}\"},\"query-input\":{\"@type\":\"PropertyValueSpecification\",\"valueRequired\":true,\"valueName\":\"search_term_string\"}}],\"inLanguage\":\"de\"}]}<\/script>\n<!-- \/ Yoast SEO plugin. -->","yoast_head_json":{"title":"SPRAYS - WOHLBEFINDEN","robots":{"index":"index","follow":"follow","max-snippet":"max-snippet:-1","max-image-preview":"max-image-preview:large","max-video-preview":"max-video-preview:-1"},"canonical":"https:\/\/bien-etreiris.ch\/de\/produktpraesentation\/aromatherapie\/selbst-herstellen\/material-zur-herstellung\/behaelter\/sprays\/","og_locale":"de_DE","og_type":"article","og_title":"SPRAYS - WOHLBEFINDEN","og_description":"Sprays Retrouvez tous nos sprays vaporisateurs, atomiseurs, seuls ou accompagn\u00e9s de leurs diff\u00e9rents flacons pour le conditionnement de vos parfums, cosm\u00e9tiques, sprays d\u2019ambiance, produits d\u2019entretien etc. Retrouvez les sous plusieurs formes et dans diff\u00e9rentes tailles ( du 2ml au 1 Litre) : flacons en verre (ambr\u00e9 ou transparent), en plastique, spray nasal, spray buccal flacon \u00e0 parfum vaporisateur de poche,&nbsp;Weiter lesen","og_url":"https:\/\/bien-etreiris.ch\/de\/produktpraesentation\/aromatherapie\/selbst-herstellen\/material-zur-herstellung\/behaelter\/sprays\/","og_site_name":"WOHLBEFINDEN","article_publisher":"https:\/\/www.facebook.com\/bienetreiris\/","article_modified_time":"2024-01-04T08:17:43+00:00","twitter_misc":{"Gesch\u00e4tzte Lesezeit":"1\u00a0Minute"},"schema":{"@context":"https:\/\/schema.org","@graph":[{"@type":"WebPage","@id":"https:\/\/bien-etreiris.ch\/de\/produktpraesentation\/aromatherapie\/selbst-herstellen\/material-zur-herstellung\/behaelter\/sprays\/","url":"https:\/\/bien-etreiris.ch\/de\/produktpraesentation\/aromatherapie\/selbst-herstellen\/material-zur-herstellung\/behaelter\/sprays\/","name":"SPRAYS - WOHLBEFINDEN","isPartOf":{"@id":"https:\/\/bien-etreiris.ch\/de\/#website"},"primaryImageOfPage":{"@id":"https:\/\/bien-etreiris.ch\/de\/produktpraesentation\/aromatherapie\/selbst-herstellen\/material-zur-herstellung\/behaelter\/sprays\/#primaryimage"},"image":{"@id":"https:\/\/bien-etreiris.ch\/de\/produktpraesentation\/aromatherapie\/selbst-herstellen\/material-zur-herstellung\/behaelter\/sprays\/#primaryimage"},"thumbnailUrl":"https:\/\/bien-etreiris.ch\/wp-content\/uploads\/2023\/02\/acceuil-Tetes-de-spray.bmp","datePublished":"2023-02-18T08:06:31+00:00","dateModified":"2024-01-04T08:17:43+00:00","breadcrumb":{"@id":"https:\/\/bien-etreiris.ch\/de\/produktpraesentation\/aromatherapie\/selbst-herstellen\/material-zur-herstellung\/behaelter\/sprays\/#breadcrumb"},"inLanguage":"de","potentialAction":[{"@type":"ReadAction","target":["https:\/\/bien-etreiris.ch\/de\/produktpraesentation\/aromatherapie\/selbst-herstellen\/material-zur-herstellung\/behaelter\/sprays\/"]}]},{"@type":"ImageObject","inLanguage":"de","@id":"https:\/\/bien-etreiris.ch\/de\/produktpraesentation\/aromatherapie\/selbst-herstellen\/material-zur-herstellung\/behaelter\/sprays\/#primaryimage","url":"https:\/\/bien-etreiris.ch\/wp-content\/uploads\/2023\/02\/acceuil-Tetes-de-spray.bmp","contentUrl":"https:\/\/bien-etreiris.ch\/wp-content\/uploads\/2023\/02\/acceuil-Tetes-de-spray.bmp","width":500,"height":367},{"@type":"BreadcrumbList","@id":"https:\/\/bien-etreiris.ch\/de\/produktpraesentation\/aromatherapie\/selbst-herstellen\/material-zur-herstellung\/behaelter\/sprays\/#breadcrumb","itemListElement":[{"@type":"ListItem","position":1,"name":"Home","item":"https:\/\/bien-etreiris.ch\/de\/"},{"@type":"ListItem","position":2,"name":"PRODUKTPR\u00c4SENTATION","item":"https:\/\/bien-etreiris.ch\/de\/produktpraesentation\/"},{"@type":"ListItem","position":3,"name":"AROMATHERAPIE","item":"https:\/\/bien-etreiris.ch\/de\/produktpraesentation\/aromatherapie\/"},{"@type":"ListItem","position":4,"name":"SELBST HERSTELLEN&#8230;","item":"https:\/\/bien-etreiris.ch\/de\/produktpraesentation\/aromatherapie\/selbst-herstellen\/"},{"@type":"ListItem","position":5,"name":"MATERIAL ZUR HERSTELLUNG","item":"https:\/\/bien-etreiris.ch\/de\/produktpraesentation\/aromatherapie\/selbst-herstellen\/material-zur-herstellung\/"},{"@type":"ListItem","position":6,"name":"BEH\u00c4LTER","item":"https:\/\/bien-etreiris.ch\/de\/produktpraesentation\/aromatherapie\/selbst-herstellen\/material-zur-herstellung\/behaelter\/"},{"@type":"ListItem","position":7,"name":"SPRAYS"}]},{"@type":"WebSite","@id":"https:\/\/bien-etreiris.ch\/de\/#website","url":"https:\/\/bien-etreiris.ch\/de\/","name":"Bien-\u00eatre Iris","description":"IHRE Gesundheit ist uns wichtig","potentialAction":[{"@type":"SearchAction","target":{"@type":"EntryPoint","urlTemplate":"https:\/\/bien-etreiris.ch\/de\/?s={search_term_string}"},"query-input":{"@type":"PropertyValueSpecification","valueRequired":true,"valueName":"search_term_string"}}],"inLanguage":"de"}]}},"_links":{"self":[{"href":"https:\/\/bien-etreiris.ch\/de\/wp-json\/wp\/v2\/pages\/67057","targetHints":{"allow":["GET"]}}],"collection":[{"href":"https:\/\/bien-etreiris.ch\/de\/wp-json\/wp\/v2\/pages"}],"about":[{"href":"https:\/\/bien-etreiris.ch\/de\/wp-json\/wp\/v2\/types\/page"}],"author":[{"embeddable":true,"href":"https:\/\/bien-etreiris.ch\/de\/wp-json\/wp\/v2\/users\/1"}],"replies":[{"embeddable":true,"href":"https:\/\/bien-etreiris.ch\/de\/wp-json\/wp\/v2\/comments?post=67057"}],"version-history":[{"count":2,"href":"https:\/\/bien-etreiris.ch\/de\/wp-json\/wp\/v2\/pages\/67057\/revisions"}],"predecessor-version":[{"id":82709,"href":"https:\/\/bien-etreiris.ch\/de\/wp-json\/wp\/v2\/pages\/67057\/revisions\/82709"}],"up":[{"embeddable":true,"href":"https:\/\/bien-etreiris.ch\/de\/wp-json\/wp\/v2\/pages\/50682"}],"wp:featuredmedia":[{"embeddable":true,"href":"https:\/\/bien-etreiris.ch\/de\/wp-json\/wp\/v2\/media\/67016"}],"wp:attachment":[{"href":"https:\/\/bien-etreiris.ch\/de\/wp-json\/wp\/v2\/media?parent=67057"}],"curies":[{"name":"wp","href":"https:\/\/api.w.org\/{rel}","templated":true}]}}