{"id":66977,"date":"2023-02-17T19:50:47","date_gmt":"2023-02-17T17:50:47","guid":{"rendered":"https:\/\/bien-etreiris.ch\/produktpraesentation\/aromatherapie\/selbst-herstellen\/material-zur-herstellung\/behaelter\/pots\/"},"modified":"2023-02-17T21:59:06","modified_gmt":"2023-02-17T19:59:06","slug":"boites-pots","status":"publish","type":"page","link":"https:\/\/bien-etreiris.ch\/de\/produktpraesentation\/aromatherapie\/selbst-herstellen\/material-zur-herstellung\/behaelter\/boites-pots\/","title":{"rendered":"BOITES &#038; POTS"},"content":{"rendered":"\n<h2>Bo\u00eetes &amp; Pots<\/h2>\n<p>&nbsp;<\/p>\n<h2>Bo\u00eete en aluminium<\/h2>\n<h4><a href=\"https:\/\/bien-etreiris.ch\/wp-content\/uploads\/2023\/02\/250-g-et-15-g-alu.jpg\"><img loading=\"lazy\" decoding=\"async\" class=\"wp-image-66982 alignleft\" src=\"https:\/\/bien-etreiris.ch\/wp-content\/uploads\/2023\/02\/250-g-et-15-g-alu.jpg\" alt=\"\" width=\"365\" height=\"326\"><\/a><\/h4>\n<h4>&nbsp;<\/h4>\n<h4>&nbsp;<\/h4>\n<h4>Bo\u00eete en aluminium pour cosm\u00e9tique<\/h4>\n<p>1 pi\u00e8ce&nbsp;&nbsp; 15 g <strong>CHF 1.10<\/strong><\/p>\n<p>1 pi\u00e8ce&nbsp;&nbsp; 30 g <strong>CHF 1.30<\/strong><\/p>\n<p>1 pi\u00e8ce&nbsp;&nbsp; 50 gr haut <strong>CHF 2.10<\/strong><\/p>\n<p>1 pi\u00e8ce&nbsp;&nbsp; 60 g plat <strong>CHF 2.10<\/strong><\/p>\n<p>1 pi\u00e8ce 100 gr <strong>CHF 2.20<\/strong><\/p>\n<p>1 pi\u00e8ce 250 gr <strong>CHF 2.80<\/strong><\/p>\n<p>&nbsp;<\/p>\n<p>&nbsp;<\/p>\n<p>&nbsp;<\/p>\n<p>A utiliser pour vos baumes ou votre pierre d'argile<\/p>\n<h4>15 gr<\/h4>\n<p>Diam\u00e8tre de 4.2 cm Surface du dessus pour coller un autocolant Diam\u00e8tre de 4 cm<\/p>\n<p>Hauteur de 1.8 cm<\/p>\n<h4>30 gr<\/h4>\n<p>Diam\u00e8tre de 5.6 cm (Surface du dessus pour coller un autocolant Diam\u00e8tre de 4.7 cm)<\/p>\n<p>Hauteur de 2.2 cm<\/p>\n<h4>50 gr haute<\/h4>\n<p>Contenance d'environ 50 ml<\/p>\n<p>Diam\u00e8tre de 5.7 cm<\/p>\n<p>Hauteur de 2.9 cm<\/p>\n<h4>60 gr plate<\/h4>\n<p>Contenance d'environ 60 ml&nbsp; Forme plate<\/p>\n<p>Diam\u00e8tre de 6.8 cm<\/p>\n<p>Hauteur de 2.6 cm<\/p>\n<h4>100 gr<\/h4>\n<p>Diam\u00e8tre 8,4 cm<br>Hauteur 2,8 cm<\/p>\n<h4>250 ml<\/h4>\n<p>Diam\u00e8tre du pot 9.2 cm<\/p>\n<p>Hauteur du pot 4.2 cm<\/p>\n<h2>&nbsp;<\/h2>\n<p>&nbsp;<\/p>\n<p>&nbsp;<\/p>\n<hr>\n<h2><strong>Pot en verre violet avec couvercle noir<\/strong><\/h2>\n<p><a href=\"https:\/\/bien-etreiris.ch\/wp-content\/uploads\/2023\/02\/pots-violet-de-7-ml-15-30-50-100-.jpg\"><img loading=\"lazy\" decoding=\"async\" class=\"size-full wp-image-66972 alignleft\" src=\"https:\/\/bien-etreiris.ch\/wp-content\/uploads\/2023\/02\/pots-violet-de-7-ml-15-30-50-100-.jpg\" alt=\"\" width=\"300\" height=\"300\" srcset=\"https:\/\/bien-etreiris.ch\/wp-content\/uploads\/2023\/02\/pots-violet-de-7-ml-15-30-50-100-.jpg 300w, https:\/\/bien-etreiris.ch\/wp-content\/uploads\/2023\/02\/pots-violet-de-7-ml-15-30-50-100--150x150.jpg 150w\" sizes=\"auto, (max-width: 300px) 100vw, 300px\" \/><\/a><\/p>\n\n\n<p>Existe en :<\/p>\n<p>1 pi\u00e8ce&nbsp; &nbsp;&nbsp; 7 ml CHF 3.70<\/p>\n<p>1 pi\u00e8ce&nbsp;&nbsp; 15 ml CHF 3.00<\/p>\n<p>1 pi\u00e8ce &nbsp; 30 ml CHF 3.70<\/p>\n<p>1 pi\u00e8ce&nbsp;&nbsp; 50 ml CHF&nbsp;&nbsp; 4.70<\/p>\n<p>1 pi\u00e8ce 100 ml CHF 11.70<\/p>\n<p>&nbsp;<\/p>\n<p>Protection contre la lumi\u00e8re.<\/p>\n<p>Bouchon \u00e0 vis&nbsp;noir&nbsp;avec surface de protection.<\/p>\n<p><strong><span style=\"color: #ffff99;\"><em>A utiliser pour des cr\u00e8mes ou des baumes.&nbsp;<\/em><\/span><\/strong><\/p>\n<p>&nbsp;<\/p>\n<h4>Dimension:<\/h4>\n<p>7 ml =&nbsp;28,00&nbsp;x \u00d8 36,0 mm<\/p>\n<p>15 ml = 32,00&nbsp;x \u00d8 42,9&nbsp;mm<\/p>\n<p>30 ml = 42,00&nbsp;x \u00d8 53,0&nbsp;mm<\/p>\n<p>50 ml =&nbsp;49,00 x \u00d8 54,0&nbsp;mm<\/p>\n<p>100 ml = 44,00&nbsp;x \u00d8 77,7 mm<\/p>\n<p>&nbsp;<\/p>\n<hr>\n<p>&nbsp;<\/p>","protected":false},"excerpt":{"rendered":"<p>Bo\u00eetes &amp; Pots &nbsp; Bo\u00eete en aluminium &nbsp; &nbsp; Bo\u00eete en aluminium pour cosm\u00e9tique 1 pi\u00e8ce&nbsp;&nbsp; 15 g CHF 1.10 1 pi\u00e8ce&nbsp;&nbsp; 30 g CHF 1.30 1 pi\u00e8ce&nbsp;&nbsp; 50 gr haut CHF 2.10 1 pi\u00e8ce&nbsp;&nbsp; 60 g plat CHF 2.10 1 pi\u00e8ce 100 gr CHF 2.20 1 pi\u00e8ce 250 gr CHF 2.80 &nbsp; &nbsp; &nbsp; A utiliser pour vos baumes&nbsp;<a href=\"https:\/\/bien-etreiris.ch\/de\/produktpraesentation\/aromatherapie\/selbst-herstellen\/material-zur-herstellung\/behaelter\/boites-pots\/\" class=\"read-more\">Weiter lesen<\/a><\/p>\n","protected":false},"author":1,"featured_media":66970,"parent":50682,"menu_order":3862,"comment_status":"closed","ping_status":"closed","template":"page-with-child.php","meta":{"_acf_changed":false,"ngg_post_thumbnail":0,"footnotes":""},"class_list":["post-66977","page","type-page","status-publish","has-post-thumbnail","hentry"],"acf":[],"yoast_head":"<!-- This site is optimized with the Yoast SEO plugin v27.4 - https:\/\/yoast.com\/product\/yoast-seo-wordpress\/ -->\n<title>BOITES &amp; POTS - WOHLBEFINDEN<\/title>\n<meta name=\"robots\" content=\"index, follow, max-snippet:-1, max-image-preview:large, max-video-preview:-1\" \/>\n<link rel=\"canonical\" href=\"https:\/\/bien-etreiris.ch\/de\/produktpraesentation\/aromatherapie\/selbst-herstellen\/material-zur-herstellung\/behaelter\/boites-pots\/\" \/>\n<meta property=\"og:locale\" content=\"de_DE\" \/>\n<meta property=\"og:type\" content=\"article\" \/>\n<meta property=\"og:title\" content=\"BOITES &amp; POTS - WOHLBEFINDEN\" \/>\n<meta property=\"og:description\" content=\"Bo\u00eetes &amp; Pots &nbsp; Bo\u00eete en aluminium &nbsp; &nbsp; Bo\u00eete en aluminium pour cosm\u00e9tique 1 pi\u00e8ce&nbsp;&nbsp; 15 g CHF 1.10 1 pi\u00e8ce&nbsp;&nbsp; 30 g CHF 1.30 1 pi\u00e8ce&nbsp;&nbsp; 50 gr haut CHF 2.10 1 pi\u00e8ce&nbsp;&nbsp; 60 g plat CHF 2.10 1 pi\u00e8ce 100 gr CHF 2.20 1 pi\u00e8ce 250 gr CHF 2.80 &nbsp; &nbsp; &nbsp; A utiliser pour vos baumes&nbsp;Weiter lesen\" \/>\n<meta property=\"og:url\" content=\"https:\/\/bien-etreiris.ch\/de\/produktpraesentation\/aromatherapie\/selbst-herstellen\/material-zur-herstellung\/behaelter\/boites-pots\/\" \/>\n<meta property=\"og:site_name\" content=\"WOHLBEFINDEN\" \/>\n<meta property=\"article:publisher\" content=\"https:\/\/www.facebook.com\/bienetreiris\/\" \/>\n<meta property=\"article:modified_time\" content=\"2023-02-17T19:59:06+00:00\" \/>\n<meta property=\"og:image\" content=\"https:\/\/bien-etreiris.ch\/wp-content\/uploads\/2023\/02\/acceuil-pots.jpg\" \/>\n\t<meta property=\"og:image:width\" content=\"500\" \/>\n\t<meta property=\"og:image:height\" content=\"360\" \/>\n\t<meta property=\"og:image:type\" content=\"image\/jpeg\" \/>\n<meta name=\"twitter:label1\" content=\"Gesch\u00e4tzte Lesezeit\" \/>\n\t<meta name=\"twitter:data1\" content=\"1\u00a0Minute\" \/>\n<script type=\"application\/ld+json\" class=\"yoast-schema-graph\">{\"@context\":\"https:\\\/\\\/schema.org\",\"@graph\":[{\"@type\":\"WebPage\",\"@id\":\"https:\\\/\\\/bien-etreiris.ch\\\/de\\\/produktpraesentation\\\/aromatherapie\\\/selbst-herstellen\\\/material-zur-herstellung\\\/behaelter\\\/boites-pots\\\/\",\"url\":\"https:\\\/\\\/bien-etreiris.ch\\\/de\\\/produktpraesentation\\\/aromatherapie\\\/selbst-herstellen\\\/material-zur-herstellung\\\/behaelter\\\/boites-pots\\\/\",\"name\":\"BOITES & POTS - WOHLBEFINDEN\",\"isPartOf\":{\"@id\":\"https:\\\/\\\/bien-etreiris.ch\\\/de\\\/#website\"},\"primaryImageOfPage\":{\"@id\":\"https:\\\/\\\/bien-etreiris.ch\\\/de\\\/produktpraesentation\\\/aromatherapie\\\/selbst-herstellen\\\/material-zur-herstellung\\\/behaelter\\\/boites-pots\\\/#primaryimage\"},\"image\":{\"@id\":\"https:\\\/\\\/bien-etreiris.ch\\\/de\\\/produktpraesentation\\\/aromatherapie\\\/selbst-herstellen\\\/material-zur-herstellung\\\/behaelter\\\/boites-pots\\\/#primaryimage\"},\"thumbnailUrl\":\"https:\\\/\\\/bien-etreiris.ch\\\/wp-content\\\/uploads\\\/2023\\\/02\\\/acceuil-pots.jpg\",\"datePublished\":\"2023-02-17T17:50:47+00:00\",\"dateModified\":\"2023-02-17T19:59:06+00:00\",\"breadcrumb\":{\"@id\":\"https:\\\/\\\/bien-etreiris.ch\\\/de\\\/produktpraesentation\\\/aromatherapie\\\/selbst-herstellen\\\/material-zur-herstellung\\\/behaelter\\\/boites-pots\\\/#breadcrumb\"},\"inLanguage\":\"de\",\"potentialAction\":[{\"@type\":\"ReadAction\",\"target\":[\"https:\\\/\\\/bien-etreiris.ch\\\/de\\\/produktpraesentation\\\/aromatherapie\\\/selbst-herstellen\\\/material-zur-herstellung\\\/behaelter\\\/boites-pots\\\/\"]}]},{\"@type\":\"ImageObject\",\"inLanguage\":\"de\",\"@id\":\"https:\\\/\\\/bien-etreiris.ch\\\/de\\\/produktpraesentation\\\/aromatherapie\\\/selbst-herstellen\\\/material-zur-herstellung\\\/behaelter\\\/boites-pots\\\/#primaryimage\",\"url\":\"https:\\\/\\\/bien-etreiris.ch\\\/wp-content\\\/uploads\\\/2023\\\/02\\\/acceuil-pots.jpg\",\"contentUrl\":\"https:\\\/\\\/bien-etreiris.ch\\\/wp-content\\\/uploads\\\/2023\\\/02\\\/acceuil-pots.jpg\",\"width\":500,\"height\":360},{\"@type\":\"BreadcrumbList\",\"@id\":\"https:\\\/\\\/bien-etreiris.ch\\\/de\\\/produktpraesentation\\\/aromatherapie\\\/selbst-herstellen\\\/material-zur-herstellung\\\/behaelter\\\/boites-pots\\\/#breadcrumb\",\"itemListElement\":[{\"@type\":\"ListItem\",\"position\":1,\"name\":\"Home\",\"item\":\"https:\\\/\\\/bien-etreiris.ch\\\/de\\\/\"},{\"@type\":\"ListItem\",\"position\":2,\"name\":\"PRODUKTPR\u00c4SENTATION\",\"item\":\"https:\\\/\\\/bien-etreiris.ch\\\/de\\\/produktpraesentation\\\/\"},{\"@type\":\"ListItem\",\"position\":3,\"name\":\"AROMATHERAPIE\",\"item\":\"https:\\\/\\\/bien-etreiris.ch\\\/de\\\/produktpraesentation\\\/aromatherapie\\\/\"},{\"@type\":\"ListItem\",\"position\":4,\"name\":\"SELBST HERSTELLEN&#8230;\",\"item\":\"https:\\\/\\\/bien-etreiris.ch\\\/de\\\/produktpraesentation\\\/aromatherapie\\\/selbst-herstellen\\\/\"},{\"@type\":\"ListItem\",\"position\":5,\"name\":\"MATERIAL ZUR HERSTELLUNG\",\"item\":\"https:\\\/\\\/bien-etreiris.ch\\\/de\\\/produktpraesentation\\\/aromatherapie\\\/selbst-herstellen\\\/material-zur-herstellung\\\/\"},{\"@type\":\"ListItem\",\"position\":6,\"name\":\"BEH\u00c4LTER\",\"item\":\"https:\\\/\\\/bien-etreiris.ch\\\/de\\\/produktpraesentation\\\/aromatherapie\\\/selbst-herstellen\\\/material-zur-herstellung\\\/behaelter\\\/\"},{\"@type\":\"ListItem\",\"position\":7,\"name\":\"BOITES &#038; POTS\"}]},{\"@type\":\"WebSite\",\"@id\":\"https:\\\/\\\/bien-etreiris.ch\\\/de\\\/#website\",\"url\":\"https:\\\/\\\/bien-etreiris.ch\\\/de\\\/\",\"name\":\"Bien-\u00eatre Iris\",\"description\":\"IHRE Gesundheit ist uns wichtig\",\"potentialAction\":[{\"@type\":\"SearchAction\",\"target\":{\"@type\":\"EntryPoint\",\"urlTemplate\":\"https:\\\/\\\/bien-etreiris.ch\\\/de\\\/?s={search_term_string}\"},\"query-input\":{\"@type\":\"PropertyValueSpecification\",\"valueRequired\":true,\"valueName\":\"search_term_string\"}}],\"inLanguage\":\"de\"}]}<\/script>\n<!-- \/ Yoast SEO plugin. -->","yoast_head_json":{"title":"BOITES & POTS - WOHLBEFINDEN","robots":{"index":"index","follow":"follow","max-snippet":"max-snippet:-1","max-image-preview":"max-image-preview:large","max-video-preview":"max-video-preview:-1"},"canonical":"https:\/\/bien-etreiris.ch\/de\/produktpraesentation\/aromatherapie\/selbst-herstellen\/material-zur-herstellung\/behaelter\/boites-pots\/","og_locale":"de_DE","og_type":"article","og_title":"BOITES & POTS - WOHLBEFINDEN","og_description":"Bo\u00eetes &amp; Pots &nbsp; Bo\u00eete en aluminium &nbsp; &nbsp; Bo\u00eete en aluminium pour cosm\u00e9tique 1 pi\u00e8ce&nbsp;&nbsp; 15 g CHF 1.10 1 pi\u00e8ce&nbsp;&nbsp; 30 g CHF 1.30 1 pi\u00e8ce&nbsp;&nbsp; 50 gr haut CHF 2.10 1 pi\u00e8ce&nbsp;&nbsp; 60 g plat CHF 2.10 1 pi\u00e8ce 100 gr CHF 2.20 1 pi\u00e8ce 250 gr CHF 2.80 &nbsp; &nbsp; &nbsp; A utiliser pour vos baumes&nbsp;Weiter lesen","og_url":"https:\/\/bien-etreiris.ch\/de\/produktpraesentation\/aromatherapie\/selbst-herstellen\/material-zur-herstellung\/behaelter\/boites-pots\/","og_site_name":"WOHLBEFINDEN","article_publisher":"https:\/\/www.facebook.com\/bienetreiris\/","article_modified_time":"2023-02-17T19:59:06+00:00","og_image":[{"width":500,"height":360,"url":"https:\/\/bien-etreiris.ch\/wp-content\/uploads\/2023\/02\/acceuil-pots.jpg","type":"image\/jpeg"}],"twitter_misc":{"Gesch\u00e4tzte Lesezeit":"1\u00a0Minute"},"schema":{"@context":"https:\/\/schema.org","@graph":[{"@type":"WebPage","@id":"https:\/\/bien-etreiris.ch\/de\/produktpraesentation\/aromatherapie\/selbst-herstellen\/material-zur-herstellung\/behaelter\/boites-pots\/","url":"https:\/\/bien-etreiris.ch\/de\/produktpraesentation\/aromatherapie\/selbst-herstellen\/material-zur-herstellung\/behaelter\/boites-pots\/","name":"BOITES & POTS - WOHLBEFINDEN","isPartOf":{"@id":"https:\/\/bien-etreiris.ch\/de\/#website"},"primaryImageOfPage":{"@id":"https:\/\/bien-etreiris.ch\/de\/produktpraesentation\/aromatherapie\/selbst-herstellen\/material-zur-herstellung\/behaelter\/boites-pots\/#primaryimage"},"image":{"@id":"https:\/\/bien-etreiris.ch\/de\/produktpraesentation\/aromatherapie\/selbst-herstellen\/material-zur-herstellung\/behaelter\/boites-pots\/#primaryimage"},"thumbnailUrl":"https:\/\/bien-etreiris.ch\/wp-content\/uploads\/2023\/02\/acceuil-pots.jpg","datePublished":"2023-02-17T17:50:47+00:00","dateModified":"2023-02-17T19:59:06+00:00","breadcrumb":{"@id":"https:\/\/bien-etreiris.ch\/de\/produktpraesentation\/aromatherapie\/selbst-herstellen\/material-zur-herstellung\/behaelter\/boites-pots\/#breadcrumb"},"inLanguage":"de","potentialAction":[{"@type":"ReadAction","target":["https:\/\/bien-etreiris.ch\/de\/produktpraesentation\/aromatherapie\/selbst-herstellen\/material-zur-herstellung\/behaelter\/boites-pots\/"]}]},{"@type":"ImageObject","inLanguage":"de","@id":"https:\/\/bien-etreiris.ch\/de\/produktpraesentation\/aromatherapie\/selbst-herstellen\/material-zur-herstellung\/behaelter\/boites-pots\/#primaryimage","url":"https:\/\/bien-etreiris.ch\/wp-content\/uploads\/2023\/02\/acceuil-pots.jpg","contentUrl":"https:\/\/bien-etreiris.ch\/wp-content\/uploads\/2023\/02\/acceuil-pots.jpg","width":500,"height":360},{"@type":"BreadcrumbList","@id":"https:\/\/bien-etreiris.ch\/de\/produktpraesentation\/aromatherapie\/selbst-herstellen\/material-zur-herstellung\/behaelter\/boites-pots\/#breadcrumb","itemListElement":[{"@type":"ListItem","position":1,"name":"Home","item":"https:\/\/bien-etreiris.ch\/de\/"},{"@type":"ListItem","position":2,"name":"PRODUKTPR\u00c4SENTATION","item":"https:\/\/bien-etreiris.ch\/de\/produktpraesentation\/"},{"@type":"ListItem","position":3,"name":"AROMATHERAPIE","item":"https:\/\/bien-etreiris.ch\/de\/produktpraesentation\/aromatherapie\/"},{"@type":"ListItem","position":4,"name":"SELBST HERSTELLEN&#8230;","item":"https:\/\/bien-etreiris.ch\/de\/produktpraesentation\/aromatherapie\/selbst-herstellen\/"},{"@type":"ListItem","position":5,"name":"MATERIAL ZUR HERSTELLUNG","item":"https:\/\/bien-etreiris.ch\/de\/produktpraesentation\/aromatherapie\/selbst-herstellen\/material-zur-herstellung\/"},{"@type":"ListItem","position":6,"name":"BEH\u00c4LTER","item":"https:\/\/bien-etreiris.ch\/de\/produktpraesentation\/aromatherapie\/selbst-herstellen\/material-zur-herstellung\/behaelter\/"},{"@type":"ListItem","position":7,"name":"BOITES &#038; POTS"}]},{"@type":"WebSite","@id":"https:\/\/bien-etreiris.ch\/de\/#website","url":"https:\/\/bien-etreiris.ch\/de\/","name":"Bien-\u00eatre Iris","description":"IHRE Gesundheit ist uns wichtig","potentialAction":[{"@type":"SearchAction","target":{"@type":"EntryPoint","urlTemplate":"https:\/\/bien-etreiris.ch\/de\/?s={search_term_string}"},"query-input":{"@type":"PropertyValueSpecification","valueRequired":true,"valueName":"search_term_string"}}],"inLanguage":"de"}]}},"_links":{"self":[{"href":"https:\/\/bien-etreiris.ch\/de\/wp-json\/wp\/v2\/pages\/66977","targetHints":{"allow":["GET"]}}],"collection":[{"href":"https:\/\/bien-etreiris.ch\/de\/wp-json\/wp\/v2\/pages"}],"about":[{"href":"https:\/\/bien-etreiris.ch\/de\/wp-json\/wp\/v2\/types\/page"}],"author":[{"embeddable":true,"href":"https:\/\/bien-etreiris.ch\/de\/wp-json\/wp\/v2\/users\/1"}],"replies":[{"embeddable":true,"href":"https:\/\/bien-etreiris.ch\/de\/wp-json\/wp\/v2\/comments?post=66977"}],"version-history":[{"count":2,"href":"https:\/\/bien-etreiris.ch\/de\/wp-json\/wp\/v2\/pages\/66977\/revisions"}],"predecessor-version":[{"id":66987,"href":"https:\/\/bien-etreiris.ch\/de\/wp-json\/wp\/v2\/pages\/66977\/revisions\/66987"}],"up":[{"embeddable":true,"href":"https:\/\/bien-etreiris.ch\/de\/wp-json\/wp\/v2\/pages\/50682"}],"wp:featuredmedia":[{"embeddable":true,"href":"https:\/\/bien-etreiris.ch\/de\/wp-json\/wp\/v2\/media\/66970"}],"wp:attachment":[{"href":"https:\/\/bien-etreiris.ch\/de\/wp-json\/wp\/v2\/media?parent=66977"}],"curies":[{"name":"wp","href":"https:\/\/api.w.org\/{rel}","templated":true}]}}