{"id":66850,"date":"2023-02-16T22:07:22","date_gmt":"2023-02-16T20:07:22","guid":{"rendered":"https:\/\/bien-etreiris.ch\/produktpraesentation\/aromatherapie\/selbst-herstellen\/material-zur-herstellung\/behaelter\/bouchons-o-28\/"},"modified":"2023-02-17T18:08:19","modified_gmt":"2023-02-17T16:08:19","slug":"bouchons-o-28","status":"publish","type":"page","link":"https:\/\/bien-etreiris.ch\/de\/produktpraesentation\/aromatherapie\/selbst-herstellen\/material-zur-herstellung\/behaelter\/bouchons-o-28\/","title":{"rendered":"BOUCHONS \u00f8 28"},"content":{"rendered":"\n\n<h2 class=\"child_title\" style=\"text-align: left;\">Bouchons \u00f8 28<\/h2>\n<h2>&nbsp;<\/h2>\n<h2>Bouchon \u00e0 vis standard de garantie DIN 28<\/h2>\n<p><a href=\"https:\/\/bien-etreiris.ch\/wp-content\/uploads\/2023\/02\/Bouchon-a-vis-standard-de-garantie-DIN-28-schwarz-2.jpg\"><img loading=\"lazy\" decoding=\"async\" class=\"wp-image-66909  alignleft\" src=\"https:\/\/bien-etreiris.ch\/wp-content\/uploads\/2023\/02\/Bouchon-a-vis-standard-de-garantie-DIN-28-schwarz-2.jpg\" alt=\"\" width=\"257\" height=\"283\" srcset=\"https:\/\/bien-etreiris.ch\/wp-content\/uploads\/2023\/02\/Bouchon-a-vis-standard-de-garantie-DIN-28-schwarz-2.jpg 1733w, https:\/\/bien-etreiris.ch\/wp-content\/uploads\/2023\/02\/Bouchon-a-vis-standard-de-garantie-DIN-28-schwarz-2-273x300.jpg 273w, https:\/\/bien-etreiris.ch\/wp-content\/uploads\/2023\/02\/Bouchon-a-vis-standard-de-garantie-DIN-28-schwarz-2-931x1024.jpg 931w, https:\/\/bien-etreiris.ch\/wp-content\/uploads\/2023\/02\/Bouchon-a-vis-standard-de-garantie-DIN-28-schwarz-2-768x845.jpg 768w, https:\/\/bien-etreiris.ch\/wp-content\/uploads\/2023\/02\/Bouchon-a-vis-standard-de-garantie-DIN-28-schwarz-2-1396x1536.jpg 1396w\" sizes=\"auto, (max-width: 257px) 100vw, 257px\" \/><\/a><\/p>\n<p>&nbsp;<\/p>\n<p>&nbsp;<\/p>\n<p>&nbsp;<\/p>\n<div id=\"more_info_sheets\" class=\"sheets align_justify\">\n<div id=\"idTab1\" class=\"rte\">\n<p>Bouchon \u00e0 vis standard de garantie.<\/p>\n<p>Pour tous les flacon DIN 28.<\/p>\n<p>Sans s\u00e9curit\u00e9 enfants<\/p>\n<p>1 pi\u00e8ce couleur blanc <strong>CHF 0.60<\/strong><\/p>\n<\/div>\n<\/div>\n<p>&nbsp;<\/p>\n<p>&nbsp;<\/p>\n<hr>\n<h2 class=\"child_title\">Bouchons \u00f8 28 avec s\u00e9curit\u00e9 enfant<\/h2>\n<p><a href=\"https:\/\/bien-etreiris.ch\/wp-content\/uploads\/2023\/02\/Bouchon-avec-securite-enfant-DIN-28-schwarz-2.jpg\"><img loading=\"lazy\" decoding=\"async\" class=\"wp-image-66915  alignleft\" src=\"https:\/\/bien-etreiris.ch\/wp-content\/uploads\/2023\/02\/Bouchon-avec-securite-enfant-DIN-28-schwarz-2.jpg\" alt=\"\" width=\"245\" height=\"267\" srcset=\"https:\/\/bien-etreiris.ch\/wp-content\/uploads\/2023\/02\/Bouchon-avec-securite-enfant-DIN-28-schwarz-2.jpg 2207w, https:\/\/bien-etreiris.ch\/wp-content\/uploads\/2023\/02\/Bouchon-avec-securite-enfant-DIN-28-schwarz-2-275x300.jpg 275w, https:\/\/bien-etreiris.ch\/wp-content\/uploads\/2023\/02\/Bouchon-avec-securite-enfant-DIN-28-schwarz-2-939x1024.jpg 939w, https:\/\/bien-etreiris.ch\/wp-content\/uploads\/2023\/02\/Bouchon-avec-securite-enfant-DIN-28-schwarz-2-768x838.jpg 768w, https:\/\/bien-etreiris.ch\/wp-content\/uploads\/2023\/02\/Bouchon-avec-securite-enfant-DIN-28-schwarz-2-1408x1536.jpg 1408w, https:\/\/bien-etreiris.ch\/wp-content\/uploads\/2023\/02\/Bouchon-avec-securite-enfant-DIN-28-schwarz-2-1877x2048.jpg 1877w\" sizes=\"auto, (max-width: 245px) 100vw, 245px\" \/><\/a><\/p>\n<div class=\"wp-block-media-text alignwide is-stacked-on-mobile\">\n<p>&nbsp;<\/p>\n<figure class=\"wp-block-media-text__media\">\n<p>&nbsp;<\/p>\n<p>&nbsp;<\/p>\n<p>Bouchon DIN 28 avec s\u00e9curit\u00e9 enfant \u00e0 vis standard de garantie.Pour tous les flacon DIN 28.<\/p>\n<p style=\"text-align: left;\">1 pi\u00e8ce couleur blanc<strong> CHF 0.60<\/strong><\/p>\n<\/figure>\n<\/div>\n<p>&nbsp;<\/p>\n<p>&nbsp;<\/p>\n<p>&nbsp;<\/p>\n<hr>\n<h2>Bouchon en aluminium DIN 28<\/h2>\n<p><a href=\"https:\/\/bien-etreiris.ch\/wp-content\/uploads\/2023\/02\/Bouchon-en-aluminium-DIN-28-schwarz-2.jpg\"><img loading=\"lazy\" decoding=\"async\" class=\"wp-image-66928 alignleft\" src=\"https:\/\/bien-etreiris.ch\/wp-content\/uploads\/2023\/02\/Bouchon-en-aluminium-DIN-28-schwarz-2.jpg\" alt=\"\" width=\"254\" height=\"258\" srcset=\"https:\/\/bien-etreiris.ch\/wp-content\/uploads\/2023\/02\/Bouchon-en-aluminium-DIN-28-schwarz-2.jpg 2099w, https:\/\/bien-etreiris.ch\/wp-content\/uploads\/2023\/02\/Bouchon-en-aluminium-DIN-28-schwarz-2-295x300.jpg 295w, https:\/\/bien-etreiris.ch\/wp-content\/uploads\/2023\/02\/Bouchon-en-aluminium-DIN-28-schwarz-2-1008x1024.jpg 1008w, https:\/\/bien-etreiris.ch\/wp-content\/uploads\/2023\/02\/Bouchon-en-aluminium-DIN-28-schwarz-2-768x780.jpg 768w, https:\/\/bien-etreiris.ch\/wp-content\/uploads\/2023\/02\/Bouchon-en-aluminium-DIN-28-schwarz-2-1512x1536.jpg 1512w, https:\/\/bien-etreiris.ch\/wp-content\/uploads\/2023\/02\/Bouchon-en-aluminium-DIN-28-schwarz-2-2015x2048.jpg 2015w\" sizes=\"auto, (max-width: 254px) 100vw, 254px\" \/><\/a><\/p>\n<p>&nbsp;<\/p>\n<p>&nbsp;<\/p>\n<p>Bouchon en aluminium DIN 28<\/p>\n<p>Pour vos pr\u00e9parations d'Hydrolat, d'Huile v\u00e9g\u00e9tale, de vos Huiles de massage.<\/p>\n<p>1 pi\u00e8ce <strong>CHF 0.60<\/strong><\/p>\n<p>&nbsp;<\/p>\n<p>&nbsp;<\/p>\n<p>&nbsp;<\/p>\n<hr>\n<h2>Bouchon verseur et basculant Veral pour flacon DIN 28<\/h2>\n<p>&nbsp;<\/p>\n<p><a href=\"https:\/\/bien-etreiris.ch\/wp-content\/uploads\/2023\/02\/Bouchon-verseur-et-basculant-Veral-pour..-schwarz-2-scaled.jpg\"><img loading=\"lazy\" decoding=\"async\" class=\"wp-image-66922  alignleft\" src=\"https:\/\/bien-etreiris.ch\/wp-content\/uploads\/2023\/02\/Bouchon-verseur-et-basculant-Veral-pour..-schwarz-2-scaled.jpg\" alt=\"\" width=\"258\" height=\"243\" srcset=\"https:\/\/bien-etreiris.ch\/wp-content\/uploads\/2023\/02\/Bouchon-verseur-et-basculant-Veral-pour..-schwarz-2-scaled.jpg 2560w, https:\/\/bien-etreiris.ch\/wp-content\/uploads\/2023\/02\/Bouchon-verseur-et-basculant-Veral-pour..-schwarz-2-300x283.jpg 300w, https:\/\/bien-etreiris.ch\/wp-content\/uploads\/2023\/02\/Bouchon-verseur-et-basculant-Veral-pour..-schwarz-2-1024x965.jpg 1024w, https:\/\/bien-etreiris.ch\/wp-content\/uploads\/2023\/02\/Bouchon-verseur-et-basculant-Veral-pour..-schwarz-2-768x724.jpg 768w, https:\/\/bien-etreiris.ch\/wp-content\/uploads\/2023\/02\/Bouchon-verseur-et-basculant-Veral-pour..-schwarz-2-1536x1448.jpg 1536w, https:\/\/bien-etreiris.ch\/wp-content\/uploads\/2023\/02\/Bouchon-verseur-et-basculant-Veral-pour..-schwarz-2-2048x1930.jpg 2048w\" sizes=\"auto, (max-width: 258px) 100vw, 258px\" \/><\/a><\/p>\n<p>&nbsp;<\/p>\n<p>&nbsp;<\/p>\n<p>&nbsp;<\/p>\n<p>Pour tous les flacon DIN 28<\/p>\n<p>Avec vis standard de garantie<\/p>\n<p>1 pi\u00e8ce&nbsp; couleur blanc <strong>CHF 0.70<\/strong><\/p>\n<p>&nbsp;<\/p>\n<p>&nbsp;<\/p>\n<p>&nbsp;<\/p>\n<hr>\n<h2><strong>Capsule de service transparent DIN 28 <\/strong>avec capuchon \u00e0 charni\u00e8re<\/h2>\n<p><a href=\"https:\/\/bien-etreiris.ch\/wp-content\/uploads\/2023\/02\/Capsule-de-service-transparent-DIN-28-2-scaled.jpg\"><img loading=\"lazy\" decoding=\"async\" class=\"wp-image-66939 alignleft\" src=\"https:\/\/bien-etreiris.ch\/wp-content\/uploads\/2023\/02\/Capsule-de-service-transparent-DIN-28-2-scaled.jpg\" alt=\"\" width=\"277\" height=\"252\" srcset=\"https:\/\/bien-etreiris.ch\/wp-content\/uploads\/2023\/02\/Capsule-de-service-transparent-DIN-28-2-scaled.jpg 2560w, https:\/\/bien-etreiris.ch\/wp-content\/uploads\/2023\/02\/Capsule-de-service-transparent-DIN-28-2-300x273.jpg 300w, https:\/\/bien-etreiris.ch\/wp-content\/uploads\/2023\/02\/Capsule-de-service-transparent-DIN-28-2-1024x933.jpg 1024w, https:\/\/bien-etreiris.ch\/wp-content\/uploads\/2023\/02\/Capsule-de-service-transparent-DIN-28-2-768x700.jpg 768w, https:\/\/bien-etreiris.ch\/wp-content\/uploads\/2023\/02\/Capsule-de-service-transparent-DIN-28-2-1536x1399.jpg 1536w, https:\/\/bien-etreiris.ch\/wp-content\/uploads\/2023\/02\/Capsule-de-service-transparent-DIN-28-2-2048x1866.jpg 2048w\" sizes=\"auto, (max-width: 277px) 100vw, 277px\" \/><\/a><\/p>\n<p>&nbsp;<\/p>\n<p>&nbsp;<\/p>\n<div id=\"more_info_sheets\" class=\"sheets align_justify\">\n<div id=\"idTab1\" class=\"rte\">\n<p><strong>Capsule de service transparent DIN 28<\/strong><br>avec capuchon \u00e0 charni\u00e8re .<\/p>\n<p>Pour les bouteilles et flacons en Pet&nbsp;au format DIN 28.<\/p>\n<p>1 pi\u00e8ce <strong>CHF 0.70<\/strong><\/p>\n<\/div>\n<\/div>\n<p>&nbsp;<\/p>\n<p>&nbsp;<\/p>\n<div id=\"more_info_sheets\" class=\"sheets align_justify\">\n<p>&nbsp;<\/p>\n<p id=\"idTab1\" class=\"rte\">Distribut votre huile v\u00e9g\u00e9tale, base lavante neutre ou autres<\/p>\n<p>&nbsp;<\/p>\n<hr>\n<h2 class=\"rte\">Capsule de service blanc DIN 28 avec capuchon \u00e0 charni\u00e8re<\/h2>\n<p><a href=\"https:\/\/bien-etreiris.ch\/wp-content\/uploads\/2023\/02\/Capsule-de-service-blanc-DIN-28-scaled.jpg\"><img loading=\"lazy\" decoding=\"async\" class=\"wp-image-66946 alignleft\" src=\"https:\/\/bien-etreiris.ch\/wp-content\/uploads\/2023\/02\/Capsule-de-service-blanc-DIN-28-scaled.jpg\" alt=\"\" width=\"272\" height=\"309\" srcset=\"https:\/\/bien-etreiris.ch\/wp-content\/uploads\/2023\/02\/Capsule-de-service-blanc-DIN-28-scaled.jpg 2260w, https:\/\/bien-etreiris.ch\/wp-content\/uploads\/2023\/02\/Capsule-de-service-blanc-DIN-28-265x300.jpg 265w, https:\/\/bien-etreiris.ch\/wp-content\/uploads\/2023\/02\/Capsule-de-service-blanc-DIN-28-904x1024.jpg 904w, https:\/\/bien-etreiris.ch\/wp-content\/uploads\/2023\/02\/Capsule-de-service-blanc-DIN-28-768x870.jpg 768w, https:\/\/bien-etreiris.ch\/wp-content\/uploads\/2023\/02\/Capsule-de-service-blanc-DIN-28-1356x1536.jpg 1356w, https:\/\/bien-etreiris.ch\/wp-content\/uploads\/2023\/02\/Capsule-de-service-blanc-DIN-28-1808x2048.jpg 1808w\" sizes=\"auto, (max-width: 272px) 100vw, 272px\" \/><\/a><\/p>\n<\/div>\n<div class=\"wp-block-media-text alignwide is-stacked-on-mobile\">\n<div class=\"wp-block-media-text__content\">\n<p>&nbsp;<\/p>\n<\/div>\n<\/div>\n<p>&nbsp;<\/p>\n<p>&nbsp;<\/p>\n<p>Pour les bouteilles et flacon en verre ou en Pet au format DIN 28.<\/p>\n<p>Distribut votre huile v\u00e9g\u00e9tale, base lavante neutre ou autres.<\/p>\n<p>1 pi\u00e8ce <strong>CHF 0.80<\/strong><\/p>\n<p>&nbsp;<\/p>\n<p>&nbsp;<\/p>\n<p>&nbsp;<\/p>\n<hr>\n<h2>Bouchon standard verseur Veral pour flacon Din28<\/h2>\n<p><a href=\"https:\/\/bien-etreiris.ch\/wp-content\/uploads\/2023\/02\/Bouchon-standard-verseur-Veral-pour-flacon-Din28-schwarz-1.jpg\"><img loading=\"lazy\" decoding=\"async\" class=\"wp-image-66958 size-full alignleft\" src=\"https:\/\/bien-etreiris.ch\/wp-content\/uploads\/2023\/02\/Bouchon-standard-verseur-Veral-pour-flacon-Din28-schwarz-1.jpg\" alt=\"\" width=\"196\" height=\"163\"><\/a><\/p>\n<p>&nbsp;<\/p>\n<p>Bouchon standard verseur Veral pour flacon Din28<\/p>\n<p>Pour tous les flacon <strong>Veral DIN 28<\/strong>.<\/p>\n<p>1 pi\u00e8ce<strong> CHF 0.30<\/strong><\/p>","protected":false},"excerpt":{"rendered":"<p>Bouchons \u00f8 28 &nbsp; Bouchon \u00e0 vis standard de garantie DIN 28 &nbsp; &nbsp; &nbsp; Bouchon \u00e0 vis standard de garantie. Pour tous les flacon DIN 28. Sans s\u00e9curit\u00e9 enfants 1 pi\u00e8ce couleur blanc CHF 0.60 &nbsp; &nbsp; Bouchons \u00f8 28 avec s\u00e9curit\u00e9 enfant &nbsp; &nbsp; &nbsp; Bouchon DIN 28 avec s\u00e9curit\u00e9 enfant \u00e0 vis standard de garantie.Pour tous les&nbsp;<a href=\"https:\/\/bien-etreiris.ch\/de\/produktpraesentation\/aromatherapie\/selbst-herstellen\/material-zur-herstellung\/behaelter\/bouchons-o-28\/\" class=\"read-more\">Weiter lesen<\/a><\/p>\n","protected":false},"author":1,"featured_media":66821,"parent":50682,"menu_order":3864,"comment_status":"closed","ping_status":"closed","template":"page-with-child.php","meta":{"_acf_changed":false,"ngg_post_thumbnail":0,"footnotes":""},"class_list":["post-66850","page","type-page","status-publish","has-post-thumbnail","hentry"],"acf":[],"yoast_head":"<!-- This site is optimized with the Yoast SEO plugin v27.4 - https:\/\/yoast.com\/product\/yoast-seo-wordpress\/ -->\n<title>BOUCHONS \u00f8 28 - WOHLBEFINDEN<\/title>\n<meta name=\"robots\" content=\"index, follow, max-snippet:-1, max-image-preview:large, max-video-preview:-1\" \/>\n<link rel=\"canonical\" href=\"https:\/\/bien-etreiris.ch\/de\/produktpraesentation\/aromatherapie\/selbst-herstellen\/material-zur-herstellung\/behaelter\/bouchons-o-28\/\" \/>\n<meta property=\"og:locale\" content=\"de_DE\" \/>\n<meta property=\"og:type\" content=\"article\" \/>\n<meta property=\"og:title\" content=\"BOUCHONS \u00f8 28 - WOHLBEFINDEN\" \/>\n<meta property=\"og:description\" content=\"Bouchons \u00f8 28 &nbsp; Bouchon \u00e0 vis standard de garantie DIN 28 &nbsp; &nbsp; &nbsp; Bouchon \u00e0 vis standard de garantie. Pour tous les flacon DIN 28. Sans s\u00e9curit\u00e9 enfants 1 pi\u00e8ce couleur blanc CHF 0.60 &nbsp; &nbsp; Bouchons \u00f8 28 avec s\u00e9curit\u00e9 enfant &nbsp; &nbsp; &nbsp; Bouchon DIN 28 avec s\u00e9curit\u00e9 enfant \u00e0 vis standard de garantie.Pour tous les&nbsp;Weiter lesen\" \/>\n<meta property=\"og:url\" content=\"https:\/\/bien-etreiris.ch\/de\/produktpraesentation\/aromatherapie\/selbst-herstellen\/material-zur-herstellung\/behaelter\/bouchons-o-28\/\" \/>\n<meta property=\"og:site_name\" content=\"WOHLBEFINDEN\" \/>\n<meta property=\"article:publisher\" content=\"https:\/\/www.facebook.com\/bienetreiris\/\" \/>\n<meta property=\"article:modified_time\" content=\"2023-02-17T16:08:19+00:00\" \/>\n<meta property=\"og:image\" content=\"https:\/\/bien-etreiris.ch\/wp-content\/uploads\/2023\/02\/acceuil-bouchon-28-mm.jpg\" \/>\n\t<meta property=\"og:image:width\" content=\"639\" \/>\n\t<meta property=\"og:image:height\" content=\"464\" \/>\n\t<meta property=\"og:image:type\" content=\"image\/jpeg\" \/>\n<meta name=\"twitter:label1\" content=\"Gesch\u00e4tzte Lesezeit\" \/>\n\t<meta name=\"twitter:data1\" content=\"3\u00a0Minuten\" \/>\n<script type=\"application\/ld+json\" class=\"yoast-schema-graph\">{\"@context\":\"https:\\\/\\\/schema.org\",\"@graph\":[{\"@type\":\"WebPage\",\"@id\":\"https:\\\/\\\/bien-etreiris.ch\\\/de\\\/produktpraesentation\\\/aromatherapie\\\/selbst-herstellen\\\/material-zur-herstellung\\\/behaelter\\\/bouchons-o-28\\\/\",\"url\":\"https:\\\/\\\/bien-etreiris.ch\\\/de\\\/produktpraesentation\\\/aromatherapie\\\/selbst-herstellen\\\/material-zur-herstellung\\\/behaelter\\\/bouchons-o-28\\\/\",\"name\":\"BOUCHONS \u00f8 28 - WOHLBEFINDEN\",\"isPartOf\":{\"@id\":\"https:\\\/\\\/bien-etreiris.ch\\\/de\\\/#website\"},\"primaryImageOfPage\":{\"@id\":\"https:\\\/\\\/bien-etreiris.ch\\\/de\\\/produktpraesentation\\\/aromatherapie\\\/selbst-herstellen\\\/material-zur-herstellung\\\/behaelter\\\/bouchons-o-28\\\/#primaryimage\"},\"image\":{\"@id\":\"https:\\\/\\\/bien-etreiris.ch\\\/de\\\/produktpraesentation\\\/aromatherapie\\\/selbst-herstellen\\\/material-zur-herstellung\\\/behaelter\\\/bouchons-o-28\\\/#primaryimage\"},\"thumbnailUrl\":\"https:\\\/\\\/bien-etreiris.ch\\\/wp-content\\\/uploads\\\/2023\\\/02\\\/acceuil-bouchon-28-mm.jpg\",\"datePublished\":\"2023-02-16T20:07:22+00:00\",\"dateModified\":\"2023-02-17T16:08:19+00:00\",\"breadcrumb\":{\"@id\":\"https:\\\/\\\/bien-etreiris.ch\\\/de\\\/produktpraesentation\\\/aromatherapie\\\/selbst-herstellen\\\/material-zur-herstellung\\\/behaelter\\\/bouchons-o-28\\\/#breadcrumb\"},\"inLanguage\":\"de\",\"potentialAction\":[{\"@type\":\"ReadAction\",\"target\":[\"https:\\\/\\\/bien-etreiris.ch\\\/de\\\/produktpraesentation\\\/aromatherapie\\\/selbst-herstellen\\\/material-zur-herstellung\\\/behaelter\\\/bouchons-o-28\\\/\"]}]},{\"@type\":\"ImageObject\",\"inLanguage\":\"de\",\"@id\":\"https:\\\/\\\/bien-etreiris.ch\\\/de\\\/produktpraesentation\\\/aromatherapie\\\/selbst-herstellen\\\/material-zur-herstellung\\\/behaelter\\\/bouchons-o-28\\\/#primaryimage\",\"url\":\"https:\\\/\\\/bien-etreiris.ch\\\/wp-content\\\/uploads\\\/2023\\\/02\\\/acceuil-bouchon-28-mm.jpg\",\"contentUrl\":\"https:\\\/\\\/bien-etreiris.ch\\\/wp-content\\\/uploads\\\/2023\\\/02\\\/acceuil-bouchon-28-mm.jpg\",\"width\":639,\"height\":464},{\"@type\":\"BreadcrumbList\",\"@id\":\"https:\\\/\\\/bien-etreiris.ch\\\/de\\\/produktpraesentation\\\/aromatherapie\\\/selbst-herstellen\\\/material-zur-herstellung\\\/behaelter\\\/bouchons-o-28\\\/#breadcrumb\",\"itemListElement\":[{\"@type\":\"ListItem\",\"position\":1,\"name\":\"Home\",\"item\":\"https:\\\/\\\/bien-etreiris.ch\\\/de\\\/\"},{\"@type\":\"ListItem\",\"position\":2,\"name\":\"PRODUKTPR\u00c4SENTATION\",\"item\":\"https:\\\/\\\/bien-etreiris.ch\\\/de\\\/produktpraesentation\\\/\"},{\"@type\":\"ListItem\",\"position\":3,\"name\":\"AROMATHERAPIE\",\"item\":\"https:\\\/\\\/bien-etreiris.ch\\\/de\\\/produktpraesentation\\\/aromatherapie\\\/\"},{\"@type\":\"ListItem\",\"position\":4,\"name\":\"SELBST HERSTELLEN&#8230;\",\"item\":\"https:\\\/\\\/bien-etreiris.ch\\\/de\\\/produktpraesentation\\\/aromatherapie\\\/selbst-herstellen\\\/\"},{\"@type\":\"ListItem\",\"position\":5,\"name\":\"MATERIAL ZUR HERSTELLUNG\",\"item\":\"https:\\\/\\\/bien-etreiris.ch\\\/de\\\/produktpraesentation\\\/aromatherapie\\\/selbst-herstellen\\\/material-zur-herstellung\\\/\"},{\"@type\":\"ListItem\",\"position\":6,\"name\":\"BEH\u00c4LTER\",\"item\":\"https:\\\/\\\/bien-etreiris.ch\\\/de\\\/produktpraesentation\\\/aromatherapie\\\/selbst-herstellen\\\/material-zur-herstellung\\\/behaelter\\\/\"},{\"@type\":\"ListItem\",\"position\":7,\"name\":\"BOUCHONS \u00f8 28\"}]},{\"@type\":\"WebSite\",\"@id\":\"https:\\\/\\\/bien-etreiris.ch\\\/de\\\/#website\",\"url\":\"https:\\\/\\\/bien-etreiris.ch\\\/de\\\/\",\"name\":\"Bien-\u00eatre Iris\",\"description\":\"IHRE Gesundheit ist uns wichtig\",\"potentialAction\":[{\"@type\":\"SearchAction\",\"target\":{\"@type\":\"EntryPoint\",\"urlTemplate\":\"https:\\\/\\\/bien-etreiris.ch\\\/de\\\/?s={search_term_string}\"},\"query-input\":{\"@type\":\"PropertyValueSpecification\",\"valueRequired\":true,\"valueName\":\"search_term_string\"}}],\"inLanguage\":\"de\"}]}<\/script>\n<!-- \/ Yoast SEO plugin. -->","yoast_head_json":{"title":"BOUCHONS \u00f8 28 - WOHLBEFINDEN","robots":{"index":"index","follow":"follow","max-snippet":"max-snippet:-1","max-image-preview":"max-image-preview:large","max-video-preview":"max-video-preview:-1"},"canonical":"https:\/\/bien-etreiris.ch\/de\/produktpraesentation\/aromatherapie\/selbst-herstellen\/material-zur-herstellung\/behaelter\/bouchons-o-28\/","og_locale":"de_DE","og_type":"article","og_title":"BOUCHONS \u00f8 28 - WOHLBEFINDEN","og_description":"Bouchons \u00f8 28 &nbsp; Bouchon \u00e0 vis standard de garantie DIN 28 &nbsp; &nbsp; &nbsp; Bouchon \u00e0 vis standard de garantie. Pour tous les flacon DIN 28. Sans s\u00e9curit\u00e9 enfants 1 pi\u00e8ce couleur blanc CHF 0.60 &nbsp; &nbsp; Bouchons \u00f8 28 avec s\u00e9curit\u00e9 enfant &nbsp; &nbsp; &nbsp; Bouchon DIN 28 avec s\u00e9curit\u00e9 enfant \u00e0 vis standard de garantie.Pour tous les&nbsp;Weiter lesen","og_url":"https:\/\/bien-etreiris.ch\/de\/produktpraesentation\/aromatherapie\/selbst-herstellen\/material-zur-herstellung\/behaelter\/bouchons-o-28\/","og_site_name":"WOHLBEFINDEN","article_publisher":"https:\/\/www.facebook.com\/bienetreiris\/","article_modified_time":"2023-02-17T16:08:19+00:00","og_image":[{"width":639,"height":464,"url":"https:\/\/bien-etreiris.ch\/wp-content\/uploads\/2023\/02\/acceuil-bouchon-28-mm.jpg","type":"image\/jpeg"}],"twitter_misc":{"Gesch\u00e4tzte Lesezeit":"3\u00a0Minuten"},"schema":{"@context":"https:\/\/schema.org","@graph":[{"@type":"WebPage","@id":"https:\/\/bien-etreiris.ch\/de\/produktpraesentation\/aromatherapie\/selbst-herstellen\/material-zur-herstellung\/behaelter\/bouchons-o-28\/","url":"https:\/\/bien-etreiris.ch\/de\/produktpraesentation\/aromatherapie\/selbst-herstellen\/material-zur-herstellung\/behaelter\/bouchons-o-28\/","name":"BOUCHONS \u00f8 28 - WOHLBEFINDEN","isPartOf":{"@id":"https:\/\/bien-etreiris.ch\/de\/#website"},"primaryImageOfPage":{"@id":"https:\/\/bien-etreiris.ch\/de\/produktpraesentation\/aromatherapie\/selbst-herstellen\/material-zur-herstellung\/behaelter\/bouchons-o-28\/#primaryimage"},"image":{"@id":"https:\/\/bien-etreiris.ch\/de\/produktpraesentation\/aromatherapie\/selbst-herstellen\/material-zur-herstellung\/behaelter\/bouchons-o-28\/#primaryimage"},"thumbnailUrl":"https:\/\/bien-etreiris.ch\/wp-content\/uploads\/2023\/02\/acceuil-bouchon-28-mm.jpg","datePublished":"2023-02-16T20:07:22+00:00","dateModified":"2023-02-17T16:08:19+00:00","breadcrumb":{"@id":"https:\/\/bien-etreiris.ch\/de\/produktpraesentation\/aromatherapie\/selbst-herstellen\/material-zur-herstellung\/behaelter\/bouchons-o-28\/#breadcrumb"},"inLanguage":"de","potentialAction":[{"@type":"ReadAction","target":["https:\/\/bien-etreiris.ch\/de\/produktpraesentation\/aromatherapie\/selbst-herstellen\/material-zur-herstellung\/behaelter\/bouchons-o-28\/"]}]},{"@type":"ImageObject","inLanguage":"de","@id":"https:\/\/bien-etreiris.ch\/de\/produktpraesentation\/aromatherapie\/selbst-herstellen\/material-zur-herstellung\/behaelter\/bouchons-o-28\/#primaryimage","url":"https:\/\/bien-etreiris.ch\/wp-content\/uploads\/2023\/02\/acceuil-bouchon-28-mm.jpg","contentUrl":"https:\/\/bien-etreiris.ch\/wp-content\/uploads\/2023\/02\/acceuil-bouchon-28-mm.jpg","width":639,"height":464},{"@type":"BreadcrumbList","@id":"https:\/\/bien-etreiris.ch\/de\/produktpraesentation\/aromatherapie\/selbst-herstellen\/material-zur-herstellung\/behaelter\/bouchons-o-28\/#breadcrumb","itemListElement":[{"@type":"ListItem","position":1,"name":"Home","item":"https:\/\/bien-etreiris.ch\/de\/"},{"@type":"ListItem","position":2,"name":"PRODUKTPR\u00c4SENTATION","item":"https:\/\/bien-etreiris.ch\/de\/produktpraesentation\/"},{"@type":"ListItem","position":3,"name":"AROMATHERAPIE","item":"https:\/\/bien-etreiris.ch\/de\/produktpraesentation\/aromatherapie\/"},{"@type":"ListItem","position":4,"name":"SELBST HERSTELLEN&#8230;","item":"https:\/\/bien-etreiris.ch\/de\/produktpraesentation\/aromatherapie\/selbst-herstellen\/"},{"@type":"ListItem","position":5,"name":"MATERIAL ZUR HERSTELLUNG","item":"https:\/\/bien-etreiris.ch\/de\/produktpraesentation\/aromatherapie\/selbst-herstellen\/material-zur-herstellung\/"},{"@type":"ListItem","position":6,"name":"BEH\u00c4LTER","item":"https:\/\/bien-etreiris.ch\/de\/produktpraesentation\/aromatherapie\/selbst-herstellen\/material-zur-herstellung\/behaelter\/"},{"@type":"ListItem","position":7,"name":"BOUCHONS \u00f8 28"}]},{"@type":"WebSite","@id":"https:\/\/bien-etreiris.ch\/de\/#website","url":"https:\/\/bien-etreiris.ch\/de\/","name":"Bien-\u00eatre Iris","description":"IHRE Gesundheit ist uns wichtig","potentialAction":[{"@type":"SearchAction","target":{"@type":"EntryPoint","urlTemplate":"https:\/\/bien-etreiris.ch\/de\/?s={search_term_string}"},"query-input":{"@type":"PropertyValueSpecification","valueRequired":true,"valueName":"search_term_string"}}],"inLanguage":"de"}]}},"_links":{"self":[{"href":"https:\/\/bien-etreiris.ch\/de\/wp-json\/wp\/v2\/pages\/66850","targetHints":{"allow":["GET"]}}],"collection":[{"href":"https:\/\/bien-etreiris.ch\/de\/wp-json\/wp\/v2\/pages"}],"about":[{"href":"https:\/\/bien-etreiris.ch\/de\/wp-json\/wp\/v2\/types\/page"}],"author":[{"embeddable":true,"href":"https:\/\/bien-etreiris.ch\/de\/wp-json\/wp\/v2\/users\/1"}],"replies":[{"embeddable":true,"href":"https:\/\/bien-etreiris.ch\/de\/wp-json\/wp\/v2\/comments?post=66850"}],"version-history":[{"count":16,"href":"https:\/\/bien-etreiris.ch\/de\/wp-json\/wp\/v2\/pages\/66850\/revisions"}],"predecessor-version":[{"id":66966,"href":"https:\/\/bien-etreiris.ch\/de\/wp-json\/wp\/v2\/pages\/66850\/revisions\/66966"}],"up":[{"embeddable":true,"href":"https:\/\/bien-etreiris.ch\/de\/wp-json\/wp\/v2\/pages\/50682"}],"wp:featuredmedia":[{"embeddable":true,"href":"https:\/\/bien-etreiris.ch\/de\/wp-json\/wp\/v2\/media\/66821"}],"wp:attachment":[{"href":"https:\/\/bien-etreiris.ch\/de\/wp-json\/wp\/v2\/media?parent=66850"}],"curies":[{"name":"wp","href":"https:\/\/api.w.org\/{rel}","templated":true}]}}