{"id":66724,"date":"2023-02-10T10:56:48","date_gmt":"2023-02-10T08:56:48","guid":{"rendered":"https:\/\/bien-etreiris.ch\/produktpraesentation\/gesundes-leben\/gesunde-lebensmittel\/zutaten-wohlbefinden\/pflanzliche-speiseoele\/huile-de-cameline\/"},"modified":"2023-10-24T13:35:45","modified_gmt":"2023-10-24T11:35:45","slug":"huile-de-cameline","status":"publish","type":"page","link":"https:\/\/bien-etreiris.ch\/de\/produktpraesentation\/gesundes-leben\/gesunde-lebensmittel\/zutaten-wohlbefinden\/pflanzliche-speiseoele\/huile-de-cameline\/","title":{"rendered":"CAMELINE"},"content":{"rendered":"\n\n<h2>Huile de Cam\u00e9line<\/h2>\n<p><a href=\"https:\/\/bien-etreiris.ch\/wp-content\/uploads\/2023\/02\/cameline-Bio.jpg\"><img loading=\"lazy\" decoding=\"async\" class=\"alignnone size-full wp-image-66788\" src=\"https:\/\/bien-etreiris.ch\/wp-content\/uploads\/2023\/02\/cameline-Bio.jpg\" alt=\"\" width=\"480\" height=\"640\" srcset=\"https:\/\/bien-etreiris.ch\/wp-content\/uploads\/2023\/02\/cameline-Bio.jpg 480w, https:\/\/bien-etreiris.ch\/wp-content\/uploads\/2023\/02\/cameline-Bio-225x300.jpg 225w\" sizes=\"auto, (max-width: 480px) 100vw, 480px\" \/><\/a><\/p>\n<h4>Huile Camelina de la r\u00e9gion Qualit\u00e9<span style=\"color: #339966;\"> BIO<\/span> <a href=\"https:\/\/bien-etreiris.ch\/de\/produktpraesentation\/gesundes-leben\/gesunde-lebensmittel\/superfoods\/koernrer-samen\/hanfsamen\/suisse-2-2\/\" rel=\"attachment wp-att-75231\"><img loading=\"lazy\" decoding=\"async\" class=\"alignnone  wp-image-75231\" src=\"https:\/\/bien-etreiris.ch\/wp-content\/uploads\/2023\/09\/suisse.png\" alt=\"\" width=\"50\" height=\"50\"><\/a><a href=\"https:\/\/bien-etreiris.ch\/de\/produktpraesentation\/gesundes-leben\/gesunde-lebensmittel\/superfoods\/koernrer-samen\/hanfsamen\/fribourg-2\/\" rel=\"attachment wp-att-75234\"><img loading=\"lazy\" decoding=\"async\" class=\"alignnone  wp-image-75234\" src=\"https:\/\/bien-etreiris.ch\/wp-content\/uploads\/2023\/09\/fribourg.png\" alt=\"\" width=\"48\" height=\"49\"><\/a><\/h4>\n<p>500 ml<strong> CHF 31.00 <span style=\"color: #ffff00;\">en stock<\/span><br><\/strong><\/p>\n<p>250 ml <strong>CHF 17.00 <span style=\"color: #ffff00;\">en stock<\/span><br><\/strong><\/p>\n<p>&nbsp;<\/p>\n<p>&nbsp;<\/p>\n<p>&nbsp;<\/p>\n<p>&nbsp;<\/p>\n<p>&nbsp;<\/p>\n<p>&nbsp;<a href=\"https:\/\/bien-etreiris.ch\/wp-content\/uploads\/2023\/02\/cameline.jpg\"><img loading=\"lazy\" decoding=\"async\" class=\"wp-image-66693 alignleft\" src=\"https:\/\/bien-etreiris.ch\/wp-content\/uploads\/2023\/02\/cameline.jpg\" alt=\"\" width=\"262\" height=\"897\" srcset=\"https:\/\/bien-etreiris.ch\/wp-content\/uploads\/2023\/02\/cameline.jpg 345w, https:\/\/bien-etreiris.ch\/wp-content\/uploads\/2023\/02\/cameline-88x300.jpg 88w, https:\/\/bien-etreiris.ch\/wp-content\/uploads\/2023\/02\/cameline-299x1024.jpg 299w\" sizes=\"auto, (max-width: 262px) 100vw, 262px\" \/><\/a><\/p>\n<p>&nbsp;<\/p>\n<p>&nbsp;<\/p>\n<p>&nbsp;<\/p>\n<p>&nbsp;<\/p>\n<p>&nbsp;<\/p>\n<p>&nbsp;<\/p>\n<p>&nbsp;<\/p>\n<p>&nbsp;<\/p>\n<p>&nbsp;<\/p>\n<p>&nbsp;<\/p>\n<p>&nbsp;<\/p>\n<p>&nbsp;<\/p>\n<p>250 ml <strong>CHF&nbsp;&nbsp; 9.40 <\/strong>(<span style=\"color: #ffcc00;\"><a style=\"color: #ffcc00;\" href=\"https:\/\/bien-etreiris.ch\/de\/unsere-marken\/bio-planete\/\" target=\"_blank\" rel=\"noopener\"><strong>Bio Planete<\/strong><\/a><\/span>)<strong> <span style=\"color: #ffff00;\">en stock<\/span><br><\/strong><\/p>\n<p>250 ml <strong>CHF 15.40 <\/strong>( Vigean )<strong>&nbsp; <span style=\"color: #ffff00;\">en stock <\/span><\/strong><\/p>\n<p>&nbsp;<\/p>\n<p><a href=\"https:\/\/bien-etreiris.ch\/de\/unsere-marken\/naturkraftwerke\/\" target=\"_blank\" rel=\"noopener\"><strong><span style=\"color: #ffcc00;\">Natur Kraft Werke<\/span><\/strong><\/a><\/p>\n<p>250 ml <strong>CHF 12.60<\/strong> (Naturkraftwerke) <span style=\"color: #ffff00;\">en stock&nbsp; &nbsp; <\/span><a href=\"https:\/\/bien-etreiris.ch\/de\/produktpraesentation\/gesundes-leben\/gesunde-lebensmittel\/superfoods\/koernrer-samen\/hanfsamen\/suisse-2-2\/\" rel=\"attachment wp-att-75231\"><img loading=\"lazy\" decoding=\"async\" class=\"alignnone  wp-image-75231\" src=\"https:\/\/bien-etreiris.ch\/wp-content\/uploads\/2023\/09\/suisse.png\" alt=\"\" width=\"34\" height=\"34\"><\/a><span style=\"color: #ffff00;\"><span style=\"color: #ff0000;\"><a href=\"https:\/\/bien-etreiris.ch\/de\/unsere-marken\/demeter\/\" target=\"_blank\" rel=\"noopener\"><span style=\"background-color: #ff9900; color: #ffffff;\"> Demeter<\/span><\/a><\/span><\/span><\/p>\n<p>&nbsp;<\/p>\n<p>&nbsp;<\/p>\n<p>&nbsp;<\/p>\n<p>&nbsp;<\/p>\n<p>&nbsp;<\/p>\n<p>&nbsp;<\/p>\n<p>Oubli\u00e9e pendant des ann\u00e9es la cameline refait surface et est reconnue depuis 1998 comme <em>alicament<\/em> (1) par la DGCCRF. Elle \u00e9tait d\u00e9j\u00e0 cultiv\u00e9e il y a 3000 ans, en Europe, pour ses qualit\u00e9s nutritives, comme paillage pour les toits et jusqu'au 19\u00e8 si\u00e8cle son huile servait \u00e0 la fabrication de savon et de peinture. Quant \u00e0 son tourteau, il a servi de fourrage pour les animaux et de fertilisant pour les sols. Des exp\u00e9riences positives ont \u00e9galement \u00e9t\u00e9 men\u00e9es pour utiliser la cameline comme biocarburant. La cameline se place juste derri\u00e8re l'huile de lin pour sa teneur <strong>en omega 3<\/strong>. Peu exigeante et rentable, il est \u00e0 esp\u00e9rer que cette plante r\u00e9int\u00e8gre pleinement les champs.<\/p>\n<p>&nbsp;<\/p>\n<div>\n<h4>Conseils:<\/h4>\n<p>L'huile de cameline peut agr\u00e9menter des plats de l\u00e9gumes ou de f\u00e9culents ou des assaisonnements crus. Son \u00e9quilibre en acides gras essentiels (Omega 3\/Omega 6) et son go\u00fbt d'asperge conf\u00e8rent une tonalit\u00e9 gustative et nutritionnelle aux pr\u00e9parations culinaires.<\/p>\n<\/div>\n<div>&nbsp;<\/div>\n<div>\n<p>Si cette huile s'av\u00e8re rare sur les \u00e9tals, elle peut \u00eatre remplac\u00e9e par l'huile de lin dont la teneur en Omega 3 est \u00e9galement \u00e9lev\u00e9e. Cependant, l'huile de lin n'offre pas le m\u00eame ratio Omega 3 \/ Omega 6. De plus, sa saveur gustative ne remporte pas tous les suffrages.<\/p>\n<\/div>\n<div>&nbsp;<\/div>\n<div>\n<h4 id=\"precautions-d-emploi-de-l-huile-de-cameline\"><span style=\"color: #ff0000;\">Pr\u00e9cautions d'emploi de l'huile de cameline<\/span><\/h4>\n<p>L'huile de cameline s'oxyde facilement au contact de l'air et \u00e0 la lumi\u00e8re. Il est recommand\u00e9 de consommer cette huile dans les 2 \u00e0 6 mois suivant l'ouverture du flacon et de la conserver dans le r\u00e9frig\u00e9rateur. De ce fait, privil\u00e9giez des flacons opaques de faible contenance.<\/p>\n<p>&nbsp;<\/p>\n<\/div>\n<div>\n<h4><span style=\"color: #ff0000;\"><strong>Elle ne peut \u00eatre chauff\u00e9e<\/strong>.<\/span><\/h4>\n<p>Par mesure de pr\u00e9caution, il est conseill\u00e9 d'absorber l'huile de cameline <strong>avec parcimonie en cas de traitement anticoagulant<\/strong> (du fait de ses propri\u00e9t\u00e9s antiplaquettaires et vasodilatatrices).<\/p>\n<\/div>\n<div>\n<p>Choisir une huile de cameline de premi\u00e8re pression \u00e0 froid et d'origine biologique.<\/p>\n<\/div>\n<p>&nbsp;<\/p>\n<p>&nbsp;<\/p>","protected":false},"excerpt":{"rendered":"<p>Huile de Cam\u00e9line Huile Camelina de la r\u00e9gion Qualit\u00e9 BIO 500 ml CHF 31.00 en stock 250 ml CHF 17.00 en stock &nbsp; &nbsp; &nbsp; &nbsp; &nbsp; &nbsp; &nbsp; &nbsp; &nbsp; &nbsp; &nbsp; &nbsp; &nbsp; &nbsp; &nbsp; &nbsp; &nbsp; &nbsp; 250 ml CHF&nbsp;&nbsp; 9.40 (Bio Planete) en stock 250 ml CHF 15.40 ( Vigean )&nbsp; en stock &nbsp; Natur Kraft&nbsp;<a href=\"https:\/\/bien-etreiris.ch\/de\/produktpraesentation\/gesundes-leben\/gesunde-lebensmittel\/zutaten-wohlbefinden\/pflanzliche-speiseoele\/huile-de-cameline\/\" class=\"read-more\">Weiter lesen<\/a><\/p>\n","protected":false},"author":1,"featured_media":66698,"parent":40140,"menu_order":3882,"comment_status":"closed","ping_status":"closed","template":"","meta":{"_acf_changed":false,"ngg_post_thumbnail":0,"footnotes":""},"class_list":["post-66724","page","type-page","status-publish","has-post-thumbnail","hentry"],"acf":[],"yoast_head":"<!-- This site is optimized with the Yoast SEO plugin v27.5 - https:\/\/yoast.com\/product\/yoast-seo-wordpress\/ -->\n<title>CAMELINE - WOHLBEFINDEN<\/title>\n<meta name=\"robots\" content=\"index, follow, max-snippet:-1, max-image-preview:large, max-video-preview:-1\" \/>\n<link rel=\"canonical\" href=\"https:\/\/bien-etreiris.ch\/de\/produktpraesentation\/gesundes-leben\/gesunde-lebensmittel\/zutaten-wohlbefinden\/pflanzliche-speiseoele\/huile-de-cameline\/\" \/>\n<meta property=\"og:locale\" content=\"de_DE\" \/>\n<meta property=\"og:type\" content=\"article\" \/>\n<meta property=\"og:title\" content=\"CAMELINE - WOHLBEFINDEN\" \/>\n<meta property=\"og:description\" content=\"Huile de Cam\u00e9line Huile Camelina de la r\u00e9gion Qualit\u00e9 BIO 500 ml CHF 31.00 en stock 250 ml CHF 17.00 en stock &nbsp; &nbsp; &nbsp; &nbsp; &nbsp; &nbsp; &nbsp; &nbsp; &nbsp; &nbsp; &nbsp; &nbsp; &nbsp; &nbsp; &nbsp; &nbsp; &nbsp; &nbsp; 250 ml CHF&nbsp;&nbsp; 9.40 (Bio Planete) en stock 250 ml CHF 15.40 ( Vigean )&nbsp; en stock &nbsp; Natur Kraft&nbsp;Weiter lesen\" \/>\n<meta property=\"og:url\" content=\"https:\/\/bien-etreiris.ch\/de\/produktpraesentation\/gesundes-leben\/gesunde-lebensmittel\/zutaten-wohlbefinden\/pflanzliche-speiseoele\/huile-de-cameline\/\" \/>\n<meta property=\"og:site_name\" content=\"WOHLBEFINDEN\" \/>\n<meta property=\"article:publisher\" content=\"https:\/\/www.facebook.com\/bienetreiris\/\" \/>\n<meta property=\"article:modified_time\" content=\"2023-10-24T11:35:45+00:00\" \/>\n<meta property=\"og:image\" content=\"https:\/\/bien-etreiris.ch\/wp-content\/uploads\/2023\/02\/acceuil-1.jpg\" \/>\n\t<meta property=\"og:image:width\" content=\"500\" \/>\n\t<meta property=\"og:image:height\" content=\"325\" \/>\n\t<meta property=\"og:image:type\" content=\"image\/jpeg\" \/>\n<meta name=\"twitter:label1\" content=\"Gesch\u00e4tzte Lesezeit\" \/>\n\t<meta name=\"twitter:data1\" content=\"3\u00a0Minuten\" \/>\n<script type=\"application\/ld+json\" class=\"yoast-schema-graph\">{\"@context\":\"https:\\\/\\\/schema.org\",\"@graph\":[{\"@type\":\"WebPage\",\"@id\":\"https:\\\/\\\/bien-etreiris.ch\\\/de\\\/produktpraesentation\\\/gesundes-leben\\\/gesunde-lebensmittel\\\/zutaten-wohlbefinden\\\/pflanzliche-speiseoele\\\/huile-de-cameline\\\/\",\"url\":\"https:\\\/\\\/bien-etreiris.ch\\\/de\\\/produktpraesentation\\\/gesundes-leben\\\/gesunde-lebensmittel\\\/zutaten-wohlbefinden\\\/pflanzliche-speiseoele\\\/huile-de-cameline\\\/\",\"name\":\"CAMELINE - WOHLBEFINDEN\",\"isPartOf\":{\"@id\":\"https:\\\/\\\/bien-etreiris.ch\\\/de\\\/#website\"},\"primaryImageOfPage\":{\"@id\":\"https:\\\/\\\/bien-etreiris.ch\\\/de\\\/produktpraesentation\\\/gesundes-leben\\\/gesunde-lebensmittel\\\/zutaten-wohlbefinden\\\/pflanzliche-speiseoele\\\/huile-de-cameline\\\/#primaryimage\"},\"image\":{\"@id\":\"https:\\\/\\\/bien-etreiris.ch\\\/de\\\/produktpraesentation\\\/gesundes-leben\\\/gesunde-lebensmittel\\\/zutaten-wohlbefinden\\\/pflanzliche-speiseoele\\\/huile-de-cameline\\\/#primaryimage\"},\"thumbnailUrl\":\"https:\\\/\\\/bien-etreiris.ch\\\/wp-content\\\/uploads\\\/2023\\\/02\\\/acceuil-1.jpg\",\"datePublished\":\"2023-02-10T08:56:48+00:00\",\"dateModified\":\"2023-10-24T11:35:45+00:00\",\"breadcrumb\":{\"@id\":\"https:\\\/\\\/bien-etreiris.ch\\\/de\\\/produktpraesentation\\\/gesundes-leben\\\/gesunde-lebensmittel\\\/zutaten-wohlbefinden\\\/pflanzliche-speiseoele\\\/huile-de-cameline\\\/#breadcrumb\"},\"inLanguage\":\"de\",\"potentialAction\":[{\"@type\":\"ReadAction\",\"target\":[\"https:\\\/\\\/bien-etreiris.ch\\\/de\\\/produktpraesentation\\\/gesundes-leben\\\/gesunde-lebensmittel\\\/zutaten-wohlbefinden\\\/pflanzliche-speiseoele\\\/huile-de-cameline\\\/\"]}]},{\"@type\":\"ImageObject\",\"inLanguage\":\"de\",\"@id\":\"https:\\\/\\\/bien-etreiris.ch\\\/de\\\/produktpraesentation\\\/gesundes-leben\\\/gesunde-lebensmittel\\\/zutaten-wohlbefinden\\\/pflanzliche-speiseoele\\\/huile-de-cameline\\\/#primaryimage\",\"url\":\"https:\\\/\\\/bien-etreiris.ch\\\/wp-content\\\/uploads\\\/2023\\\/02\\\/acceuil-1.jpg\",\"contentUrl\":\"https:\\\/\\\/bien-etreiris.ch\\\/wp-content\\\/uploads\\\/2023\\\/02\\\/acceuil-1.jpg\",\"width\":500,\"height\":325},{\"@type\":\"BreadcrumbList\",\"@id\":\"https:\\\/\\\/bien-etreiris.ch\\\/de\\\/produktpraesentation\\\/gesundes-leben\\\/gesunde-lebensmittel\\\/zutaten-wohlbefinden\\\/pflanzliche-speiseoele\\\/huile-de-cameline\\\/#breadcrumb\",\"itemListElement\":[{\"@type\":\"ListItem\",\"position\":1,\"name\":\"Home\",\"item\":\"https:\\\/\\\/bien-etreiris.ch\\\/de\\\/\"},{\"@type\":\"ListItem\",\"position\":2,\"name\":\"PRODUKTPR\u00c4SENTATION\",\"item\":\"https:\\\/\\\/bien-etreiris.ch\\\/de\\\/produktpraesentation\\\/\"},{\"@type\":\"ListItem\",\"position\":3,\"name\":\"GESUNDES LEBEN\",\"item\":\"https:\\\/\\\/bien-etreiris.ch\\\/de\\\/produktpraesentation\\\/gesundes-leben\\\/\"},{\"@type\":\"ListItem\",\"position\":4,\"name\":\"GESUNDE LEBENSMITTEL\",\"item\":\"https:\\\/\\\/bien-etreiris.ch\\\/de\\\/produktpraesentation\\\/gesundes-leben\\\/gesunde-lebensmittel\\\/\"},{\"@type\":\"ListItem\",\"position\":5,\"name\":\"ZUTATEN\",\"item\":\"https:\\\/\\\/bien-etreiris.ch\\\/de\\\/produktpraesentation\\\/gesundes-leben\\\/gesunde-lebensmittel\\\/zutaten-wohlbefinden\\\/\"},{\"@type\":\"ListItem\",\"position\":6,\"name\":\"PFLANZEN\u00d6LE\",\"item\":\"https:\\\/\\\/bien-etreiris.ch\\\/de\\\/produktpraesentation\\\/gesundes-leben\\\/gesunde-lebensmittel\\\/zutaten-wohlbefinden\\\/pflanzliche-speiseoele\\\/\"},{\"@type\":\"ListItem\",\"position\":7,\"name\":\"CAMELINE\"}]},{\"@type\":\"WebSite\",\"@id\":\"https:\\\/\\\/bien-etreiris.ch\\\/de\\\/#website\",\"url\":\"https:\\\/\\\/bien-etreiris.ch\\\/de\\\/\",\"name\":\"Bien-\u00eatre Iris\",\"description\":\"IHRE Gesundheit ist uns wichtig\",\"potentialAction\":[{\"@type\":\"SearchAction\",\"target\":{\"@type\":\"EntryPoint\",\"urlTemplate\":\"https:\\\/\\\/bien-etreiris.ch\\\/de\\\/?s={search_term_string}\"},\"query-input\":{\"@type\":\"PropertyValueSpecification\",\"valueRequired\":true,\"valueName\":\"search_term_string\"}}],\"inLanguage\":\"de\"}]}<\/script>\n<!-- \/ Yoast SEO plugin. -->","yoast_head_json":{"title":"CAMELINE - WOHLBEFINDEN","robots":{"index":"index","follow":"follow","max-snippet":"max-snippet:-1","max-image-preview":"max-image-preview:large","max-video-preview":"max-video-preview:-1"},"canonical":"https:\/\/bien-etreiris.ch\/de\/produktpraesentation\/gesundes-leben\/gesunde-lebensmittel\/zutaten-wohlbefinden\/pflanzliche-speiseoele\/huile-de-cameline\/","og_locale":"de_DE","og_type":"article","og_title":"CAMELINE - WOHLBEFINDEN","og_description":"Huile de Cam\u00e9line Huile Camelina de la r\u00e9gion Qualit\u00e9 BIO 500 ml CHF 31.00 en stock 250 ml CHF 17.00 en stock &nbsp; &nbsp; &nbsp; &nbsp; &nbsp; &nbsp; &nbsp; &nbsp; &nbsp; &nbsp; &nbsp; &nbsp; &nbsp; &nbsp; &nbsp; &nbsp; &nbsp; &nbsp; 250 ml CHF&nbsp;&nbsp; 9.40 (Bio Planete) en stock 250 ml CHF 15.40 ( Vigean )&nbsp; en stock &nbsp; Natur Kraft&nbsp;Weiter lesen","og_url":"https:\/\/bien-etreiris.ch\/de\/produktpraesentation\/gesundes-leben\/gesunde-lebensmittel\/zutaten-wohlbefinden\/pflanzliche-speiseoele\/huile-de-cameline\/","og_site_name":"WOHLBEFINDEN","article_publisher":"https:\/\/www.facebook.com\/bienetreiris\/","article_modified_time":"2023-10-24T11:35:45+00:00","og_image":[{"width":500,"height":325,"url":"https:\/\/bien-etreiris.ch\/wp-content\/uploads\/2023\/02\/acceuil-1.jpg","type":"image\/jpeg"}],"twitter_misc":{"Gesch\u00e4tzte Lesezeit":"3\u00a0Minuten"},"schema":{"@context":"https:\/\/schema.org","@graph":[{"@type":"WebPage","@id":"https:\/\/bien-etreiris.ch\/de\/produktpraesentation\/gesundes-leben\/gesunde-lebensmittel\/zutaten-wohlbefinden\/pflanzliche-speiseoele\/huile-de-cameline\/","url":"https:\/\/bien-etreiris.ch\/de\/produktpraesentation\/gesundes-leben\/gesunde-lebensmittel\/zutaten-wohlbefinden\/pflanzliche-speiseoele\/huile-de-cameline\/","name":"CAMELINE - WOHLBEFINDEN","isPartOf":{"@id":"https:\/\/bien-etreiris.ch\/de\/#website"},"primaryImageOfPage":{"@id":"https:\/\/bien-etreiris.ch\/de\/produktpraesentation\/gesundes-leben\/gesunde-lebensmittel\/zutaten-wohlbefinden\/pflanzliche-speiseoele\/huile-de-cameline\/#primaryimage"},"image":{"@id":"https:\/\/bien-etreiris.ch\/de\/produktpraesentation\/gesundes-leben\/gesunde-lebensmittel\/zutaten-wohlbefinden\/pflanzliche-speiseoele\/huile-de-cameline\/#primaryimage"},"thumbnailUrl":"https:\/\/bien-etreiris.ch\/wp-content\/uploads\/2023\/02\/acceuil-1.jpg","datePublished":"2023-02-10T08:56:48+00:00","dateModified":"2023-10-24T11:35:45+00:00","breadcrumb":{"@id":"https:\/\/bien-etreiris.ch\/de\/produktpraesentation\/gesundes-leben\/gesunde-lebensmittel\/zutaten-wohlbefinden\/pflanzliche-speiseoele\/huile-de-cameline\/#breadcrumb"},"inLanguage":"de","potentialAction":[{"@type":"ReadAction","target":["https:\/\/bien-etreiris.ch\/de\/produktpraesentation\/gesundes-leben\/gesunde-lebensmittel\/zutaten-wohlbefinden\/pflanzliche-speiseoele\/huile-de-cameline\/"]}]},{"@type":"ImageObject","inLanguage":"de","@id":"https:\/\/bien-etreiris.ch\/de\/produktpraesentation\/gesundes-leben\/gesunde-lebensmittel\/zutaten-wohlbefinden\/pflanzliche-speiseoele\/huile-de-cameline\/#primaryimage","url":"https:\/\/bien-etreiris.ch\/wp-content\/uploads\/2023\/02\/acceuil-1.jpg","contentUrl":"https:\/\/bien-etreiris.ch\/wp-content\/uploads\/2023\/02\/acceuil-1.jpg","width":500,"height":325},{"@type":"BreadcrumbList","@id":"https:\/\/bien-etreiris.ch\/de\/produktpraesentation\/gesundes-leben\/gesunde-lebensmittel\/zutaten-wohlbefinden\/pflanzliche-speiseoele\/huile-de-cameline\/#breadcrumb","itemListElement":[{"@type":"ListItem","position":1,"name":"Home","item":"https:\/\/bien-etreiris.ch\/de\/"},{"@type":"ListItem","position":2,"name":"PRODUKTPR\u00c4SENTATION","item":"https:\/\/bien-etreiris.ch\/de\/produktpraesentation\/"},{"@type":"ListItem","position":3,"name":"GESUNDES LEBEN","item":"https:\/\/bien-etreiris.ch\/de\/produktpraesentation\/gesundes-leben\/"},{"@type":"ListItem","position":4,"name":"GESUNDE LEBENSMITTEL","item":"https:\/\/bien-etreiris.ch\/de\/produktpraesentation\/gesundes-leben\/gesunde-lebensmittel\/"},{"@type":"ListItem","position":5,"name":"ZUTATEN","item":"https:\/\/bien-etreiris.ch\/de\/produktpraesentation\/gesundes-leben\/gesunde-lebensmittel\/zutaten-wohlbefinden\/"},{"@type":"ListItem","position":6,"name":"PFLANZEN\u00d6LE","item":"https:\/\/bien-etreiris.ch\/de\/produktpraesentation\/gesundes-leben\/gesunde-lebensmittel\/zutaten-wohlbefinden\/pflanzliche-speiseoele\/"},{"@type":"ListItem","position":7,"name":"CAMELINE"}]},{"@type":"WebSite","@id":"https:\/\/bien-etreiris.ch\/de\/#website","url":"https:\/\/bien-etreiris.ch\/de\/","name":"Bien-\u00eatre Iris","description":"IHRE Gesundheit ist uns wichtig","potentialAction":[{"@type":"SearchAction","target":{"@type":"EntryPoint","urlTemplate":"https:\/\/bien-etreiris.ch\/de\/?s={search_term_string}"},"query-input":{"@type":"PropertyValueSpecification","valueRequired":true,"valueName":"search_term_string"}}],"inLanguage":"de"}]}},"_links":{"self":[{"href":"https:\/\/bien-etreiris.ch\/de\/wp-json\/wp\/v2\/pages\/66724","targetHints":{"allow":["GET"]}}],"collection":[{"href":"https:\/\/bien-etreiris.ch\/de\/wp-json\/wp\/v2\/pages"}],"about":[{"href":"https:\/\/bien-etreiris.ch\/de\/wp-json\/wp\/v2\/types\/page"}],"author":[{"embeddable":true,"href":"https:\/\/bien-etreiris.ch\/de\/wp-json\/wp\/v2\/users\/1"}],"replies":[{"embeddable":true,"href":"https:\/\/bien-etreiris.ch\/de\/wp-json\/wp\/v2\/comments?post=66724"}],"version-history":[{"count":12,"href":"https:\/\/bien-etreiris.ch\/de\/wp-json\/wp\/v2\/pages\/66724\/revisions"}],"predecessor-version":[{"id":78523,"href":"https:\/\/bien-etreiris.ch\/de\/wp-json\/wp\/v2\/pages\/66724\/revisions\/78523"}],"up":[{"embeddable":true,"href":"https:\/\/bien-etreiris.ch\/de\/wp-json\/wp\/v2\/pages\/40140"}],"wp:featuredmedia":[{"embeddable":true,"href":"https:\/\/bien-etreiris.ch\/de\/wp-json\/wp\/v2\/media\/66698"}],"wp:attachment":[{"href":"https:\/\/bien-etreiris.ch\/de\/wp-json\/wp\/v2\/media?parent=66724"}],"curies":[{"name":"wp","href":"https:\/\/api.w.org\/{rel}","templated":true}]}}