{"id":66636,"date":"2023-02-09T17:38:37","date_gmt":"2023-02-09T15:38:37","guid":{"rendered":"https:\/\/bien-etreiris.ch\/produktpraesentation\/aromatherapie\/selbst-herstellen\/rohstoffe\/feuchthaltemittel\/glycerine\/"},"modified":"2023-02-09T17:44:55","modified_gmt":"2023-02-09T15:44:55","slug":"glyzerine","status":"publish","type":"page","link":"https:\/\/bien-etreiris.ch\/de\/produktpraesentation\/aromatherapie\/selbst-herstellen\/rohstoffe\/feuchthaltemittel\/glyzerine\/","title":{"rendered":"GLYZERIN"},"content":{"rendered":"\n\n\n<div class=\"text_accroche hidden-xs hidden-sm\">\n<h2>Pflanzliches Glyzerin<\/h2>\n<h4>Feuchtigkeitsspendendes, befeuchtendes und weichmachendes Mittel<\/h4>\n<\/div>\n<h2>&nbsp;<\/h2>\n<p><a href=\"https:\/\/decoiris.ch\/wp-content\/uploads\/2021\/01\/Glyc\u00e9rine-v\u00e9g\u00e9tale-1.png\"><img loading=\"lazy\" decoding=\"async\" class=\"wp-image-38210  alignleft\" src=\"https:\/\/decoiris.ch\/wp-content\/uploads\/2021\/01\/Glyc\u00e9rine-v\u00e9g\u00e9tale-1-300x300.png\" sizes=\"auto, (max-width: 300px) 100vw, 300px\" srcset=\"https:\/\/bien-etreiris.ch\/wp-content\/uploads\/2021\/01\/Glyc\u00e9rine-v\u00e9g\u00e9tale-1-300x300.png 300w, https:\/\/bien-etreiris.ch\/wp-content\/uploads\/2021\/01\/Glyc\u00e9rine-v\u00e9g\u00e9tale-1-150x150.png 150w, https:\/\/bien-etreiris.ch\/wp-content\/uploads\/2021\/01\/Glyc\u00e9rine-v\u00e9g\u00e9tale-1.png 500w\" alt=\"\" width=\"507\" height=\"507\"><\/a><\/p>\n<p>&nbsp;<\/p>\n<p>&nbsp;<\/p>\n<p>&nbsp;<\/p>\n<p>&nbsp;<\/p>\n<p>&nbsp;<\/p>\n<p>Feuchtigkeitsspendendes und erweichendes Mittel<\/p>\n<p>Hochwertiges, 100 % nat\u00fcrliches Glycerin<\/p>\n<p>&nbsp;<\/p>\n<div class=\"short_description_block hidden-xs hidden-sm\">\n<div id=\"short_description_content\" class=\"rte align_justify\">\n<p>200 ml <strong>CHF 8.00<\/strong><\/p>\n<\/div>\n<\/div>\n<p>&nbsp;<\/p>\n<p>&nbsp;<\/p>\n<p>&nbsp;<\/p>\n<p>&nbsp;<\/p>\n<p>&nbsp;<\/p>\n<p>Das aus Soja\u00f6l gewonnene pflanzliche Bio-Glycerin wird empfohlen, um dank seiner feuchtigkeitsspendenden Eigenschaften die Feuchthaltekraft Ihrer Cremes, Milchen, Gele oder Shampoos zu verbessern. Mit einer fl\u00fcssigen und dickfl\u00fcssigen Textur ist es in vielen kosmetischen Produkten zu finden.<br>L\u00f6slich in Wasser und Alkohol. Nicht in \u00d6l l\u00f6slich. Der w\u00e4ssrigen Phase des Produkts wird Glycerin zugesetzt.<br>Recycelbare Verpackung und garantiert ohne Phthalat oder Bisphenol A. Das Produkt wurde nicht an Tieren getestet, gem\u00e4\u00df der Kosmetikverordnung 1223\/2009.<\/p>\n<h4>Dosierungshinweise<\/h4>\n<p>1 bis 5 % des Gesamtgewichts Ihrer Zubereitung.<\/p>\n<h4>Hinweis<\/h4>\n<p>Ab einer Konzentration von mehr als 10 % kehrt sich die Wirkung um, vor allem, wenn das Produkt nicht zum Absp\u00fclen vorgesehen ist (wie z. B. eine Creme oder Milch): Das Glycerin trocknet dann die Haut aus, anstatt sie zu befeuchten. Bei mehr als 5 % k\u00f6nnen einige Felle schlecht reagieren und einen Erw\u00e4rmungseffekt beobachten.<\/p>\n<h4>Inhaltsstoff<\/h4>\n<p><strong> Glycerin <\/strong>100 % der Gesamtmenge sind nat\u00fcrlichen Ursprungs.<br>96,3% der gesamten Inhaltsstoffe sind aus biologischer Landwirtschaft.<br>COSMOS ORGANIC-zertifiziert durch Ecocert Greenlife nach dem COSMOS-Standard, erh\u00e4ltlich unter http:\/\/cosmos.ecocert.com.<\/p>\n<p>Von Ecocert zugelassenes Tensid pflanzlichen Ursprungs. Glycerin wird zur Herstellung von Haut- und Haarpflegeprodukten (Creme, Feuchtigkeitsmilch, Duschgel, Shampoo...) verwendet.<\/p>\n<h4>Hinweise zur Verwendung<\/h4>\n<p>Geben Sie Glycerin in die w\u00e4ssrige Phase Ihrer Zubereitungen ein, bevor Sie emulgieren.<\/p>\n<p>Geben Sie 1 bis 10 % des Gesamtgewichts Ihrer Zubereitung hinzu.<\/p>\n<h4>Zur Verwendung in Ihren kosmetischen Rezepten von :<\/h4>\n<ul style=\"list-style-type: disc;\">\n<li>Feuchtigkeitscremes und -milchen<\/li>\n<li>Feuchthaltegels<\/li>\n<li>Duschgels<\/li>\n<li>Shampoos, Conditioner, Haarmasken<\/li>\n<li>Lippenpflege<\/li>\n<li>Seifen<\/li>\n<\/ul>\n<h4>Beispiel f\u00fcr ein Rezept<\/h4>\n<p>Aus dem Buch \"Je fabrique mes cosm\u00e9tiques\" von Sylvie Hampikian:<\/p>\n<p>\"Gourmet orange-rosa Duschgel<\/p>\n<p>&nbsp;<\/p>\n<ul style=\"list-style-type: disc;\">\n<li>250 ml neutrale Waschlauge<\/li>\n<li>1 Essl\u00f6ffel pflanzliches Glycerin<\/li>\n<li>10 Tropfen \u00e4therisches \u00d6l von Petit Grain Bigaradier oder Orange<\/li>\n<li>10 Tropfen \u00e4therisches \u00d6l der Rosengeranie oder Bourbon<\/li>\n<li>2 Essl\u00f6ffel Rosenwasser<\/li>\n<\/ul>\n<p>&nbsp;<\/p>\n<h4>&nbsp;<\/h4>\n<h4>&nbsp;<\/h4>\n<h4><strong>Glyc\u00e9rine de Lin Bio<\/strong><\/h4>\n<p align=\"left\">Tensio-actif d\u2019origine v\u00e9g\u00e9tale approuv\u00e9 par Ecocert, la glyc\u00e9rine permet de r\u00e9aliser des soins pour la peau et les cheveux (cr\u00e8me, lait hydratant, gel douche, shampoing...).<\/p>\n<p align=\"left\">C'est un agent hydratant doux qui permet d\u2019obtenir une peau plus douce et plus lisse.<\/p>\n<p>La glyc\u00e9rine hydrate* la peau et lutte contre la d\u00e9shydratation des cheveux. Gr\u00e2ce \u00e0 ses propri\u00e9t\u00e9s d\u2019humectant, elle attire l'eau et permet donc de maintenir la teneur en eau de l'\u00e9piderme. Elle adoucit et apaise la peau. Elle est adapt\u00e9e \u00e0 tous les&nbsp;types de peaux, m\u00eame sensibles.<\/p>\n<p>*Les couches sup\u00e9rieures de l'\u00e9piderme<\/p>\n<p>&nbsp;<\/p>\n<h4><strong>Conseil d'utilisation<\/strong><\/h4>\n<p>Incorporer la glyc\u00e9rine dans la phase aqueuse de vos pr\u00e9parations avant \u00e9mulsion.<\/p>\n<p>Ajouter de 1 \u00e0 10% du poids total de votre pr\u00e9paration.<\/p>\n<p>&nbsp;<\/p>\n<h4>A utiliser dans vos recettes cosm\u00e9tiques de<\/h4>\n<p>&nbsp;<\/p>\n<ul>\n<li>Cr\u00e8mes et laits hydratants<\/li>\n<li>Gels hydratants<\/li>\n<li>Gels douche<\/li>\n<li>Shampooings, apr\u00e8s-shampooings, masques capillaires<\/li>\n<li>Soins des l\u00e8vres<\/li>\n<li>Savons<\/li>\n<\/ul>\n<p>&nbsp;<\/p>\n<p>Exemple de recette tir\u00e9e du livre \"Je fabrique mes cosm\u00e9tiques\" de Sylvie Hampikian :&nbsp;<\/p>\n<p>&nbsp;<\/p>\n<h4>\"Gel douche gourmand rose orang\u00e9<\/h4>\n<p>&nbsp;<\/p>\n<ul>\n<li>250 ml de&nbsp;<strong>base lavante neutre<\/strong><\/li>\n<li>1 c.\u00e0.s de glyc\u00e9rine v\u00e9g\u00e9tale<\/li>\n<li>10 gouttes d'huile essentielle de&nbsp;<strong>petit grain bigaradier&nbsp;<\/strong>ou d'<strong>orange<\/strong><\/li>\n<li>10 gouttes d'huile essentielle de g\u00e9ranium rosat ou Bourbon<\/li>\n<li>2 c.\u00e0.s d'<strong>eau de rose<\/strong>\"<\/li>\n<\/ul>\n<h4>&nbsp;<\/h4>\n<h4><strong>Composition<\/strong><\/h4>\n<p align=\"left\">GLYCERIN**<\/p>\n<p align=\"left\">** Ingr\u00e9dients transform\u00e9s \u00e0 partir d\u2019ingr\u00e9dients biologiques<\/p>\n<p align=\"left\">100 % du total des ingr\u00e9dients sont issus de l\u2019agriculture biologique<\/p>\n","protected":false},"excerpt":{"rendered":"<p>Pflanzliches Glyzerin Feuchtigkeitsspendendes, befeuchtendes und weichmachendes Mittel &nbsp; &nbsp; &nbsp; &nbsp; &nbsp; &nbsp; Feuchtigkeitsspendendes und erweichendes Mittel Hochwertiges, 100 % nat\u00fcrliches Glycerin &nbsp; 200 ml CHF 8.00 &nbsp; &nbsp; &nbsp; &nbsp; &nbsp; Das aus Soja\u00f6l gewonnene pflanzliche Bio-Glycerin wird empfohlen, um dank seiner feuchtigkeitsspendenden Eigenschaften die Feuchthaltekraft Ihrer Cremes, Milchen, Gele oder Shampoos zu verbessern. Mit einer fl\u00fcssigen und dickfl\u00fcssigen&nbsp;<a href=\"https:\/\/bien-etreiris.ch\/de\/produktpraesentation\/aromatherapie\/selbst-herstellen\/rohstoffe\/feuchthaltemittel\/glyzerine\/\" class=\"read-more\">Weiter lesen<\/a><\/p>\n","protected":false},"author":1,"featured_media":66633,"parent":38207,"menu_order":3887,"comment_status":"closed","ping_status":"closed","template":"page-with-child.php","meta":{"_acf_changed":false,"ngg_post_thumbnail":0,"footnotes":""},"class_list":["post-66636","page","type-page","status-publish","has-post-thumbnail","hentry"],"acf":[],"yoast_head":"<!-- This site is optimized with the Yoast SEO plugin v27.6 - https:\/\/yoast.com\/product\/yoast-seo-wordpress\/ -->\n<title>GLYZERIN - WOHLBEFINDEN<\/title>\n<meta name=\"robots\" content=\"index, follow, max-snippet:-1, max-image-preview:large, max-video-preview:-1\" \/>\n<link rel=\"canonical\" href=\"https:\/\/bien-etreiris.ch\/de\/produktpraesentation\/aromatherapie\/selbst-herstellen\/rohstoffe\/feuchthaltemittel\/glyzerine\/\" \/>\n<meta property=\"og:locale\" content=\"de_DE\" \/>\n<meta property=\"og:type\" content=\"article\" \/>\n<meta property=\"og:title\" content=\"GLYZERIN - WOHLBEFINDEN\" \/>\n<meta property=\"og:description\" content=\"Pflanzliches Glyzerin Feuchtigkeitsspendendes, befeuchtendes und weichmachendes Mittel &nbsp; &nbsp; &nbsp; &nbsp; &nbsp; &nbsp; Feuchtigkeitsspendendes und erweichendes Mittel Hochwertiges, 100 % nat\u00fcrliches Glycerin &nbsp; 200 ml CHF 8.00 &nbsp; &nbsp; &nbsp; &nbsp; &nbsp; Das aus Soja\u00f6l gewonnene pflanzliche Bio-Glycerin wird empfohlen, um dank seiner feuchtigkeitsspendenden Eigenschaften die Feuchthaltekraft Ihrer Cremes, Milchen, Gele oder Shampoos zu verbessern. Mit einer fl\u00fcssigen und dickfl\u00fcssigen&nbsp;Weiter lesen\" \/>\n<meta property=\"og:url\" content=\"https:\/\/bien-etreiris.ch\/de\/produktpraesentation\/aromatherapie\/selbst-herstellen\/rohstoffe\/feuchthaltemittel\/glyzerine\/\" \/>\n<meta property=\"og:site_name\" content=\"WOHLBEFINDEN\" \/>\n<meta property=\"article:publisher\" content=\"https:\/\/www.facebook.com\/bienetreiris\/\" \/>\n<meta property=\"article:modified_time\" content=\"2023-02-09T15:44:55+00:00\" \/>\n<meta property=\"og:image\" content=\"https:\/\/bien-etreiris.ch\/wp-content\/uploads\/2023\/02\/Glycerine.jpg\" \/>\n\t<meta property=\"og:image:width\" content=\"500\" \/>\n\t<meta property=\"og:image:height\" content=\"333\" \/>\n\t<meta property=\"og:image:type\" content=\"image\/jpeg\" \/>\n<meta name=\"twitter:label1\" content=\"Gesch\u00e4tzte Lesezeit\" \/>\n\t<meta name=\"twitter:data1\" content=\"4\u00a0Minuten\" \/>\n<script type=\"application\/ld+json\" class=\"yoast-schema-graph\">{\"@context\":\"https:\\\/\\\/schema.org\",\"@graph\":[{\"@type\":\"WebPage\",\"@id\":\"https:\\\/\\\/bien-etreiris.ch\\\/de\\\/produktpraesentation\\\/aromatherapie\\\/selbst-herstellen\\\/rohstoffe\\\/feuchthaltemittel\\\/glyzerine\\\/\",\"url\":\"https:\\\/\\\/bien-etreiris.ch\\\/de\\\/produktpraesentation\\\/aromatherapie\\\/selbst-herstellen\\\/rohstoffe\\\/feuchthaltemittel\\\/glyzerine\\\/\",\"name\":\"GLYZERIN - WOHLBEFINDEN\",\"isPartOf\":{\"@id\":\"https:\\\/\\\/bien-etreiris.ch\\\/de\\\/#website\"},\"primaryImageOfPage\":{\"@id\":\"https:\\\/\\\/bien-etreiris.ch\\\/de\\\/produktpraesentation\\\/aromatherapie\\\/selbst-herstellen\\\/rohstoffe\\\/feuchthaltemittel\\\/glyzerine\\\/#primaryimage\"},\"image\":{\"@id\":\"https:\\\/\\\/bien-etreiris.ch\\\/de\\\/produktpraesentation\\\/aromatherapie\\\/selbst-herstellen\\\/rohstoffe\\\/feuchthaltemittel\\\/glyzerine\\\/#primaryimage\"},\"thumbnailUrl\":\"https:\\\/\\\/bien-etreiris.ch\\\/wp-content\\\/uploads\\\/2023\\\/02\\\/Glycerine.jpg\",\"datePublished\":\"2023-02-09T15:38:37+00:00\",\"dateModified\":\"2023-02-09T15:44:55+00:00\",\"breadcrumb\":{\"@id\":\"https:\\\/\\\/bien-etreiris.ch\\\/de\\\/produktpraesentation\\\/aromatherapie\\\/selbst-herstellen\\\/rohstoffe\\\/feuchthaltemittel\\\/glyzerine\\\/#breadcrumb\"},\"inLanguage\":\"de\",\"potentialAction\":[{\"@type\":\"ReadAction\",\"target\":[\"https:\\\/\\\/bien-etreiris.ch\\\/de\\\/produktpraesentation\\\/aromatherapie\\\/selbst-herstellen\\\/rohstoffe\\\/feuchthaltemittel\\\/glyzerine\\\/\"]}]},{\"@type\":\"ImageObject\",\"inLanguage\":\"de\",\"@id\":\"https:\\\/\\\/bien-etreiris.ch\\\/de\\\/produktpraesentation\\\/aromatherapie\\\/selbst-herstellen\\\/rohstoffe\\\/feuchthaltemittel\\\/glyzerine\\\/#primaryimage\",\"url\":\"https:\\\/\\\/bien-etreiris.ch\\\/wp-content\\\/uploads\\\/2023\\\/02\\\/Glycerine.jpg\",\"contentUrl\":\"https:\\\/\\\/bien-etreiris.ch\\\/wp-content\\\/uploads\\\/2023\\\/02\\\/Glycerine.jpg\",\"width\":500,\"height\":333},{\"@type\":\"BreadcrumbList\",\"@id\":\"https:\\\/\\\/bien-etreiris.ch\\\/de\\\/produktpraesentation\\\/aromatherapie\\\/selbst-herstellen\\\/rohstoffe\\\/feuchthaltemittel\\\/glyzerine\\\/#breadcrumb\",\"itemListElement\":[{\"@type\":\"ListItem\",\"position\":1,\"name\":\"Home\",\"item\":\"https:\\\/\\\/bien-etreiris.ch\\\/de\\\/\"},{\"@type\":\"ListItem\",\"position\":2,\"name\":\"PRODUKTPR\u00c4SENTATION\",\"item\":\"https:\\\/\\\/bien-etreiris.ch\\\/de\\\/produktpraesentation\\\/\"},{\"@type\":\"ListItem\",\"position\":3,\"name\":\"AROMATHERAPIE\",\"item\":\"https:\\\/\\\/bien-etreiris.ch\\\/de\\\/produktpraesentation\\\/aromatherapie\\\/\"},{\"@type\":\"ListItem\",\"position\":4,\"name\":\"SELBST HERSTELLEN&#8230;\",\"item\":\"https:\\\/\\\/bien-etreiris.ch\\\/de\\\/produktpraesentation\\\/aromatherapie\\\/selbst-herstellen\\\/\"},{\"@type\":\"ListItem\",\"position\":5,\"name\":\"ROHSTOFFE\",\"item\":\"https:\\\/\\\/bien-etreiris.ch\\\/de\\\/produktpraesentation\\\/aromatherapie\\\/selbst-herstellen\\\/rohstoffe\\\/\"},{\"@type\":\"ListItem\",\"position\":6,\"name\":\"FEUCHTHALTEMITTEL\",\"item\":\"https:\\\/\\\/bien-etreiris.ch\\\/de\\\/produktpraesentation\\\/aromatherapie\\\/selbst-herstellen\\\/rohstoffe\\\/feuchthaltemittel\\\/\"},{\"@type\":\"ListItem\",\"position\":7,\"name\":\"GLYZERIN\"}]},{\"@type\":\"WebSite\",\"@id\":\"https:\\\/\\\/bien-etreiris.ch\\\/de\\\/#website\",\"url\":\"https:\\\/\\\/bien-etreiris.ch\\\/de\\\/\",\"name\":\"Bien-\u00eatre Iris\",\"description\":\"IHRE Gesundheit ist uns wichtig\",\"potentialAction\":[{\"@type\":\"SearchAction\",\"target\":{\"@type\":\"EntryPoint\",\"urlTemplate\":\"https:\\\/\\\/bien-etreiris.ch\\\/de\\\/?s={search_term_string}\"},\"query-input\":{\"@type\":\"PropertyValueSpecification\",\"valueRequired\":true,\"valueName\":\"search_term_string\"}}],\"inLanguage\":\"de\"}]}<\/script>\n<!-- \/ Yoast SEO plugin. -->","yoast_head_json":{"title":"GLYZERIN - WOHLBEFINDEN","robots":{"index":"index","follow":"follow","max-snippet":"max-snippet:-1","max-image-preview":"max-image-preview:large","max-video-preview":"max-video-preview:-1"},"canonical":"https:\/\/bien-etreiris.ch\/de\/produktpraesentation\/aromatherapie\/selbst-herstellen\/rohstoffe\/feuchthaltemittel\/glyzerine\/","og_locale":"de_DE","og_type":"article","og_title":"GLYZERIN - WOHLBEFINDEN","og_description":"Pflanzliches Glyzerin Feuchtigkeitsspendendes, befeuchtendes und weichmachendes Mittel &nbsp; &nbsp; &nbsp; &nbsp; &nbsp; &nbsp; Feuchtigkeitsspendendes und erweichendes Mittel Hochwertiges, 100 % nat\u00fcrliches Glycerin &nbsp; 200 ml CHF 8.00 &nbsp; &nbsp; &nbsp; &nbsp; &nbsp; Das aus Soja\u00f6l gewonnene pflanzliche Bio-Glycerin wird empfohlen, um dank seiner feuchtigkeitsspendenden Eigenschaften die Feuchthaltekraft Ihrer Cremes, Milchen, Gele oder Shampoos zu verbessern. Mit einer fl\u00fcssigen und dickfl\u00fcssigen&nbsp;Weiter lesen","og_url":"https:\/\/bien-etreiris.ch\/de\/produktpraesentation\/aromatherapie\/selbst-herstellen\/rohstoffe\/feuchthaltemittel\/glyzerine\/","og_site_name":"WOHLBEFINDEN","article_publisher":"https:\/\/www.facebook.com\/bienetreiris\/","article_modified_time":"2023-02-09T15:44:55+00:00","og_image":[{"width":500,"height":333,"url":"https:\/\/bien-etreiris.ch\/wp-content\/uploads\/2023\/02\/Glycerine.jpg","type":"image\/jpeg"}],"twitter_misc":{"Gesch\u00e4tzte Lesezeit":"4\u00a0Minuten"},"schema":{"@context":"https:\/\/schema.org","@graph":[{"@type":"WebPage","@id":"https:\/\/bien-etreiris.ch\/de\/produktpraesentation\/aromatherapie\/selbst-herstellen\/rohstoffe\/feuchthaltemittel\/glyzerine\/","url":"https:\/\/bien-etreiris.ch\/de\/produktpraesentation\/aromatherapie\/selbst-herstellen\/rohstoffe\/feuchthaltemittel\/glyzerine\/","name":"GLYZERIN - WOHLBEFINDEN","isPartOf":{"@id":"https:\/\/bien-etreiris.ch\/de\/#website"},"primaryImageOfPage":{"@id":"https:\/\/bien-etreiris.ch\/de\/produktpraesentation\/aromatherapie\/selbst-herstellen\/rohstoffe\/feuchthaltemittel\/glyzerine\/#primaryimage"},"image":{"@id":"https:\/\/bien-etreiris.ch\/de\/produktpraesentation\/aromatherapie\/selbst-herstellen\/rohstoffe\/feuchthaltemittel\/glyzerine\/#primaryimage"},"thumbnailUrl":"https:\/\/bien-etreiris.ch\/wp-content\/uploads\/2023\/02\/Glycerine.jpg","datePublished":"2023-02-09T15:38:37+00:00","dateModified":"2023-02-09T15:44:55+00:00","breadcrumb":{"@id":"https:\/\/bien-etreiris.ch\/de\/produktpraesentation\/aromatherapie\/selbst-herstellen\/rohstoffe\/feuchthaltemittel\/glyzerine\/#breadcrumb"},"inLanguage":"de","potentialAction":[{"@type":"ReadAction","target":["https:\/\/bien-etreiris.ch\/de\/produktpraesentation\/aromatherapie\/selbst-herstellen\/rohstoffe\/feuchthaltemittel\/glyzerine\/"]}]},{"@type":"ImageObject","inLanguage":"de","@id":"https:\/\/bien-etreiris.ch\/de\/produktpraesentation\/aromatherapie\/selbst-herstellen\/rohstoffe\/feuchthaltemittel\/glyzerine\/#primaryimage","url":"https:\/\/bien-etreiris.ch\/wp-content\/uploads\/2023\/02\/Glycerine.jpg","contentUrl":"https:\/\/bien-etreiris.ch\/wp-content\/uploads\/2023\/02\/Glycerine.jpg","width":500,"height":333},{"@type":"BreadcrumbList","@id":"https:\/\/bien-etreiris.ch\/de\/produktpraesentation\/aromatherapie\/selbst-herstellen\/rohstoffe\/feuchthaltemittel\/glyzerine\/#breadcrumb","itemListElement":[{"@type":"ListItem","position":1,"name":"Home","item":"https:\/\/bien-etreiris.ch\/de\/"},{"@type":"ListItem","position":2,"name":"PRODUKTPR\u00c4SENTATION","item":"https:\/\/bien-etreiris.ch\/de\/produktpraesentation\/"},{"@type":"ListItem","position":3,"name":"AROMATHERAPIE","item":"https:\/\/bien-etreiris.ch\/de\/produktpraesentation\/aromatherapie\/"},{"@type":"ListItem","position":4,"name":"SELBST HERSTELLEN&#8230;","item":"https:\/\/bien-etreiris.ch\/de\/produktpraesentation\/aromatherapie\/selbst-herstellen\/"},{"@type":"ListItem","position":5,"name":"ROHSTOFFE","item":"https:\/\/bien-etreiris.ch\/de\/produktpraesentation\/aromatherapie\/selbst-herstellen\/rohstoffe\/"},{"@type":"ListItem","position":6,"name":"FEUCHTHALTEMITTEL","item":"https:\/\/bien-etreiris.ch\/de\/produktpraesentation\/aromatherapie\/selbst-herstellen\/rohstoffe\/feuchthaltemittel\/"},{"@type":"ListItem","position":7,"name":"GLYZERIN"}]},{"@type":"WebSite","@id":"https:\/\/bien-etreiris.ch\/de\/#website","url":"https:\/\/bien-etreiris.ch\/de\/","name":"Bien-\u00eatre Iris","description":"IHRE Gesundheit ist uns wichtig","potentialAction":[{"@type":"SearchAction","target":{"@type":"EntryPoint","urlTemplate":"https:\/\/bien-etreiris.ch\/de\/?s={search_term_string}"},"query-input":{"@type":"PropertyValueSpecification","valueRequired":true,"valueName":"search_term_string"}}],"inLanguage":"de"}]}},"_links":{"self":[{"href":"https:\/\/bien-etreiris.ch\/de\/wp-json\/wp\/v2\/pages\/66636","targetHints":{"allow":["GET"]}}],"collection":[{"href":"https:\/\/bien-etreiris.ch\/de\/wp-json\/wp\/v2\/pages"}],"about":[{"href":"https:\/\/bien-etreiris.ch\/de\/wp-json\/wp\/v2\/types\/page"}],"author":[{"embeddable":true,"href":"https:\/\/bien-etreiris.ch\/de\/wp-json\/wp\/v2\/users\/1"}],"replies":[{"embeddable":true,"href":"https:\/\/bien-etreiris.ch\/de\/wp-json\/wp\/v2\/comments?post=66636"}],"version-history":[{"count":2,"href":"https:\/\/bien-etreiris.ch\/de\/wp-json\/wp\/v2\/pages\/66636\/revisions"}],"predecessor-version":[{"id":66640,"href":"https:\/\/bien-etreiris.ch\/de\/wp-json\/wp\/v2\/pages\/66636\/revisions\/66640"}],"up":[{"embeddable":true,"href":"https:\/\/bien-etreiris.ch\/de\/wp-json\/wp\/v2\/pages\/38207"}],"wp:featuredmedia":[{"embeddable":true,"href":"https:\/\/bien-etreiris.ch\/de\/wp-json\/wp\/v2\/media\/66633"}],"wp:attachment":[{"href":"https:\/\/bien-etreiris.ch\/de\/wp-json\/wp\/v2\/media?parent=66636"}],"curies":[{"name":"wp","href":"https:\/\/api.w.org\/{rel}","templated":true}]}}