{"id":66603,"date":"2023-02-09T16:33:20","date_gmt":"2023-02-09T14:33:20","guid":{"rendered":"https:\/\/bien-etreiris.ch\/produktpraesentation\/aromatherapie\/selbst-herstellen\/rohstoffe\/active-zuatzstoffe\/eau-de-chaux\/"},"modified":"2023-02-09T16:33:39","modified_gmt":"2023-02-09T14:33:39","slug":"eau-de-chaux","status":"publish","type":"page","link":"https:\/\/bien-etreiris.ch\/de\/produktpraesentation\/aromatherapie\/selbst-herstellen\/rohstoffe\/active-zuatzstoffe\/eau-de-chaux\/","title":{"rendered":"EAU DE CHAUX"},"content":{"rendered":"\n\n\n<h2>Eau de chaux<\/h2>\n<h3>&nbsp;<\/h3>\n<h3><a href=\"https:\/\/bien-etreiris.ch\/wp-content\/uploads\/2023\/02\/Eau-de-chaux.jpg\"><img loading=\"lazy\" decoding=\"async\" class=\"wp-image-66581 alignleft\" src=\"https:\/\/bien-etreiris.ch\/wp-content\/uploads\/2023\/02\/Eau-de-chaux.jpg\" alt=\"\" width=\"183\" height=\"416\"><\/a><\/h3>\n<h3>&nbsp;<\/h3>\n<h3>&nbsp;<\/h3>\n<p>&nbsp;<\/p>\n<p>&nbsp;<\/p>\n<p>&nbsp;<\/p>\n<p>&nbsp; 500 ml <strong>CHF 5.30<\/strong><\/p>\n<p>1000 ml <strong>CHF 9.90<\/strong><\/p>\n<p>&nbsp;<\/p>\n<p>&nbsp;<\/p>\n<p>&nbsp;<\/p>\n<h3>&nbsp;<\/h3>\n<h3>Eau de Chaux <\/h3>\n<p>Solution aqueuse obtenue par saturation d'eau et de chaux a\u00e9rienne.<br>C'est un produit de droguerie traditionnelle bien connu pour la fabrication de liniment (ol\u00e9o-calcaire) pour b\u00e9b\u00e9 ou de produit d\u00e9maquillant.<br>Le liniment est&nbsp;surtout employ\u00e9 pour nettoyer et prot\u00e9ger la peau du nourrisson.<\/p>\n<h4><br><br>Composition <\/h4>\n<p>Eau, Hydroxyde de calcium<\/p>\n<h4>&nbsp;<\/h4>\n<h4><br><br>Utilisation:<\/h4>\n<h4>Pr\u00e9paration du liniment <\/h4>\n<p>Recette 1. Faire un m\u00e9lange 50% eau de chaux 50% d'huile d'olive. Bien m\u00e9langer pour obtenir une mati\u00e8re bien homog\u00e8ne.<\/p>\n<p>Recette 2. Faire un m\u00e9lange 49 % d'eau de chaux, 49 % d'huile d'olive (ou mac\u00e9rat de calendula) et 2 % de cire d'abeille Suisse.<\/p>\n<p>Faire chauffer s\u00e9parement, en m\u00eame temps, dans un bol l'huile v\u00e9g\u00e9tale et la cire d'abeille puis dans un autre l'eau de chaux. Une fois la cire d'abeille fondu, verser l'eaux de chaux dans l'huile v\u00e9g\u00e9tale puis bien m\u00e9langer. Transferer dans un flacon. C'est termin\u00e9.<\/p>\n<p>&nbsp;<\/p>\n<h4>Stockage<\/h4>\n<p>l'eau de chaux, en tant que solution calcaire, se carbonate facilement. Elle doit ainsi \u00eatre conserv\u00e9e \u00e0 l'abri de l'air ambiant.<\/p>\n<p>&nbsp;<\/p>\n<h4><br>Pr\u00e9cautions<\/h4>\n<p>l'eau de chaux est un produit basique pouvant provoquer des irritations. Il est important de la manipuler avec pr\u00e9caution et de pr\u00e9f\u00e9rence avec des gants et lunettes de protection. Ce produit doit \u00eatre absolument tenu hors de port\u00e9e des enfants. &nbsp;En cas de contact avec la peau, le mieux semble de faire couler de l'eau durant quelques minutes sur cette derni\u00e8re. Ne jamais m\u00e9langer une solution d'eau de chaux avec une solution acide.<\/p>\n","protected":false},"excerpt":{"rendered":"<p>Eau de chaux &nbsp; &nbsp; &nbsp; &nbsp; &nbsp; &nbsp; &nbsp; 500 ml CHF 5.30 1000 ml CHF 9.90 &nbsp; &nbsp; &nbsp; &nbsp; Eau de Chaux Solution aqueuse obtenue par saturation d'eau et de chaux a\u00e9rienne.C'est un produit de droguerie traditionnelle bien connu pour la fabrication de liniment (ol\u00e9o-calcaire) pour b\u00e9b\u00e9 ou de produit d\u00e9maquillant.Le liniment est&nbsp;surtout employ\u00e9 pour nettoyer et&nbsp;<a href=\"https:\/\/bien-etreiris.ch\/de\/produktpraesentation\/aromatherapie\/selbst-herstellen\/rohstoffe\/active-zuatzstoffe\/eau-de-chaux\/\" class=\"read-more\">Weiter lesen<\/a><\/p>\n","protected":false},"author":1,"featured_media":66586,"parent":52034,"menu_order":3892,"comment_status":"closed","ping_status":"closed","template":"page-with-child.php","meta":{"_acf_changed":false,"ngg_post_thumbnail":0,"footnotes":""},"class_list":["post-66603","page","type-page","status-publish","has-post-thumbnail","hentry"],"acf":[],"yoast_head":"<!-- This site is optimized with the Yoast SEO plugin v27.6 - https:\/\/yoast.com\/product\/yoast-seo-wordpress\/ -->\n<title>EAU DE CHAUX - WOHLBEFINDEN<\/title>\n<meta name=\"robots\" content=\"index, follow, max-snippet:-1, max-image-preview:large, max-video-preview:-1\" \/>\n<link rel=\"canonical\" href=\"https:\/\/bien-etreiris.ch\/de\/produktpraesentation\/aromatherapie\/selbst-herstellen\/rohstoffe\/active-zuatzstoffe\/eau-de-chaux\/\" \/>\n<meta property=\"og:locale\" content=\"de_DE\" \/>\n<meta property=\"og:type\" content=\"article\" \/>\n<meta property=\"og:title\" content=\"EAU DE CHAUX - WOHLBEFINDEN\" \/>\n<meta property=\"og:description\" content=\"Eau de chaux &nbsp; &nbsp; &nbsp; &nbsp; &nbsp; &nbsp; &nbsp; 500 ml CHF 5.30 1000 ml CHF 9.90 &nbsp; &nbsp; &nbsp; &nbsp; Eau de Chaux Solution aqueuse obtenue par saturation d&#039;eau et de chaux a\u00e9rienne.C&#039;est un produit de droguerie traditionnelle bien connu pour la fabrication de liniment (ol\u00e9o-calcaire) pour b\u00e9b\u00e9 ou de produit d\u00e9maquillant.Le liniment est&nbsp;surtout employ\u00e9 pour nettoyer et&nbsp;Weiter lesen\" \/>\n<meta property=\"og:url\" content=\"https:\/\/bien-etreiris.ch\/de\/produktpraesentation\/aromatherapie\/selbst-herstellen\/rohstoffe\/active-zuatzstoffe\/eau-de-chaux\/\" \/>\n<meta property=\"og:site_name\" content=\"WOHLBEFINDEN\" \/>\n<meta property=\"article:publisher\" content=\"https:\/\/www.facebook.com\/bienetreiris\/\" \/>\n<meta property=\"article:modified_time\" content=\"2023-02-09T14:33:39+00:00\" \/>\n<meta property=\"og:image\" content=\"https:\/\/bien-etreiris.ch\/wp-content\/uploads\/2023\/02\/Calciumhydroxid.jpg\" \/>\n\t<meta property=\"og:image:width\" content=\"500\" \/>\n\t<meta property=\"og:image:height\" content=\"333\" \/>\n\t<meta property=\"og:image:type\" content=\"image\/jpeg\" \/>\n<meta name=\"twitter:label1\" content=\"Gesch\u00e4tzte Lesezeit\" \/>\n\t<meta name=\"twitter:data1\" content=\"2\u00a0Minuten\" \/>\n<script type=\"application\/ld+json\" class=\"yoast-schema-graph\">{\"@context\":\"https:\\\/\\\/schema.org\",\"@graph\":[{\"@type\":\"WebPage\",\"@id\":\"https:\\\/\\\/bien-etreiris.ch\\\/de\\\/produktpraesentation\\\/aromatherapie\\\/selbst-herstellen\\\/rohstoffe\\\/active-zuatzstoffe\\\/eau-de-chaux\\\/\",\"url\":\"https:\\\/\\\/bien-etreiris.ch\\\/de\\\/produktpraesentation\\\/aromatherapie\\\/selbst-herstellen\\\/rohstoffe\\\/active-zuatzstoffe\\\/eau-de-chaux\\\/\",\"name\":\"EAU DE CHAUX - WOHLBEFINDEN\",\"isPartOf\":{\"@id\":\"https:\\\/\\\/bien-etreiris.ch\\\/de\\\/#website\"},\"primaryImageOfPage\":{\"@id\":\"https:\\\/\\\/bien-etreiris.ch\\\/de\\\/produktpraesentation\\\/aromatherapie\\\/selbst-herstellen\\\/rohstoffe\\\/active-zuatzstoffe\\\/eau-de-chaux\\\/#primaryimage\"},\"image\":{\"@id\":\"https:\\\/\\\/bien-etreiris.ch\\\/de\\\/produktpraesentation\\\/aromatherapie\\\/selbst-herstellen\\\/rohstoffe\\\/active-zuatzstoffe\\\/eau-de-chaux\\\/#primaryimage\"},\"thumbnailUrl\":\"https:\\\/\\\/bien-etreiris.ch\\\/wp-content\\\/uploads\\\/2023\\\/02\\\/Calciumhydroxid.jpg\",\"datePublished\":\"2023-02-09T14:33:20+00:00\",\"dateModified\":\"2023-02-09T14:33:39+00:00\",\"breadcrumb\":{\"@id\":\"https:\\\/\\\/bien-etreiris.ch\\\/de\\\/produktpraesentation\\\/aromatherapie\\\/selbst-herstellen\\\/rohstoffe\\\/active-zuatzstoffe\\\/eau-de-chaux\\\/#breadcrumb\"},\"inLanguage\":\"de\",\"potentialAction\":[{\"@type\":\"ReadAction\",\"target\":[\"https:\\\/\\\/bien-etreiris.ch\\\/de\\\/produktpraesentation\\\/aromatherapie\\\/selbst-herstellen\\\/rohstoffe\\\/active-zuatzstoffe\\\/eau-de-chaux\\\/\"]}]},{\"@type\":\"ImageObject\",\"inLanguage\":\"de\",\"@id\":\"https:\\\/\\\/bien-etreiris.ch\\\/de\\\/produktpraesentation\\\/aromatherapie\\\/selbst-herstellen\\\/rohstoffe\\\/active-zuatzstoffe\\\/eau-de-chaux\\\/#primaryimage\",\"url\":\"https:\\\/\\\/bien-etreiris.ch\\\/wp-content\\\/uploads\\\/2023\\\/02\\\/Calciumhydroxid.jpg\",\"contentUrl\":\"https:\\\/\\\/bien-etreiris.ch\\\/wp-content\\\/uploads\\\/2023\\\/02\\\/Calciumhydroxid.jpg\",\"width\":500,\"height\":333},{\"@type\":\"BreadcrumbList\",\"@id\":\"https:\\\/\\\/bien-etreiris.ch\\\/de\\\/produktpraesentation\\\/aromatherapie\\\/selbst-herstellen\\\/rohstoffe\\\/active-zuatzstoffe\\\/eau-de-chaux\\\/#breadcrumb\",\"itemListElement\":[{\"@type\":\"ListItem\",\"position\":1,\"name\":\"Home\",\"item\":\"https:\\\/\\\/bien-etreiris.ch\\\/de\\\/\"},{\"@type\":\"ListItem\",\"position\":2,\"name\":\"PRODUKTPR\u00c4SENTATION\",\"item\":\"https:\\\/\\\/bien-etreiris.ch\\\/de\\\/produktpraesentation\\\/\"},{\"@type\":\"ListItem\",\"position\":3,\"name\":\"AROMATHERAPIE\",\"item\":\"https:\\\/\\\/bien-etreiris.ch\\\/de\\\/produktpraesentation\\\/aromatherapie\\\/\"},{\"@type\":\"ListItem\",\"position\":4,\"name\":\"SELBST HERSTELLEN&#8230;\",\"item\":\"https:\\\/\\\/bien-etreiris.ch\\\/de\\\/produktpraesentation\\\/aromatherapie\\\/selbst-herstellen\\\/\"},{\"@type\":\"ListItem\",\"position\":5,\"name\":\"ROHSTOFFE\",\"item\":\"https:\\\/\\\/bien-etreiris.ch\\\/de\\\/produktpraesentation\\\/aromatherapie\\\/selbst-herstellen\\\/rohstoffe\\\/\"},{\"@type\":\"ListItem\",\"position\":6,\"name\":\"AKTIVE ZUSATZSTOFFE\",\"item\":\"https:\\\/\\\/bien-etreiris.ch\\\/de\\\/produktpraesentation\\\/aromatherapie\\\/selbst-herstellen\\\/rohstoffe\\\/active-zuatzstoffe\\\/\"},{\"@type\":\"ListItem\",\"position\":7,\"name\":\"EAU DE CHAUX\"}]},{\"@type\":\"WebSite\",\"@id\":\"https:\\\/\\\/bien-etreiris.ch\\\/de\\\/#website\",\"url\":\"https:\\\/\\\/bien-etreiris.ch\\\/de\\\/\",\"name\":\"Bien-\u00eatre Iris\",\"description\":\"IHRE Gesundheit ist uns wichtig\",\"potentialAction\":[{\"@type\":\"SearchAction\",\"target\":{\"@type\":\"EntryPoint\",\"urlTemplate\":\"https:\\\/\\\/bien-etreiris.ch\\\/de\\\/?s={search_term_string}\"},\"query-input\":{\"@type\":\"PropertyValueSpecification\",\"valueRequired\":true,\"valueName\":\"search_term_string\"}}],\"inLanguage\":\"de\"}]}<\/script>\n<!-- \/ Yoast SEO plugin. -->","yoast_head_json":{"title":"EAU DE CHAUX - WOHLBEFINDEN","robots":{"index":"index","follow":"follow","max-snippet":"max-snippet:-1","max-image-preview":"max-image-preview:large","max-video-preview":"max-video-preview:-1"},"canonical":"https:\/\/bien-etreiris.ch\/de\/produktpraesentation\/aromatherapie\/selbst-herstellen\/rohstoffe\/active-zuatzstoffe\/eau-de-chaux\/","og_locale":"de_DE","og_type":"article","og_title":"EAU DE CHAUX - WOHLBEFINDEN","og_description":"Eau de chaux &nbsp; &nbsp; &nbsp; &nbsp; &nbsp; &nbsp; &nbsp; 500 ml CHF 5.30 1000 ml CHF 9.90 &nbsp; &nbsp; &nbsp; &nbsp; Eau de Chaux Solution aqueuse obtenue par saturation d'eau et de chaux a\u00e9rienne.C'est un produit de droguerie traditionnelle bien connu pour la fabrication de liniment (ol\u00e9o-calcaire) pour b\u00e9b\u00e9 ou de produit d\u00e9maquillant.Le liniment est&nbsp;surtout employ\u00e9 pour nettoyer et&nbsp;Weiter lesen","og_url":"https:\/\/bien-etreiris.ch\/de\/produktpraesentation\/aromatherapie\/selbst-herstellen\/rohstoffe\/active-zuatzstoffe\/eau-de-chaux\/","og_site_name":"WOHLBEFINDEN","article_publisher":"https:\/\/www.facebook.com\/bienetreiris\/","article_modified_time":"2023-02-09T14:33:39+00:00","og_image":[{"width":500,"height":333,"url":"https:\/\/bien-etreiris.ch\/wp-content\/uploads\/2023\/02\/Calciumhydroxid.jpg","type":"image\/jpeg"}],"twitter_misc":{"Gesch\u00e4tzte Lesezeit":"2\u00a0Minuten"},"schema":{"@context":"https:\/\/schema.org","@graph":[{"@type":"WebPage","@id":"https:\/\/bien-etreiris.ch\/de\/produktpraesentation\/aromatherapie\/selbst-herstellen\/rohstoffe\/active-zuatzstoffe\/eau-de-chaux\/","url":"https:\/\/bien-etreiris.ch\/de\/produktpraesentation\/aromatherapie\/selbst-herstellen\/rohstoffe\/active-zuatzstoffe\/eau-de-chaux\/","name":"EAU DE CHAUX - WOHLBEFINDEN","isPartOf":{"@id":"https:\/\/bien-etreiris.ch\/de\/#website"},"primaryImageOfPage":{"@id":"https:\/\/bien-etreiris.ch\/de\/produktpraesentation\/aromatherapie\/selbst-herstellen\/rohstoffe\/active-zuatzstoffe\/eau-de-chaux\/#primaryimage"},"image":{"@id":"https:\/\/bien-etreiris.ch\/de\/produktpraesentation\/aromatherapie\/selbst-herstellen\/rohstoffe\/active-zuatzstoffe\/eau-de-chaux\/#primaryimage"},"thumbnailUrl":"https:\/\/bien-etreiris.ch\/wp-content\/uploads\/2023\/02\/Calciumhydroxid.jpg","datePublished":"2023-02-09T14:33:20+00:00","dateModified":"2023-02-09T14:33:39+00:00","breadcrumb":{"@id":"https:\/\/bien-etreiris.ch\/de\/produktpraesentation\/aromatherapie\/selbst-herstellen\/rohstoffe\/active-zuatzstoffe\/eau-de-chaux\/#breadcrumb"},"inLanguage":"de","potentialAction":[{"@type":"ReadAction","target":["https:\/\/bien-etreiris.ch\/de\/produktpraesentation\/aromatherapie\/selbst-herstellen\/rohstoffe\/active-zuatzstoffe\/eau-de-chaux\/"]}]},{"@type":"ImageObject","inLanguage":"de","@id":"https:\/\/bien-etreiris.ch\/de\/produktpraesentation\/aromatherapie\/selbst-herstellen\/rohstoffe\/active-zuatzstoffe\/eau-de-chaux\/#primaryimage","url":"https:\/\/bien-etreiris.ch\/wp-content\/uploads\/2023\/02\/Calciumhydroxid.jpg","contentUrl":"https:\/\/bien-etreiris.ch\/wp-content\/uploads\/2023\/02\/Calciumhydroxid.jpg","width":500,"height":333},{"@type":"BreadcrumbList","@id":"https:\/\/bien-etreiris.ch\/de\/produktpraesentation\/aromatherapie\/selbst-herstellen\/rohstoffe\/active-zuatzstoffe\/eau-de-chaux\/#breadcrumb","itemListElement":[{"@type":"ListItem","position":1,"name":"Home","item":"https:\/\/bien-etreiris.ch\/de\/"},{"@type":"ListItem","position":2,"name":"PRODUKTPR\u00c4SENTATION","item":"https:\/\/bien-etreiris.ch\/de\/produktpraesentation\/"},{"@type":"ListItem","position":3,"name":"AROMATHERAPIE","item":"https:\/\/bien-etreiris.ch\/de\/produktpraesentation\/aromatherapie\/"},{"@type":"ListItem","position":4,"name":"SELBST HERSTELLEN&#8230;","item":"https:\/\/bien-etreiris.ch\/de\/produktpraesentation\/aromatherapie\/selbst-herstellen\/"},{"@type":"ListItem","position":5,"name":"ROHSTOFFE","item":"https:\/\/bien-etreiris.ch\/de\/produktpraesentation\/aromatherapie\/selbst-herstellen\/rohstoffe\/"},{"@type":"ListItem","position":6,"name":"AKTIVE ZUSATZSTOFFE","item":"https:\/\/bien-etreiris.ch\/de\/produktpraesentation\/aromatherapie\/selbst-herstellen\/rohstoffe\/active-zuatzstoffe\/"},{"@type":"ListItem","position":7,"name":"EAU DE CHAUX"}]},{"@type":"WebSite","@id":"https:\/\/bien-etreiris.ch\/de\/#website","url":"https:\/\/bien-etreiris.ch\/de\/","name":"Bien-\u00eatre Iris","description":"IHRE Gesundheit ist uns wichtig","potentialAction":[{"@type":"SearchAction","target":{"@type":"EntryPoint","urlTemplate":"https:\/\/bien-etreiris.ch\/de\/?s={search_term_string}"},"query-input":{"@type":"PropertyValueSpecification","valueRequired":true,"valueName":"search_term_string"}}],"inLanguage":"de"}]}},"_links":{"self":[{"href":"https:\/\/bien-etreiris.ch\/de\/wp-json\/wp\/v2\/pages\/66603","targetHints":{"allow":["GET"]}}],"collection":[{"href":"https:\/\/bien-etreiris.ch\/de\/wp-json\/wp\/v2\/pages"}],"about":[{"href":"https:\/\/bien-etreiris.ch\/de\/wp-json\/wp\/v2\/types\/page"}],"author":[{"embeddable":true,"href":"https:\/\/bien-etreiris.ch\/de\/wp-json\/wp\/v2\/users\/1"}],"replies":[{"embeddable":true,"href":"https:\/\/bien-etreiris.ch\/de\/wp-json\/wp\/v2\/comments?post=66603"}],"version-history":[{"count":1,"href":"https:\/\/bien-etreiris.ch\/de\/wp-json\/wp\/v2\/pages\/66603\/revisions"}],"predecessor-version":[{"id":66605,"href":"https:\/\/bien-etreiris.ch\/de\/wp-json\/wp\/v2\/pages\/66603\/revisions\/66605"}],"up":[{"embeddable":true,"href":"https:\/\/bien-etreiris.ch\/de\/wp-json\/wp\/v2\/pages\/52034"}],"wp:featuredmedia":[{"embeddable":true,"href":"https:\/\/bien-etreiris.ch\/de\/wp-json\/wp\/v2\/media\/66586"}],"wp:attachment":[{"href":"https:\/\/bien-etreiris.ch\/de\/wp-json\/wp\/v2\/media?parent=66603"}],"curies":[{"name":"wp","href":"https:\/\/api.w.org\/{rel}","templated":true}]}}