{"id":66399,"date":"2023-02-07T10:50:10","date_gmt":"2023-02-07T08:50:10","guid":{"rendered":"https:\/\/bien-etreiris.ch\/produktpraesentation\/gesundes-leben\/gesunde-lebensmittel\/zutaten-wohlbefinden\/zuckeralternativen\/weniger-insulin\/d-galactose\/"},"modified":"2023-02-07T11:43:01","modified_gmt":"2023-02-07T09:43:01","slug":"d-galactose","status":"publish","type":"page","link":"https:\/\/bien-etreiris.ch\/de\/produktpraesentation\/gesundes-leben\/gesunde-lebensmittel\/zutaten-wohlbefinden\/zuckeralternativen\/weniger-insulin\/d-galactose\/","title":{"rendered":"D-GALACTOSE"},"content":{"rendered":"\n<h2>D-Galactose<\/h2>\n<p><a href=\"https:\/\/bien-etreiris.ch\/wp-content\/uploads\/2023\/02\/D-Galactose-1.jpg\"><img loading=\"lazy\" decoding=\"async\" class=\"wp-image-66358 alignleft\" src=\"https:\/\/bien-etreiris.ch\/wp-content\/uploads\/2023\/02\/D-Galactose-1.jpg\" alt=\"\" width=\"301\" height=\"526\" srcset=\"https:\/\/bien-etreiris.ch\/wp-content\/uploads\/2023\/02\/D-Galactose-1.jpg 663w, https:\/\/bien-etreiris.ch\/wp-content\/uploads\/2023\/02\/D-Galactose-1-172x300.jpg 172w, https:\/\/bien-etreiris.ch\/wp-content\/uploads\/2023\/02\/D-Galactose-1-586x1024.jpg 586w\" sizes=\"auto, (max-width: 301px) 100vw, 301px\" \/><\/a><\/p>\n<p>&nbsp;<\/p>\n<p>&nbsp;<\/p>\n<p>&nbsp;<\/p>\n<p>&nbsp;<\/p>\n<p>&nbsp;<\/p>\n<p>&nbsp;<\/p>\n<p>&nbsp;<\/p>\n<p>&nbsp;<\/p>\n<ul style=\"list-style-type: disc;\">\n<li>Nat\u00fcrlicher Einfachzucker<\/li>\n<li>D-Galactose &gt;98% hochrein<\/li>\n<li>N\u00e4hrwert: 17 kJ\/1 g<\/li>\n<li>Beste Qualit\u00e4t.<\/li>\n<\/ul>\n<p>&nbsp;<\/p>\n<p>200g im Glas<strong> CHF 29.90<\/strong><\/p>\n<p>Nachf\u00fcllung&nbsp; 10 g <strong>CHF 1.10<\/strong><\/p>\n<p>&nbsp;<\/p>\n<p>&nbsp;<\/p>\n<p>&nbsp;<\/p>\n<p><a href=\"https:\/\/bien-etreiris.ch\/wp-content\/uploads\/2023\/02\/D-Galactose-DE.jpg\"><img loading=\"lazy\" decoding=\"async\" class=\"alignnone  wp-image-66405\" src=\"https:\/\/bien-etreiris.ch\/wp-content\/uploads\/2023\/02\/D-Galactose-DE.jpg\" alt=\"\" width=\"624\" height=\"288\" srcset=\"https:\/\/bien-etreiris.ch\/wp-content\/uploads\/2023\/02\/D-Galactose-DE.jpg 1535w, https:\/\/bien-etreiris.ch\/wp-content\/uploads\/2023\/02\/D-Galactose-DE-300x139.jpg 300w, https:\/\/bien-etreiris.ch\/wp-content\/uploads\/2023\/02\/D-Galactose-DE-1024x473.jpg 1024w, https:\/\/bien-etreiris.ch\/wp-content\/uploads\/2023\/02\/D-Galactose-DE-768x355.jpg 768w\" sizes=\"auto, (max-width: 624px) 100vw, 624px\" \/><\/a><\/p>\n<p>&nbsp;<\/p>\n<p>&nbsp;<\/p>\n<p>&nbsp;<\/p>\n<h2>Beschreibung<\/h2>\n<h4><br>Was ist D-Galactose Vita?<\/h4>\n<p>D-Galactose ist ein nat\u00fcrlicher Einfachzucker, welcher in der Natur vor allem als Bestandteil des Milchzuckers (Laktose) vorkommt. Bereits mit der Muttermilch nehmen wir D-Galactose in dieser Form auf, sp\u00e4ter dann in Form von Milchprodukten bzw. in kleinen Mengen auch \u00fcber Gem\u00fcse und Obst.<\/p>\n<p>Unserem K\u00f6rper dient Galactose sowohl als Energielieferant als auch als wichtiger Baustein f\u00fcr den Aufbau von speziellen Zellstrukturen. Wegen der insulinunabh\u00e4ngigen zellul\u00e4ren Aufnahme von D-Galactose hat sie nur geringe Wirkung auf den Blutzuckerspiegel. Der glyk\u00e4mische Index von D-Galactose liegt bei 20 (Glucose=100). Bereits in den 1930er Jahren behandelten \u00c4rzte der Berliner Charit\u00e9 Diabetespatienten deshalb erfolgreich mit D-Galactose als Zuckerersatz.<br>Galactose wird im K\u00f6rper auch f\u00fcr die Produktion von Glycoproteinen und die Entgiftung von Ammoniak verwendet. Daher wird D-Galactose als Nahrungserg\u00e4nzung im Sport w\u00e4hrend oder nach dem Training eingesetzt. W\u00e4hrend des Trainings bildet sich kontinuierlich Ammoniak, was mit einem Leistungsabfall einhergeht. Durch die Einnahme von D-Galactose wird das Toxin schneller aus der Zelle transportiert und der Muskel bleibt so leistungsf\u00e4higer und kann sich ebenfalls besser erholen.<\/p>\n<p>Zur Herstellung: Die D-(+)Galactose ist ein Destillat aus Molke und Milchzucker. Sie ist von Konsistenz und Aussehen mit Puderzucker vergleichbar. Sie schmeckt angenehm s\u00fc\u00df und l\u00e4sst sich gut in Wasser oder Tee aufl\u00f6sen.<\/p>\n<h4>Quelle: Wikipedia<\/h4>\n<p>Der N\u00e4hrwert betr\u00e4gt 17 kJ\/1 g.<\/p>\n<h4>Zutaten:<\/h4>\n<p>D- (+) Galactose (&gt; 98 % hochrein) Galactose ist ein Monosaccharid, das in Molke vorkommt und Bestandteil von Milchzucker ist.<\/p>\n<h4>Herkunft:<\/h4>\n<p>Italien<\/p>\n<h4><br>Verzehrsempfehlung:<\/h4>\n<p>Verzehren Sie t\u00e4glich 4 g in ein Glas Wasser einger\u00fchrt (Messl\u00f6ffel innenliegend). 4g entsprechen 5 Messl\u00f6ffel Pulver.<\/p>\n<h4><br><span style=\"color: #ff0000;\">Zusatzinformationen:<\/span><\/h4>\n<p>Kein Verzehr durch Patienten mit Galactose\u00e4mie oder bei Schwangerschaft.<\/p>\n<h4><br>Hinweise:<\/h4>\n<p>Die angegebene empfohlene t\u00e4gliche Verzehrsmenge darf nicht \u00fcberschritten werden. Nahrungserg\u00e4nzungsmittel sollten nicht als Ersatz f\u00fcr eine ausgewogene und abwechslungsreiche Ern\u00e4hrung und f\u00fcr eine gesunde Lebensweise verwendet werden. Bitte lagern Sie das Produkt k\u00fchl, trocken und dunkel. Au\u00dferhalb der Reichweite von kleinen Kindern aufbewahren.<\/p>\n<p>&nbsp;<\/p>\n<p>&nbsp;<\/p>\n","protected":false},"excerpt":{"rendered":"<p>D-Galactose &nbsp; &nbsp; &nbsp; &nbsp; &nbsp; &nbsp; &nbsp; &nbsp; Nat\u00fcrlicher Einfachzucker D-Galactose &gt;98% hochrein N\u00e4hrwert: 17 kJ\/1 g Beste Qualit\u00e4t. &nbsp; 200g im Glas CHF 29.90 Nachf\u00fcllung&nbsp; 10 g CHF 1.10 &nbsp; &nbsp; &nbsp; &nbsp; &nbsp; &nbsp; Beschreibung Was ist D-Galactose Vita? D-Galactose ist ein nat\u00fcrlicher Einfachzucker, welcher in der Natur vor allem als Bestandteil des Milchzuckers (Laktose) vorkommt. Bereits&nbsp;<a href=\"https:\/\/bien-etreiris.ch\/de\/produktpraesentation\/gesundes-leben\/gesunde-lebensmittel\/zutaten-wohlbefinden\/zuckeralternativen\/weniger-insulin\/d-galactose\/\" class=\"read-more\">Weiter lesen<\/a><\/p>\n","protected":false},"author":1,"featured_media":66363,"parent":66317,"menu_order":3891,"comment_status":"closed","ping_status":"closed","template":"page-with-child.php","meta":{"_acf_changed":false,"ngg_post_thumbnail":0,"footnotes":""},"class_list":["post-66399","page","type-page","status-publish","has-post-thumbnail","hentry"],"acf":[],"yoast_head":"<!-- This site is optimized with the Yoast SEO plugin v27.4 - https:\/\/yoast.com\/product\/yoast-seo-wordpress\/ -->\n<title>D-GALACTOSE - WOHLBEFINDEN<\/title>\n<meta name=\"robots\" content=\"index, follow, max-snippet:-1, max-image-preview:large, max-video-preview:-1\" \/>\n<link rel=\"canonical\" href=\"https:\/\/bien-etreiris.ch\/de\/produktpraesentation\/gesundes-leben\/gesunde-lebensmittel\/zutaten-wohlbefinden\/zuckeralternativen\/weniger-insulin\/d-galactose\/\" \/>\n<meta property=\"og:locale\" content=\"de_DE\" \/>\n<meta property=\"og:type\" content=\"article\" \/>\n<meta property=\"og:title\" content=\"D-GALACTOSE - WOHLBEFINDEN\" \/>\n<meta property=\"og:description\" content=\"D-Galactose &nbsp; &nbsp; &nbsp; &nbsp; &nbsp; &nbsp; &nbsp; &nbsp; Nat\u00fcrlicher Einfachzucker D-Galactose &gt;98% hochrein N\u00e4hrwert: 17 kJ\/1 g Beste Qualit\u00e4t. &nbsp; 200g im Glas CHF 29.90 Nachf\u00fcllung&nbsp; 10 g CHF 1.10 &nbsp; &nbsp; &nbsp; &nbsp; &nbsp; &nbsp; Beschreibung Was ist D-Galactose Vita? D-Galactose ist ein nat\u00fcrlicher Einfachzucker, welcher in der Natur vor allem als Bestandteil des Milchzuckers (Laktose) vorkommt. Bereits&nbsp;Weiter lesen\" \/>\n<meta property=\"og:url\" content=\"https:\/\/bien-etreiris.ch\/de\/produktpraesentation\/gesundes-leben\/gesunde-lebensmittel\/zutaten-wohlbefinden\/zuckeralternativen\/weniger-insulin\/d-galactose\/\" \/>\n<meta property=\"og:site_name\" content=\"WOHLBEFINDEN\" \/>\n<meta property=\"article:publisher\" content=\"https:\/\/www.facebook.com\/bienetreiris\/\" \/>\n<meta property=\"article:modified_time\" content=\"2023-02-07T09:43:01+00:00\" \/>\n<meta property=\"og:image\" content=\"https:\/\/bien-etreiris.ch\/wp-content\/uploads\/2023\/02\/Acceuil-D-Galactose.jpg\" \/>\n\t<meta property=\"og:image:width\" content=\"500\" \/>\n\t<meta property=\"og:image:height\" content=\"357\" \/>\n\t<meta property=\"og:image:type\" content=\"image\/jpeg\" \/>\n<meta name=\"twitter:label1\" content=\"Gesch\u00e4tzte Lesezeit\" \/>\n\t<meta name=\"twitter:data1\" content=\"3\u00a0Minuten\" \/>\n<script type=\"application\/ld+json\" class=\"yoast-schema-graph\">{\"@context\":\"https:\\\/\\\/schema.org\",\"@graph\":[{\"@type\":\"WebPage\",\"@id\":\"https:\\\/\\\/bien-etreiris.ch\\\/de\\\/produktpraesentation\\\/gesundes-leben\\\/gesunde-lebensmittel\\\/zutaten-wohlbefinden\\\/zuckeralternativen\\\/weniger-insulin\\\/d-galactose\\\/\",\"url\":\"https:\\\/\\\/bien-etreiris.ch\\\/de\\\/produktpraesentation\\\/gesundes-leben\\\/gesunde-lebensmittel\\\/zutaten-wohlbefinden\\\/zuckeralternativen\\\/weniger-insulin\\\/d-galactose\\\/\",\"name\":\"D-GALACTOSE - WOHLBEFINDEN\",\"isPartOf\":{\"@id\":\"https:\\\/\\\/bien-etreiris.ch\\\/de\\\/#website\"},\"primaryImageOfPage\":{\"@id\":\"https:\\\/\\\/bien-etreiris.ch\\\/de\\\/produktpraesentation\\\/gesundes-leben\\\/gesunde-lebensmittel\\\/zutaten-wohlbefinden\\\/zuckeralternativen\\\/weniger-insulin\\\/d-galactose\\\/#primaryimage\"},\"image\":{\"@id\":\"https:\\\/\\\/bien-etreiris.ch\\\/de\\\/produktpraesentation\\\/gesundes-leben\\\/gesunde-lebensmittel\\\/zutaten-wohlbefinden\\\/zuckeralternativen\\\/weniger-insulin\\\/d-galactose\\\/#primaryimage\"},\"thumbnailUrl\":\"https:\\\/\\\/bien-etreiris.ch\\\/wp-content\\\/uploads\\\/2023\\\/02\\\/Acceuil-D-Galactose.jpg\",\"datePublished\":\"2023-02-07T08:50:10+00:00\",\"dateModified\":\"2023-02-07T09:43:01+00:00\",\"breadcrumb\":{\"@id\":\"https:\\\/\\\/bien-etreiris.ch\\\/de\\\/produktpraesentation\\\/gesundes-leben\\\/gesunde-lebensmittel\\\/zutaten-wohlbefinden\\\/zuckeralternativen\\\/weniger-insulin\\\/d-galactose\\\/#breadcrumb\"},\"inLanguage\":\"de\",\"potentialAction\":[{\"@type\":\"ReadAction\",\"target\":[\"https:\\\/\\\/bien-etreiris.ch\\\/de\\\/produktpraesentation\\\/gesundes-leben\\\/gesunde-lebensmittel\\\/zutaten-wohlbefinden\\\/zuckeralternativen\\\/weniger-insulin\\\/d-galactose\\\/\"]}]},{\"@type\":\"ImageObject\",\"inLanguage\":\"de\",\"@id\":\"https:\\\/\\\/bien-etreiris.ch\\\/de\\\/produktpraesentation\\\/gesundes-leben\\\/gesunde-lebensmittel\\\/zutaten-wohlbefinden\\\/zuckeralternativen\\\/weniger-insulin\\\/d-galactose\\\/#primaryimage\",\"url\":\"https:\\\/\\\/bien-etreiris.ch\\\/wp-content\\\/uploads\\\/2023\\\/02\\\/Acceuil-D-Galactose.jpg\",\"contentUrl\":\"https:\\\/\\\/bien-etreiris.ch\\\/wp-content\\\/uploads\\\/2023\\\/02\\\/Acceuil-D-Galactose.jpg\",\"width\":500,\"height\":357},{\"@type\":\"BreadcrumbList\",\"@id\":\"https:\\\/\\\/bien-etreiris.ch\\\/de\\\/produktpraesentation\\\/gesundes-leben\\\/gesunde-lebensmittel\\\/zutaten-wohlbefinden\\\/zuckeralternativen\\\/weniger-insulin\\\/d-galactose\\\/#breadcrumb\",\"itemListElement\":[{\"@type\":\"ListItem\",\"position\":1,\"name\":\"Home\",\"item\":\"https:\\\/\\\/bien-etreiris.ch\\\/de\\\/\"},{\"@type\":\"ListItem\",\"position\":2,\"name\":\"PRODUKTPR\u00c4SENTATION\",\"item\":\"https:\\\/\\\/bien-etreiris.ch\\\/de\\\/produktpraesentation\\\/\"},{\"@type\":\"ListItem\",\"position\":3,\"name\":\"GESUNDES LEBEN\",\"item\":\"https:\\\/\\\/bien-etreiris.ch\\\/de\\\/produktpraesentation\\\/gesundes-leben\\\/\"},{\"@type\":\"ListItem\",\"position\":4,\"name\":\"GESUNDE LEBENSMITTEL\",\"item\":\"https:\\\/\\\/bien-etreiris.ch\\\/de\\\/produktpraesentation\\\/gesundes-leben\\\/gesunde-lebensmittel\\\/\"},{\"@type\":\"ListItem\",\"position\":5,\"name\":\"ZUTATEN\",\"item\":\"https:\\\/\\\/bien-etreiris.ch\\\/de\\\/produktpraesentation\\\/gesundes-leben\\\/gesunde-lebensmittel\\\/zutaten-wohlbefinden\\\/\"},{\"@type\":\"ListItem\",\"position\":6,\"name\":\"ZUCKERALTERNATIVEN\",\"item\":\"https:\\\/\\\/bien-etreiris.ch\\\/de\\\/produktpraesentation\\\/gesundes-leben\\\/gesunde-lebensmittel\\\/zutaten-wohlbefinden\\\/zuckeralternativen\\\/\"},{\"@type\":\"ListItem\",\"position\":7,\"name\":\"WENIGER INSULIN\",\"item\":\"https:\\\/\\\/bien-etreiris.ch\\\/de\\\/produktpraesentation\\\/gesundes-leben\\\/gesunde-lebensmittel\\\/zutaten-wohlbefinden\\\/zuckeralternativen\\\/weniger-insulin\\\/\"},{\"@type\":\"ListItem\",\"position\":8,\"name\":\"D-GALACTOSE\"}]},{\"@type\":\"WebSite\",\"@id\":\"https:\\\/\\\/bien-etreiris.ch\\\/de\\\/#website\",\"url\":\"https:\\\/\\\/bien-etreiris.ch\\\/de\\\/\",\"name\":\"Bien-\u00eatre Iris\",\"description\":\"IHRE Gesundheit ist uns wichtig\",\"potentialAction\":[{\"@type\":\"SearchAction\",\"target\":{\"@type\":\"EntryPoint\",\"urlTemplate\":\"https:\\\/\\\/bien-etreiris.ch\\\/de\\\/?s={search_term_string}\"},\"query-input\":{\"@type\":\"PropertyValueSpecification\",\"valueRequired\":true,\"valueName\":\"search_term_string\"}}],\"inLanguage\":\"de\"}]}<\/script>\n<!-- \/ Yoast SEO plugin. -->","yoast_head_json":{"title":"D-GALACTOSE - WOHLBEFINDEN","robots":{"index":"index","follow":"follow","max-snippet":"max-snippet:-1","max-image-preview":"max-image-preview:large","max-video-preview":"max-video-preview:-1"},"canonical":"https:\/\/bien-etreiris.ch\/de\/produktpraesentation\/gesundes-leben\/gesunde-lebensmittel\/zutaten-wohlbefinden\/zuckeralternativen\/weniger-insulin\/d-galactose\/","og_locale":"de_DE","og_type":"article","og_title":"D-GALACTOSE - WOHLBEFINDEN","og_description":"D-Galactose &nbsp; &nbsp; &nbsp; &nbsp; &nbsp; &nbsp; &nbsp; &nbsp; Nat\u00fcrlicher Einfachzucker D-Galactose &gt;98% hochrein N\u00e4hrwert: 17 kJ\/1 g Beste Qualit\u00e4t. &nbsp; 200g im Glas CHF 29.90 Nachf\u00fcllung&nbsp; 10 g CHF 1.10 &nbsp; &nbsp; &nbsp; &nbsp; &nbsp; &nbsp; Beschreibung Was ist D-Galactose Vita? D-Galactose ist ein nat\u00fcrlicher Einfachzucker, welcher in der Natur vor allem als Bestandteil des Milchzuckers (Laktose) vorkommt. Bereits&nbsp;Weiter lesen","og_url":"https:\/\/bien-etreiris.ch\/de\/produktpraesentation\/gesundes-leben\/gesunde-lebensmittel\/zutaten-wohlbefinden\/zuckeralternativen\/weniger-insulin\/d-galactose\/","og_site_name":"WOHLBEFINDEN","article_publisher":"https:\/\/www.facebook.com\/bienetreiris\/","article_modified_time":"2023-02-07T09:43:01+00:00","og_image":[{"width":500,"height":357,"url":"https:\/\/bien-etreiris.ch\/wp-content\/uploads\/2023\/02\/Acceuil-D-Galactose.jpg","type":"image\/jpeg"}],"twitter_misc":{"Gesch\u00e4tzte Lesezeit":"3\u00a0Minuten"},"schema":{"@context":"https:\/\/schema.org","@graph":[{"@type":"WebPage","@id":"https:\/\/bien-etreiris.ch\/de\/produktpraesentation\/gesundes-leben\/gesunde-lebensmittel\/zutaten-wohlbefinden\/zuckeralternativen\/weniger-insulin\/d-galactose\/","url":"https:\/\/bien-etreiris.ch\/de\/produktpraesentation\/gesundes-leben\/gesunde-lebensmittel\/zutaten-wohlbefinden\/zuckeralternativen\/weniger-insulin\/d-galactose\/","name":"D-GALACTOSE - WOHLBEFINDEN","isPartOf":{"@id":"https:\/\/bien-etreiris.ch\/de\/#website"},"primaryImageOfPage":{"@id":"https:\/\/bien-etreiris.ch\/de\/produktpraesentation\/gesundes-leben\/gesunde-lebensmittel\/zutaten-wohlbefinden\/zuckeralternativen\/weniger-insulin\/d-galactose\/#primaryimage"},"image":{"@id":"https:\/\/bien-etreiris.ch\/de\/produktpraesentation\/gesundes-leben\/gesunde-lebensmittel\/zutaten-wohlbefinden\/zuckeralternativen\/weniger-insulin\/d-galactose\/#primaryimage"},"thumbnailUrl":"https:\/\/bien-etreiris.ch\/wp-content\/uploads\/2023\/02\/Acceuil-D-Galactose.jpg","datePublished":"2023-02-07T08:50:10+00:00","dateModified":"2023-02-07T09:43:01+00:00","breadcrumb":{"@id":"https:\/\/bien-etreiris.ch\/de\/produktpraesentation\/gesundes-leben\/gesunde-lebensmittel\/zutaten-wohlbefinden\/zuckeralternativen\/weniger-insulin\/d-galactose\/#breadcrumb"},"inLanguage":"de","potentialAction":[{"@type":"ReadAction","target":["https:\/\/bien-etreiris.ch\/de\/produktpraesentation\/gesundes-leben\/gesunde-lebensmittel\/zutaten-wohlbefinden\/zuckeralternativen\/weniger-insulin\/d-galactose\/"]}]},{"@type":"ImageObject","inLanguage":"de","@id":"https:\/\/bien-etreiris.ch\/de\/produktpraesentation\/gesundes-leben\/gesunde-lebensmittel\/zutaten-wohlbefinden\/zuckeralternativen\/weniger-insulin\/d-galactose\/#primaryimage","url":"https:\/\/bien-etreiris.ch\/wp-content\/uploads\/2023\/02\/Acceuil-D-Galactose.jpg","contentUrl":"https:\/\/bien-etreiris.ch\/wp-content\/uploads\/2023\/02\/Acceuil-D-Galactose.jpg","width":500,"height":357},{"@type":"BreadcrumbList","@id":"https:\/\/bien-etreiris.ch\/de\/produktpraesentation\/gesundes-leben\/gesunde-lebensmittel\/zutaten-wohlbefinden\/zuckeralternativen\/weniger-insulin\/d-galactose\/#breadcrumb","itemListElement":[{"@type":"ListItem","position":1,"name":"Home","item":"https:\/\/bien-etreiris.ch\/de\/"},{"@type":"ListItem","position":2,"name":"PRODUKTPR\u00c4SENTATION","item":"https:\/\/bien-etreiris.ch\/de\/produktpraesentation\/"},{"@type":"ListItem","position":3,"name":"GESUNDES LEBEN","item":"https:\/\/bien-etreiris.ch\/de\/produktpraesentation\/gesundes-leben\/"},{"@type":"ListItem","position":4,"name":"GESUNDE LEBENSMITTEL","item":"https:\/\/bien-etreiris.ch\/de\/produktpraesentation\/gesundes-leben\/gesunde-lebensmittel\/"},{"@type":"ListItem","position":5,"name":"ZUTATEN","item":"https:\/\/bien-etreiris.ch\/de\/produktpraesentation\/gesundes-leben\/gesunde-lebensmittel\/zutaten-wohlbefinden\/"},{"@type":"ListItem","position":6,"name":"ZUCKERALTERNATIVEN","item":"https:\/\/bien-etreiris.ch\/de\/produktpraesentation\/gesundes-leben\/gesunde-lebensmittel\/zutaten-wohlbefinden\/zuckeralternativen\/"},{"@type":"ListItem","position":7,"name":"WENIGER INSULIN","item":"https:\/\/bien-etreiris.ch\/de\/produktpraesentation\/gesundes-leben\/gesunde-lebensmittel\/zutaten-wohlbefinden\/zuckeralternativen\/weniger-insulin\/"},{"@type":"ListItem","position":8,"name":"D-GALACTOSE"}]},{"@type":"WebSite","@id":"https:\/\/bien-etreiris.ch\/de\/#website","url":"https:\/\/bien-etreiris.ch\/de\/","name":"Bien-\u00eatre Iris","description":"IHRE Gesundheit ist uns wichtig","potentialAction":[{"@type":"SearchAction","target":{"@type":"EntryPoint","urlTemplate":"https:\/\/bien-etreiris.ch\/de\/?s={search_term_string}"},"query-input":{"@type":"PropertyValueSpecification","valueRequired":true,"valueName":"search_term_string"}}],"inLanguage":"de"}]}},"_links":{"self":[{"href":"https:\/\/bien-etreiris.ch\/de\/wp-json\/wp\/v2\/pages\/66399","targetHints":{"allow":["GET"]}}],"collection":[{"href":"https:\/\/bien-etreiris.ch\/de\/wp-json\/wp\/v2\/pages"}],"about":[{"href":"https:\/\/bien-etreiris.ch\/de\/wp-json\/wp\/v2\/types\/page"}],"author":[{"embeddable":true,"href":"https:\/\/bien-etreiris.ch\/de\/wp-json\/wp\/v2\/users\/1"}],"replies":[{"embeddable":true,"href":"https:\/\/bien-etreiris.ch\/de\/wp-json\/wp\/v2\/comments?post=66399"}],"version-history":[{"count":4,"href":"https:\/\/bien-etreiris.ch\/de\/wp-json\/wp\/v2\/pages\/66399\/revisions"}],"predecessor-version":[{"id":66414,"href":"https:\/\/bien-etreiris.ch\/de\/wp-json\/wp\/v2\/pages\/66399\/revisions\/66414"}],"up":[{"embeddable":true,"href":"https:\/\/bien-etreiris.ch\/de\/wp-json\/wp\/v2\/pages\/66317"}],"wp:featuredmedia":[{"embeddable":true,"href":"https:\/\/bien-etreiris.ch\/de\/wp-json\/wp\/v2\/media\/66363"}],"wp:attachment":[{"href":"https:\/\/bien-etreiris.ch\/de\/wp-json\/wp\/v2\/media?parent=66399"}],"curies":[{"name":"wp","href":"https:\/\/api.w.org\/{rel}","templated":true}]}}