{"id":66352,"date":"2023-02-07T10:33:47","date_gmt":"2023-02-07T08:33:47","guid":{"rendered":"https:\/\/bien-etreiris.ch\/?page_id=66352"},"modified":"2023-02-07T11:21:07","modified_gmt":"2023-02-07T09:21:07","slug":"d-ribose","status":"publish","type":"page","link":"https:\/\/bien-etreiris.ch\/de\/produktpraesentation\/gesundes-leben\/gesunde-lebensmittel\/zutaten-wohlbefinden\/zuckeralternativen\/weniger-insulin\/d-ribose\/","title":{"rendered":"D-RIBOSE"},"content":{"rendered":"\n<h2>D-Ripose<\/h2>\n<p>&nbsp;<\/p>\n<p><a href=\"https:\/\/bien-etreiris.ch\/wp-content\/uploads\/2023\/02\/D-Ribose.jpg\"><img loading=\"lazy\" decoding=\"async\" class=\"wp-image-66344 alignleft\" src=\"https:\/\/bien-etreiris.ch\/wp-content\/uploads\/2023\/02\/D-Ribose.jpg\" alt=\"\" width=\"289\" height=\"511\" srcset=\"https:\/\/bien-etreiris.ch\/wp-content\/uploads\/2023\/02\/D-Ribose.jpg 653w, https:\/\/bien-etreiris.ch\/wp-content\/uploads\/2023\/02\/D-Ribose-169x300.jpg 169w, https:\/\/bien-etreiris.ch\/wp-content\/uploads\/2023\/02\/D-Ribose-578x1024.jpg 578w\" sizes=\"auto, (max-width: 289px) 100vw, 289px\" \/><\/a><\/p>\n<p>&nbsp;<\/p>\n\n\n\n<p>&nbsp;<\/p>\n<p>&nbsp;<\/p>\n<p>&nbsp;<\/p>\n<p>&nbsp;<\/p>\n<ul style=\"list-style-type: disc;\">\n<li>Nat\u00fcrlicher Einfachzucker<\/li>\n<li>Aus Fermentation gewonnen<\/li>\n<li>In Pulverform<\/li>\n<li>Hochrein &gt;99%<\/li>\n<li>Abgef\u00fcllt in Deutschland<\/li>\n<li>Laborgepr\u00fcfte Qualit\u00e4t<\/li>\n<li>Ohne Zus\u00e4tze<\/li>\n<li>Ohne Konservierungsstoffe.<\/li>\n<\/ul>\n<p>&nbsp;<\/p>\n<p>160g Pulver im Glas <strong>CHF 14.10<\/strong><\/p>\n<p>Auff\u00fcllung&nbsp;<strong> 10 g CHF 0.80<\/strong><\/p>\n<p>&nbsp;<\/p>\n<p>&nbsp;<\/p>\n<p>&nbsp;<\/p>\n<p><a href=\"https:\/\/bien-etreiris.ch\/wp-content\/uploads\/2023\/02\/D-Ripose-DE.jpg\"><img loading=\"lazy\" decoding=\"async\" class=\"alignnone wp-image-66391 size-full\" src=\"https:\/\/bien-etreiris.ch\/wp-content\/uploads\/2023\/02\/D-Ripose-DE.jpg\" alt=\"\" width=\"1799\" height=\"833\" srcset=\"https:\/\/bien-etreiris.ch\/wp-content\/uploads\/2023\/02\/D-Ripose-DE.jpg 1799w, https:\/\/bien-etreiris.ch\/wp-content\/uploads\/2023\/02\/D-Ripose-DE-300x139.jpg 300w, https:\/\/bien-etreiris.ch\/wp-content\/uploads\/2023\/02\/D-Ripose-DE-1024x474.jpg 1024w, https:\/\/bien-etreiris.ch\/wp-content\/uploads\/2023\/02\/D-Ripose-DE-768x356.jpg 768w, https:\/\/bien-etreiris.ch\/wp-content\/uploads\/2023\/02\/D-Ripose-DE-1536x711.jpg 1536w\" sizes=\"auto, (max-width: 1799px) 100vw, 1799px\" \/><\/a><\/p>\n<p>&nbsp;<\/p>\n<h2><br>Beschreibung<\/h2>\n<p><br>Ribose ist ein nat\u00fcrlicher Einfachzucker (Monosaccharid), der in jeder K\u00f6rperzelle vorkommt und den Blutzuckerspiegel nicht steigen l\u00e4sst. Er spielt als Bestandteil von Adenosintriphosphat (ATP) eine besondere Rolle bei der Regulierung der Energiesynthese.<\/p>\n<p>Cellavita bietet Ihnen D-Ribose Pulver in bester Qualit\u00e4t mit einer Reinheit von mindestens &gt;99% an. Gewonnen wird die D-Ribose aus einer Fermentation. Sie ist ohne Zusatzstoffe und ohne Rieselhilfen, einfach rein.<\/p>\n<h4>Bei Wikipedia lesen wir:<\/h4>\n<p>Ribose ist ein Baustein der Nukleoside und Nukleotide. Ribosyl-Nukleosidphosphate spielen eine wichtige Rolle im Stoffwechsel von Zellen, beispielsweise als biologische Energietr\u00e4ger wie Adenosindiphosphat (ADP) und Adenosintriphosphat (ATP). Die Wirkung hormoneller und nerv\u00f6ser Signale in der Zelle kann durch cyclisches Adenosinmonophosphat (cAMP), das als sekund\u00e4rer Botenstoff dient, verst\u00e4rkt werden.<\/p>\n<p>Quelle:<a href=\"https:\/\/de.wikipedia.org\/wiki\/Ribose\" target=\"_blank\" rel=\"noopener\"> https:\/\/de.wikipedia.org\/wiki\/Ribose<\/a><\/p>\n<h4>Verzehrsempfehlung:<\/h4>\n<p>Verzehren Sie t\u00e4glich 10g mit einem Glas Wasser (200ml).<\/p>\n<h4>Inhaltsstoffe:<\/h4>\n<p>D-Ribose 10mg pro Tagesdosis<\/p>\n<h4>Hinweise:<\/h4>\n<p>Die angegebene empfohlene t\u00e4gliche Verzehrsmenge darf nicht \u00fcberschritten werden. Nahrungserg\u00e4nzungsmittel sollten nicht als Ersatz f\u00fcr eine ausgewogene und abwechslungsreiche Ern\u00e4hrung und f\u00fcr eine gesunde Lebensweise verwendet werden. Bitte lagern Sie das Produkt k\u00fchl, trocken und dunkel. Au\u00dferhalb der Reichweite von kleinen Kindern aufbewahren.<\/p>\n<p>&nbsp;<\/p>\n","protected":false},"excerpt":{"rendered":"<p>D-Ripose &nbsp; &nbsp; &nbsp; &nbsp; &nbsp; &nbsp; Nat\u00fcrlicher Einfachzucker Aus Fermentation gewonnen In Pulverform Hochrein &gt;99% Abgef\u00fcllt in Deutschland Laborgepr\u00fcfte Qualit\u00e4t Ohne Zus\u00e4tze Ohne Konservierungsstoffe. &nbsp; 160g Pulver im Glas CHF 14.10 Auff\u00fcllung&nbsp; 10 g CHF 0.80 &nbsp; &nbsp; &nbsp; &nbsp; Beschreibung Ribose ist ein nat\u00fcrlicher Einfachzucker (Monosaccharid), der in jeder K\u00f6rperzelle vorkommt und den Blutzuckerspiegel nicht steigen l\u00e4sst. Er&nbsp;<a href=\"https:\/\/bien-etreiris.ch\/de\/produktpraesentation\/gesundes-leben\/gesunde-lebensmittel\/zutaten-wohlbefinden\/zuckeralternativen\/weniger-insulin\/d-ribose\/\" class=\"read-more\">Weiter lesen<\/a><\/p>\n","protected":false},"author":1,"featured_media":66350,"parent":66317,"menu_order":3892,"comment_status":"closed","ping_status":"closed","template":"","meta":{"_acf_changed":false,"ngg_post_thumbnail":0,"footnotes":""},"class_list":["post-66352","page","type-page","status-publish","has-post-thumbnail","hentry"],"acf":[],"yoast_head":"<!-- This site is optimized with the Yoast SEO plugin v27.4 - https:\/\/yoast.com\/product\/yoast-seo-wordpress\/ -->\n<title>D-RIBOSE - WOHLBEFINDEN<\/title>\n<meta name=\"robots\" content=\"index, follow, max-snippet:-1, max-image-preview:large, max-video-preview:-1\" \/>\n<link rel=\"canonical\" href=\"https:\/\/bien-etreiris.ch\/de\/produktpraesentation\/gesundes-leben\/gesunde-lebensmittel\/zutaten-wohlbefinden\/zuckeralternativen\/weniger-insulin\/d-ribose\/\" \/>\n<meta property=\"og:locale\" content=\"de_DE\" \/>\n<meta property=\"og:type\" content=\"article\" \/>\n<meta property=\"og:title\" content=\"D-RIBOSE - WOHLBEFINDEN\" \/>\n<meta property=\"og:description\" content=\"D-Ripose &nbsp; &nbsp; &nbsp; &nbsp; &nbsp; &nbsp; Nat\u00fcrlicher Einfachzucker Aus Fermentation gewonnen In Pulverform Hochrein &gt;99% Abgef\u00fcllt in Deutschland Laborgepr\u00fcfte Qualit\u00e4t Ohne Zus\u00e4tze Ohne Konservierungsstoffe. &nbsp; 160g Pulver im Glas CHF 14.10 Auff\u00fcllung&nbsp; 10 g CHF 0.80 &nbsp; &nbsp; &nbsp; &nbsp; Beschreibung Ribose ist ein nat\u00fcrlicher Einfachzucker (Monosaccharid), der in jeder K\u00f6rperzelle vorkommt und den Blutzuckerspiegel nicht steigen l\u00e4sst. Er&nbsp;Weiter lesen\" \/>\n<meta property=\"og:url\" content=\"https:\/\/bien-etreiris.ch\/de\/produktpraesentation\/gesundes-leben\/gesunde-lebensmittel\/zutaten-wohlbefinden\/zuckeralternativen\/weniger-insulin\/d-ribose\/\" \/>\n<meta property=\"og:site_name\" content=\"WOHLBEFINDEN\" \/>\n<meta property=\"article:publisher\" content=\"https:\/\/www.facebook.com\/bienetreiris\/\" \/>\n<meta property=\"article:modified_time\" content=\"2023-02-07T09:21:07+00:00\" \/>\n<meta property=\"og:image\" content=\"https:\/\/bien-etreiris.ch\/wp-content\/uploads\/2023\/02\/Acceuil-D-Ribose.jpg\" \/>\n\t<meta property=\"og:image:width\" content=\"500\" \/>\n\t<meta property=\"og:image:height\" content=\"333\" \/>\n\t<meta property=\"og:image:type\" content=\"image\/jpeg\" \/>\n<meta name=\"twitter:label1\" content=\"Gesch\u00e4tzte Lesezeit\" \/>\n\t<meta name=\"twitter:data1\" content=\"2\u00a0Minuten\" \/>\n<script type=\"application\/ld+json\" class=\"yoast-schema-graph\">{\"@context\":\"https:\\\/\\\/schema.org\",\"@graph\":[{\"@type\":\"WebPage\",\"@id\":\"https:\\\/\\\/bien-etreiris.ch\\\/de\\\/produktpraesentation\\\/gesundes-leben\\\/gesunde-lebensmittel\\\/zutaten-wohlbefinden\\\/zuckeralternativen\\\/weniger-insulin\\\/d-ribose\\\/\",\"url\":\"https:\\\/\\\/bien-etreiris.ch\\\/de\\\/produktpraesentation\\\/gesundes-leben\\\/gesunde-lebensmittel\\\/zutaten-wohlbefinden\\\/zuckeralternativen\\\/weniger-insulin\\\/d-ribose\\\/\",\"name\":\"D-RIBOSE - WOHLBEFINDEN\",\"isPartOf\":{\"@id\":\"https:\\\/\\\/bien-etreiris.ch\\\/de\\\/#website\"},\"primaryImageOfPage\":{\"@id\":\"https:\\\/\\\/bien-etreiris.ch\\\/de\\\/produktpraesentation\\\/gesundes-leben\\\/gesunde-lebensmittel\\\/zutaten-wohlbefinden\\\/zuckeralternativen\\\/weniger-insulin\\\/d-ribose\\\/#primaryimage\"},\"image\":{\"@id\":\"https:\\\/\\\/bien-etreiris.ch\\\/de\\\/produktpraesentation\\\/gesundes-leben\\\/gesunde-lebensmittel\\\/zutaten-wohlbefinden\\\/zuckeralternativen\\\/weniger-insulin\\\/d-ribose\\\/#primaryimage\"},\"thumbnailUrl\":\"https:\\\/\\\/bien-etreiris.ch\\\/wp-content\\\/uploads\\\/2023\\\/02\\\/Acceuil-D-Ribose.jpg\",\"datePublished\":\"2023-02-07T08:33:47+00:00\",\"dateModified\":\"2023-02-07T09:21:07+00:00\",\"breadcrumb\":{\"@id\":\"https:\\\/\\\/bien-etreiris.ch\\\/de\\\/produktpraesentation\\\/gesundes-leben\\\/gesunde-lebensmittel\\\/zutaten-wohlbefinden\\\/zuckeralternativen\\\/weniger-insulin\\\/d-ribose\\\/#breadcrumb\"},\"inLanguage\":\"de\",\"potentialAction\":[{\"@type\":\"ReadAction\",\"target\":[\"https:\\\/\\\/bien-etreiris.ch\\\/de\\\/produktpraesentation\\\/gesundes-leben\\\/gesunde-lebensmittel\\\/zutaten-wohlbefinden\\\/zuckeralternativen\\\/weniger-insulin\\\/d-ribose\\\/\"]}]},{\"@type\":\"ImageObject\",\"inLanguage\":\"de\",\"@id\":\"https:\\\/\\\/bien-etreiris.ch\\\/de\\\/produktpraesentation\\\/gesundes-leben\\\/gesunde-lebensmittel\\\/zutaten-wohlbefinden\\\/zuckeralternativen\\\/weniger-insulin\\\/d-ribose\\\/#primaryimage\",\"url\":\"https:\\\/\\\/bien-etreiris.ch\\\/wp-content\\\/uploads\\\/2023\\\/02\\\/Acceuil-D-Ribose.jpg\",\"contentUrl\":\"https:\\\/\\\/bien-etreiris.ch\\\/wp-content\\\/uploads\\\/2023\\\/02\\\/Acceuil-D-Ribose.jpg\",\"width\":500,\"height\":333},{\"@type\":\"BreadcrumbList\",\"@id\":\"https:\\\/\\\/bien-etreiris.ch\\\/de\\\/produktpraesentation\\\/gesundes-leben\\\/gesunde-lebensmittel\\\/zutaten-wohlbefinden\\\/zuckeralternativen\\\/weniger-insulin\\\/d-ribose\\\/#breadcrumb\",\"itemListElement\":[{\"@type\":\"ListItem\",\"position\":1,\"name\":\"Home\",\"item\":\"https:\\\/\\\/bien-etreiris.ch\\\/de\\\/\"},{\"@type\":\"ListItem\",\"position\":2,\"name\":\"PRODUKTPR\u00c4SENTATION\",\"item\":\"https:\\\/\\\/bien-etreiris.ch\\\/de\\\/produktpraesentation\\\/\"},{\"@type\":\"ListItem\",\"position\":3,\"name\":\"GESUNDES LEBEN\",\"item\":\"https:\\\/\\\/bien-etreiris.ch\\\/de\\\/produktpraesentation\\\/gesundes-leben\\\/\"},{\"@type\":\"ListItem\",\"position\":4,\"name\":\"GESUNDE LEBENSMITTEL\",\"item\":\"https:\\\/\\\/bien-etreiris.ch\\\/de\\\/produktpraesentation\\\/gesundes-leben\\\/gesunde-lebensmittel\\\/\"},{\"@type\":\"ListItem\",\"position\":5,\"name\":\"ZUTATEN\",\"item\":\"https:\\\/\\\/bien-etreiris.ch\\\/de\\\/produktpraesentation\\\/gesundes-leben\\\/gesunde-lebensmittel\\\/zutaten-wohlbefinden\\\/\"},{\"@type\":\"ListItem\",\"position\":6,\"name\":\"ZUCKERALTERNATIVEN\",\"item\":\"https:\\\/\\\/bien-etreiris.ch\\\/de\\\/produktpraesentation\\\/gesundes-leben\\\/gesunde-lebensmittel\\\/zutaten-wohlbefinden\\\/zuckeralternativen\\\/\"},{\"@type\":\"ListItem\",\"position\":7,\"name\":\"WENIGER INSULIN\",\"item\":\"https:\\\/\\\/bien-etreiris.ch\\\/de\\\/produktpraesentation\\\/gesundes-leben\\\/gesunde-lebensmittel\\\/zutaten-wohlbefinden\\\/zuckeralternativen\\\/weniger-insulin\\\/\"},{\"@type\":\"ListItem\",\"position\":8,\"name\":\"D-RIBOSE\"}]},{\"@type\":\"WebSite\",\"@id\":\"https:\\\/\\\/bien-etreiris.ch\\\/de\\\/#website\",\"url\":\"https:\\\/\\\/bien-etreiris.ch\\\/de\\\/\",\"name\":\"Bien-\u00eatre Iris\",\"description\":\"IHRE Gesundheit ist uns wichtig\",\"potentialAction\":[{\"@type\":\"SearchAction\",\"target\":{\"@type\":\"EntryPoint\",\"urlTemplate\":\"https:\\\/\\\/bien-etreiris.ch\\\/de\\\/?s={search_term_string}\"},\"query-input\":{\"@type\":\"PropertyValueSpecification\",\"valueRequired\":true,\"valueName\":\"search_term_string\"}}],\"inLanguage\":\"de\"}]}<\/script>\n<!-- \/ Yoast SEO plugin. -->","yoast_head_json":{"title":"D-RIBOSE - WOHLBEFINDEN","robots":{"index":"index","follow":"follow","max-snippet":"max-snippet:-1","max-image-preview":"max-image-preview:large","max-video-preview":"max-video-preview:-1"},"canonical":"https:\/\/bien-etreiris.ch\/de\/produktpraesentation\/gesundes-leben\/gesunde-lebensmittel\/zutaten-wohlbefinden\/zuckeralternativen\/weniger-insulin\/d-ribose\/","og_locale":"de_DE","og_type":"article","og_title":"D-RIBOSE - WOHLBEFINDEN","og_description":"D-Ripose &nbsp; &nbsp; &nbsp; &nbsp; &nbsp; &nbsp; Nat\u00fcrlicher Einfachzucker Aus Fermentation gewonnen In Pulverform Hochrein &gt;99% Abgef\u00fcllt in Deutschland Laborgepr\u00fcfte Qualit\u00e4t Ohne Zus\u00e4tze Ohne Konservierungsstoffe. &nbsp; 160g Pulver im Glas CHF 14.10 Auff\u00fcllung&nbsp; 10 g CHF 0.80 &nbsp; &nbsp; &nbsp; &nbsp; Beschreibung Ribose ist ein nat\u00fcrlicher Einfachzucker (Monosaccharid), der in jeder K\u00f6rperzelle vorkommt und den Blutzuckerspiegel nicht steigen l\u00e4sst. Er&nbsp;Weiter lesen","og_url":"https:\/\/bien-etreiris.ch\/de\/produktpraesentation\/gesundes-leben\/gesunde-lebensmittel\/zutaten-wohlbefinden\/zuckeralternativen\/weniger-insulin\/d-ribose\/","og_site_name":"WOHLBEFINDEN","article_publisher":"https:\/\/www.facebook.com\/bienetreiris\/","article_modified_time":"2023-02-07T09:21:07+00:00","og_image":[{"width":500,"height":333,"url":"https:\/\/bien-etreiris.ch\/wp-content\/uploads\/2023\/02\/Acceuil-D-Ribose.jpg","type":"image\/jpeg"}],"twitter_misc":{"Gesch\u00e4tzte Lesezeit":"2\u00a0Minuten"},"schema":{"@context":"https:\/\/schema.org","@graph":[{"@type":"WebPage","@id":"https:\/\/bien-etreiris.ch\/de\/produktpraesentation\/gesundes-leben\/gesunde-lebensmittel\/zutaten-wohlbefinden\/zuckeralternativen\/weniger-insulin\/d-ribose\/","url":"https:\/\/bien-etreiris.ch\/de\/produktpraesentation\/gesundes-leben\/gesunde-lebensmittel\/zutaten-wohlbefinden\/zuckeralternativen\/weniger-insulin\/d-ribose\/","name":"D-RIBOSE - WOHLBEFINDEN","isPartOf":{"@id":"https:\/\/bien-etreiris.ch\/de\/#website"},"primaryImageOfPage":{"@id":"https:\/\/bien-etreiris.ch\/de\/produktpraesentation\/gesundes-leben\/gesunde-lebensmittel\/zutaten-wohlbefinden\/zuckeralternativen\/weniger-insulin\/d-ribose\/#primaryimage"},"image":{"@id":"https:\/\/bien-etreiris.ch\/de\/produktpraesentation\/gesundes-leben\/gesunde-lebensmittel\/zutaten-wohlbefinden\/zuckeralternativen\/weniger-insulin\/d-ribose\/#primaryimage"},"thumbnailUrl":"https:\/\/bien-etreiris.ch\/wp-content\/uploads\/2023\/02\/Acceuil-D-Ribose.jpg","datePublished":"2023-02-07T08:33:47+00:00","dateModified":"2023-02-07T09:21:07+00:00","breadcrumb":{"@id":"https:\/\/bien-etreiris.ch\/de\/produktpraesentation\/gesundes-leben\/gesunde-lebensmittel\/zutaten-wohlbefinden\/zuckeralternativen\/weniger-insulin\/d-ribose\/#breadcrumb"},"inLanguage":"de","potentialAction":[{"@type":"ReadAction","target":["https:\/\/bien-etreiris.ch\/de\/produktpraesentation\/gesundes-leben\/gesunde-lebensmittel\/zutaten-wohlbefinden\/zuckeralternativen\/weniger-insulin\/d-ribose\/"]}]},{"@type":"ImageObject","inLanguage":"de","@id":"https:\/\/bien-etreiris.ch\/de\/produktpraesentation\/gesundes-leben\/gesunde-lebensmittel\/zutaten-wohlbefinden\/zuckeralternativen\/weniger-insulin\/d-ribose\/#primaryimage","url":"https:\/\/bien-etreiris.ch\/wp-content\/uploads\/2023\/02\/Acceuil-D-Ribose.jpg","contentUrl":"https:\/\/bien-etreiris.ch\/wp-content\/uploads\/2023\/02\/Acceuil-D-Ribose.jpg","width":500,"height":333},{"@type":"BreadcrumbList","@id":"https:\/\/bien-etreiris.ch\/de\/produktpraesentation\/gesundes-leben\/gesunde-lebensmittel\/zutaten-wohlbefinden\/zuckeralternativen\/weniger-insulin\/d-ribose\/#breadcrumb","itemListElement":[{"@type":"ListItem","position":1,"name":"Home","item":"https:\/\/bien-etreiris.ch\/de\/"},{"@type":"ListItem","position":2,"name":"PRODUKTPR\u00c4SENTATION","item":"https:\/\/bien-etreiris.ch\/de\/produktpraesentation\/"},{"@type":"ListItem","position":3,"name":"GESUNDES LEBEN","item":"https:\/\/bien-etreiris.ch\/de\/produktpraesentation\/gesundes-leben\/"},{"@type":"ListItem","position":4,"name":"GESUNDE LEBENSMITTEL","item":"https:\/\/bien-etreiris.ch\/de\/produktpraesentation\/gesundes-leben\/gesunde-lebensmittel\/"},{"@type":"ListItem","position":5,"name":"ZUTATEN","item":"https:\/\/bien-etreiris.ch\/de\/produktpraesentation\/gesundes-leben\/gesunde-lebensmittel\/zutaten-wohlbefinden\/"},{"@type":"ListItem","position":6,"name":"ZUCKERALTERNATIVEN","item":"https:\/\/bien-etreiris.ch\/de\/produktpraesentation\/gesundes-leben\/gesunde-lebensmittel\/zutaten-wohlbefinden\/zuckeralternativen\/"},{"@type":"ListItem","position":7,"name":"WENIGER INSULIN","item":"https:\/\/bien-etreiris.ch\/de\/produktpraesentation\/gesundes-leben\/gesunde-lebensmittel\/zutaten-wohlbefinden\/zuckeralternativen\/weniger-insulin\/"},{"@type":"ListItem","position":8,"name":"D-RIBOSE"}]},{"@type":"WebSite","@id":"https:\/\/bien-etreiris.ch\/de\/#website","url":"https:\/\/bien-etreiris.ch\/de\/","name":"Bien-\u00eatre Iris","description":"IHRE Gesundheit ist uns wichtig","potentialAction":[{"@type":"SearchAction","target":{"@type":"EntryPoint","urlTemplate":"https:\/\/bien-etreiris.ch\/de\/?s={search_term_string}"},"query-input":{"@type":"PropertyValueSpecification","valueRequired":true,"valueName":"search_term_string"}}],"inLanguage":"de"}]}},"_links":{"self":[{"href":"https:\/\/bien-etreiris.ch\/de\/wp-json\/wp\/v2\/pages\/66352","targetHints":{"allow":["GET"]}}],"collection":[{"href":"https:\/\/bien-etreiris.ch\/de\/wp-json\/wp\/v2\/pages"}],"about":[{"href":"https:\/\/bien-etreiris.ch\/de\/wp-json\/wp\/v2\/types\/page"}],"author":[{"embeddable":true,"href":"https:\/\/bien-etreiris.ch\/de\/wp-json\/wp\/v2\/users\/1"}],"replies":[{"embeddable":true,"href":"https:\/\/bien-etreiris.ch\/de\/wp-json\/wp\/v2\/comments?post=66352"}],"version-history":[{"count":3,"href":"https:\/\/bien-etreiris.ch\/de\/wp-json\/wp\/v2\/pages\/66352\/revisions"}],"predecessor-version":[{"id":66395,"href":"https:\/\/bien-etreiris.ch\/de\/wp-json\/wp\/v2\/pages\/66352\/revisions\/66395"}],"up":[{"embeddable":true,"href":"https:\/\/bien-etreiris.ch\/de\/wp-json\/wp\/v2\/pages\/66317"}],"wp:featuredmedia":[{"embeddable":true,"href":"https:\/\/bien-etreiris.ch\/de\/wp-json\/wp\/v2\/media\/66350"}],"wp:attachment":[{"href":"https:\/\/bien-etreiris.ch\/de\/wp-json\/wp\/v2\/media?parent=66352"}],"curies":[{"name":"wp","href":"https:\/\/api.w.org\/{rel}","templated":true}]}}