{"id":66328,"date":"2023-02-06T10:36:47","date_gmt":"2023-02-06T08:36:47","guid":{"rendered":"https:\/\/bien-etreiris.ch\/produktpraesentation\/gesundes-leben\/gesunde-lebensmittel\/zutaten-wohlbefinden\/zuckeralternativen\/sirop-de-sucre\/sirop-de-dattes\/"},"modified":"2023-02-07T19:03:46","modified_gmt":"2023-02-07T17:03:46","slug":"sirop-de-dattes","status":"publish","type":"page","link":"https:\/\/bien-etreiris.ch\/de\/produktpraesentation\/gesundes-leben\/gesunde-lebensmittel\/zutaten-wohlbefinden\/zuckeralternativen\/fluessig-zucker\/sirop-de-dattes\/","title":{"rendered":"DATTELSIRUP"},"content":{"rendered":"\n\n\n<h2 class=\"child_title\">Dattelsirup Naturkraftwerke<\/h2>\n<p><a href=\"https:\/\/bien-etreiris.ch\/wp-content\/uploads\/2023\/02\/acceuil-sirop-de-dattes-2.jpg\"><img loading=\"lazy\" decoding=\"async\" class=\"wp-image-66148  alignleft\" src=\"https:\/\/bien-etreiris.ch\/wp-content\/uploads\/2023\/02\/acceuil-sirop-de-dattes-2.jpg\" alt=\"\" width=\"437\" height=\"586\" srcset=\"https:\/\/bien-etreiris.ch\/wp-content\/uploads\/2023\/02\/acceuil-sirop-de-dattes-2.jpg 881w, https:\/\/bien-etreiris.ch\/wp-content\/uploads\/2023\/02\/acceuil-sirop-de-dattes-2-224x300.jpg 224w, https:\/\/bien-etreiris.ch\/wp-content\/uploads\/2023\/02\/acceuil-sirop-de-dattes-2-764x1024.jpg 764w, https:\/\/bien-etreiris.ch\/wp-content\/uploads\/2023\/02\/acceuil-sirop-de-dattes-2-768x1030.jpg 768w\" sizes=\"auto, (max-width: 437px) 100vw, 437px\" \/><\/a><\/p>\n\n\n<p>&nbsp;<\/p>\n<p>&nbsp;<\/p>\n<p>&nbsp;<\/p>\n<p>&nbsp;<\/p>\n<p>&nbsp;<\/p>\n<p>&nbsp;<\/p>\n<h4>Zertifikation<\/h4>\n<p><span style=\"background-color: #ff9900; color: #ffffff;\">Demeter<\/span><\/p>\n<h4>Herkunft<\/h4>\n<p>\u00c4gypten<\/p>\n<h4>Inhaltsstoffe<\/h4>\n<p>Datteln gekocht***<span style=\"background-color: #ff9900; color: #ffffff;\">InhaltsstoffeInhal<\/span><\/p>\n<p>&nbsp;300 g <strong>CHF 14.00<\/strong><\/p>\n<p>&nbsp;<\/p>\n<p>&nbsp;<\/p>\n<p>&nbsp;<\/p>\n<p>&nbsp;<\/p>\n<p>Dieser 100 % reine Dattelsirup eignet sich hervorragend als Brotaufstrich oder zum S\u00fc\u00dfen von Getr\u00e4nken und Desserts, l\u00e4sst sich gut in s\u00fc\u00dfen Zwischenmahlzeiten oder in verschiedenen Mahlzeiten mischen, ist eine k\u00f6stliche Variation auf Gouffres und Omeletts oder in Quarkdesserts und M\u00fcslis. 100 % gekochte Datteln. In der Schweiz verpackt.<\/p>\n<p>&nbsp;<\/p>\n<p>&nbsp;<\/p>\n<p>&nbsp;<\/p>\n<hr>\n<h2>Dattelsirup Rapunzel<\/h2>\n<p><a href=\"https:\/\/bien-etreiris.ch\/wp-content\/uploads\/2023\/02\/sirop-de-dattes.jpg\"><img loading=\"lazy\" decoding=\"async\" class=\"wp-image-66153 alignleft\" src=\"https:\/\/bien-etreiris.ch\/wp-content\/uploads\/2023\/02\/sirop-de-dattes.jpg\" alt=\"\" width=\"341\" height=\"580\" srcset=\"https:\/\/bien-etreiris.ch\/wp-content\/uploads\/2023\/02\/sirop-de-dattes.jpg 557w, https:\/\/bien-etreiris.ch\/wp-content\/uploads\/2023\/02\/sirop-de-dattes-176x300.jpg 176w\" sizes=\"auto, (max-width: 341px) 100vw, 341px\" \/><\/a><\/p>\n<p>&nbsp;<\/p>\n<p>&nbsp;<\/p>\n<p>&nbsp;<\/p>\n<p>&nbsp;<\/p>\n<p>&nbsp;<\/p>\n<p>&nbsp;<\/p>\n<p>&nbsp;<\/p>\n<p>&nbsp;<\/p>\n<h4>Inhaltsstoffe<\/h4>\n<p>Datteln* (79,00%), HerkunftWasser Legende: * Biologisch<\/p>\n<h4 class=\"c-simple-dl__item p-product-details__core-information-item\">Code bio<\/h4>\n<div data-v-2bb3a3b6=\"\" data-v-110880dd=\"\">&nbsp;<\/div>\n<div class=\"c-simple-dl__item p-product-details__core-information-item\" data-v-2bb3a3b6=\"\" data-v-110880dd=\"\">DE-\u00d6KO-001<\/div>\n<h4 class=\"c-simple-dl__item p-product-details__core-information-item\">Herkunft<\/h4>\n<div data-v-2bb3a3b6=\"\" data-v-110880dd=\"\">&nbsp;<\/div>\n<div class=\"c-simple-dl__item p-product-details__core-information-item\" data-v-2bb3a3b6=\"\" data-v-110880dd=\"\">Belgien<\/div>\n<div data-v-2bb3a3b6=\"\" data-v-110880dd=\"\">&nbsp;<\/div>\n<p>250 ml <strong>CHF 4.60<\/strong><\/p>\n<p>&nbsp;<\/p>\n<p>&nbsp;<\/p>\n<p>&nbsp;<\/p>\n<p>Die nat\u00fcrliche S\u00fcsskraft der Dattelfrucht! Dattelsirup bringt neue fruchtige Aromen in Ihre K\u00fcche und vers\u00fcsst nicht nur Desserts und Geb\u00e4ck, sondern rundet auch w\u00fcrzige Gerichte perfekt ab. Die Datteln sind fair gehandelt und stammen von Rapunzels HAND IN HAND-Partnern in Tunesien. Verwendung: Zum S\u00fcssen von Tee und Smoothies, zum Backen, als Dessert, auf Joghurt und M\u00fcsli, aber auch f\u00fcr s\u00fcss-saure Marinaden, orientalische Gerichte oder die ayurvedische Variante des Fr\u00fchst\u00fccks.<\/p>\n<p>&nbsp;<\/p>","protected":false},"excerpt":{"rendered":"<p>Dattelsirup Naturkraftwerke &nbsp; &nbsp; &nbsp; &nbsp; &nbsp; &nbsp; Zertifikation Demeter Herkunft \u00c4gypten Inhaltsstoffe Datteln gekocht***InhaltsstoffeInhal &nbsp;300 g CHF 14.00 &nbsp; &nbsp; &nbsp; &nbsp; Dieser 100 % reine Dattelsirup eignet sich hervorragend als Brotaufstrich oder zum S\u00fc\u00dfen von Getr\u00e4nken und Desserts, l\u00e4sst sich gut in s\u00fc\u00dfen Zwischenmahlzeiten oder in verschiedenen Mahlzeiten mischen, ist eine k\u00f6stliche Variation auf Gouffres und Omeletts oder&nbsp;<a href=\"https:\/\/bien-etreiris.ch\/de\/produktpraesentation\/gesundes-leben\/gesunde-lebensmittel\/zutaten-wohlbefinden\/zuckeralternativen\/fluessig-zucker\/sirop-de-dattes\/\" class=\"read-more\">Weiter lesen<\/a><\/p>\n","protected":false},"author":1,"featured_media":66142,"parent":66216,"menu_order":3921,"comment_status":"closed","ping_status":"closed","template":"page-with-child.php","meta":{"_acf_changed":false,"ngg_post_thumbnail":0,"footnotes":""},"class_list":["post-66328","page","type-page","status-publish","has-post-thumbnail","hentry"],"acf":[],"yoast_head":"<!-- This site is optimized with the Yoast SEO plugin v27.4 - https:\/\/yoast.com\/product\/yoast-seo-wordpress\/ -->\n<title>DATTELSIRUP - WOHLBEFINDEN<\/title>\n<meta name=\"robots\" content=\"index, follow, max-snippet:-1, max-image-preview:large, max-video-preview:-1\" \/>\n<link rel=\"canonical\" href=\"https:\/\/bien-etreiris.ch\/de\/produktpraesentation\/gesundes-leben\/gesunde-lebensmittel\/zutaten-wohlbefinden\/zuckeralternativen\/fluessig-zucker\/sirop-de-dattes\/\" \/>\n<meta property=\"og:locale\" content=\"de_DE\" \/>\n<meta property=\"og:type\" content=\"article\" \/>\n<meta property=\"og:title\" content=\"DATTELSIRUP - WOHLBEFINDEN\" \/>\n<meta property=\"og:description\" content=\"Dattelsirup Naturkraftwerke &nbsp; &nbsp; &nbsp; &nbsp; &nbsp; &nbsp; Zertifikation Demeter Herkunft \u00c4gypten Inhaltsstoffe Datteln gekocht***InhaltsstoffeInhal &nbsp;300 g CHF 14.00 &nbsp; &nbsp; &nbsp; &nbsp; Dieser 100 % reine Dattelsirup eignet sich hervorragend als Brotaufstrich oder zum S\u00fc\u00dfen von Getr\u00e4nken und Desserts, l\u00e4sst sich gut in s\u00fc\u00dfen Zwischenmahlzeiten oder in verschiedenen Mahlzeiten mischen, ist eine k\u00f6stliche Variation auf Gouffres und Omeletts oder&nbsp;Weiter lesen\" \/>\n<meta property=\"og:url\" content=\"https:\/\/bien-etreiris.ch\/de\/produktpraesentation\/gesundes-leben\/gesunde-lebensmittel\/zutaten-wohlbefinden\/zuckeralternativen\/fluessig-zucker\/sirop-de-dattes\/\" \/>\n<meta property=\"og:site_name\" content=\"WOHLBEFINDEN\" \/>\n<meta property=\"article:publisher\" content=\"https:\/\/www.facebook.com\/bienetreiris\/\" \/>\n<meta property=\"article:modified_time\" content=\"2023-02-07T17:03:46+00:00\" \/>\n<meta property=\"og:image\" content=\"https:\/\/bien-etreiris.ch\/wp-content\/uploads\/2023\/02\/acceuil-sirop-de-dattes.jpg\" \/>\n\t<meta property=\"og:image:width\" content=\"500\" \/>\n\t<meta property=\"og:image:height\" content=\"375\" \/>\n\t<meta property=\"og:image:type\" content=\"image\/jpeg\" \/>\n<meta name=\"twitter:label1\" content=\"Gesch\u00e4tzte Lesezeit\" \/>\n\t<meta name=\"twitter:data1\" content=\"2\u00a0Minuten\" \/>\n<script type=\"application\/ld+json\" class=\"yoast-schema-graph\">{\"@context\":\"https:\\\/\\\/schema.org\",\"@graph\":[{\"@type\":\"WebPage\",\"@id\":\"https:\\\/\\\/bien-etreiris.ch\\\/de\\\/produktpraesentation\\\/gesundes-leben\\\/gesunde-lebensmittel\\\/zutaten-wohlbefinden\\\/zuckeralternativen\\\/fluessig-zucker\\\/sirop-de-dattes\\\/\",\"url\":\"https:\\\/\\\/bien-etreiris.ch\\\/de\\\/produktpraesentation\\\/gesundes-leben\\\/gesunde-lebensmittel\\\/zutaten-wohlbefinden\\\/zuckeralternativen\\\/fluessig-zucker\\\/sirop-de-dattes\\\/\",\"name\":\"DATTELSIRUP - WOHLBEFINDEN\",\"isPartOf\":{\"@id\":\"https:\\\/\\\/bien-etreiris.ch\\\/de\\\/#website\"},\"primaryImageOfPage\":{\"@id\":\"https:\\\/\\\/bien-etreiris.ch\\\/de\\\/produktpraesentation\\\/gesundes-leben\\\/gesunde-lebensmittel\\\/zutaten-wohlbefinden\\\/zuckeralternativen\\\/fluessig-zucker\\\/sirop-de-dattes\\\/#primaryimage\"},\"image\":{\"@id\":\"https:\\\/\\\/bien-etreiris.ch\\\/de\\\/produktpraesentation\\\/gesundes-leben\\\/gesunde-lebensmittel\\\/zutaten-wohlbefinden\\\/zuckeralternativen\\\/fluessig-zucker\\\/sirop-de-dattes\\\/#primaryimage\"},\"thumbnailUrl\":\"https:\\\/\\\/bien-etreiris.ch\\\/wp-content\\\/uploads\\\/2023\\\/02\\\/acceuil-sirop-de-dattes.jpg\",\"datePublished\":\"2023-02-06T08:36:47+00:00\",\"dateModified\":\"2023-02-07T17:03:46+00:00\",\"breadcrumb\":{\"@id\":\"https:\\\/\\\/bien-etreiris.ch\\\/de\\\/produktpraesentation\\\/gesundes-leben\\\/gesunde-lebensmittel\\\/zutaten-wohlbefinden\\\/zuckeralternativen\\\/fluessig-zucker\\\/sirop-de-dattes\\\/#breadcrumb\"},\"inLanguage\":\"de\",\"potentialAction\":[{\"@type\":\"ReadAction\",\"target\":[\"https:\\\/\\\/bien-etreiris.ch\\\/de\\\/produktpraesentation\\\/gesundes-leben\\\/gesunde-lebensmittel\\\/zutaten-wohlbefinden\\\/zuckeralternativen\\\/fluessig-zucker\\\/sirop-de-dattes\\\/\"]}]},{\"@type\":\"ImageObject\",\"inLanguage\":\"de\",\"@id\":\"https:\\\/\\\/bien-etreiris.ch\\\/de\\\/produktpraesentation\\\/gesundes-leben\\\/gesunde-lebensmittel\\\/zutaten-wohlbefinden\\\/zuckeralternativen\\\/fluessig-zucker\\\/sirop-de-dattes\\\/#primaryimage\",\"url\":\"https:\\\/\\\/bien-etreiris.ch\\\/wp-content\\\/uploads\\\/2023\\\/02\\\/acceuil-sirop-de-dattes.jpg\",\"contentUrl\":\"https:\\\/\\\/bien-etreiris.ch\\\/wp-content\\\/uploads\\\/2023\\\/02\\\/acceuil-sirop-de-dattes.jpg\",\"width\":500,\"height\":375},{\"@type\":\"BreadcrumbList\",\"@id\":\"https:\\\/\\\/bien-etreiris.ch\\\/de\\\/produktpraesentation\\\/gesundes-leben\\\/gesunde-lebensmittel\\\/zutaten-wohlbefinden\\\/zuckeralternativen\\\/fluessig-zucker\\\/sirop-de-dattes\\\/#breadcrumb\",\"itemListElement\":[{\"@type\":\"ListItem\",\"position\":1,\"name\":\"Home\",\"item\":\"https:\\\/\\\/bien-etreiris.ch\\\/de\\\/\"},{\"@type\":\"ListItem\",\"position\":2,\"name\":\"PRODUKTPR\u00c4SENTATION\",\"item\":\"https:\\\/\\\/bien-etreiris.ch\\\/de\\\/produktpraesentation\\\/\"},{\"@type\":\"ListItem\",\"position\":3,\"name\":\"GESUNDES LEBEN\",\"item\":\"https:\\\/\\\/bien-etreiris.ch\\\/de\\\/produktpraesentation\\\/gesundes-leben\\\/\"},{\"@type\":\"ListItem\",\"position\":4,\"name\":\"GESUNDE LEBENSMITTEL\",\"item\":\"https:\\\/\\\/bien-etreiris.ch\\\/de\\\/produktpraesentation\\\/gesundes-leben\\\/gesunde-lebensmittel\\\/\"},{\"@type\":\"ListItem\",\"position\":5,\"name\":\"ZUTATEN\",\"item\":\"https:\\\/\\\/bien-etreiris.ch\\\/de\\\/produktpraesentation\\\/gesundes-leben\\\/gesunde-lebensmittel\\\/zutaten-wohlbefinden\\\/\"},{\"@type\":\"ListItem\",\"position\":6,\"name\":\"ZUCKERALTERNATIVEN\",\"item\":\"https:\\\/\\\/bien-etreiris.ch\\\/de\\\/produktpraesentation\\\/gesundes-leben\\\/gesunde-lebensmittel\\\/zutaten-wohlbefinden\\\/zuckeralternativen\\\/\"},{\"@type\":\"ListItem\",\"position\":7,\"name\":\"FL\u00dcSSIG ZUCKER\",\"item\":\"https:\\\/\\\/bien-etreiris.ch\\\/de\\\/produktpraesentation\\\/gesundes-leben\\\/gesunde-lebensmittel\\\/zutaten-wohlbefinden\\\/zuckeralternativen\\\/fluessig-zucker\\\/\"},{\"@type\":\"ListItem\",\"position\":8,\"name\":\"DATTELSIRUP\"}]},{\"@type\":\"WebSite\",\"@id\":\"https:\\\/\\\/bien-etreiris.ch\\\/de\\\/#website\",\"url\":\"https:\\\/\\\/bien-etreiris.ch\\\/de\\\/\",\"name\":\"Bien-\u00eatre Iris\",\"description\":\"IHRE Gesundheit ist uns wichtig\",\"potentialAction\":[{\"@type\":\"SearchAction\",\"target\":{\"@type\":\"EntryPoint\",\"urlTemplate\":\"https:\\\/\\\/bien-etreiris.ch\\\/de\\\/?s={search_term_string}\"},\"query-input\":{\"@type\":\"PropertyValueSpecification\",\"valueRequired\":true,\"valueName\":\"search_term_string\"}}],\"inLanguage\":\"de\"}]}<\/script>\n<!-- \/ Yoast SEO plugin. -->","yoast_head_json":{"title":"DATTELSIRUP - WOHLBEFINDEN","robots":{"index":"index","follow":"follow","max-snippet":"max-snippet:-1","max-image-preview":"max-image-preview:large","max-video-preview":"max-video-preview:-1"},"canonical":"https:\/\/bien-etreiris.ch\/de\/produktpraesentation\/gesundes-leben\/gesunde-lebensmittel\/zutaten-wohlbefinden\/zuckeralternativen\/fluessig-zucker\/sirop-de-dattes\/","og_locale":"de_DE","og_type":"article","og_title":"DATTELSIRUP - WOHLBEFINDEN","og_description":"Dattelsirup Naturkraftwerke &nbsp; &nbsp; &nbsp; &nbsp; &nbsp; &nbsp; Zertifikation Demeter Herkunft \u00c4gypten Inhaltsstoffe Datteln gekocht***InhaltsstoffeInhal &nbsp;300 g CHF 14.00 &nbsp; &nbsp; &nbsp; &nbsp; Dieser 100 % reine Dattelsirup eignet sich hervorragend als Brotaufstrich oder zum S\u00fc\u00dfen von Getr\u00e4nken und Desserts, l\u00e4sst sich gut in s\u00fc\u00dfen Zwischenmahlzeiten oder in verschiedenen Mahlzeiten mischen, ist eine k\u00f6stliche Variation auf Gouffres und Omeletts oder&nbsp;Weiter lesen","og_url":"https:\/\/bien-etreiris.ch\/de\/produktpraesentation\/gesundes-leben\/gesunde-lebensmittel\/zutaten-wohlbefinden\/zuckeralternativen\/fluessig-zucker\/sirop-de-dattes\/","og_site_name":"WOHLBEFINDEN","article_publisher":"https:\/\/www.facebook.com\/bienetreiris\/","article_modified_time":"2023-02-07T17:03:46+00:00","og_image":[{"width":500,"height":375,"url":"https:\/\/bien-etreiris.ch\/wp-content\/uploads\/2023\/02\/acceuil-sirop-de-dattes.jpg","type":"image\/jpeg"}],"twitter_misc":{"Gesch\u00e4tzte Lesezeit":"2\u00a0Minuten"},"schema":{"@context":"https:\/\/schema.org","@graph":[{"@type":"WebPage","@id":"https:\/\/bien-etreiris.ch\/de\/produktpraesentation\/gesundes-leben\/gesunde-lebensmittel\/zutaten-wohlbefinden\/zuckeralternativen\/fluessig-zucker\/sirop-de-dattes\/","url":"https:\/\/bien-etreiris.ch\/de\/produktpraesentation\/gesundes-leben\/gesunde-lebensmittel\/zutaten-wohlbefinden\/zuckeralternativen\/fluessig-zucker\/sirop-de-dattes\/","name":"DATTELSIRUP - WOHLBEFINDEN","isPartOf":{"@id":"https:\/\/bien-etreiris.ch\/de\/#website"},"primaryImageOfPage":{"@id":"https:\/\/bien-etreiris.ch\/de\/produktpraesentation\/gesundes-leben\/gesunde-lebensmittel\/zutaten-wohlbefinden\/zuckeralternativen\/fluessig-zucker\/sirop-de-dattes\/#primaryimage"},"image":{"@id":"https:\/\/bien-etreiris.ch\/de\/produktpraesentation\/gesundes-leben\/gesunde-lebensmittel\/zutaten-wohlbefinden\/zuckeralternativen\/fluessig-zucker\/sirop-de-dattes\/#primaryimage"},"thumbnailUrl":"https:\/\/bien-etreiris.ch\/wp-content\/uploads\/2023\/02\/acceuil-sirop-de-dattes.jpg","datePublished":"2023-02-06T08:36:47+00:00","dateModified":"2023-02-07T17:03:46+00:00","breadcrumb":{"@id":"https:\/\/bien-etreiris.ch\/de\/produktpraesentation\/gesundes-leben\/gesunde-lebensmittel\/zutaten-wohlbefinden\/zuckeralternativen\/fluessig-zucker\/sirop-de-dattes\/#breadcrumb"},"inLanguage":"de","potentialAction":[{"@type":"ReadAction","target":["https:\/\/bien-etreiris.ch\/de\/produktpraesentation\/gesundes-leben\/gesunde-lebensmittel\/zutaten-wohlbefinden\/zuckeralternativen\/fluessig-zucker\/sirop-de-dattes\/"]}]},{"@type":"ImageObject","inLanguage":"de","@id":"https:\/\/bien-etreiris.ch\/de\/produktpraesentation\/gesundes-leben\/gesunde-lebensmittel\/zutaten-wohlbefinden\/zuckeralternativen\/fluessig-zucker\/sirop-de-dattes\/#primaryimage","url":"https:\/\/bien-etreiris.ch\/wp-content\/uploads\/2023\/02\/acceuil-sirop-de-dattes.jpg","contentUrl":"https:\/\/bien-etreiris.ch\/wp-content\/uploads\/2023\/02\/acceuil-sirop-de-dattes.jpg","width":500,"height":375},{"@type":"BreadcrumbList","@id":"https:\/\/bien-etreiris.ch\/de\/produktpraesentation\/gesundes-leben\/gesunde-lebensmittel\/zutaten-wohlbefinden\/zuckeralternativen\/fluessig-zucker\/sirop-de-dattes\/#breadcrumb","itemListElement":[{"@type":"ListItem","position":1,"name":"Home","item":"https:\/\/bien-etreiris.ch\/de\/"},{"@type":"ListItem","position":2,"name":"PRODUKTPR\u00c4SENTATION","item":"https:\/\/bien-etreiris.ch\/de\/produktpraesentation\/"},{"@type":"ListItem","position":3,"name":"GESUNDES LEBEN","item":"https:\/\/bien-etreiris.ch\/de\/produktpraesentation\/gesundes-leben\/"},{"@type":"ListItem","position":4,"name":"GESUNDE LEBENSMITTEL","item":"https:\/\/bien-etreiris.ch\/de\/produktpraesentation\/gesundes-leben\/gesunde-lebensmittel\/"},{"@type":"ListItem","position":5,"name":"ZUTATEN","item":"https:\/\/bien-etreiris.ch\/de\/produktpraesentation\/gesundes-leben\/gesunde-lebensmittel\/zutaten-wohlbefinden\/"},{"@type":"ListItem","position":6,"name":"ZUCKERALTERNATIVEN","item":"https:\/\/bien-etreiris.ch\/de\/produktpraesentation\/gesundes-leben\/gesunde-lebensmittel\/zutaten-wohlbefinden\/zuckeralternativen\/"},{"@type":"ListItem","position":7,"name":"FL\u00dcSSIG ZUCKER","item":"https:\/\/bien-etreiris.ch\/de\/produktpraesentation\/gesundes-leben\/gesunde-lebensmittel\/zutaten-wohlbefinden\/zuckeralternativen\/fluessig-zucker\/"},{"@type":"ListItem","position":8,"name":"DATTELSIRUP"}]},{"@type":"WebSite","@id":"https:\/\/bien-etreiris.ch\/de\/#website","url":"https:\/\/bien-etreiris.ch\/de\/","name":"Bien-\u00eatre Iris","description":"IHRE Gesundheit ist uns wichtig","potentialAction":[{"@type":"SearchAction","target":{"@type":"EntryPoint","urlTemplate":"https:\/\/bien-etreiris.ch\/de\/?s={search_term_string}"},"query-input":{"@type":"PropertyValueSpecification","valueRequired":true,"valueName":"search_term_string"}}],"inLanguage":"de"}]}},"_links":{"self":[{"href":"https:\/\/bien-etreiris.ch\/de\/wp-json\/wp\/v2\/pages\/66328","targetHints":{"allow":["GET"]}}],"collection":[{"href":"https:\/\/bien-etreiris.ch\/de\/wp-json\/wp\/v2\/pages"}],"about":[{"href":"https:\/\/bien-etreiris.ch\/de\/wp-json\/wp\/v2\/types\/page"}],"author":[{"embeddable":true,"href":"https:\/\/bien-etreiris.ch\/de\/wp-json\/wp\/v2\/users\/1"}],"replies":[{"embeddable":true,"href":"https:\/\/bien-etreiris.ch\/de\/wp-json\/wp\/v2\/comments?post=66328"}],"version-history":[{"count":3,"href":"https:\/\/bien-etreiris.ch\/de\/wp-json\/wp\/v2\/pages\/66328\/revisions"}],"predecessor-version":[{"id":66418,"href":"https:\/\/bien-etreiris.ch\/de\/wp-json\/wp\/v2\/pages\/66328\/revisions\/66418"}],"up":[{"embeddable":true,"href":"https:\/\/bien-etreiris.ch\/de\/wp-json\/wp\/v2\/pages\/66216"}],"wp:featuredmedia":[{"embeddable":true,"href":"https:\/\/bien-etreiris.ch\/de\/wp-json\/wp\/v2\/media\/66142"}],"wp:attachment":[{"href":"https:\/\/bien-etreiris.ch\/de\/wp-json\/wp\/v2\/media?parent=66328"}],"curies":[{"name":"wp","href":"https:\/\/api.w.org\/{rel}","templated":true}]}}