{"id":66133,"date":"2023-02-06T09:54:53","date_gmt":"2023-02-06T07:54:53","guid":{"rendered":"https:\/\/bien-etreiris.ch\/yacon\/"},"modified":"2026-02-10T22:03:42","modified_gmt":"2026-02-10T20:03:42","slug":"yacon","status":"publish","type":"page","link":"https:\/\/bien-etreiris.ch\/de\/produktpraesentation\/gesundes-leben\/gesunde-lebensmittel\/zutaten-wohlbefinden\/zuckeralternativen\/yacon\/","title":{"rendered":"YACON"},"content":{"rendered":"\n<div id=\"elem_16159638054345_0\" class=\"draggable et-item h-dark padding-bottom-30 padding-top-30 content-col headline-right\">\n<div class=\"container\">\n<div class=\"container-inner et-item elem-h1 column collapsed twelve\">\n<h2 data-h1=\"fr\">Poudre de Yacon biologique - en bo\u00eete de conserve<\/h2>\n<\/div>\n<\/div>\n<\/div>\n<div id=\"elem_16159638054342_0\" class=\"draggable et-item content-col product-collection\">\n<div class=\"container\">\n<div class=\"container-inner et-item elem-box droppable column collapsed twelve ui-sortable\">\n<div id=\"elem_1615963805434163_0\" class=\"draggable et-item product-image center\">\n<div class=\"container\">\n<div class=\"container-inner et-item elem-image column collapsed twelve\">\n<div data-image=\"\" data-image-params=\"\"><a href=\"https:\/\/bien-etreiris.ch\/wp-content\/uploads\/2023\/02\/titre-yacon-1.jpg\"><img loading=\"lazy\" decoding=\"async\" class=\"wp-image-66115 size-full alignleft\" src=\"https:\/\/bien-etreiris.ch\/wp-content\/uploads\/2023\/02\/titre-yacon-1.jpg\" alt=\"\" width=\"289\" height=\"311\" srcset=\"https:\/\/bien-etreiris.ch\/wp-content\/uploads\/2023\/02\/titre-yacon-1.jpg 289w, https:\/\/bien-etreiris.ch\/wp-content\/uploads\/2023\/02\/titre-yacon-1-279x300.jpg 279w\" sizes=\"auto, (max-width: 289px) 100vw, 289px\" \/><\/a><\/div>\n<\/div>\n<\/div>\n<\/div>\n<\/div>\n<div class=\"container-inner et-item elem-box droppable column collapsed twelve ui-sortable\">\n<div id=\"elem_box_1616667493204_\" class=\"draggable et-item\">\n<div class=\"container\">\n<div class=\"container-inner et-item elem-box droppable column collapsed twelve ui-sortable\">\n<div id=\"elem_1616142907606_0\" class=\"draggable et-item accordion\">\n<div class=\"container\">\n<div class=\"container-inner et-item elem-box droppable column collapsed twelve ui-sortable\">\n<div id=\"elem_16161429076062_0\" class=\"draggable et-item accordion-headline js-accordion\">\n<div class=\"container\">\n<div class=\"container-inner et-item elem-textbox column collapsed twelve\">\n<div data-textbox=\"fr\">\n<div id=\"elem_box_1616667493204_\" class=\"draggable et-item\">\n<div class=\"container\">\n<div class=\"container-inner et-item elem-box droppable column collapsed twelve ui-sortable\">\n<div id=\"elem_1616142907606_0\" class=\"draggable et-item accordion\">\n<div class=\"container\">\n<div class=\"container-inner et-item elem-box droppable column collapsed twelve ui-sortable\">\n<div id=\"elem_161614290760625_0\" class=\"draggable et-item accordion-content content-1 content-1-list-yacon ui-sortable-helper\">\n<div class=\"container\">\n<div class=\"container-inner et-item elem-textbox column collapsed twelve\">\n<div data-textbox=\"fr\">\n<div>&nbsp;<\/div>\n<\/div>\n<\/div>\n<\/div>\n<\/div>\n<div>&nbsp;<\/div>\n<\/div>\n<\/div>\n<div>&nbsp;<\/div>\n<div class=\"container\">\n<div class=\"container-inner et-item elem-box droppable column collapsed twelve ui-sortable\">\n<div id=\"elem_161614290760625_0\" class=\"draggable et-item accordion-content content-1 content-1-list-yacon ui-sortable-helper\">\n<div class=\"container\">\n<div class=\"container-inner et-item elem-textbox column collapsed twelve\">\n<div data-textbox=\"fr\">\n<div>&nbsp;<\/div>\n<div>&nbsp;<\/div>\n<div>&nbsp;<\/div>\n<div>&nbsp;<\/div>\n<div>&nbsp;<\/div>\n<div>&nbsp;<\/div>\n<div>&nbsp;<\/div>\n<div><strong>Ingr\u00e9dients:<\/strong> Poudre de fruit de yacon 100 % pure<\/div>\n<div><strong>Origine:<\/strong> P\u00e9rou<\/div>\n<div>&nbsp;<\/div>\n<\/div>\n<\/div>\n<\/div>\n<\/div>\n<\/div>\n<\/div>\n<\/div>\n<\/div>\n<\/div>\n<\/div>\n<\/div>\n<div data-textbox=\"fr\">&nbsp;<\/div>\n<div data-textbox=\"fr\">Poudre de Yacon biologique - 240 g <strong>CHF 21.70<\/strong><\/div>\n<\/div>\n<\/div>\n<\/div>\n<\/div>\n<\/div>\n<div data-textbox=\"fr\">&nbsp;<\/div>\n<\/div>\n<\/div>\n<\/div>\n<\/div>\n<\/div>\n<\/div>\n<\/div>\n<div data-textbox=\"fr\">&nbsp;<\/div>\n<div data-textbox=\"fr\">&nbsp;<\/div>\n<div data-textbox=\"fr\">&nbsp;<\/div>\n<div data-textbox=\"fr\">&nbsp;<\/div>\n<div data-textbox=\"fr\">&nbsp;<\/div>\n<div data-textbox=\"fr\">&nbsp;<\/div>\n\n\n\n<p><strong>Recommandation de consommation:<\/strong> Pour le besoin quotidien : Selon les besoins, environ 1 cuill\u00e8re \u00e0 soupe \u00e0 tartiner (environ 12 g) de poudre de Yacon pour sucrer le yaourt, le M\u00fcsli ou le m\u00e9lange de Smoothies. Important : Retirer la poudre uniquement avec une cuill\u00e8re s\u00e8che, refermer la bo\u00eete imm\u00e9diatement, la poudre de Yacon 100 % pure est extr\u00eamement sensible \u00e0 l'oxyg\u00e8ne.<\/p>\n<p>&nbsp;<\/p>\n<p>&nbsp;<\/p>\n<div id=\"elem_16170235558386_0\" class=\"draggable et-item h-dark content-col\">\n<div class=\"container\">\n<div class=\"container-inner et-item elem-h1 column collapsed twelve\">\n<h2 data-h1=\"fr\">Information importante :<\/h2>\n<\/div>\n<\/div>\n<\/div>\n<div id=\"elem_161702355583810_0\" class=\"draggable et-item content-1 content-col ui-sortable-helper\">\n<div class=\"container\">\n<div class=\"container-inner et-item elem-textbox column collapsed twelve\">\n<div data-textbox=\"fr\">\n<div>En raison de sa teneur \u00e9lev\u00e9e en fibres (plus de 12 g\/100 g), notre poudre de yacon biologique peut \u00eatre consid\u00e9r\u00e9e comme une \"source de fibres\" naturelle.<\/div>\n<div>&nbsp;<\/div>\n<h4>Pourquoi les glucides non digestibles sont-ils si importants ?<\/h4>\n<div>&nbsp;<\/div>\nLes glucides affectent le taux de sucre dans le sang avec une intensit\u00e9 variable. Cette propri\u00e9t\u00e9 est mesur\u00e9e par l'indice glyc\u00e9mique. En haut de cette liste se trouvent les glucides \u00e0 cha\u00eene courte, facilement digestibles. Parmi eux, les sucres. Imm\u00e9diatement apr\u00e8s leur consommation, ils provoquent une augmentation soudaine du taux de sucre dans le sang et fournissent ainsi un regain d'\u00e9nergie \u00e0 court terme. En bas de l'indice glyc\u00e9mique se trouvent les glucides provenant des haricots et des c\u00e9r\u00e9ales compl\u00e8tes, notamment l'inuline et l'oligofructose. Ils atteignent le gros intestin sans \u00eatre dig\u00e9r\u00e9s, o\u00f9 ils peuvent \u00eatre consomm\u00e9s par les bact\u00e9ries lactiques. Cela cr\u00e9e une flore intestinale saine en plus des avantages pour le niveau de sucre dans le sang.<\/div>\n<\/div>\n<\/div>\n<\/div>\n<div data-textbox=\"fr\">&nbsp;<\/div>\n<div data-textbox=\"fr\">&nbsp;<\/div>\n<div data-textbox=\"fr\">&nbsp;<\/div>\n<h2 data-textbox=\"fr\"><strong><em><span style=\"color: #ff6600;\">vous voulez savoir plus sur Yacon clique ici<\/span><\/em><br><\/strong><\/h2>\n<h2 data-textbox=\"fr\">&nbsp;<\/h2>\n","protected":false},"excerpt":{"rendered":"<p>Poudre de Yacon biologique - en bo\u00eete de conserve &nbsp; &nbsp; &nbsp; &nbsp; &nbsp; &nbsp; &nbsp; &nbsp; &nbsp; &nbsp; Ingr\u00e9dients: Poudre de fruit de yacon 100 % pure Origine: P\u00e9rou &nbsp; &nbsp; Poudre de Yacon biologique - 240 g CHF 21.70 &nbsp; &nbsp; &nbsp; &nbsp; &nbsp; &nbsp; &nbsp; Recommandation de consommation: Pour le besoin quotidien : Selon les besoins, environ&nbsp;<a href=\"https:\/\/bien-etreiris.ch\/de\/produktpraesentation\/gesundes-leben\/gesunde-lebensmittel\/zutaten-wohlbefinden\/zuckeralternativen\/yacon\/\" class=\"read-more\">Weiter lesen<\/a><\/p>\n","protected":false},"author":1,"featured_media":66052,"parent":34740,"menu_order":3930,"comment_status":"closed","ping_status":"closed","template":"page-with-child.php","meta":{"_acf_changed":false,"ngg_post_thumbnail":0,"footnotes":""},"class_list":["post-66133","page","type-page","status-publish","has-post-thumbnail","hentry"],"acf":[],"yoast_head":"<!-- This site is optimized with the Yoast SEO plugin v27.5 - https:\/\/yoast.com\/product\/yoast-seo-wordpress\/ -->\n<title>YACON - WOHLBEFINDEN<\/title>\n<meta name=\"robots\" content=\"index, follow, max-snippet:-1, max-image-preview:large, max-video-preview:-1\" \/>\n<link rel=\"canonical\" href=\"https:\/\/bien-etreiris.ch\/de\/produktpraesentation\/gesundes-leben\/gesunde-lebensmittel\/zutaten-wohlbefinden\/zuckeralternativen\/yacon\/\" \/>\n<meta property=\"og:locale\" content=\"de_DE\" \/>\n<meta property=\"og:type\" content=\"article\" \/>\n<meta property=\"og:title\" content=\"YACON - WOHLBEFINDEN\" \/>\n<meta property=\"og:description\" content=\"Poudre de Yacon biologique - en bo\u00eete de conserve &nbsp; &nbsp; &nbsp; &nbsp; &nbsp; &nbsp; &nbsp; &nbsp; &nbsp; &nbsp; Ingr\u00e9dients: Poudre de fruit de yacon 100 % pure Origine: P\u00e9rou &nbsp; &nbsp; Poudre de Yacon biologique - 240 g CHF 21.70 &nbsp; &nbsp; &nbsp; &nbsp; &nbsp; &nbsp; &nbsp; Recommandation de consommation: Pour le besoin quotidien : Selon les besoins, environ&nbsp;Weiter lesen\" \/>\n<meta property=\"og:url\" content=\"https:\/\/bien-etreiris.ch\/de\/produktpraesentation\/gesundes-leben\/gesunde-lebensmittel\/zutaten-wohlbefinden\/zuckeralternativen\/yacon\/\" \/>\n<meta property=\"og:site_name\" content=\"WOHLBEFINDEN\" \/>\n<meta property=\"article:publisher\" content=\"https:\/\/www.facebook.com\/bienetreiris\/\" \/>\n<meta property=\"article:modified_time\" content=\"2026-02-10T20:03:42+00:00\" \/>\n<meta property=\"og:image\" content=\"https:\/\/bien-etreiris.ch\/wp-content\/uploads\/2023\/02\/acceuil-yaccon-1.jpg\" \/>\n\t<meta property=\"og:image:width\" content=\"500\" \/>\n\t<meta property=\"og:image:height\" content=\"357\" \/>\n\t<meta property=\"og:image:type\" content=\"image\/jpeg\" \/>\n<meta name=\"twitter:label1\" content=\"Gesch\u00e4tzte Lesezeit\" \/>\n\t<meta name=\"twitter:data1\" content=\"2\u00a0Minuten\" \/>\n<script type=\"application\/ld+json\" class=\"yoast-schema-graph\">{\"@context\":\"https:\\\/\\\/schema.org\",\"@graph\":[{\"@type\":\"WebPage\",\"@id\":\"https:\\\/\\\/bien-etreiris.ch\\\/de\\\/produktpraesentation\\\/gesundes-leben\\\/gesunde-lebensmittel\\\/zutaten-wohlbefinden\\\/zuckeralternativen\\\/yacon\\\/\",\"url\":\"https:\\\/\\\/bien-etreiris.ch\\\/de\\\/produktpraesentation\\\/gesundes-leben\\\/gesunde-lebensmittel\\\/zutaten-wohlbefinden\\\/zuckeralternativen\\\/yacon\\\/\",\"name\":\"YACON - WOHLBEFINDEN\",\"isPartOf\":{\"@id\":\"https:\\\/\\\/bien-etreiris.ch\\\/de\\\/#website\"},\"primaryImageOfPage\":{\"@id\":\"https:\\\/\\\/bien-etreiris.ch\\\/de\\\/produktpraesentation\\\/gesundes-leben\\\/gesunde-lebensmittel\\\/zutaten-wohlbefinden\\\/zuckeralternativen\\\/yacon\\\/#primaryimage\"},\"image\":{\"@id\":\"https:\\\/\\\/bien-etreiris.ch\\\/de\\\/produktpraesentation\\\/gesundes-leben\\\/gesunde-lebensmittel\\\/zutaten-wohlbefinden\\\/zuckeralternativen\\\/yacon\\\/#primaryimage\"},\"thumbnailUrl\":\"https:\\\/\\\/bien-etreiris.ch\\\/wp-content\\\/uploads\\\/2023\\\/02\\\/acceuil-yaccon-1.jpg\",\"datePublished\":\"2023-02-06T07:54:53+00:00\",\"dateModified\":\"2026-02-10T20:03:42+00:00\",\"breadcrumb\":{\"@id\":\"https:\\\/\\\/bien-etreiris.ch\\\/de\\\/produktpraesentation\\\/gesundes-leben\\\/gesunde-lebensmittel\\\/zutaten-wohlbefinden\\\/zuckeralternativen\\\/yacon\\\/#breadcrumb\"},\"inLanguage\":\"de\",\"potentialAction\":[{\"@type\":\"ReadAction\",\"target\":[\"https:\\\/\\\/bien-etreiris.ch\\\/de\\\/produktpraesentation\\\/gesundes-leben\\\/gesunde-lebensmittel\\\/zutaten-wohlbefinden\\\/zuckeralternativen\\\/yacon\\\/\"]}]},{\"@type\":\"ImageObject\",\"inLanguage\":\"de\",\"@id\":\"https:\\\/\\\/bien-etreiris.ch\\\/de\\\/produktpraesentation\\\/gesundes-leben\\\/gesunde-lebensmittel\\\/zutaten-wohlbefinden\\\/zuckeralternativen\\\/yacon\\\/#primaryimage\",\"url\":\"https:\\\/\\\/bien-etreiris.ch\\\/wp-content\\\/uploads\\\/2023\\\/02\\\/acceuil-yaccon-1.jpg\",\"contentUrl\":\"https:\\\/\\\/bien-etreiris.ch\\\/wp-content\\\/uploads\\\/2023\\\/02\\\/acceuil-yaccon-1.jpg\",\"width\":500,\"height\":357},{\"@type\":\"BreadcrumbList\",\"@id\":\"https:\\\/\\\/bien-etreiris.ch\\\/de\\\/produktpraesentation\\\/gesundes-leben\\\/gesunde-lebensmittel\\\/zutaten-wohlbefinden\\\/zuckeralternativen\\\/yacon\\\/#breadcrumb\",\"itemListElement\":[{\"@type\":\"ListItem\",\"position\":1,\"name\":\"Home\",\"item\":\"https:\\\/\\\/bien-etreiris.ch\\\/de\\\/\"},{\"@type\":\"ListItem\",\"position\":2,\"name\":\"PRODUKTPR\u00c4SENTATION\",\"item\":\"https:\\\/\\\/bien-etreiris.ch\\\/de\\\/produktpraesentation\\\/\"},{\"@type\":\"ListItem\",\"position\":3,\"name\":\"GESUNDES LEBEN\",\"item\":\"https:\\\/\\\/bien-etreiris.ch\\\/de\\\/produktpraesentation\\\/gesundes-leben\\\/\"},{\"@type\":\"ListItem\",\"position\":4,\"name\":\"GESUNDE LEBENSMITTEL\",\"item\":\"https:\\\/\\\/bien-etreiris.ch\\\/de\\\/produktpraesentation\\\/gesundes-leben\\\/gesunde-lebensmittel\\\/\"},{\"@type\":\"ListItem\",\"position\":5,\"name\":\"ZUTATEN\",\"item\":\"https:\\\/\\\/bien-etreiris.ch\\\/de\\\/produktpraesentation\\\/gesundes-leben\\\/gesunde-lebensmittel\\\/zutaten-wohlbefinden\\\/\"},{\"@type\":\"ListItem\",\"position\":6,\"name\":\"ZUCKERALTERNATIVEN\",\"item\":\"https:\\\/\\\/bien-etreiris.ch\\\/de\\\/produktpraesentation\\\/gesundes-leben\\\/gesunde-lebensmittel\\\/zutaten-wohlbefinden\\\/zuckeralternativen\\\/\"},{\"@type\":\"ListItem\",\"position\":7,\"name\":\"YACON\"}]},{\"@type\":\"WebSite\",\"@id\":\"https:\\\/\\\/bien-etreiris.ch\\\/de\\\/#website\",\"url\":\"https:\\\/\\\/bien-etreiris.ch\\\/de\\\/\",\"name\":\"Bien-\u00eatre Iris\",\"description\":\"IHRE Gesundheit ist uns wichtig\",\"potentialAction\":[{\"@type\":\"SearchAction\",\"target\":{\"@type\":\"EntryPoint\",\"urlTemplate\":\"https:\\\/\\\/bien-etreiris.ch\\\/de\\\/?s={search_term_string}\"},\"query-input\":{\"@type\":\"PropertyValueSpecification\",\"valueRequired\":true,\"valueName\":\"search_term_string\"}}],\"inLanguage\":\"de\"}]}<\/script>\n<!-- \/ Yoast SEO plugin. -->","yoast_head_json":{"title":"YACON - WOHLBEFINDEN","robots":{"index":"index","follow":"follow","max-snippet":"max-snippet:-1","max-image-preview":"max-image-preview:large","max-video-preview":"max-video-preview:-1"},"canonical":"https:\/\/bien-etreiris.ch\/de\/produktpraesentation\/gesundes-leben\/gesunde-lebensmittel\/zutaten-wohlbefinden\/zuckeralternativen\/yacon\/","og_locale":"de_DE","og_type":"article","og_title":"YACON - WOHLBEFINDEN","og_description":"Poudre de Yacon biologique - en bo\u00eete de conserve &nbsp; &nbsp; &nbsp; &nbsp; &nbsp; &nbsp; &nbsp; &nbsp; &nbsp; &nbsp; Ingr\u00e9dients: Poudre de fruit de yacon 100 % pure Origine: P\u00e9rou &nbsp; &nbsp; Poudre de Yacon biologique - 240 g CHF 21.70 &nbsp; &nbsp; &nbsp; &nbsp; &nbsp; &nbsp; &nbsp; Recommandation de consommation: Pour le besoin quotidien : Selon les besoins, environ&nbsp;Weiter lesen","og_url":"https:\/\/bien-etreiris.ch\/de\/produktpraesentation\/gesundes-leben\/gesunde-lebensmittel\/zutaten-wohlbefinden\/zuckeralternativen\/yacon\/","og_site_name":"WOHLBEFINDEN","article_publisher":"https:\/\/www.facebook.com\/bienetreiris\/","article_modified_time":"2026-02-10T20:03:42+00:00","og_image":[{"width":500,"height":357,"url":"https:\/\/bien-etreiris.ch\/wp-content\/uploads\/2023\/02\/acceuil-yaccon-1.jpg","type":"image\/jpeg"}],"twitter_misc":{"Gesch\u00e4tzte Lesezeit":"2\u00a0Minuten"},"schema":{"@context":"https:\/\/schema.org","@graph":[{"@type":"WebPage","@id":"https:\/\/bien-etreiris.ch\/de\/produktpraesentation\/gesundes-leben\/gesunde-lebensmittel\/zutaten-wohlbefinden\/zuckeralternativen\/yacon\/","url":"https:\/\/bien-etreiris.ch\/de\/produktpraesentation\/gesundes-leben\/gesunde-lebensmittel\/zutaten-wohlbefinden\/zuckeralternativen\/yacon\/","name":"YACON - WOHLBEFINDEN","isPartOf":{"@id":"https:\/\/bien-etreiris.ch\/de\/#website"},"primaryImageOfPage":{"@id":"https:\/\/bien-etreiris.ch\/de\/produktpraesentation\/gesundes-leben\/gesunde-lebensmittel\/zutaten-wohlbefinden\/zuckeralternativen\/yacon\/#primaryimage"},"image":{"@id":"https:\/\/bien-etreiris.ch\/de\/produktpraesentation\/gesundes-leben\/gesunde-lebensmittel\/zutaten-wohlbefinden\/zuckeralternativen\/yacon\/#primaryimage"},"thumbnailUrl":"https:\/\/bien-etreiris.ch\/wp-content\/uploads\/2023\/02\/acceuil-yaccon-1.jpg","datePublished":"2023-02-06T07:54:53+00:00","dateModified":"2026-02-10T20:03:42+00:00","breadcrumb":{"@id":"https:\/\/bien-etreiris.ch\/de\/produktpraesentation\/gesundes-leben\/gesunde-lebensmittel\/zutaten-wohlbefinden\/zuckeralternativen\/yacon\/#breadcrumb"},"inLanguage":"de","potentialAction":[{"@type":"ReadAction","target":["https:\/\/bien-etreiris.ch\/de\/produktpraesentation\/gesundes-leben\/gesunde-lebensmittel\/zutaten-wohlbefinden\/zuckeralternativen\/yacon\/"]}]},{"@type":"ImageObject","inLanguage":"de","@id":"https:\/\/bien-etreiris.ch\/de\/produktpraesentation\/gesundes-leben\/gesunde-lebensmittel\/zutaten-wohlbefinden\/zuckeralternativen\/yacon\/#primaryimage","url":"https:\/\/bien-etreiris.ch\/wp-content\/uploads\/2023\/02\/acceuil-yaccon-1.jpg","contentUrl":"https:\/\/bien-etreiris.ch\/wp-content\/uploads\/2023\/02\/acceuil-yaccon-1.jpg","width":500,"height":357},{"@type":"BreadcrumbList","@id":"https:\/\/bien-etreiris.ch\/de\/produktpraesentation\/gesundes-leben\/gesunde-lebensmittel\/zutaten-wohlbefinden\/zuckeralternativen\/yacon\/#breadcrumb","itemListElement":[{"@type":"ListItem","position":1,"name":"Home","item":"https:\/\/bien-etreiris.ch\/de\/"},{"@type":"ListItem","position":2,"name":"PRODUKTPR\u00c4SENTATION","item":"https:\/\/bien-etreiris.ch\/de\/produktpraesentation\/"},{"@type":"ListItem","position":3,"name":"GESUNDES LEBEN","item":"https:\/\/bien-etreiris.ch\/de\/produktpraesentation\/gesundes-leben\/"},{"@type":"ListItem","position":4,"name":"GESUNDE LEBENSMITTEL","item":"https:\/\/bien-etreiris.ch\/de\/produktpraesentation\/gesundes-leben\/gesunde-lebensmittel\/"},{"@type":"ListItem","position":5,"name":"ZUTATEN","item":"https:\/\/bien-etreiris.ch\/de\/produktpraesentation\/gesundes-leben\/gesunde-lebensmittel\/zutaten-wohlbefinden\/"},{"@type":"ListItem","position":6,"name":"ZUCKERALTERNATIVEN","item":"https:\/\/bien-etreiris.ch\/de\/produktpraesentation\/gesundes-leben\/gesunde-lebensmittel\/zutaten-wohlbefinden\/zuckeralternativen\/"},{"@type":"ListItem","position":7,"name":"YACON"}]},{"@type":"WebSite","@id":"https:\/\/bien-etreiris.ch\/de\/#website","url":"https:\/\/bien-etreiris.ch\/de\/","name":"Bien-\u00eatre Iris","description":"IHRE Gesundheit ist uns wichtig","potentialAction":[{"@type":"SearchAction","target":{"@type":"EntryPoint","urlTemplate":"https:\/\/bien-etreiris.ch\/de\/?s={search_term_string}"},"query-input":{"@type":"PropertyValueSpecification","valueRequired":true,"valueName":"search_term_string"}}],"inLanguage":"de"}]}},"_links":{"self":[{"href":"https:\/\/bien-etreiris.ch\/de\/wp-json\/wp\/v2\/pages\/66133","targetHints":{"allow":["GET"]}}],"collection":[{"href":"https:\/\/bien-etreiris.ch\/de\/wp-json\/wp\/v2\/pages"}],"about":[{"href":"https:\/\/bien-etreiris.ch\/de\/wp-json\/wp\/v2\/types\/page"}],"author":[{"embeddable":true,"href":"https:\/\/bien-etreiris.ch\/de\/wp-json\/wp\/v2\/users\/1"}],"replies":[{"embeddable":true,"href":"https:\/\/bien-etreiris.ch\/de\/wp-json\/wp\/v2\/comments?post=66133"}],"version-history":[{"count":2,"href":"https:\/\/bien-etreiris.ch\/de\/wp-json\/wp\/v2\/pages\/66133\/revisions"}],"predecessor-version":[{"id":97325,"href":"https:\/\/bien-etreiris.ch\/de\/wp-json\/wp\/v2\/pages\/66133\/revisions\/97325"}],"up":[{"embeddable":true,"href":"https:\/\/bien-etreiris.ch\/de\/wp-json\/wp\/v2\/pages\/34740"}],"wp:featuredmedia":[{"embeddable":true,"href":"https:\/\/bien-etreiris.ch\/de\/wp-json\/wp\/v2\/media\/66052"}],"wp:attachment":[{"href":"https:\/\/bien-etreiris.ch\/de\/wp-json\/wp\/v2\/media?parent=66133"}],"curies":[{"name":"wp","href":"https:\/\/api.w.org\/{rel}","templated":true}]}}