{"id":65945,"date":"2023-02-05T10:11:56","date_gmt":"2023-02-05T08:11:56","guid":{"rendered":"https:\/\/bien-etreiris.ch\/produktpraesentation\/gesundes-leben\/nahrungsergaenzungsmittel\/pflanzenheilkunde-gleichgewicht-durch-heilpflanzen\/kapseln-und-pulver-auf-pflanzlicher-basis\/extrait-de-konjac\/"},"modified":"2023-02-05T10:20:03","modified_gmt":"2023-02-05T08:20:03","slug":"konjakwurzel-extrakt","status":"publish","type":"page","link":"https:\/\/bien-etreiris.ch\/de\/produktpraesentation\/gesundes-leben\/nahrungsergaenzungsmittel\/pflanzenheilkunde-gleichgewicht-durch-heilpflanzen\/kapseln-und-pulver-auf-pflanzlicher-basis\/konjakwurzel-extrakt\/","title":{"rendered":"KONJAKWURZEL"},"content":{"rendered":"\n<h2>Kapseln mit Konjakwurzel-Extrakt<\/h2>\n<p><a href=\"https:\/\/bien-etreiris.ch\/wp-content\/uploads\/2023\/02\/titre-Konjac.jpg\"><img loading=\"lazy\" decoding=\"async\" class=\"wp-image-65933 alignleft\" src=\"https:\/\/bien-etreiris.ch\/wp-content\/uploads\/2023\/02\/titre-Konjac.jpg\" alt=\"\" width=\"234\" height=\"321\" srcset=\"https:\/\/bien-etreiris.ch\/wp-content\/uploads\/2023\/02\/titre-Konjac.jpg 584w, https:\/\/bien-etreiris.ch\/wp-content\/uploads\/2023\/02\/titre-Konjac-219x300.jpg 219w\" sizes=\"auto, (max-width: 234px) 100vw, 234px\" \/><\/a><\/p>\n<p>&nbsp;<\/p>\n<p>&nbsp;<\/p>\n<p>&nbsp;<\/p>\n<p>Abnehmkapseln mit 4200 mg Glucomannan<\/p>\n<p>aus der Konjakwurzel&nbsp;<\/p>\n<p>100 \u00b5g Chrom pro Tagesdosis<\/p>\n<p>&nbsp;<\/p>\n<p>1 Tiegel aus Glas mit 180 Kapseln <strong>CHF 18.00<\/strong><\/p>\n<p>&nbsp;<\/p>\n<p>&nbsp;<\/p>\n<p>&nbsp;<\/p>\n<p>Glucomannan + Chrom Konjakwurzelextrakt Kapseln von Unimedica sind mit 4.200 mg Glucomannan und 100 \u00b5g Chrom pro Tagesdosis (6 Kapseln) hochdosiert. Eine Tagesdosis deckt den Tagesbedarf eines Erwachsenen (Prozentsatz der N\u00e4hrstoffbezugswerte gem. Verordnung VO (EU) 1169 \/ 2011 (LMIV)) an Chrom zu 250 %.<\/p>\n<p>Die sogenannte Konjakwurzel geh\u00f6rt zu den Aronstabgew\u00e4chsen und stammt aus tropischen und subtropischen Gefilden. Sie ist relativ reich an Eiwei\u00df und besteht vor allem aus Ballaststoffen, was sie f\u00fcr eine kalorien- und kohlehydratarme Ern\u00e4hrung besonders wertvoll macht. Aus der gemahlenen Konjakwurzel werden in Asien zum Beispiel die Shirataki-Nudeln hergestellt, die mittlerweile begehrt f\u00fcr die Low Carb Ern\u00e4hrung sind.<\/p>\n<p>Au\u00dferdem enth\u00e4lt die Konjakwurzel Glucomannan, das - in ausreichender Menge verzehrt - den normalen Cholesterinspiegel unterst\u00fctzt (ab 4 g pro Tag) und bei der Gewichtsreduktion im Rahmen einer kalorienarmen Ern\u00e4hrung (ab 3 g pro Tag) hilft.<\/p>\n<p>Glucomannan + Chrom Konjakwurzelextrakt Kapseln von Unimedica versorgen den K\u00f6rper zus\u00e4tzlich mit Chrom, das zur Aufrechterhaltung eines normalen Blutzuckerspiegels beitr\u00e4gt und die Verstoffwechselung von Makron\u00e4hrstoffen f\u00f6rdert. Jedes&nbsp;Glas enth\u00e4lt 180 Kapseln.<\/p>\n<p>&nbsp;<\/p>\n<h4><strong>VEGAN UND OHNE&nbsp;FOLGENDE ZUSATZSTOFFE<\/strong><\/h4>\n<p>Vegane Kapselh\u00fclle aus reiner pflanzlicher Cellulose (HPMC), frei von Carrageen und PEG.<br>Glucomannan + Chrom Konjakwurzelextrakt Kapseln von Unimedica sind, entsprechend gesetzlichen Vorgaben,&nbsp;frei von Aromen, Farbstoffen, Stabilisatoren, Magnesiumstearat und sonstigen unerw\u00fcnschten Zusatzstoffen sowie&nbsp;ohne Gentechnik, laktosefrei, glutenfrei, gelatinefrei und vegan.<\/p>\n<h4><strong>WIRKUNGSSPEKTRUM<\/strong><\/h4>\n<p>(Von der Europ\u00e4ischen Beh\u00f6rde f\u00fcr Lebensmittelsicherheit (EFSA - European food safety authority) als gesichert angesehene Wirkungen)<\/p>\n<p>Glucomannan (Konjak Mannan) tr\u00e4gt ab 4 g t\u00e4glichem Verzehr nach Verzehrempfehlung bei <\/p>\n<ul>\n<li>zur Aufrechterhaltung eines normalen Cholesterinspiegels im Blut<\/li>\n<li>zum Gewichtsverlust im Rahmen einer kalorienarmen Ern\u00e4hrung<\/li>\n<\/ul>\n<p>Die positive Wirkung stellt sich bei einer t\u00e4glichen Aufnahme von 3 g Glucomannan in drei Portionen \u00e0 1 g in Verbindung mit 1-2 Gl\u00e4sern Wasser vor den Mahlzeiten und im Rahmen einer kalorienarmen Ern\u00e4hrung ein. Damit sich die positive Wirkung auf den Cholesterinspiegel entfaltet, sind t\u00e4glich 4 g (eine komplette Tagesdosis wie angegeben) Glucomannan einzunehmen.<\/p>\n<h4>Chrom tr\u00e4gt bei zu<\/h4>\n<ul>\n<li>einem normalen Stoffwechsel von Makron\u00e4hrstoffen<\/li>\n<li>zur Aufrechterhaltung eines normalen Blutzuckerspiegels<\/li>\n<\/ul>\n<p>&nbsp;<\/p>\n","protected":false},"excerpt":{"rendered":"<p>Kapseln mit Konjakwurzel-Extrakt &nbsp; &nbsp; &nbsp; Abnehmkapseln mit 4200 mg Glucomannan aus der Konjakwurzel&nbsp; 100 \u00b5g Chrom pro Tagesdosis &nbsp; 1 Tiegel aus Glas mit 180 Kapseln CHF 18.00 &nbsp; &nbsp; &nbsp; Glucomannan + Chrom Konjakwurzelextrakt Kapseln von Unimedica sind mit 4.200 mg Glucomannan und 100 \u00b5g Chrom pro Tagesdosis (6 Kapseln) hochdosiert. Eine Tagesdosis deckt den Tagesbedarf eines Erwachsenen&nbsp;<a href=\"https:\/\/bien-etreiris.ch\/de\/produktpraesentation\/gesundes-leben\/nahrungsergaenzungsmittel\/pflanzenheilkunde-gleichgewicht-durch-heilpflanzen\/kapseln-und-pulver-auf-pflanzlicher-basis\/konjakwurzel-extrakt\/\" class=\"read-more\">Weiter lesen<\/a><\/p>\n","protected":false},"author":1,"featured_media":65938,"parent":60901,"menu_order":3956,"comment_status":"closed","ping_status":"closed","template":"page-with-child.php","meta":{"_acf_changed":false,"ngg_post_thumbnail":0,"footnotes":""},"class_list":["post-65945","page","type-page","status-publish","has-post-thumbnail","hentry"],"acf":[],"yoast_head":"<!-- This site is optimized with the Yoast SEO plugin v27.6 - https:\/\/yoast.com\/product\/yoast-seo-wordpress\/ -->\n<title>KONJAKWURZEL - WOHLBEFINDEN<\/title>\n<meta name=\"robots\" content=\"index, follow, max-snippet:-1, max-image-preview:large, max-video-preview:-1\" \/>\n<link rel=\"canonical\" href=\"https:\/\/bien-etreiris.ch\/de\/produktpraesentation\/gesundes-leben\/nahrungsergaenzungsmittel\/pflanzenheilkunde-gleichgewicht-durch-heilpflanzen\/kapseln-und-pulver-auf-pflanzlicher-basis\/konjakwurzel-extrakt\/\" \/>\n<meta property=\"og:locale\" content=\"de_DE\" \/>\n<meta property=\"og:type\" content=\"article\" \/>\n<meta property=\"og:title\" content=\"KONJAKWURZEL - WOHLBEFINDEN\" \/>\n<meta property=\"og:description\" content=\"Kapseln mit Konjakwurzel-Extrakt &nbsp; &nbsp; &nbsp; Abnehmkapseln mit 4200 mg Glucomannan aus der Konjakwurzel&nbsp; 100 \u00b5g Chrom pro Tagesdosis &nbsp; 1 Tiegel aus Glas mit 180 Kapseln CHF 18.00 &nbsp; &nbsp; &nbsp; Glucomannan + Chrom Konjakwurzelextrakt Kapseln von Unimedica sind mit 4.200 mg Glucomannan und 100 \u00b5g Chrom pro Tagesdosis (6 Kapseln) hochdosiert. Eine Tagesdosis deckt den Tagesbedarf eines Erwachsenen&nbsp;Weiter lesen\" \/>\n<meta property=\"og:url\" content=\"https:\/\/bien-etreiris.ch\/de\/produktpraesentation\/gesundes-leben\/nahrungsergaenzungsmittel\/pflanzenheilkunde-gleichgewicht-durch-heilpflanzen\/kapseln-und-pulver-auf-pflanzlicher-basis\/konjakwurzel-extrakt\/\" \/>\n<meta property=\"og:site_name\" content=\"WOHLBEFINDEN\" \/>\n<meta property=\"article:publisher\" content=\"https:\/\/www.facebook.com\/bienetreiris\/\" \/>\n<meta property=\"article:modified_time\" content=\"2023-02-05T08:20:03+00:00\" \/>\n<meta property=\"og:image\" content=\"https:\/\/bien-etreiris.ch\/wp-content\/uploads\/2023\/02\/acceuil-konjac.jpg\" \/>\n\t<meta property=\"og:image:width\" content=\"500\" \/>\n\t<meta property=\"og:image:height\" content=\"331\" \/>\n\t<meta property=\"og:image:type\" content=\"image\/jpeg\" \/>\n<meta name=\"twitter:label1\" content=\"Gesch\u00e4tzte Lesezeit\" \/>\n\t<meta name=\"twitter:data1\" content=\"3\u00a0Minuten\" \/>\n<script type=\"application\/ld+json\" class=\"yoast-schema-graph\">{\"@context\":\"https:\\\/\\\/schema.org\",\"@graph\":[{\"@type\":\"WebPage\",\"@id\":\"https:\\\/\\\/bien-etreiris.ch\\\/de\\\/produktpraesentation\\\/gesundes-leben\\\/nahrungsergaenzungsmittel\\\/pflanzenheilkunde-gleichgewicht-durch-heilpflanzen\\\/kapseln-und-pulver-auf-pflanzlicher-basis\\\/konjakwurzel-extrakt\\\/\",\"url\":\"https:\\\/\\\/bien-etreiris.ch\\\/de\\\/produktpraesentation\\\/gesundes-leben\\\/nahrungsergaenzungsmittel\\\/pflanzenheilkunde-gleichgewicht-durch-heilpflanzen\\\/kapseln-und-pulver-auf-pflanzlicher-basis\\\/konjakwurzel-extrakt\\\/\",\"name\":\"KONJAKWURZEL - WOHLBEFINDEN\",\"isPartOf\":{\"@id\":\"https:\\\/\\\/bien-etreiris.ch\\\/de\\\/#website\"},\"primaryImageOfPage\":{\"@id\":\"https:\\\/\\\/bien-etreiris.ch\\\/de\\\/produktpraesentation\\\/gesundes-leben\\\/nahrungsergaenzungsmittel\\\/pflanzenheilkunde-gleichgewicht-durch-heilpflanzen\\\/kapseln-und-pulver-auf-pflanzlicher-basis\\\/konjakwurzel-extrakt\\\/#primaryimage\"},\"image\":{\"@id\":\"https:\\\/\\\/bien-etreiris.ch\\\/de\\\/produktpraesentation\\\/gesundes-leben\\\/nahrungsergaenzungsmittel\\\/pflanzenheilkunde-gleichgewicht-durch-heilpflanzen\\\/kapseln-und-pulver-auf-pflanzlicher-basis\\\/konjakwurzel-extrakt\\\/#primaryimage\"},\"thumbnailUrl\":\"https:\\\/\\\/bien-etreiris.ch\\\/wp-content\\\/uploads\\\/2023\\\/02\\\/acceuil-konjac.jpg\",\"datePublished\":\"2023-02-05T08:11:56+00:00\",\"dateModified\":\"2023-02-05T08:20:03+00:00\",\"breadcrumb\":{\"@id\":\"https:\\\/\\\/bien-etreiris.ch\\\/de\\\/produktpraesentation\\\/gesundes-leben\\\/nahrungsergaenzungsmittel\\\/pflanzenheilkunde-gleichgewicht-durch-heilpflanzen\\\/kapseln-und-pulver-auf-pflanzlicher-basis\\\/konjakwurzel-extrakt\\\/#breadcrumb\"},\"inLanguage\":\"de\",\"potentialAction\":[{\"@type\":\"ReadAction\",\"target\":[\"https:\\\/\\\/bien-etreiris.ch\\\/de\\\/produktpraesentation\\\/gesundes-leben\\\/nahrungsergaenzungsmittel\\\/pflanzenheilkunde-gleichgewicht-durch-heilpflanzen\\\/kapseln-und-pulver-auf-pflanzlicher-basis\\\/konjakwurzel-extrakt\\\/\"]}]},{\"@type\":\"ImageObject\",\"inLanguage\":\"de\",\"@id\":\"https:\\\/\\\/bien-etreiris.ch\\\/de\\\/produktpraesentation\\\/gesundes-leben\\\/nahrungsergaenzungsmittel\\\/pflanzenheilkunde-gleichgewicht-durch-heilpflanzen\\\/kapseln-und-pulver-auf-pflanzlicher-basis\\\/konjakwurzel-extrakt\\\/#primaryimage\",\"url\":\"https:\\\/\\\/bien-etreiris.ch\\\/wp-content\\\/uploads\\\/2023\\\/02\\\/acceuil-konjac.jpg\",\"contentUrl\":\"https:\\\/\\\/bien-etreiris.ch\\\/wp-content\\\/uploads\\\/2023\\\/02\\\/acceuil-konjac.jpg\",\"width\":500,\"height\":331},{\"@type\":\"BreadcrumbList\",\"@id\":\"https:\\\/\\\/bien-etreiris.ch\\\/de\\\/produktpraesentation\\\/gesundes-leben\\\/nahrungsergaenzungsmittel\\\/pflanzenheilkunde-gleichgewicht-durch-heilpflanzen\\\/kapseln-und-pulver-auf-pflanzlicher-basis\\\/konjakwurzel-extrakt\\\/#breadcrumb\",\"itemListElement\":[{\"@type\":\"ListItem\",\"position\":1,\"name\":\"Home\",\"item\":\"https:\\\/\\\/bien-etreiris.ch\\\/de\\\/\"},{\"@type\":\"ListItem\",\"position\":2,\"name\":\"PRODUKTPR\u00c4SENTATION\",\"item\":\"https:\\\/\\\/bien-etreiris.ch\\\/de\\\/produktpraesentation\\\/\"},{\"@type\":\"ListItem\",\"position\":3,\"name\":\"GESUNDES LEBEN\",\"item\":\"https:\\\/\\\/bien-etreiris.ch\\\/de\\\/produktpraesentation\\\/gesundes-leben\\\/\"},{\"@type\":\"ListItem\",\"position\":4,\"name\":\"NAHRUNGSERG\u00c4NZUNG\",\"item\":\"https:\\\/\\\/bien-etreiris.ch\\\/de\\\/produktpraesentation\\\/gesundes-leben\\\/nahrungsergaenzungsmittel\\\/\"},{\"@type\":\"ListItem\",\"position\":5,\"name\":\"PFLANZENHEILKUNDE\",\"item\":\"https:\\\/\\\/bien-etreiris.ch\\\/de\\\/produktpraesentation\\\/gesundes-leben\\\/nahrungsergaenzungsmittel\\\/pflanzenheilkunde-gleichgewicht-durch-heilpflanzen\\\/\"},{\"@type\":\"ListItem\",\"position\":6,\"name\":\"KAPSELN &#038; PULVER\",\"item\":\"https:\\\/\\\/bien-etreiris.ch\\\/de\\\/produktpraesentation\\\/gesundes-leben\\\/nahrungsergaenzungsmittel\\\/pflanzenheilkunde-gleichgewicht-durch-heilpflanzen\\\/kapseln-und-pulver-auf-pflanzlicher-basis\\\/\"},{\"@type\":\"ListItem\",\"position\":7,\"name\":\"KONJAKWURZEL\"}]},{\"@type\":\"WebSite\",\"@id\":\"https:\\\/\\\/bien-etreiris.ch\\\/de\\\/#website\",\"url\":\"https:\\\/\\\/bien-etreiris.ch\\\/de\\\/\",\"name\":\"Bien-\u00eatre Iris\",\"description\":\"IHRE Gesundheit ist uns wichtig\",\"potentialAction\":[{\"@type\":\"SearchAction\",\"target\":{\"@type\":\"EntryPoint\",\"urlTemplate\":\"https:\\\/\\\/bien-etreiris.ch\\\/de\\\/?s={search_term_string}\"},\"query-input\":{\"@type\":\"PropertyValueSpecification\",\"valueRequired\":true,\"valueName\":\"search_term_string\"}}],\"inLanguage\":\"de\"}]}<\/script>\n<!-- \/ Yoast SEO plugin. -->","yoast_head_json":{"title":"KONJAKWURZEL - WOHLBEFINDEN","robots":{"index":"index","follow":"follow","max-snippet":"max-snippet:-1","max-image-preview":"max-image-preview:large","max-video-preview":"max-video-preview:-1"},"canonical":"https:\/\/bien-etreiris.ch\/de\/produktpraesentation\/gesundes-leben\/nahrungsergaenzungsmittel\/pflanzenheilkunde-gleichgewicht-durch-heilpflanzen\/kapseln-und-pulver-auf-pflanzlicher-basis\/konjakwurzel-extrakt\/","og_locale":"de_DE","og_type":"article","og_title":"KONJAKWURZEL - WOHLBEFINDEN","og_description":"Kapseln mit Konjakwurzel-Extrakt &nbsp; &nbsp; &nbsp; Abnehmkapseln mit 4200 mg Glucomannan aus der Konjakwurzel&nbsp; 100 \u00b5g Chrom pro Tagesdosis &nbsp; 1 Tiegel aus Glas mit 180 Kapseln CHF 18.00 &nbsp; &nbsp; &nbsp; Glucomannan + Chrom Konjakwurzelextrakt Kapseln von Unimedica sind mit 4.200 mg Glucomannan und 100 \u00b5g Chrom pro Tagesdosis (6 Kapseln) hochdosiert. Eine Tagesdosis deckt den Tagesbedarf eines Erwachsenen&nbsp;Weiter lesen","og_url":"https:\/\/bien-etreiris.ch\/de\/produktpraesentation\/gesundes-leben\/nahrungsergaenzungsmittel\/pflanzenheilkunde-gleichgewicht-durch-heilpflanzen\/kapseln-und-pulver-auf-pflanzlicher-basis\/konjakwurzel-extrakt\/","og_site_name":"WOHLBEFINDEN","article_publisher":"https:\/\/www.facebook.com\/bienetreiris\/","article_modified_time":"2023-02-05T08:20:03+00:00","og_image":[{"width":500,"height":331,"url":"https:\/\/bien-etreiris.ch\/wp-content\/uploads\/2023\/02\/acceuil-konjac.jpg","type":"image\/jpeg"}],"twitter_misc":{"Gesch\u00e4tzte Lesezeit":"3\u00a0Minuten"},"schema":{"@context":"https:\/\/schema.org","@graph":[{"@type":"WebPage","@id":"https:\/\/bien-etreiris.ch\/de\/produktpraesentation\/gesundes-leben\/nahrungsergaenzungsmittel\/pflanzenheilkunde-gleichgewicht-durch-heilpflanzen\/kapseln-und-pulver-auf-pflanzlicher-basis\/konjakwurzel-extrakt\/","url":"https:\/\/bien-etreiris.ch\/de\/produktpraesentation\/gesundes-leben\/nahrungsergaenzungsmittel\/pflanzenheilkunde-gleichgewicht-durch-heilpflanzen\/kapseln-und-pulver-auf-pflanzlicher-basis\/konjakwurzel-extrakt\/","name":"KONJAKWURZEL - WOHLBEFINDEN","isPartOf":{"@id":"https:\/\/bien-etreiris.ch\/de\/#website"},"primaryImageOfPage":{"@id":"https:\/\/bien-etreiris.ch\/de\/produktpraesentation\/gesundes-leben\/nahrungsergaenzungsmittel\/pflanzenheilkunde-gleichgewicht-durch-heilpflanzen\/kapseln-und-pulver-auf-pflanzlicher-basis\/konjakwurzel-extrakt\/#primaryimage"},"image":{"@id":"https:\/\/bien-etreiris.ch\/de\/produktpraesentation\/gesundes-leben\/nahrungsergaenzungsmittel\/pflanzenheilkunde-gleichgewicht-durch-heilpflanzen\/kapseln-und-pulver-auf-pflanzlicher-basis\/konjakwurzel-extrakt\/#primaryimage"},"thumbnailUrl":"https:\/\/bien-etreiris.ch\/wp-content\/uploads\/2023\/02\/acceuil-konjac.jpg","datePublished":"2023-02-05T08:11:56+00:00","dateModified":"2023-02-05T08:20:03+00:00","breadcrumb":{"@id":"https:\/\/bien-etreiris.ch\/de\/produktpraesentation\/gesundes-leben\/nahrungsergaenzungsmittel\/pflanzenheilkunde-gleichgewicht-durch-heilpflanzen\/kapseln-und-pulver-auf-pflanzlicher-basis\/konjakwurzel-extrakt\/#breadcrumb"},"inLanguage":"de","potentialAction":[{"@type":"ReadAction","target":["https:\/\/bien-etreiris.ch\/de\/produktpraesentation\/gesundes-leben\/nahrungsergaenzungsmittel\/pflanzenheilkunde-gleichgewicht-durch-heilpflanzen\/kapseln-und-pulver-auf-pflanzlicher-basis\/konjakwurzel-extrakt\/"]}]},{"@type":"ImageObject","inLanguage":"de","@id":"https:\/\/bien-etreiris.ch\/de\/produktpraesentation\/gesundes-leben\/nahrungsergaenzungsmittel\/pflanzenheilkunde-gleichgewicht-durch-heilpflanzen\/kapseln-und-pulver-auf-pflanzlicher-basis\/konjakwurzel-extrakt\/#primaryimage","url":"https:\/\/bien-etreiris.ch\/wp-content\/uploads\/2023\/02\/acceuil-konjac.jpg","contentUrl":"https:\/\/bien-etreiris.ch\/wp-content\/uploads\/2023\/02\/acceuil-konjac.jpg","width":500,"height":331},{"@type":"BreadcrumbList","@id":"https:\/\/bien-etreiris.ch\/de\/produktpraesentation\/gesundes-leben\/nahrungsergaenzungsmittel\/pflanzenheilkunde-gleichgewicht-durch-heilpflanzen\/kapseln-und-pulver-auf-pflanzlicher-basis\/konjakwurzel-extrakt\/#breadcrumb","itemListElement":[{"@type":"ListItem","position":1,"name":"Home","item":"https:\/\/bien-etreiris.ch\/de\/"},{"@type":"ListItem","position":2,"name":"PRODUKTPR\u00c4SENTATION","item":"https:\/\/bien-etreiris.ch\/de\/produktpraesentation\/"},{"@type":"ListItem","position":3,"name":"GESUNDES LEBEN","item":"https:\/\/bien-etreiris.ch\/de\/produktpraesentation\/gesundes-leben\/"},{"@type":"ListItem","position":4,"name":"NAHRUNGSERG\u00c4NZUNG","item":"https:\/\/bien-etreiris.ch\/de\/produktpraesentation\/gesundes-leben\/nahrungsergaenzungsmittel\/"},{"@type":"ListItem","position":5,"name":"PFLANZENHEILKUNDE","item":"https:\/\/bien-etreiris.ch\/de\/produktpraesentation\/gesundes-leben\/nahrungsergaenzungsmittel\/pflanzenheilkunde-gleichgewicht-durch-heilpflanzen\/"},{"@type":"ListItem","position":6,"name":"KAPSELN &#038; PULVER","item":"https:\/\/bien-etreiris.ch\/de\/produktpraesentation\/gesundes-leben\/nahrungsergaenzungsmittel\/pflanzenheilkunde-gleichgewicht-durch-heilpflanzen\/kapseln-und-pulver-auf-pflanzlicher-basis\/"},{"@type":"ListItem","position":7,"name":"KONJAKWURZEL"}]},{"@type":"WebSite","@id":"https:\/\/bien-etreiris.ch\/de\/#website","url":"https:\/\/bien-etreiris.ch\/de\/","name":"Bien-\u00eatre Iris","description":"IHRE Gesundheit ist uns wichtig","potentialAction":[{"@type":"SearchAction","target":{"@type":"EntryPoint","urlTemplate":"https:\/\/bien-etreiris.ch\/de\/?s={search_term_string}"},"query-input":{"@type":"PropertyValueSpecification","valueRequired":true,"valueName":"search_term_string"}}],"inLanguage":"de"}]}},"_links":{"self":[{"href":"https:\/\/bien-etreiris.ch\/de\/wp-json\/wp\/v2\/pages\/65945","targetHints":{"allow":["GET"]}}],"collection":[{"href":"https:\/\/bien-etreiris.ch\/de\/wp-json\/wp\/v2\/pages"}],"about":[{"href":"https:\/\/bien-etreiris.ch\/de\/wp-json\/wp\/v2\/types\/page"}],"author":[{"embeddable":true,"href":"https:\/\/bien-etreiris.ch\/de\/wp-json\/wp\/v2\/users\/1"}],"replies":[{"embeddable":true,"href":"https:\/\/bien-etreiris.ch\/de\/wp-json\/wp\/v2\/comments?post=65945"}],"version-history":[{"count":2,"href":"https:\/\/bien-etreiris.ch\/de\/wp-json\/wp\/v2\/pages\/65945\/revisions"}],"predecessor-version":[{"id":65949,"href":"https:\/\/bien-etreiris.ch\/de\/wp-json\/wp\/v2\/pages\/65945\/revisions\/65949"}],"up":[{"embeddable":true,"href":"https:\/\/bien-etreiris.ch\/de\/wp-json\/wp\/v2\/pages\/60901"}],"wp:featuredmedia":[{"embeddable":true,"href":"https:\/\/bien-etreiris.ch\/de\/wp-json\/wp\/v2\/media\/65938"}],"wp:attachment":[{"href":"https:\/\/bien-etreiris.ch\/de\/wp-json\/wp\/v2\/media?parent=65945"}],"curies":[{"name":"wp","href":"https:\/\/api.w.org\/{rel}","templated":true}]}}