{"id":65913,"date":"2023-02-05T00:17:47","date_gmt":"2023-02-04T22:17:47","guid":{"rendered":"https:\/\/bien-etreiris.ch\/produktpraesentation\/gesundes-leben\/nahrungsergaenzungsmittel\/pflanzenheilkunde-gleichgewicht-durch-heilpflanzen\/kapseln-und-pulver-auf-pflanzlicher-basis\/extrait-the-vert\/"},"modified":"2023-02-05T00:37:53","modified_gmt":"2023-02-04T22:37:53","slug":"gruenteeextrakt","status":"publish","type":"page","link":"https:\/\/bien-etreiris.ch\/de\/produktpraesentation\/gesundes-leben\/nahrungsergaenzungsmittel\/pflanzenheilkunde-gleichgewicht-durch-heilpflanzen\/kapseln-und-pulver-auf-pflanzlicher-basis\/gruenteeextrakt\/","title":{"rendered":"GR\u00dcNTEEEXTRAKT"},"content":{"rendered":"\n\n\n<p>&nbsp;<\/p>\n<h2>&nbsp;<strong>beliebt f\u00fcr die Figur<\/strong><\/h2>\n<p>&nbsp;<\/p>\n<p><a href=\"https:\/\/bien-etreiris.ch\/wp-content\/uploads\/2023\/02\/the-vert.jpg\"><img loading=\"lazy\" decoding=\"async\" class=\"wp-image-65903 alignleft\" src=\"https:\/\/bien-etreiris.ch\/wp-content\/uploads\/2023\/02\/the-vert.jpg\" alt=\"\" width=\"222\" height=\"335\" srcset=\"https:\/\/bien-etreiris.ch\/wp-content\/uploads\/2023\/02\/the-vert.jpg 211w, https:\/\/bien-etreiris.ch\/wp-content\/uploads\/2023\/02\/the-vert-199x300.jpg 199w\" sizes=\"auto, (max-width: 222px) 100vw, 222px\" \/><\/a><\/p>\n<p>&nbsp;<\/p>\n<p>&nbsp;<\/p>\n<p>&nbsp;<\/p>\n<p>Unimedica<\/p>\n<ul style=\"list-style-type: disc;\">\n<li>Extrait de th\u00e9 vert<\/li>\n<li>98 % polyph\u00e9nols + 45 % \u00e9pigallocat\u00e9chine gallate (EGCG)<\/li>\n<li>hautement dos\u00e9&nbsp;<\/li>\n<\/ul>\n<p>180 capsules <strong>CHF 24.50<\/strong><\/p>\n<p>&nbsp;<\/p>\n<p>&nbsp;<\/p>\n<p>&nbsp;<\/p>\n<p>Gr\u00fcntee als Getr\u00e4nk oder Nahrungserg\u00e4nzung in Kapselform ist heute sehr beliebt bei figurbewussten und sportlich aktiven Menschen jedes Alters. Die frischen Bl\u00e4tter des Gr\u00fcnen Tees enthalten wertvolle sekund\u00e4re Pflanzenstoffe (Polyphenole), deren Effekte bereits im alten China gesch\u00e4tzt wurden.<\/p>\n<h4><strong>Welches Geheimnis steckt im Gr\u00fcntee Extrakt?<\/strong><\/h4>\n<p>In den Gr\u00fcntee Extrakt Kapseln von Unimedica ist das Beste enthalten, was Gr\u00fcner Tee zu bieten hat: 98 % Polyphenole und davon 45 %&nbsp;Epigallocatechingallat (EGCG). EGCG geh\u00f6rt zu den Catechinen und ist deren biologisch aktivste Form. Um dem K\u00f6rper die Aufnahme&nbsp;der wertvollen sekund\u00e4ren Pfanzenstoffe zus\u00e4tzlich zu erleichtern, enthalten Gr\u00fcntee Extrakt Kapseln von Unimedica auch einen Extrakt aus schwarzem Pfeffer. Auch dieser enth\u00e4lt EGCG.<\/p>\n<h4><strong>Einfach das regelm\u00e4\u00dfige Training unterst\u00fctzen<\/strong><\/h4>\n<p>Die frischen Bl\u00e4tter des Gr\u00fcnen Tees werden durch schonende Verarbeitung zu Gr\u00fcntee Extrakt konzentriert. \u201eVerpackt\u201c in eine pflanzliche H\u00fclle aus Zellulose lassen sich die Vorteile des Gr\u00fcntee Extrakts geschmacksneutral und unkompliziert genie\u00dfen.<\/p>\n<p>Jede Dose Gr\u00fcntee Extrakt Kapseln von Unimedica enth\u00e4lt 180 Kapseln. Das entspricht einem 6-Monats-Vorrat.<\/p>\n<h4><strong>VEGAN UND OHNE FOLGENDE ZUSATZSTOFFE<br><\/strong>Vegane Kapselh\u00fclle aus reiner pflanzlicher Cellulose (HPMC), frei von Carrageen und PEG.<br>Gr\u00fcntee Extrakt Kapseln von Unimedica sind, entsprechend gesetzlicher Vorgaben, frei von Konservierungsstoffen, weiterhin ohne Zus\u00e4tze wie Farbstoffe, Stabilisatoren, Trennmittel wie Magnesiumstearat, ohne Gentechnik sowie laktosefrei, glutenfrei und vegan.<\/h4>\n","protected":false},"excerpt":{"rendered":"<p>&nbsp; &nbsp;beliebt f\u00fcr die Figur &nbsp; &nbsp; &nbsp; &nbsp; Unimedica Extrait de th\u00e9 vert 98 % polyph\u00e9nols + 45 % \u00e9pigallocat\u00e9chine gallate (EGCG) hautement dos\u00e9&nbsp; 180 capsules CHF 24.50 &nbsp; &nbsp; &nbsp; Gr\u00fcntee als Getr\u00e4nk oder Nahrungserg\u00e4nzung in Kapselform ist heute sehr beliebt bei figurbewussten und sportlich aktiven Menschen jedes Alters. Die frischen Bl\u00e4tter des Gr\u00fcnen Tees enthalten wertvolle sekund\u00e4re&nbsp;<a href=\"https:\/\/bien-etreiris.ch\/de\/produktpraesentation\/gesundes-leben\/nahrungsergaenzungsmittel\/pflanzenheilkunde-gleichgewicht-durch-heilpflanzen\/kapseln-und-pulver-auf-pflanzlicher-basis\/gruenteeextrakt\/\" class=\"read-more\">Weiter lesen<\/a><\/p>\n","protected":false},"author":1,"featured_media":65902,"parent":60901,"menu_order":3960,"comment_status":"closed","ping_status":"closed","template":"page-with-child.php","meta":{"_acf_changed":false,"ngg_post_thumbnail":0,"footnotes":""},"class_list":["post-65913","page","type-page","status-publish","has-post-thumbnail","hentry"],"acf":[],"yoast_head":"<!-- This site is optimized with the Yoast SEO plugin v27.6 - https:\/\/yoast.com\/product\/yoast-seo-wordpress\/ -->\n<title>GR\u00dcNTEEEXTRAKT - WOHLBEFINDEN<\/title>\n<meta name=\"robots\" content=\"index, follow, max-snippet:-1, max-image-preview:large, max-video-preview:-1\" \/>\n<link rel=\"canonical\" href=\"https:\/\/bien-etreiris.ch\/de\/produktpraesentation\/gesundes-leben\/nahrungsergaenzungsmittel\/pflanzenheilkunde-gleichgewicht-durch-heilpflanzen\/kapseln-und-pulver-auf-pflanzlicher-basis\/gruenteeextrakt\/\" \/>\n<meta property=\"og:locale\" content=\"de_DE\" \/>\n<meta property=\"og:type\" content=\"article\" \/>\n<meta property=\"og:title\" content=\"GR\u00dcNTEEEXTRAKT - WOHLBEFINDEN\" \/>\n<meta property=\"og:description\" content=\"&nbsp; &nbsp;beliebt f\u00fcr die Figur &nbsp; &nbsp; &nbsp; &nbsp; Unimedica Extrait de th\u00e9 vert 98 % polyph\u00e9nols + 45 % \u00e9pigallocat\u00e9chine gallate (EGCG) hautement dos\u00e9&nbsp; 180 capsules CHF 24.50 &nbsp; &nbsp; &nbsp; Gr\u00fcntee als Getr\u00e4nk oder Nahrungserg\u00e4nzung in Kapselform ist heute sehr beliebt bei figurbewussten und sportlich aktiven Menschen jedes Alters. Die frischen Bl\u00e4tter des Gr\u00fcnen Tees enthalten wertvolle sekund\u00e4re&nbsp;Weiter lesen\" \/>\n<meta property=\"og:url\" content=\"https:\/\/bien-etreiris.ch\/de\/produktpraesentation\/gesundes-leben\/nahrungsergaenzungsmittel\/pflanzenheilkunde-gleichgewicht-durch-heilpflanzen\/kapseln-und-pulver-auf-pflanzlicher-basis\/gruenteeextrakt\/\" \/>\n<meta property=\"og:site_name\" content=\"WOHLBEFINDEN\" \/>\n<meta property=\"article:publisher\" content=\"https:\/\/www.facebook.com\/bienetreiris\/\" \/>\n<meta property=\"article:modified_time\" content=\"2023-02-04T22:37:53+00:00\" \/>\n<meta property=\"og:image\" content=\"https:\/\/bien-etreiris.ch\/wp-content\/uploads\/2023\/02\/acceuil-the-vert.jpg\" \/>\n\t<meta property=\"og:image:width\" content=\"500\" \/>\n\t<meta property=\"og:image:height\" content=\"375\" \/>\n\t<meta property=\"og:image:type\" content=\"image\/jpeg\" \/>\n<meta name=\"twitter:label1\" content=\"Gesch\u00e4tzte Lesezeit\" \/>\n\t<meta name=\"twitter:data1\" content=\"2\u00a0Minuten\" \/>\n<script type=\"application\/ld+json\" class=\"yoast-schema-graph\">{\"@context\":\"https:\\\/\\\/schema.org\",\"@graph\":[{\"@type\":\"WebPage\",\"@id\":\"https:\\\/\\\/bien-etreiris.ch\\\/de\\\/produktpraesentation\\\/gesundes-leben\\\/nahrungsergaenzungsmittel\\\/pflanzenheilkunde-gleichgewicht-durch-heilpflanzen\\\/kapseln-und-pulver-auf-pflanzlicher-basis\\\/gruenteeextrakt\\\/\",\"url\":\"https:\\\/\\\/bien-etreiris.ch\\\/de\\\/produktpraesentation\\\/gesundes-leben\\\/nahrungsergaenzungsmittel\\\/pflanzenheilkunde-gleichgewicht-durch-heilpflanzen\\\/kapseln-und-pulver-auf-pflanzlicher-basis\\\/gruenteeextrakt\\\/\",\"name\":\"GR\u00dcNTEEEXTRAKT - WOHLBEFINDEN\",\"isPartOf\":{\"@id\":\"https:\\\/\\\/bien-etreiris.ch\\\/de\\\/#website\"},\"primaryImageOfPage\":{\"@id\":\"https:\\\/\\\/bien-etreiris.ch\\\/de\\\/produktpraesentation\\\/gesundes-leben\\\/nahrungsergaenzungsmittel\\\/pflanzenheilkunde-gleichgewicht-durch-heilpflanzen\\\/kapseln-und-pulver-auf-pflanzlicher-basis\\\/gruenteeextrakt\\\/#primaryimage\"},\"image\":{\"@id\":\"https:\\\/\\\/bien-etreiris.ch\\\/de\\\/produktpraesentation\\\/gesundes-leben\\\/nahrungsergaenzungsmittel\\\/pflanzenheilkunde-gleichgewicht-durch-heilpflanzen\\\/kapseln-und-pulver-auf-pflanzlicher-basis\\\/gruenteeextrakt\\\/#primaryimage\"},\"thumbnailUrl\":\"https:\\\/\\\/bien-etreiris.ch\\\/wp-content\\\/uploads\\\/2023\\\/02\\\/acceuil-the-vert.jpg\",\"datePublished\":\"2023-02-04T22:17:47+00:00\",\"dateModified\":\"2023-02-04T22:37:53+00:00\",\"breadcrumb\":{\"@id\":\"https:\\\/\\\/bien-etreiris.ch\\\/de\\\/produktpraesentation\\\/gesundes-leben\\\/nahrungsergaenzungsmittel\\\/pflanzenheilkunde-gleichgewicht-durch-heilpflanzen\\\/kapseln-und-pulver-auf-pflanzlicher-basis\\\/gruenteeextrakt\\\/#breadcrumb\"},\"inLanguage\":\"de\",\"potentialAction\":[{\"@type\":\"ReadAction\",\"target\":[\"https:\\\/\\\/bien-etreiris.ch\\\/de\\\/produktpraesentation\\\/gesundes-leben\\\/nahrungsergaenzungsmittel\\\/pflanzenheilkunde-gleichgewicht-durch-heilpflanzen\\\/kapseln-und-pulver-auf-pflanzlicher-basis\\\/gruenteeextrakt\\\/\"]}]},{\"@type\":\"ImageObject\",\"inLanguage\":\"de\",\"@id\":\"https:\\\/\\\/bien-etreiris.ch\\\/de\\\/produktpraesentation\\\/gesundes-leben\\\/nahrungsergaenzungsmittel\\\/pflanzenheilkunde-gleichgewicht-durch-heilpflanzen\\\/kapseln-und-pulver-auf-pflanzlicher-basis\\\/gruenteeextrakt\\\/#primaryimage\",\"url\":\"https:\\\/\\\/bien-etreiris.ch\\\/wp-content\\\/uploads\\\/2023\\\/02\\\/acceuil-the-vert.jpg\",\"contentUrl\":\"https:\\\/\\\/bien-etreiris.ch\\\/wp-content\\\/uploads\\\/2023\\\/02\\\/acceuil-the-vert.jpg\",\"width\":500,\"height\":375},{\"@type\":\"BreadcrumbList\",\"@id\":\"https:\\\/\\\/bien-etreiris.ch\\\/de\\\/produktpraesentation\\\/gesundes-leben\\\/nahrungsergaenzungsmittel\\\/pflanzenheilkunde-gleichgewicht-durch-heilpflanzen\\\/kapseln-und-pulver-auf-pflanzlicher-basis\\\/gruenteeextrakt\\\/#breadcrumb\",\"itemListElement\":[{\"@type\":\"ListItem\",\"position\":1,\"name\":\"Home\",\"item\":\"https:\\\/\\\/bien-etreiris.ch\\\/de\\\/\"},{\"@type\":\"ListItem\",\"position\":2,\"name\":\"PRODUKTPR\u00c4SENTATION\",\"item\":\"https:\\\/\\\/bien-etreiris.ch\\\/de\\\/produktpraesentation\\\/\"},{\"@type\":\"ListItem\",\"position\":3,\"name\":\"GESUNDES LEBEN\",\"item\":\"https:\\\/\\\/bien-etreiris.ch\\\/de\\\/produktpraesentation\\\/gesundes-leben\\\/\"},{\"@type\":\"ListItem\",\"position\":4,\"name\":\"NAHRUNGSERG\u00c4NZUNG\",\"item\":\"https:\\\/\\\/bien-etreiris.ch\\\/de\\\/produktpraesentation\\\/gesundes-leben\\\/nahrungsergaenzungsmittel\\\/\"},{\"@type\":\"ListItem\",\"position\":5,\"name\":\"PFLANZENHEILKUNDE\",\"item\":\"https:\\\/\\\/bien-etreiris.ch\\\/de\\\/produktpraesentation\\\/gesundes-leben\\\/nahrungsergaenzungsmittel\\\/pflanzenheilkunde-gleichgewicht-durch-heilpflanzen\\\/\"},{\"@type\":\"ListItem\",\"position\":6,\"name\":\"KAPSELN &#038; PULVER\",\"item\":\"https:\\\/\\\/bien-etreiris.ch\\\/de\\\/produktpraesentation\\\/gesundes-leben\\\/nahrungsergaenzungsmittel\\\/pflanzenheilkunde-gleichgewicht-durch-heilpflanzen\\\/kapseln-und-pulver-auf-pflanzlicher-basis\\\/\"},{\"@type\":\"ListItem\",\"position\":7,\"name\":\"GR\u00dcNTEEEXTRAKT\"}]},{\"@type\":\"WebSite\",\"@id\":\"https:\\\/\\\/bien-etreiris.ch\\\/de\\\/#website\",\"url\":\"https:\\\/\\\/bien-etreiris.ch\\\/de\\\/\",\"name\":\"Bien-\u00eatre Iris\",\"description\":\"IHRE Gesundheit ist uns wichtig\",\"potentialAction\":[{\"@type\":\"SearchAction\",\"target\":{\"@type\":\"EntryPoint\",\"urlTemplate\":\"https:\\\/\\\/bien-etreiris.ch\\\/de\\\/?s={search_term_string}\"},\"query-input\":{\"@type\":\"PropertyValueSpecification\",\"valueRequired\":true,\"valueName\":\"search_term_string\"}}],\"inLanguage\":\"de\"}]}<\/script>\n<!-- \/ Yoast SEO plugin. -->","yoast_head_json":{"title":"GR\u00dcNTEEEXTRAKT - WOHLBEFINDEN","robots":{"index":"index","follow":"follow","max-snippet":"max-snippet:-1","max-image-preview":"max-image-preview:large","max-video-preview":"max-video-preview:-1"},"canonical":"https:\/\/bien-etreiris.ch\/de\/produktpraesentation\/gesundes-leben\/nahrungsergaenzungsmittel\/pflanzenheilkunde-gleichgewicht-durch-heilpflanzen\/kapseln-und-pulver-auf-pflanzlicher-basis\/gruenteeextrakt\/","og_locale":"de_DE","og_type":"article","og_title":"GR\u00dcNTEEEXTRAKT - WOHLBEFINDEN","og_description":"&nbsp; &nbsp;beliebt f\u00fcr die Figur &nbsp; &nbsp; &nbsp; &nbsp; Unimedica Extrait de th\u00e9 vert 98 % polyph\u00e9nols + 45 % \u00e9pigallocat\u00e9chine gallate (EGCG) hautement dos\u00e9&nbsp; 180 capsules CHF 24.50 &nbsp; &nbsp; &nbsp; Gr\u00fcntee als Getr\u00e4nk oder Nahrungserg\u00e4nzung in Kapselform ist heute sehr beliebt bei figurbewussten und sportlich aktiven Menschen jedes Alters. Die frischen Bl\u00e4tter des Gr\u00fcnen Tees enthalten wertvolle sekund\u00e4re&nbsp;Weiter lesen","og_url":"https:\/\/bien-etreiris.ch\/de\/produktpraesentation\/gesundes-leben\/nahrungsergaenzungsmittel\/pflanzenheilkunde-gleichgewicht-durch-heilpflanzen\/kapseln-und-pulver-auf-pflanzlicher-basis\/gruenteeextrakt\/","og_site_name":"WOHLBEFINDEN","article_publisher":"https:\/\/www.facebook.com\/bienetreiris\/","article_modified_time":"2023-02-04T22:37:53+00:00","og_image":[{"width":500,"height":375,"url":"https:\/\/bien-etreiris.ch\/wp-content\/uploads\/2023\/02\/acceuil-the-vert.jpg","type":"image\/jpeg"}],"twitter_misc":{"Gesch\u00e4tzte Lesezeit":"2\u00a0Minuten"},"schema":{"@context":"https:\/\/schema.org","@graph":[{"@type":"WebPage","@id":"https:\/\/bien-etreiris.ch\/de\/produktpraesentation\/gesundes-leben\/nahrungsergaenzungsmittel\/pflanzenheilkunde-gleichgewicht-durch-heilpflanzen\/kapseln-und-pulver-auf-pflanzlicher-basis\/gruenteeextrakt\/","url":"https:\/\/bien-etreiris.ch\/de\/produktpraesentation\/gesundes-leben\/nahrungsergaenzungsmittel\/pflanzenheilkunde-gleichgewicht-durch-heilpflanzen\/kapseln-und-pulver-auf-pflanzlicher-basis\/gruenteeextrakt\/","name":"GR\u00dcNTEEEXTRAKT - WOHLBEFINDEN","isPartOf":{"@id":"https:\/\/bien-etreiris.ch\/de\/#website"},"primaryImageOfPage":{"@id":"https:\/\/bien-etreiris.ch\/de\/produktpraesentation\/gesundes-leben\/nahrungsergaenzungsmittel\/pflanzenheilkunde-gleichgewicht-durch-heilpflanzen\/kapseln-und-pulver-auf-pflanzlicher-basis\/gruenteeextrakt\/#primaryimage"},"image":{"@id":"https:\/\/bien-etreiris.ch\/de\/produktpraesentation\/gesundes-leben\/nahrungsergaenzungsmittel\/pflanzenheilkunde-gleichgewicht-durch-heilpflanzen\/kapseln-und-pulver-auf-pflanzlicher-basis\/gruenteeextrakt\/#primaryimage"},"thumbnailUrl":"https:\/\/bien-etreiris.ch\/wp-content\/uploads\/2023\/02\/acceuil-the-vert.jpg","datePublished":"2023-02-04T22:17:47+00:00","dateModified":"2023-02-04T22:37:53+00:00","breadcrumb":{"@id":"https:\/\/bien-etreiris.ch\/de\/produktpraesentation\/gesundes-leben\/nahrungsergaenzungsmittel\/pflanzenheilkunde-gleichgewicht-durch-heilpflanzen\/kapseln-und-pulver-auf-pflanzlicher-basis\/gruenteeextrakt\/#breadcrumb"},"inLanguage":"de","potentialAction":[{"@type":"ReadAction","target":["https:\/\/bien-etreiris.ch\/de\/produktpraesentation\/gesundes-leben\/nahrungsergaenzungsmittel\/pflanzenheilkunde-gleichgewicht-durch-heilpflanzen\/kapseln-und-pulver-auf-pflanzlicher-basis\/gruenteeextrakt\/"]}]},{"@type":"ImageObject","inLanguage":"de","@id":"https:\/\/bien-etreiris.ch\/de\/produktpraesentation\/gesundes-leben\/nahrungsergaenzungsmittel\/pflanzenheilkunde-gleichgewicht-durch-heilpflanzen\/kapseln-und-pulver-auf-pflanzlicher-basis\/gruenteeextrakt\/#primaryimage","url":"https:\/\/bien-etreiris.ch\/wp-content\/uploads\/2023\/02\/acceuil-the-vert.jpg","contentUrl":"https:\/\/bien-etreiris.ch\/wp-content\/uploads\/2023\/02\/acceuil-the-vert.jpg","width":500,"height":375},{"@type":"BreadcrumbList","@id":"https:\/\/bien-etreiris.ch\/de\/produktpraesentation\/gesundes-leben\/nahrungsergaenzungsmittel\/pflanzenheilkunde-gleichgewicht-durch-heilpflanzen\/kapseln-und-pulver-auf-pflanzlicher-basis\/gruenteeextrakt\/#breadcrumb","itemListElement":[{"@type":"ListItem","position":1,"name":"Home","item":"https:\/\/bien-etreiris.ch\/de\/"},{"@type":"ListItem","position":2,"name":"PRODUKTPR\u00c4SENTATION","item":"https:\/\/bien-etreiris.ch\/de\/produktpraesentation\/"},{"@type":"ListItem","position":3,"name":"GESUNDES LEBEN","item":"https:\/\/bien-etreiris.ch\/de\/produktpraesentation\/gesundes-leben\/"},{"@type":"ListItem","position":4,"name":"NAHRUNGSERG\u00c4NZUNG","item":"https:\/\/bien-etreiris.ch\/de\/produktpraesentation\/gesundes-leben\/nahrungsergaenzungsmittel\/"},{"@type":"ListItem","position":5,"name":"PFLANZENHEILKUNDE","item":"https:\/\/bien-etreiris.ch\/de\/produktpraesentation\/gesundes-leben\/nahrungsergaenzungsmittel\/pflanzenheilkunde-gleichgewicht-durch-heilpflanzen\/"},{"@type":"ListItem","position":6,"name":"KAPSELN &#038; PULVER","item":"https:\/\/bien-etreiris.ch\/de\/produktpraesentation\/gesundes-leben\/nahrungsergaenzungsmittel\/pflanzenheilkunde-gleichgewicht-durch-heilpflanzen\/kapseln-und-pulver-auf-pflanzlicher-basis\/"},{"@type":"ListItem","position":7,"name":"GR\u00dcNTEEEXTRAKT"}]},{"@type":"WebSite","@id":"https:\/\/bien-etreiris.ch\/de\/#website","url":"https:\/\/bien-etreiris.ch\/de\/","name":"Bien-\u00eatre Iris","description":"IHRE Gesundheit ist uns wichtig","potentialAction":[{"@type":"SearchAction","target":{"@type":"EntryPoint","urlTemplate":"https:\/\/bien-etreiris.ch\/de\/?s={search_term_string}"},"query-input":{"@type":"PropertyValueSpecification","valueRequired":true,"valueName":"search_term_string"}}],"inLanguage":"de"}]}},"_links":{"self":[{"href":"https:\/\/bien-etreiris.ch\/de\/wp-json\/wp\/v2\/pages\/65913","targetHints":{"allow":["GET"]}}],"collection":[{"href":"https:\/\/bien-etreiris.ch\/de\/wp-json\/wp\/v2\/pages"}],"about":[{"href":"https:\/\/bien-etreiris.ch\/de\/wp-json\/wp\/v2\/types\/page"}],"author":[{"embeddable":true,"href":"https:\/\/bien-etreiris.ch\/de\/wp-json\/wp\/v2\/users\/1"}],"replies":[{"embeddable":true,"href":"https:\/\/bien-etreiris.ch\/de\/wp-json\/wp\/v2\/comments?post=65913"}],"version-history":[{"count":3,"href":"https:\/\/bien-etreiris.ch\/de\/wp-json\/wp\/v2\/pages\/65913\/revisions"}],"predecessor-version":[{"id":65917,"href":"https:\/\/bien-etreiris.ch\/de\/wp-json\/wp\/v2\/pages\/65913\/revisions\/65917"}],"up":[{"embeddable":true,"href":"https:\/\/bien-etreiris.ch\/de\/wp-json\/wp\/v2\/pages\/60901"}],"wp:featuredmedia":[{"embeddable":true,"href":"https:\/\/bien-etreiris.ch\/de\/wp-json\/wp\/v2\/media\/65902"}],"wp:attachment":[{"href":"https:\/\/bien-etreiris.ch\/de\/wp-json\/wp\/v2\/media?parent=65913"}],"curies":[{"name":"wp","href":"https:\/\/api.w.org\/{rel}","templated":true}]}}