{"id":65837,"date":"2023-02-04T16:46:53","date_gmt":"2023-02-04T14:46:53","guid":{"rendered":"https:\/\/bien-etreiris.ch\/produktpraesentation\/gesundes-leben\/gesunde-lebensmittel\/zutaten-wohlbefinden\/butterfett\/noix-de-coco\/"},"modified":"2024-01-17T09:57:34","modified_gmt":"2024-01-17T07:57:34","slug":"noix-de-coco","status":"publish","type":"page","link":"https:\/\/bien-etreiris.ch\/de\/produktpraesentation\/gesundes-leben\/gesunde-lebensmittel\/zutaten-wohlbefinden\/butterfett\/noix-de-coco\/","title":{"rendered":"NOIX DE COCO"},"content":{"rendered":"\n<h2>GRAISSE DE NOIX DE COCO<\/h2>\n<p><a href=\"https:\/\/decoiris.ch\/wp-content\/uploads\/2021\/03\/Huile-de-coco-produit.jpg\"><img loading=\"lazy\" decoding=\"async\" class=\" wp-image-40195 alignleft\" src=\"https:\/\/decoiris.ch\/wp-content\/uploads\/2021\/03\/Huile-de-coco-produit-300x300.jpg\" sizes=\"auto, (max-width: 300px) 100vw, 300px\" srcset=\"https:\/\/bien-etreiris.ch\/wp-content\/uploads\/2021\/03\/Huile-de-coco-produit-300x300.jpg 300w, https:\/\/bien-etreiris.ch\/wp-content\/uploads\/2021\/03\/Huile-de-coco-produit-150x150.jpg 150w, https:\/\/bien-etreiris.ch\/wp-content\/uploads\/2021\/03\/Huile-de-coco-produit-768x768.jpg 768w, https:\/\/bien-etreiris.ch\/wp-content\/uploads\/2021\/03\/Huile-de-coco-produit-1024x1024.jpg 1024w, https:\/\/bien-etreiris.ch\/wp-content\/uploads\/2021\/03\/Huile-de-coco-produit.jpg 1280w\" alt=\"\" width=\"425\" height=\"425\"><\/a><\/p>\n<p>&nbsp;<\/p>\n<p>&nbsp;<\/p>\n<p>&nbsp;<\/p>\n<p>&nbsp;<\/p>\n<h4 class=\"p-product-details__title bip-typography--headline2\"><strong data-v-20c8fc22=\"\" data-v-00ece6c5=\"\">Bio Plan\u00e8te<\/strong><\/h4>\n<p class=\"p-product-details__title bip-typography--headline2\"><strong>Graisse de noix de coco douce bio<\/strong><\/p>\n<p>950 ml <strong>CHF 19.10<\/strong><\/p>\n<p>400 ml <strong>CHF 8.90<\/strong><\/p>\n<p>&nbsp;<\/p>\n<p>&nbsp;<\/p>\n<p>&nbsp;<\/p>\n<p>&nbsp;<\/p>\n<p>&nbsp;<\/p>\n<p>Comme une huile de cuisson neutre, la graisse de coco est polyvalente et peut \u00eatre chauff\u00e9e \u00e0 tr\u00e8s haute temp\u00e9rature. La graisse de coco convient tr\u00e8s bien pour les plats exotiques et locaux, pour frire, cuire et r\u00f4tir ou comme substitut v\u00e9g\u00e9talien du beurre. Pour les snacks et les plats v\u00e9g\u00e9taliens (par exemple le dhal aux lentilles), la graisse de coco BIO PLAN\u00c8TE convient parfaitement. La graisse de coco est en outre un ingr\u00e9dient important dans la cosm\u00e9tique naturelle et est traditionnellement utilis\u00e9e dans les soins de la peau et des cheveux.<\/p>\n<p>Astuce \"z\u00e9ro d\u00e9chet\" pour la r\u00e9utilisation des pots : nos pots d'huile et de graisse de coco peuvent tr\u00e8s bien \u00eatre r\u00e9utilis\u00e9s. Que ce soit pour faire de la confiture, pour les transformer en bougies \u00e0 chauffe-plat ou pour conserver du th\u00e9, des c\u00e9r\u00e9ales ou des l\u00e9gumineuses. Trouvez d'autres id\u00e9es sous Upcycling &amp; Creatives.<\/p>\n<p>Essayez \u00e9galement notre huile de coco vierge ou notre huile de coco \"commerce \u00e9quitable\".<\/p>\n<p>&nbsp;<\/p>\n<div class=\"bp-product-features-container\">\n<div class=\"bp-product-features__item\">\n<div class=\"bp-product-features__icon\"><img loading=\"lazy\" decoding=\"async\" class=\"icon alignleft\" src=\"https:\/\/bioplanete.imgix.net\/96\/37\/8d\/1637315010\/deep-fry.svg?auto=compress%2Cenhance%2Cformat&amp;q=80\" alt=\"\" width=\"84\" height=\"84\"><\/div>\n<p>&nbsp;<\/p>\n<h4>Peut \u00eatre tr\u00e8s bien chauff\u00e9e<\/h4>\n<p>Convient pour la friture et la cuisson \u00e0 feu vif.<\/p>\n<\/div>\n<\/div>\n<div>&nbsp;<\/div>\n<div class=\"bp-product-features-container\">\n<div class=\"bp-product-features__item\">\n<div class=\"bp-product-features__icon\"><img loading=\"lazy\" decoding=\"async\" class=\"icon alignleft\" src=\"https:\/\/bioplanete.imgix.net\/33\/89\/54\/1637315010\/classic_drop.svg?auto=compress%2Cenhance%2Cformat&amp;q=80\" alt=\"\" width=\"74\" height=\"74\"><\/div>\n<p>&nbsp;<\/p>\n<h4>Huile Classic pour la cuisine quotidienne<\/h4>\n<p>V\u00e9g\u00e9talienne et polyvalente.<\/p>\n<\/div>\n<\/div>\n<div>&nbsp;<\/div>\n<div>&nbsp;<\/div>\n<div>&nbsp;<\/div>\n<div class=\"bp-product-features-container\">\n<div class=\"bp-product-features__icon\">\n<p><img loading=\"lazy\" decoding=\"async\" class=\"icon alignleft\" src=\"https:\/\/bioplanete.imgix.net\/4b\/2d\/10\/1637854243\/mild_desodoriert.svg?auto=compress%2Cenhance%2Cformat&amp;q=80\" alt=\"\" width=\"78\" height=\"78\"><\/p>\n<\/div>\n<h4 class=\"bp-product-features__item\">Raffin\u00e9e<\/h4>\n<p class=\"bp-product-features__item\"><br>Apr\u00e8s le pressage, les substances aromatiques sont \u00e9limin\u00e9es \u00e0 l'aide de vapeur d'eau afin de la neutraliser au niveau du go\u00fbt et de la rendre plus r\u00e9sistante \u00e0 la chaleur.<\/p>\n<\/div>\n<p>&nbsp;<\/p>\n<hr>\n<p>&nbsp;<\/p>\n<p><a href=\"https:\/\/bien-etreiris.ch\/de\/produktpraesentation\/gesundes-leben\/gesunde-lebensmittel\/zutaten-wohlbefinden\/butterfett\/noix-de-coco\/naruravit-graisse-2\/\" rel=\"attachment wp-att-83106\"><img loading=\"lazy\" decoding=\"async\" class=\"size-full wp-image-83106 alignleft\" src=\"https:\/\/bien-etreiris.ch\/wp-content\/uploads\/2024\/01\/Naruravit-graisse.jpg\" alt=\"\" width=\"320\" height=\"320\" srcset=\"https:\/\/bien-etreiris.ch\/wp-content\/uploads\/2024\/01\/Naruravit-graisse.jpg 320w, https:\/\/bien-etreiris.ch\/wp-content\/uploads\/2024\/01\/Naruravit-graisse-300x300.jpg 300w, https:\/\/bien-etreiris.ch\/wp-content\/uploads\/2024\/01\/Naruravit-graisse-150x150.jpg 150w\" sizes=\"auto, (max-width: 320px) 100vw, 320px\" \/><\/a><\/p>\n<p>&nbsp;<\/p>\n<p>&nbsp;<\/p>\n<p>&nbsp;<\/p>\n<p>&nbsp;<\/p>\n<p>&nbsp;<\/p>\n<h4>Naturavit<\/h4>\n<p>250 g CHF 6.30<\/p>\n<p>en vrac 100 g CHF 2.20<\/p>\n<p>ou en 3 kg CHF 62.00<\/p>\n<p>&nbsp;<\/p>\n<p>&nbsp;<\/p>\n<p>&nbsp;<\/p>\n<h4>G\u00e9n\u00e9ralit\u00e9s<\/h4>\n<p>On utilise souvent le terme \"huile de coco\" pour d\u00e9signer la graisse de coco. En fin de compte, il ne s'agit que de cela. La consistance de la graisse de coco d\u00e9pend en grande partie de la temp\u00e9rature ambiante. Avec un point de fusion compris entre 18 et 23 \u00b0C, la graisse de coco peut devenir molle ou m\u00eame liquide \u00e0 temp\u00e9rature ambiante.<\/p>\n<h4><br>Particularit\u00e9s<\/h4>\n<p>La graisse de coco est fabriqu\u00e9e \u00e0 partir de la pulpe de noix de coco. La graisse de coco provient d'anciennes plantations existantes aux Philippines et est trait\u00e9e directement sur place.<br>Production<br>La graisse de coco est fabriqu\u00e9e \u00e0 partir de la pulpe de noix de coco. La graisse de coco provient d'anciennes plantations existantes aux Philippines et est transform\u00e9e directement sur place. Pour ce faire, la pulpe est extraite des noix de coco, s\u00e9ch\u00e9e et broy\u00e9e. La masse est ensuite humidifi\u00e9e \u00e0 la vapeur chaude et press\u00e9e \u00e0 chaud (env. 80-100 \u00b0C). Le pressage se fait alors de mani\u00e8re purement m\u00e9canique. L'huile ainsi obtenue est d'abord grossi\u00e8rement tamis\u00e9e, puis laiss\u00e9e au repos pour d\u00e9canter les mati\u00e8res en suspension. Elle est ensuite \u00e9goutt\u00e9e et filtr\u00e9e. L'huile de coco brute est ensuite chauff\u00e9e une nouvelle fois et m\u00e9lang\u00e9e \u00e0 de l'eau chaude et \u00e0 de l'acide citrique (contre le voile gris). Apr\u00e8s l'\u00e9limination compl\u00e8te de ces derniers, elle est trait\u00e9e \u00e0 la vapeur d'eau sous vide pouss\u00e9 (d\u00e9sodorisation \u00e0 210-220 \u00b0C). Cela permet d'att\u00e9nuer le fort go\u00fbt et l'odeur propres. Il n'y a pas d'autres \u00e9tapes de traitement, notamment pas de durcissement ni de transest\u00e9rification. De m\u00eame, aucun produit chimique n'est utilis\u00e9 pour l'extraction et la fabrication de la graisse.<\/p>\n<h4><br>Utilisation<\/h4>\n<p>La graisse de coco est particuli\u00e8rement adapt\u00e9e \u00e0 la cuisson et \u00e0 la friture. Dans une alimentation saine et \u00e9quilibr\u00e9e, il est recommand\u00e9 de ne pas utiliser la graisse de coco comme seule mati\u00e8re grasse. Comme elle ne contient que peu d'acides gras essentiels essentiels pour le corps humain, la graisse de coco doit \u00eatre combin\u00e9e avec d'autres huiles v\u00e9g\u00e9tales de qualit\u00e9 (par exemple l'huile d'olive, l'huile de tournesol, l'huile de colza et l'huile de lin).<\/p>\n<p>&nbsp;<\/p>\n","protected":false},"excerpt":{"rendered":"<p>GRAISSE DE NOIX DE COCO &nbsp; &nbsp; &nbsp; &nbsp; Bio Plan\u00e8te Graisse de noix de coco douce bio 950 ml CHF 19.10 400 ml CHF 8.90 &nbsp; &nbsp; &nbsp; &nbsp; &nbsp; Comme une huile de cuisson neutre, la graisse de coco est polyvalente et peut \u00eatre chauff\u00e9e \u00e0 tr\u00e8s haute temp\u00e9rature. La graisse de coco convient tr\u00e8s bien pour les&nbsp;<a href=\"https:\/\/bien-etreiris.ch\/de\/produktpraesentation\/gesundes-leben\/gesunde-lebensmittel\/zutaten-wohlbefinden\/butterfett\/noix-de-coco\/\" class=\"read-more\">Weiter lesen<\/a><\/p>\n","protected":false},"author":1,"featured_media":65832,"parent":44274,"menu_order":3966,"comment_status":"closed","ping_status":"closed","template":"page-with-child.php","meta":{"_acf_changed":false,"ngg_post_thumbnail":0,"footnotes":""},"class_list":["post-65837","page","type-page","status-publish","has-post-thumbnail","hentry"],"acf":[],"yoast_head":"<!-- This site is optimized with the Yoast SEO plugin v27.4 - https:\/\/yoast.com\/product\/yoast-seo-wordpress\/ -->\n<title>NOIX DE COCO - WOHLBEFINDEN<\/title>\n<meta name=\"robots\" content=\"index, follow, max-snippet:-1, max-image-preview:large, max-video-preview:-1\" \/>\n<link rel=\"canonical\" href=\"https:\/\/bien-etreiris.ch\/de\/produktpraesentation\/gesundes-leben\/gesunde-lebensmittel\/zutaten-wohlbefinden\/butterfett\/noix-de-coco\/\" \/>\n<meta property=\"og:locale\" content=\"de_DE\" \/>\n<meta property=\"og:type\" content=\"article\" \/>\n<meta property=\"og:title\" content=\"NOIX DE COCO - WOHLBEFINDEN\" \/>\n<meta property=\"og:description\" content=\"GRAISSE DE NOIX DE COCO &nbsp; &nbsp; &nbsp; &nbsp; Bio Plan\u00e8te Graisse de noix de coco douce bio 950 ml CHF 19.10 400 ml CHF 8.90 &nbsp; &nbsp; &nbsp; &nbsp; &nbsp; Comme une huile de cuisson neutre, la graisse de coco est polyvalente et peut \u00eatre chauff\u00e9e \u00e0 tr\u00e8s haute temp\u00e9rature. La graisse de coco convient tr\u00e8s bien pour les&nbsp;Weiter lesen\" \/>\n<meta property=\"og:url\" content=\"https:\/\/bien-etreiris.ch\/de\/produktpraesentation\/gesundes-leben\/gesunde-lebensmittel\/zutaten-wohlbefinden\/butterfett\/noix-de-coco\/\" \/>\n<meta property=\"og:site_name\" content=\"WOHLBEFINDEN\" \/>\n<meta property=\"article:publisher\" content=\"https:\/\/www.facebook.com\/bienetreiris\/\" \/>\n<meta property=\"article:modified_time\" content=\"2024-01-17T07:57:34+00:00\" \/>\n<meta property=\"og:image\" content=\"https:\/\/bien-etreiris.ch\/wp-content\/uploads\/2023\/02\/acceuil-graisse-de-coco.jpg\" \/>\n\t<meta property=\"og:image:width\" content=\"500\" \/>\n\t<meta property=\"og:image:height\" content=\"333\" \/>\n\t<meta property=\"og:image:type\" content=\"image\/jpeg\" \/>\n<meta name=\"twitter:label1\" content=\"Gesch\u00e4tzte Lesezeit\" \/>\n\t<meta name=\"twitter:data1\" content=\"3\u00a0Minuten\" \/>\n<script type=\"application\/ld+json\" class=\"yoast-schema-graph\">{\"@context\":\"https:\\\/\\\/schema.org\",\"@graph\":[{\"@type\":\"WebPage\",\"@id\":\"https:\\\/\\\/bien-etreiris.ch\\\/de\\\/produktpraesentation\\\/gesundes-leben\\\/gesunde-lebensmittel\\\/zutaten-wohlbefinden\\\/butterfett\\\/noix-de-coco\\\/\",\"url\":\"https:\\\/\\\/bien-etreiris.ch\\\/de\\\/produktpraesentation\\\/gesundes-leben\\\/gesunde-lebensmittel\\\/zutaten-wohlbefinden\\\/butterfett\\\/noix-de-coco\\\/\",\"name\":\"NOIX DE COCO - WOHLBEFINDEN\",\"isPartOf\":{\"@id\":\"https:\\\/\\\/bien-etreiris.ch\\\/de\\\/#website\"},\"primaryImageOfPage\":{\"@id\":\"https:\\\/\\\/bien-etreiris.ch\\\/de\\\/produktpraesentation\\\/gesundes-leben\\\/gesunde-lebensmittel\\\/zutaten-wohlbefinden\\\/butterfett\\\/noix-de-coco\\\/#primaryimage\"},\"image\":{\"@id\":\"https:\\\/\\\/bien-etreiris.ch\\\/de\\\/produktpraesentation\\\/gesundes-leben\\\/gesunde-lebensmittel\\\/zutaten-wohlbefinden\\\/butterfett\\\/noix-de-coco\\\/#primaryimage\"},\"thumbnailUrl\":\"https:\\\/\\\/bien-etreiris.ch\\\/wp-content\\\/uploads\\\/2023\\\/02\\\/acceuil-graisse-de-coco.jpg\",\"datePublished\":\"2023-02-04T14:46:53+00:00\",\"dateModified\":\"2024-01-17T07:57:34+00:00\",\"breadcrumb\":{\"@id\":\"https:\\\/\\\/bien-etreiris.ch\\\/de\\\/produktpraesentation\\\/gesundes-leben\\\/gesunde-lebensmittel\\\/zutaten-wohlbefinden\\\/butterfett\\\/noix-de-coco\\\/#breadcrumb\"},\"inLanguage\":\"de\",\"potentialAction\":[{\"@type\":\"ReadAction\",\"target\":[\"https:\\\/\\\/bien-etreiris.ch\\\/de\\\/produktpraesentation\\\/gesundes-leben\\\/gesunde-lebensmittel\\\/zutaten-wohlbefinden\\\/butterfett\\\/noix-de-coco\\\/\"]}]},{\"@type\":\"ImageObject\",\"inLanguage\":\"de\",\"@id\":\"https:\\\/\\\/bien-etreiris.ch\\\/de\\\/produktpraesentation\\\/gesundes-leben\\\/gesunde-lebensmittel\\\/zutaten-wohlbefinden\\\/butterfett\\\/noix-de-coco\\\/#primaryimage\",\"url\":\"https:\\\/\\\/bien-etreiris.ch\\\/wp-content\\\/uploads\\\/2023\\\/02\\\/acceuil-graisse-de-coco.jpg\",\"contentUrl\":\"https:\\\/\\\/bien-etreiris.ch\\\/wp-content\\\/uploads\\\/2023\\\/02\\\/acceuil-graisse-de-coco.jpg\",\"width\":500,\"height\":333},{\"@type\":\"BreadcrumbList\",\"@id\":\"https:\\\/\\\/bien-etreiris.ch\\\/de\\\/produktpraesentation\\\/gesundes-leben\\\/gesunde-lebensmittel\\\/zutaten-wohlbefinden\\\/butterfett\\\/noix-de-coco\\\/#breadcrumb\",\"itemListElement\":[{\"@type\":\"ListItem\",\"position\":1,\"name\":\"Home\",\"item\":\"https:\\\/\\\/bien-etreiris.ch\\\/de\\\/\"},{\"@type\":\"ListItem\",\"position\":2,\"name\":\"PRODUKTPR\u00c4SENTATION\",\"item\":\"https:\\\/\\\/bien-etreiris.ch\\\/de\\\/produktpraesentation\\\/\"},{\"@type\":\"ListItem\",\"position\":3,\"name\":\"GESUNDES LEBEN\",\"item\":\"https:\\\/\\\/bien-etreiris.ch\\\/de\\\/produktpraesentation\\\/gesundes-leben\\\/\"},{\"@type\":\"ListItem\",\"position\":4,\"name\":\"GESUNDE LEBENSMITTEL\",\"item\":\"https:\\\/\\\/bien-etreiris.ch\\\/de\\\/produktpraesentation\\\/gesundes-leben\\\/gesunde-lebensmittel\\\/\"},{\"@type\":\"ListItem\",\"position\":5,\"name\":\"ZUTATEN\",\"item\":\"https:\\\/\\\/bien-etreiris.ch\\\/de\\\/produktpraesentation\\\/gesundes-leben\\\/gesunde-lebensmittel\\\/zutaten-wohlbefinden\\\/\"},{\"@type\":\"ListItem\",\"position\":6,\"name\":\"BUTTERFETT\",\"item\":\"https:\\\/\\\/bien-etreiris.ch\\\/de\\\/produktpraesentation\\\/gesundes-leben\\\/gesunde-lebensmittel\\\/zutaten-wohlbefinden\\\/butterfett\\\/\"},{\"@type\":\"ListItem\",\"position\":7,\"name\":\"NOIX DE COCO\"}]},{\"@type\":\"WebSite\",\"@id\":\"https:\\\/\\\/bien-etreiris.ch\\\/de\\\/#website\",\"url\":\"https:\\\/\\\/bien-etreiris.ch\\\/de\\\/\",\"name\":\"Bien-\u00eatre Iris\",\"description\":\"IHRE Gesundheit ist uns wichtig\",\"potentialAction\":[{\"@type\":\"SearchAction\",\"target\":{\"@type\":\"EntryPoint\",\"urlTemplate\":\"https:\\\/\\\/bien-etreiris.ch\\\/de\\\/?s={search_term_string}\"},\"query-input\":{\"@type\":\"PropertyValueSpecification\",\"valueRequired\":true,\"valueName\":\"search_term_string\"}}],\"inLanguage\":\"de\"}]}<\/script>\n<!-- \/ Yoast SEO plugin. -->","yoast_head_json":{"title":"NOIX DE COCO - WOHLBEFINDEN","robots":{"index":"index","follow":"follow","max-snippet":"max-snippet:-1","max-image-preview":"max-image-preview:large","max-video-preview":"max-video-preview:-1"},"canonical":"https:\/\/bien-etreiris.ch\/de\/produktpraesentation\/gesundes-leben\/gesunde-lebensmittel\/zutaten-wohlbefinden\/butterfett\/noix-de-coco\/","og_locale":"de_DE","og_type":"article","og_title":"NOIX DE COCO - WOHLBEFINDEN","og_description":"GRAISSE DE NOIX DE COCO &nbsp; &nbsp; &nbsp; &nbsp; Bio Plan\u00e8te Graisse de noix de coco douce bio 950 ml CHF 19.10 400 ml CHF 8.90 &nbsp; &nbsp; &nbsp; &nbsp; &nbsp; Comme une huile de cuisson neutre, la graisse de coco est polyvalente et peut \u00eatre chauff\u00e9e \u00e0 tr\u00e8s haute temp\u00e9rature. La graisse de coco convient tr\u00e8s bien pour les&nbsp;Weiter lesen","og_url":"https:\/\/bien-etreiris.ch\/de\/produktpraesentation\/gesundes-leben\/gesunde-lebensmittel\/zutaten-wohlbefinden\/butterfett\/noix-de-coco\/","og_site_name":"WOHLBEFINDEN","article_publisher":"https:\/\/www.facebook.com\/bienetreiris\/","article_modified_time":"2024-01-17T07:57:34+00:00","og_image":[{"width":500,"height":333,"url":"https:\/\/bien-etreiris.ch\/wp-content\/uploads\/2023\/02\/acceuil-graisse-de-coco.jpg","type":"image\/jpeg"}],"twitter_misc":{"Gesch\u00e4tzte Lesezeit":"3\u00a0Minuten"},"schema":{"@context":"https:\/\/schema.org","@graph":[{"@type":"WebPage","@id":"https:\/\/bien-etreiris.ch\/de\/produktpraesentation\/gesundes-leben\/gesunde-lebensmittel\/zutaten-wohlbefinden\/butterfett\/noix-de-coco\/","url":"https:\/\/bien-etreiris.ch\/de\/produktpraesentation\/gesundes-leben\/gesunde-lebensmittel\/zutaten-wohlbefinden\/butterfett\/noix-de-coco\/","name":"NOIX DE COCO - WOHLBEFINDEN","isPartOf":{"@id":"https:\/\/bien-etreiris.ch\/de\/#website"},"primaryImageOfPage":{"@id":"https:\/\/bien-etreiris.ch\/de\/produktpraesentation\/gesundes-leben\/gesunde-lebensmittel\/zutaten-wohlbefinden\/butterfett\/noix-de-coco\/#primaryimage"},"image":{"@id":"https:\/\/bien-etreiris.ch\/de\/produktpraesentation\/gesundes-leben\/gesunde-lebensmittel\/zutaten-wohlbefinden\/butterfett\/noix-de-coco\/#primaryimage"},"thumbnailUrl":"https:\/\/bien-etreiris.ch\/wp-content\/uploads\/2023\/02\/acceuil-graisse-de-coco.jpg","datePublished":"2023-02-04T14:46:53+00:00","dateModified":"2024-01-17T07:57:34+00:00","breadcrumb":{"@id":"https:\/\/bien-etreiris.ch\/de\/produktpraesentation\/gesundes-leben\/gesunde-lebensmittel\/zutaten-wohlbefinden\/butterfett\/noix-de-coco\/#breadcrumb"},"inLanguage":"de","potentialAction":[{"@type":"ReadAction","target":["https:\/\/bien-etreiris.ch\/de\/produktpraesentation\/gesundes-leben\/gesunde-lebensmittel\/zutaten-wohlbefinden\/butterfett\/noix-de-coco\/"]}]},{"@type":"ImageObject","inLanguage":"de","@id":"https:\/\/bien-etreiris.ch\/de\/produktpraesentation\/gesundes-leben\/gesunde-lebensmittel\/zutaten-wohlbefinden\/butterfett\/noix-de-coco\/#primaryimage","url":"https:\/\/bien-etreiris.ch\/wp-content\/uploads\/2023\/02\/acceuil-graisse-de-coco.jpg","contentUrl":"https:\/\/bien-etreiris.ch\/wp-content\/uploads\/2023\/02\/acceuil-graisse-de-coco.jpg","width":500,"height":333},{"@type":"BreadcrumbList","@id":"https:\/\/bien-etreiris.ch\/de\/produktpraesentation\/gesundes-leben\/gesunde-lebensmittel\/zutaten-wohlbefinden\/butterfett\/noix-de-coco\/#breadcrumb","itemListElement":[{"@type":"ListItem","position":1,"name":"Home","item":"https:\/\/bien-etreiris.ch\/de\/"},{"@type":"ListItem","position":2,"name":"PRODUKTPR\u00c4SENTATION","item":"https:\/\/bien-etreiris.ch\/de\/produktpraesentation\/"},{"@type":"ListItem","position":3,"name":"GESUNDES LEBEN","item":"https:\/\/bien-etreiris.ch\/de\/produktpraesentation\/gesundes-leben\/"},{"@type":"ListItem","position":4,"name":"GESUNDE LEBENSMITTEL","item":"https:\/\/bien-etreiris.ch\/de\/produktpraesentation\/gesundes-leben\/gesunde-lebensmittel\/"},{"@type":"ListItem","position":5,"name":"ZUTATEN","item":"https:\/\/bien-etreiris.ch\/de\/produktpraesentation\/gesundes-leben\/gesunde-lebensmittel\/zutaten-wohlbefinden\/"},{"@type":"ListItem","position":6,"name":"BUTTERFETT","item":"https:\/\/bien-etreiris.ch\/de\/produktpraesentation\/gesundes-leben\/gesunde-lebensmittel\/zutaten-wohlbefinden\/butterfett\/"},{"@type":"ListItem","position":7,"name":"NOIX DE COCO"}]},{"@type":"WebSite","@id":"https:\/\/bien-etreiris.ch\/de\/#website","url":"https:\/\/bien-etreiris.ch\/de\/","name":"Bien-\u00eatre Iris","description":"IHRE Gesundheit ist uns wichtig","potentialAction":[{"@type":"SearchAction","target":{"@type":"EntryPoint","urlTemplate":"https:\/\/bien-etreiris.ch\/de\/?s={search_term_string}"},"query-input":{"@type":"PropertyValueSpecification","valueRequired":true,"valueName":"search_term_string"}}],"inLanguage":"de"}]}},"_links":{"self":[{"href":"https:\/\/bien-etreiris.ch\/de\/wp-json\/wp\/v2\/pages\/65837","targetHints":{"allow":["GET"]}}],"collection":[{"href":"https:\/\/bien-etreiris.ch\/de\/wp-json\/wp\/v2\/pages"}],"about":[{"href":"https:\/\/bien-etreiris.ch\/de\/wp-json\/wp\/v2\/types\/page"}],"author":[{"embeddable":true,"href":"https:\/\/bien-etreiris.ch\/de\/wp-json\/wp\/v2\/users\/1"}],"replies":[{"embeddable":true,"href":"https:\/\/bien-etreiris.ch\/de\/wp-json\/wp\/v2\/comments?post=65837"}],"version-history":[{"count":2,"href":"https:\/\/bien-etreiris.ch\/de\/wp-json\/wp\/v2\/pages\/65837\/revisions"}],"predecessor-version":[{"id":83111,"href":"https:\/\/bien-etreiris.ch\/de\/wp-json\/wp\/v2\/pages\/65837\/revisions\/83111"}],"up":[{"embeddable":true,"href":"https:\/\/bien-etreiris.ch\/de\/wp-json\/wp\/v2\/pages\/44274"}],"wp:featuredmedia":[{"embeddable":true,"href":"https:\/\/bien-etreiris.ch\/de\/wp-json\/wp\/v2\/media\/65832"}],"wp:attachment":[{"href":"https:\/\/bien-etreiris.ch\/de\/wp-json\/wp\/v2\/media?parent=65837"}],"curies":[{"name":"wp","href":"https:\/\/api.w.org\/{rel}","templated":true}]}}