{"id":65781,"date":"2023-02-04T12:49:04","date_gmt":"2023-02-04T10:49:04","guid":{"rendered":"https:\/\/bien-etreiris.ch\/produktpraesentation\/hygiene\/koerperpflege\/mundhygiene\/mundspuelung\/au-xylitol\/"},"modified":"2023-02-04T13:37:03","modified_gmt":"2023-02-04T11:37:03","slug":"mit-xylitol","status":"publish","type":"page","link":"https:\/\/bien-etreiris.ch\/de\/produktpraesentation\/hygiene\/koerperpflege\/mundhygiene\/mundspuelung\/mit-xylitol\/","title":{"rendered":"MIT XYLITOL"},"content":{"rendered":"\n<h2>Erfrischendes Mundwasser mit Xylitol und Aloe Vera.<\/h2>\n<p>&nbsp;<\/p>\n<p><a href=\"https:\/\/bien-etreiris.ch\/wp-content\/uploads\/2023\/02\/avec-xylitol-et-aloe-vera.jpg\"><img loading=\"lazy\" decoding=\"async\" class=\"wp-image-65785 alignleft\" src=\"https:\/\/bien-etreiris.ch\/wp-content\/uploads\/2023\/02\/avec-xylitol-et-aloe-vera.jpg\" alt=\"\" width=\"298\" height=\"712\" srcset=\"https:\/\/bien-etreiris.ch\/wp-content\/uploads\/2023\/02\/avec-xylitol-et-aloe-vera.jpg 796w, https:\/\/bien-etreiris.ch\/wp-content\/uploads\/2023\/02\/avec-xylitol-et-aloe-vera-126x300.jpg 126w, https:\/\/bien-etreiris.ch\/wp-content\/uploads\/2023\/02\/avec-xylitol-et-aloe-vera-429x1024.jpg 429w, https:\/\/bien-etreiris.ch\/wp-content\/uploads\/2023\/02\/avec-xylitol-et-aloe-vera-768x1834.jpg 768w, https:\/\/bien-etreiris.ch\/wp-content\/uploads\/2023\/02\/avec-xylitol-et-aloe-vera-643x1536.jpg 643w\" sizes=\"auto, (max-width: 298px) 100vw, 298px\" \/><\/a><\/p>\n<p>&nbsp;<\/p>\n<p>&nbsp;<\/p>\n<p>&nbsp;<\/p>\n<p>&nbsp;<\/p>\n<p>&nbsp;<\/p>\n<p>&nbsp;<\/p>\n<p>&nbsp;<\/p>\n<p>&nbsp;<\/p>\n<p>&nbsp;<\/p>\n<p>&nbsp;<\/p>\n<p>&nbsp;<\/p>\n<p><br>Ein nat\u00fcrlicher S\u00fcsstoff mit einzigartigen Vorteilen f\u00fcr die Z\u00e4hne.<\/p>\n<p>500 ml CHF 10.80<\/p>\n<p>&nbsp;<\/p>\n<p>&nbsp;<\/p>\n<p>&nbsp;<\/p>\n<h4><br>Xylitol wirkt remineralisierend auf die Z\u00e4hne.<\/h4>\n<p><br>Es ist schnell und einfach anzuwenden. Eine 30-sek\u00fcndige Sp\u00fclung mit der Zimt-Mundsp\u00fclung erreicht Bereiche im Mund, die mit Z\u00e4hneputzen allein \u00fcbersehen werden k\u00f6nnen. Bei t\u00e4glicher Anwendung hilft die Zimt-Mundsp\u00fclung, Bakterien zu beseitigen und Ihren Mund frisch und sauber zu halten.<\/p>\n<h4><br>Tipps f\u00fcr die Anwendung<\/h4>\n<p>Mindestens 30 Sekunden lang in den Mund sp\u00fclen, Je nach Bedarf mehrmals t\u00e4glich.<\/p>\n<p>Wenn Sie Lust auf etwas S\u00fc\u00dfes haben, machen Sie eine Mundsp\u00fclung mit Xylitol.<\/p>\n\n\n","protected":false},"excerpt":{"rendered":"<p>Erfrischendes Mundwasser mit Xylitol und Aloe Vera. &nbsp; &nbsp; &nbsp; &nbsp; &nbsp; &nbsp; &nbsp; &nbsp; &nbsp; &nbsp; &nbsp; &nbsp; Ein nat\u00fcrlicher S\u00fcsstoff mit einzigartigen Vorteilen f\u00fcr die Z\u00e4hne. 500 ml CHF 10.80 &nbsp; &nbsp; &nbsp; Xylitol wirkt remineralisierend auf die Z\u00e4hne. Es ist schnell und einfach anzuwenden. Eine 30-sek\u00fcndige Sp\u00fclung mit der Zimt-Mundsp\u00fclung erreicht Bereiche im Mund, die mit Z\u00e4hneputzen&nbsp;<a href=\"https:\/\/bien-etreiris.ch\/de\/produktpraesentation\/hygiene\/koerperpflege\/mundhygiene\/mundspuelung\/mit-xylitol\/\" class=\"read-more\">Weiter lesen<\/a><\/p>\n","protected":false},"author":1,"featured_media":65776,"parent":45593,"menu_order":3972,"comment_status":"closed","ping_status":"closed","template":"page-with-child.php","meta":{"_acf_changed":false,"ngg_post_thumbnail":0,"footnotes":""},"class_list":["post-65781","page","type-page","status-publish","has-post-thumbnail","hentry"],"acf":[],"yoast_head":"<!-- This site is optimized with the Yoast SEO plugin v27.4 - https:\/\/yoast.com\/product\/yoast-seo-wordpress\/ -->\n<title>MIT XYLITOL - WOHLBEFINDEN<\/title>\n<meta name=\"robots\" content=\"index, follow, max-snippet:-1, max-image-preview:large, max-video-preview:-1\" \/>\n<link rel=\"canonical\" href=\"https:\/\/bien-etreiris.ch\/de\/produktpraesentation\/hygiene\/koerperpflege\/mundhygiene\/mundspuelung\/mit-xylitol\/\" \/>\n<meta property=\"og:locale\" content=\"de_DE\" \/>\n<meta property=\"og:type\" content=\"article\" \/>\n<meta property=\"og:title\" content=\"MIT XYLITOL - WOHLBEFINDEN\" \/>\n<meta property=\"og:description\" content=\"Erfrischendes Mundwasser mit Xylitol und Aloe Vera. &nbsp; &nbsp; &nbsp; &nbsp; &nbsp; &nbsp; &nbsp; &nbsp; &nbsp; &nbsp; &nbsp; &nbsp; Ein nat\u00fcrlicher S\u00fcsstoff mit einzigartigen Vorteilen f\u00fcr die Z\u00e4hne. 500 ml CHF 10.80 &nbsp; &nbsp; &nbsp; Xylitol wirkt remineralisierend auf die Z\u00e4hne. Es ist schnell und einfach anzuwenden. Eine 30-sek\u00fcndige Sp\u00fclung mit der Zimt-Mundsp\u00fclung erreicht Bereiche im Mund, die mit Z\u00e4hneputzen&nbsp;Weiter lesen\" \/>\n<meta property=\"og:url\" content=\"https:\/\/bien-etreiris.ch\/de\/produktpraesentation\/hygiene\/koerperpflege\/mundhygiene\/mundspuelung\/mit-xylitol\/\" \/>\n<meta property=\"og:site_name\" content=\"WOHLBEFINDEN\" \/>\n<meta property=\"article:publisher\" content=\"https:\/\/www.facebook.com\/bienetreiris\/\" \/>\n<meta property=\"article:modified_time\" content=\"2023-02-04T11:37:03+00:00\" \/>\n<meta property=\"og:image\" content=\"https:\/\/bien-etreiris.ch\/wp-content\/uploads\/2023\/02\/acceui-lleau-buccal.png\" \/>\n\t<meta property=\"og:image:width\" content=\"601\" \/>\n\t<meta property=\"og:image:height\" content=\"408\" \/>\n\t<meta property=\"og:image:type\" content=\"image\/png\" \/>\n<meta name=\"twitter:label1\" content=\"Gesch\u00e4tzte Lesezeit\" \/>\n\t<meta name=\"twitter:data1\" content=\"1\u00a0Minute\" \/>\n<script type=\"application\/ld+json\" class=\"yoast-schema-graph\">{\"@context\":\"https:\\\/\\\/schema.org\",\"@graph\":[{\"@type\":\"WebPage\",\"@id\":\"https:\\\/\\\/bien-etreiris.ch\\\/de\\\/produktpraesentation\\\/hygiene\\\/koerperpflege\\\/mundhygiene\\\/mundspuelung\\\/mit-xylitol\\\/\",\"url\":\"https:\\\/\\\/bien-etreiris.ch\\\/de\\\/produktpraesentation\\\/hygiene\\\/koerperpflege\\\/mundhygiene\\\/mundspuelung\\\/mit-xylitol\\\/\",\"name\":\"MIT XYLITOL - WOHLBEFINDEN\",\"isPartOf\":{\"@id\":\"https:\\\/\\\/bien-etreiris.ch\\\/de\\\/#website\"},\"primaryImageOfPage\":{\"@id\":\"https:\\\/\\\/bien-etreiris.ch\\\/de\\\/produktpraesentation\\\/hygiene\\\/koerperpflege\\\/mundhygiene\\\/mundspuelung\\\/mit-xylitol\\\/#primaryimage\"},\"image\":{\"@id\":\"https:\\\/\\\/bien-etreiris.ch\\\/de\\\/produktpraesentation\\\/hygiene\\\/koerperpflege\\\/mundhygiene\\\/mundspuelung\\\/mit-xylitol\\\/#primaryimage\"},\"thumbnailUrl\":\"https:\\\/\\\/bien-etreiris.ch\\\/wp-content\\\/uploads\\\/2023\\\/02\\\/acceui-lleau-buccal.png\",\"datePublished\":\"2023-02-04T10:49:04+00:00\",\"dateModified\":\"2023-02-04T11:37:03+00:00\",\"breadcrumb\":{\"@id\":\"https:\\\/\\\/bien-etreiris.ch\\\/de\\\/produktpraesentation\\\/hygiene\\\/koerperpflege\\\/mundhygiene\\\/mundspuelung\\\/mit-xylitol\\\/#breadcrumb\"},\"inLanguage\":\"de\",\"potentialAction\":[{\"@type\":\"ReadAction\",\"target\":[\"https:\\\/\\\/bien-etreiris.ch\\\/de\\\/produktpraesentation\\\/hygiene\\\/koerperpflege\\\/mundhygiene\\\/mundspuelung\\\/mit-xylitol\\\/\"]}]},{\"@type\":\"ImageObject\",\"inLanguage\":\"de\",\"@id\":\"https:\\\/\\\/bien-etreiris.ch\\\/de\\\/produktpraesentation\\\/hygiene\\\/koerperpflege\\\/mundhygiene\\\/mundspuelung\\\/mit-xylitol\\\/#primaryimage\",\"url\":\"https:\\\/\\\/bien-etreiris.ch\\\/wp-content\\\/uploads\\\/2023\\\/02\\\/acceui-lleau-buccal.png\",\"contentUrl\":\"https:\\\/\\\/bien-etreiris.ch\\\/wp-content\\\/uploads\\\/2023\\\/02\\\/acceui-lleau-buccal.png\",\"width\":601,\"height\":408},{\"@type\":\"BreadcrumbList\",\"@id\":\"https:\\\/\\\/bien-etreiris.ch\\\/de\\\/produktpraesentation\\\/hygiene\\\/koerperpflege\\\/mundhygiene\\\/mundspuelung\\\/mit-xylitol\\\/#breadcrumb\",\"itemListElement\":[{\"@type\":\"ListItem\",\"position\":1,\"name\":\"Home\",\"item\":\"https:\\\/\\\/bien-etreiris.ch\\\/de\\\/\"},{\"@type\":\"ListItem\",\"position\":2,\"name\":\"PRODUKTPR\u00c4SENTATION\",\"item\":\"https:\\\/\\\/bien-etreiris.ch\\\/de\\\/produktpraesentation\\\/\"},{\"@type\":\"ListItem\",\"position\":3,\"name\":\"HYGIENE\",\"item\":\"https:\\\/\\\/bien-etreiris.ch\\\/de\\\/produktpraesentation\\\/hygiene\\\/\"},{\"@type\":\"ListItem\",\"position\":4,\"name\":\"K\u00d6RPERPFLEGE\",\"item\":\"https:\\\/\\\/bien-etreiris.ch\\\/de\\\/produktpraesentation\\\/hygiene\\\/koerperpflege\\\/\"},{\"@type\":\"ListItem\",\"position\":5,\"name\":\"MUNDHYGIENE\",\"item\":\"https:\\\/\\\/bien-etreiris.ch\\\/de\\\/produktpraesentation\\\/hygiene\\\/koerperpflege\\\/mundhygiene\\\/\"},{\"@type\":\"ListItem\",\"position\":6,\"name\":\"MUNDSP\u00dcLUNG\",\"item\":\"https:\\\/\\\/bien-etreiris.ch\\\/de\\\/produktpraesentation\\\/hygiene\\\/koerperpflege\\\/mundhygiene\\\/mundspuelung\\\/\"},{\"@type\":\"ListItem\",\"position\":7,\"name\":\"MIT XYLITOL\"}]},{\"@type\":\"WebSite\",\"@id\":\"https:\\\/\\\/bien-etreiris.ch\\\/de\\\/#website\",\"url\":\"https:\\\/\\\/bien-etreiris.ch\\\/de\\\/\",\"name\":\"Bien-\u00eatre Iris\",\"description\":\"IHRE Gesundheit ist uns wichtig\",\"potentialAction\":[{\"@type\":\"SearchAction\",\"target\":{\"@type\":\"EntryPoint\",\"urlTemplate\":\"https:\\\/\\\/bien-etreiris.ch\\\/de\\\/?s={search_term_string}\"},\"query-input\":{\"@type\":\"PropertyValueSpecification\",\"valueRequired\":true,\"valueName\":\"search_term_string\"}}],\"inLanguage\":\"de\"}]}<\/script>\n<!-- \/ Yoast SEO plugin. -->","yoast_head_json":{"title":"MIT XYLITOL - WOHLBEFINDEN","robots":{"index":"index","follow":"follow","max-snippet":"max-snippet:-1","max-image-preview":"max-image-preview:large","max-video-preview":"max-video-preview:-1"},"canonical":"https:\/\/bien-etreiris.ch\/de\/produktpraesentation\/hygiene\/koerperpflege\/mundhygiene\/mundspuelung\/mit-xylitol\/","og_locale":"de_DE","og_type":"article","og_title":"MIT XYLITOL - WOHLBEFINDEN","og_description":"Erfrischendes Mundwasser mit Xylitol und Aloe Vera. &nbsp; &nbsp; &nbsp; &nbsp; &nbsp; &nbsp; &nbsp; &nbsp; &nbsp; &nbsp; &nbsp; &nbsp; Ein nat\u00fcrlicher S\u00fcsstoff mit einzigartigen Vorteilen f\u00fcr die Z\u00e4hne. 500 ml CHF 10.80 &nbsp; &nbsp; &nbsp; Xylitol wirkt remineralisierend auf die Z\u00e4hne. Es ist schnell und einfach anzuwenden. Eine 30-sek\u00fcndige Sp\u00fclung mit der Zimt-Mundsp\u00fclung erreicht Bereiche im Mund, die mit Z\u00e4hneputzen&nbsp;Weiter lesen","og_url":"https:\/\/bien-etreiris.ch\/de\/produktpraesentation\/hygiene\/koerperpflege\/mundhygiene\/mundspuelung\/mit-xylitol\/","og_site_name":"WOHLBEFINDEN","article_publisher":"https:\/\/www.facebook.com\/bienetreiris\/","article_modified_time":"2023-02-04T11:37:03+00:00","og_image":[{"width":601,"height":408,"url":"https:\/\/bien-etreiris.ch\/wp-content\/uploads\/2023\/02\/acceui-lleau-buccal.png","type":"image\/png"}],"twitter_misc":{"Gesch\u00e4tzte Lesezeit":"1\u00a0Minute"},"schema":{"@context":"https:\/\/schema.org","@graph":[{"@type":"WebPage","@id":"https:\/\/bien-etreiris.ch\/de\/produktpraesentation\/hygiene\/koerperpflege\/mundhygiene\/mundspuelung\/mit-xylitol\/","url":"https:\/\/bien-etreiris.ch\/de\/produktpraesentation\/hygiene\/koerperpflege\/mundhygiene\/mundspuelung\/mit-xylitol\/","name":"MIT XYLITOL - WOHLBEFINDEN","isPartOf":{"@id":"https:\/\/bien-etreiris.ch\/de\/#website"},"primaryImageOfPage":{"@id":"https:\/\/bien-etreiris.ch\/de\/produktpraesentation\/hygiene\/koerperpflege\/mundhygiene\/mundspuelung\/mit-xylitol\/#primaryimage"},"image":{"@id":"https:\/\/bien-etreiris.ch\/de\/produktpraesentation\/hygiene\/koerperpflege\/mundhygiene\/mundspuelung\/mit-xylitol\/#primaryimage"},"thumbnailUrl":"https:\/\/bien-etreiris.ch\/wp-content\/uploads\/2023\/02\/acceui-lleau-buccal.png","datePublished":"2023-02-04T10:49:04+00:00","dateModified":"2023-02-04T11:37:03+00:00","breadcrumb":{"@id":"https:\/\/bien-etreiris.ch\/de\/produktpraesentation\/hygiene\/koerperpflege\/mundhygiene\/mundspuelung\/mit-xylitol\/#breadcrumb"},"inLanguage":"de","potentialAction":[{"@type":"ReadAction","target":["https:\/\/bien-etreiris.ch\/de\/produktpraesentation\/hygiene\/koerperpflege\/mundhygiene\/mundspuelung\/mit-xylitol\/"]}]},{"@type":"ImageObject","inLanguage":"de","@id":"https:\/\/bien-etreiris.ch\/de\/produktpraesentation\/hygiene\/koerperpflege\/mundhygiene\/mundspuelung\/mit-xylitol\/#primaryimage","url":"https:\/\/bien-etreiris.ch\/wp-content\/uploads\/2023\/02\/acceui-lleau-buccal.png","contentUrl":"https:\/\/bien-etreiris.ch\/wp-content\/uploads\/2023\/02\/acceui-lleau-buccal.png","width":601,"height":408},{"@type":"BreadcrumbList","@id":"https:\/\/bien-etreiris.ch\/de\/produktpraesentation\/hygiene\/koerperpflege\/mundhygiene\/mundspuelung\/mit-xylitol\/#breadcrumb","itemListElement":[{"@type":"ListItem","position":1,"name":"Home","item":"https:\/\/bien-etreiris.ch\/de\/"},{"@type":"ListItem","position":2,"name":"PRODUKTPR\u00c4SENTATION","item":"https:\/\/bien-etreiris.ch\/de\/produktpraesentation\/"},{"@type":"ListItem","position":3,"name":"HYGIENE","item":"https:\/\/bien-etreiris.ch\/de\/produktpraesentation\/hygiene\/"},{"@type":"ListItem","position":4,"name":"K\u00d6RPERPFLEGE","item":"https:\/\/bien-etreiris.ch\/de\/produktpraesentation\/hygiene\/koerperpflege\/"},{"@type":"ListItem","position":5,"name":"MUNDHYGIENE","item":"https:\/\/bien-etreiris.ch\/de\/produktpraesentation\/hygiene\/koerperpflege\/mundhygiene\/"},{"@type":"ListItem","position":6,"name":"MUNDSP\u00dcLUNG","item":"https:\/\/bien-etreiris.ch\/de\/produktpraesentation\/hygiene\/koerperpflege\/mundhygiene\/mundspuelung\/"},{"@type":"ListItem","position":7,"name":"MIT XYLITOL"}]},{"@type":"WebSite","@id":"https:\/\/bien-etreiris.ch\/de\/#website","url":"https:\/\/bien-etreiris.ch\/de\/","name":"Bien-\u00eatre Iris","description":"IHRE Gesundheit ist uns wichtig","potentialAction":[{"@type":"SearchAction","target":{"@type":"EntryPoint","urlTemplate":"https:\/\/bien-etreiris.ch\/de\/?s={search_term_string}"},"query-input":{"@type":"PropertyValueSpecification","valueRequired":true,"valueName":"search_term_string"}}],"inLanguage":"de"}]}},"_links":{"self":[{"href":"https:\/\/bien-etreiris.ch\/de\/wp-json\/wp\/v2\/pages\/65781","targetHints":{"allow":["GET"]}}],"collection":[{"href":"https:\/\/bien-etreiris.ch\/de\/wp-json\/wp\/v2\/pages"}],"about":[{"href":"https:\/\/bien-etreiris.ch\/de\/wp-json\/wp\/v2\/types\/page"}],"author":[{"embeddable":true,"href":"https:\/\/bien-etreiris.ch\/de\/wp-json\/wp\/v2\/users\/1"}],"replies":[{"embeddable":true,"href":"https:\/\/bien-etreiris.ch\/de\/wp-json\/wp\/v2\/comments?post=65781"}],"version-history":[{"count":4,"href":"https:\/\/bien-etreiris.ch\/de\/wp-json\/wp\/v2\/pages\/65781\/revisions"}],"predecessor-version":[{"id":65793,"href":"https:\/\/bien-etreiris.ch\/de\/wp-json\/wp\/v2\/pages\/65781\/revisions\/65793"}],"up":[{"embeddable":true,"href":"https:\/\/bien-etreiris.ch\/de\/wp-json\/wp\/v2\/pages\/45593"}],"wp:featuredmedia":[{"embeddable":true,"href":"https:\/\/bien-etreiris.ch\/de\/wp-json\/wp\/v2\/media\/65776"}],"wp:attachment":[{"href":"https:\/\/bien-etreiris.ch\/de\/wp-json\/wp\/v2\/media?parent=65781"}],"curies":[{"name":"wp","href":"https:\/\/api.w.org\/{rel}","templated":true}]}}