{"id":65425,"date":"2023-01-31T21:44:59","date_gmt":"2023-01-31T19:44:59","guid":{"rendered":"https:\/\/bien-etreiris.ch\/produktpraesentation\/gesundes-leben\/nahrungsergaenzungsmittel\/pflanzenheilkunde-gleichgewicht-durch-heilpflanzen\/zubehoer-fuer-die-phytotherapie\/hygiene-intime\/"},"modified":"2023-01-31T22:03:18","modified_gmt":"2023-01-31T20:03:18","slug":"intimhygiene","status":"publish","type":"page","link":"https:\/\/bien-etreiris.ch\/de\/produktpraesentation\/gesundes-leben\/nahrungsergaenzungsmittel\/pflanzenheilkunde-gleichgewicht-durch-heilpflanzen\/zubehoer-fuer-die-phytotherapie\/intimhygiene\/","title":{"rendered":"INTIMHYGIENE"},"content":{"rendered":"\n<h2>Einsatz Bidet f\u00fcr die Intimhygiene<\/h2>\n\n\n\n<p><a href=\"https:\/\/bien-etreiris.ch\/wp-content\/uploads\/2023\/01\/Bidet-inserable.jpg\"><img loading=\"lazy\" decoding=\"async\" class=\"wp-image-65420 alignleft\" src=\"https:\/\/bien-etreiris.ch\/wp-content\/uploads\/2023\/01\/Bidet-inserable.jpg\" alt=\"\" width=\"389\" height=\"389\" srcset=\"https:\/\/bien-etreiris.ch\/wp-content\/uploads\/2023\/01\/Bidet-inserable.jpg 760w, https:\/\/bien-etreiris.ch\/wp-content\/uploads\/2023\/01\/Bidet-inserable-300x300.jpg 300w, https:\/\/bien-etreiris.ch\/wp-content\/uploads\/2023\/01\/Bidet-inserable-150x150.jpg 150w\" sizes=\"auto, (max-width: 389px) 100vw, 389px\" \/><\/a><\/p>\n\n\n<p>&nbsp;<\/p>\n<p>&nbsp;<\/p>\n<p>&nbsp;<\/p>\n<p>&nbsp;<\/p>\n<p>&nbsp;<\/p>\n<p>1 St\u00fcck <strong>CHF 16.00<\/strong><\/p>\n<p>&nbsp;<\/p>\n<p>&nbsp;<\/p>\n<h4>Verwendung<\/h4>\n<p>Das einsetzbare Bidet dient der Intimhygiene.<\/p>\n<p>Es ist f\u00fcr alle Standard-Toiletten geeignet.<\/p>\n<p>Material: schlagfester Kunststoff.<\/p>\n<p>&nbsp;<\/p>\n<p>&nbsp;<\/p>\n<h4>Indikation<\/h4>\n<ul style=\"list-style-type: disc;\">\n<li>H\u00e4morrhoiden ( das kalte Bad)<\/li>\n<li>Monatsblutungen<\/li>\n<li>Unterleibs Beschwerden<\/li>\n<li>Blasenerkrankungen<\/li>\n<li>Nieren- und Darmbeschwerden<\/li>\n<li>einige Infektionskrankheiten<\/li>\n<\/ul>\n<p>&nbsp;<\/p>","protected":false},"excerpt":{"rendered":"<p>Einsatz Bidet f\u00fcr die Intimhygiene &nbsp; &nbsp; &nbsp; &nbsp; &nbsp; 1 St\u00fcck CHF 16.00 &nbsp; &nbsp; Verwendung Das einsetzbare Bidet dient der Intimhygiene. Es ist f\u00fcr alle Standard-Toiletten geeignet. Material: schlagfester Kunststoff. &nbsp; &nbsp; Indikation H\u00e4morrhoiden ( das kalte Bad) Monatsblutungen Unterleibs Beschwerden Blasenerkrankungen Nieren- und Darmbeschwerden einige Infektionskrankheiten &nbsp;<\/p>\n","protected":false},"author":1,"featured_media":65419,"parent":62258,"menu_order":4016,"comment_status":"closed","ping_status":"closed","template":"page-with-child.php","meta":{"_acf_changed":false,"ngg_post_thumbnail":0,"footnotes":""},"class_list":["post-65425","page","type-page","status-publish","has-post-thumbnail","hentry"],"acf":[],"yoast_head":"<!-- This site is optimized with the Yoast SEO plugin v27.6 - https:\/\/yoast.com\/product\/yoast-seo-wordpress\/ -->\n<title>INTIMHYGIENE - WOHLBEFINDEN<\/title>\n<meta name=\"robots\" content=\"index, follow, max-snippet:-1, max-image-preview:large, max-video-preview:-1\" \/>\n<link rel=\"canonical\" href=\"https:\/\/bien-etreiris.ch\/de\/produktpraesentation\/gesundes-leben\/nahrungsergaenzungsmittel\/pflanzenheilkunde-gleichgewicht-durch-heilpflanzen\/zubehoer-fuer-die-phytotherapie\/intimhygiene\/\" \/>\n<meta property=\"og:locale\" content=\"de_DE\" \/>\n<meta property=\"og:type\" content=\"article\" \/>\n<meta property=\"og:title\" content=\"INTIMHYGIENE - WOHLBEFINDEN\" \/>\n<meta property=\"og:description\" content=\"Einsatz Bidet f\u00fcr die Intimhygiene &nbsp; &nbsp; &nbsp; &nbsp; &nbsp; 1 St\u00fcck CHF 16.00 &nbsp; &nbsp; Verwendung Das einsetzbare Bidet dient der Intimhygiene. Es ist f\u00fcr alle Standard-Toiletten geeignet. Material: schlagfester Kunststoff. &nbsp; &nbsp; Indikation H\u00e4morrhoiden ( das kalte Bad) Monatsblutungen Unterleibs Beschwerden Blasenerkrankungen Nieren- und Darmbeschwerden einige Infektionskrankheiten &nbsp;\" \/>\n<meta property=\"og:url\" content=\"https:\/\/bien-etreiris.ch\/de\/produktpraesentation\/gesundes-leben\/nahrungsergaenzungsmittel\/pflanzenheilkunde-gleichgewicht-durch-heilpflanzen\/zubehoer-fuer-die-phytotherapie\/intimhygiene\/\" \/>\n<meta property=\"og:site_name\" content=\"WOHLBEFINDEN\" \/>\n<meta property=\"article:publisher\" content=\"https:\/\/www.facebook.com\/bienetreiris\/\" \/>\n<meta property=\"article:modified_time\" content=\"2023-01-31T20:03:18+00:00\" \/>\n<meta property=\"og:image\" content=\"https:\/\/bien-etreiris.ch\/wp-content\/uploads\/2023\/01\/acceuil-lhygiene-intime.jpg\" \/>\n\t<meta property=\"og:image:width\" content=\"500\" \/>\n\t<meta property=\"og:image:height\" content=\"317\" \/>\n\t<meta property=\"og:image:type\" content=\"image\/jpeg\" \/>\n<meta name=\"twitter:label1\" content=\"Gesch\u00e4tzte Lesezeit\" \/>\n\t<meta name=\"twitter:data1\" content=\"1\u00a0Minute\" \/>\n<script type=\"application\/ld+json\" class=\"yoast-schema-graph\">{\"@context\":\"https:\\\/\\\/schema.org\",\"@graph\":[{\"@type\":\"WebPage\",\"@id\":\"https:\\\/\\\/bien-etreiris.ch\\\/de\\\/produktpraesentation\\\/gesundes-leben\\\/nahrungsergaenzungsmittel\\\/pflanzenheilkunde-gleichgewicht-durch-heilpflanzen\\\/zubehoer-fuer-die-phytotherapie\\\/intimhygiene\\\/\",\"url\":\"https:\\\/\\\/bien-etreiris.ch\\\/de\\\/produktpraesentation\\\/gesundes-leben\\\/nahrungsergaenzungsmittel\\\/pflanzenheilkunde-gleichgewicht-durch-heilpflanzen\\\/zubehoer-fuer-die-phytotherapie\\\/intimhygiene\\\/\",\"name\":\"INTIMHYGIENE - WOHLBEFINDEN\",\"isPartOf\":{\"@id\":\"https:\\\/\\\/bien-etreiris.ch\\\/de\\\/#website\"},\"primaryImageOfPage\":{\"@id\":\"https:\\\/\\\/bien-etreiris.ch\\\/de\\\/produktpraesentation\\\/gesundes-leben\\\/nahrungsergaenzungsmittel\\\/pflanzenheilkunde-gleichgewicht-durch-heilpflanzen\\\/zubehoer-fuer-die-phytotherapie\\\/intimhygiene\\\/#primaryimage\"},\"image\":{\"@id\":\"https:\\\/\\\/bien-etreiris.ch\\\/de\\\/produktpraesentation\\\/gesundes-leben\\\/nahrungsergaenzungsmittel\\\/pflanzenheilkunde-gleichgewicht-durch-heilpflanzen\\\/zubehoer-fuer-die-phytotherapie\\\/intimhygiene\\\/#primaryimage\"},\"thumbnailUrl\":\"https:\\\/\\\/bien-etreiris.ch\\\/wp-content\\\/uploads\\\/2023\\\/01\\\/acceuil-lhygiene-intime.jpg\",\"datePublished\":\"2023-01-31T19:44:59+00:00\",\"dateModified\":\"2023-01-31T20:03:18+00:00\",\"breadcrumb\":{\"@id\":\"https:\\\/\\\/bien-etreiris.ch\\\/de\\\/produktpraesentation\\\/gesundes-leben\\\/nahrungsergaenzungsmittel\\\/pflanzenheilkunde-gleichgewicht-durch-heilpflanzen\\\/zubehoer-fuer-die-phytotherapie\\\/intimhygiene\\\/#breadcrumb\"},\"inLanguage\":\"de\",\"potentialAction\":[{\"@type\":\"ReadAction\",\"target\":[\"https:\\\/\\\/bien-etreiris.ch\\\/de\\\/produktpraesentation\\\/gesundes-leben\\\/nahrungsergaenzungsmittel\\\/pflanzenheilkunde-gleichgewicht-durch-heilpflanzen\\\/zubehoer-fuer-die-phytotherapie\\\/intimhygiene\\\/\"]}]},{\"@type\":\"ImageObject\",\"inLanguage\":\"de\",\"@id\":\"https:\\\/\\\/bien-etreiris.ch\\\/de\\\/produktpraesentation\\\/gesundes-leben\\\/nahrungsergaenzungsmittel\\\/pflanzenheilkunde-gleichgewicht-durch-heilpflanzen\\\/zubehoer-fuer-die-phytotherapie\\\/intimhygiene\\\/#primaryimage\",\"url\":\"https:\\\/\\\/bien-etreiris.ch\\\/wp-content\\\/uploads\\\/2023\\\/01\\\/acceuil-lhygiene-intime.jpg\",\"contentUrl\":\"https:\\\/\\\/bien-etreiris.ch\\\/wp-content\\\/uploads\\\/2023\\\/01\\\/acceuil-lhygiene-intime.jpg\",\"width\":500,\"height\":317},{\"@type\":\"BreadcrumbList\",\"@id\":\"https:\\\/\\\/bien-etreiris.ch\\\/de\\\/produktpraesentation\\\/gesundes-leben\\\/nahrungsergaenzungsmittel\\\/pflanzenheilkunde-gleichgewicht-durch-heilpflanzen\\\/zubehoer-fuer-die-phytotherapie\\\/intimhygiene\\\/#breadcrumb\",\"itemListElement\":[{\"@type\":\"ListItem\",\"position\":1,\"name\":\"Home\",\"item\":\"https:\\\/\\\/bien-etreiris.ch\\\/de\\\/\"},{\"@type\":\"ListItem\",\"position\":2,\"name\":\"PRODUKTPR\u00c4SENTATION\",\"item\":\"https:\\\/\\\/bien-etreiris.ch\\\/de\\\/produktpraesentation\\\/\"},{\"@type\":\"ListItem\",\"position\":3,\"name\":\"GESUNDES LEBEN\",\"item\":\"https:\\\/\\\/bien-etreiris.ch\\\/de\\\/produktpraesentation\\\/gesundes-leben\\\/\"},{\"@type\":\"ListItem\",\"position\":4,\"name\":\"NAHRUNGSERG\u00c4NZUNG\",\"item\":\"https:\\\/\\\/bien-etreiris.ch\\\/de\\\/produktpraesentation\\\/gesundes-leben\\\/nahrungsergaenzungsmittel\\\/\"},{\"@type\":\"ListItem\",\"position\":5,\"name\":\"PFLANZENHEILKUNDE\",\"item\":\"https:\\\/\\\/bien-etreiris.ch\\\/de\\\/produktpraesentation\\\/gesundes-leben\\\/nahrungsergaenzungsmittel\\\/pflanzenheilkunde-gleichgewicht-durch-heilpflanzen\\\/\"},{\"@type\":\"ListItem\",\"position\":6,\"name\":\"ZUBEH\u00d6R\",\"item\":\"https:\\\/\\\/bien-etreiris.ch\\\/de\\\/produktpraesentation\\\/gesundes-leben\\\/nahrungsergaenzungsmittel\\\/pflanzenheilkunde-gleichgewicht-durch-heilpflanzen\\\/zubehoer-fuer-die-phytotherapie\\\/\"},{\"@type\":\"ListItem\",\"position\":7,\"name\":\"INTIMHYGIENE\"}]},{\"@type\":\"WebSite\",\"@id\":\"https:\\\/\\\/bien-etreiris.ch\\\/de\\\/#website\",\"url\":\"https:\\\/\\\/bien-etreiris.ch\\\/de\\\/\",\"name\":\"Bien-\u00eatre Iris\",\"description\":\"IHRE Gesundheit ist uns wichtig\",\"potentialAction\":[{\"@type\":\"SearchAction\",\"target\":{\"@type\":\"EntryPoint\",\"urlTemplate\":\"https:\\\/\\\/bien-etreiris.ch\\\/de\\\/?s={search_term_string}\"},\"query-input\":{\"@type\":\"PropertyValueSpecification\",\"valueRequired\":true,\"valueName\":\"search_term_string\"}}],\"inLanguage\":\"de\"}]}<\/script>\n<!-- \/ Yoast SEO plugin. -->","yoast_head_json":{"title":"INTIMHYGIENE - WOHLBEFINDEN","robots":{"index":"index","follow":"follow","max-snippet":"max-snippet:-1","max-image-preview":"max-image-preview:large","max-video-preview":"max-video-preview:-1"},"canonical":"https:\/\/bien-etreiris.ch\/de\/produktpraesentation\/gesundes-leben\/nahrungsergaenzungsmittel\/pflanzenheilkunde-gleichgewicht-durch-heilpflanzen\/zubehoer-fuer-die-phytotherapie\/intimhygiene\/","og_locale":"de_DE","og_type":"article","og_title":"INTIMHYGIENE - WOHLBEFINDEN","og_description":"Einsatz Bidet f\u00fcr die Intimhygiene &nbsp; &nbsp; &nbsp; &nbsp; &nbsp; 1 St\u00fcck CHF 16.00 &nbsp; &nbsp; Verwendung Das einsetzbare Bidet dient der Intimhygiene. Es ist f\u00fcr alle Standard-Toiletten geeignet. Material: schlagfester Kunststoff. &nbsp; &nbsp; Indikation H\u00e4morrhoiden ( das kalte Bad) Monatsblutungen Unterleibs Beschwerden Blasenerkrankungen Nieren- und Darmbeschwerden einige Infektionskrankheiten &nbsp;","og_url":"https:\/\/bien-etreiris.ch\/de\/produktpraesentation\/gesundes-leben\/nahrungsergaenzungsmittel\/pflanzenheilkunde-gleichgewicht-durch-heilpflanzen\/zubehoer-fuer-die-phytotherapie\/intimhygiene\/","og_site_name":"WOHLBEFINDEN","article_publisher":"https:\/\/www.facebook.com\/bienetreiris\/","article_modified_time":"2023-01-31T20:03:18+00:00","og_image":[{"width":500,"height":317,"url":"https:\/\/bien-etreiris.ch\/wp-content\/uploads\/2023\/01\/acceuil-lhygiene-intime.jpg","type":"image\/jpeg"}],"twitter_misc":{"Gesch\u00e4tzte Lesezeit":"1\u00a0Minute"},"schema":{"@context":"https:\/\/schema.org","@graph":[{"@type":"WebPage","@id":"https:\/\/bien-etreiris.ch\/de\/produktpraesentation\/gesundes-leben\/nahrungsergaenzungsmittel\/pflanzenheilkunde-gleichgewicht-durch-heilpflanzen\/zubehoer-fuer-die-phytotherapie\/intimhygiene\/","url":"https:\/\/bien-etreiris.ch\/de\/produktpraesentation\/gesundes-leben\/nahrungsergaenzungsmittel\/pflanzenheilkunde-gleichgewicht-durch-heilpflanzen\/zubehoer-fuer-die-phytotherapie\/intimhygiene\/","name":"INTIMHYGIENE - WOHLBEFINDEN","isPartOf":{"@id":"https:\/\/bien-etreiris.ch\/de\/#website"},"primaryImageOfPage":{"@id":"https:\/\/bien-etreiris.ch\/de\/produktpraesentation\/gesundes-leben\/nahrungsergaenzungsmittel\/pflanzenheilkunde-gleichgewicht-durch-heilpflanzen\/zubehoer-fuer-die-phytotherapie\/intimhygiene\/#primaryimage"},"image":{"@id":"https:\/\/bien-etreiris.ch\/de\/produktpraesentation\/gesundes-leben\/nahrungsergaenzungsmittel\/pflanzenheilkunde-gleichgewicht-durch-heilpflanzen\/zubehoer-fuer-die-phytotherapie\/intimhygiene\/#primaryimage"},"thumbnailUrl":"https:\/\/bien-etreiris.ch\/wp-content\/uploads\/2023\/01\/acceuil-lhygiene-intime.jpg","datePublished":"2023-01-31T19:44:59+00:00","dateModified":"2023-01-31T20:03:18+00:00","breadcrumb":{"@id":"https:\/\/bien-etreiris.ch\/de\/produktpraesentation\/gesundes-leben\/nahrungsergaenzungsmittel\/pflanzenheilkunde-gleichgewicht-durch-heilpflanzen\/zubehoer-fuer-die-phytotherapie\/intimhygiene\/#breadcrumb"},"inLanguage":"de","potentialAction":[{"@type":"ReadAction","target":["https:\/\/bien-etreiris.ch\/de\/produktpraesentation\/gesundes-leben\/nahrungsergaenzungsmittel\/pflanzenheilkunde-gleichgewicht-durch-heilpflanzen\/zubehoer-fuer-die-phytotherapie\/intimhygiene\/"]}]},{"@type":"ImageObject","inLanguage":"de","@id":"https:\/\/bien-etreiris.ch\/de\/produktpraesentation\/gesundes-leben\/nahrungsergaenzungsmittel\/pflanzenheilkunde-gleichgewicht-durch-heilpflanzen\/zubehoer-fuer-die-phytotherapie\/intimhygiene\/#primaryimage","url":"https:\/\/bien-etreiris.ch\/wp-content\/uploads\/2023\/01\/acceuil-lhygiene-intime.jpg","contentUrl":"https:\/\/bien-etreiris.ch\/wp-content\/uploads\/2023\/01\/acceuil-lhygiene-intime.jpg","width":500,"height":317},{"@type":"BreadcrumbList","@id":"https:\/\/bien-etreiris.ch\/de\/produktpraesentation\/gesundes-leben\/nahrungsergaenzungsmittel\/pflanzenheilkunde-gleichgewicht-durch-heilpflanzen\/zubehoer-fuer-die-phytotherapie\/intimhygiene\/#breadcrumb","itemListElement":[{"@type":"ListItem","position":1,"name":"Home","item":"https:\/\/bien-etreiris.ch\/de\/"},{"@type":"ListItem","position":2,"name":"PRODUKTPR\u00c4SENTATION","item":"https:\/\/bien-etreiris.ch\/de\/produktpraesentation\/"},{"@type":"ListItem","position":3,"name":"GESUNDES LEBEN","item":"https:\/\/bien-etreiris.ch\/de\/produktpraesentation\/gesundes-leben\/"},{"@type":"ListItem","position":4,"name":"NAHRUNGSERG\u00c4NZUNG","item":"https:\/\/bien-etreiris.ch\/de\/produktpraesentation\/gesundes-leben\/nahrungsergaenzungsmittel\/"},{"@type":"ListItem","position":5,"name":"PFLANZENHEILKUNDE","item":"https:\/\/bien-etreiris.ch\/de\/produktpraesentation\/gesundes-leben\/nahrungsergaenzungsmittel\/pflanzenheilkunde-gleichgewicht-durch-heilpflanzen\/"},{"@type":"ListItem","position":6,"name":"ZUBEH\u00d6R","item":"https:\/\/bien-etreiris.ch\/de\/produktpraesentation\/gesundes-leben\/nahrungsergaenzungsmittel\/pflanzenheilkunde-gleichgewicht-durch-heilpflanzen\/zubehoer-fuer-die-phytotherapie\/"},{"@type":"ListItem","position":7,"name":"INTIMHYGIENE"}]},{"@type":"WebSite","@id":"https:\/\/bien-etreiris.ch\/de\/#website","url":"https:\/\/bien-etreiris.ch\/de\/","name":"Bien-\u00eatre Iris","description":"IHRE Gesundheit ist uns wichtig","potentialAction":[{"@type":"SearchAction","target":{"@type":"EntryPoint","urlTemplate":"https:\/\/bien-etreiris.ch\/de\/?s={search_term_string}"},"query-input":{"@type":"PropertyValueSpecification","valueRequired":true,"valueName":"search_term_string"}}],"inLanguage":"de"}]}},"_links":{"self":[{"href":"https:\/\/bien-etreiris.ch\/de\/wp-json\/wp\/v2\/pages\/65425","targetHints":{"allow":["GET"]}}],"collection":[{"href":"https:\/\/bien-etreiris.ch\/de\/wp-json\/wp\/v2\/pages"}],"about":[{"href":"https:\/\/bien-etreiris.ch\/de\/wp-json\/wp\/v2\/types\/page"}],"author":[{"embeddable":true,"href":"https:\/\/bien-etreiris.ch\/de\/wp-json\/wp\/v2\/users\/1"}],"replies":[{"embeddable":true,"href":"https:\/\/bien-etreiris.ch\/de\/wp-json\/wp\/v2\/comments?post=65425"}],"version-history":[{"count":3,"href":"https:\/\/bien-etreiris.ch\/de\/wp-json\/wp\/v2\/pages\/65425\/revisions"}],"predecessor-version":[{"id":65429,"href":"https:\/\/bien-etreiris.ch\/de\/wp-json\/wp\/v2\/pages\/65425\/revisions\/65429"}],"up":[{"embeddable":true,"href":"https:\/\/bien-etreiris.ch\/de\/wp-json\/wp\/v2\/pages\/62258"}],"wp:featuredmedia":[{"embeddable":true,"href":"https:\/\/bien-etreiris.ch\/de\/wp-json\/wp\/v2\/media\/65419"}],"wp:attachment":[{"href":"https:\/\/bien-etreiris.ch\/de\/wp-json\/wp\/v2\/media?parent=65425"}],"curies":[{"name":"wp","href":"https:\/\/api.w.org\/{rel}","templated":true}]}}