{"id":64495,"date":"2023-01-19T09:33:30","date_gmt":"2023-01-19T07:33:30","guid":{"rendered":"https:\/\/bien-etreiris.ch\/produktpraesentation\/aromatherapie\/aetherische-oele\/lavande-fine\/"},"modified":"2023-10-11T09:07:28","modified_gmt":"2023-10-11T07:07:28","slug":"lavande-fine","status":"publish","type":"page","link":"https:\/\/bien-etreiris.ch\/de\/produktpraesentation\/aromatherapie\/aetherische-oele\/lavandes\/lavande-fine\/","title":{"rendered":"LAVANDE FINE"},"content":{"rendered":"\n<h2>Lavande fine<\/h2>\n<p><a href=\"https:\/\/bien-etreiris.ch\/presentations-des-produits\/aromatherapie\/huiles-essentielles\/lavande-fine\/lavande-fine-france\/\" rel=\"attachment wp-att-69035\"><img loading=\"lazy\" decoding=\"async\" class=\"wp-image-69035 alignleft\" src=\"https:\/\/bien-etreiris.ch\/wp-content\/uploads\/2023\/04\/Lavande-fine-france.jpg\" alt=\"\" width=\"173\" height=\"380\" srcset=\"https:\/\/bien-etreiris.ch\/wp-content\/uploads\/2023\/04\/Lavande-fine-france.jpg 317w, https:\/\/bien-etreiris.ch\/wp-content\/uploads\/2023\/04\/Lavande-fine-france-136x300.jpg 136w\" sizes=\"auto, (max-width: 173px) 100vw, 173px\" \/><\/a><\/p>\n<p>&nbsp;<\/p>\n<p>&nbsp;<\/p>\n<h4>Damascena<\/h4>\n<p>Lavande fine fran\u00e7aise BIO<\/p>\n<p>Huile essentielle 100% naturelle<\/p>\n<p>Garantie de qualit\u00e9 biologique sup\u00e9rieure CH-BIO 006<\/p>\n<p>10 ml <strong>CHF 16.60<\/strong><\/p>\n<p>20 ml <strong>CHF 29.90<\/strong><\/p>\n<p>&nbsp;<\/p>\n<p>&nbsp;<\/p>\n<p><a href=\"https:\/\/bien-etreiris.ch\/presentations-des-produits\/aromatherapie\/huiles-essentielles\/lavande-fine\/lavande-fine-bulgarie\/\" rel=\"attachment wp-att-69039\"><img loading=\"lazy\" decoding=\"async\" class=\"wp-image-69039 alignleft\" src=\"https:\/\/bien-etreiris.ch\/wp-content\/uploads\/2023\/04\/Lavande-fine-Bulgarie.jpg\" alt=\"\" width=\"171\" height=\"410\" srcset=\"https:\/\/bien-etreiris.ch\/wp-content\/uploads\/2023\/04\/Lavande-fine-Bulgarie.jpg 287w, https:\/\/bien-etreiris.ch\/wp-content\/uploads\/2023\/04\/Lavande-fine-Bulgarie-125x300.jpg 125w\" sizes=\"auto, (max-width: 171px) 100vw, 171px\" \/><\/a><\/p>\n<p>&nbsp;<\/p>\n<p>&nbsp;<\/p>\n<p>&nbsp;<\/p>\n<p>&nbsp;<\/p>\n<h4>Damascena<\/h4>\n<p>Lavande fine bulgare BIO<\/p>\n<p>Huile essentielle 100% naturelle<\/p>\n<p>Garantie de qualit\u00e9 biologique sup\u00e9rieure CH-BIO 006<\/p>\n<p>10 ml <strong>CHF 14.80<\/strong><\/p>\n<p>20 ml <strong>CHF 26.60<\/strong><\/p>\n<p>&nbsp;<\/p>\n<p>&nbsp;<\/p>\n<h2>&nbsp;<\/h2>\n<p>&nbsp;<\/p>\n<table style=\"width: 62.9758%; height: 819px;\">\n<tbody>\n<tr style=\"height: 23px;\">\n<td style=\"width: 11.1172%; height: 23px;\"><strong>Nom botanique :<\/strong><\/td>\n<td style=\"width: 45.1524%; height: 23px;\">Lavandula angustifolia<\/td>\n<\/tr>\n<tr style=\"height: 23px;\">\n<td style=\"width: 11.1172%; height: 23px;\"><strong>Famille botanique :<\/strong><\/td>\n<td style=\"width: 45.1524%; height: 23px;\"><b><\/b>Lamiac\u00e9es<\/td>\n<\/tr>\n<tr style=\"height: 10px;\">\n<td style=\"width: 11.1172%; height: 10px;\"><strong>M\u00e9thode d'extraction :<\/strong><\/td>\n<td style=\"width: 45.1524%; height: 10px;\"><br>Distillation \u00e0 la vapeur d'eau<\/td>\n<\/tr>\n<tr style=\"height: 46px;\">\n<td style=\"width: 11.1172%; height: 46px;\"><strong>Partie de la plante utilis\u00e9e :<\/strong><\/td>\n<td style=\"width: 45.1524%; height: 46px;\">Panicules de fleurs<\/td>\n<\/tr>\n<tr style=\"height: 23px;\">\n<td style=\"width: 11.1172%; height: 23px;\"><strong>Quantit\u00e9 v\u00e9g\u00e9tale :<\/strong><\/td>\n<td style=\"width: 45.1524%; height: 23px;\">120 kg de panicules fleuries sont n\u00e9cessaires pour obtenir 1 kg d'huile.<\/td>\n<\/tr>\n<tr style=\"height: 23px;\">\n<td style=\"width: 11.1172%; height: 23px;\"><strong>Origine g\u00e9ographique :<\/strong>&nbsp;<\/td>\n<td style=\"width: 45.1524%; height: 23px;\">France ou Bulgarie<\/td>\n<\/tr>\n<tr style=\"height: 70px;\">\n<td style=\"width: 11.1172%; height: 70px;\"><strong>Culture qualit\u00e9&nbsp;:<\/strong><\/td>\n<td style=\"width: 45.1524%; height: 70px;\"><br>IA (issu de l'agriculture biologique contr\u00f4l\u00e9e), non test\u00e9 sur les animaux, v\u00e9g\u00e9talien<\/td>\n<\/tr>\n<tr style=\"height: 23px;\">\n<td style=\"width: 11.1172%; height: 23px;\"><strong>Effet parfum\u00e9 :<\/strong><\/td>\n<td style=\"width: 45.1524%; height: 23px;\">relaxant<\/td>\n<\/tr>\n<tr style=\"height: 23px;\">\n<td style=\"width: 11.1172%; height: 23px;\"><strong>Note parfum\u00e9e :<\/strong><\/td>\n<td style=\"width: 45.1524%; height: 23px;\">Note de c\u0153ur<\/td>\n<\/tr>\n<tr style=\"height: 23px;\">\n<td style=\"width: 11.1172%; height: 23px;\"><strong>Profil de parfum :<\/strong><\/td>\n<td style=\"width: 45.1524%; height: 23px;\">frais, floral-herbac\u00e9, pur<\/td>\n<\/tr>\n<tr style=\"height: 23px;\">\n<td style=\"width: 11.1172%; height: 23px;\"><strong>Th\u00e8me du parfum :<\/strong><\/td>\n<td style=\"width: 45.1524%; height: 23px;\">\u00e9quilibrant, purifiant, apporte de la clart\u00e9<\/td>\n<\/tr>\n<tr style=\"height: 23px;\">\n<td style=\"width: 11.1172%; height: 23px;\"><strong>\u00c9nerg\u00e9tique :<\/strong><\/td>\n<td style=\"width: 45.1524%; height: 23px;\"><b><\/b>violet \/ 7e chakra<\/td>\n<\/tr>\n<tr style=\"height: 23px;\">\n<td style=\"width: 11.1172%; height: 23px; vertical-align: top;\"><strong>Psycho-\u00e9motionnel :<\/strong>&nbsp;<\/td>\n<td style=\"width: 45.1524%; height: 23px;\">\n<p>se d\u00e9tendre<\/p>\n<\/td>\n<\/tr>\n<tr style=\"height: 555px;\">\n<td style=\"width: 11.1172%; height: 10px; vertical-align: top;\">\n<p><strong>Description :<\/strong><\/p>\n<p>&nbsp;<\/p>\n<p>&nbsp;<\/p>\n<\/td>\n<td style=\"width: 45.1524%; height: 10px; vertical-align: top;\">\n<p>&nbsp;<\/p>\n<p>Le parfum de lavande de la lavande fine fran\u00e7aise BIO \u00e9veille de nombreux souvenirs. Qu'il s'agisse de champs aux couleurs violettes dans le sud de la France, de moments de massage relaxants ou d'armoires \u00e0 linge avec du linge fra\u00eechement tonifi\u00e9. Nous sommes nombreux \u00e0 associer la lavande \u00e0 notre histoire personnelle. Son nom vient du latin \"lavanda\", qui signifie \"servir \u00e0 laver\". Dans l'Antiquit\u00e9 d\u00e9j\u00e0, on parfumait les bains avec de la lavande ou on les fumait avec de la lavande pour purifier le corps et l'esprit.<\/p>\n<ul style=\"list-style-type: disc;\">\n<li>Elle \u00e9tait et est toujours utilis\u00e9e pour lutter contre la vermine.<\/li>\n<li>La lavande vraie est un rem\u00e8de aux multiples applications.<\/li>\n<li>Elle ne devrait manquer dans aucune pharmacie familiale ou de voyage.<\/li>\n<li>Qu'il s'agisse de piq\u00fbres d'insectes, de br\u00fblures ou de contusions, la lavande vraie apaise et favorise la gu\u00e9rison.<\/li>\n<li>Comme le lavandin, la lavande vraie est utilis\u00e9e en massage contre les tensions et les douleurs.<\/li>\n<li>Elle agit directement sur le syst\u00e8me nerveux central et v\u00e9g\u00e9tatif. En cas d'angoisses, d'agitation int\u00e9rieure et de troubles du sommeil, elle apaise et r\u00e9tablit l'\u00e9quilibre int\u00e9rieur.<\/li>\n<\/ul>\n<\/td>\n<\/tr>\n<tr style=\"height: 381px;\">\n<td style=\"width: 11.1172%; height: 10px; vertical-align: top;\">\n<p><strong>Application :<\/strong><\/p>\n<\/td>\n<td style=\"width: 45.1524%; height: 10px; vertical-align: top;\">\n<div id=\"extra-1\" class=\"wc-tab tab-pane rg_productextratabs-2 js-product-tab-active active\" aria-expanded=\"true\">\n<p>&nbsp;<\/p>\n<ul style=\"list-style-type: disc;\">\n<li>La lavande se m\u00e9lange bien avec le pamplemousse, la bergamote, la camomille, le palmarosa, le bois de rose et le bois de linol\u00e9a<\/li>\n<li>En cas d'agitation et de troubles du sommeil, m\u00e9langer avec de l'huile de noyau d'abricot, de la rose et de la m\u00e9lisse et appliquer en compresse sur le sternum.<\/li>\n<li>En cas de stress, verser simplement quelques gouttes dans un b\u00e2ton de Damsacena, respirer profond\u00e9ment le parfum et se d\u00e9tendre.<\/li>\n<\/ul>\n<\/div>\n<\/td>\n<\/tr>\n<tr style=\"height: 169px;\">\n<td style=\"width: 11.1172%; height: 169px; vertical-align: top;\">\n<p><strong><b>Principes actifs :<\/b><\/strong><\/p>\n<\/td>\n<td style=\"width: 45.1524%; height: 169px;\">\n<div id=\"extra-1\" class=\"wc-tab tab-pane rg_productextratabs-2 js-product-tab-active active\" aria-expanded=\"true\">\n<ul style=\"list-style-type: disc;\">\n<li>Ac\u00e9tate de linalyle (de 25 \u00e0 46 %).<\/li>\n<li>Linalol (de 20 \u00e0 45 %)<\/li>\n<li>Ocim\u00e8ne (de 8 \u00e0 10 %)<\/li>\n<li>Caryophyll\u00e8ne (de 6 \u00e0 8 %)<\/li>\n<\/ul>\n<\/div>\n<\/td>\n<\/tr>\n<tr style=\"height: 118px;\">\n<td style=\"width: 11.1172%; vertical-align: top; height: 118px;\"><strong>Allerg\u00e8nes :<\/strong><\/td>\n<td style=\"width: 45.1524%; height: 118px;\">\n<p>coumarine, g\u00e9raniol, limon\u00e8ne, linalol<\/p>\n<\/td>\n<\/tr>\n<tr style=\"height: 156px;\">\n<td style=\"width: 56.2696%; height: 156px;\" colspan=\"2\">\n<p><strong><b>Des sp\u00e9cialistes qualifi\u00e9s vous donneront volontiers de plus amples informations sur les possibilit\u00e9s d'utilisation m\u00e9dicale et cosm\u00e9tique.<\/b><\/strong><\/p>\n<div id=\"extra-1\" class=\"wc-tab tab-pane rg_productextratabs-2 js-product-tab-active active\" aria-expanded=\"true\">&nbsp;<\/div>\n<\/td>\n<\/tr>\n<\/tbody>\n<\/table>\n\n\n","protected":false},"excerpt":{"rendered":"<p>Lavande fine &nbsp; &nbsp; Damascena Lavande fine fran\u00e7aise BIO Huile essentielle 100% naturelle Garantie de qualit\u00e9 biologique sup\u00e9rieure CH-BIO 006 10 ml CHF 16.60 20 ml CHF 29.90 &nbsp; &nbsp; &nbsp; &nbsp; &nbsp; &nbsp; Damascena Lavande fine bulgare BIO Huile essentielle 100% naturelle Garantie de qualit\u00e9 biologique sup\u00e9rieure CH-BIO 006 10 ml CHF 14.80 20 ml CHF 26.60 &nbsp; &nbsp;&nbsp;<a href=\"https:\/\/bien-etreiris.ch\/de\/produktpraesentation\/aromatherapie\/aetherische-oele\/lavandes\/lavande-fine\/\" class=\"read-more\">Weiter lesen<\/a><\/p>\n","protected":false},"author":1,"featured_media":69722,"parent":76743,"menu_order":4106,"comment_status":"closed","ping_status":"closed","template":"page-with-child.php","meta":{"_acf_changed":false,"ngg_post_thumbnail":0,"footnotes":""},"class_list":["post-64495","page","type-page","status-publish","has-post-thumbnail","hentry"],"acf":[],"yoast_head":"<!-- This site is optimized with the Yoast SEO plugin v27.6 - https:\/\/yoast.com\/product\/yoast-seo-wordpress\/ -->\n<title>LAVANDE FINE - WOHLBEFINDEN<\/title>\n<meta name=\"robots\" content=\"index, follow, max-snippet:-1, max-image-preview:large, max-video-preview:-1\" \/>\n<link rel=\"canonical\" href=\"https:\/\/bien-etreiris.ch\/de\/produktpraesentation\/aromatherapie\/aetherische-oele\/lavandes\/lavande-fine\/\" \/>\n<meta property=\"og:locale\" content=\"de_DE\" \/>\n<meta property=\"og:type\" content=\"article\" \/>\n<meta property=\"og:title\" content=\"LAVANDE FINE - WOHLBEFINDEN\" \/>\n<meta property=\"og:description\" content=\"Lavande fine &nbsp; &nbsp; Damascena Lavande fine fran\u00e7aise BIO Huile essentielle 100% naturelle Garantie de qualit\u00e9 biologique sup\u00e9rieure CH-BIO 006 10 ml CHF 16.60 20 ml CHF 29.90 &nbsp; &nbsp; &nbsp; &nbsp; &nbsp; &nbsp; Damascena Lavande fine bulgare BIO Huile essentielle 100% naturelle Garantie de qualit\u00e9 biologique sup\u00e9rieure CH-BIO 006 10 ml CHF 14.80 20 ml CHF 26.60 &nbsp; &nbsp;&nbsp;Weiter lesen\" \/>\n<meta property=\"og:url\" content=\"https:\/\/bien-etreiris.ch\/de\/produktpraesentation\/aromatherapie\/aetherische-oele\/lavandes\/lavande-fine\/\" \/>\n<meta property=\"og:site_name\" content=\"WOHLBEFINDEN\" \/>\n<meta property=\"article:publisher\" content=\"https:\/\/www.facebook.com\/bienetreiris\/\" \/>\n<meta property=\"article:modified_time\" content=\"2023-10-11T07:07:28+00:00\" \/>\n<meta property=\"og:image\" content=\"https:\/\/bien-etreiris.ch\/wp-content\/uploads\/2023\/05\/acceuil-lavande-fine.png\" \/>\n\t<meta property=\"og:image:width\" content=\"500\" \/>\n\t<meta property=\"og:image:height\" content=\"303\" \/>\n\t<meta property=\"og:image:type\" content=\"image\/png\" \/>\n<meta name=\"twitter:label1\" content=\"Gesch\u00e4tzte Lesezeit\" \/>\n\t<meta name=\"twitter:data1\" content=\"3\u00a0Minuten\" \/>\n<script type=\"application\/ld+json\" class=\"yoast-schema-graph\">{\"@context\":\"https:\\\/\\\/schema.org\",\"@graph\":[{\"@type\":\"WebPage\",\"@id\":\"https:\\\/\\\/bien-etreiris.ch\\\/de\\\/produktpraesentation\\\/aromatherapie\\\/aetherische-oele\\\/lavandes\\\/lavande-fine\\\/\",\"url\":\"https:\\\/\\\/bien-etreiris.ch\\\/de\\\/produktpraesentation\\\/aromatherapie\\\/aetherische-oele\\\/lavandes\\\/lavande-fine\\\/\",\"name\":\"LAVANDE FINE - WOHLBEFINDEN\",\"isPartOf\":{\"@id\":\"https:\\\/\\\/bien-etreiris.ch\\\/de\\\/#website\"},\"primaryImageOfPage\":{\"@id\":\"https:\\\/\\\/bien-etreiris.ch\\\/de\\\/produktpraesentation\\\/aromatherapie\\\/aetherische-oele\\\/lavandes\\\/lavande-fine\\\/#primaryimage\"},\"image\":{\"@id\":\"https:\\\/\\\/bien-etreiris.ch\\\/de\\\/produktpraesentation\\\/aromatherapie\\\/aetherische-oele\\\/lavandes\\\/lavande-fine\\\/#primaryimage\"},\"thumbnailUrl\":\"https:\\\/\\\/bien-etreiris.ch\\\/wp-content\\\/uploads\\\/2023\\\/05\\\/acceuil-lavande-fine.png\",\"datePublished\":\"2023-01-19T07:33:30+00:00\",\"dateModified\":\"2023-10-11T07:07:28+00:00\",\"breadcrumb\":{\"@id\":\"https:\\\/\\\/bien-etreiris.ch\\\/de\\\/produktpraesentation\\\/aromatherapie\\\/aetherische-oele\\\/lavandes\\\/lavande-fine\\\/#breadcrumb\"},\"inLanguage\":\"de\",\"potentialAction\":[{\"@type\":\"ReadAction\",\"target\":[\"https:\\\/\\\/bien-etreiris.ch\\\/de\\\/produktpraesentation\\\/aromatherapie\\\/aetherische-oele\\\/lavandes\\\/lavande-fine\\\/\"]}]},{\"@type\":\"ImageObject\",\"inLanguage\":\"de\",\"@id\":\"https:\\\/\\\/bien-etreiris.ch\\\/de\\\/produktpraesentation\\\/aromatherapie\\\/aetherische-oele\\\/lavandes\\\/lavande-fine\\\/#primaryimage\",\"url\":\"https:\\\/\\\/bien-etreiris.ch\\\/wp-content\\\/uploads\\\/2023\\\/05\\\/acceuil-lavande-fine.png\",\"contentUrl\":\"https:\\\/\\\/bien-etreiris.ch\\\/wp-content\\\/uploads\\\/2023\\\/05\\\/acceuil-lavande-fine.png\",\"width\":500,\"height\":303},{\"@type\":\"BreadcrumbList\",\"@id\":\"https:\\\/\\\/bien-etreiris.ch\\\/de\\\/produktpraesentation\\\/aromatherapie\\\/aetherische-oele\\\/lavandes\\\/lavande-fine\\\/#breadcrumb\",\"itemListElement\":[{\"@type\":\"ListItem\",\"position\":1,\"name\":\"Home\",\"item\":\"https:\\\/\\\/bien-etreiris.ch\\\/de\\\/\"},{\"@type\":\"ListItem\",\"position\":2,\"name\":\"PRODUKTPR\u00c4SENTATION\",\"item\":\"https:\\\/\\\/bien-etreiris.ch\\\/de\\\/produktpraesentation\\\/\"},{\"@type\":\"ListItem\",\"position\":3,\"name\":\"AROMATHERAPIE\",\"item\":\"https:\\\/\\\/bien-etreiris.ch\\\/de\\\/produktpraesentation\\\/aromatherapie\\\/\"},{\"@type\":\"ListItem\",\"position\":4,\"name\":\"\u00c4THERISCHE \u00d6LE\",\"item\":\"https:\\\/\\\/bien-etreiris.ch\\\/de\\\/produktpraesentation\\\/aromatherapie\\\/aetherische-oele\\\/\"},{\"@type\":\"ListItem\",\"position\":5,\"name\":\"LAVANDES\",\"item\":\"https:\\\/\\\/bien-etreiris.ch\\\/de\\\/produktpraesentation\\\/aromatherapie\\\/aetherische-oele\\\/lavandes\\\/\"},{\"@type\":\"ListItem\",\"position\":6,\"name\":\"LAVANDE FINE\"}]},{\"@type\":\"WebSite\",\"@id\":\"https:\\\/\\\/bien-etreiris.ch\\\/de\\\/#website\",\"url\":\"https:\\\/\\\/bien-etreiris.ch\\\/de\\\/\",\"name\":\"Bien-\u00eatre Iris\",\"description\":\"IHRE Gesundheit ist uns wichtig\",\"potentialAction\":[{\"@type\":\"SearchAction\",\"target\":{\"@type\":\"EntryPoint\",\"urlTemplate\":\"https:\\\/\\\/bien-etreiris.ch\\\/de\\\/?s={search_term_string}\"},\"query-input\":{\"@type\":\"PropertyValueSpecification\",\"valueRequired\":true,\"valueName\":\"search_term_string\"}}],\"inLanguage\":\"de\"}]}<\/script>\n<!-- \/ Yoast SEO plugin. -->","yoast_head_json":{"title":"LAVANDE FINE - WOHLBEFINDEN","robots":{"index":"index","follow":"follow","max-snippet":"max-snippet:-1","max-image-preview":"max-image-preview:large","max-video-preview":"max-video-preview:-1"},"canonical":"https:\/\/bien-etreiris.ch\/de\/produktpraesentation\/aromatherapie\/aetherische-oele\/lavandes\/lavande-fine\/","og_locale":"de_DE","og_type":"article","og_title":"LAVANDE FINE - WOHLBEFINDEN","og_description":"Lavande fine &nbsp; &nbsp; Damascena Lavande fine fran\u00e7aise BIO Huile essentielle 100% naturelle Garantie de qualit\u00e9 biologique sup\u00e9rieure CH-BIO 006 10 ml CHF 16.60 20 ml CHF 29.90 &nbsp; &nbsp; &nbsp; &nbsp; &nbsp; &nbsp; Damascena Lavande fine bulgare BIO Huile essentielle 100% naturelle Garantie de qualit\u00e9 biologique sup\u00e9rieure CH-BIO 006 10 ml CHF 14.80 20 ml CHF 26.60 &nbsp; &nbsp;&nbsp;Weiter lesen","og_url":"https:\/\/bien-etreiris.ch\/de\/produktpraesentation\/aromatherapie\/aetherische-oele\/lavandes\/lavande-fine\/","og_site_name":"WOHLBEFINDEN","article_publisher":"https:\/\/www.facebook.com\/bienetreiris\/","article_modified_time":"2023-10-11T07:07:28+00:00","og_image":[{"width":500,"height":303,"url":"https:\/\/bien-etreiris.ch\/wp-content\/uploads\/2023\/05\/acceuil-lavande-fine.png","type":"image\/png"}],"twitter_misc":{"Gesch\u00e4tzte Lesezeit":"3\u00a0Minuten"},"schema":{"@context":"https:\/\/schema.org","@graph":[{"@type":"WebPage","@id":"https:\/\/bien-etreiris.ch\/de\/produktpraesentation\/aromatherapie\/aetherische-oele\/lavandes\/lavande-fine\/","url":"https:\/\/bien-etreiris.ch\/de\/produktpraesentation\/aromatherapie\/aetherische-oele\/lavandes\/lavande-fine\/","name":"LAVANDE FINE - WOHLBEFINDEN","isPartOf":{"@id":"https:\/\/bien-etreiris.ch\/de\/#website"},"primaryImageOfPage":{"@id":"https:\/\/bien-etreiris.ch\/de\/produktpraesentation\/aromatherapie\/aetherische-oele\/lavandes\/lavande-fine\/#primaryimage"},"image":{"@id":"https:\/\/bien-etreiris.ch\/de\/produktpraesentation\/aromatherapie\/aetherische-oele\/lavandes\/lavande-fine\/#primaryimage"},"thumbnailUrl":"https:\/\/bien-etreiris.ch\/wp-content\/uploads\/2023\/05\/acceuil-lavande-fine.png","datePublished":"2023-01-19T07:33:30+00:00","dateModified":"2023-10-11T07:07:28+00:00","breadcrumb":{"@id":"https:\/\/bien-etreiris.ch\/de\/produktpraesentation\/aromatherapie\/aetherische-oele\/lavandes\/lavande-fine\/#breadcrumb"},"inLanguage":"de","potentialAction":[{"@type":"ReadAction","target":["https:\/\/bien-etreiris.ch\/de\/produktpraesentation\/aromatherapie\/aetherische-oele\/lavandes\/lavande-fine\/"]}]},{"@type":"ImageObject","inLanguage":"de","@id":"https:\/\/bien-etreiris.ch\/de\/produktpraesentation\/aromatherapie\/aetherische-oele\/lavandes\/lavande-fine\/#primaryimage","url":"https:\/\/bien-etreiris.ch\/wp-content\/uploads\/2023\/05\/acceuil-lavande-fine.png","contentUrl":"https:\/\/bien-etreiris.ch\/wp-content\/uploads\/2023\/05\/acceuil-lavande-fine.png","width":500,"height":303},{"@type":"BreadcrumbList","@id":"https:\/\/bien-etreiris.ch\/de\/produktpraesentation\/aromatherapie\/aetherische-oele\/lavandes\/lavande-fine\/#breadcrumb","itemListElement":[{"@type":"ListItem","position":1,"name":"Home","item":"https:\/\/bien-etreiris.ch\/de\/"},{"@type":"ListItem","position":2,"name":"PRODUKTPR\u00c4SENTATION","item":"https:\/\/bien-etreiris.ch\/de\/produktpraesentation\/"},{"@type":"ListItem","position":3,"name":"AROMATHERAPIE","item":"https:\/\/bien-etreiris.ch\/de\/produktpraesentation\/aromatherapie\/"},{"@type":"ListItem","position":4,"name":"\u00c4THERISCHE \u00d6LE","item":"https:\/\/bien-etreiris.ch\/de\/produktpraesentation\/aromatherapie\/aetherische-oele\/"},{"@type":"ListItem","position":5,"name":"LAVANDES","item":"https:\/\/bien-etreiris.ch\/de\/produktpraesentation\/aromatherapie\/aetherische-oele\/lavandes\/"},{"@type":"ListItem","position":6,"name":"LAVANDE FINE"}]},{"@type":"WebSite","@id":"https:\/\/bien-etreiris.ch\/de\/#website","url":"https:\/\/bien-etreiris.ch\/de\/","name":"Bien-\u00eatre Iris","description":"IHRE Gesundheit ist uns wichtig","potentialAction":[{"@type":"SearchAction","target":{"@type":"EntryPoint","urlTemplate":"https:\/\/bien-etreiris.ch\/de\/?s={search_term_string}"},"query-input":{"@type":"PropertyValueSpecification","valueRequired":true,"valueName":"search_term_string"}}],"inLanguage":"de"}]}},"_links":{"self":[{"href":"https:\/\/bien-etreiris.ch\/de\/wp-json\/wp\/v2\/pages\/64495","targetHints":{"allow":["GET"]}}],"collection":[{"href":"https:\/\/bien-etreiris.ch\/de\/wp-json\/wp\/v2\/pages"}],"about":[{"href":"https:\/\/bien-etreiris.ch\/de\/wp-json\/wp\/v2\/types\/page"}],"author":[{"embeddable":true,"href":"https:\/\/bien-etreiris.ch\/de\/wp-json\/wp\/v2\/users\/1"}],"replies":[{"embeddable":true,"href":"https:\/\/bien-etreiris.ch\/de\/wp-json\/wp\/v2\/comments?post=64495"}],"version-history":[{"count":13,"href":"https:\/\/bien-etreiris.ch\/de\/wp-json\/wp\/v2\/pages\/64495\/revisions"}],"predecessor-version":[{"id":69897,"href":"https:\/\/bien-etreiris.ch\/de\/wp-json\/wp\/v2\/pages\/64495\/revisions\/69897"}],"up":[{"embeddable":true,"href":"https:\/\/bien-etreiris.ch\/de\/wp-json\/wp\/v2\/pages\/76743"}],"wp:featuredmedia":[{"embeddable":true,"href":"https:\/\/bien-etreiris.ch\/de\/wp-json\/wp\/v2\/media\/69722"}],"wp:attachment":[{"href":"https:\/\/bien-etreiris.ch\/de\/wp-json\/wp\/v2\/media?parent=64495"}],"curies":[{"name":"wp","href":"https:\/\/api.w.org\/{rel}","templated":true}]}}