{"id":64396,"date":"2023-01-15T17:14:25","date_gmt":"2023-01-15T15:14:25","guid":{"rendered":"https:\/\/bien-etreiris.ch\/produktpraesentation\/gesundes-leben\/nahrungsergaenzungsmittel\/pflanzenheilkunde-gleichgewicht-durch-heilpflanzen\/kapseln-und-pulver-auf-pflanzlicher-basis\/chardon-marie\/"},"modified":"2023-01-15T17:17:42","modified_gmt":"2023-01-15T15:17:42","slug":"mariendistel-komplex","status":"publish","type":"page","link":"https:\/\/bien-etreiris.ch\/de\/produktpraesentation\/gesundes-leben\/nahrungsergaenzungsmittel\/pflanzenheilkunde-gleichgewicht-durch-heilpflanzen\/kapseln-und-pulver-auf-pflanzlicher-basis\/mariendistel-komplex\/","title":{"rendered":"MARIENDISTEL"},"content":{"rendered":"\n<h2>Mariendistel Komplex Vita<\/h2>\n<p><a href=\"https:\/\/bien-etreiris.ch\/wp-content\/uploads\/2023\/01\/chardon-marie.jpg\"><img loading=\"lazy\" decoding=\"async\" class=\"wp-image-64385 alignleft\" src=\"https:\/\/bien-etreiris.ch\/wp-content\/uploads\/2023\/01\/chardon-marie.jpg\" alt=\"\" width=\"310\" height=\"488\" srcset=\"https:\/\/bien-etreiris.ch\/wp-content\/uploads\/2023\/01\/chardon-marie.jpg 737w, https:\/\/bien-etreiris.ch\/wp-content\/uploads\/2023\/01\/chardon-marie-191x300.jpg 191w, https:\/\/bien-etreiris.ch\/wp-content\/uploads\/2023\/01\/chardon-marie-651x1024.jpg 651w\" sizes=\"auto, (max-width: 310px) 100vw, 310px\" \/> <\/a><\/p>\n<p>&nbsp;<\/p>\n<p><strong>Complexe de chardon-marie Vita<\/strong><\/p>\n<p>Compos\u00e9 de :<\/p>\n<ul style=\"list-style-type: disc;\">\n<li>Chardon-Marie<\/li>\n<li>Artichaut<\/li>\n<li>Pissenlit<\/li>\n<li>Curcuma<\/li>\n<\/ul>\n<p>Enveloppe de capsule v\u00e9g\u00e9talienne.V\u00e9g\u00e9talien<\/p>\n<ul style=\"list-style-type: disc;\">\n<li>Sans additifs<\/li>\n<li>Naturellement<\/li>\n<li>Fabriqu\u00e9 en Allemagne<\/li>\n<\/ul>\n<p>&nbsp;<\/p>\n<p>&nbsp;<\/p>\n<p>120 Capsules <strong>CHF 19.90<\/strong><\/p>\n<p>remplissage&nbsp; 10 capsules <strong>CHF 1.20<\/strong><\/p>\n<p>&nbsp;<\/p>\n<p>&nbsp;<\/p>\n<p><a href=\"https:\/\/bien-etreiris.ch\/wp-content\/uploads\/2023\/01\/Complexe-de-chardon-marie.jpg\"><img loading=\"lazy\" decoding=\"async\" class=\"alignnone  wp-image-64400\" src=\"https:\/\/bien-etreiris.ch\/wp-content\/uploads\/2023\/01\/Complexe-de-chardon-marie.jpg\" alt=\"\" width=\"602\" height=\"278\" srcset=\"https:\/\/bien-etreiris.ch\/wp-content\/uploads\/2023\/01\/Complexe-de-chardon-marie.jpg 1535w, https:\/\/bien-etreiris.ch\/wp-content\/uploads\/2023\/01\/Complexe-de-chardon-marie-300x139.jpg 300w, https:\/\/bien-etreiris.ch\/wp-content\/uploads\/2023\/01\/Complexe-de-chardon-marie-1024x473.jpg 1024w, https:\/\/bien-etreiris.ch\/wp-content\/uploads\/2023\/01\/Complexe-de-chardon-marie-768x355.jpg 768w\" sizes=\"auto, (max-width: 602px) 100vw, 602px\" \/><\/a><\/p>\n<p>&nbsp;<\/p>\n<p>&nbsp;<\/p>\n<p>&nbsp;<\/p>\n<p>&nbsp;<\/p>\n<h4>Description<\/h4>\n<p><br>Complexe de chardon-marie Vita<\/p>\n<p>Une pr\u00e9paration combin\u00e9e de Cellavita avec les plantes tr\u00e8s appr\u00e9ci\u00e9es que sont le chardon-marie, l'artichaut, le pissenlit et le curcuma. Naturellement sans additifs, sans anti-agglom\u00e9rants ni autres additifs.<\/p>\n<h4>Le chardon-marie :<\/h4>\n<p>Le chardon-Marie - r\u00e9gionalement aussi appel\u00e9 \"couronne du Christ\", \"chardon du tonnerre\", \"chardon f\u00e9tide\", \"chardon des dames\", \"chardon du salut\", avec les noms des fruits \"grains de Marie\" ou \"grains de piment\" - est une esp\u00e8ce de plantes appartenant \u00e0 la sous-famille des Carduoideae. Le nom du chardon-Marie provient d'une ancienne l\u00e9gende selon laquelle les rayures blanches sur ses feuilles proviennent du lait de la Vierge Marie.<\/p>\n<p>Les autres composants importants de la plante sont : des substances am\u00e8res, des amines biog\u00e8nes, du tanin et des colorants.<\/p>\n<p>Source : <a href=\"https:\/\/fr.wikipedia.org\/wiki\/Chardon-Marie\" target=\"_blank\" rel=\"noopener\"><span style=\"color: #99cc00;\">https:\/\/de.wikipedia.org\/wiki\/Chardon-Marie<\/span><\/a><\/p>\n<h4>Artichaut :<\/h4>\n<p>L'artichaut est une plante cultiv\u00e9e vigoureuse de la famille des compos\u00e9es, qui ressemble \u00e0 un chardon. Le groupe de vari\u00e9t\u00e9s d'artichauts est cultiv\u00e9 pour ses inflorescences bourgeonnantes comestibles et consomm\u00e9 comme l\u00e9gume-fleur. L'artichaut a \u00e9t\u00e9 d\u00e9sign\u00e9 plante m\u00e9dicinale de l'ann\u00e9e 2003. On attribue \u00e0 l'artichaut, entre autres, des effets stimulant l'app\u00e9tit, favorisant la digestion et r\u00e9duisant le taux de cholest\u00e9rol.<\/p>\n<p>Source: <a href=\"https:\/\/fr.wikipedia.org\/wiki\/Artichaut\" target=\"_blank\" rel=\"noopener\"><span style=\"color: #99cc00;\">https:\/\/de.wikipedia.org\/wiki\/Artichaut<\/span><\/a><\/p>\n<h4>Le pissenlit :<\/h4>\n<p>Les principaux principes actifs du pissenlit sont les substances am\u00e8res. Elles favorisent g\u00e9n\u00e9ralement la s\u00e9cr\u00e9tion des glandes digestives. Par ailleurs, un effet diur\u00e9tique a \u00e9galement \u00e9t\u00e9 d\u00e9montr\u00e9, peut-\u00eatre d\u00fb \u00e0 la forte concentration en potassium.<\/p>\n<p>Source : <a href=\"https:\/\/fr.wikipedia.org\/wiki\/Taraxacum_sect._Ruderalia\" target=\"_blank\" rel=\"noopener\"><span style=\"color: #99cc00;\">https:\/\/de.wikipedia.org\/wiki\/Taraxacum_sect._Ruderalia<\/span><\/a><\/p>\n<h4>Le curcuma :<\/h4>\n<p>Le curcuma, \u00e9galement appel\u00e9 gingembre jaune ou racine de safran, est originaire du sud de l'Asie (famille des Zingib\u00e9rac\u00e9es). En Inde, le curcuma est connu et utilis\u00e9 depuis 4 000 ans. La plante \u00e9tait consid\u00e9r\u00e9e comme sacr\u00e9e et a toujours fait partie des \u00e9pices les plus importantes l\u00e0-bas. En Allemagne, la racine jaune a \u00e9t\u00e9 inscrite comme m\u00e9dicament \u00e0 base de plantes sous le nom de Rhizoma Curcumae dans le volume compl\u00e9mentaire 5 (Erg.-B. 5) du DAB en 1930.<\/p>\n<p>La plante de curcuma est consid\u00e9r\u00e9e comme la plante la plus scientifiquement \u00e9tudi\u00e9e de la plan\u00e8te.<\/p>\n<p>Source <a href=\"https:\/\/fr.wikipedia.org\/wiki\/Curcuma\" target=\"_blank\" rel=\"noopener\"><span style=\"color: #99cc00;\">https:\/\/de.wikipedia.org\/wiki\/curcuma<\/span><\/a><\/p>\n<h4>Liste des ingr\u00e9dients par dose journali\u00e8re :<\/h4>\n<ul style=\"list-style-type: disc;\">\n<li>Extrait de chardon-marie 310 mg<\/li>\n<li>extrait d'artichaut 186 mg<\/li>\n<li>extrait de pissenlit 62 mg<\/li>\n<li>poudre de curcuma 62 mg<\/li>\n<\/ul>\n<p>&nbsp;<\/p>\n<h4>Liste des ingr\u00e9dients :<\/h4>\n<p>Extrait de chardon-Marie, extrait d'artichaut, extrait de pissenlit, poudre de curcuma.<br>Agent d'enrobage : hydroxypropylm\u00e9thylcellulose ,<\/p>\n<h4>Recommandation de consommation :<\/h4>\n<p>Consommer 2 g\u00e9lules par jour avec un verre d'eau (200 ml).<\/p>\n<h4>Remarque :<\/h4>\n<p>La quantit\u00e9 journali\u00e8re recommand\u00e9e indiqu\u00e9e ne doit pas \u00eatre d\u00e9pass\u00e9e. Les compl\u00e9ments alimentaires ne doivent pas \u00eatre utilis\u00e9s comme substituts d'une alimentation \u00e9quilibr\u00e9e et vari\u00e9e et d'un mode de vie sain.<\/p>\n<p>Veuillez conserver le produit dans un endroit frais, sec et sombre.<br>Tenir hors de port\u00e9e des jeunes enfants.<\/p>\n","protected":false},"excerpt":{"rendered":"<p>Mariendistel Komplex Vita &nbsp; Complexe de chardon-marie Vita Compos\u00e9 de : Chardon-Marie Artichaut Pissenlit Curcuma Enveloppe de capsule v\u00e9g\u00e9talienne.V\u00e9g\u00e9talien Sans additifs Naturellement Fabriqu\u00e9 en Allemagne &nbsp; &nbsp; 120 Capsules CHF 19.90 remplissage&nbsp; 10 capsules CHF 1.20 &nbsp; &nbsp; &nbsp; &nbsp; &nbsp; &nbsp; Description Complexe de chardon-marie Vita Une pr\u00e9paration combin\u00e9e de Cellavita avec les plantes tr\u00e8s appr\u00e9ci\u00e9es que sont le&nbsp;<a href=\"https:\/\/bien-etreiris.ch\/de\/produktpraesentation\/gesundes-leben\/nahrungsergaenzungsmittel\/pflanzenheilkunde-gleichgewicht-durch-heilpflanzen\/kapseln-und-pulver-auf-pflanzlicher-basis\/mariendistel-komplex\/\" class=\"read-more\">Weiter lesen<\/a><\/p>\n","protected":false},"author":1,"featured_media":64390,"parent":60901,"menu_order":4119,"comment_status":"closed","ping_status":"closed","template":"page-with-child.php","meta":{"_acf_changed":false,"ngg_post_thumbnail":0,"footnotes":""},"class_list":["post-64396","page","type-page","status-publish","has-post-thumbnail","hentry"],"acf":[],"yoast_head":"<!-- This site is optimized with the Yoast SEO plugin v27.6 - https:\/\/yoast.com\/product\/yoast-seo-wordpress\/ -->\n<title>MARIENDISTEL - WOHLBEFINDEN<\/title>\n<meta name=\"robots\" content=\"index, follow, max-snippet:-1, max-image-preview:large, max-video-preview:-1\" \/>\n<link rel=\"canonical\" href=\"https:\/\/bien-etreiris.ch\/de\/produktpraesentation\/gesundes-leben\/nahrungsergaenzungsmittel\/pflanzenheilkunde-gleichgewicht-durch-heilpflanzen\/kapseln-und-pulver-auf-pflanzlicher-basis\/mariendistel-komplex\/\" \/>\n<meta property=\"og:locale\" content=\"de_DE\" \/>\n<meta property=\"og:type\" content=\"article\" \/>\n<meta property=\"og:title\" content=\"MARIENDISTEL - WOHLBEFINDEN\" \/>\n<meta property=\"og:description\" content=\"Mariendistel Komplex Vita &nbsp; Complexe de chardon-marie Vita Compos\u00e9 de : Chardon-Marie Artichaut Pissenlit Curcuma Enveloppe de capsule v\u00e9g\u00e9talienne.V\u00e9g\u00e9talien Sans additifs Naturellement Fabriqu\u00e9 en Allemagne &nbsp; &nbsp; 120 Capsules CHF 19.90 remplissage&nbsp; 10 capsules CHF 1.20 &nbsp; &nbsp; &nbsp; &nbsp; &nbsp; &nbsp; Description Complexe de chardon-marie Vita Une pr\u00e9paration combin\u00e9e de Cellavita avec les plantes tr\u00e8s appr\u00e9ci\u00e9es que sont le&nbsp;Weiter lesen\" \/>\n<meta property=\"og:url\" content=\"https:\/\/bien-etreiris.ch\/de\/produktpraesentation\/gesundes-leben\/nahrungsergaenzungsmittel\/pflanzenheilkunde-gleichgewicht-durch-heilpflanzen\/kapseln-und-pulver-auf-pflanzlicher-basis\/mariendistel-komplex\/\" \/>\n<meta property=\"og:site_name\" content=\"WOHLBEFINDEN\" \/>\n<meta property=\"article:publisher\" content=\"https:\/\/www.facebook.com\/bienetreiris\/\" \/>\n<meta property=\"article:modified_time\" content=\"2023-01-15T15:17:42+00:00\" \/>\n<meta property=\"og:image\" content=\"https:\/\/bien-etreiris.ch\/wp-content\/uploads\/2023\/01\/acceuil-Maqriendistel.jpg\" \/>\n\t<meta property=\"og:image:width\" content=\"500\" \/>\n\t<meta property=\"og:image:height\" content=\"333\" \/>\n\t<meta property=\"og:image:type\" content=\"image\/jpeg\" \/>\n<meta name=\"twitter:label1\" content=\"Gesch\u00e4tzte Lesezeit\" \/>\n\t<meta name=\"twitter:data1\" content=\"3\u00a0Minuten\" \/>\n<script type=\"application\/ld+json\" class=\"yoast-schema-graph\">{\"@context\":\"https:\\\/\\\/schema.org\",\"@graph\":[{\"@type\":\"WebPage\",\"@id\":\"https:\\\/\\\/bien-etreiris.ch\\\/de\\\/produktpraesentation\\\/gesundes-leben\\\/nahrungsergaenzungsmittel\\\/pflanzenheilkunde-gleichgewicht-durch-heilpflanzen\\\/kapseln-und-pulver-auf-pflanzlicher-basis\\\/mariendistel-komplex\\\/\",\"url\":\"https:\\\/\\\/bien-etreiris.ch\\\/de\\\/produktpraesentation\\\/gesundes-leben\\\/nahrungsergaenzungsmittel\\\/pflanzenheilkunde-gleichgewicht-durch-heilpflanzen\\\/kapseln-und-pulver-auf-pflanzlicher-basis\\\/mariendistel-komplex\\\/\",\"name\":\"MARIENDISTEL - WOHLBEFINDEN\",\"isPartOf\":{\"@id\":\"https:\\\/\\\/bien-etreiris.ch\\\/de\\\/#website\"},\"primaryImageOfPage\":{\"@id\":\"https:\\\/\\\/bien-etreiris.ch\\\/de\\\/produktpraesentation\\\/gesundes-leben\\\/nahrungsergaenzungsmittel\\\/pflanzenheilkunde-gleichgewicht-durch-heilpflanzen\\\/kapseln-und-pulver-auf-pflanzlicher-basis\\\/mariendistel-komplex\\\/#primaryimage\"},\"image\":{\"@id\":\"https:\\\/\\\/bien-etreiris.ch\\\/de\\\/produktpraesentation\\\/gesundes-leben\\\/nahrungsergaenzungsmittel\\\/pflanzenheilkunde-gleichgewicht-durch-heilpflanzen\\\/kapseln-und-pulver-auf-pflanzlicher-basis\\\/mariendistel-komplex\\\/#primaryimage\"},\"thumbnailUrl\":\"https:\\\/\\\/bien-etreiris.ch\\\/wp-content\\\/uploads\\\/2023\\\/01\\\/acceuil-Maqriendistel.jpg\",\"datePublished\":\"2023-01-15T15:14:25+00:00\",\"dateModified\":\"2023-01-15T15:17:42+00:00\",\"breadcrumb\":{\"@id\":\"https:\\\/\\\/bien-etreiris.ch\\\/de\\\/produktpraesentation\\\/gesundes-leben\\\/nahrungsergaenzungsmittel\\\/pflanzenheilkunde-gleichgewicht-durch-heilpflanzen\\\/kapseln-und-pulver-auf-pflanzlicher-basis\\\/mariendistel-komplex\\\/#breadcrumb\"},\"inLanguage\":\"de\",\"potentialAction\":[{\"@type\":\"ReadAction\",\"target\":[\"https:\\\/\\\/bien-etreiris.ch\\\/de\\\/produktpraesentation\\\/gesundes-leben\\\/nahrungsergaenzungsmittel\\\/pflanzenheilkunde-gleichgewicht-durch-heilpflanzen\\\/kapseln-und-pulver-auf-pflanzlicher-basis\\\/mariendistel-komplex\\\/\"]}]},{\"@type\":\"ImageObject\",\"inLanguage\":\"de\",\"@id\":\"https:\\\/\\\/bien-etreiris.ch\\\/de\\\/produktpraesentation\\\/gesundes-leben\\\/nahrungsergaenzungsmittel\\\/pflanzenheilkunde-gleichgewicht-durch-heilpflanzen\\\/kapseln-und-pulver-auf-pflanzlicher-basis\\\/mariendistel-komplex\\\/#primaryimage\",\"url\":\"https:\\\/\\\/bien-etreiris.ch\\\/wp-content\\\/uploads\\\/2023\\\/01\\\/acceuil-Maqriendistel.jpg\",\"contentUrl\":\"https:\\\/\\\/bien-etreiris.ch\\\/wp-content\\\/uploads\\\/2023\\\/01\\\/acceuil-Maqriendistel.jpg\",\"width\":500,\"height\":333},{\"@type\":\"BreadcrumbList\",\"@id\":\"https:\\\/\\\/bien-etreiris.ch\\\/de\\\/produktpraesentation\\\/gesundes-leben\\\/nahrungsergaenzungsmittel\\\/pflanzenheilkunde-gleichgewicht-durch-heilpflanzen\\\/kapseln-und-pulver-auf-pflanzlicher-basis\\\/mariendistel-komplex\\\/#breadcrumb\",\"itemListElement\":[{\"@type\":\"ListItem\",\"position\":1,\"name\":\"Home\",\"item\":\"https:\\\/\\\/bien-etreiris.ch\\\/de\\\/\"},{\"@type\":\"ListItem\",\"position\":2,\"name\":\"PRODUKTPR\u00c4SENTATION\",\"item\":\"https:\\\/\\\/bien-etreiris.ch\\\/de\\\/produktpraesentation\\\/\"},{\"@type\":\"ListItem\",\"position\":3,\"name\":\"GESUNDES LEBEN\",\"item\":\"https:\\\/\\\/bien-etreiris.ch\\\/de\\\/produktpraesentation\\\/gesundes-leben\\\/\"},{\"@type\":\"ListItem\",\"position\":4,\"name\":\"NAHRUNGSERG\u00c4NZUNG\",\"item\":\"https:\\\/\\\/bien-etreiris.ch\\\/de\\\/produktpraesentation\\\/gesundes-leben\\\/nahrungsergaenzungsmittel\\\/\"},{\"@type\":\"ListItem\",\"position\":5,\"name\":\"PFLANZENHEILKUNDE\",\"item\":\"https:\\\/\\\/bien-etreiris.ch\\\/de\\\/produktpraesentation\\\/gesundes-leben\\\/nahrungsergaenzungsmittel\\\/pflanzenheilkunde-gleichgewicht-durch-heilpflanzen\\\/\"},{\"@type\":\"ListItem\",\"position\":6,\"name\":\"KAPSELN &#038; PULVER\",\"item\":\"https:\\\/\\\/bien-etreiris.ch\\\/de\\\/produktpraesentation\\\/gesundes-leben\\\/nahrungsergaenzungsmittel\\\/pflanzenheilkunde-gleichgewicht-durch-heilpflanzen\\\/kapseln-und-pulver-auf-pflanzlicher-basis\\\/\"},{\"@type\":\"ListItem\",\"position\":7,\"name\":\"MARIENDISTEL\"}]},{\"@type\":\"WebSite\",\"@id\":\"https:\\\/\\\/bien-etreiris.ch\\\/de\\\/#website\",\"url\":\"https:\\\/\\\/bien-etreiris.ch\\\/de\\\/\",\"name\":\"Bien-\u00eatre Iris\",\"description\":\"IHRE Gesundheit ist uns wichtig\",\"potentialAction\":[{\"@type\":\"SearchAction\",\"target\":{\"@type\":\"EntryPoint\",\"urlTemplate\":\"https:\\\/\\\/bien-etreiris.ch\\\/de\\\/?s={search_term_string}\"},\"query-input\":{\"@type\":\"PropertyValueSpecification\",\"valueRequired\":true,\"valueName\":\"search_term_string\"}}],\"inLanguage\":\"de\"}]}<\/script>\n<!-- \/ Yoast SEO plugin. -->","yoast_head_json":{"title":"MARIENDISTEL - WOHLBEFINDEN","robots":{"index":"index","follow":"follow","max-snippet":"max-snippet:-1","max-image-preview":"max-image-preview:large","max-video-preview":"max-video-preview:-1"},"canonical":"https:\/\/bien-etreiris.ch\/de\/produktpraesentation\/gesundes-leben\/nahrungsergaenzungsmittel\/pflanzenheilkunde-gleichgewicht-durch-heilpflanzen\/kapseln-und-pulver-auf-pflanzlicher-basis\/mariendistel-komplex\/","og_locale":"de_DE","og_type":"article","og_title":"MARIENDISTEL - WOHLBEFINDEN","og_description":"Mariendistel Komplex Vita &nbsp; Complexe de chardon-marie Vita Compos\u00e9 de : Chardon-Marie Artichaut Pissenlit Curcuma Enveloppe de capsule v\u00e9g\u00e9talienne.V\u00e9g\u00e9talien Sans additifs Naturellement Fabriqu\u00e9 en Allemagne &nbsp; &nbsp; 120 Capsules CHF 19.90 remplissage&nbsp; 10 capsules CHF 1.20 &nbsp; &nbsp; &nbsp; &nbsp; &nbsp; &nbsp; Description Complexe de chardon-marie Vita Une pr\u00e9paration combin\u00e9e de Cellavita avec les plantes tr\u00e8s appr\u00e9ci\u00e9es que sont le&nbsp;Weiter lesen","og_url":"https:\/\/bien-etreiris.ch\/de\/produktpraesentation\/gesundes-leben\/nahrungsergaenzungsmittel\/pflanzenheilkunde-gleichgewicht-durch-heilpflanzen\/kapseln-und-pulver-auf-pflanzlicher-basis\/mariendistel-komplex\/","og_site_name":"WOHLBEFINDEN","article_publisher":"https:\/\/www.facebook.com\/bienetreiris\/","article_modified_time":"2023-01-15T15:17:42+00:00","og_image":[{"width":500,"height":333,"url":"https:\/\/bien-etreiris.ch\/wp-content\/uploads\/2023\/01\/acceuil-Maqriendistel.jpg","type":"image\/jpeg"}],"twitter_misc":{"Gesch\u00e4tzte Lesezeit":"3\u00a0Minuten"},"schema":{"@context":"https:\/\/schema.org","@graph":[{"@type":"WebPage","@id":"https:\/\/bien-etreiris.ch\/de\/produktpraesentation\/gesundes-leben\/nahrungsergaenzungsmittel\/pflanzenheilkunde-gleichgewicht-durch-heilpflanzen\/kapseln-und-pulver-auf-pflanzlicher-basis\/mariendistel-komplex\/","url":"https:\/\/bien-etreiris.ch\/de\/produktpraesentation\/gesundes-leben\/nahrungsergaenzungsmittel\/pflanzenheilkunde-gleichgewicht-durch-heilpflanzen\/kapseln-und-pulver-auf-pflanzlicher-basis\/mariendistel-komplex\/","name":"MARIENDISTEL - WOHLBEFINDEN","isPartOf":{"@id":"https:\/\/bien-etreiris.ch\/de\/#website"},"primaryImageOfPage":{"@id":"https:\/\/bien-etreiris.ch\/de\/produktpraesentation\/gesundes-leben\/nahrungsergaenzungsmittel\/pflanzenheilkunde-gleichgewicht-durch-heilpflanzen\/kapseln-und-pulver-auf-pflanzlicher-basis\/mariendistel-komplex\/#primaryimage"},"image":{"@id":"https:\/\/bien-etreiris.ch\/de\/produktpraesentation\/gesundes-leben\/nahrungsergaenzungsmittel\/pflanzenheilkunde-gleichgewicht-durch-heilpflanzen\/kapseln-und-pulver-auf-pflanzlicher-basis\/mariendistel-komplex\/#primaryimage"},"thumbnailUrl":"https:\/\/bien-etreiris.ch\/wp-content\/uploads\/2023\/01\/acceuil-Maqriendistel.jpg","datePublished":"2023-01-15T15:14:25+00:00","dateModified":"2023-01-15T15:17:42+00:00","breadcrumb":{"@id":"https:\/\/bien-etreiris.ch\/de\/produktpraesentation\/gesundes-leben\/nahrungsergaenzungsmittel\/pflanzenheilkunde-gleichgewicht-durch-heilpflanzen\/kapseln-und-pulver-auf-pflanzlicher-basis\/mariendistel-komplex\/#breadcrumb"},"inLanguage":"de","potentialAction":[{"@type":"ReadAction","target":["https:\/\/bien-etreiris.ch\/de\/produktpraesentation\/gesundes-leben\/nahrungsergaenzungsmittel\/pflanzenheilkunde-gleichgewicht-durch-heilpflanzen\/kapseln-und-pulver-auf-pflanzlicher-basis\/mariendistel-komplex\/"]}]},{"@type":"ImageObject","inLanguage":"de","@id":"https:\/\/bien-etreiris.ch\/de\/produktpraesentation\/gesundes-leben\/nahrungsergaenzungsmittel\/pflanzenheilkunde-gleichgewicht-durch-heilpflanzen\/kapseln-und-pulver-auf-pflanzlicher-basis\/mariendistel-komplex\/#primaryimage","url":"https:\/\/bien-etreiris.ch\/wp-content\/uploads\/2023\/01\/acceuil-Maqriendistel.jpg","contentUrl":"https:\/\/bien-etreiris.ch\/wp-content\/uploads\/2023\/01\/acceuil-Maqriendistel.jpg","width":500,"height":333},{"@type":"BreadcrumbList","@id":"https:\/\/bien-etreiris.ch\/de\/produktpraesentation\/gesundes-leben\/nahrungsergaenzungsmittel\/pflanzenheilkunde-gleichgewicht-durch-heilpflanzen\/kapseln-und-pulver-auf-pflanzlicher-basis\/mariendistel-komplex\/#breadcrumb","itemListElement":[{"@type":"ListItem","position":1,"name":"Home","item":"https:\/\/bien-etreiris.ch\/de\/"},{"@type":"ListItem","position":2,"name":"PRODUKTPR\u00c4SENTATION","item":"https:\/\/bien-etreiris.ch\/de\/produktpraesentation\/"},{"@type":"ListItem","position":3,"name":"GESUNDES LEBEN","item":"https:\/\/bien-etreiris.ch\/de\/produktpraesentation\/gesundes-leben\/"},{"@type":"ListItem","position":4,"name":"NAHRUNGSERG\u00c4NZUNG","item":"https:\/\/bien-etreiris.ch\/de\/produktpraesentation\/gesundes-leben\/nahrungsergaenzungsmittel\/"},{"@type":"ListItem","position":5,"name":"PFLANZENHEILKUNDE","item":"https:\/\/bien-etreiris.ch\/de\/produktpraesentation\/gesundes-leben\/nahrungsergaenzungsmittel\/pflanzenheilkunde-gleichgewicht-durch-heilpflanzen\/"},{"@type":"ListItem","position":6,"name":"KAPSELN &#038; PULVER","item":"https:\/\/bien-etreiris.ch\/de\/produktpraesentation\/gesundes-leben\/nahrungsergaenzungsmittel\/pflanzenheilkunde-gleichgewicht-durch-heilpflanzen\/kapseln-und-pulver-auf-pflanzlicher-basis\/"},{"@type":"ListItem","position":7,"name":"MARIENDISTEL"}]},{"@type":"WebSite","@id":"https:\/\/bien-etreiris.ch\/de\/#website","url":"https:\/\/bien-etreiris.ch\/de\/","name":"Bien-\u00eatre Iris","description":"IHRE Gesundheit ist uns wichtig","potentialAction":[{"@type":"SearchAction","target":{"@type":"EntryPoint","urlTemplate":"https:\/\/bien-etreiris.ch\/de\/?s={search_term_string}"},"query-input":{"@type":"PropertyValueSpecification","valueRequired":true,"valueName":"search_term_string"}}],"inLanguage":"de"}]}},"_links":{"self":[{"href":"https:\/\/bien-etreiris.ch\/de\/wp-json\/wp\/v2\/pages\/64396","targetHints":{"allow":["GET"]}}],"collection":[{"href":"https:\/\/bien-etreiris.ch\/de\/wp-json\/wp\/v2\/pages"}],"about":[{"href":"https:\/\/bien-etreiris.ch\/de\/wp-json\/wp\/v2\/types\/page"}],"author":[{"embeddable":true,"href":"https:\/\/bien-etreiris.ch\/de\/wp-json\/wp\/v2\/users\/1"}],"replies":[{"embeddable":true,"href":"https:\/\/bien-etreiris.ch\/de\/wp-json\/wp\/v2\/comments?post=64396"}],"version-history":[{"count":2,"href":"https:\/\/bien-etreiris.ch\/de\/wp-json\/wp\/v2\/pages\/64396\/revisions"}],"predecessor-version":[{"id":64403,"href":"https:\/\/bien-etreiris.ch\/de\/wp-json\/wp\/v2\/pages\/64396\/revisions\/64403"}],"up":[{"embeddable":true,"href":"https:\/\/bien-etreiris.ch\/de\/wp-json\/wp\/v2\/pages\/60901"}],"wp:featuredmedia":[{"embeddable":true,"href":"https:\/\/bien-etreiris.ch\/de\/wp-json\/wp\/v2\/media\/64390"}],"wp:attachment":[{"href":"https:\/\/bien-etreiris.ch\/de\/wp-json\/wp\/v2\/media?parent=64396"}],"curies":[{"name":"wp","href":"https:\/\/api.w.org\/{rel}","templated":true}]}}