{"id":64259,"date":"2023-01-15T11:05:25","date_gmt":"2023-01-15T09:05:25","guid":{"rendered":"https:\/\/bien-etreiris.ch\/produktpraesentation\/gesundes-leben\/gesunde-lebensmittel\/zutaten-wohlbefinden\/gewuerze\/chili\/"},"modified":"2023-01-15T14:02:05","modified_gmt":"2023-01-15T12:02:05","slug":"cayenne-pfeffer-chili","status":"publish","type":"page","link":"https:\/\/bien-etreiris.ch\/de\/produktpraesentation\/gesundes-leben\/gesunde-lebensmittel\/zutaten-wohlbefinden\/gewuerze\/epices-pures\/cayenne-pfeffer-chili\/","title":{"rendered":"CAYENNE PFEFFER"},"content":{"rendered":"\n<div class=\"dekokt-prod-detail\">\n<h2 class=\"dekokt-prod-hed\"><strong>Cayenne-Pfeffer, Chili<\/strong><\/h2>\n<p>Deutsche Bezeichnung: Cayenne-Pfeffer, Chili<\/p>\n<p>Wissenschaftlicher Name: Capsicum annuum L. (fr\u00fcher Capsicum frutescens L.)<br>Franz\u00f6sische Namen: poivre de Cayenne, piment, piment de Cayenne<br>Englische Bezeichnung: Cayenne Pepper, Capsicum, Chilli Pepper, Cayenne.<br>Italienische Bezeichnung: pepe di Cayenna - peperoncino<br>Portugiesischer Name: pimenta-malagueta<br>Spanische Bezeichnung: chili, pimienta de Cayena, guindilla<\/p>\n<\/div>\n<p>&nbsp;<\/p>\n<p>&nbsp;<\/p>\n\n\n\n<h2 class=\"dekokt-prod-hed\"><strong>Cayenne Pfeffer gemahlen <\/strong>BIO<\/h2>\n\n\n\n<p><a href=\"https:\/\/bien-etreiris.ch\/wp-content\/uploads\/2023\/01\/Chili-moulu.jpg\"><img loading=\"lazy\" decoding=\"async\" class=\"size-full wp-image-64248 alignleft\" src=\"https:\/\/bien-etreiris.ch\/wp-content\/uploads\/2023\/01\/Chili-moulu.jpg\" alt=\"\" width=\"298\" height=\"520\" srcset=\"https:\/\/bien-etreiris.ch\/wp-content\/uploads\/2023\/01\/Chili-moulu.jpg 298w, https:\/\/bien-etreiris.ch\/wp-content\/uploads\/2023\/01\/Chili-moulu-172x300.jpg 172w\" sizes=\"auto, (max-width: 298px) 100vw, 298px\" \/><\/a><\/p>\n<p>&nbsp;<\/p>\n<p>&nbsp;<\/p>\n<p>&nbsp;<\/p>\n<p>&nbsp;<\/p>\n<p>&nbsp;<\/p>\n<p>&nbsp;<\/p>\n<p>&nbsp;<\/p>\n<p>&nbsp;<\/p>\n<p>&nbsp;<\/p>\n<p>&nbsp;<\/p>\n<p>&nbsp;<\/p>\n<p><strong>1 P\u00e4ckchen mit 40 g gemahlenem Cayennepfeffer <\/strong><strong>CHF 3.30<br><\/strong><\/p>\n<p>&nbsp;<\/p>\n<p>&nbsp;<\/p>\n<p>&nbsp;<\/p>\n<p>&nbsp;<\/p>\n<p>Feuer frei! Verwandle fade Nudeln blitzschnell in eine feurige Pasta all'arrabbiata und mexikanischen Eintopf in Chili-con-Carne. Mutige w\u00fcrzen sogar S\u00fc\u00dfes mit Chili! So oder so ist Fingerspitzengef\u00fchl gefragt, denn das enthaltene <a href=\"https:\/\/bien-etreiris.ch\/de\/ratgeber-klarheit-beratung\/gesunder-lebensstil\/naehrstoffe\/zutaten\/capsaicine\/\" target=\"_blank\" rel=\"noopener\"><strong><span style=\"color: #99cc00;\">Capsaicin<\/span> <\/strong><\/a>l\u00f6st das hei\u00dfgeliebte Brennen auf der Zunge aus. Sch\u00e4rfegrad der feuerscharfen Sorte: hui, hui, hui!<\/p>\n<p>&nbsp;<\/p>\n<hr>\n<h2 class=\"dekokt-prod-hed\"><strong>Cayenne<\/strong> Pfeffer in Flocken BIO<\/h2>\n<p><a href=\"https:\/\/bien-etreiris.ch\/wp-content\/uploads\/2023\/01\/Chili-flocon.jpg\"><img loading=\"lazy\" decoding=\"async\" class=\"wp-image-64252 alignleft\" src=\"https:\/\/bien-etreiris.ch\/wp-content\/uploads\/2023\/01\/Chili-flocon.jpg\" alt=\"\" width=\"285\" height=\"479\" srcset=\"https:\/\/bien-etreiris.ch\/wp-content\/uploads\/2023\/01\/Chili-flocon.jpg 598w, https:\/\/bien-etreiris.ch\/wp-content\/uploads\/2023\/01\/Chili-flocon-178x300.jpg 178w\" sizes=\"auto, (max-width: 285px) 100vw, 285px\" \/><\/a><\/p>\n<p>&nbsp;<\/p>\n<p>&nbsp;<\/p>\n<p>&nbsp;<\/p>\n<p>&nbsp;<\/p>\n<p>&nbsp;<\/p>\n<p>&nbsp;<\/p>\n<p>&nbsp;<\/p>\n<p>&nbsp;<\/p>\n<p>&nbsp;<\/p>\n<p>&nbsp;<\/p>\n<p>1 Packung mit 45 g Cayennepfeffer-Flocken<strong> CHF 3.10<\/strong><\/p>\n<p>&nbsp;<\/p>\n<p>&nbsp;<\/p>\n<p>&nbsp;<\/p>\n<p>&nbsp;<\/p>\n<p>Chili-Liebhaber werden frohlocken, denn feurige Chiliflocken sind was f\u00fcrs Auge und den Gaumen. Pasta-Saucen, Currys, Marinaden und Desserts sehen rot! Und auch eingefleischte Chili-con-Carne Fans haut es von den Socken. Darf's noch ein bisschen mehr sein? Der rote Blickfang macht als Tischgew\u00fcrz eine gute Figur. So findet jeder den perfekten Sch\u00e4rfegrad!<\/p>\n<hr>\n<h2 class=\"dekokt-prod-hed\"><strong>Cayenne Pfeffer Schoten<\/strong> BIO<\/h2>\n<p><a href=\"https:\/\/bien-etreiris.ch\/wp-content\/uploads\/2023\/01\/Chili-entiere.jpg\"><img loading=\"lazy\" decoding=\"async\" class=\"wp-image-64255 alignleft\" src=\"https:\/\/bien-etreiris.ch\/wp-content\/uploads\/2023\/01\/Chili-entiere.jpg\" alt=\"\" width=\"279\" height=\"401\" srcset=\"https:\/\/bien-etreiris.ch\/wp-content\/uploads\/2023\/01\/Chili-entiere.jpg 683w, https:\/\/bien-etreiris.ch\/wp-content\/uploads\/2023\/01\/Chili-entiere-209x300.jpg 209w\" sizes=\"auto, (max-width: 279px) 100vw, 279px\" \/><\/a><\/p>\n\n\n<p>&nbsp;<\/p>\n<p>&nbsp;<\/p>\n<p>&nbsp;<\/p>\n<p>&nbsp;<\/p>\n<p>&nbsp;<\/p>\n<p>&nbsp;<\/p>\n<p>&nbsp;<\/p>\n<p>1 Packung mit 25 g Cayenne Pfeffer Schotten zu <strong>CHF3.30<\/strong><\/p>\n<p>&nbsp;<\/p>\n<p>&nbsp;<\/p>\n<p>&nbsp;<\/p>\n<p>&nbsp;<\/p>\n<p>Chilischoten sind ziemliche Fr\u00fcchtchen und nichts f\u00fcr w\u00fcrzige Anf\u00e4nger! Mutige werden daf\u00fcr mit Endorphinen belohnt, denn Schmerz und Gl\u00fcck liegen bekanntlich nah beieinander. Ob mexikanisch, thail\u00e4ndisch oder indisch \u2013 Chilischoten werden in Gerichten rund um die Welt mitgekocht. Oder wie w\u00e4re es mit selbstgemachtem Chili-\u00d6l? Reingelegt!&nbsp;<\/p>\n<p>&nbsp;<\/p>\n<hr>\n<h2>Wenn es richtig scharf werden darf ...<\/h2>\n<p>&nbsp;<\/p>\n<p><a href=\"https:\/\/bien-etreiris.ch\/wp-content\/uploads\/2023\/01\/huile-chili.jpg\"><img loading=\"lazy\" decoding=\"async\" class=\"size-full wp-image-64283 alignleft\" src=\"https:\/\/bien-etreiris.ch\/wp-content\/uploads\/2023\/01\/huile-chili.jpg\" alt=\"\" width=\"368\" height=\"800\" srcset=\"https:\/\/bien-etreiris.ch\/wp-content\/uploads\/2023\/01\/huile-chili.jpg 368w, https:\/\/bien-etreiris.ch\/wp-content\/uploads\/2023\/01\/huile-chili-138x300.jpg 138w\" sizes=\"auto, (max-width: 368px) 100vw, 368px\" \/><\/a>BIO Chili\u00f6l von Unimedica ist hot.<\/p>\n<p>1 Fl\u00e4schli zu 100 ml&nbsp; <strong>CHF 7.00<\/strong><\/p>\n<p>Zutaten:<\/p>\n<p>Raps, Chili aus kontrolliert biologischem Anbau. Kann Spuren von Waln\u00fcssen enthalten.<\/p>\n<p>Aufbewahrung:<br>Vor Licht und Warme gesch\u00fctzt lagem.<\/p>\n<p>Ursprungsland:<br>Deutschland\/ Uganda<\/p>\n<p>&nbsp;<\/p>\n<p>Es bringt Feuer in den Alltag und macht Scharfes noch sch\u00e4rfer. BIO Chili\u00f6l von Unimedica eignet sich zum direkten Verzehr, zum W\u00fcrzen und Nachw\u00fcrzen verschiedener Speisen, um die optimale Sch\u00e4rfe eines Gerichtes auf den Punkt zu bringen.<\/p>\n<p>Die feurig-aromatische Sch\u00e4rfe des Chili\u00f6ls rundet Fleisch- und Gem\u00fcsegerichte ebenso perfekt ab wie Suppen oder Salate. Da es mit hochwertigem BIO-Raps\u00f6l kombiniert ist, kann es auch zum leichten Anbraten von Fleisch oder Gem\u00fcse verwendet werden.<\/p>\n<p>Die Chilischoten aus streng kontrolliertem biologischen Anbau in Uganda werden nach dem Trocknen in einem speziellen Verfahren kaltgepresst. Das Chili\u00f6l ist naturbelassen und ungefiltert. Dadurch bleiben die wertvollen Inhaltsstoffe und die nat\u00fcrliche Sch\u00e4rfe erhalten.<\/p>\n<h4>Da steckt Feuer drin<\/h4>\n<p>Rote Chili sind die kleinen, sehr scharfen Fr\u00fcchte bestimmter Paprikasorten (haupts\u00e4chlich in Asien und S\u00fcdamerika beheimatet), auch Pfefferschoten genannt. Botanisch handelt es sich dabei um Beeren. Je nach Reifegrad werden die \u201eSchoten\u201c als Gem\u00fcse oder Gew\u00fcrz verwendet.<\/p>\n<p>Chili kann - je nach Art und Reife - ganz verschiedene Sch\u00e4rfegrade aufweisen. Damit sch\u00fctzen sich die Pflanzen vor Fressfeinden. Dabei sind es vor allem die Innenw\u00e4nde der Frucht, in denen die Sch\u00e4rfe steckt. Denn der Scharfmacher Capsaicin wird in den Scheidew\u00e4nden der Frucht produziert.<\/p>\n<h4>Warum Chili gl\u00fccklicher macht<\/h4>\n<p><a href=\"https:\/\/bien-etreiris.ch\/de\/ratgeber-klarheit-beratung\/gesunder-lebensstil\/naehrstoffe\/zutaten\/capsaicine\/\" target=\"_blank\" rel=\"noopener\"><strong><span style=\"color: #99cc00;\">Capsaicin<\/span> <\/strong><\/a>selbst ist geschmacklos. Es l\u00f6st jedoch beim Verzehr einen Schmerz- und Hitzereiz aus. Vermutlich sch\u00fcttet das Gehirn auf diesen \u201eFehlalarm\u201c hin Endorphin aus, das k\u00f6rpereigene Schmerzmittel und Gl\u00fcckshormon. So sorgt Chili f\u00fcr mehr Gl\u00fccksempfinden.<\/p>\n<p>&nbsp;<\/p>\n<p>&nbsp;<\/p>\n<p>&nbsp;<\/p>\n<h2><a href=\"https:\/\/bien-etreiris.ch\/de\/ratgeber-klarheit-beratung\/gesunder-lebensstil\/naehrstoffe\/zutaten\/capsaicin\/\" target=\"_blank\" rel=\"noopener\"><em><span style=\"color: #ff9900;\">M\u00f6chten Sie mehr \u00fcber <\/span><\/em><em><span style=\"color: #ff9900;\"><strong>Capsaicin erfahren<\/strong><\/span><\/em><em><span style=\"color: #ff9900;\"> dann klicken Sie hier<\/span><\/em><\/a><\/h2>","protected":false},"excerpt":{"rendered":"<p>Cayenne-Pfeffer, Chili Deutsche Bezeichnung: Cayenne-Pfeffer, Chili Wissenschaftlicher Name: Capsicum annuum L. (fr\u00fcher Capsicum frutescens L.)Franz\u00f6sische Namen: poivre de Cayenne, piment, piment de CayenneEnglische Bezeichnung: Cayenne Pepper, Capsicum, Chilli Pepper, Cayenne.Italienische Bezeichnung: pepe di Cayenna - peperoncinoPortugiesischer Name: pimenta-malaguetaSpanische Bezeichnung: chili, pimienta de Cayena, guindilla &nbsp; &nbsp; Cayenne Pfeffer gemahlen BIO &nbsp; &nbsp; &nbsp; &nbsp; &nbsp; &nbsp; &nbsp; &nbsp; &nbsp; &nbsp;&nbsp;<a href=\"https:\/\/bien-etreiris.ch\/de\/produktpraesentation\/gesundes-leben\/gesunde-lebensmittel\/zutaten-wohlbefinden\/gewuerze\/epices-pures\/cayenne-pfeffer-chili\/\" class=\"read-more\">Weiter lesen<\/a><\/p>\n","protected":false},"author":1,"featured_media":94252,"parent":98233,"menu_order":4125,"comment_status":"closed","ping_status":"closed","template":"page-with-child.php","meta":{"_acf_changed":false,"ngg_post_thumbnail":0,"footnotes":""},"class_list":["post-64259","page","type-page","status-publish","has-post-thumbnail","hentry"],"acf":[],"yoast_head":"<!-- This site is optimized with the Yoast SEO plugin v27.6 - https:\/\/yoast.com\/product\/yoast-seo-wordpress\/ -->\n<title>CAYENNE PFEFFER - WOHLBEFINDEN<\/title>\n<meta name=\"robots\" content=\"index, follow, max-snippet:-1, max-image-preview:large, max-video-preview:-1\" \/>\n<link rel=\"canonical\" href=\"https:\/\/bien-etreiris.ch\/de\/produktpraesentation\/gesundes-leben\/gesunde-lebensmittel\/zutaten-wohlbefinden\/gewuerze\/cayenne-pfeffer-chili\/\" \/>\n<meta property=\"og:locale\" content=\"de_DE\" \/>\n<meta property=\"og:type\" content=\"article\" \/>\n<meta property=\"og:title\" content=\"CAYENNE PFEFFER - WOHLBEFINDEN\" \/>\n<meta property=\"og:description\" content=\"Cayenne-Pfeffer, Chili Deutsche Bezeichnung: Cayenne-Pfeffer, Chili Wissenschaftlicher Name: Capsicum annuum L. (fr\u00fcher Capsicum frutescens L.)Franz\u00f6sische Namen: poivre de Cayenne, piment, piment de CayenneEnglische Bezeichnung: Cayenne Pepper, Capsicum, Chilli Pepper, Cayenne.Italienische Bezeichnung: pepe di Cayenna - peperoncinoPortugiesischer Name: pimenta-malaguetaSpanische Bezeichnung: chili, pimienta de Cayena, guindilla &nbsp; &nbsp; Cayenne Pfeffer gemahlen BIO &nbsp; &nbsp; &nbsp; &nbsp; &nbsp; &nbsp; &nbsp; &nbsp; &nbsp; &nbsp;&nbsp;Weiter lesen\" \/>\n<meta property=\"og:url\" content=\"https:\/\/bien-etreiris.ch\/de\/produktpraesentation\/gesundes-leben\/gesunde-lebensmittel\/zutaten-wohlbefinden\/gewuerze\/cayenne-pfeffer-chili\/\" \/>\n<meta property=\"og:site_name\" content=\"WOHLBEFINDEN\" \/>\n<meta property=\"article:publisher\" content=\"https:\/\/www.facebook.com\/bienetreiris\/\" \/>\n<meta property=\"article:modified_time\" content=\"2023-01-15T12:02:05+00:00\" \/>\n<meta property=\"og:image\" content=\"https:\/\/bien-etreiris.ch\/wp-content\/uploads\/2023\/01\/acceuil-chili-1.png\" \/>\n\t<meta property=\"og:image:width\" content=\"500\" \/>\n\t<meta property=\"og:image:height\" content=\"305\" \/>\n\t<meta property=\"og:image:type\" content=\"image\/png\" \/>\n<meta name=\"twitter:label1\" content=\"Gesch\u00e4tzte Lesezeit\" \/>\n\t<meta name=\"twitter:data1\" content=\"4\u00a0Minuten\" \/>\n<script type=\"application\/ld+json\" class=\"yoast-schema-graph\">{\"@context\":\"https:\\\/\\\/schema.org\",\"@graph\":[{\"@type\":\"WebPage\",\"@id\":\"https:\\\/\\\/bien-etreiris.ch\\\/de\\\/produktpraesentation\\\/gesundes-leben\\\/gesunde-lebensmittel\\\/zutaten-wohlbefinden\\\/gewuerze\\\/cayenne-pfeffer-chili\\\/\",\"url\":\"https:\\\/\\\/bien-etreiris.ch\\\/de\\\/produktpraesentation\\\/gesundes-leben\\\/gesunde-lebensmittel\\\/zutaten-wohlbefinden\\\/gewuerze\\\/cayenne-pfeffer-chili\\\/\",\"name\":\"CAYENNE PFEFFER - WOHLBEFINDEN\",\"isPartOf\":{\"@id\":\"https:\\\/\\\/bien-etreiris.ch\\\/de\\\/#website\"},\"primaryImageOfPage\":{\"@id\":\"https:\\\/\\\/bien-etreiris.ch\\\/de\\\/produktpraesentation\\\/gesundes-leben\\\/gesunde-lebensmittel\\\/zutaten-wohlbefinden\\\/gewuerze\\\/cayenne-pfeffer-chili\\\/#primaryimage\"},\"image\":{\"@id\":\"https:\\\/\\\/bien-etreiris.ch\\\/de\\\/produktpraesentation\\\/gesundes-leben\\\/gesunde-lebensmittel\\\/zutaten-wohlbefinden\\\/gewuerze\\\/cayenne-pfeffer-chili\\\/#primaryimage\"},\"thumbnailUrl\":\"https:\\\/\\\/bien-etreiris.ch\\\/wp-content\\\/uploads\\\/2024\\\/12\\\/acceuil-Poivron.png\",\"datePublished\":\"2023-01-15T09:05:25+00:00\",\"dateModified\":\"2023-01-15T12:02:05+00:00\",\"breadcrumb\":{\"@id\":\"https:\\\/\\\/bien-etreiris.ch\\\/de\\\/produktpraesentation\\\/gesundes-leben\\\/gesunde-lebensmittel\\\/zutaten-wohlbefinden\\\/gewuerze\\\/cayenne-pfeffer-chili\\\/#breadcrumb\"},\"inLanguage\":\"de\",\"potentialAction\":[{\"@type\":\"ReadAction\",\"target\":[\"https:\\\/\\\/bien-etreiris.ch\\\/de\\\/produktpraesentation\\\/gesundes-leben\\\/gesunde-lebensmittel\\\/zutaten-wohlbefinden\\\/gewuerze\\\/cayenne-pfeffer-chili\\\/\"]}]},{\"@type\":\"ImageObject\",\"inLanguage\":\"de\",\"@id\":\"https:\\\/\\\/bien-etreiris.ch\\\/de\\\/produktpraesentation\\\/gesundes-leben\\\/gesunde-lebensmittel\\\/zutaten-wohlbefinden\\\/gewuerze\\\/cayenne-pfeffer-chili\\\/#primaryimage\",\"url\":\"https:\\\/\\\/bien-etreiris.ch\\\/wp-content\\\/uploads\\\/2024\\\/12\\\/acceuil-Poivron.png\",\"contentUrl\":\"https:\\\/\\\/bien-etreiris.ch\\\/wp-content\\\/uploads\\\/2024\\\/12\\\/acceuil-Poivron.png\",\"width\":370,\"height\":226},{\"@type\":\"BreadcrumbList\",\"@id\":\"https:\\\/\\\/bien-etreiris.ch\\\/de\\\/produktpraesentation\\\/gesundes-leben\\\/gesunde-lebensmittel\\\/zutaten-wohlbefinden\\\/gewuerze\\\/cayenne-pfeffer-chili\\\/#breadcrumb\",\"itemListElement\":[{\"@type\":\"ListItem\",\"position\":1,\"name\":\"Home\",\"item\":\"https:\\\/\\\/bien-etreiris.ch\\\/de\\\/\"},{\"@type\":\"ListItem\",\"position\":2,\"name\":\"PRODUKTPR\u00c4SENTATION\",\"item\":\"https:\\\/\\\/bien-etreiris.ch\\\/de\\\/produktpraesentation\\\/\"},{\"@type\":\"ListItem\",\"position\":3,\"name\":\"GESUNDES LEBEN\",\"item\":\"https:\\\/\\\/bien-etreiris.ch\\\/de\\\/produktpraesentation\\\/gesundes-leben\\\/\"},{\"@type\":\"ListItem\",\"position\":4,\"name\":\"GESUNDE LEBENSMITTEL\",\"item\":\"https:\\\/\\\/bien-etreiris.ch\\\/de\\\/produktpraesentation\\\/gesundes-leben\\\/gesunde-lebensmittel\\\/\"},{\"@type\":\"ListItem\",\"position\":5,\"name\":\"ZUTATEN\",\"item\":\"https:\\\/\\\/bien-etreiris.ch\\\/de\\\/produktpraesentation\\\/gesundes-leben\\\/gesunde-lebensmittel\\\/zutaten-wohlbefinden\\\/\"},{\"@type\":\"ListItem\",\"position\":6,\"name\":\"GEW\u00dcRZE\",\"item\":\"https:\\\/\\\/bien-etreiris.ch\\\/de\\\/produktpraesentation\\\/gesundes-leben\\\/gesunde-lebensmittel\\\/zutaten-wohlbefinden\\\/gewuerze\\\/\"},{\"@type\":\"ListItem\",\"position\":7,\"name\":\"CAYENNE PFEFFER\"}]},{\"@type\":\"WebSite\",\"@id\":\"https:\\\/\\\/bien-etreiris.ch\\\/de\\\/#website\",\"url\":\"https:\\\/\\\/bien-etreiris.ch\\\/de\\\/\",\"name\":\"Bien-\u00eatre Iris\",\"description\":\"IHRE Gesundheit ist uns wichtig\",\"potentialAction\":[{\"@type\":\"SearchAction\",\"target\":{\"@type\":\"EntryPoint\",\"urlTemplate\":\"https:\\\/\\\/bien-etreiris.ch\\\/de\\\/?s={search_term_string}\"},\"query-input\":{\"@type\":\"PropertyValueSpecification\",\"valueRequired\":true,\"valueName\":\"search_term_string\"}}],\"inLanguage\":\"de\"}]}<\/script>\n<!-- \/ Yoast SEO plugin. -->","yoast_head_json":{"title":"CAYENNE PFEFFER - WOHLBEFINDEN","robots":{"index":"index","follow":"follow","max-snippet":"max-snippet:-1","max-image-preview":"max-image-preview:large","max-video-preview":"max-video-preview:-1"},"canonical":"https:\/\/bien-etreiris.ch\/de\/produktpraesentation\/gesundes-leben\/gesunde-lebensmittel\/zutaten-wohlbefinden\/gewuerze\/cayenne-pfeffer-chili\/","og_locale":"de_DE","og_type":"article","og_title":"CAYENNE PFEFFER - WOHLBEFINDEN","og_description":"Cayenne-Pfeffer, Chili Deutsche Bezeichnung: Cayenne-Pfeffer, Chili Wissenschaftlicher Name: Capsicum annuum L. (fr\u00fcher Capsicum frutescens L.)Franz\u00f6sische Namen: poivre de Cayenne, piment, piment de CayenneEnglische Bezeichnung: Cayenne Pepper, Capsicum, Chilli Pepper, Cayenne.Italienische Bezeichnung: pepe di Cayenna - peperoncinoPortugiesischer Name: pimenta-malaguetaSpanische Bezeichnung: chili, pimienta de Cayena, guindilla &nbsp; &nbsp; Cayenne Pfeffer gemahlen BIO &nbsp; &nbsp; &nbsp; &nbsp; &nbsp; &nbsp; &nbsp; &nbsp; &nbsp; &nbsp;&nbsp;Weiter lesen","og_url":"https:\/\/bien-etreiris.ch\/de\/produktpraesentation\/gesundes-leben\/gesunde-lebensmittel\/zutaten-wohlbefinden\/gewuerze\/cayenne-pfeffer-chili\/","og_site_name":"WOHLBEFINDEN","article_publisher":"https:\/\/www.facebook.com\/bienetreiris\/","article_modified_time":"2023-01-15T12:02:05+00:00","og_image":[{"width":500,"height":305,"url":"https:\/\/bien-etreiris.ch\/wp-content\/uploads\/2023\/01\/acceuil-chili-1.png","type":"image\/png"}],"twitter_misc":{"Gesch\u00e4tzte Lesezeit":"4\u00a0Minuten"},"schema":{"@context":"https:\/\/schema.org","@graph":[{"@type":"WebPage","@id":"https:\/\/bien-etreiris.ch\/de\/produktpraesentation\/gesundes-leben\/gesunde-lebensmittel\/zutaten-wohlbefinden\/gewuerze\/cayenne-pfeffer-chili\/","url":"https:\/\/bien-etreiris.ch\/de\/produktpraesentation\/gesundes-leben\/gesunde-lebensmittel\/zutaten-wohlbefinden\/gewuerze\/cayenne-pfeffer-chili\/","name":"CAYENNE PFEFFER - WOHLBEFINDEN","isPartOf":{"@id":"https:\/\/bien-etreiris.ch\/de\/#website"},"primaryImageOfPage":{"@id":"https:\/\/bien-etreiris.ch\/de\/produktpraesentation\/gesundes-leben\/gesunde-lebensmittel\/zutaten-wohlbefinden\/gewuerze\/cayenne-pfeffer-chili\/#primaryimage"},"image":{"@id":"https:\/\/bien-etreiris.ch\/de\/produktpraesentation\/gesundes-leben\/gesunde-lebensmittel\/zutaten-wohlbefinden\/gewuerze\/cayenne-pfeffer-chili\/#primaryimage"},"thumbnailUrl":"https:\/\/bien-etreiris.ch\/wp-content\/uploads\/2024\/12\/acceuil-Poivron.png","datePublished":"2023-01-15T09:05:25+00:00","dateModified":"2023-01-15T12:02:05+00:00","breadcrumb":{"@id":"https:\/\/bien-etreiris.ch\/de\/produktpraesentation\/gesundes-leben\/gesunde-lebensmittel\/zutaten-wohlbefinden\/gewuerze\/cayenne-pfeffer-chili\/#breadcrumb"},"inLanguage":"de","potentialAction":[{"@type":"ReadAction","target":["https:\/\/bien-etreiris.ch\/de\/produktpraesentation\/gesundes-leben\/gesunde-lebensmittel\/zutaten-wohlbefinden\/gewuerze\/cayenne-pfeffer-chili\/"]}]},{"@type":"ImageObject","inLanguage":"de","@id":"https:\/\/bien-etreiris.ch\/de\/produktpraesentation\/gesundes-leben\/gesunde-lebensmittel\/zutaten-wohlbefinden\/gewuerze\/cayenne-pfeffer-chili\/#primaryimage","url":"https:\/\/bien-etreiris.ch\/wp-content\/uploads\/2024\/12\/acceuil-Poivron.png","contentUrl":"https:\/\/bien-etreiris.ch\/wp-content\/uploads\/2024\/12\/acceuil-Poivron.png","width":370,"height":226},{"@type":"BreadcrumbList","@id":"https:\/\/bien-etreiris.ch\/de\/produktpraesentation\/gesundes-leben\/gesunde-lebensmittel\/zutaten-wohlbefinden\/gewuerze\/cayenne-pfeffer-chili\/#breadcrumb","itemListElement":[{"@type":"ListItem","position":1,"name":"Home","item":"https:\/\/bien-etreiris.ch\/de\/"},{"@type":"ListItem","position":2,"name":"PRODUKTPR\u00c4SENTATION","item":"https:\/\/bien-etreiris.ch\/de\/produktpraesentation\/"},{"@type":"ListItem","position":3,"name":"GESUNDES LEBEN","item":"https:\/\/bien-etreiris.ch\/de\/produktpraesentation\/gesundes-leben\/"},{"@type":"ListItem","position":4,"name":"GESUNDE LEBENSMITTEL","item":"https:\/\/bien-etreiris.ch\/de\/produktpraesentation\/gesundes-leben\/gesunde-lebensmittel\/"},{"@type":"ListItem","position":5,"name":"ZUTATEN","item":"https:\/\/bien-etreiris.ch\/de\/produktpraesentation\/gesundes-leben\/gesunde-lebensmittel\/zutaten-wohlbefinden\/"},{"@type":"ListItem","position":6,"name":"GEW\u00dcRZE","item":"https:\/\/bien-etreiris.ch\/de\/produktpraesentation\/gesundes-leben\/gesunde-lebensmittel\/zutaten-wohlbefinden\/gewuerze\/"},{"@type":"ListItem","position":7,"name":"CAYENNE PFEFFER"}]},{"@type":"WebSite","@id":"https:\/\/bien-etreiris.ch\/de\/#website","url":"https:\/\/bien-etreiris.ch\/de\/","name":"Bien-\u00eatre Iris","description":"IHRE Gesundheit ist uns wichtig","potentialAction":[{"@type":"SearchAction","target":{"@type":"EntryPoint","urlTemplate":"https:\/\/bien-etreiris.ch\/de\/?s={search_term_string}"},"query-input":{"@type":"PropertyValueSpecification","valueRequired":true,"valueName":"search_term_string"}}],"inLanguage":"de"}]}},"_links":{"self":[{"href":"https:\/\/bien-etreiris.ch\/de\/wp-json\/wp\/v2\/pages\/64259","targetHints":{"allow":["GET"]}}],"collection":[{"href":"https:\/\/bien-etreiris.ch\/de\/wp-json\/wp\/v2\/pages"}],"about":[{"href":"https:\/\/bien-etreiris.ch\/de\/wp-json\/wp\/v2\/types\/page"}],"author":[{"embeddable":true,"href":"https:\/\/bien-etreiris.ch\/de\/wp-json\/wp\/v2\/users\/1"}],"replies":[{"embeddable":true,"href":"https:\/\/bien-etreiris.ch\/de\/wp-json\/wp\/v2\/comments?post=64259"}],"version-history":[{"count":13,"href":"https:\/\/bien-etreiris.ch\/de\/wp-json\/wp\/v2\/pages\/64259\/revisions"}],"predecessor-version":[{"id":64329,"href":"https:\/\/bien-etreiris.ch\/de\/wp-json\/wp\/v2\/pages\/64259\/revisions\/64329"}],"up":[{"embeddable":true,"href":"https:\/\/bien-etreiris.ch\/de\/wp-json\/wp\/v2\/pages\/98233"}],"wp:featuredmedia":[{"embeddable":true,"href":"https:\/\/bien-etreiris.ch\/de\/wp-json\/wp\/v2\/media\/94252"}],"wp:attachment":[{"href":"https:\/\/bien-etreiris.ch\/de\/wp-json\/wp\/v2\/media?parent=64259"}],"curies":[{"name":"wp","href":"https:\/\/api.w.org\/{rel}","templated":true}]}}