{"id":63980,"date":"2023-01-09T05:39:02","date_gmt":"2023-01-09T03:39:02","guid":{"rendered":"https:\/\/bien-etreiris.ch\/produktpraesentation\/aromatherapie\/aetherische-oele\/thym-linalol\/"},"modified":"2023-11-13T10:12:26","modified_gmt":"2023-11-13T08:12:26","slug":"thym-linalol","status":"publish","type":"page","link":"https:\/\/bien-etreiris.ch\/de\/produktpraesentation\/aromatherapie\/aetherische-oele\/thymian\/thym-linalol\/","title":{"rendered":"THYM LINALOL"},"content":{"rendered":"\n<h2>Thym linalol<\/h2>\n<p><a href=\"https:\/\/bien-etreiris.ch\/presentations-des-produits\/aromatherapie\/huiles-essentielles\/thym-linalol\/acceuil-thymian-linalol\/\" rel=\"attachment wp-att-69164\"><img loading=\"lazy\" decoding=\"async\" class=\"wp-image-69164 alignleft\" src=\"https:\/\/bien-etreiris.ch\/wp-content\/uploads\/2023\/05\/acceuil-thymian-linalol.jpg\" alt=\"\" width=\"167\" height=\"386\" srcset=\"https:\/\/bien-etreiris.ch\/wp-content\/uploads\/2023\/05\/acceuil-thymian-linalol.jpg 300w, https:\/\/bien-etreiris.ch\/wp-content\/uploads\/2023\/05\/acceuil-thymian-linalol-130x300.jpg 130w\" sizes=\"auto, (max-width: 167px) 100vw, 167px\" \/><\/a><\/p>\n<p>&nbsp;<\/p>\n<h2><span style=\"color: #ffff00;\"><em>&nbsp;<\/em><\/span><\/h2>\n<p>&nbsp;<\/p>\n<p>&nbsp;<\/p>\n<h4>Damascena<\/h4>\n<p>huile essentielle 100% naturelle<\/p>\n<p>Garantie de la plus haute qualit\u00e9 bio CH-BIO 006<\/p>\n<p>5 ml<strong> CHF 12.50<\/strong><\/p>\n<p>&nbsp;<\/p>\n<p>&nbsp;<\/p>\n<p>&nbsp;<\/p>\n<table style=\"width: 76.7857%; height: 791px;\">\n<tbody>\n<tr style=\"height: 23px;\">\n<td style=\"height: 23px; width: 17.9762%;\"><strong>Nom botanique :<\/strong><\/td>\n<td style=\"height: 23px; width: 57.8571%;\">Thymus vulgaris<\/td>\n<\/tr>\n<tr style=\"height: 23px;\">\n<td style=\"height: 23px; width: 17.9762%;\"><strong>Famille botanique :<\/strong><\/td>\n<td style=\"height: 23px; width: 57.8571%;\">Lamiac\u00e9es\u200b<\/td>\n<\/tr>\n<tr style=\"height: 23px;\">\n<td style=\"height: 23px; width: 17.9762%;\"><strong>M\u00e9thode d'extraction :<\/strong><\/td>\n<td style=\"height: 23px; width: 57.8571%;\">distillation \u00e0 la vapeur d'eau<\/td>\n<\/tr>\n<tr style=\"height: 23px;\">\n<td style=\"height: 23px; width: 17.9762%;\"><strong>Partie de la plante utilis\u00e9e :<\/strong><\/td>\n<td style=\"height: 23px; width: 57.8571%;\">parties a\u00e9riennes<\/td>\n<\/tr>\n<tr style=\"height: 23px;\">\n<td style=\"height: 23px; width: 17.9762%;\"><strong>Quantit\u00e9 v\u00e9g\u00e9tale :<\/strong><\/td>\n<td style=\"height: 23px; width: 57.8571%;\">biologique, non test\u00e9 sur les animaux, v\u00e9g\u00e9talien<\/td>\n<\/tr>\n<tr style=\"height: 23px;\">\n<td style=\"height: 23px; width: 17.9762%;\"><strong>Origine g\u00e9ographique :<\/strong>&nbsp;<\/td>\n<td style=\"height: 23px; width: 57.8571%;\">France (peut varier en fonction de la saison et de la r\u00e9colte)<\/td>\n<\/tr>\n<tr style=\"height: 23px;\">\n<td style=\"height: 23px; width: 17.9762%;\"><strong>Culture qualit\u00e9&nbsp;:<\/strong><\/td>\n<td style=\"height: 23px; width: 57.8571%;\">120 kg d'herbes sont n\u00e9cessaires pour obtenir 1 kg d'huile.<\/td>\n<\/tr>\n<tr style=\"height: 23px;\">\n<td style=\"height: 23px; width: 17.9762%;\"><strong>Effet parfum\u00e9 :<\/strong><\/td>\n<td style=\"height: 23px; width: 57.8571%;\">relaxante<\/td>\n<\/tr>\n<tr style=\"height: 23px;\">\n<td style=\"height: 23px; width: 17.9762%;\"><strong>Note parfum\u00e9e :<\/strong><\/td>\n<td style=\"height: 23px; width: 57.8571%;\">Note de t\u00eate<\/td>\n<\/tr>\n<tr style=\"height: 23px;\">\n<td style=\"height: 23px; width: 17.9762%;\"><strong>Profil de parfum :<\/strong><\/td>\n<td style=\"height: 23px; width: 57.8571%;\">\u00e2pre, \u00e9pic\u00e9, intense<\/td>\n<\/tr>\n<tr style=\"height: 23px;\">\n<td style=\"height: 23px; width: 17.9762%;\"><strong>Th\u00e8me du parfum :<\/strong><\/td>\n<td style=\"height: 23px; width: 57.8571%;\">stimulant, \u00e9difiant, stimule le corps et l'esprit<\/td>\n<\/tr>\n<tr style=\"height: 23px;\">\n<td style=\"height: 23px; width: 17.9762%;\"><strong>\u00c9nerg\u00e9tique :<\/strong><\/td>\n<td style=\"height: 23px; width: 57.8571%;\">bleu \/ 5e chakra<\/td>\n<\/tr>\n<tr style=\"height: 23px;\">\n<td style=\"height: 23px; width: 28.928%;\"><strong>Psycho-\u00e9motionnel :<\/strong>&nbsp;<\/td>\n<td style=\"height: 23px; width: 28.928%;\">\n<p>donne du courage<\/p>\n<p>&nbsp;<\/p>\n<\/td>\n<\/tr>\n<tr style=\"height: 23px;\">\n<td style=\"height: 23px; width: 28.928%;\">\n<p><strong>Description :<\/strong><\/p>\n<\/td>\n<td style=\"height: 23px; width: 28.928%;\">\n<ul style=\"list-style-type: disc;\">\n<li>Diff\u00e9rentes esp\u00e8ces de thym, originaire des r\u00e9gions m\u00e9diterran\u00e9ennes, sont utilis\u00e9es en aromath\u00e9rapie. Le thym linalol est une huile particuli\u00e8rement bien tol\u00e9r\u00e9e et douce.<\/li>\n<li>Gr\u00e2ce \u00e0 ses propri\u00e9t\u00e9s antibact\u00e9riennes, antivirales et anti-inflammatoires, elle agit contre les refroidissements.<\/li>\n<li>Elle renforce en outre le syst\u00e8me immunitaire et est donc un compagnon fiable pendant la saison froide. Sur le plan \u00e9motionnel, il am\u00e9liore l'humeur et \u00e9veille la confiance et la cr\u00e9ativit\u00e9 en cas d'\u00e9puisement et de d\u00e9sespoir.<\/li>\n<\/ul>\n<\/td>\n<\/tr>\n<tr style=\"height: 23px;\">\n<td style=\"height: 23px; width: 28.928%;\">\n<p><strong>Application :<\/strong><\/p>\n<\/td>\n<td style=\"height: 23px; width: 28.928%%;\">\n<ul style=\"list-style-type: disc;\">\n<li>\n<p>Le thym linalol se m\u00e9lange bien avec la lavande, la racine d'ang\u00e9lique, la cannelle, le pamplemousse, l'orange, la vanille et le benjoin.<\/p>\n<\/li>\n<li>\n<p>Pour un parfum de fin de journ\u00e9e \u00e9quilibrant, ajouter de la m\u00e9lisse et de la mandarine rouge dans le diffuseur d'ar\u00f4mes.<\/p>\n<\/li>\n<\/ul>\n<\/td>\n<\/tr>\n<tr style=\"height: 23px;\">\n<td style=\"width: 28.928%; height: 23px;\">\n<p><strong>Principes actifs :<\/strong><\/p>\n<\/td>\n<td style=\"width: 28.928%; height: 23px;\">\n<ul style=\"list-style-type: disc;\">\n<li>Linalol (de 30&nbsp;\u00e0 50 %)<\/li>\n<li>Terpin\u00e8ne 4-ol (\u2264 14 %)<\/li>\n<li>Trans-thuyanol-4 (\u2264 12 %)<\/li>\n<li>Myrc\u00e8ne (\u2264 10 %)<\/li>\n<li>Gamma-terpin\u00e8ne (\u2264 9 %)&nbsp;<\/li>\n<\/ul>\n<\/td>\n<\/tr>\n<tr style=\"height: 23px;\">\n<td style=\"width: 28.928%; height: 23px;\" colspan=\"2\">\n<p>&nbsp;<\/p>\n<p><strong>Des sp\u00e9cialistes qualifi\u00e9s vous donneront volontiers de plus amples informations sur les possibilit\u00e9s d'utilisation m\u00e9dicale et cosm\u00e9tique.<\/strong><\/p>\n<\/td>\n<\/tr>\n<\/tbody>\n<\/table>\n","protected":false},"excerpt":{"rendered":"<p>Thym linalol &nbsp; &nbsp; &nbsp; &nbsp; Damascena huile essentielle 100% naturelle Garantie de la plus haute qualit\u00e9 bio CH-BIO 006 5 ml CHF 12.50 &nbsp; &nbsp; &nbsp; Nom botanique : Thymus vulgaris Famille botanique : Lamiac\u00e9es\u200b M\u00e9thode d'extraction : distillation \u00e0 la vapeur d'eau Partie de la plante utilis\u00e9e : parties a\u00e9riennes Quantit\u00e9 v\u00e9g\u00e9tale : biologique, non test\u00e9 sur les&nbsp;<a href=\"https:\/\/bien-etreiris.ch\/de\/produktpraesentation\/aromatherapie\/aetherische-oele\/thymian\/thym-linalol\/\" class=\"read-more\">Weiter lesen<\/a><\/p>\n","protected":false},"author":1,"featured_media":69742,"parent":79541,"menu_order":4167,"comment_status":"closed","ping_status":"closed","template":"page-with-child.php","meta":{"_acf_changed":false,"ngg_post_thumbnail":0,"footnotes":""},"class_list":["post-63980","page","type-page","status-publish","has-post-thumbnail","hentry"],"acf":[],"yoast_head":"<!-- This site is optimized with the Yoast SEO plugin v27.6 - https:\/\/yoast.com\/product\/yoast-seo-wordpress\/ -->\n<title>THYM LINALOL - WOHLBEFINDEN<\/title>\n<meta name=\"robots\" content=\"index, follow, max-snippet:-1, max-image-preview:large, max-video-preview:-1\" \/>\n<link rel=\"canonical\" href=\"https:\/\/bien-etreiris.ch\/de\/produktpraesentation\/aromatherapie\/aetherische-oele\/thymian\/thym-linalol\/\" \/>\n<meta property=\"og:locale\" content=\"de_DE\" \/>\n<meta property=\"og:type\" content=\"article\" \/>\n<meta property=\"og:title\" content=\"THYM LINALOL - WOHLBEFINDEN\" \/>\n<meta property=\"og:description\" content=\"Thym linalol &nbsp; &nbsp; &nbsp; &nbsp; Damascena huile essentielle 100% naturelle Garantie de la plus haute qualit\u00e9 bio CH-BIO 006 5 ml CHF 12.50 &nbsp; &nbsp; &nbsp; Nom botanique : Thymus vulgaris Famille botanique : Lamiac\u00e9es\u200b M\u00e9thode d&#039;extraction : distillation \u00e0 la vapeur d&#039;eau Partie de la plante utilis\u00e9e : parties a\u00e9riennes Quantit\u00e9 v\u00e9g\u00e9tale : biologique, non test\u00e9 sur les&nbsp;Weiter lesen\" \/>\n<meta property=\"og:url\" content=\"https:\/\/bien-etreiris.ch\/de\/produktpraesentation\/aromatherapie\/aetherische-oele\/thymian\/thym-linalol\/\" \/>\n<meta property=\"og:site_name\" content=\"WOHLBEFINDEN\" \/>\n<meta property=\"article:publisher\" content=\"https:\/\/www.facebook.com\/bienetreiris\/\" \/>\n<meta property=\"article:modified_time\" content=\"2023-11-13T08:12:26+00:00\" \/>\n<meta property=\"og:image\" content=\"https:\/\/bien-etreiris.ch\/wp-content\/uploads\/2023\/05\/acceuil-thymian-linalol.png\" \/>\n\t<meta property=\"og:image:width\" content=\"500\" \/>\n\t<meta property=\"og:image:height\" content=\"303\" \/>\n\t<meta property=\"og:image:type\" content=\"image\/png\" \/>\n<meta name=\"twitter:label1\" content=\"Gesch\u00e4tzte Lesezeit\" \/>\n\t<meta name=\"twitter:data1\" content=\"2\u00a0Minuten\" \/>\n<script type=\"application\/ld+json\" class=\"yoast-schema-graph\">{\"@context\":\"https:\\\/\\\/schema.org\",\"@graph\":[{\"@type\":\"WebPage\",\"@id\":\"https:\\\/\\\/bien-etreiris.ch\\\/de\\\/produktpraesentation\\\/aromatherapie\\\/aetherische-oele\\\/thymian\\\/thym-linalol\\\/\",\"url\":\"https:\\\/\\\/bien-etreiris.ch\\\/de\\\/produktpraesentation\\\/aromatherapie\\\/aetherische-oele\\\/thymian\\\/thym-linalol\\\/\",\"name\":\"THYM LINALOL - WOHLBEFINDEN\",\"isPartOf\":{\"@id\":\"https:\\\/\\\/bien-etreiris.ch\\\/de\\\/#website\"},\"primaryImageOfPage\":{\"@id\":\"https:\\\/\\\/bien-etreiris.ch\\\/de\\\/produktpraesentation\\\/aromatherapie\\\/aetherische-oele\\\/thymian\\\/thym-linalol\\\/#primaryimage\"},\"image\":{\"@id\":\"https:\\\/\\\/bien-etreiris.ch\\\/de\\\/produktpraesentation\\\/aromatherapie\\\/aetherische-oele\\\/thymian\\\/thym-linalol\\\/#primaryimage\"},\"thumbnailUrl\":\"https:\\\/\\\/bien-etreiris.ch\\\/wp-content\\\/uploads\\\/2023\\\/05\\\/acceuil-thymian-linalol.png\",\"datePublished\":\"2023-01-09T03:39:02+00:00\",\"dateModified\":\"2023-11-13T08:12:26+00:00\",\"breadcrumb\":{\"@id\":\"https:\\\/\\\/bien-etreiris.ch\\\/de\\\/produktpraesentation\\\/aromatherapie\\\/aetherische-oele\\\/thymian\\\/thym-linalol\\\/#breadcrumb\"},\"inLanguage\":\"de\",\"potentialAction\":[{\"@type\":\"ReadAction\",\"target\":[\"https:\\\/\\\/bien-etreiris.ch\\\/de\\\/produktpraesentation\\\/aromatherapie\\\/aetherische-oele\\\/thymian\\\/thym-linalol\\\/\"]}]},{\"@type\":\"ImageObject\",\"inLanguage\":\"de\",\"@id\":\"https:\\\/\\\/bien-etreiris.ch\\\/de\\\/produktpraesentation\\\/aromatherapie\\\/aetherische-oele\\\/thymian\\\/thym-linalol\\\/#primaryimage\",\"url\":\"https:\\\/\\\/bien-etreiris.ch\\\/wp-content\\\/uploads\\\/2023\\\/05\\\/acceuil-thymian-linalol.png\",\"contentUrl\":\"https:\\\/\\\/bien-etreiris.ch\\\/wp-content\\\/uploads\\\/2023\\\/05\\\/acceuil-thymian-linalol.png\",\"width\":500,\"height\":303},{\"@type\":\"BreadcrumbList\",\"@id\":\"https:\\\/\\\/bien-etreiris.ch\\\/de\\\/produktpraesentation\\\/aromatherapie\\\/aetherische-oele\\\/thymian\\\/thym-linalol\\\/#breadcrumb\",\"itemListElement\":[{\"@type\":\"ListItem\",\"position\":1,\"name\":\"Home\",\"item\":\"https:\\\/\\\/bien-etreiris.ch\\\/de\\\/\"},{\"@type\":\"ListItem\",\"position\":2,\"name\":\"PRODUKTPR\u00c4SENTATION\",\"item\":\"https:\\\/\\\/bien-etreiris.ch\\\/de\\\/produktpraesentation\\\/\"},{\"@type\":\"ListItem\",\"position\":3,\"name\":\"AROMATHERAPIE\",\"item\":\"https:\\\/\\\/bien-etreiris.ch\\\/de\\\/produktpraesentation\\\/aromatherapie\\\/\"},{\"@type\":\"ListItem\",\"position\":4,\"name\":\"\u00c4THERISCHE \u00d6LE\",\"item\":\"https:\\\/\\\/bien-etreiris.ch\\\/de\\\/produktpraesentation\\\/aromatherapie\\\/aetherische-oele\\\/\"},{\"@type\":\"ListItem\",\"position\":5,\"name\":\"THYMIAN\",\"item\":\"https:\\\/\\\/bien-etreiris.ch\\\/de\\\/produktpraesentation\\\/aromatherapie\\\/aetherische-oele\\\/thymian\\\/\"},{\"@type\":\"ListItem\",\"position\":6,\"name\":\"THYM LINALOL\"}]},{\"@type\":\"WebSite\",\"@id\":\"https:\\\/\\\/bien-etreiris.ch\\\/de\\\/#website\",\"url\":\"https:\\\/\\\/bien-etreiris.ch\\\/de\\\/\",\"name\":\"Bien-\u00eatre Iris\",\"description\":\"IHRE Gesundheit ist uns wichtig\",\"potentialAction\":[{\"@type\":\"SearchAction\",\"target\":{\"@type\":\"EntryPoint\",\"urlTemplate\":\"https:\\\/\\\/bien-etreiris.ch\\\/de\\\/?s={search_term_string}\"},\"query-input\":{\"@type\":\"PropertyValueSpecification\",\"valueRequired\":true,\"valueName\":\"search_term_string\"}}],\"inLanguage\":\"de\"}]}<\/script>\n<!-- \/ Yoast SEO plugin. -->","yoast_head_json":{"title":"THYM LINALOL - WOHLBEFINDEN","robots":{"index":"index","follow":"follow","max-snippet":"max-snippet:-1","max-image-preview":"max-image-preview:large","max-video-preview":"max-video-preview:-1"},"canonical":"https:\/\/bien-etreiris.ch\/de\/produktpraesentation\/aromatherapie\/aetherische-oele\/thymian\/thym-linalol\/","og_locale":"de_DE","og_type":"article","og_title":"THYM LINALOL - WOHLBEFINDEN","og_description":"Thym linalol &nbsp; &nbsp; &nbsp; &nbsp; Damascena huile essentielle 100% naturelle Garantie de la plus haute qualit\u00e9 bio CH-BIO 006 5 ml CHF 12.50 &nbsp; &nbsp; &nbsp; Nom botanique : Thymus vulgaris Famille botanique : Lamiac\u00e9es\u200b M\u00e9thode d'extraction : distillation \u00e0 la vapeur d'eau Partie de la plante utilis\u00e9e : parties a\u00e9riennes Quantit\u00e9 v\u00e9g\u00e9tale : biologique, non test\u00e9 sur les&nbsp;Weiter lesen","og_url":"https:\/\/bien-etreiris.ch\/de\/produktpraesentation\/aromatherapie\/aetherische-oele\/thymian\/thym-linalol\/","og_site_name":"WOHLBEFINDEN","article_publisher":"https:\/\/www.facebook.com\/bienetreiris\/","article_modified_time":"2023-11-13T08:12:26+00:00","og_image":[{"width":500,"height":303,"url":"https:\/\/bien-etreiris.ch\/wp-content\/uploads\/2023\/05\/acceuil-thymian-linalol.png","type":"image\/png"}],"twitter_misc":{"Gesch\u00e4tzte Lesezeit":"2\u00a0Minuten"},"schema":{"@context":"https:\/\/schema.org","@graph":[{"@type":"WebPage","@id":"https:\/\/bien-etreiris.ch\/de\/produktpraesentation\/aromatherapie\/aetherische-oele\/thymian\/thym-linalol\/","url":"https:\/\/bien-etreiris.ch\/de\/produktpraesentation\/aromatherapie\/aetherische-oele\/thymian\/thym-linalol\/","name":"THYM LINALOL - WOHLBEFINDEN","isPartOf":{"@id":"https:\/\/bien-etreiris.ch\/de\/#website"},"primaryImageOfPage":{"@id":"https:\/\/bien-etreiris.ch\/de\/produktpraesentation\/aromatherapie\/aetherische-oele\/thymian\/thym-linalol\/#primaryimage"},"image":{"@id":"https:\/\/bien-etreiris.ch\/de\/produktpraesentation\/aromatherapie\/aetherische-oele\/thymian\/thym-linalol\/#primaryimage"},"thumbnailUrl":"https:\/\/bien-etreiris.ch\/wp-content\/uploads\/2023\/05\/acceuil-thymian-linalol.png","datePublished":"2023-01-09T03:39:02+00:00","dateModified":"2023-11-13T08:12:26+00:00","breadcrumb":{"@id":"https:\/\/bien-etreiris.ch\/de\/produktpraesentation\/aromatherapie\/aetherische-oele\/thymian\/thym-linalol\/#breadcrumb"},"inLanguage":"de","potentialAction":[{"@type":"ReadAction","target":["https:\/\/bien-etreiris.ch\/de\/produktpraesentation\/aromatherapie\/aetherische-oele\/thymian\/thym-linalol\/"]}]},{"@type":"ImageObject","inLanguage":"de","@id":"https:\/\/bien-etreiris.ch\/de\/produktpraesentation\/aromatherapie\/aetherische-oele\/thymian\/thym-linalol\/#primaryimage","url":"https:\/\/bien-etreiris.ch\/wp-content\/uploads\/2023\/05\/acceuil-thymian-linalol.png","contentUrl":"https:\/\/bien-etreiris.ch\/wp-content\/uploads\/2023\/05\/acceuil-thymian-linalol.png","width":500,"height":303},{"@type":"BreadcrumbList","@id":"https:\/\/bien-etreiris.ch\/de\/produktpraesentation\/aromatherapie\/aetherische-oele\/thymian\/thym-linalol\/#breadcrumb","itemListElement":[{"@type":"ListItem","position":1,"name":"Home","item":"https:\/\/bien-etreiris.ch\/de\/"},{"@type":"ListItem","position":2,"name":"PRODUKTPR\u00c4SENTATION","item":"https:\/\/bien-etreiris.ch\/de\/produktpraesentation\/"},{"@type":"ListItem","position":3,"name":"AROMATHERAPIE","item":"https:\/\/bien-etreiris.ch\/de\/produktpraesentation\/aromatherapie\/"},{"@type":"ListItem","position":4,"name":"\u00c4THERISCHE \u00d6LE","item":"https:\/\/bien-etreiris.ch\/de\/produktpraesentation\/aromatherapie\/aetherische-oele\/"},{"@type":"ListItem","position":5,"name":"THYMIAN","item":"https:\/\/bien-etreiris.ch\/de\/produktpraesentation\/aromatherapie\/aetherische-oele\/thymian\/"},{"@type":"ListItem","position":6,"name":"THYM LINALOL"}]},{"@type":"WebSite","@id":"https:\/\/bien-etreiris.ch\/de\/#website","url":"https:\/\/bien-etreiris.ch\/de\/","name":"Bien-\u00eatre Iris","description":"IHRE Gesundheit ist uns wichtig","potentialAction":[{"@type":"SearchAction","target":{"@type":"EntryPoint","urlTemplate":"https:\/\/bien-etreiris.ch\/de\/?s={search_term_string}"},"query-input":{"@type":"PropertyValueSpecification","valueRequired":true,"valueName":"search_term_string"}}],"inLanguage":"de"}]}},"_links":{"self":[{"href":"https:\/\/bien-etreiris.ch\/de\/wp-json\/wp\/v2\/pages\/63980","targetHints":{"allow":["GET"]}}],"collection":[{"href":"https:\/\/bien-etreiris.ch\/de\/wp-json\/wp\/v2\/pages"}],"about":[{"href":"https:\/\/bien-etreiris.ch\/de\/wp-json\/wp\/v2\/types\/page"}],"author":[{"embeddable":true,"href":"https:\/\/bien-etreiris.ch\/de\/wp-json\/wp\/v2\/users\/1"}],"replies":[{"embeddable":true,"href":"https:\/\/bien-etreiris.ch\/de\/wp-json\/wp\/v2\/comments?post=63980"}],"version-history":[{"count":10,"href":"https:\/\/bien-etreiris.ch\/de\/wp-json\/wp\/v2\/pages\/63980\/revisions"}],"predecessor-version":[{"id":79549,"href":"https:\/\/bien-etreiris.ch\/de\/wp-json\/wp\/v2\/pages\/63980\/revisions\/79549"}],"up":[{"embeddable":true,"href":"https:\/\/bien-etreiris.ch\/de\/wp-json\/wp\/v2\/pages\/79541"}],"wp:featuredmedia":[{"embeddable":true,"href":"https:\/\/bien-etreiris.ch\/de\/wp-json\/wp\/v2\/media\/69742"}],"wp:attachment":[{"href":"https:\/\/bien-etreiris.ch\/de\/wp-json\/wp\/v2\/media?parent=63980"}],"curies":[{"name":"wp","href":"https:\/\/api.w.org\/{rel}","templated":true}]}}