{"id":63956,"date":"2023-01-08T18:47:12","date_gmt":"2023-01-08T16:47:12","guid":{"rendered":"https:\/\/bien-etreiris.ch\/produktpraesentation\/aromatherapie\/aetherische-oele\/kunzea\/"},"modified":"2024-09-27T16:40:18","modified_gmt":"2024-09-27T14:40:18","slug":"kunzea","status":"publish","type":"page","link":"https:\/\/bien-etreiris.ch\/de\/produktpraesentation\/aromatherapie\/aetherische-oele\/kunzea\/","title":{"rendered":"KUNZEA"},"content":{"rendered":"\n<p>&nbsp;<\/p>\n<h2><span style=\"color: #ffff00;\"><em>en cours de traitement<\/em><\/span><\/h2>\n<p>&nbsp;<\/p>\n<p>&nbsp;<\/p>\n\n\n<table style=\"width: 833px;\">\n<tbody>\n<tr>\n<td style=\"width: 300px;\"><strong>Nom botanique :<\/strong><\/td>\n<td style=\"width: 533px;\">&nbsp;<\/td>\n<\/tr>\n<tr>\n<td style=\"width: 300px;\"><strong>Famille botanique :<\/strong><\/td>\n<td style=\"width: 533px;\">&nbsp;<\/td>\n<\/tr>\n<tr>\n<td style=\"width: 300px;\"><strong>M\u00e9thode d'extraction :<\/strong><\/td>\n<td style=\"width: 533px;\">&nbsp;<\/td>\n<\/tr>\n<tr>\n<td style=\"width: 300px;\"><strong>Partie de la plante utilis\u00e9e :<\/strong><\/td>\n<td style=\"width: 533px;\">&nbsp;<\/td>\n<\/tr>\n<tr>\n<td style=\"width: 300px;\"><strong>Quantit\u00e9 v\u00e9g\u00e9tale :<\/strong><\/td>\n<td style=\"width: 533px;\">&nbsp;<\/td>\n<\/tr>\n<tr>\n<td style=\"width: 300px;\"><strong>Origine g\u00e9ographique :<\/strong>&nbsp;<\/td>\n<td style=\"width: 533px;\">&nbsp;<\/td>\n<\/tr>\n<tr>\n<td style=\"width: 300px;\"><strong>Culture qualit\u00e9&nbsp;:<\/strong><\/td>\n<td style=\"width: 533px;\">&nbsp;<\/td>\n<\/tr>\n<tr>\n<td style=\"width: 300px;\"><strong>Effet parfum\u00e9 :<\/strong><\/td>\n<td style=\"width: 533px;\">&nbsp;<\/td>\n<\/tr>\n<tr>\n<td style=\"width: 300px;\"><strong>Note parfum\u00e9e :<\/strong><\/td>\n<td style=\"width: 533px;\">&nbsp;<\/td>\n<\/tr>\n<tr>\n<td style=\"width: 300px;\"><strong>Profil de parfum :<\/strong><\/td>\n<td style=\"width: 533px;\">&nbsp;<\/td>\n<\/tr>\n<tr>\n<td style=\"width: 300px;\"><strong>Th\u00e8me du parfum :<\/strong><\/td>\n<td style=\"width: 533px;\">&nbsp;<\/td>\n<\/tr>\n<tr>\n<td style=\"width: 300px;\"><strong>\u00c9nerg\u00e9tique :<\/strong><\/td>\n<td style=\"width: 533px;\">&nbsp;<\/td>\n<\/tr>\n<tr>\n<td style=\"width: 300px;\"><strong>Psycho-\u00e9motionnel :<\/strong>&nbsp;<\/td>\n<td style=\"width: 533px;\">&nbsp;<\/td>\n<\/tr>\n<tr>\n<td style=\"width: 300px;\">\n<p><strong>Description :<\/strong><\/p>\n<\/td>\n<td style=\"width: 533px;\" scope=\"row\">\n<ul style=\"list-style-type: disc;\">\n<li>&nbsp;<\/li>\n<\/ul>\n<\/td>\n<\/tr>\n<tr>\n<td style=\"width: 300px;\">\n<p><strong>Application :<\/strong><\/p>\n<\/td>\n<td style=\"width: 533px;\">\n<ul>\n<li>&nbsp;<\/li>\n<\/ul>\n<\/td>\n<\/tr>\n<tr>\n<td style=\"width: 300px;\"><strong>Principes actifs :<\/strong><\/td>\n<td style=\"width: 533px;\">\n<ul>\n<li>&nbsp;<\/li>\n<\/ul>\n<\/td>\n<\/tr>\n<tr>\n<td style=\"width: 300px;\"><strong>Allerg\u00e8nes :<\/strong><\/td>\n<td style=\"width: 533px;\">&nbsp;<\/td>\n<\/tr>\n<tr>\n<td style=\"width: 300px;\"><strong>Pr\u00e9cautions :<\/strong><\/td>\n<td style=\"width: 533px;\">&nbsp;<\/td>\n<\/tr>\n<tr>\n<td style=\"width: 300px;\"><strong>P<\/strong><\/td>\n<td style=\"width: 533px;\">&nbsp;<\/td>\n<\/tr>\n<tr>\n<td style=\"width: 300px;\"><strong>P<br><\/strong><\/td>\n<td style=\"width: 533px;\">&nbsp;<\/td>\n<\/tr>\n<\/tbody>\n<\/table>","protected":false},"excerpt":{"rendered":"<p>&nbsp; en cours de traitement &nbsp; &nbsp; Nom botanique : &nbsp; Famille botanique : &nbsp; M\u00e9thode d'extraction : &nbsp; Partie de la plante utilis\u00e9e : &nbsp; Quantit\u00e9 v\u00e9g\u00e9tale : &nbsp; Origine g\u00e9ographique :&nbsp; &nbsp; Culture qualit\u00e9&nbsp;: &nbsp; Effet parfum\u00e9 : &nbsp; Note parfum\u00e9e : &nbsp; Profil de parfum : &nbsp; Th\u00e8me du parfum : &nbsp; \u00c9nerg\u00e9tique : &nbsp; Psycho-\u00e9motionnel :&nbsp;&nbsp;<a href=\"https:\/\/bien-etreiris.ch\/de\/produktpraesentation\/aromatherapie\/aetherische-oele\/kunzea\/\" class=\"read-more\">Weiter lesen<\/a><\/p>\n","protected":false},"author":1,"featured_media":89760,"parent":37429,"menu_order":4170,"comment_status":"closed","ping_status":"closed","template":"page-with-child.php","meta":{"_acf_changed":false,"ngg_post_thumbnail":0,"footnotes":""},"class_list":["post-63956","page","type-page","status-publish","has-post-thumbnail","hentry"],"acf":[],"yoast_head":"<!-- This site is optimized with the Yoast SEO plugin v27.6 - https:\/\/yoast.com\/product\/yoast-seo-wordpress\/ -->\n<title>KUNZEA - WOHLBEFINDEN<\/title>\n<meta name=\"robots\" content=\"index, follow, max-snippet:-1, max-image-preview:large, max-video-preview:-1\" \/>\n<link rel=\"canonical\" href=\"https:\/\/bien-etreiris.ch\/de\/produktpraesentation\/aromatherapie\/aetherische-oele\/kunzea\/\" \/>\n<meta property=\"og:locale\" content=\"de_DE\" \/>\n<meta property=\"og:type\" content=\"article\" \/>\n<meta property=\"og:title\" content=\"KUNZEA - WOHLBEFINDEN\" \/>\n<meta property=\"og:description\" content=\"&nbsp; en cours de traitement &nbsp; &nbsp; Nom botanique : &nbsp; Famille botanique : &nbsp; M\u00e9thode d&#039;extraction : &nbsp; Partie de la plante utilis\u00e9e : &nbsp; Quantit\u00e9 v\u00e9g\u00e9tale : &nbsp; Origine g\u00e9ographique :&nbsp; &nbsp; Culture qualit\u00e9&nbsp;: &nbsp; Effet parfum\u00e9 : &nbsp; Note parfum\u00e9e : &nbsp; Profil de parfum : &nbsp; Th\u00e8me du parfum : &nbsp; \u00c9nerg\u00e9tique : &nbsp; Psycho-\u00e9motionnel :&nbsp;&nbsp;Weiter lesen\" \/>\n<meta property=\"og:url\" content=\"https:\/\/bien-etreiris.ch\/de\/produktpraesentation\/aromatherapie\/aetherische-oele\/kunzea\/\" \/>\n<meta property=\"og:site_name\" content=\"WOHLBEFINDEN\" \/>\n<meta property=\"article:publisher\" content=\"https:\/\/www.facebook.com\/bienetreiris\/\" \/>\n<meta property=\"article:modified_time\" content=\"2024-09-27T14:40:18+00:00\" \/>\n<meta property=\"og:image\" content=\"https:\/\/bien-etreiris.ch\/wp-content\/uploads\/2023\/05\/acceuil-kunzea.png\" \/>\n\t<meta property=\"og:image:width\" content=\"500\" \/>\n\t<meta property=\"og:image:height\" content=\"303\" \/>\n\t<meta property=\"og:image:type\" content=\"image\/png\" \/>\n<meta name=\"twitter:label1\" content=\"Gesch\u00e4tzte Lesezeit\" \/>\n\t<meta name=\"twitter:data1\" content=\"1\u00a0Minute\" \/>\n<script type=\"application\/ld+json\" class=\"yoast-schema-graph\">{\"@context\":\"https:\\\/\\\/schema.org\",\"@graph\":[{\"@type\":\"WebPage\",\"@id\":\"https:\\\/\\\/bien-etreiris.ch\\\/de\\\/produktpraesentation\\\/aromatherapie\\\/aetherische-oele\\\/kunzea\\\/\",\"url\":\"https:\\\/\\\/bien-etreiris.ch\\\/de\\\/produktpraesentation\\\/aromatherapie\\\/aetherische-oele\\\/kunzea\\\/\",\"name\":\"KUNZEA - WOHLBEFINDEN\",\"isPartOf\":{\"@id\":\"https:\\\/\\\/bien-etreiris.ch\\\/de\\\/#website\"},\"primaryImageOfPage\":{\"@id\":\"https:\\\/\\\/bien-etreiris.ch\\\/de\\\/produktpraesentation\\\/aromatherapie\\\/aetherische-oele\\\/kunzea\\\/#primaryimage\"},\"image\":{\"@id\":\"https:\\\/\\\/bien-etreiris.ch\\\/de\\\/produktpraesentation\\\/aromatherapie\\\/aetherische-oele\\\/kunzea\\\/#primaryimage\"},\"thumbnailUrl\":\"https:\\\/\\\/bien-etreiris.ch\\\/wp-content\\\/uploads\\\/2024\\\/09\\\/acceuil-Kunzea.png\",\"datePublished\":\"2023-01-08T16:47:12+00:00\",\"dateModified\":\"2024-09-27T14:40:18+00:00\",\"breadcrumb\":{\"@id\":\"https:\\\/\\\/bien-etreiris.ch\\\/de\\\/produktpraesentation\\\/aromatherapie\\\/aetherische-oele\\\/kunzea\\\/#breadcrumb\"},\"inLanguage\":\"de\",\"potentialAction\":[{\"@type\":\"ReadAction\",\"target\":[\"https:\\\/\\\/bien-etreiris.ch\\\/de\\\/produktpraesentation\\\/aromatherapie\\\/aetherische-oele\\\/kunzea\\\/\"]}]},{\"@type\":\"ImageObject\",\"inLanguage\":\"de\",\"@id\":\"https:\\\/\\\/bien-etreiris.ch\\\/de\\\/produktpraesentation\\\/aromatherapie\\\/aetherische-oele\\\/kunzea\\\/#primaryimage\",\"url\":\"https:\\\/\\\/bien-etreiris.ch\\\/wp-content\\\/uploads\\\/2024\\\/09\\\/acceuil-Kunzea.png\",\"contentUrl\":\"https:\\\/\\\/bien-etreiris.ch\\\/wp-content\\\/uploads\\\/2024\\\/09\\\/acceuil-Kunzea.png\",\"width\":500,\"height\":305},{\"@type\":\"BreadcrumbList\",\"@id\":\"https:\\\/\\\/bien-etreiris.ch\\\/de\\\/produktpraesentation\\\/aromatherapie\\\/aetherische-oele\\\/kunzea\\\/#breadcrumb\",\"itemListElement\":[{\"@type\":\"ListItem\",\"position\":1,\"name\":\"Home\",\"item\":\"https:\\\/\\\/bien-etreiris.ch\\\/de\\\/\"},{\"@type\":\"ListItem\",\"position\":2,\"name\":\"PRODUKTPR\u00c4SENTATION\",\"item\":\"https:\\\/\\\/bien-etreiris.ch\\\/de\\\/produktpraesentation\\\/\"},{\"@type\":\"ListItem\",\"position\":3,\"name\":\"AROMATHERAPIE\",\"item\":\"https:\\\/\\\/bien-etreiris.ch\\\/de\\\/produktpraesentation\\\/aromatherapie\\\/\"},{\"@type\":\"ListItem\",\"position\":4,\"name\":\"\u00c4THERISCHE \u00d6LE\",\"item\":\"https:\\\/\\\/bien-etreiris.ch\\\/de\\\/produktpraesentation\\\/aromatherapie\\\/aetherische-oele\\\/\"},{\"@type\":\"ListItem\",\"position\":5,\"name\":\"KUNZEA\"}]},{\"@type\":\"WebSite\",\"@id\":\"https:\\\/\\\/bien-etreiris.ch\\\/de\\\/#website\",\"url\":\"https:\\\/\\\/bien-etreiris.ch\\\/de\\\/\",\"name\":\"Bien-\u00eatre Iris\",\"description\":\"IHRE Gesundheit ist uns wichtig\",\"potentialAction\":[{\"@type\":\"SearchAction\",\"target\":{\"@type\":\"EntryPoint\",\"urlTemplate\":\"https:\\\/\\\/bien-etreiris.ch\\\/de\\\/?s={search_term_string}\"},\"query-input\":{\"@type\":\"PropertyValueSpecification\",\"valueRequired\":true,\"valueName\":\"search_term_string\"}}],\"inLanguage\":\"de\"}]}<\/script>\n<!-- \/ Yoast SEO plugin. -->","yoast_head_json":{"title":"KUNZEA - WOHLBEFINDEN","robots":{"index":"index","follow":"follow","max-snippet":"max-snippet:-1","max-image-preview":"max-image-preview:large","max-video-preview":"max-video-preview:-1"},"canonical":"https:\/\/bien-etreiris.ch\/de\/produktpraesentation\/aromatherapie\/aetherische-oele\/kunzea\/","og_locale":"de_DE","og_type":"article","og_title":"KUNZEA - WOHLBEFINDEN","og_description":"&nbsp; en cours de traitement &nbsp; &nbsp; Nom botanique : &nbsp; Famille botanique : &nbsp; M\u00e9thode d'extraction : &nbsp; Partie de la plante utilis\u00e9e : &nbsp; Quantit\u00e9 v\u00e9g\u00e9tale : &nbsp; Origine g\u00e9ographique :&nbsp; &nbsp; Culture qualit\u00e9&nbsp;: &nbsp; Effet parfum\u00e9 : &nbsp; Note parfum\u00e9e : &nbsp; Profil de parfum : &nbsp; Th\u00e8me du parfum : &nbsp; \u00c9nerg\u00e9tique : &nbsp; Psycho-\u00e9motionnel :&nbsp;&nbsp;Weiter lesen","og_url":"https:\/\/bien-etreiris.ch\/de\/produktpraesentation\/aromatherapie\/aetherische-oele\/kunzea\/","og_site_name":"WOHLBEFINDEN","article_publisher":"https:\/\/www.facebook.com\/bienetreiris\/","article_modified_time":"2024-09-27T14:40:18+00:00","og_image":[{"width":500,"height":303,"url":"https:\/\/bien-etreiris.ch\/wp-content\/uploads\/2023\/05\/acceuil-kunzea.png","type":"image\/png"}],"twitter_misc":{"Gesch\u00e4tzte Lesezeit":"1\u00a0Minute"},"schema":{"@context":"https:\/\/schema.org","@graph":[{"@type":"WebPage","@id":"https:\/\/bien-etreiris.ch\/de\/produktpraesentation\/aromatherapie\/aetherische-oele\/kunzea\/","url":"https:\/\/bien-etreiris.ch\/de\/produktpraesentation\/aromatherapie\/aetherische-oele\/kunzea\/","name":"KUNZEA - WOHLBEFINDEN","isPartOf":{"@id":"https:\/\/bien-etreiris.ch\/de\/#website"},"primaryImageOfPage":{"@id":"https:\/\/bien-etreiris.ch\/de\/produktpraesentation\/aromatherapie\/aetherische-oele\/kunzea\/#primaryimage"},"image":{"@id":"https:\/\/bien-etreiris.ch\/de\/produktpraesentation\/aromatherapie\/aetherische-oele\/kunzea\/#primaryimage"},"thumbnailUrl":"https:\/\/bien-etreiris.ch\/wp-content\/uploads\/2024\/09\/acceuil-Kunzea.png","datePublished":"2023-01-08T16:47:12+00:00","dateModified":"2024-09-27T14:40:18+00:00","breadcrumb":{"@id":"https:\/\/bien-etreiris.ch\/de\/produktpraesentation\/aromatherapie\/aetherische-oele\/kunzea\/#breadcrumb"},"inLanguage":"de","potentialAction":[{"@type":"ReadAction","target":["https:\/\/bien-etreiris.ch\/de\/produktpraesentation\/aromatherapie\/aetherische-oele\/kunzea\/"]}]},{"@type":"ImageObject","inLanguage":"de","@id":"https:\/\/bien-etreiris.ch\/de\/produktpraesentation\/aromatherapie\/aetherische-oele\/kunzea\/#primaryimage","url":"https:\/\/bien-etreiris.ch\/wp-content\/uploads\/2024\/09\/acceuil-Kunzea.png","contentUrl":"https:\/\/bien-etreiris.ch\/wp-content\/uploads\/2024\/09\/acceuil-Kunzea.png","width":500,"height":305},{"@type":"BreadcrumbList","@id":"https:\/\/bien-etreiris.ch\/de\/produktpraesentation\/aromatherapie\/aetherische-oele\/kunzea\/#breadcrumb","itemListElement":[{"@type":"ListItem","position":1,"name":"Home","item":"https:\/\/bien-etreiris.ch\/de\/"},{"@type":"ListItem","position":2,"name":"PRODUKTPR\u00c4SENTATION","item":"https:\/\/bien-etreiris.ch\/de\/produktpraesentation\/"},{"@type":"ListItem","position":3,"name":"AROMATHERAPIE","item":"https:\/\/bien-etreiris.ch\/de\/produktpraesentation\/aromatherapie\/"},{"@type":"ListItem","position":4,"name":"\u00c4THERISCHE \u00d6LE","item":"https:\/\/bien-etreiris.ch\/de\/produktpraesentation\/aromatherapie\/aetherische-oele\/"},{"@type":"ListItem","position":5,"name":"KUNZEA"}]},{"@type":"WebSite","@id":"https:\/\/bien-etreiris.ch\/de\/#website","url":"https:\/\/bien-etreiris.ch\/de\/","name":"Bien-\u00eatre Iris","description":"IHRE Gesundheit ist uns wichtig","potentialAction":[{"@type":"SearchAction","target":{"@type":"EntryPoint","urlTemplate":"https:\/\/bien-etreiris.ch\/de\/?s={search_term_string}"},"query-input":{"@type":"PropertyValueSpecification","valueRequired":true,"valueName":"search_term_string"}}],"inLanguage":"de"}]}},"_links":{"self":[{"href":"https:\/\/bien-etreiris.ch\/de\/wp-json\/wp\/v2\/pages\/63956","targetHints":{"allow":["GET"]}}],"collection":[{"href":"https:\/\/bien-etreiris.ch\/de\/wp-json\/wp\/v2\/pages"}],"about":[{"href":"https:\/\/bien-etreiris.ch\/de\/wp-json\/wp\/v2\/types\/page"}],"author":[{"embeddable":true,"href":"https:\/\/bien-etreiris.ch\/de\/wp-json\/wp\/v2\/users\/1"}],"replies":[{"embeddable":true,"href":"https:\/\/bien-etreiris.ch\/de\/wp-json\/wp\/v2\/comments?post=63956"}],"version-history":[{"count":5,"href":"https:\/\/bien-etreiris.ch\/de\/wp-json\/wp\/v2\/pages\/63956\/revisions"}],"predecessor-version":[{"id":76794,"href":"https:\/\/bien-etreiris.ch\/de\/wp-json\/wp\/v2\/pages\/63956\/revisions\/76794"}],"up":[{"embeddable":true,"href":"https:\/\/bien-etreiris.ch\/de\/wp-json\/wp\/v2\/pages\/37429"}],"wp:featuredmedia":[{"embeddable":true,"href":"https:\/\/bien-etreiris.ch\/de\/wp-json\/wp\/v2\/media\/89760"}],"wp:attachment":[{"href":"https:\/\/bien-etreiris.ch\/de\/wp-json\/wp\/v2\/media?parent=63956"}],"curies":[{"name":"wp","href":"https:\/\/api.w.org\/{rel}","templated":true}]}}