{"id":63800,"date":"2023-01-07T10:44:20","date_gmt":"2023-01-07T08:44:20","guid":{"rendered":"https:\/\/bien-etreiris.ch\/produktpraesentation\/entspannen\/schluessel-zur-selbstheilung\/la-respiration\/respiration-4-7-8\/"},"modified":"2023-01-07T11:00:32","modified_gmt":"2023-01-07T09:00:32","slug":"respiration-4-7-8","status":"publish","type":"page","link":"https:\/\/bien-etreiris.ch\/de\/produktpraesentation\/entspannen\/schluessel-zur-selbsthilfe\/atem-fuer-eine-kraftvolle-lebenskraft\/respiration-4-7-8\/","title":{"rendered":"ATEMTECHNIK 4 -7- 8"},"content":{"rendered":"\n<h2><strong>Die 4-7-8 Atemtechnik hilft bei Angstzust\u00e4nden<\/strong><\/h2>\n<p><a href=\"https:\/\/bien-etreiris.ch\/wp-content\/uploads\/2023\/01\/RESPIRATION-4-7-8.jpg\"><img loading=\"lazy\" decoding=\"async\" class=\"alignnone  wp-image-63790\" src=\"https:\/\/bien-etreiris.ch\/wp-content\/uploads\/2023\/01\/RESPIRATION-4-7-8.jpg\" alt=\"\" width=\"784\" height=\"522\" srcset=\"https:\/\/bien-etreiris.ch\/wp-content\/uploads\/2023\/01\/RESPIRATION-4-7-8.jpg 500w, https:\/\/bien-etreiris.ch\/wp-content\/uploads\/2023\/01\/RESPIRATION-4-7-8-300x200.jpg 300w\" sizes=\"auto, (max-width: 784px) 100vw, 784px\" \/><\/a><\/p>\n<p>&nbsp;<\/p>\n<p>Die sog. 4-7-8-Atmung \u2013 eine Atemtechnik zur Entspannung \u2013 kann Angstzust\u00e4nde lindern und beim Einschlafen helfen. Manche schreiben gar, man schlafe mit dieser Atemtechnik binnen einer Minute ein.<\/p>\n<p>&nbsp;<\/p>\n<p><strong>4-7-8-Atmung entspannt, lindert \u00c4ngste und l\u00e4sst schneller einschlafen<\/strong><\/p>\n<p>Noch halten sich die wissenschaftlichen Belege f\u00fcr die 4-7-8-Atmung in Grenzen, doch gibt es zahlreiche interessante Erfahrungsberichte, die zum Ausprobieren animieren. Die 4-7-8-Atmung ist eine tiefe rhythmische Atemtechnik, die \u00e4usserst entspannend wirkt und nicht nur \u00c4ngste l\u00f6sen kann, gelassener macht und einen zu hohen Blutdruck senken kann, sondern auch bei Einschlafst\u00f6rungen hilft und insgesamt f\u00fcr eine h\u00f6here Stressresistenz sorgt.<\/p>\n<p>Die Durchf\u00fchrung ist denkbar einfach und erinnert an die typischen Atemtechniken aus der Meditation oder dem <strong>Yoga.<\/strong><\/p>\n<p><strong>Was bewirkt die 4-7-8-Atmung?<\/strong><\/p>\n<p>Dr. Andrew Weil \u2013 ein bekannter alternativmedizinischer US-Arzt und Leiter der naturheilkundlichen Fakult\u00e4t der <em>University of Arizona<\/em> \u2013 empfiehlt sehr h\u00e4ufig die 4-7-8-Atemtechnik, da sie seinen Erfahrungen gem\u00e4ss den folgenden Wirkungen mit sich bringt:<\/p>\n<ol>\n<li>Man kann damit <strong>Angstzust\u00e4nde lindern<\/strong><\/li>\n<li>Man kann schneller\/besser <strong>einschlafen<\/strong><\/li>\n<li>Man lernt, besser mit Heisshungerattacken umzugehen<\/li>\n<li>Man kann \u00c4rger und Aggressionen besser kontrollieren<\/li>\n<\/ol>\n<p><strong>Wie funktioniert die 4-7-8-Atmung?<\/strong><\/p>\n<p>Bevor Sie mit der 4-7-8-Atmung beginnen, setzen Sie sich bequem auf einen Stuhl oder Sessel. Sie k\u00f6nnen sich auch hinlegen ( <strong><a href=\"https:\/\/www.medicalnewstoday.com\/articles\/324417\">3<\/a><\/strong> ).<\/p>\n<ol>\n<li>Legen Sie nun Ihre Zungenspitze auf das Zahnfleisch direkt hinter den oberen vorderen Z\u00e4hnen.<\/li>\n<li>Atmen Sie aus, bis Ihre Lungen vollkommen leer sind.<\/li>\n<li>Atmen Sie nun langsam durch die Nase ein \u2013 4 Sekunden lang.<\/li>\n<li>Halten Sie den Atem 7 Sekunden lang an, bleiben Sie dabei entspannt.<\/li>\n<li>Atmen Sie nun 8 Sekunden lang kr\u00e4ftig und gerne ger\u00e4uschvoll durch den Mund aus. Die Zunge liegt jetzt dort, wo sie naturgem\u00e4ss liegt.&nbsp;<\/li>\n<li>Wiederholen Sie das Ganze 4-mal.<\/li>\n<\/ol>\n<p>&nbsp;<\/p>\n<p><strong>Wie oft sollte man die 4-7-8-Atemtechnik praktizieren?<\/strong><\/p>\n<p>Dr. Weil empfiehlt, die Technik mindestens zweimal t\u00e4glich anzuwenden, um schnellere Ergebnisse zu erzielen. Auch sollte man es anfangs nicht \u00fcbertreiben und daher auch nicht vor lauter Begeisterung mehr als die angegebenen 4 Durchg\u00e4nge praktizieren. Das sollte erst geschehen, wenn man eine gewisse Erfahrung mit der Technik gesammelt hat, z. B. nach zwei bis drei Wochen regelm\u00e4ssiger Anwendung.<\/p>\n<p>Da man sich w\u00e4hrend des Atmens schnell schwindelig f\u00fchlen kann, sollte man die Technik unbedingt im Sitzen oder Liegen durchf\u00fchren, um z. B. St\u00fcrze, Unsicherheiten oder anderweitiges Unwohlsein zu vermeiden.<\/p>\n<p><strong>Kann man die Zeitspannen auch verk\u00fcrzen?<\/strong><\/p>\n<p>Bei der 4-7-8-Atmung ist es nicht einmal so sehr wichtig, die genau Sekundenzahl einzuhalten, viel wichtiger ist es, das Verh\u00e4ltnis der Zeitspannen zueinander einzuhalten. Wer also z. B. anfangs Probleme damit hat, den Atem 7 Sekunden lang anzuhalten, kann die Zeitspannen um die H\u00e4lfte verk\u00fcrzen.<\/p>\n<p>Das verk\u00fcrzte Atemmodell sieht dann so aus:<\/p>\n<ol>\n<li>2 Sekunden lang durch die Nase einatmen.<\/li>\n<li>3,5 Sekunden lang den Atem anhalten.<\/li>\n<li>4 Sekunden lang durch den Mund ausatmen.<\/li>\n<\/ol>\n<p>Sie sehen, dass man einfach die einzelnen Zeitspannen halbiert hat, um das Verh\u00e4ltnis beizubehalten.<\/p>\n<p><strong>Wann ist mit einer Wirkung zu rechnen?<\/strong><\/p>\n<p>Wenn man es schafft, das Verh\u00e4ltnis beizubehalten, dann wird man meist schon nach wenigen Tagen oder sp\u00e4testens nach einigen Wochen (wenn ein- bis zweimal t\u00e4glich die beschriebene Atemtechnik umgesetzt wird) positive Ver\u00e4nderungen seines Zustandes wahrnehmen.<\/p>\n<p>Erfahrungsgem\u00e4ss verst\u00e4rkt sich die Wirkung der Technik im Laufe der Zeit. Sie wird also umso wirksamer, je l\u00e4nger man sie durchf\u00fchrt. Damit unterscheidet sich eine Atemtechnik von den typischen angstl\u00f6senden Medikamenten. Diese verlieren mit der Zeit oft ihre Wirkung, man muss die Dosis erh\u00f6hen und das Risiko einer Abh\u00e4ngigkeit ist gross \u2013 von anderen ung\u00fcnstigen Nebenwirkungen ganz zu schweigen.<\/p>\n<p><strong>Wie lauten die Ergebnisse erster Studien?<\/strong><\/p>\n<p>Inzwischen gibt es zu dieser Thematik vereinzelt Studien, die zeigen, dass diese Art der Atemtechnik tats\u00e4chlich \u00c4ngste lindern und Stress mindern kann.<\/p>\n<p>&nbsp;<\/p>\n<p>&nbsp;<\/p>\n<p><strong>Weniger Angst, sinkender Blutdruck und Besserung bei Migr\u00e4ne<\/strong><\/p>\n<p>Im Jahr 2011 beispielsweise erschien im <em>Health Science Journal<\/em> <strong>eine \u00dcbersichtsarbeit<\/strong> von griechischen Forschern der <em>University of Athens<\/em>. Darin wurden die einzelnen gesundheitlichen Vorteile der beschriebenen Atemtechnik (oder \u00e4hnlichen Atemtechniken) herausgestellt ( <strong><a href=\"https:\/\/www.itmedicalteam.pl\/articles\/stress-management-techniques-evidencebased-procedures-that-reduce-stress-and-promote-health-105632.html\" target=\"_blank\" rel=\"noopener\">1<\/a><\/strong> ):<\/p>\n<ol>\n<li>Reduzierte M\u00fcdigkeit w\u00e4hrend des Tages<\/li>\n<li>Reduzierte Angstgef\u00fchle<\/li>\n<li>Verbesserte Symptomatik bei Asthma bei Kindern und Jugendlichen<\/li>\n<li>Besseres Zurechtkommen mit Stress<\/li>\n<li>Sinkender Bluthochdruck<\/li>\n<li>Weniger Aggressionen bei m\u00e4nnlichen Jugendlichen<\/li>\n<li>Verbesserung bei Migr\u00e4ne<\/li>\n<\/ol>\n<p><strong>Weniger Stress f\u00fcr das Herz<\/strong><\/p>\n<p>In einer Studie von 2013 wurden die gesundheitlichen Auswirkungen der sog. Pranayama Atemtechniken untersucht. Pranayama heisst, mit <strong>Achtsamkeit<\/strong> kontrolliert atmen, wobei es hier verschiedene Techniken gibt, eine davon erinnert an die 4-7-8-Atmung \u2013 bitte nach \"Pranayama Atmung\" googeln (<strong> 2<\/strong> ).<\/p>\n<p>Es zeigte sich, dass sich die Durchf\u00fchrung dieser Atemtechniken \u00fcber einen Zeitraum von 6 Wochen hinweg \u00e4usserst positiv auf die Herzfrequenzvariabilit\u00e4t auswirkt. Bei gesunder Herzfrequenzvariabilit\u00e4t kann der K\u00f6rper seine Herz- und Pulst\u00e4tigkeit den Anforderungen gem\u00e4ss (Stress, Entspannungsphase) gut anpassen. Bei chronischem Stress hingegen ist die Herzfrequenzvariabilit\u00e4t oft eingeschr\u00e4nkt, da sich die Herzfrequenz dann nicht einmal in den wenigen Entspannungsphasen herunterfahren l\u00e4sst.<\/p>\n<p>Auch die kognitiven F\u00e4higkeiten besserten sich in dieser Studie und Angstzust\u00e4nde konnten gemindert werden.<\/p>\n<p><strong>Welche anderen Entspannungsmethoden k\u00f6nnen mit der 4-7-8-Atemtechnik kombiniert werden?<\/strong><\/p>\n<p>Sobald man mit der 4-7-8-Atmung vertraut ist, kann man sie mit anderen Entspannungstechniken kombinieren, z. B. mit den folgenden:<\/p>\n<ol>\n<li><strong>Progressive Muskelentspannung nach Jacobson<\/strong><\/li>\n<li>Gef\u00fchrte Visualisierung (z. B. mit CDs)<\/li>\n<li>Mantras (wiederholte Gebete)<\/li>\n<li>Yoga, <strong>Tai-Chi<\/strong> und Qigong<\/li>\n<li><strong>Mindfulness-Meditationen<\/strong> (helfen auch z. B. bei chronischen Schmerzen)<\/li>\n<\/ol>\n<p>&nbsp;<\/p>\n<p>&nbsp;<\/p>\n<p>&nbsp;<\/p>\n<p><strong>Gibt es Apps zur 4-7-8-Atmung?<\/strong><\/p>\n<p>Wer sich unsicher ist, ob er die 4-7-8-Atmung auch richtig durchf\u00fchrt, kann sich mit den entsprechenden Apps behelfen. Bitte in den jeweiligen App Stores nachschauen.<\/p>\n<p><strong>Wo gibt es weitere Informationen zu Atemtechniken und ihren Auswirkungen?<\/strong><\/p>\n<p>Neben allgemeinen Informationen <strong>zur Atemtherapie<\/strong> und den <strong>Auswirkungen des richtigen Atmens<\/strong>, finden Sie bei uns auch Hinweise, wie bestimmte <strong>Atemtechniken bei Depressionen <\/strong>helfen k\u00f6nnen.<\/p>\n<p>In der Literatur und auch bei Youtube finden Sie zahlreiche Anleitungen zu hilfreichen Atemtechniken. Probieren Sie die f\u00fcr Sie stimmig klingenden Methoden aus. Wenn sich eine Technik f\u00fcr Sie nicht gut anf\u00fchlen sollte, probieren Sie die n\u00e4chste aus. Denn nicht jeder Mensch kommt mit jeder Atemtechnik gleich gut zurecht, da es bei uns Menschen unterschiedliche Atemtypen gibt. Zwingen Sie sich daher zu nichts und testen entspannt verschiedene Atemtechniken, bis Sie die f\u00fcr Sie passende Methode gefunden haben.<\/p>\n<p>Weitere Tipps wie Sie mit <strong>Angst in Corona-Zeiten<\/strong> umgehen k\u00f6nnen.<\/p>\n<p>Autor: <strong><a href=\"https:\/\/www.zentrum-der-gesundheit.de\/autoren\">Carina Rehberg<\/a> &nbsp;f\u00fcr Zentrum der Gesundheit<\/strong><\/p>\n<p>Aktualisiert: 05 Januar 2023<\/p>\n<p>&nbsp;<\/p>\n<p>\u00dcbersetzt durch deepl<\/p>\n<p>&nbsp;<\/p>\n<ol>\n<li><a href=\"https:\/\/www.itmedicalteam.pl\/articles\/stress-management-techniques-evidencebased-procedures-that-reduce-stress-and-promote-health-105632.html\" target=\"_blank\" rel=\"noopener\">Varvogli L, Darviri C, Stress Management Techniques : evidence-based procedures that reduce stress and promote health, Health Science Journal, 2011.<\/a><\/li>\n<li><a href=\"https:\/\/pubmed.ncbi.nlm.nih.gov\/24968492\/#:~:text=The%20study%20shows%20that%20practice,and%20Increases%20the%20parasympathetic%20activity.\" target=\"_blank\" rel=\"noopener\">Chandla SS, Sood S, Dogra R, Das S, Shukla SK, Gupta S, Effect of short-term practice of pranayamic breathing exercises on cognition, anxiety, general well being and heart rate variability, J Indian Med Assoc, octobre 2013<\/a><\/li>\n<li><a href=\"https:\/\/www.medicalnewstoday.com\/articles\/324417\" target=\"_blank\" rel=\"noopener\">Fletcher J, How to use 4-7-8 breathing for anxiety, 11 f\u00e9vrier 2019, Nouvelles m\u00e9dicales aujourd'hui<\/a><\/li>\n<\/ol>\n\n\n","protected":false},"excerpt":{"rendered":"<p>Die 4-7-8 Atemtechnik hilft bei Angstzust\u00e4nden &nbsp; Die sog. 4-7-8-Atmung \u2013 eine Atemtechnik zur Entspannung \u2013 kann Angstzust\u00e4nde lindern und beim Einschlafen helfen. Manche schreiben gar, man schlafe mit dieser Atemtechnik binnen einer Minute ein. &nbsp; 4-7-8-Atmung entspannt, lindert \u00c4ngste und l\u00e4sst schneller einschlafen Noch halten sich die wissenschaftlichen Belege f\u00fcr die 4-7-8-Atmung in Grenzen, doch gibt es zahlreiche interessante&nbsp;<a href=\"https:\/\/bien-etreiris.ch\/de\/produktpraesentation\/entspannen\/schluessel-zur-selbsthilfe\/atem-fuer-eine-kraftvolle-lebenskraft\/respiration-4-7-8\/\" class=\"read-more\">Weiter lesen<\/a><\/p>\n","protected":false},"author":1,"featured_media":63792,"parent":63778,"menu_order":4173,"comment_status":"closed","ping_status":"closed","template":"page-with-child.php","meta":{"_acf_changed":false,"ngg_post_thumbnail":0,"footnotes":""},"class_list":["post-63800","page","type-page","status-publish","has-post-thumbnail","hentry"],"acf":[],"yoast_head":"<!-- This site is optimized with the Yoast SEO plugin v27.4 - https:\/\/yoast.com\/product\/yoast-seo-wordpress\/ -->\n<title>ATEMTECHNIK 4 -7- 8 - WOHLBEFINDEN<\/title>\n<meta name=\"robots\" content=\"index, follow, max-snippet:-1, max-image-preview:large, max-video-preview:-1\" \/>\n<link rel=\"canonical\" href=\"https:\/\/bien-etreiris.ch\/de\/produktpraesentation\/entspannen\/schluessel-zur-selbsthilfe\/atem-fuer-eine-kraftvolle-lebenskraft\/respiration-4-7-8\/\" \/>\n<meta property=\"og:locale\" content=\"de_DE\" \/>\n<meta property=\"og:type\" content=\"article\" \/>\n<meta property=\"og:title\" content=\"ATEMTECHNIK 4 -7- 8 - WOHLBEFINDEN\" \/>\n<meta property=\"og:description\" content=\"Die 4-7-8 Atemtechnik hilft bei Angstzust\u00e4nden &nbsp; Die sog. 4-7-8-Atmung \u2013 eine Atemtechnik zur Entspannung \u2013 kann Angstzust\u00e4nde lindern und beim Einschlafen helfen. Manche schreiben gar, man schlafe mit dieser Atemtechnik binnen einer Minute ein. &nbsp; 4-7-8-Atmung entspannt, lindert \u00c4ngste und l\u00e4sst schneller einschlafen Noch halten sich die wissenschaftlichen Belege f\u00fcr die 4-7-8-Atmung in Grenzen, doch gibt es zahlreiche interessante&nbsp;Weiter lesen\" \/>\n<meta property=\"og:url\" content=\"https:\/\/bien-etreiris.ch\/de\/produktpraesentation\/entspannen\/schluessel-zur-selbsthilfe\/atem-fuer-eine-kraftvolle-lebenskraft\/respiration-4-7-8\/\" \/>\n<meta property=\"og:site_name\" content=\"WOHLBEFINDEN\" \/>\n<meta property=\"article:publisher\" content=\"https:\/\/www.facebook.com\/bienetreiris\/\" \/>\n<meta property=\"article:modified_time\" content=\"2023-01-07T09:00:32+00:00\" \/>\n<meta property=\"og:image\" content=\"https:\/\/bien-etreiris.ch\/wp-content\/uploads\/2023\/01\/RESPIRATION-4-7-8.jpg\" \/>\n\t<meta property=\"og:image:width\" content=\"500\" \/>\n\t<meta property=\"og:image:height\" content=\"333\" \/>\n\t<meta property=\"og:image:type\" content=\"image\/jpeg\" \/>\n<meta name=\"twitter:label1\" content=\"Gesch\u00e4tzte Lesezeit\" \/>\n\t<meta name=\"twitter:data1\" content=\"7\u00a0Minuten\" \/>\n<script type=\"application\/ld+json\" class=\"yoast-schema-graph\">{\"@context\":\"https:\\\/\\\/schema.org\",\"@graph\":[{\"@type\":\"WebPage\",\"@id\":\"https:\\\/\\\/bien-etreiris.ch\\\/de\\\/produktpraesentation\\\/entspannen\\\/schluessel-zur-selbsthilfe\\\/atem-fuer-eine-kraftvolle-lebenskraft\\\/respiration-4-7-8\\\/\",\"url\":\"https:\\\/\\\/bien-etreiris.ch\\\/de\\\/produktpraesentation\\\/entspannen\\\/schluessel-zur-selbsthilfe\\\/atem-fuer-eine-kraftvolle-lebenskraft\\\/respiration-4-7-8\\\/\",\"name\":\"ATEMTECHNIK 4 -7- 8 - WOHLBEFINDEN\",\"isPartOf\":{\"@id\":\"https:\\\/\\\/bien-etreiris.ch\\\/de\\\/#website\"},\"primaryImageOfPage\":{\"@id\":\"https:\\\/\\\/bien-etreiris.ch\\\/de\\\/produktpraesentation\\\/entspannen\\\/schluessel-zur-selbsthilfe\\\/atem-fuer-eine-kraftvolle-lebenskraft\\\/respiration-4-7-8\\\/#primaryimage\"},\"image\":{\"@id\":\"https:\\\/\\\/bien-etreiris.ch\\\/de\\\/produktpraesentation\\\/entspannen\\\/schluessel-zur-selbsthilfe\\\/atem-fuer-eine-kraftvolle-lebenskraft\\\/respiration-4-7-8\\\/#primaryimage\"},\"thumbnailUrl\":\"https:\\\/\\\/bien-etreiris.ch\\\/wp-content\\\/uploads\\\/2023\\\/01\\\/RESPIRATION-4-7-8.jpg\",\"datePublished\":\"2023-01-07T08:44:20+00:00\",\"dateModified\":\"2023-01-07T09:00:32+00:00\",\"breadcrumb\":{\"@id\":\"https:\\\/\\\/bien-etreiris.ch\\\/de\\\/produktpraesentation\\\/entspannen\\\/schluessel-zur-selbsthilfe\\\/atem-fuer-eine-kraftvolle-lebenskraft\\\/respiration-4-7-8\\\/#breadcrumb\"},\"inLanguage\":\"de\",\"potentialAction\":[{\"@type\":\"ReadAction\",\"target\":[\"https:\\\/\\\/bien-etreiris.ch\\\/de\\\/produktpraesentation\\\/entspannen\\\/schluessel-zur-selbsthilfe\\\/atem-fuer-eine-kraftvolle-lebenskraft\\\/respiration-4-7-8\\\/\"]}]},{\"@type\":\"ImageObject\",\"inLanguage\":\"de\",\"@id\":\"https:\\\/\\\/bien-etreiris.ch\\\/de\\\/produktpraesentation\\\/entspannen\\\/schluessel-zur-selbsthilfe\\\/atem-fuer-eine-kraftvolle-lebenskraft\\\/respiration-4-7-8\\\/#primaryimage\",\"url\":\"https:\\\/\\\/bien-etreiris.ch\\\/wp-content\\\/uploads\\\/2023\\\/01\\\/RESPIRATION-4-7-8.jpg\",\"contentUrl\":\"https:\\\/\\\/bien-etreiris.ch\\\/wp-content\\\/uploads\\\/2023\\\/01\\\/RESPIRATION-4-7-8.jpg\",\"width\":500,\"height\":333},{\"@type\":\"BreadcrumbList\",\"@id\":\"https:\\\/\\\/bien-etreiris.ch\\\/de\\\/produktpraesentation\\\/entspannen\\\/schluessel-zur-selbsthilfe\\\/atem-fuer-eine-kraftvolle-lebenskraft\\\/respiration-4-7-8\\\/#breadcrumb\",\"itemListElement\":[{\"@type\":\"ListItem\",\"position\":1,\"name\":\"Home\",\"item\":\"https:\\\/\\\/bien-etreiris.ch\\\/de\\\/\"},{\"@type\":\"ListItem\",\"position\":2,\"name\":\"PRODUKTPR\u00c4SENTATION\",\"item\":\"https:\\\/\\\/bien-etreiris.ch\\\/de\\\/produktpraesentation\\\/\"},{\"@type\":\"ListItem\",\"position\":3,\"name\":\"ENTSPANNEND\",\"item\":\"https:\\\/\\\/bien-etreiris.ch\\\/de\\\/produktpraesentation\\\/entspannen\\\/\"},{\"@type\":\"ListItem\",\"position\":4,\"name\":\"SELBSTHILFE\",\"item\":\"https:\\\/\\\/bien-etreiris.ch\\\/de\\\/produktpraesentation\\\/entspannen\\\/schluessel-zur-selbsthilfe\\\/\"},{\"@type\":\"ListItem\",\"position\":5,\"name\":\"ATMEN\",\"item\":\"https:\\\/\\\/bien-etreiris.ch\\\/de\\\/produktpraesentation\\\/entspannen\\\/schluessel-zur-selbsthilfe\\\/atem-fuer-eine-kraftvolle-lebenskraft\\\/\"},{\"@type\":\"ListItem\",\"position\":6,\"name\":\"ATEMTECHNIK 4 -7- 8\"}]},{\"@type\":\"WebSite\",\"@id\":\"https:\\\/\\\/bien-etreiris.ch\\\/de\\\/#website\",\"url\":\"https:\\\/\\\/bien-etreiris.ch\\\/de\\\/\",\"name\":\"Bien-\u00eatre Iris\",\"description\":\"IHRE Gesundheit ist uns wichtig\",\"potentialAction\":[{\"@type\":\"SearchAction\",\"target\":{\"@type\":\"EntryPoint\",\"urlTemplate\":\"https:\\\/\\\/bien-etreiris.ch\\\/de\\\/?s={search_term_string}\"},\"query-input\":{\"@type\":\"PropertyValueSpecification\",\"valueRequired\":true,\"valueName\":\"search_term_string\"}}],\"inLanguage\":\"de\"}]}<\/script>\n<!-- \/ Yoast SEO plugin. -->","yoast_head_json":{"title":"ATEMTECHNIK 4 -7- 8 - WOHLBEFINDEN","robots":{"index":"index","follow":"follow","max-snippet":"max-snippet:-1","max-image-preview":"max-image-preview:large","max-video-preview":"max-video-preview:-1"},"canonical":"https:\/\/bien-etreiris.ch\/de\/produktpraesentation\/entspannen\/schluessel-zur-selbsthilfe\/atem-fuer-eine-kraftvolle-lebenskraft\/respiration-4-7-8\/","og_locale":"de_DE","og_type":"article","og_title":"ATEMTECHNIK 4 -7- 8 - WOHLBEFINDEN","og_description":"Die 4-7-8 Atemtechnik hilft bei Angstzust\u00e4nden &nbsp; Die sog. 4-7-8-Atmung \u2013 eine Atemtechnik zur Entspannung \u2013 kann Angstzust\u00e4nde lindern und beim Einschlafen helfen. Manche schreiben gar, man schlafe mit dieser Atemtechnik binnen einer Minute ein. &nbsp; 4-7-8-Atmung entspannt, lindert \u00c4ngste und l\u00e4sst schneller einschlafen Noch halten sich die wissenschaftlichen Belege f\u00fcr die 4-7-8-Atmung in Grenzen, doch gibt es zahlreiche interessante&nbsp;Weiter lesen","og_url":"https:\/\/bien-etreiris.ch\/de\/produktpraesentation\/entspannen\/schluessel-zur-selbsthilfe\/atem-fuer-eine-kraftvolle-lebenskraft\/respiration-4-7-8\/","og_site_name":"WOHLBEFINDEN","article_publisher":"https:\/\/www.facebook.com\/bienetreiris\/","article_modified_time":"2023-01-07T09:00:32+00:00","og_image":[{"width":500,"height":333,"url":"https:\/\/bien-etreiris.ch\/wp-content\/uploads\/2023\/01\/RESPIRATION-4-7-8.jpg","type":"image\/jpeg"}],"twitter_misc":{"Gesch\u00e4tzte Lesezeit":"7\u00a0Minuten"},"schema":{"@context":"https:\/\/schema.org","@graph":[{"@type":"WebPage","@id":"https:\/\/bien-etreiris.ch\/de\/produktpraesentation\/entspannen\/schluessel-zur-selbsthilfe\/atem-fuer-eine-kraftvolle-lebenskraft\/respiration-4-7-8\/","url":"https:\/\/bien-etreiris.ch\/de\/produktpraesentation\/entspannen\/schluessel-zur-selbsthilfe\/atem-fuer-eine-kraftvolle-lebenskraft\/respiration-4-7-8\/","name":"ATEMTECHNIK 4 -7- 8 - WOHLBEFINDEN","isPartOf":{"@id":"https:\/\/bien-etreiris.ch\/de\/#website"},"primaryImageOfPage":{"@id":"https:\/\/bien-etreiris.ch\/de\/produktpraesentation\/entspannen\/schluessel-zur-selbsthilfe\/atem-fuer-eine-kraftvolle-lebenskraft\/respiration-4-7-8\/#primaryimage"},"image":{"@id":"https:\/\/bien-etreiris.ch\/de\/produktpraesentation\/entspannen\/schluessel-zur-selbsthilfe\/atem-fuer-eine-kraftvolle-lebenskraft\/respiration-4-7-8\/#primaryimage"},"thumbnailUrl":"https:\/\/bien-etreiris.ch\/wp-content\/uploads\/2023\/01\/RESPIRATION-4-7-8.jpg","datePublished":"2023-01-07T08:44:20+00:00","dateModified":"2023-01-07T09:00:32+00:00","breadcrumb":{"@id":"https:\/\/bien-etreiris.ch\/de\/produktpraesentation\/entspannen\/schluessel-zur-selbsthilfe\/atem-fuer-eine-kraftvolle-lebenskraft\/respiration-4-7-8\/#breadcrumb"},"inLanguage":"de","potentialAction":[{"@type":"ReadAction","target":["https:\/\/bien-etreiris.ch\/de\/produktpraesentation\/entspannen\/schluessel-zur-selbsthilfe\/atem-fuer-eine-kraftvolle-lebenskraft\/respiration-4-7-8\/"]}]},{"@type":"ImageObject","inLanguage":"de","@id":"https:\/\/bien-etreiris.ch\/de\/produktpraesentation\/entspannen\/schluessel-zur-selbsthilfe\/atem-fuer-eine-kraftvolle-lebenskraft\/respiration-4-7-8\/#primaryimage","url":"https:\/\/bien-etreiris.ch\/wp-content\/uploads\/2023\/01\/RESPIRATION-4-7-8.jpg","contentUrl":"https:\/\/bien-etreiris.ch\/wp-content\/uploads\/2023\/01\/RESPIRATION-4-7-8.jpg","width":500,"height":333},{"@type":"BreadcrumbList","@id":"https:\/\/bien-etreiris.ch\/de\/produktpraesentation\/entspannen\/schluessel-zur-selbsthilfe\/atem-fuer-eine-kraftvolle-lebenskraft\/respiration-4-7-8\/#breadcrumb","itemListElement":[{"@type":"ListItem","position":1,"name":"Home","item":"https:\/\/bien-etreiris.ch\/de\/"},{"@type":"ListItem","position":2,"name":"PRODUKTPR\u00c4SENTATION","item":"https:\/\/bien-etreiris.ch\/de\/produktpraesentation\/"},{"@type":"ListItem","position":3,"name":"ENTSPANNEND","item":"https:\/\/bien-etreiris.ch\/de\/produktpraesentation\/entspannen\/"},{"@type":"ListItem","position":4,"name":"SELBSTHILFE","item":"https:\/\/bien-etreiris.ch\/de\/produktpraesentation\/entspannen\/schluessel-zur-selbsthilfe\/"},{"@type":"ListItem","position":5,"name":"ATMEN","item":"https:\/\/bien-etreiris.ch\/de\/produktpraesentation\/entspannen\/schluessel-zur-selbsthilfe\/atem-fuer-eine-kraftvolle-lebenskraft\/"},{"@type":"ListItem","position":6,"name":"ATEMTECHNIK 4 -7- 8"}]},{"@type":"WebSite","@id":"https:\/\/bien-etreiris.ch\/de\/#website","url":"https:\/\/bien-etreiris.ch\/de\/","name":"Bien-\u00eatre Iris","description":"IHRE Gesundheit ist uns wichtig","potentialAction":[{"@type":"SearchAction","target":{"@type":"EntryPoint","urlTemplate":"https:\/\/bien-etreiris.ch\/de\/?s={search_term_string}"},"query-input":{"@type":"PropertyValueSpecification","valueRequired":true,"valueName":"search_term_string"}}],"inLanguage":"de"}]}},"_links":{"self":[{"href":"https:\/\/bien-etreiris.ch\/de\/wp-json\/wp\/v2\/pages\/63800","targetHints":{"allow":["GET"]}}],"collection":[{"href":"https:\/\/bien-etreiris.ch\/de\/wp-json\/wp\/v2\/pages"}],"about":[{"href":"https:\/\/bien-etreiris.ch\/de\/wp-json\/wp\/v2\/types\/page"}],"author":[{"embeddable":true,"href":"https:\/\/bien-etreiris.ch\/de\/wp-json\/wp\/v2\/users\/1"}],"replies":[{"embeddable":true,"href":"https:\/\/bien-etreiris.ch\/de\/wp-json\/wp\/v2\/comments?post=63800"}],"version-history":[{"count":2,"href":"https:\/\/bien-etreiris.ch\/de\/wp-json\/wp\/v2\/pages\/63800\/revisions"}],"predecessor-version":[{"id":63805,"href":"https:\/\/bien-etreiris.ch\/de\/wp-json\/wp\/v2\/pages\/63800\/revisions\/63805"}],"up":[{"embeddable":true,"href":"https:\/\/bien-etreiris.ch\/de\/wp-json\/wp\/v2\/pages\/63778"}],"wp:featuredmedia":[{"embeddable":true,"href":"https:\/\/bien-etreiris.ch\/de\/wp-json\/wp\/v2\/media\/63792"}],"wp:attachment":[{"href":"https:\/\/bien-etreiris.ch\/de\/wp-json\/wp\/v2\/media?parent=63800"}],"curies":[{"name":"wp","href":"https:\/\/api.w.org\/{rel}","templated":true}]}}