{"id":63763,"date":"2023-01-06T12:34:53","date_gmt":"2023-01-06T10:34:53","guid":{"rendered":"https:\/\/bien-etreiris.ch\/produktpraesentation\/gesundes-leben\/nahrungsergaenzungsmittel\/pflanzenheilkunde-gleichgewicht-durch-heilpflanzen\/kapseln-und-pulver-auf-pflanzlicher-basis\/yam-sauvage\/"},"modified":"2023-01-06T19:45:13","modified_gmt":"2023-01-06T17:45:13","slug":"yam-sauvage","status":"publish","type":"page","link":"https:\/\/bien-etreiris.ch\/de\/produktpraesentation\/gesundes-leben\/nahrungsergaenzungsmittel\/pflanzenheilkunde-gleichgewicht-durch-heilpflanzen\/kapseln-und-pulver-auf-pflanzlicher-basis\/yam-sauvage\/","title":{"rendered":"YAM"},"content":{"rendered":"\n<h2>Yam sauvage (racine de Yam)<\/h2>\n<p><a href=\"https:\/\/bien-etreiris.ch\/wp-content\/uploads\/2023\/01\/wild-yam-.jpg\"><img loading=\"lazy\" decoding=\"async\" class=\"wp-image-63742 alignleft\" src=\"https:\/\/bien-etreiris.ch\/wp-content\/uploads\/2023\/01\/wild-yam-.jpg\" alt=\"\" width=\"263\" height=\"449\" srcset=\"https:\/\/bien-etreiris.ch\/wp-content\/uploads\/2023\/01\/wild-yam-.jpg 678w, https:\/\/bien-etreiris.ch\/wp-content\/uploads\/2023\/01\/wild-yam--176x300.jpg 176w, https:\/\/bien-etreiris.ch\/wp-content\/uploads\/2023\/01\/wild-yam--600x1024.jpg 600w\" sizes=\"auto, (max-width: 263px) 100vw, 263px\" \/><\/a><\/p>\n<p>&nbsp;<\/p>\n<p>&nbsp;<\/p>\n<ul>\n<li class=\"active\">POUDRES-RACINES-RESINES<\/li>\n<\/ul>\n<p>&nbsp;<\/p>\n<ul style=\"list-style-type: disc;\">\n<li>G\u00e9lules de yam sauvage Vita<\/li>\n<li>G\u00e9lules v\u00e9g\u00e9taliennes sans antiagglom\u00e9rant ni autre additif<\/li>\n<li>Pas d'agents de remplissage artificiels<\/li>\n<li>Fabriqu\u00e9 par Cellavita en Allemagne.<\/li>\n<\/ul>\n<p><br>150 g\u00e9lules dans un bocal en verre <strong>CHF 18.90<\/strong><\/p>\n<p>remplissage 1 capsule <strong>CHF 0.10<\/strong><\/p>\n<p>&nbsp;<\/p>\n<p>&nbsp;<\/p>\n<p>&nbsp;<\/p>\n<p>&nbsp;<\/p>\n<p><a href=\"https:\/\/bien-etreiris.ch\/wp-content\/uploads\/2023\/01\/Edikette-Wild-Xam-FR-scaled.jpg\"><img loading=\"lazy\" decoding=\"async\" class=\"alignnone  wp-image-63751\" src=\"https:\/\/bien-etreiris.ch\/wp-content\/uploads\/2023\/01\/Edikette-Wild-Xam-FR-scaled.jpg\" alt=\"\" width=\"587\" height=\"271\" srcset=\"https:\/\/bien-etreiris.ch\/wp-content\/uploads\/2023\/01\/Edikette-Wild-Xam-FR-scaled.jpg 2560w, https:\/\/bien-etreiris.ch\/wp-content\/uploads\/2023\/01\/Edikette-Wild-Xam-FR-300x139.jpg 300w, https:\/\/bien-etreiris.ch\/wp-content\/uploads\/2023\/01\/Edikette-Wild-Xam-FR-1024x473.jpg 1024w, https:\/\/bien-etreiris.ch\/wp-content\/uploads\/2023\/01\/Edikette-Wild-Xam-FR-768x355.jpg 768w, https:\/\/bien-etreiris.ch\/wp-content\/uploads\/2023\/01\/Edikette-Wild-Xam-FR-1536x710.jpg 1536w, https:\/\/bien-etreiris.ch\/wp-content\/uploads\/2023\/01\/Edikette-Wild-Xam-FR-2048x947.jpg 2048w\" sizes=\"auto, (max-width: 587px) 100vw, 587px\" \/><\/a><\/p>\n<p>&nbsp;<\/p>\n<p>&nbsp;<\/p>\n<p>&nbsp;<\/p>\n<h2>Description<\/h2>\n<h4><br>Capsules de Yam sauvage Vita<\/h4>\n<p>La racine de Yam est un genre de plantes au sein de la famille des Yamac\u00e9es (Dioscoreaceae). On en trouve jusqu'\u00e0 800 esp\u00e8ces, principalement dans les r\u00e9gions tropicales. Cellavita mise ici sur un extrait d'igname sauvage qui est disponible sous forme de poudre et de capsules, sans agents antiagglom\u00e9rants ni autres additifs. La teneur en diosg\u00e9nine, d\u00e9termin\u00e9e par analyse, est de 16,69%.<\/p>\n<h4>Informations compl\u00e9mentaires<\/h4>\n<p>Le go\u00fbt de l'igname est relativement neutre, c'est-\u00e0-dire qu'il peut \u00eatre m\u00e9lang\u00e9 \u00e0 du muesli, des milk-shakes ou des smoothies, un peu difficile \u00e0 m\u00e9langer.<\/p>\n<h4>Liste des ingr\u00e9dients<\/h4>\n<p>Extrait de Yam sauvage (Dioscorea opposite Tunb), agent d'enrobage hydroxypropylm\u00e9thylcellulose<\/p>\n<h4>Recommandation de consommation<\/h4>\n<p>Consommer 1 capsule par jour avec un verre d'eau (200 ml).<\/p>\n<h4>Ingr\u00e9dients<\/h4>\n<p>Yam sauvage 335mg par dose journali\u00e8re.<br>dont diosg\u00e9nine 60mg par dose journali\u00e8re.\u00e0 m\u00e9langer<\/p>\n<h4><br>Remarques<\/h4>\n<p>La quantit\u00e9 journali\u00e8re recommand\u00e9e indiqu\u00e9e ne doit pas \u00eatre d\u00e9pass\u00e9e. Les compl\u00e9ments alimentaires ne doivent pas \u00eatre utilis\u00e9s comme substituts d'une alimentation \u00e9quilibr\u00e9e et vari\u00e9e et d'un mode de vie sain. Veuillez conserver le produit dans un endroit frais, sec et sombre. Tenir hors de port\u00e9e des jeunes enfants.<\/p>\n<p>&nbsp;<\/p>\n<h2><em><span style=\"color: #ff9900;\">Vous souhaitez en savoir un peu plus sur la racine de Yam<\/span><\/em><\/h2>\n<p>&nbsp;<\/p>\n","protected":false},"excerpt":{"rendered":"<p>Yam sauvage (racine de Yam) &nbsp; &nbsp; POUDRES-RACINES-RESINES &nbsp; G\u00e9lules de yam sauvage Vita G\u00e9lules v\u00e9g\u00e9taliennes sans antiagglom\u00e9rant ni autre additif Pas d'agents de remplissage artificiels Fabriqu\u00e9 par Cellavita en Allemagne. 150 g\u00e9lules dans un bocal en verre CHF 18.90 remplissage 1 capsule CHF 0.10 &nbsp; &nbsp; &nbsp; &nbsp; &nbsp; &nbsp; &nbsp; Description Capsules de Yam sauvage Vita La racine&nbsp;<a href=\"https:\/\/bien-etreiris.ch\/de\/produktpraesentation\/gesundes-leben\/nahrungsergaenzungsmittel\/pflanzenheilkunde-gleichgewicht-durch-heilpflanzen\/kapseln-und-pulver-auf-pflanzlicher-basis\/yam-sauvage\/\" class=\"read-more\">Weiter lesen<\/a><\/p>\n","protected":false},"author":1,"featured_media":63747,"parent":60901,"menu_order":4185,"comment_status":"closed","ping_status":"closed","template":"page-with-child.php","meta":{"_acf_changed":false,"ngg_post_thumbnail":0,"footnotes":""},"class_list":["post-63763","page","type-page","status-publish","has-post-thumbnail","hentry"],"acf":[],"yoast_head":"<!-- This site is optimized with the Yoast SEO plugin v27.6 - https:\/\/yoast.com\/product\/yoast-seo-wordpress\/ -->\n<title>YAM - WOHLBEFINDEN<\/title>\n<meta name=\"robots\" content=\"index, follow, max-snippet:-1, max-image-preview:large, max-video-preview:-1\" \/>\n<link rel=\"canonical\" href=\"https:\/\/bien-etreiris.ch\/de\/produktpraesentation\/gesundes-leben\/nahrungsergaenzungsmittel\/pflanzenheilkunde-gleichgewicht-durch-heilpflanzen\/kapseln-und-pulver-auf-pflanzlicher-basis\/yam-sauvage\/\" \/>\n<meta property=\"og:locale\" content=\"de_DE\" \/>\n<meta property=\"og:type\" content=\"article\" \/>\n<meta property=\"og:title\" content=\"YAM - WOHLBEFINDEN\" \/>\n<meta property=\"og:description\" content=\"Yam sauvage (racine de Yam) &nbsp; &nbsp; POUDRES-RACINES-RESINES &nbsp; G\u00e9lules de yam sauvage Vita G\u00e9lules v\u00e9g\u00e9taliennes sans antiagglom\u00e9rant ni autre additif Pas d&#039;agents de remplissage artificiels Fabriqu\u00e9 par Cellavita en Allemagne. 150 g\u00e9lules dans un bocal en verre CHF 18.90 remplissage 1 capsule CHF 0.10 &nbsp; &nbsp; &nbsp; &nbsp; &nbsp; &nbsp; &nbsp; Description Capsules de Yam sauvage Vita La racine&nbsp;Weiter lesen\" \/>\n<meta property=\"og:url\" content=\"https:\/\/bien-etreiris.ch\/de\/produktpraesentation\/gesundes-leben\/nahrungsergaenzungsmittel\/pflanzenheilkunde-gleichgewicht-durch-heilpflanzen\/kapseln-und-pulver-auf-pflanzlicher-basis\/yam-sauvage\/\" \/>\n<meta property=\"og:site_name\" content=\"WOHLBEFINDEN\" \/>\n<meta property=\"article:publisher\" content=\"https:\/\/www.facebook.com\/bienetreiris\/\" \/>\n<meta property=\"article:modified_time\" content=\"2023-01-06T17:45:13+00:00\" \/>\n<meta property=\"og:image\" content=\"https:\/\/bien-etreiris.ch\/wp-content\/uploads\/2023\/01\/Acceuil-Yam-sauvage.jpg\" \/>\n\t<meta property=\"og:image:width\" content=\"500\" \/>\n\t<meta property=\"og:image:height\" content=\"335\" \/>\n\t<meta property=\"og:image:type\" content=\"image\/jpeg\" \/>\n<meta name=\"twitter:label1\" content=\"Gesch\u00e4tzte Lesezeit\" \/>\n\t<meta name=\"twitter:data1\" content=\"2\u00a0Minuten\" \/>\n<script type=\"application\/ld+json\" class=\"yoast-schema-graph\">{\"@context\":\"https:\\\/\\\/schema.org\",\"@graph\":[{\"@type\":\"WebPage\",\"@id\":\"https:\\\/\\\/bien-etreiris.ch\\\/de\\\/produktpraesentation\\\/gesundes-leben\\\/nahrungsergaenzungsmittel\\\/pflanzenheilkunde-gleichgewicht-durch-heilpflanzen\\\/kapseln-und-pulver-auf-pflanzlicher-basis\\\/yam-sauvage\\\/\",\"url\":\"https:\\\/\\\/bien-etreiris.ch\\\/de\\\/produktpraesentation\\\/gesundes-leben\\\/nahrungsergaenzungsmittel\\\/pflanzenheilkunde-gleichgewicht-durch-heilpflanzen\\\/kapseln-und-pulver-auf-pflanzlicher-basis\\\/yam-sauvage\\\/\",\"name\":\"YAM - WOHLBEFINDEN\",\"isPartOf\":{\"@id\":\"https:\\\/\\\/bien-etreiris.ch\\\/de\\\/#website\"},\"primaryImageOfPage\":{\"@id\":\"https:\\\/\\\/bien-etreiris.ch\\\/de\\\/produktpraesentation\\\/gesundes-leben\\\/nahrungsergaenzungsmittel\\\/pflanzenheilkunde-gleichgewicht-durch-heilpflanzen\\\/kapseln-und-pulver-auf-pflanzlicher-basis\\\/yam-sauvage\\\/#primaryimage\"},\"image\":{\"@id\":\"https:\\\/\\\/bien-etreiris.ch\\\/de\\\/produktpraesentation\\\/gesundes-leben\\\/nahrungsergaenzungsmittel\\\/pflanzenheilkunde-gleichgewicht-durch-heilpflanzen\\\/kapseln-und-pulver-auf-pflanzlicher-basis\\\/yam-sauvage\\\/#primaryimage\"},\"thumbnailUrl\":\"https:\\\/\\\/bien-etreiris.ch\\\/wp-content\\\/uploads\\\/2023\\\/01\\\/Acceuil-Yam-sauvage.jpg\",\"datePublished\":\"2023-01-06T10:34:53+00:00\",\"dateModified\":\"2023-01-06T17:45:13+00:00\",\"breadcrumb\":{\"@id\":\"https:\\\/\\\/bien-etreiris.ch\\\/de\\\/produktpraesentation\\\/gesundes-leben\\\/nahrungsergaenzungsmittel\\\/pflanzenheilkunde-gleichgewicht-durch-heilpflanzen\\\/kapseln-und-pulver-auf-pflanzlicher-basis\\\/yam-sauvage\\\/#breadcrumb\"},\"inLanguage\":\"de\",\"potentialAction\":[{\"@type\":\"ReadAction\",\"target\":[\"https:\\\/\\\/bien-etreiris.ch\\\/de\\\/produktpraesentation\\\/gesundes-leben\\\/nahrungsergaenzungsmittel\\\/pflanzenheilkunde-gleichgewicht-durch-heilpflanzen\\\/kapseln-und-pulver-auf-pflanzlicher-basis\\\/yam-sauvage\\\/\"]}]},{\"@type\":\"ImageObject\",\"inLanguage\":\"de\",\"@id\":\"https:\\\/\\\/bien-etreiris.ch\\\/de\\\/produktpraesentation\\\/gesundes-leben\\\/nahrungsergaenzungsmittel\\\/pflanzenheilkunde-gleichgewicht-durch-heilpflanzen\\\/kapseln-und-pulver-auf-pflanzlicher-basis\\\/yam-sauvage\\\/#primaryimage\",\"url\":\"https:\\\/\\\/bien-etreiris.ch\\\/wp-content\\\/uploads\\\/2023\\\/01\\\/Acceuil-Yam-sauvage.jpg\",\"contentUrl\":\"https:\\\/\\\/bien-etreiris.ch\\\/wp-content\\\/uploads\\\/2023\\\/01\\\/Acceuil-Yam-sauvage.jpg\",\"width\":500,\"height\":335},{\"@type\":\"BreadcrumbList\",\"@id\":\"https:\\\/\\\/bien-etreiris.ch\\\/de\\\/produktpraesentation\\\/gesundes-leben\\\/nahrungsergaenzungsmittel\\\/pflanzenheilkunde-gleichgewicht-durch-heilpflanzen\\\/kapseln-und-pulver-auf-pflanzlicher-basis\\\/yam-sauvage\\\/#breadcrumb\",\"itemListElement\":[{\"@type\":\"ListItem\",\"position\":1,\"name\":\"Home\",\"item\":\"https:\\\/\\\/bien-etreiris.ch\\\/de\\\/\"},{\"@type\":\"ListItem\",\"position\":2,\"name\":\"PRODUKTPR\u00c4SENTATION\",\"item\":\"https:\\\/\\\/bien-etreiris.ch\\\/de\\\/produktpraesentation\\\/\"},{\"@type\":\"ListItem\",\"position\":3,\"name\":\"GESUNDES LEBEN\",\"item\":\"https:\\\/\\\/bien-etreiris.ch\\\/de\\\/produktpraesentation\\\/gesundes-leben\\\/\"},{\"@type\":\"ListItem\",\"position\":4,\"name\":\"NAHRUNGSERG\u00c4NZUNG\",\"item\":\"https:\\\/\\\/bien-etreiris.ch\\\/de\\\/produktpraesentation\\\/gesundes-leben\\\/nahrungsergaenzungsmittel\\\/\"},{\"@type\":\"ListItem\",\"position\":5,\"name\":\"PFLANZENHEILKUNDE\",\"item\":\"https:\\\/\\\/bien-etreiris.ch\\\/de\\\/produktpraesentation\\\/gesundes-leben\\\/nahrungsergaenzungsmittel\\\/pflanzenheilkunde-gleichgewicht-durch-heilpflanzen\\\/\"},{\"@type\":\"ListItem\",\"position\":6,\"name\":\"KAPSELN &#038; PULVER\",\"item\":\"https:\\\/\\\/bien-etreiris.ch\\\/de\\\/produktpraesentation\\\/gesundes-leben\\\/nahrungsergaenzungsmittel\\\/pflanzenheilkunde-gleichgewicht-durch-heilpflanzen\\\/kapseln-und-pulver-auf-pflanzlicher-basis\\\/\"},{\"@type\":\"ListItem\",\"position\":7,\"name\":\"YAM\"}]},{\"@type\":\"WebSite\",\"@id\":\"https:\\\/\\\/bien-etreiris.ch\\\/de\\\/#website\",\"url\":\"https:\\\/\\\/bien-etreiris.ch\\\/de\\\/\",\"name\":\"Bien-\u00eatre Iris\",\"description\":\"IHRE Gesundheit ist uns wichtig\",\"potentialAction\":[{\"@type\":\"SearchAction\",\"target\":{\"@type\":\"EntryPoint\",\"urlTemplate\":\"https:\\\/\\\/bien-etreiris.ch\\\/de\\\/?s={search_term_string}\"},\"query-input\":{\"@type\":\"PropertyValueSpecification\",\"valueRequired\":true,\"valueName\":\"search_term_string\"}}],\"inLanguage\":\"de\"}]}<\/script>\n<!-- \/ Yoast SEO plugin. -->","yoast_head_json":{"title":"YAM - WOHLBEFINDEN","robots":{"index":"index","follow":"follow","max-snippet":"max-snippet:-1","max-image-preview":"max-image-preview:large","max-video-preview":"max-video-preview:-1"},"canonical":"https:\/\/bien-etreiris.ch\/de\/produktpraesentation\/gesundes-leben\/nahrungsergaenzungsmittel\/pflanzenheilkunde-gleichgewicht-durch-heilpflanzen\/kapseln-und-pulver-auf-pflanzlicher-basis\/yam-sauvage\/","og_locale":"de_DE","og_type":"article","og_title":"YAM - WOHLBEFINDEN","og_description":"Yam sauvage (racine de Yam) &nbsp; &nbsp; POUDRES-RACINES-RESINES &nbsp; G\u00e9lules de yam sauvage Vita G\u00e9lules v\u00e9g\u00e9taliennes sans antiagglom\u00e9rant ni autre additif Pas d'agents de remplissage artificiels Fabriqu\u00e9 par Cellavita en Allemagne. 150 g\u00e9lules dans un bocal en verre CHF 18.90 remplissage 1 capsule CHF 0.10 &nbsp; &nbsp; &nbsp; &nbsp; &nbsp; &nbsp; &nbsp; Description Capsules de Yam sauvage Vita La racine&nbsp;Weiter lesen","og_url":"https:\/\/bien-etreiris.ch\/de\/produktpraesentation\/gesundes-leben\/nahrungsergaenzungsmittel\/pflanzenheilkunde-gleichgewicht-durch-heilpflanzen\/kapseln-und-pulver-auf-pflanzlicher-basis\/yam-sauvage\/","og_site_name":"WOHLBEFINDEN","article_publisher":"https:\/\/www.facebook.com\/bienetreiris\/","article_modified_time":"2023-01-06T17:45:13+00:00","og_image":[{"width":500,"height":335,"url":"https:\/\/bien-etreiris.ch\/wp-content\/uploads\/2023\/01\/Acceuil-Yam-sauvage.jpg","type":"image\/jpeg"}],"twitter_misc":{"Gesch\u00e4tzte Lesezeit":"2\u00a0Minuten"},"schema":{"@context":"https:\/\/schema.org","@graph":[{"@type":"WebPage","@id":"https:\/\/bien-etreiris.ch\/de\/produktpraesentation\/gesundes-leben\/nahrungsergaenzungsmittel\/pflanzenheilkunde-gleichgewicht-durch-heilpflanzen\/kapseln-und-pulver-auf-pflanzlicher-basis\/yam-sauvage\/","url":"https:\/\/bien-etreiris.ch\/de\/produktpraesentation\/gesundes-leben\/nahrungsergaenzungsmittel\/pflanzenheilkunde-gleichgewicht-durch-heilpflanzen\/kapseln-und-pulver-auf-pflanzlicher-basis\/yam-sauvage\/","name":"YAM - WOHLBEFINDEN","isPartOf":{"@id":"https:\/\/bien-etreiris.ch\/de\/#website"},"primaryImageOfPage":{"@id":"https:\/\/bien-etreiris.ch\/de\/produktpraesentation\/gesundes-leben\/nahrungsergaenzungsmittel\/pflanzenheilkunde-gleichgewicht-durch-heilpflanzen\/kapseln-und-pulver-auf-pflanzlicher-basis\/yam-sauvage\/#primaryimage"},"image":{"@id":"https:\/\/bien-etreiris.ch\/de\/produktpraesentation\/gesundes-leben\/nahrungsergaenzungsmittel\/pflanzenheilkunde-gleichgewicht-durch-heilpflanzen\/kapseln-und-pulver-auf-pflanzlicher-basis\/yam-sauvage\/#primaryimage"},"thumbnailUrl":"https:\/\/bien-etreiris.ch\/wp-content\/uploads\/2023\/01\/Acceuil-Yam-sauvage.jpg","datePublished":"2023-01-06T10:34:53+00:00","dateModified":"2023-01-06T17:45:13+00:00","breadcrumb":{"@id":"https:\/\/bien-etreiris.ch\/de\/produktpraesentation\/gesundes-leben\/nahrungsergaenzungsmittel\/pflanzenheilkunde-gleichgewicht-durch-heilpflanzen\/kapseln-und-pulver-auf-pflanzlicher-basis\/yam-sauvage\/#breadcrumb"},"inLanguage":"de","potentialAction":[{"@type":"ReadAction","target":["https:\/\/bien-etreiris.ch\/de\/produktpraesentation\/gesundes-leben\/nahrungsergaenzungsmittel\/pflanzenheilkunde-gleichgewicht-durch-heilpflanzen\/kapseln-und-pulver-auf-pflanzlicher-basis\/yam-sauvage\/"]}]},{"@type":"ImageObject","inLanguage":"de","@id":"https:\/\/bien-etreiris.ch\/de\/produktpraesentation\/gesundes-leben\/nahrungsergaenzungsmittel\/pflanzenheilkunde-gleichgewicht-durch-heilpflanzen\/kapseln-und-pulver-auf-pflanzlicher-basis\/yam-sauvage\/#primaryimage","url":"https:\/\/bien-etreiris.ch\/wp-content\/uploads\/2023\/01\/Acceuil-Yam-sauvage.jpg","contentUrl":"https:\/\/bien-etreiris.ch\/wp-content\/uploads\/2023\/01\/Acceuil-Yam-sauvage.jpg","width":500,"height":335},{"@type":"BreadcrumbList","@id":"https:\/\/bien-etreiris.ch\/de\/produktpraesentation\/gesundes-leben\/nahrungsergaenzungsmittel\/pflanzenheilkunde-gleichgewicht-durch-heilpflanzen\/kapseln-und-pulver-auf-pflanzlicher-basis\/yam-sauvage\/#breadcrumb","itemListElement":[{"@type":"ListItem","position":1,"name":"Home","item":"https:\/\/bien-etreiris.ch\/de\/"},{"@type":"ListItem","position":2,"name":"PRODUKTPR\u00c4SENTATION","item":"https:\/\/bien-etreiris.ch\/de\/produktpraesentation\/"},{"@type":"ListItem","position":3,"name":"GESUNDES LEBEN","item":"https:\/\/bien-etreiris.ch\/de\/produktpraesentation\/gesundes-leben\/"},{"@type":"ListItem","position":4,"name":"NAHRUNGSERG\u00c4NZUNG","item":"https:\/\/bien-etreiris.ch\/de\/produktpraesentation\/gesundes-leben\/nahrungsergaenzungsmittel\/"},{"@type":"ListItem","position":5,"name":"PFLANZENHEILKUNDE","item":"https:\/\/bien-etreiris.ch\/de\/produktpraesentation\/gesundes-leben\/nahrungsergaenzungsmittel\/pflanzenheilkunde-gleichgewicht-durch-heilpflanzen\/"},{"@type":"ListItem","position":6,"name":"KAPSELN &#038; PULVER","item":"https:\/\/bien-etreiris.ch\/de\/produktpraesentation\/gesundes-leben\/nahrungsergaenzungsmittel\/pflanzenheilkunde-gleichgewicht-durch-heilpflanzen\/kapseln-und-pulver-auf-pflanzlicher-basis\/"},{"@type":"ListItem","position":7,"name":"YAM"}]},{"@type":"WebSite","@id":"https:\/\/bien-etreiris.ch\/de\/#website","url":"https:\/\/bien-etreiris.ch\/de\/","name":"Bien-\u00eatre Iris","description":"IHRE Gesundheit ist uns wichtig","potentialAction":[{"@type":"SearchAction","target":{"@type":"EntryPoint","urlTemplate":"https:\/\/bien-etreiris.ch\/de\/?s={search_term_string}"},"query-input":{"@type":"PropertyValueSpecification","valueRequired":true,"valueName":"search_term_string"}}],"inLanguage":"de"}]}},"_links":{"self":[{"href":"https:\/\/bien-etreiris.ch\/de\/wp-json\/wp\/v2\/pages\/63763","targetHints":{"allow":["GET"]}}],"collection":[{"href":"https:\/\/bien-etreiris.ch\/de\/wp-json\/wp\/v2\/pages"}],"about":[{"href":"https:\/\/bien-etreiris.ch\/de\/wp-json\/wp\/v2\/types\/page"}],"author":[{"embeddable":true,"href":"https:\/\/bien-etreiris.ch\/de\/wp-json\/wp\/v2\/users\/1"}],"replies":[{"embeddable":true,"href":"https:\/\/bien-etreiris.ch\/de\/wp-json\/wp\/v2\/comments?post=63763"}],"version-history":[{"count":1,"href":"https:\/\/bien-etreiris.ch\/de\/wp-json\/wp\/v2\/pages\/63763\/revisions"}],"predecessor-version":[{"id":63765,"href":"https:\/\/bien-etreiris.ch\/de\/wp-json\/wp\/v2\/pages\/63763\/revisions\/63765"}],"up":[{"embeddable":true,"href":"https:\/\/bien-etreiris.ch\/de\/wp-json\/wp\/v2\/pages\/60901"}],"wp:featuredmedia":[{"embeddable":true,"href":"https:\/\/bien-etreiris.ch\/de\/wp-json\/wp\/v2\/media\/63747"}],"wp:attachment":[{"href":"https:\/\/bien-etreiris.ch\/de\/wp-json\/wp\/v2\/media?parent=63763"}],"curies":[{"name":"wp","href":"https:\/\/api.w.org\/{rel}","templated":true}]}}