{"id":63654,"date":"2022-07-26T17:46:51","date_gmt":"2022-07-26T15:46:51","guid":{"rendered":"https:\/\/bien-etreiris.ch\/ratgeber-klarheit-beratung\/gesunder-lebensstil\/naehrstoffe\/recettes\/riz-gaba\/"},"modified":"2024-08-10T00:06:50","modified_gmt":"2024-08-09T22:06:50","slug":"riz-gaba","status":"publish","type":"page","link":"https:\/\/bien-etreiris.ch\/de\/produktpraesentation\/gesundes-leben\/gesunde-lebensmittel\/superfoods\/keimen\/keimsaaten\/riz-gaba\/","title":{"rendered":"RIZ GABA"},"content":{"rendered":"\n<h2>Fabriquer soi-m\u00eame du riz GABA<\/h2>\n<p><a href=\"https:\/\/bien-etreiris.ch\/wp-content\/uploads\/2022\/07\/riz-germer.jpg\"><img loading=\"lazy\" decoding=\"async\" class=\"alignnone size-full wp-image-57746\" src=\"https:\/\/bien-etreiris.ch\/wp-content\/uploads\/2022\/07\/riz-germer.jpg\" alt=\"\" width=\"345\" height=\"240\" srcset=\"https:\/\/bien-etreiris.ch\/wp-content\/uploads\/2022\/07\/riz-germer.jpg 345w, https:\/\/bien-etreiris.ch\/wp-content\/uploads\/2022\/07\/riz-germer-300x209.jpg 300w\" sizes=\"auto, (max-width: 345px) 100vw, 345px\" \/><\/a><\/p>\n<p>Vous pouvez acheter du riz GABA pr\u00eat \u00e0 l'emploi ou le pr\u00e9parer vous-m\u00eame. Essayez-le tout simplement et vous serez enthousiasm\u00e9 ! En effet, outre les avantages pour la sant\u00e9 d\u00e9j\u00e0 d\u00e9crits, le riz GABA est plus tendre et plus facile \u00e0 dig\u00e9rer que le riz complet et son go\u00fbt est ph\u00e9nom\u00e9nal en raison de sa note de noisette. ( 14 )<\/p>\n<h4><br>1. la m\u00e9thode de l'eau chaude :<\/h4>\n<p>Il est possible de faire du riz GABA avec pratiquement n'importe quel riz naturel capable de germer. Pour ce faire, il suffit de faire tremper le riz naturel lav\u00e9 dans de l'eau \u00e0 une temp\u00e9rature constante de 35 \u00e0 40 \u00b0C pendant 10 \u00e0 12 heures. Il est important de changer l'eau toutes les 3 \u00e0 4 heures pendant la p\u00e9riode de trempage afin d'\u00e9viter une fermentation qui s'accompagnerait d'une odeur d\u00e9sagr\u00e9able.<\/p>\n<p>L'eau est ensuite \u00e9vacu\u00e9e et les granul\u00e9s sont maintenus humides pendant 20 \u00e0 24 heures suppl\u00e9mentaires. Des analyses ont montr\u00e9 que la teneur en GABA est la plus \u00e9lev\u00e9e lorsque la dur\u00e9e de germination est de 21 heures. Le meilleur moment pour la r\u00e9colte est atteint lorsque le germe mesure entre 0,5 et 1 millim\u00e8tre de long.<\/p>\n<p>S'il vous semble trop compliqu\u00e9 de r\u00e9aliser la m\u00e9thode GABA sur la cuisini\u00e8re, il existe d\u00e9sormais des cuiseurs \u00e0 riz avec fonction GABA. Mais vous pouvez \u00e9galement utiliser une m\u00e9thode \u00e0 l'eau froide.<\/p>\n<h4><br>2. m\u00e9thode de l'eau froide :<\/h4>\n<p>Mettez le riz naturel lav\u00e9 dans un germoir, remplissez-le de trois fois son volume d'eau et laissez les grains gonfler \u00e0 temp\u00e9rature ambiante pendant 12 heures en les couvrant d'un linge. Ensuite, \u00e9gouttez l'eau, remplissez \u00e0 nouveau le bocal d'eau fra\u00eeche, faites bien tourner le bocal pour que le riz soit bien rinc\u00e9 et \u00e9gouttez \u00e0 nouveau l'eau.<\/p>\n<p>Placez maintenant le bocal inclin\u00e9 dans un endroit clair (pas \u00e0 la lumi\u00e8re directe du soleil) pour la germination. Rincez les grains au moins deux fois par jour. Apr\u00e8s 3 \u00e0 4 jours, vous pouvez r\u00e9colter les germes.<\/p>\n<p>Vous pouvez cuisiner un d\u00e9licieux plat avec le riz germ\u00e9 ou, dans l'esprit des crudit\u00e9s, consommer les pousses non cuites, par exemple dans une salade color\u00e9e. Si vous souhaitez vous constituer une petite r\u00e9serve de riz GABA, vous pouvez parfaitement le faire s\u00e9cher dans un d\u00e9shydrateur. Vous trouverez d'autres informations int\u00e9ressantes sous : D\u00e9shydrateur - aliments pour le stockage \u00e0 long terme.<\/p>\n<p>&nbsp;<\/p>\n<p>&nbsp;<\/p>\n<h4><a href=\"https:\/\/bien-etreiris.ch\/de\/produktpraesentation\/gesundes-leben\/gesunde-lebensmittel\/getreide-2\/varietes-de-riz\/\" target=\"_blank\" rel=\"noopener\"><em><span style=\"color: #ff9900;\">Cliquez ici pour acheter notre riz en vrac<\/span><\/em><\/a><\/h4>\n<h4><a href=\"https:\/\/bien-etreiris.ch\/de\/ratgeber-klarheit-beratung\/gesunder-lebensstil\/naehrstoffe\/lebensmittel\/zwischen-getreide\/getreide\/reis\/\" target=\"_blank\" rel=\"noopener\"><em><span style=\"color: #ff9900;\"><span style=\"color: #99cc00;\">Pour savoir plus sur le riz cliquez ici<\/span><\/span><\/em><\/a><\/h4>\n","protected":false},"excerpt":{"rendered":"<p>Fabriquer soi-m\u00eame du riz GABA Vous pouvez acheter du riz GABA pr\u00eat \u00e0 l'emploi ou le pr\u00e9parer vous-m\u00eame. Essayez-le tout simplement et vous serez enthousiasm\u00e9 ! En effet, outre les avantages pour la sant\u00e9 d\u00e9j\u00e0 d\u00e9crits, le riz GABA est plus tendre et plus facile \u00e0 dig\u00e9rer que le riz complet et son go\u00fbt est ph\u00e9nom\u00e9nal en raison de sa&nbsp;<a href=\"https:\/\/bien-etreiris.ch\/de\/produktpraesentation\/gesundes-leben\/gesunde-lebensmittel\/superfoods\/keimen\/keimsaaten\/riz-gaba\/\" class=\"read-more\">Weiter lesen<\/a><\/p>\n","protected":false},"author":1,"featured_media":63685,"parent":34173,"menu_order":4636,"comment_status":"closed","ping_status":"closed","template":"page-with-child.php","meta":{"_acf_changed":false,"ngg_post_thumbnail":0,"footnotes":""},"class_list":["post-63654","page","type-page","status-publish","has-post-thumbnail","hentry"],"acf":[],"yoast_head":"<!-- This site is optimized with the Yoast SEO plugin v27.5 - https:\/\/yoast.com\/product\/yoast-seo-wordpress\/ -->\n<title>RIZ GABA - WOHLBEFINDEN<\/title>\n<meta name=\"robots\" content=\"index, follow, max-snippet:-1, max-image-preview:large, max-video-preview:-1\" \/>\n<link rel=\"canonical\" href=\"https:\/\/bien-etreiris.ch\/de\/produktpraesentation\/gesundes-leben\/gesunde-lebensmittel\/superfoods\/keimen\/keimsaaten\/riz-gaba\/\" \/>\n<meta property=\"og:locale\" content=\"de_DE\" \/>\n<meta property=\"og:type\" content=\"article\" \/>\n<meta property=\"og:title\" content=\"RIZ GABA - WOHLBEFINDEN\" \/>\n<meta property=\"og:description\" content=\"Fabriquer soi-m\u00eame du riz GABA Vous pouvez acheter du riz GABA pr\u00eat \u00e0 l&#039;emploi ou le pr\u00e9parer vous-m\u00eame. Essayez-le tout simplement et vous serez enthousiasm\u00e9 ! En effet, outre les avantages pour la sant\u00e9 d\u00e9j\u00e0 d\u00e9crits, le riz GABA est plus tendre et plus facile \u00e0 dig\u00e9rer que le riz complet et son go\u00fbt est ph\u00e9nom\u00e9nal en raison de sa&nbsp;Weiter lesen\" \/>\n<meta property=\"og:url\" content=\"https:\/\/bien-etreiris.ch\/de\/produktpraesentation\/gesundes-leben\/gesunde-lebensmittel\/superfoods\/keimen\/keimsaaten\/riz-gaba\/\" \/>\n<meta property=\"og:site_name\" content=\"WOHLBEFINDEN\" \/>\n<meta property=\"article:publisher\" content=\"https:\/\/www.facebook.com\/bienetreiris\/\" \/>\n<meta property=\"article:modified_time\" content=\"2024-08-09T22:06:50+00:00\" \/>\n<meta property=\"og:image\" content=\"https:\/\/bien-etreiris.ch\/wp-content\/uploads\/2023\/01\/acceuil-riz-gaba-2.jpg\" \/>\n\t<meta property=\"og:image:width\" content=\"550\" \/>\n\t<meta property=\"og:image:height\" content=\"362\" \/>\n\t<meta property=\"og:image:type\" content=\"image\/jpeg\" \/>\n<meta name=\"twitter:label1\" content=\"Gesch\u00e4tzte Lesezeit\" \/>\n\t<meta name=\"twitter:data1\" content=\"3\u00a0Minuten\" \/>\n<script type=\"application\/ld+json\" class=\"yoast-schema-graph\">{\"@context\":\"https:\\\/\\\/schema.org\",\"@graph\":[{\"@type\":\"WebPage\",\"@id\":\"https:\\\/\\\/bien-etreiris.ch\\\/de\\\/produktpraesentation\\\/gesundes-leben\\\/gesunde-lebensmittel\\\/superfoods\\\/keimen\\\/keimsaaten\\\/riz-gaba\\\/\",\"url\":\"https:\\\/\\\/bien-etreiris.ch\\\/de\\\/produktpraesentation\\\/gesundes-leben\\\/gesunde-lebensmittel\\\/superfoods\\\/keimen\\\/keimsaaten\\\/riz-gaba\\\/\",\"name\":\"RIZ GABA - WOHLBEFINDEN\",\"isPartOf\":{\"@id\":\"https:\\\/\\\/bien-etreiris.ch\\\/de\\\/#website\"},\"primaryImageOfPage\":{\"@id\":\"https:\\\/\\\/bien-etreiris.ch\\\/de\\\/produktpraesentation\\\/gesundes-leben\\\/gesunde-lebensmittel\\\/superfoods\\\/keimen\\\/keimsaaten\\\/riz-gaba\\\/#primaryimage\"},\"image\":{\"@id\":\"https:\\\/\\\/bien-etreiris.ch\\\/de\\\/produktpraesentation\\\/gesundes-leben\\\/gesunde-lebensmittel\\\/superfoods\\\/keimen\\\/keimsaaten\\\/riz-gaba\\\/#primaryimage\"},\"thumbnailUrl\":\"https:\\\/\\\/bien-etreiris.ch\\\/wp-content\\\/uploads\\\/2023\\\/01\\\/acceuil-riz-gaba-2.jpg\",\"datePublished\":\"2022-07-26T15:46:51+00:00\",\"dateModified\":\"2024-08-09T22:06:50+00:00\",\"breadcrumb\":{\"@id\":\"https:\\\/\\\/bien-etreiris.ch\\\/de\\\/produktpraesentation\\\/gesundes-leben\\\/gesunde-lebensmittel\\\/superfoods\\\/keimen\\\/keimsaaten\\\/riz-gaba\\\/#breadcrumb\"},\"inLanguage\":\"de\",\"potentialAction\":[{\"@type\":\"ReadAction\",\"target\":[\"https:\\\/\\\/bien-etreiris.ch\\\/de\\\/produktpraesentation\\\/gesundes-leben\\\/gesunde-lebensmittel\\\/superfoods\\\/keimen\\\/keimsaaten\\\/riz-gaba\\\/\"]}]},{\"@type\":\"ImageObject\",\"inLanguage\":\"de\",\"@id\":\"https:\\\/\\\/bien-etreiris.ch\\\/de\\\/produktpraesentation\\\/gesundes-leben\\\/gesunde-lebensmittel\\\/superfoods\\\/keimen\\\/keimsaaten\\\/riz-gaba\\\/#primaryimage\",\"url\":\"https:\\\/\\\/bien-etreiris.ch\\\/wp-content\\\/uploads\\\/2023\\\/01\\\/acceuil-riz-gaba-2.jpg\",\"contentUrl\":\"https:\\\/\\\/bien-etreiris.ch\\\/wp-content\\\/uploads\\\/2023\\\/01\\\/acceuil-riz-gaba-2.jpg\",\"width\":550,\"height\":362},{\"@type\":\"BreadcrumbList\",\"@id\":\"https:\\\/\\\/bien-etreiris.ch\\\/de\\\/produktpraesentation\\\/gesundes-leben\\\/gesunde-lebensmittel\\\/superfoods\\\/keimen\\\/keimsaaten\\\/riz-gaba\\\/#breadcrumb\",\"itemListElement\":[{\"@type\":\"ListItem\",\"position\":1,\"name\":\"Home\",\"item\":\"https:\\\/\\\/bien-etreiris.ch\\\/de\\\/\"},{\"@type\":\"ListItem\",\"position\":2,\"name\":\"PRODUKTPR\u00c4SENTATION\",\"item\":\"https:\\\/\\\/bien-etreiris.ch\\\/de\\\/produktpraesentation\\\/\"},{\"@type\":\"ListItem\",\"position\":3,\"name\":\"GESUNDES LEBEN\",\"item\":\"https:\\\/\\\/bien-etreiris.ch\\\/de\\\/produktpraesentation\\\/gesundes-leben\\\/\"},{\"@type\":\"ListItem\",\"position\":4,\"name\":\"GESUNDE LEBENSMITTEL\",\"item\":\"https:\\\/\\\/bien-etreiris.ch\\\/de\\\/produktpraesentation\\\/gesundes-leben\\\/gesunde-lebensmittel\\\/\"},{\"@type\":\"ListItem\",\"position\":5,\"name\":\"SUPERFOODS\",\"item\":\"https:\\\/\\\/bien-etreiris.ch\\\/de\\\/produktpraesentation\\\/gesundes-leben\\\/gesunde-lebensmittel\\\/superfoods\\\/\"},{\"@type\":\"ListItem\",\"position\":6,\"name\":\"KEIMEN\",\"item\":\"https:\\\/\\\/bien-etreiris.ch\\\/de\\\/produktpraesentation\\\/gesundes-leben\\\/gesunde-lebensmittel\\\/superfoods\\\/keimen\\\/\"},{\"@type\":\"ListItem\",\"position\":7,\"name\":\"KEIMSAATEN\",\"item\":\"https:\\\/\\\/bien-etreiris.ch\\\/de\\\/produktpraesentation\\\/gesundes-leben\\\/gesunde-lebensmittel\\\/superfoods\\\/keimen\\\/keimsaaten\\\/\"},{\"@type\":\"ListItem\",\"position\":8,\"name\":\"RIZ GABA\"}]},{\"@type\":\"WebSite\",\"@id\":\"https:\\\/\\\/bien-etreiris.ch\\\/de\\\/#website\",\"url\":\"https:\\\/\\\/bien-etreiris.ch\\\/de\\\/\",\"name\":\"Bien-\u00eatre Iris\",\"description\":\"IHRE Gesundheit ist uns wichtig\",\"potentialAction\":[{\"@type\":\"SearchAction\",\"target\":{\"@type\":\"EntryPoint\",\"urlTemplate\":\"https:\\\/\\\/bien-etreiris.ch\\\/de\\\/?s={search_term_string}\"},\"query-input\":{\"@type\":\"PropertyValueSpecification\",\"valueRequired\":true,\"valueName\":\"search_term_string\"}}],\"inLanguage\":\"de\"}]}<\/script>\n<!-- \/ Yoast SEO plugin. -->","yoast_head_json":{"title":"RIZ GABA - WOHLBEFINDEN","robots":{"index":"index","follow":"follow","max-snippet":"max-snippet:-1","max-image-preview":"max-image-preview:large","max-video-preview":"max-video-preview:-1"},"canonical":"https:\/\/bien-etreiris.ch\/de\/produktpraesentation\/gesundes-leben\/gesunde-lebensmittel\/superfoods\/keimen\/keimsaaten\/riz-gaba\/","og_locale":"de_DE","og_type":"article","og_title":"RIZ GABA - WOHLBEFINDEN","og_description":"Fabriquer soi-m\u00eame du riz GABA Vous pouvez acheter du riz GABA pr\u00eat \u00e0 l'emploi ou le pr\u00e9parer vous-m\u00eame. Essayez-le tout simplement et vous serez enthousiasm\u00e9 ! En effet, outre les avantages pour la sant\u00e9 d\u00e9j\u00e0 d\u00e9crits, le riz GABA est plus tendre et plus facile \u00e0 dig\u00e9rer que le riz complet et son go\u00fbt est ph\u00e9nom\u00e9nal en raison de sa&nbsp;Weiter lesen","og_url":"https:\/\/bien-etreiris.ch\/de\/produktpraesentation\/gesundes-leben\/gesunde-lebensmittel\/superfoods\/keimen\/keimsaaten\/riz-gaba\/","og_site_name":"WOHLBEFINDEN","article_publisher":"https:\/\/www.facebook.com\/bienetreiris\/","article_modified_time":"2024-08-09T22:06:50+00:00","og_image":[{"width":550,"height":362,"url":"https:\/\/bien-etreiris.ch\/wp-content\/uploads\/2023\/01\/acceuil-riz-gaba-2.jpg","type":"image\/jpeg"}],"twitter_misc":{"Gesch\u00e4tzte Lesezeit":"3\u00a0Minuten"},"schema":{"@context":"https:\/\/schema.org","@graph":[{"@type":"WebPage","@id":"https:\/\/bien-etreiris.ch\/de\/produktpraesentation\/gesundes-leben\/gesunde-lebensmittel\/superfoods\/keimen\/keimsaaten\/riz-gaba\/","url":"https:\/\/bien-etreiris.ch\/de\/produktpraesentation\/gesundes-leben\/gesunde-lebensmittel\/superfoods\/keimen\/keimsaaten\/riz-gaba\/","name":"RIZ GABA - WOHLBEFINDEN","isPartOf":{"@id":"https:\/\/bien-etreiris.ch\/de\/#website"},"primaryImageOfPage":{"@id":"https:\/\/bien-etreiris.ch\/de\/produktpraesentation\/gesundes-leben\/gesunde-lebensmittel\/superfoods\/keimen\/keimsaaten\/riz-gaba\/#primaryimage"},"image":{"@id":"https:\/\/bien-etreiris.ch\/de\/produktpraesentation\/gesundes-leben\/gesunde-lebensmittel\/superfoods\/keimen\/keimsaaten\/riz-gaba\/#primaryimage"},"thumbnailUrl":"https:\/\/bien-etreiris.ch\/wp-content\/uploads\/2023\/01\/acceuil-riz-gaba-2.jpg","datePublished":"2022-07-26T15:46:51+00:00","dateModified":"2024-08-09T22:06:50+00:00","breadcrumb":{"@id":"https:\/\/bien-etreiris.ch\/de\/produktpraesentation\/gesundes-leben\/gesunde-lebensmittel\/superfoods\/keimen\/keimsaaten\/riz-gaba\/#breadcrumb"},"inLanguage":"de","potentialAction":[{"@type":"ReadAction","target":["https:\/\/bien-etreiris.ch\/de\/produktpraesentation\/gesundes-leben\/gesunde-lebensmittel\/superfoods\/keimen\/keimsaaten\/riz-gaba\/"]}]},{"@type":"ImageObject","inLanguage":"de","@id":"https:\/\/bien-etreiris.ch\/de\/produktpraesentation\/gesundes-leben\/gesunde-lebensmittel\/superfoods\/keimen\/keimsaaten\/riz-gaba\/#primaryimage","url":"https:\/\/bien-etreiris.ch\/wp-content\/uploads\/2023\/01\/acceuil-riz-gaba-2.jpg","contentUrl":"https:\/\/bien-etreiris.ch\/wp-content\/uploads\/2023\/01\/acceuil-riz-gaba-2.jpg","width":550,"height":362},{"@type":"BreadcrumbList","@id":"https:\/\/bien-etreiris.ch\/de\/produktpraesentation\/gesundes-leben\/gesunde-lebensmittel\/superfoods\/keimen\/keimsaaten\/riz-gaba\/#breadcrumb","itemListElement":[{"@type":"ListItem","position":1,"name":"Home","item":"https:\/\/bien-etreiris.ch\/de\/"},{"@type":"ListItem","position":2,"name":"PRODUKTPR\u00c4SENTATION","item":"https:\/\/bien-etreiris.ch\/de\/produktpraesentation\/"},{"@type":"ListItem","position":3,"name":"GESUNDES LEBEN","item":"https:\/\/bien-etreiris.ch\/de\/produktpraesentation\/gesundes-leben\/"},{"@type":"ListItem","position":4,"name":"GESUNDE LEBENSMITTEL","item":"https:\/\/bien-etreiris.ch\/de\/produktpraesentation\/gesundes-leben\/gesunde-lebensmittel\/"},{"@type":"ListItem","position":5,"name":"SUPERFOODS","item":"https:\/\/bien-etreiris.ch\/de\/produktpraesentation\/gesundes-leben\/gesunde-lebensmittel\/superfoods\/"},{"@type":"ListItem","position":6,"name":"KEIMEN","item":"https:\/\/bien-etreiris.ch\/de\/produktpraesentation\/gesundes-leben\/gesunde-lebensmittel\/superfoods\/keimen\/"},{"@type":"ListItem","position":7,"name":"KEIMSAATEN","item":"https:\/\/bien-etreiris.ch\/de\/produktpraesentation\/gesundes-leben\/gesunde-lebensmittel\/superfoods\/keimen\/keimsaaten\/"},{"@type":"ListItem","position":8,"name":"RIZ GABA"}]},{"@type":"WebSite","@id":"https:\/\/bien-etreiris.ch\/de\/#website","url":"https:\/\/bien-etreiris.ch\/de\/","name":"Bien-\u00eatre Iris","description":"IHRE Gesundheit ist uns wichtig","potentialAction":[{"@type":"SearchAction","target":{"@type":"EntryPoint","urlTemplate":"https:\/\/bien-etreiris.ch\/de\/?s={search_term_string}"},"query-input":{"@type":"PropertyValueSpecification","valueRequired":true,"valueName":"search_term_string"}}],"inLanguage":"de"}]}},"_links":{"self":[{"href":"https:\/\/bien-etreiris.ch\/de\/wp-json\/wp\/v2\/pages\/63654","targetHints":{"allow":["GET"]}}],"collection":[{"href":"https:\/\/bien-etreiris.ch\/de\/wp-json\/wp\/v2\/pages"}],"about":[{"href":"https:\/\/bien-etreiris.ch\/de\/wp-json\/wp\/v2\/types\/page"}],"author":[{"embeddable":true,"href":"https:\/\/bien-etreiris.ch\/de\/wp-json\/wp\/v2\/users\/1"}],"replies":[{"embeddable":true,"href":"https:\/\/bien-etreiris.ch\/de\/wp-json\/wp\/v2\/comments?post=63654"}],"version-history":[{"count":5,"href":"https:\/\/bien-etreiris.ch\/de\/wp-json\/wp\/v2\/pages\/63654\/revisions"}],"predecessor-version":[{"id":86974,"href":"https:\/\/bien-etreiris.ch\/de\/wp-json\/wp\/v2\/pages\/63654\/revisions\/86974"}],"up":[{"embeddable":true,"href":"https:\/\/bien-etreiris.ch\/de\/wp-json\/wp\/v2\/pages\/34173"}],"wp:featuredmedia":[{"embeddable":true,"href":"https:\/\/bien-etreiris.ch\/de\/wp-json\/wp\/v2\/media\/63685"}],"wp:attachment":[{"href":"https:\/\/bien-etreiris.ch\/de\/wp-json\/wp\/v2\/media?parent=63654"}],"curies":[{"name":"wp","href":"https:\/\/api.w.org\/{rel}","templated":true}]}}