{"id":63635,"date":"2023-01-05T10:29:36","date_gmt":"2023-01-05T08:29:36","guid":{"rendered":"https:\/\/bien-etreiris.ch\/produktpraesentation\/natuerliche-heilmittel\/saeure-basen-haushalt\/wurzelkraft\/green-smoothie\/"},"modified":"2023-01-05T10:34:03","modified_gmt":"2023-01-05T08:34:03","slug":"green-smoothie","status":"publish","type":"page","link":"https:\/\/bien-etreiris.ch\/de\/produktpraesentation\/natuerliche-heilmittel\/saeure-basen-haushalt\/wurzelkraft\/green-smoothie\/","title":{"rendered":"GREEN SMOOTHIE"},"content":{"rendered":"\n<h2 class=\"hyphenate container\">Green smoothie<\/h2>\n<p><iframe loading=\"lazy\" title=\"\u201eImmunstark besser durchs Leben&quot;: WurzelKraft Immunbooster Green Smoothie\" width=\"604\" height=\"340\" src=\"https:\/\/www.youtube.com\/embed\/y6l_RV65uqk?feature=oembed\" frameborder=\"0\" allow=\"accelerometer; autoplay; clipboard-write; encrypted-media; gyroscope; picture-in-picture; web-share\" referrerpolicy=\"strict-origin-when-cross-origin\" allowfullscreen><\/iframe><\/p>\n\n\n\n<p>&nbsp;<\/p>\n<div class=\"flex-container element-margin\">\n<div class=\"recipe-ingredients\">\n<h4 class=\"headline\">Ingr\u00e9dients pour 2 verres<\/h4>\n<div>&nbsp;<\/div>\n<table class=\"tablesaw tablesaw-stack table-recipe\" style=\"width: 41.7857%;\" data-tablesaw-mode=\"stack\">\n<tbody>\n<tr>\n<td class=\"value\" style=\"width: 16.1905%;\">1<\/td>\n<td class=\"recipe-ingredient\" style=\"width: 24.6429%;\">banane m\u00fbre<\/td>\n<\/tr>\n<tr>\n<td class=\"value\" style=\"width: 16.1905%;\">1\/2<\/td>\n<td class=\"recipe-ingredient\" style=\"width: 24.6429%;\">pomme<\/td>\n<\/tr>\n<tr>\n<td class=\"value\" style=\"width: 16.1905%;\">1\/2<\/td>\n<td class=\"recipe-ingredient\" style=\"width: 24.6429%;\">avocat<\/td>\n<\/tr>\n<tr>\n<td class=\"value\" style=\"width: 16.1905%;\">20 g<\/td>\n<td class=\"recipe-ingredient\" style=\"width: 24.6429%;\">de noix du Br\u00e9sil<\/td>\n<\/tr>\n<tr>\n<td class=\"value\" style=\"width: 16.1905%;\">15 g<\/td>\n<td class=\"recipe-ingredient\" style=\"width: 24.6429%;\">de gingembre<\/td>\n<\/tr>\n<tr>\n<td class=\"value\" style=\"width: 16.1905%;\">50 g<\/td>\n<td class=\"recipe-ingredient\" style=\"width: 24.6429%;\">de jeunes \u00e9pinards<\/td>\n<\/tr>\n<tr>\n<td class=\"value\" style=\"width: 16.1905%;\">1<\/td>\n<td class=\"recipe-ingredient\" style=\"width: 24.6429%;\">citron<\/td>\n<\/tr>\n<tr>\n<td class=\"value\" style=\"width: 16.1905%;\">200 \u2013 300 ml<\/td>\n<td class=\"recipe-ingredient\" style=\"width: 24.6429%;\">d\u2019eau<\/td>\n<\/tr>\n<tr>\n<td class=\"value\" style=\"width: 16.1905%;\">2 CC<\/td>\n<td class=\"recipe-ingredient\" style=\"width: 24.6429%;\">d\u2019AlcaVie<\/td>\n<\/tr>\n<\/tbody>\n<\/table>\n<\/div>\n<div class=\"recipe-preparation\">\n<div>&nbsp;<\/div>\n<div>&nbsp;<\/div>\n<h4 class=\"headline\">Pr\u00e9paration<\/h4>\n<p>\u00c9plucher le morceau de gingembre et presser le citron. Laver les \u00e9pinards. Couper une pomme et un avocat en deux. Couper une moiti\u00e9 de chaque fruit en gros morceaux. Mettre tous les ingr\u00e9dients dans un robot mixeur et ajouter 200 \u00e0 300 ml d\u2019eau selon le besoin. Mixer pendant une minute jusqu\u2019\u00e0 l\u2019obtention d\u2019une consistance cr\u00e9meuse.<\/p>\n<p>Verser le smoothie dans deux verres. Ajouter alors une cuill\u00e8re \u00e0 caf\u00e9 d\u2019AlcaVie dans chaque verre et remuer.<\/p>\n<p>Badigeonner les surfaces des moiti\u00e9s de pomme et d\u2019avocat restantes avec un peu de jus de citron et les envelopper dans du papier \u00e0 la cire d'abeille. Conserver au r\u00e9frig\u00e9rateur pour le lendemain.<\/p>\n<\/div>\n<\/div>\n","protected":false},"excerpt":{"rendered":"<p>Green smoothie &nbsp; Ingr\u00e9dients pour 2 verres &nbsp; 1 banane m\u00fbre 1\/2 pomme 1\/2 avocat 20 g de noix du Br\u00e9sil 15 g de gingembre 50 g de jeunes \u00e9pinards 1 citron 200 \u2013 300 ml d\u2019eau 2 CC d\u2019AlcaVie &nbsp; &nbsp; Pr\u00e9paration \u00c9plucher le morceau de gingembre et presser le citron. Laver les \u00e9pinards. Couper une pomme et un&nbsp;<a href=\"https:\/\/bien-etreiris.ch\/de\/produktpraesentation\/natuerliche-heilmittel\/saeure-basen-haushalt\/wurzelkraft\/green-smoothie\/\" class=\"read-more\">Weiter lesen<\/a><\/p>\n","protected":false},"author":1,"featured_media":63632,"parent":13815,"menu_order":4194,"comment_status":"closed","ping_status":"closed","template":"page-with-child.php","meta":{"_acf_changed":false,"ngg_post_thumbnail":0,"footnotes":""},"class_list":["post-63635","page","type-page","status-publish","has-post-thumbnail","hentry"],"acf":[],"yoast_head":"<!-- This site is optimized with the Yoast SEO plugin v27.5 - https:\/\/yoast.com\/product\/yoast-seo-wordpress\/ -->\n<title>GREEN SMOOTHIE - WOHLBEFINDEN<\/title>\n<meta name=\"robots\" content=\"index, follow, max-snippet:-1, max-image-preview:large, max-video-preview:-1\" \/>\n<link rel=\"canonical\" href=\"https:\/\/bien-etreiris.ch\/de\/produktpraesentation\/natuerliche-heilmittel\/saeure-basen-haushalt\/wurzelkraft\/green-smoothie\/\" \/>\n<meta property=\"og:locale\" content=\"de_DE\" \/>\n<meta property=\"og:type\" content=\"article\" \/>\n<meta property=\"og:title\" content=\"GREEN SMOOTHIE - WOHLBEFINDEN\" \/>\n<meta property=\"og:description\" content=\"Green smoothie &nbsp; Ingr\u00e9dients pour 2 verres &nbsp; 1 banane m\u00fbre 1\/2 pomme 1\/2 avocat 20 g de noix du Br\u00e9sil 15 g de gingembre 50 g de jeunes \u00e9pinards 1 citron 200 \u2013 300 ml d\u2019eau 2 CC d\u2019AlcaVie &nbsp; &nbsp; Pr\u00e9paration \u00c9plucher le morceau de gingembre et presser le citron. Laver les \u00e9pinards. Couper une pomme et un&nbsp;Weiter lesen\" \/>\n<meta property=\"og:url\" content=\"https:\/\/bien-etreiris.ch\/de\/produktpraesentation\/natuerliche-heilmittel\/saeure-basen-haushalt\/wurzelkraft\/green-smoothie\/\" \/>\n<meta property=\"og:site_name\" content=\"WOHLBEFINDEN\" \/>\n<meta property=\"article:publisher\" content=\"https:\/\/www.facebook.com\/bienetreiris\/\" \/>\n<meta property=\"article:modified_time\" content=\"2023-01-05T08:34:03+00:00\" \/>\n<meta property=\"og:image\" content=\"https:\/\/bien-etreiris.ch\/wp-content\/uploads\/2023\/01\/Green-smoothie.jpg\" \/>\n\t<meta property=\"og:image:width\" content=\"500\" \/>\n\t<meta property=\"og:image:height\" content=\"341\" \/>\n\t<meta property=\"og:image:type\" content=\"image\/jpeg\" \/>\n<meta name=\"twitter:label1\" content=\"Gesch\u00e4tzte Lesezeit\" \/>\n\t<meta name=\"twitter:data1\" content=\"1\u00a0Minute\" \/>\n<script type=\"application\/ld+json\" class=\"yoast-schema-graph\">{\"@context\":\"https:\\\/\\\/schema.org\",\"@graph\":[{\"@type\":\"WebPage\",\"@id\":\"https:\\\/\\\/bien-etreiris.ch\\\/de\\\/produktpraesentation\\\/natuerliche-heilmittel\\\/saeure-basen-haushalt\\\/wurzelkraft\\\/green-smoothie\\\/\",\"url\":\"https:\\\/\\\/bien-etreiris.ch\\\/de\\\/produktpraesentation\\\/natuerliche-heilmittel\\\/saeure-basen-haushalt\\\/wurzelkraft\\\/green-smoothie\\\/\",\"name\":\"GREEN SMOOTHIE - WOHLBEFINDEN\",\"isPartOf\":{\"@id\":\"https:\\\/\\\/bien-etreiris.ch\\\/de\\\/#website\"},\"primaryImageOfPage\":{\"@id\":\"https:\\\/\\\/bien-etreiris.ch\\\/de\\\/produktpraesentation\\\/natuerliche-heilmittel\\\/saeure-basen-haushalt\\\/wurzelkraft\\\/green-smoothie\\\/#primaryimage\"},\"image\":{\"@id\":\"https:\\\/\\\/bien-etreiris.ch\\\/de\\\/produktpraesentation\\\/natuerliche-heilmittel\\\/saeure-basen-haushalt\\\/wurzelkraft\\\/green-smoothie\\\/#primaryimage\"},\"thumbnailUrl\":\"https:\\\/\\\/bien-etreiris.ch\\\/wp-content\\\/uploads\\\/2023\\\/01\\\/Green-smoothie.jpg\",\"datePublished\":\"2023-01-05T08:29:36+00:00\",\"dateModified\":\"2023-01-05T08:34:03+00:00\",\"breadcrumb\":{\"@id\":\"https:\\\/\\\/bien-etreiris.ch\\\/de\\\/produktpraesentation\\\/natuerliche-heilmittel\\\/saeure-basen-haushalt\\\/wurzelkraft\\\/green-smoothie\\\/#breadcrumb\"},\"inLanguage\":\"de\",\"potentialAction\":[{\"@type\":\"ReadAction\",\"target\":[\"https:\\\/\\\/bien-etreiris.ch\\\/de\\\/produktpraesentation\\\/natuerliche-heilmittel\\\/saeure-basen-haushalt\\\/wurzelkraft\\\/green-smoothie\\\/\"]}]},{\"@type\":\"ImageObject\",\"inLanguage\":\"de\",\"@id\":\"https:\\\/\\\/bien-etreiris.ch\\\/de\\\/produktpraesentation\\\/natuerliche-heilmittel\\\/saeure-basen-haushalt\\\/wurzelkraft\\\/green-smoothie\\\/#primaryimage\",\"url\":\"https:\\\/\\\/bien-etreiris.ch\\\/wp-content\\\/uploads\\\/2023\\\/01\\\/Green-smoothie.jpg\",\"contentUrl\":\"https:\\\/\\\/bien-etreiris.ch\\\/wp-content\\\/uploads\\\/2023\\\/01\\\/Green-smoothie.jpg\",\"width\":500,\"height\":341},{\"@type\":\"BreadcrumbList\",\"@id\":\"https:\\\/\\\/bien-etreiris.ch\\\/de\\\/produktpraesentation\\\/natuerliche-heilmittel\\\/saeure-basen-haushalt\\\/wurzelkraft\\\/green-smoothie\\\/#breadcrumb\",\"itemListElement\":[{\"@type\":\"ListItem\",\"position\":1,\"name\":\"Home\",\"item\":\"https:\\\/\\\/bien-etreiris.ch\\\/de\\\/\"},{\"@type\":\"ListItem\",\"position\":2,\"name\":\"PRODUKTPR\u00c4SENTATION\",\"item\":\"https:\\\/\\\/bien-etreiris.ch\\\/de\\\/produktpraesentation\\\/\"},{\"@type\":\"ListItem\",\"position\":3,\"name\":\"NAT\u00dcRLICHE HEILMITTEL\",\"item\":\"https:\\\/\\\/bien-etreiris.ch\\\/de\\\/produktpraesentation\\\/natuerliche-heilmittel\\\/\"},{\"@type\":\"ListItem\",\"position\":4,\"name\":\"S\u00c4URE-BASEN-HAUSHALT\",\"item\":\"https:\\\/\\\/bien-etreiris.ch\\\/de\\\/produktpraesentation\\\/natuerliche-heilmittel\\\/saeure-basen-haushalt\\\/\"},{\"@type\":\"ListItem\",\"position\":5,\"name\":\"WURZELKRAFT\",\"item\":\"https:\\\/\\\/bien-etreiris.ch\\\/de\\\/produktpraesentation\\\/natuerliche-heilmittel\\\/saeure-basen-haushalt\\\/wurzelkraft\\\/\"},{\"@type\":\"ListItem\",\"position\":6,\"name\":\"GREEN SMOOTHIE\"}]},{\"@type\":\"WebSite\",\"@id\":\"https:\\\/\\\/bien-etreiris.ch\\\/de\\\/#website\",\"url\":\"https:\\\/\\\/bien-etreiris.ch\\\/de\\\/\",\"name\":\"Bien-\u00eatre Iris\",\"description\":\"IHRE Gesundheit ist uns wichtig\",\"potentialAction\":[{\"@type\":\"SearchAction\",\"target\":{\"@type\":\"EntryPoint\",\"urlTemplate\":\"https:\\\/\\\/bien-etreiris.ch\\\/de\\\/?s={search_term_string}\"},\"query-input\":{\"@type\":\"PropertyValueSpecification\",\"valueRequired\":true,\"valueName\":\"search_term_string\"}}],\"inLanguage\":\"de\"}]}<\/script>\n<!-- \/ Yoast SEO plugin. -->","yoast_head_json":{"title":"GREEN SMOOTHIE - WOHLBEFINDEN","robots":{"index":"index","follow":"follow","max-snippet":"max-snippet:-1","max-image-preview":"max-image-preview:large","max-video-preview":"max-video-preview:-1"},"canonical":"https:\/\/bien-etreiris.ch\/de\/produktpraesentation\/natuerliche-heilmittel\/saeure-basen-haushalt\/wurzelkraft\/green-smoothie\/","og_locale":"de_DE","og_type":"article","og_title":"GREEN SMOOTHIE - WOHLBEFINDEN","og_description":"Green smoothie &nbsp; Ingr\u00e9dients pour 2 verres &nbsp; 1 banane m\u00fbre 1\/2 pomme 1\/2 avocat 20 g de noix du Br\u00e9sil 15 g de gingembre 50 g de jeunes \u00e9pinards 1 citron 200 \u2013 300 ml d\u2019eau 2 CC d\u2019AlcaVie &nbsp; &nbsp; Pr\u00e9paration \u00c9plucher le morceau de gingembre et presser le citron. Laver les \u00e9pinards. Couper une pomme et un&nbsp;Weiter lesen","og_url":"https:\/\/bien-etreiris.ch\/de\/produktpraesentation\/natuerliche-heilmittel\/saeure-basen-haushalt\/wurzelkraft\/green-smoothie\/","og_site_name":"WOHLBEFINDEN","article_publisher":"https:\/\/www.facebook.com\/bienetreiris\/","article_modified_time":"2023-01-05T08:34:03+00:00","og_image":[{"width":500,"height":341,"url":"https:\/\/bien-etreiris.ch\/wp-content\/uploads\/2023\/01\/Green-smoothie.jpg","type":"image\/jpeg"}],"twitter_misc":{"Gesch\u00e4tzte Lesezeit":"1\u00a0Minute"},"schema":{"@context":"https:\/\/schema.org","@graph":[{"@type":"WebPage","@id":"https:\/\/bien-etreiris.ch\/de\/produktpraesentation\/natuerliche-heilmittel\/saeure-basen-haushalt\/wurzelkraft\/green-smoothie\/","url":"https:\/\/bien-etreiris.ch\/de\/produktpraesentation\/natuerliche-heilmittel\/saeure-basen-haushalt\/wurzelkraft\/green-smoothie\/","name":"GREEN SMOOTHIE - WOHLBEFINDEN","isPartOf":{"@id":"https:\/\/bien-etreiris.ch\/de\/#website"},"primaryImageOfPage":{"@id":"https:\/\/bien-etreiris.ch\/de\/produktpraesentation\/natuerliche-heilmittel\/saeure-basen-haushalt\/wurzelkraft\/green-smoothie\/#primaryimage"},"image":{"@id":"https:\/\/bien-etreiris.ch\/de\/produktpraesentation\/natuerliche-heilmittel\/saeure-basen-haushalt\/wurzelkraft\/green-smoothie\/#primaryimage"},"thumbnailUrl":"https:\/\/bien-etreiris.ch\/wp-content\/uploads\/2023\/01\/Green-smoothie.jpg","datePublished":"2023-01-05T08:29:36+00:00","dateModified":"2023-01-05T08:34:03+00:00","breadcrumb":{"@id":"https:\/\/bien-etreiris.ch\/de\/produktpraesentation\/natuerliche-heilmittel\/saeure-basen-haushalt\/wurzelkraft\/green-smoothie\/#breadcrumb"},"inLanguage":"de","potentialAction":[{"@type":"ReadAction","target":["https:\/\/bien-etreiris.ch\/de\/produktpraesentation\/natuerliche-heilmittel\/saeure-basen-haushalt\/wurzelkraft\/green-smoothie\/"]}]},{"@type":"ImageObject","inLanguage":"de","@id":"https:\/\/bien-etreiris.ch\/de\/produktpraesentation\/natuerliche-heilmittel\/saeure-basen-haushalt\/wurzelkraft\/green-smoothie\/#primaryimage","url":"https:\/\/bien-etreiris.ch\/wp-content\/uploads\/2023\/01\/Green-smoothie.jpg","contentUrl":"https:\/\/bien-etreiris.ch\/wp-content\/uploads\/2023\/01\/Green-smoothie.jpg","width":500,"height":341},{"@type":"BreadcrumbList","@id":"https:\/\/bien-etreiris.ch\/de\/produktpraesentation\/natuerliche-heilmittel\/saeure-basen-haushalt\/wurzelkraft\/green-smoothie\/#breadcrumb","itemListElement":[{"@type":"ListItem","position":1,"name":"Home","item":"https:\/\/bien-etreiris.ch\/de\/"},{"@type":"ListItem","position":2,"name":"PRODUKTPR\u00c4SENTATION","item":"https:\/\/bien-etreiris.ch\/de\/produktpraesentation\/"},{"@type":"ListItem","position":3,"name":"NAT\u00dcRLICHE HEILMITTEL","item":"https:\/\/bien-etreiris.ch\/de\/produktpraesentation\/natuerliche-heilmittel\/"},{"@type":"ListItem","position":4,"name":"S\u00c4URE-BASEN-HAUSHALT","item":"https:\/\/bien-etreiris.ch\/de\/produktpraesentation\/natuerliche-heilmittel\/saeure-basen-haushalt\/"},{"@type":"ListItem","position":5,"name":"WURZELKRAFT","item":"https:\/\/bien-etreiris.ch\/de\/produktpraesentation\/natuerliche-heilmittel\/saeure-basen-haushalt\/wurzelkraft\/"},{"@type":"ListItem","position":6,"name":"GREEN SMOOTHIE"}]},{"@type":"WebSite","@id":"https:\/\/bien-etreiris.ch\/de\/#website","url":"https:\/\/bien-etreiris.ch\/de\/","name":"Bien-\u00eatre Iris","description":"IHRE Gesundheit ist uns wichtig","potentialAction":[{"@type":"SearchAction","target":{"@type":"EntryPoint","urlTemplate":"https:\/\/bien-etreiris.ch\/de\/?s={search_term_string}"},"query-input":{"@type":"PropertyValueSpecification","valueRequired":true,"valueName":"search_term_string"}}],"inLanguage":"de"}]}},"_links":{"self":[{"href":"https:\/\/bien-etreiris.ch\/de\/wp-json\/wp\/v2\/pages\/63635","targetHints":{"allow":["GET"]}}],"collection":[{"href":"https:\/\/bien-etreiris.ch\/de\/wp-json\/wp\/v2\/pages"}],"about":[{"href":"https:\/\/bien-etreiris.ch\/de\/wp-json\/wp\/v2\/types\/page"}],"author":[{"embeddable":true,"href":"https:\/\/bien-etreiris.ch\/de\/wp-json\/wp\/v2\/users\/1"}],"replies":[{"embeddable":true,"href":"https:\/\/bien-etreiris.ch\/de\/wp-json\/wp\/v2\/comments?post=63635"}],"version-history":[{"count":1,"href":"https:\/\/bien-etreiris.ch\/de\/wp-json\/wp\/v2\/pages\/63635\/revisions"}],"predecessor-version":[{"id":63637,"href":"https:\/\/bien-etreiris.ch\/de\/wp-json\/wp\/v2\/pages\/63635\/revisions\/63637"}],"up":[{"embeddable":true,"href":"https:\/\/bien-etreiris.ch\/de\/wp-json\/wp\/v2\/pages\/13815"}],"wp:featuredmedia":[{"embeddable":true,"href":"https:\/\/bien-etreiris.ch\/de\/wp-json\/wp\/v2\/media\/63632"}],"wp:attachment":[{"href":"https:\/\/bien-etreiris.ch\/de\/wp-json\/wp\/v2\/media?parent=63635"}],"curies":[{"name":"wp","href":"https:\/\/api.w.org\/{rel}","templated":true}]}}