{"id":63393,"date":"2023-01-04T09:38:42","date_gmt":"2023-01-04T07:38:42","guid":{"rendered":"https:\/\/bien-etreiris.ch\/produktpraesentation\/gesundes-leben\/gesunde-lebensmittel\/superfoods\/keimen\/keimsaaten\/brocoli\/"},"modified":"2023-01-05T14:06:10","modified_gmt":"2023-01-05T12:06:10","slug":"brokkolisprossen","status":"publish","type":"page","link":"https:\/\/bien-etreiris.ch\/de\/produktpraesentation\/gesundes-leben\/gesunde-lebensmittel\/superfoods\/keimen\/keimsaaten\/brokkolisprossen\/","title":{"rendered":"BROKKOLI"},"content":{"rendered":"\n<h2>Brokkolisprossen \u2013 das heimische und g\u00fcnstigste Superfood der Welt.<\/h2>\n<p><br>Gekeimte Brokkolisamen liefern nicht nur wichtige Vitamine und Mineralstoffe, sondern ihre Inhaltsstoffe besitzen eine antioxidative Wirkung, welche Krebserkrankungen pr\u00e4ventiv entgegenwirkt.<br>Statt 600 g Brokkoli, gen\u00fcgen schon 30 g der gr\u00fcnen Brokkolisprossen, um die gleiche Menge des wertvollen Sulforaphans aufzunehmen.<br>Das Keimen von Brokkolisamen sorgt f\u00fcr eine erhebliche Verbesserung der Verdaulichkeit und der besseren N\u00e4hrstoffaufnahme im Darm.<\/p>\n<p>&nbsp;<\/p>\n<p>&nbsp;<\/p>\n<h2>Warum soll ich Brokkolisprossen essen?<\/h2>\n<p>Brokkoli liefert dem K\u00f6rper nicht nur wichtige Mineralstoffe, wie Phosphor, Kalium, Eisen, Calcium, Natrium und Zink, sowie die essenziellen Vitamine B1, B2, B6 und E, sondern eignet sich mit nur 34 kcal auf 100 g auch hervorragend f\u00fcr figurbewusste Menschen.<\/p>\n<p>Du weisst: Brokkoli ist mein Gem\u00fcse und Brokkoli ist definitiv fester Bestandteil einer gesunden, vollwertigen pflanzlichen Ern\u00e4hrung.<\/p>\n<p>Doch es gibt noch etwas, was Brokkoli um L\u00e4ngen schl\u00e4gt und dass sind Brokkolismen gekeimt.&nbsp;<\/p>\n<p>Diese \u201cBrokkolisprossen\u201d, stehen ihrem gro\u00dfen Vertreter in Sachen N\u00e4hrstoffdichte in Nichts nach.<\/p>\n<p>Eine geringere Menge der gekeimten Brokkolisaaten, im Vergleich zum Brokkoligew\u00e4chs, gen\u00fcgt, um dieselben gesundheitlichen Benefits zu erzielen.<\/p>\n<p>Das Keimen von Brokkolisamen dauert lediglich 3 bis 6 Tage an, ist v\u00f6llig unkompliziert und die Gl\u00e4ser verbrauchen nur wenig Platz in der K\u00fcche oder auf dem Balkon.<\/p>\n<p>Maximale N\u00e4hrstoffdichte bei minimaler Anstrengung sozusagen.<\/p>\n<p>Au\u00dferdem l\u00e4sst sich so sicherstellen, dass Du die h\u00f6chste Qualit\u00e4t ohne Einsatz jeglicher Pestizide oder Zusatzstoffe erh\u00e4ltst.<\/p>\n<p>Des Weiteren liefern die kleinen Brokkolisprossen, im Vergleich zu herk\u00f6mmlichem Brokkoli, 20- bis 100-mal so viel Sulforaphan, welcher sich nachweislich positiv auf unsere Gesundheit auswirkt.<\/p>\n<p>&nbsp;<\/p>\n<p>&nbsp;<\/p>\n<h2>Wie gesund sind Brokkolisprossen?<\/h2>\n<p><a href=\"https:\/\/bien-etreiris.ch\/wp-content\/uploads\/2023\/01\/brocoli.jpg\"><img loading=\"lazy\" decoding=\"async\" class=\"size-full wp-image-63388 aligncenter\" src=\"https:\/\/bien-etreiris.ch\/wp-content\/uploads\/2023\/01\/brocoli.jpg\" alt=\"\" width=\"313\" height=\"177\" srcset=\"https:\/\/bien-etreiris.ch\/wp-content\/uploads\/2023\/01\/brocoli.jpg 313w, https:\/\/bien-etreiris.ch\/wp-content\/uploads\/2023\/01\/brocoli-300x170.jpg 300w\" sizes=\"auto, (max-width: 313px) 100vw, 313px\" \/><\/a><\/p>\n<h4>So unscheinbar diese kleinen Sprossen auch wirken m\u00f6gen, sie sind wahre Kraftpakete.<\/h4>\n<p>Hast Du schon mal von Sulforaphan geh\u00f6rt?<\/p>\n<p>Das Institut Heidelberg best\u00e4tigte die pr\u00e4ventive Wirksamkeit des Wirkstoffes bei der Behandlung von Krebserkrankungen. Er besitzt die F\u00e4higkeit, resistente Tumorzellen anzugreifen und wird deshalb mittlerweile erfolgreich in Verbindung mit Chemotherapien angewendet.<\/p>\n<p>Sulforaphan wirkt stark antioxidativ, hemmt Entz\u00fcndungen und bek\u00e4mpft freie Radikale, wodurch sich weitere Zellsch\u00e4den vermeiden lassen.<\/p>\n<p>Damit der Wirkstoff auch seine volle Kraft entfalten kann, sollten das Gem\u00fcse oder die Sprossen roh verzehrt werden.<\/p>\n<p>Eine zu starke Erhitzung oder das Blanchieren des Brokkolis h\u00e4tte die Zerst\u00f6rung des Enzyms Myrosinase, wodurch die Umwandlung des enthaltenen Glucoraphan zu Sulforaphan nicht stattfinden k\u00f6nnte, zur Folge.<br>DEMNACH GILT AUCH: FINGER WEG VON TIEFK\u00dcHL-BROKKOLI!!!<\/p>\n<p>Brokkoli sollte stets vor dem schonenden D\u00e4mpfen f\u00fcr wenige Minuten, klein geschnitten werden und f\u00fcr ca. 40 min ruhen.<\/p>\n<p>Expertenmeinungen zufolge besitzen Brokkolisprossen eine 20- bis 100-mal h\u00f6here Menge des wertvollen Wirkstoffes Sulforaphans, im Vergleich zu ausgewachsenem Brokkoli.<\/p>\n<p>Demnach l\u00e4sst sich mit nur 30 g Brokkolisprossen, anstatt 600 g Brokkoli, die gleiche Menge des Wirkstoffes erzielen.<\/p>\n<p>Dies macht die Integration in den stressigen Berufsalltag deutlich leichter und unkomplizierter. (Siehe Dir dazu sehr gerne diese Studie (1) zu Sulforaphan an).<\/p>\n<p>Das zus\u00e4tzliche Keimen der Sprossen sorgt f\u00fcr den Abbau sogenannter Antin\u00e4hrstoffe, wodurch diese bek\u00f6mmlicher sind und sich ihre Bioverf\u00fcgbarkeit stark verbessert.<\/p>\n<p>Kann man Brokkolisprossen roh essen?<br>brokkolisamen-essen<\/p>\n<p>Brokkolisprossen sollten sogar als Rohkost verzehrt werden. Sie enthalten dann noch die lebensnotwendigen Enzyme, die bei gro\u00dfer Erhitzung verloren gehen.&nbsp;<\/p>\n<p>Das Besondere der frischen Brokkolisprossen ist ihr Sulforaphangehalt. Sulphoraphan ist ein sekund\u00e4rer Pflanzenstoff und z\u00e4hlt zu den schwefelhaltigen Senf\u00f6lglycosiden, die besonders in Kohlsorten vertreten sind und deren positive Eigenschaften im menschlichen K\u00f6rper bekannt sind und durch etliche Studien belegt werden konnten. Die Senf\u00f6lglycoside sind sehr empfindlich und werden schnell beim Kochen zerst\u00f6rt.&nbsp;<\/p>\n<p>Sofern Du gekeimte Brokkolisamen kaufst, achte darauf, dass diese Rohkostqualit\u00e4t haben.<\/p>\n<h2><br>Wie lasse ich Brokkolisamen keimen?<\/h2>\n<h4>Blitzanleitung zum richtigen Brokkolisprossen ziehen:<\/h4>\n<ol>\n<li>Schnappe Dir ein Keimglas oder Keimsieb, oder ein einfaches Teesieb. Du kannst Dir auch ganz einfach selbst ein Keimglas bauen. Mit einfachsten Utensilien und in nur wenigen Minuten ist Dein Glas einsatzbereit<\/li>\n<li>Anschliessend musst Du das Keimglas nur noch mit Deinen Brokkolisamen bef\u00fcllen und diese \u00fcber Nacht (mindestens 8 h) in Wasser einweichen lassen<\/li>\n<li>Am n\u00e4chsten Morgen kannst Du das \u00fcbersch\u00fcssige Wasser abgiessen<\/li>\n<li>Ab jetzt gilt: Die Samen nach M\u00f6glichkeit 2-mal t\u00e4glich mit klarem, lauwarmem Wasser abzusp\u00fclen.<\/li>\n<\/ol>\n<h4>Zu beachten w\u00e4hrend des Keimens der Brokkolisamen:<\/h4>\n<ul style=\"list-style-type: disc;\">\n<li>Die Brokkolisamen ben\u00f6tigen Dunkelheit, um optimal keimen zu k\u00f6nnen<\/li>\n<li>Sie ben\u00f6tigen des Weiteren ausreichend Wasser und Feuchtigkeit, sollten jedoch nicht vor Wasser triefen<\/li>\n<li>Die optimale Temperatur liegt bei 25 Grad Celsius<\/li>\n<li>Verzehrfertig sind die kleinen Brokkolisprossen nach nur 3 bis 5 Tagen.<\/li>\n<\/ul>\n<h2>Wie viele Brokkolisprossen sollte ich konsumieren?<\/h2>\n<h4>Wie \u00fcberall, gilt auch hier: Alles in Ma\u00dfen.<\/h4>\n<p>Um von den wertvollen Inhaltsstoffen zu profitieren, reichen schon 0,36 mg pro Kilogramm K\u00f6rpergewicht. Demnach k\u00f6nntest Du 5-mal in der Woche jeweils 5 g bedenkenlos konsumieren. Ich esse auch gerne mal locker 30 \u2013 50&nbsp;g. Gerade, wenn ich kein Omega-3 Supplement zu mir nehme, denn die gekeimten Brokkolikerne enthalten viele wertvolle Fetts\u00e4uren wie:<\/p>\n<ul style=\"list-style-type: disc;\">\n<li>Alpha-Linolens\u00e4ure<\/li>\n<li>Arachins\u00e4ure<\/li>\n<li>Behens\u00e4ure<\/li>\n<li>Eicosatetraens\u00e4ure<\/li>\n<li>Eicosadiens\u00e4ure<\/li>\n<li>Eicosens\u00e4ure<\/li>\n<li>Erucas\u00e4ure<\/li>\n<li>Heptadecans\u00e4ure<\/li>\n<li>Laurins\u00e4ure<\/li>\n<li>Lignocerins\u00e4ure<\/li>\n<li>Linols\u00e4ure<\/li>\n<li>Margarins\u00e4ure<\/li>\n<li>Myristoleins\u00e4ure<\/li>\n<li>Myristins\u00e4ure<\/li>\n<li>Nervons\u00e4ure<\/li>\n<li>Octadecatetraens\u00e4ure<\/li>\n<li>Palmitoleins\u00e4ure<\/li>\n<li>Palmitins\u00e4ure<\/li>\n<li>Stearins\u00e4ure<\/li>\n<\/ul>\n<p>&nbsp;<\/p>\n<p>&nbsp;<\/p>\n","protected":false},"excerpt":{"rendered":"<p>Brokkolisprossen \u2013 das heimische und g\u00fcnstigste Superfood der Welt. Gekeimte Brokkolisamen liefern nicht nur wichtige Vitamine und Mineralstoffe, sondern ihre Inhaltsstoffe besitzen eine antioxidative Wirkung, welche Krebserkrankungen pr\u00e4ventiv entgegenwirkt.Statt 600 g Brokkoli, gen\u00fcgen schon 30 g der gr\u00fcnen Brokkolisprossen, um die gleiche Menge des wertvollen Sulforaphans aufzunehmen.Das Keimen von Brokkolisamen sorgt f\u00fcr eine erhebliche Verbesserung der Verdaulichkeit und der besseren&nbsp;<a href=\"https:\/\/bien-etreiris.ch\/de\/produktpraesentation\/gesundes-leben\/gesunde-lebensmittel\/superfoods\/keimen\/keimsaaten\/brokkolisprossen\/\" class=\"read-more\">Weiter lesen<\/a><\/p>\n","protected":false},"author":1,"featured_media":63688,"parent":34173,"menu_order":4207,"comment_status":"closed","ping_status":"closed","template":"page-with-child.php","meta":{"_acf_changed":false,"ngg_post_thumbnail":0,"footnotes":""},"class_list":["post-63393","page","type-page","status-publish","has-post-thumbnail","hentry"],"acf":[],"yoast_head":"<!-- This site is optimized with the Yoast SEO plugin v27.4 - https:\/\/yoast.com\/product\/yoast-seo-wordpress\/ -->\n<title>BROKKOLI - WOHLBEFINDEN<\/title>\n<meta name=\"robots\" content=\"index, follow, max-snippet:-1, max-image-preview:large, max-video-preview:-1\" \/>\n<link rel=\"canonical\" href=\"https:\/\/bien-etreiris.ch\/de\/produktpraesentation\/gesundes-leben\/gesunde-lebensmittel\/superfoods\/keimen\/keimsaaten\/brokkolisprossen\/\" \/>\n<meta property=\"og:locale\" content=\"de_DE\" \/>\n<meta property=\"og:type\" content=\"article\" \/>\n<meta property=\"og:title\" content=\"BROKKOLI - WOHLBEFINDEN\" \/>\n<meta property=\"og:description\" content=\"Brokkolisprossen \u2013 das heimische und g\u00fcnstigste Superfood der Welt. Gekeimte Brokkolisamen liefern nicht nur wichtige Vitamine und Mineralstoffe, sondern ihre Inhaltsstoffe besitzen eine antioxidative Wirkung, welche Krebserkrankungen pr\u00e4ventiv entgegenwirkt.Statt 600 g Brokkoli, gen\u00fcgen schon 30 g der gr\u00fcnen Brokkolisprossen, um die gleiche Menge des wertvollen Sulforaphans aufzunehmen.Das Keimen von Brokkolisamen sorgt f\u00fcr eine erhebliche Verbesserung der Verdaulichkeit und der besseren&nbsp;Weiter lesen\" \/>\n<meta property=\"og:url\" content=\"https:\/\/bien-etreiris.ch\/de\/produktpraesentation\/gesundes-leben\/gesunde-lebensmittel\/superfoods\/keimen\/keimsaaten\/brokkolisprossen\/\" \/>\n<meta property=\"og:site_name\" content=\"WOHLBEFINDEN\" \/>\n<meta property=\"article:publisher\" content=\"https:\/\/www.facebook.com\/bienetreiris\/\" \/>\n<meta property=\"article:modified_time\" content=\"2023-01-05T12:06:10+00:00\" \/>\n<meta property=\"og:image\" content=\"https:\/\/bien-etreiris.ch\/wp-content\/uploads\/2023\/01\/acceuil-broccoli-2-1.jpg\" \/>\n\t<meta property=\"og:image:width\" content=\"500\" \/>\n\t<meta property=\"og:image:height\" content=\"334\" \/>\n\t<meta property=\"og:image:type\" content=\"image\/jpeg\" \/>\n<meta name=\"twitter:label1\" content=\"Gesch\u00e4tzte Lesezeit\" \/>\n\t<meta name=\"twitter:data1\" content=\"5\u00a0Minuten\" \/>\n<script type=\"application\/ld+json\" class=\"yoast-schema-graph\">{\"@context\":\"https:\\\/\\\/schema.org\",\"@graph\":[{\"@type\":\"WebPage\",\"@id\":\"https:\\\/\\\/bien-etreiris.ch\\\/de\\\/produktpraesentation\\\/gesundes-leben\\\/gesunde-lebensmittel\\\/superfoods\\\/keimen\\\/keimsaaten\\\/brokkolisprossen\\\/\",\"url\":\"https:\\\/\\\/bien-etreiris.ch\\\/de\\\/produktpraesentation\\\/gesundes-leben\\\/gesunde-lebensmittel\\\/superfoods\\\/keimen\\\/keimsaaten\\\/brokkolisprossen\\\/\",\"name\":\"BROKKOLI - WOHLBEFINDEN\",\"isPartOf\":{\"@id\":\"https:\\\/\\\/bien-etreiris.ch\\\/de\\\/#website\"},\"primaryImageOfPage\":{\"@id\":\"https:\\\/\\\/bien-etreiris.ch\\\/de\\\/produktpraesentation\\\/gesundes-leben\\\/gesunde-lebensmittel\\\/superfoods\\\/keimen\\\/keimsaaten\\\/brokkolisprossen\\\/#primaryimage\"},\"image\":{\"@id\":\"https:\\\/\\\/bien-etreiris.ch\\\/de\\\/produktpraesentation\\\/gesundes-leben\\\/gesunde-lebensmittel\\\/superfoods\\\/keimen\\\/keimsaaten\\\/brokkolisprossen\\\/#primaryimage\"},\"thumbnailUrl\":\"https:\\\/\\\/bien-etreiris.ch\\\/wp-content\\\/uploads\\\/2023\\\/01\\\/acceuil-broccoli-2-1.jpg\",\"datePublished\":\"2023-01-04T07:38:42+00:00\",\"dateModified\":\"2023-01-05T12:06:10+00:00\",\"breadcrumb\":{\"@id\":\"https:\\\/\\\/bien-etreiris.ch\\\/de\\\/produktpraesentation\\\/gesundes-leben\\\/gesunde-lebensmittel\\\/superfoods\\\/keimen\\\/keimsaaten\\\/brokkolisprossen\\\/#breadcrumb\"},\"inLanguage\":\"de\",\"potentialAction\":[{\"@type\":\"ReadAction\",\"target\":[\"https:\\\/\\\/bien-etreiris.ch\\\/de\\\/produktpraesentation\\\/gesundes-leben\\\/gesunde-lebensmittel\\\/superfoods\\\/keimen\\\/keimsaaten\\\/brokkolisprossen\\\/\"]}]},{\"@type\":\"ImageObject\",\"inLanguage\":\"de\",\"@id\":\"https:\\\/\\\/bien-etreiris.ch\\\/de\\\/produktpraesentation\\\/gesundes-leben\\\/gesunde-lebensmittel\\\/superfoods\\\/keimen\\\/keimsaaten\\\/brokkolisprossen\\\/#primaryimage\",\"url\":\"https:\\\/\\\/bien-etreiris.ch\\\/wp-content\\\/uploads\\\/2023\\\/01\\\/acceuil-broccoli-2-1.jpg\",\"contentUrl\":\"https:\\\/\\\/bien-etreiris.ch\\\/wp-content\\\/uploads\\\/2023\\\/01\\\/acceuil-broccoli-2-1.jpg\",\"width\":500,\"height\":334},{\"@type\":\"BreadcrumbList\",\"@id\":\"https:\\\/\\\/bien-etreiris.ch\\\/de\\\/produktpraesentation\\\/gesundes-leben\\\/gesunde-lebensmittel\\\/superfoods\\\/keimen\\\/keimsaaten\\\/brokkolisprossen\\\/#breadcrumb\",\"itemListElement\":[{\"@type\":\"ListItem\",\"position\":1,\"name\":\"Home\",\"item\":\"https:\\\/\\\/bien-etreiris.ch\\\/de\\\/\"},{\"@type\":\"ListItem\",\"position\":2,\"name\":\"PRODUKTPR\u00c4SENTATION\",\"item\":\"https:\\\/\\\/bien-etreiris.ch\\\/de\\\/produktpraesentation\\\/\"},{\"@type\":\"ListItem\",\"position\":3,\"name\":\"GESUNDES LEBEN\",\"item\":\"https:\\\/\\\/bien-etreiris.ch\\\/de\\\/produktpraesentation\\\/gesundes-leben\\\/\"},{\"@type\":\"ListItem\",\"position\":4,\"name\":\"GESUNDE LEBENSMITTEL\",\"item\":\"https:\\\/\\\/bien-etreiris.ch\\\/de\\\/produktpraesentation\\\/gesundes-leben\\\/gesunde-lebensmittel\\\/\"},{\"@type\":\"ListItem\",\"position\":5,\"name\":\"SUPERFOODS\",\"item\":\"https:\\\/\\\/bien-etreiris.ch\\\/de\\\/produktpraesentation\\\/gesundes-leben\\\/gesunde-lebensmittel\\\/superfoods\\\/\"},{\"@type\":\"ListItem\",\"position\":6,\"name\":\"KEIMEN\",\"item\":\"https:\\\/\\\/bien-etreiris.ch\\\/de\\\/produktpraesentation\\\/gesundes-leben\\\/gesunde-lebensmittel\\\/superfoods\\\/keimen\\\/\"},{\"@type\":\"ListItem\",\"position\":7,\"name\":\"KEIMSAATEN\",\"item\":\"https:\\\/\\\/bien-etreiris.ch\\\/de\\\/produktpraesentation\\\/gesundes-leben\\\/gesunde-lebensmittel\\\/superfoods\\\/keimen\\\/keimsaaten\\\/\"},{\"@type\":\"ListItem\",\"position\":8,\"name\":\"BROKKOLI\"}]},{\"@type\":\"WebSite\",\"@id\":\"https:\\\/\\\/bien-etreiris.ch\\\/de\\\/#website\",\"url\":\"https:\\\/\\\/bien-etreiris.ch\\\/de\\\/\",\"name\":\"Bien-\u00eatre Iris\",\"description\":\"IHRE Gesundheit ist uns wichtig\",\"potentialAction\":[{\"@type\":\"SearchAction\",\"target\":{\"@type\":\"EntryPoint\",\"urlTemplate\":\"https:\\\/\\\/bien-etreiris.ch\\\/de\\\/?s={search_term_string}\"},\"query-input\":{\"@type\":\"PropertyValueSpecification\",\"valueRequired\":true,\"valueName\":\"search_term_string\"}}],\"inLanguage\":\"de\"}]}<\/script>\n<!-- \/ Yoast SEO plugin. -->","yoast_head_json":{"title":"BROKKOLI - WOHLBEFINDEN","robots":{"index":"index","follow":"follow","max-snippet":"max-snippet:-1","max-image-preview":"max-image-preview:large","max-video-preview":"max-video-preview:-1"},"canonical":"https:\/\/bien-etreiris.ch\/de\/produktpraesentation\/gesundes-leben\/gesunde-lebensmittel\/superfoods\/keimen\/keimsaaten\/brokkolisprossen\/","og_locale":"de_DE","og_type":"article","og_title":"BROKKOLI - WOHLBEFINDEN","og_description":"Brokkolisprossen \u2013 das heimische und g\u00fcnstigste Superfood der Welt. Gekeimte Brokkolisamen liefern nicht nur wichtige Vitamine und Mineralstoffe, sondern ihre Inhaltsstoffe besitzen eine antioxidative Wirkung, welche Krebserkrankungen pr\u00e4ventiv entgegenwirkt.Statt 600 g Brokkoli, gen\u00fcgen schon 30 g der gr\u00fcnen Brokkolisprossen, um die gleiche Menge des wertvollen Sulforaphans aufzunehmen.Das Keimen von Brokkolisamen sorgt f\u00fcr eine erhebliche Verbesserung der Verdaulichkeit und der besseren&nbsp;Weiter lesen","og_url":"https:\/\/bien-etreiris.ch\/de\/produktpraesentation\/gesundes-leben\/gesunde-lebensmittel\/superfoods\/keimen\/keimsaaten\/brokkolisprossen\/","og_site_name":"WOHLBEFINDEN","article_publisher":"https:\/\/www.facebook.com\/bienetreiris\/","article_modified_time":"2023-01-05T12:06:10+00:00","og_image":[{"width":500,"height":334,"url":"https:\/\/bien-etreiris.ch\/wp-content\/uploads\/2023\/01\/acceuil-broccoli-2-1.jpg","type":"image\/jpeg"}],"twitter_misc":{"Gesch\u00e4tzte Lesezeit":"5\u00a0Minuten"},"schema":{"@context":"https:\/\/schema.org","@graph":[{"@type":"WebPage","@id":"https:\/\/bien-etreiris.ch\/de\/produktpraesentation\/gesundes-leben\/gesunde-lebensmittel\/superfoods\/keimen\/keimsaaten\/brokkolisprossen\/","url":"https:\/\/bien-etreiris.ch\/de\/produktpraesentation\/gesundes-leben\/gesunde-lebensmittel\/superfoods\/keimen\/keimsaaten\/brokkolisprossen\/","name":"BROKKOLI - WOHLBEFINDEN","isPartOf":{"@id":"https:\/\/bien-etreiris.ch\/de\/#website"},"primaryImageOfPage":{"@id":"https:\/\/bien-etreiris.ch\/de\/produktpraesentation\/gesundes-leben\/gesunde-lebensmittel\/superfoods\/keimen\/keimsaaten\/brokkolisprossen\/#primaryimage"},"image":{"@id":"https:\/\/bien-etreiris.ch\/de\/produktpraesentation\/gesundes-leben\/gesunde-lebensmittel\/superfoods\/keimen\/keimsaaten\/brokkolisprossen\/#primaryimage"},"thumbnailUrl":"https:\/\/bien-etreiris.ch\/wp-content\/uploads\/2023\/01\/acceuil-broccoli-2-1.jpg","datePublished":"2023-01-04T07:38:42+00:00","dateModified":"2023-01-05T12:06:10+00:00","breadcrumb":{"@id":"https:\/\/bien-etreiris.ch\/de\/produktpraesentation\/gesundes-leben\/gesunde-lebensmittel\/superfoods\/keimen\/keimsaaten\/brokkolisprossen\/#breadcrumb"},"inLanguage":"de","potentialAction":[{"@type":"ReadAction","target":["https:\/\/bien-etreiris.ch\/de\/produktpraesentation\/gesundes-leben\/gesunde-lebensmittel\/superfoods\/keimen\/keimsaaten\/brokkolisprossen\/"]}]},{"@type":"ImageObject","inLanguage":"de","@id":"https:\/\/bien-etreiris.ch\/de\/produktpraesentation\/gesundes-leben\/gesunde-lebensmittel\/superfoods\/keimen\/keimsaaten\/brokkolisprossen\/#primaryimage","url":"https:\/\/bien-etreiris.ch\/wp-content\/uploads\/2023\/01\/acceuil-broccoli-2-1.jpg","contentUrl":"https:\/\/bien-etreiris.ch\/wp-content\/uploads\/2023\/01\/acceuil-broccoli-2-1.jpg","width":500,"height":334},{"@type":"BreadcrumbList","@id":"https:\/\/bien-etreiris.ch\/de\/produktpraesentation\/gesundes-leben\/gesunde-lebensmittel\/superfoods\/keimen\/keimsaaten\/brokkolisprossen\/#breadcrumb","itemListElement":[{"@type":"ListItem","position":1,"name":"Home","item":"https:\/\/bien-etreiris.ch\/de\/"},{"@type":"ListItem","position":2,"name":"PRODUKTPR\u00c4SENTATION","item":"https:\/\/bien-etreiris.ch\/de\/produktpraesentation\/"},{"@type":"ListItem","position":3,"name":"GESUNDES LEBEN","item":"https:\/\/bien-etreiris.ch\/de\/produktpraesentation\/gesundes-leben\/"},{"@type":"ListItem","position":4,"name":"GESUNDE LEBENSMITTEL","item":"https:\/\/bien-etreiris.ch\/de\/produktpraesentation\/gesundes-leben\/gesunde-lebensmittel\/"},{"@type":"ListItem","position":5,"name":"SUPERFOODS","item":"https:\/\/bien-etreiris.ch\/de\/produktpraesentation\/gesundes-leben\/gesunde-lebensmittel\/superfoods\/"},{"@type":"ListItem","position":6,"name":"KEIMEN","item":"https:\/\/bien-etreiris.ch\/de\/produktpraesentation\/gesundes-leben\/gesunde-lebensmittel\/superfoods\/keimen\/"},{"@type":"ListItem","position":7,"name":"KEIMSAATEN","item":"https:\/\/bien-etreiris.ch\/de\/produktpraesentation\/gesundes-leben\/gesunde-lebensmittel\/superfoods\/keimen\/keimsaaten\/"},{"@type":"ListItem","position":8,"name":"BROKKOLI"}]},{"@type":"WebSite","@id":"https:\/\/bien-etreiris.ch\/de\/#website","url":"https:\/\/bien-etreiris.ch\/de\/","name":"Bien-\u00eatre Iris","description":"IHRE Gesundheit ist uns wichtig","potentialAction":[{"@type":"SearchAction","target":{"@type":"EntryPoint","urlTemplate":"https:\/\/bien-etreiris.ch\/de\/?s={search_term_string}"},"query-input":{"@type":"PropertyValueSpecification","valueRequired":true,"valueName":"search_term_string"}}],"inLanguage":"de"}]}},"_links":{"self":[{"href":"https:\/\/bien-etreiris.ch\/de\/wp-json\/wp\/v2\/pages\/63393","targetHints":{"allow":["GET"]}}],"collection":[{"href":"https:\/\/bien-etreiris.ch\/de\/wp-json\/wp\/v2\/pages"}],"about":[{"href":"https:\/\/bien-etreiris.ch\/de\/wp-json\/wp\/v2\/types\/page"}],"author":[{"embeddable":true,"href":"https:\/\/bien-etreiris.ch\/de\/wp-json\/wp\/v2\/users\/1"}],"replies":[{"embeddable":true,"href":"https:\/\/bien-etreiris.ch\/de\/wp-json\/wp\/v2\/comments?post=63393"}],"version-history":[{"count":2,"href":"https:\/\/bien-etreiris.ch\/de\/wp-json\/wp\/v2\/pages\/63393\/revisions"}],"predecessor-version":[{"id":63398,"href":"https:\/\/bien-etreiris.ch\/de\/wp-json\/wp\/v2\/pages\/63393\/revisions\/63398"}],"up":[{"embeddable":true,"href":"https:\/\/bien-etreiris.ch\/de\/wp-json\/wp\/v2\/pages\/34173"}],"wp:featuredmedia":[{"embeddable":true,"href":"https:\/\/bien-etreiris.ch\/de\/wp-json\/wp\/v2\/media\/63688"}],"wp:attachment":[{"href":"https:\/\/bien-etreiris.ch\/de\/wp-json\/wp\/v2\/media?parent=63393"}],"curies":[{"name":"wp","href":"https:\/\/api.w.org\/{rel}","templated":true}]}}